{"id":7362,"date":"2021-06-28T07:05:57","date_gmt":"2021-06-28T07:05:57","guid":{"rendered":"https:\/\/tajkertesz.com\/?post_type=product&#038;p=7362"},"modified":"2026-02-17T15:11:24","modified_gmt":"2026-02-17T15:11:24","slug":"get-off-macska-es-kutya-elszoktato-zsele-460-g","status":"publish","type":"product","link":"https:\/\/tajkertesz.com\/en_US\/product\/get-off-macska-es-kutya-elszoktato-zsele-460-g\/","title":{"rendered":"Get Off macska- \u00e9s kutya elszoktat\u00f3 zsel\u00e9 460 g"},"content":{"rendered":"<div class=\"artdet__name-rating d-none d-lg-block\">\n<div class=\"row gutters-5\">\n<div class=\"col\">\n<div class=\"artdet__name-pagination-wrap d-flex\">\n<div class=\"top product-page-top\">\n<div class=\"center product-page-center\">\n<div class=\"artdet__name-pagination-wrap d-flex\">\n<div class=\"summary entry-summary\">\n<div class=\"elementor-column elementor-col-50 elementor-inner-column elementor-element elementor-element-072daa9\" data-id=\"072daa9\" data-element_type=\"column\">\n<div class=\"elementor-widget-wrap elementor-element-populated\">\n<div class=\"elementor-element elementor-element-54ae97b elementor-widget__width-auto elementor-widget elementor-widget-jet-single-title\" data-id=\"54ae97b\" data-element_type=\"widget\" data-widget_type=\"jet-single-title.default\">\n<div class=\"elementor-widget-container\">\n<div class=\"elementor-jet-single-title jet-woo-builder\">\n<div class=\"top product-page-top\">\n<div class=\"center product-page-center\">\n<h1 class=\"product-details-tile__title\">Get Off macska- \u00e9s kutya elszoktat\u00f3 zsel\u00e9 460 g<\/h1>\n<p class=\"product-details-tile__title\">Get Off macska- \u00e9s kutya elszoktat\u00f3 zsel\u00e9 460 g,A Get Off\u00ae Macska- \u00e9s kutya elszoktat\u00f3 zsel\u00e9 kuty\u00e1k \u00e9s macsk\u00e1k elszoktat\u00e1s\u00e1ra alkalmas. K\u00fclt\u00e9ren alkalmazhat\u00f3. A term\u00e9kb\u0151l felszabadul\u00f3 illatanyag megzavarja az \u00e1llatok szagl\u00e1s\u00e1t, ami \u00e1ltal a kezelt ter\u00fcletet id\u0151vel elker\u00fclik.<\/p>\n<div class=\"groupItem\">\n<h3>\u00d6sszetev\u0151k<\/h3>\n<div class=\"longTextItems\">\n<p>Methyl nonyl ketone 1-2,5%, Citronellol &lt;0,9%, Geraniol \u22640,5%<\/p>\n<\/div>\n<\/div>\n<div class=\"groupItem\">\n<div class=\"memo\">\n<h4 class=\"itemHeader\">Elk\u00e9sz\u00edt\u00e9s \u00e9s felhaszn\u00e1l\u00e1s<\/h4>\n<p>Adagol\u00e1s, alkalmaz\u00e1s, hat\u00e1startam:<br \/>\nHat\u00e9konys\u00e1g\u00e1t minden id\u0151j\u00e1r\u00e1si k\u00f6r\u00fclm\u00e9nyek k\u00f6z\u00f6tt kifejti. T\u00e1vol\u00edtson el minden kor\u00e1bbi jel\u00f6l\u00e9st, \u00e9s \u00f6nt\u00f6z\u0151cs\u0151vel mossa le a ter\u00fcletet. Nyissa fel a kupakot \u00e9s lyukassza \u00e1t a v\u00e9d\u0151f\u00f3li\u00e1t n\u00e9h\u00e1ny helyen. Sz\u00f3rja el a talajon a zsel\u00e9krist\u00e1lyokat. A krist\u00e1lyok ne ker\u00fcljenek k\u00f6zvetlen \u00e9rintkez\u00e9sbe l\u00e1gysz\u00e1r\u00fa n\u00f6v\u00e9nyekkel, levelekkel \u00e9s f\u0171vel, mert elsz\u00ednezhetik azokat. Halastavakt\u00f3l tartsa t\u00e1vol. Frissen fel\u00e1sott talajhoz elegend\u0151 lehet egyetlen alkalmaz\u00e1s, m\u00edg a kor\u00e1bban megjel\u00f6lt ter\u00fcleteken t\u00f6bbsz\u00f6ri alkalmaz\u00e1s (2-3 naponta) v\u00e1lhat sz\u00fcks\u00e9gess\u00e9.<br \/>\nAdagol\u00e1s:<br \/>\n10 g\/m\u00b2. A 460 g-os kiszerel\u00e9s 48 m\u00b2-nyi ter\u00fclet kezel\u00e9s\u00e9re elegend\u0151. K\u00fclt\u00e9ri alkalmaz\u00e1sra.<\/p>\n<\/div>\n<div class=\"memo\">\n<h4 class=\"itemHeader\">T\u00e1rol\u00e1s<\/h4>\n<p>Eltarthat\u00f3s\u00e1g \u00e9s t\u00e1rol\u00e1s: Az eredeti csomagol\u00e1sban, szorosan lez\u00e1rva, j\u00f3l szell\u0151z\u0151 helyen 20\u00b0C alatt 5 \u00e9vig eltarthat\u00f3. Magas h\u0151m\u00e9rs\u00e9klett\u0151l \u00e9s fagyt\u00f3l v\u00e9dve tartand\u00f3.<br \/>\nGy\u00e1rt\u00e1si id\u0151: l\u00e1sd csomagol\u00e1son, els\u0151 2 sz\u00e1mjegy gy\u00e1rt\u00e1s \u00e9ve, 3-5 sz\u00e1mjegy gy\u00e1rt\u00e1s napja az adott \u00e9vben.<br \/>\nSzavatoss\u00e1gi id\u0151: gy\u00e1rt\u00e1st\u00f3l sz\u00e1m\u00edtott 5 \u00e9v<\/p>\n<\/div>\n<\/div>\n<p>&nbsp;<\/p>\n<div class=\"groupItem\">\n<div class=\"memo\"><\/div>\n<\/div>\n<div class=\"groupItem\">\n<div class=\"memo\">\n<p>&nbsp;<\/p>\n<\/div>\n<\/div>\n<p>&nbsp;<\/p>\n<p class=\"product-page-heading\">\n<\/div>\n<div class=\"center product-page-center\">\n<div class=\"product-title-addittional\">\n<section class=\"article__content\"><span style=\"color: #ffffff;\">Teraszon \u00e9s utakon alkalmazhat\u00f3 hangyairt\u00f3, haszn\u00e1lhat\u00f3 \u00f6nt\u00f6z\u0151szerk\u00e9nt, vagy kisz\u00f3rva. A hangy\u00e1k a bolyban pusztulnak el miut\u00e1n felvett\u00e9k a hat\u00f3anyagot, a boly k\u00f6zel\u00e9ben kell kisz\u00f3rni\/\u00f6nt\u00f6zni. Hat\u00f3anyag: cipermetrin. Kiszerel\u00e9s: 100 g-os \u00e9s 500g-os dob<\/span><span style=\"color: #ffffff;\">Teraszon \u00e9s utakon alkalmazhat\u00f3 hangyairt\u00f3, haszn\u00e1lhat\u00f3 \u00f6nt\u00f6z\u0151szerk\u00e9nt, vagy kisz\u00f3rva. A hangy\u00e1k a bolyban pusztulnak el miut\u00e1n felvett\u00e9k a hat\u00f3anyagot, a boly k\u00f6zel\u00e9ben kell kisz\u00f3rni\/\u00f6nt\u00f6zni. Hat\u00f3anyag: cipermetrin. Kiszerel\u00e9s: 100 g-os \u00e9s 500g-os dobozban.ozban.<\/span><\/section>\n<\/div>\n<\/div>\n<\/div>\n<\/div>\n<\/div>\n<\/div>\n<\/div>\n<\/div>\n<\/div>\n<\/div>\n<\/div>\n<\/div>\n<\/div>\n<\/div>\n<\/div>\n<\/div>\n<p><a href=\"https:\/\/www.facebook.com\/tajkertesz\">https:\/\/www.facebook.com\/tajkertesz<\/a><\/p>\n<p><a href=\"https:\/\/tajkertesz.com\/\">https:\/\/tajkertesz.com\/<\/a><\/p>\n<p>&nbsp;<\/p>\n<p><a href=\"https:\/\/tajkertesz.com\/wp-content\/uploads\/2021\/06\/V-Get-Off-kuty-macs-ria.elszok.zold-2016.02.24..pdf\">V Get Off kuty-macs ria.elszok.(z\u00f6ld) 2016.02.24.<\/a><\/p>\n<p>&nbsp;<\/p>\n<p><span style=\"color: #ffffff;\">A\u00a0<b>rovarriaszt\u00f3, repellens:<\/b><\/span><\/p>\n<p><span style=\"color: #ffffff;\">(<i>latin:<\/i>\u00a0elriaszt\u00f3, t\u00e1vol tart\u00f3, pl.: rovart<sup id=\"cite_ref-1\" class=\"reference\"><\/sup>) olyan anyag,\u00a0 fizikai elj\u00e1r\u00e1s, amely elriasztja, t\u00e1vol tartja a rovarokat az ember b\u0151r\u00e9t\u0151l, ruh\u00e1zat\u00e1t\u00f3l, lak\u00f3hely\u00e9t\u0151l vagy az \u00e1llatok k\u00fcltakar\u00f3j\u00e1t\u00f3l, k\u00f6rnyezet\u00e9t\u0151l, \u00e9l\u0151hely\u00e9t\u0151l. <sup id=\"cite_ref-2\" class=\"reference\"><\/sup>Repellens hat\u00e1s alatt bizonyos hat\u00f3anyagok kullancsokra \u00e9s rovarokra kifejtett t\u00e1vol tart\u00f3 hat\u00e1s\u00e1t \u00e9rtj\u00fck, ami megakad\u00e1lyozza a parazit\u00e1k megtapad\u00e1s\u00e1t, sz\u00far\u00e1s\u00e1t vagy v\u00e9rsz\u00edv\u00e1s\u00e1t a kezelt emberen, \u00e1llaton. Fert\u0151z\u00f6tt rovarok cs\u00edp\u00e9se betegs\u00e9g terjed\u00e9s\u00e9nek forr\u00e1sa lehet.<sup id=\"cite_ref-3\" class=\"reference\"><\/sup><\/span><\/p>\n<p><span style=\"color: #ffffff;\">Elengedhetetlen fontoss\u00e1g\u00fa annak ismerete, hogy melyik\u00a0<i>rovarriaszt\u00f3<\/i>\u00a0term\u00e9kek kisz\u00e1m\u00edthat\u00f3k \u00e9s tart\u00f3s v\u00e9delmet ny\u00fajtanak. K\u00f6zel 100%-os v\u00e9delem \u00e9rhet\u0151 el, ha hosszabb hat\u00e1startam\u00fa rovar\u0171z\u0151 szereket c\u00e9lszer\u0171 haszn\u00e1lunk, kombin\u00e1lva\u00a0<i>permetrinnel<\/i> kezelt ruh\u00e1zattal. Ugyanolyan szem\u00e9lyi v\u00e9delmi int\u00e9zked\u00e9seket kell foganatos\u00edtani kullancsok \u00e9s cs\u00edp\u0151s rovarok, legyek eset\u00e9ben, mint a sz\u00fanyogokn\u00e1l, mert ezek az \u00e9l\u0151sk\u00f6d\u0151k is tov\u00e1bb\u00edtja a Lyme-k\u00f3rt, kullancsencephalitist, visszat\u00e9r\u0151 l\u00e1zt, t\u00edfuszt, leishmaniasist, onchocerciasist, trypanosomiasist, \u00e9s sz\u00e1mos m\u00e1s tr\u00f3pusi \u00e9s fert\u0151z\u0151 betegs\u00e9geket.<\/span><\/p>\n<p><span style=\"color: #ffffff;\">A\u00a0<b>permetrin:<\/b><\/span><\/p>\n<p><span style=\"color: #ffffff;\">a piretroidok k\u00f6z\u00e9 tartoz\u00f3 rovar- \u00e9s atkairt\u00f3 hat\u00f3anyag, amelyet tet\u0171- \u00e9s bolhairt\u00f3k\u00e9nt a hum\u00e1n- \u00e9s \u00e1llatgy\u00f3gy\u00e1szatban, biocidk\u00e9nt pedig \u00e1ltal\u00e1nos rovarirt\u00f3szerekben alkalmaznak. K\u00f6rnyezetk\u00e1ros\u00edt\u00f3 hat\u00e1sa miatt 2003 \u00f3ta az Eur\u00f3pai Uni\u00f3ban nem haszn\u00e1lhat\u00f3 n\u00f6v\u00e9nyv\u00e9d\u0151szerk\u00e9nt. Az \u0151szi margitvir\u00e1gban tal\u00e1lhat\u00f3 term\u00e9szetes rovar\u00f6l\u0151 anyag alapj\u00e1n fejlesztett\u00e9k ki, majd kezdt\u00e9k el ipari gy\u00e1rt\u00e1s\u00e1t.<\/span><\/p>\n<p><b>K\u00e9szlet\u00fcnk napi szinten v\u00e1ltozik, ez\u00e9rt k\u00e9rj\u00fck, \u00e9rdekl\u0151dj\u00f6n szem\u00e9lyesen, telefonon vagy email-en.<br \/>\nA v\u00e1ltoztat\u00e1s jog\u00e1t fenntartjuk!\u00a0<\/b><\/p>","protected":false},"excerpt":{"rendered":"<h1 class=\"product-details-tile__title\">Get Off macska- \u00e9s kutya elszoktat\u00f3 zsel\u00e9 460 g<\/h1>","protected":false},"featured_media":7363,"template":"","meta":{"_et_pb_use_builder":"","_et_pb_old_content":"","_et_gb_content_width":""},"product_brand":[],"product_cat":[4091],"product_tag":[2147],"class_list":{"0":"post-7362","1":"product","2":"type-product","3":"status-publish","4":"has-post-thumbnail","6":"product_cat-egyeb-csapdak-riasztok","7":"product_tag-get-off-macska-es-kutya-elszoktato-zsele-240-g","9":"first","10":"instock","11":"shipping-taxable","12":"purchasable","13":"product-type-simple"},"yoast_head":"<!-- This site is optimized with the Yoast SEO plugin v27.5 - https:\/\/yoast.com\/product\/yoast-seo-wordpress\/ -->\n<title>Get Off macska- \u00e9s kutya elszoktat\u00f3 zsel\u00e9 460 g - T\u00e1jkert\u00e9sz<\/title>\n<meta name=\"description\" content=\"Get Off macska- \u00e9s kutya elszoktat\u00f3 zsel\u00e9 460 g, A Get Off\u00ae Macska- \u00e9s kutya elszoktat\u00f3 zsel\u00e9 kuty\u00e1k \u00e9s macsk\u00e1k elszoktat\u00e1s\u00e1ra alkalmas.\" \/>\n<meta name=\"robots\" content=\"index, follow, max-snippet:-1, max-image-preview:large, max-video-preview:-1\" \/>\n<link rel=\"canonical\" href=\"https:\/\/tajkertesz.com\/en_US\/product\/get-off-macska-es-kutya-elszoktato-zsele-460-g\/\" \/>\n<meta property=\"og:locale\" content=\"en_US\" \/>\n<meta property=\"og:type\" content=\"article\" \/>\n<meta property=\"og:title\" content=\"Get Off macska- \u00e9s kutya elszoktat\u00f3 zsel\u00e9 460 g - T\u00e1jkert\u00e9sz\" \/>\n<meta property=\"og:description\" content=\"Get Off macska- \u00e9s kutya elszoktat\u00f3 zsel\u00e9 460 g, A Get Off\u00ae Macska- \u00e9s kutya elszoktat\u00f3 zsel\u00e9 kuty\u00e1k \u00e9s macsk\u00e1k elszoktat\u00e1s\u00e1ra alkalmas.\" \/>\n<meta property=\"og:url\" content=\"https:\/\/tajkertesz.com\/en_US\/product\/get-off-macska-es-kutya-elszoktato-zsele-460-g\/\" \/>\n<meta property=\"og:site_name\" content=\"T\u00e1jkert\u00e9sz\" \/>\n<meta property=\"article:publisher\" content=\"https:\/\/www.facebook.com\/Tajkertesz\/\" \/>\n<meta property=\"article:modified_time\" content=\"2026-02-17T15:11:24+00:00\" \/>\n<meta property=\"og:image\" content=\"https:\/\/tajkertesz.com\/wp-content\/uploads\/2021\/06\/get-off-gel.jpg\" \/>\n\t<meta property=\"og:image:width\" content=\"540\" \/>\n\t<meta property=\"og:image:height\" content=\"540\" \/>\n\t<meta property=\"og:image:type\" content=\"image\/jpeg\" \/>\n<meta name=\"twitter:card\" content=\"summary_large_image\" \/>\n<meta name=\"twitter:label1\" content=\"Est. reading time\" \/>\n\t<meta name=\"twitter:data1\" content=\"3 minutes\" \/>\n<script type=\"application\/ld+json\" class=\"yoast-schema-graph\">{\"@context\":\"https:\\\/\\\/schema.org\",\"@graph\":[{\"@type\":\"WebPage\",\"@id\":\"https:\\\/\\\/tajkertesz.com\\\/termek\\\/get-off-macska-es-kutya-elszoktato-zsele-460-g\\\/\",\"url\":\"https:\\\/\\\/tajkertesz.com\\\/termek\\\/get-off-macska-es-kutya-elszoktato-zsele-460-g\\\/\",\"name\":\"Get Off macska- \u00e9s kutya elszoktat\u00f3 zsel\u00e9 460 g - T\u00e1jkert\u00e9sz\",\"isPartOf\":{\"@id\":\"https:\\\/\\\/tajkertesz.com\\\/#website\"},\"primaryImageOfPage\":{\"@id\":\"https:\\\/\\\/tajkertesz.com\\\/termek\\\/get-off-macska-es-kutya-elszoktato-zsele-460-g\\\/#primaryimage\"},\"image\":{\"@id\":\"https:\\\/\\\/tajkertesz.com\\\/termek\\\/get-off-macska-es-kutya-elszoktato-zsele-460-g\\\/#primaryimage\"},\"thumbnailUrl\":\"https:\\\/\\\/tajkertesz.com\\\/wp-content\\\/uploads\\\/2021\\\/06\\\/get-off-gel.jpg\",\"datePublished\":\"2021-06-28T07:05:57+00:00\",\"dateModified\":\"2026-02-17T15:11:24+00:00\",\"description\":\"Get Off macska- \u00e9s kutya elszoktat\u00f3 zsel\u00e9 460 g, A Get Off\u00ae Macska- \u00e9s kutya elszoktat\u00f3 zsel\u00e9 kuty\u00e1k \u00e9s macsk\u00e1k elszoktat\u00e1s\u00e1ra alkalmas.\",\"breadcrumb\":{\"@id\":\"https:\\\/\\\/tajkertesz.com\\\/termek\\\/get-off-macska-es-kutya-elszoktato-zsele-460-g\\\/#breadcrumb\"},\"inLanguage\":\"en-US\",\"potentialAction\":[{\"@type\":\"ReadAction\",\"target\":[\"https:\\\/\\\/tajkertesz.com\\\/termek\\\/get-off-macska-es-kutya-elszoktato-zsele-460-g\\\/\"]}]},{\"@type\":\"ImageObject\",\"inLanguage\":\"en-US\",\"@id\":\"https:\\\/\\\/tajkertesz.com\\\/termek\\\/get-off-macska-es-kutya-elszoktato-zsele-460-g\\\/#primaryimage\",\"url\":\"https:\\\/\\\/tajkertesz.com\\\/wp-content\\\/uploads\\\/2021\\\/06\\\/get-off-gel.jpg\",\"contentUrl\":\"https:\\\/\\\/tajkertesz.com\\\/wp-content\\\/uploads\\\/2021\\\/06\\\/get-off-gel.jpg\",\"width\":540,\"height\":540},{\"@type\":\"BreadcrumbList\",\"@id\":\"https:\\\/\\\/tajkertesz.com\\\/termek\\\/get-off-macska-es-kutya-elszoktato-zsele-460-g\\\/#breadcrumb\",\"itemListElement\":[{\"@type\":\"ListItem\",\"position\":1,\"name\":\"Home\",\"item\":\"https:\\\/\\\/tajkertesz.com\\\/\"},{\"@type\":\"ListItem\",\"position\":2,\"name\":\"Kezd\u0151lap\",\"item\":\"https:\\\/\\\/tajkertesz.com\\\/\"},{\"@type\":\"ListItem\",\"position\":3,\"name\":\"Get Off macska- \u00e9s kutya elszoktat\u00f3 zsel\u00e9 460 g\"}]},{\"@type\":\"WebSite\",\"@id\":\"https:\\\/\\\/tajkertesz.com\\\/#website\",\"url\":\"https:\\\/\\\/tajkertesz.com\\\/\",\"name\":\"T\u00e1j-Kert\u00e9sz 84 Kft.\",\"description\":\"Kert\u00e9szeti kis- \u00e9s nagykeresked\u00e9s, D\u00edszn\u00f6v\u00e9ny web\u00e1ruh\u00e1z orsz\u00e1gos h\u00e1zhozsz\u00e1ll\u00edt\u00e1ssal!\",\"publisher\":{\"@id\":\"https:\\\/\\\/tajkertesz.com\\\/#organization\"},\"potentialAction\":[{\"@type\":\"SearchAction\",\"target\":{\"@type\":\"EntryPoint\",\"urlTemplate\":\"https:\\\/\\\/tajkertesz.com\\\/?s={search_term_string}\"},\"query-input\":{\"@type\":\"PropertyValueSpecification\",\"valueRequired\":true,\"valueName\":\"search_term_string\"}}],\"inLanguage\":\"en-US\"},{\"@type\":\"Organization\",\"@id\":\"https:\\\/\\\/tajkertesz.com\\\/#organization\",\"name\":\"T\u00e1j-Kert\u00e9sz 84 Kft.\",\"url\":\"https:\\\/\\\/tajkertesz.com\\\/\",\"logo\":{\"@type\":\"ImageObject\",\"inLanguage\":\"en-US\",\"@id\":\"https:\\\/\\\/tajkertesz.com\\\/#\\\/schema\\\/logo\\\/image\\\/\",\"url\":\"https:\\\/\\\/tajkertesz.com\\\/wp-content\\\/uploads\\\/2018\\\/02\\\/logo-2-e1518678052539.png\",\"contentUrl\":\"https:\\\/\\\/tajkertesz.com\\\/wp-content\\\/uploads\\\/2018\\\/02\\\/logo-2-e1518678052539.png\",\"width\":81,\"height\":140,\"caption\":\"T\u00e1j-Kert\u00e9sz 84 Kft.\"},\"image\":{\"@id\":\"https:\\\/\\\/tajkertesz.com\\\/#\\\/schema\\\/logo\\\/image\\\/\"},\"sameAs\":[\"https:\\\/\\\/www.facebook.com\\\/Tajkertesz\\\/\"]}]}<\/script>\n<!-- \/ Yoast SEO plugin. -->","yoast_head_json":{"title":"Get Off macska- \u00e9s kutya elszoktat\u00f3 zsel\u00e9 460 g - T\u00e1jkert\u00e9sz","description":"Get Off macska- \u00e9s kutya elszoktat\u00f3 zsel\u00e9 460 g, A Get Off\u00ae Macska- \u00e9s kutya elszoktat\u00f3 zsel\u00e9 kuty\u00e1k \u00e9s macsk\u00e1k elszoktat\u00e1s\u00e1ra alkalmas.","robots":{"index":"index","follow":"follow","max-snippet":"max-snippet:-1","max-image-preview":"max-image-preview:large","max-video-preview":"max-video-preview:-1"},"canonical":"https:\/\/tajkertesz.com\/en_US\/product\/get-off-macska-es-kutya-elszoktato-zsele-460-g\/","og_locale":"en_US","og_type":"article","og_title":"Get Off macska- \u00e9s kutya elszoktat\u00f3 zsel\u00e9 460 g - T\u00e1jkert\u00e9sz","og_description":"Get Off macska- \u00e9s kutya elszoktat\u00f3 zsel\u00e9 460 g, A Get Off\u00ae Macska- \u00e9s kutya elszoktat\u00f3 zsel\u00e9 kuty\u00e1k \u00e9s macsk\u00e1k elszoktat\u00e1s\u00e1ra alkalmas.","og_url":"https:\/\/tajkertesz.com\/en_US\/product\/get-off-macska-es-kutya-elszoktato-zsele-460-g\/","og_site_name":"T\u00e1jkert\u00e9sz","article_publisher":"https:\/\/www.facebook.com\/Tajkertesz\/","article_modified_time":"2026-02-17T15:11:24+00:00","og_image":[{"width":540,"height":540,"url":"https:\/\/tajkertesz.com\/wp-content\/uploads\/2021\/06\/get-off-gel.jpg","type":"image\/jpeg"}],"twitter_card":"summary_large_image","twitter_misc":{"Est. reading time":"3 minutes"},"schema":{"@context":"https:\/\/schema.org","@graph":[{"@type":"WebPage","@id":"https:\/\/tajkertesz.com\/termek\/get-off-macska-es-kutya-elszoktato-zsele-460-g\/","url":"https:\/\/tajkertesz.com\/termek\/get-off-macska-es-kutya-elszoktato-zsele-460-g\/","name":"Get Off macska- \u00e9s kutya elszoktat\u00f3 zsel\u00e9 460 g - T\u00e1jkert\u00e9sz","isPartOf":{"@id":"https:\/\/tajkertesz.com\/#website"},"primaryImageOfPage":{"@id":"https:\/\/tajkertesz.com\/termek\/get-off-macska-es-kutya-elszoktato-zsele-460-g\/#primaryimage"},"image":{"@id":"https:\/\/tajkertesz.com\/termek\/get-off-macska-es-kutya-elszoktato-zsele-460-g\/#primaryimage"},"thumbnailUrl":"https:\/\/tajkertesz.com\/wp-content\/uploads\/2021\/06\/get-off-gel.jpg","datePublished":"2021-06-28T07:05:57+00:00","dateModified":"2026-02-17T15:11:24+00:00","description":"Get Off macska- \u00e9s kutya elszoktat\u00f3 zsel\u00e9 460 g, A Get Off\u00ae Macska- \u00e9s kutya elszoktat\u00f3 zsel\u00e9 kuty\u00e1k \u00e9s macsk\u00e1k elszoktat\u00e1s\u00e1ra alkalmas.","breadcrumb":{"@id":"https:\/\/tajkertesz.com\/termek\/get-off-macska-es-kutya-elszoktato-zsele-460-g\/#breadcrumb"},"inLanguage":"en-US","potentialAction":[{"@type":"ReadAction","target":["https:\/\/tajkertesz.com\/termek\/get-off-macska-es-kutya-elszoktato-zsele-460-g\/"]}]},{"@type":"ImageObject","inLanguage":"en-US","@id":"https:\/\/tajkertesz.com\/termek\/get-off-macska-es-kutya-elszoktato-zsele-460-g\/#primaryimage","url":"https:\/\/tajkertesz.com\/wp-content\/uploads\/2021\/06\/get-off-gel.jpg","contentUrl":"https:\/\/tajkertesz.com\/wp-content\/uploads\/2021\/06\/get-off-gel.jpg","width":540,"height":540},{"@type":"BreadcrumbList","@id":"https:\/\/tajkertesz.com\/termek\/get-off-macska-es-kutya-elszoktato-zsele-460-g\/#breadcrumb","itemListElement":[{"@type":"ListItem","position":1,"name":"Home","item":"https:\/\/tajkertesz.com\/"},{"@type":"ListItem","position":2,"name":"Kezd\u0151lap","item":"https:\/\/tajkertesz.com\/"},{"@type":"ListItem","position":3,"name":"Get Off macska- \u00e9s kutya elszoktat\u00f3 zsel\u00e9 460 g"}]},{"@type":"WebSite","@id":"https:\/\/tajkertesz.com\/#website","url":"https:\/\/tajkertesz.com\/","name":"T\u00e1j-Kert\u00e9sz 84 Kft.","description":"Kert\u00e9szeti kis- \u00e9s nagykeresked\u00e9s, D\u00edszn\u00f6v\u00e9ny web\u00e1ruh\u00e1z orsz\u00e1gos h\u00e1zhozsz\u00e1ll\u00edt\u00e1ssal!","publisher":{"@id":"https:\/\/tajkertesz.com\/#organization"},"potentialAction":[{"@type":"SearchAction","target":{"@type":"EntryPoint","urlTemplate":"https:\/\/tajkertesz.com\/?s={search_term_string}"},"query-input":{"@type":"PropertyValueSpecification","valueRequired":true,"valueName":"search_term_string"}}],"inLanguage":"en-US"},{"@type":"Organization","@id":"https:\/\/tajkertesz.com\/#organization","name":"T\u00e1j-Kert\u00e9sz 84 Kft.","url":"https:\/\/tajkertesz.com\/","logo":{"@type":"ImageObject","inLanguage":"en-US","@id":"https:\/\/tajkertesz.com\/#\/schema\/logo\/image\/","url":"https:\/\/tajkertesz.com\/wp-content\/uploads\/2018\/02\/logo-2-e1518678052539.png","contentUrl":"https:\/\/tajkertesz.com\/wp-content\/uploads\/2018\/02\/logo-2-e1518678052539.png","width":81,"height":140,"caption":"T\u00e1j-Kert\u00e9sz 84 Kft."},"image":{"@id":"https:\/\/tajkertesz.com\/#\/schema\/logo\/image\/"},"sameAs":["https:\/\/www.facebook.com\/Tajkertesz\/"]}]}},"_links":{"self":[{"href":"https:\/\/tajkertesz.com\/en_US\/wp-json\/wp\/v2\/product\/7362","targetHints":{"allow":["GET"]}}],"collection":[{"href":"https:\/\/tajkertesz.com\/en_US\/wp-json\/wp\/v2\/product"}],"about":[{"href":"https:\/\/tajkertesz.com\/en_US\/wp-json\/wp\/v2\/types\/product"}],"wp:featuredmedia":[{"embeddable":true,"href":"https:\/\/tajkertesz.com\/en_US\/wp-json\/wp\/v2\/media\/7363"}],"wp:attachment":[{"href":"https:\/\/tajkertesz.com\/en_US\/wp-json\/wp\/v2\/media?parent=7362"}],"wp:term":[{"taxonomy":"product_brand","embeddable":true,"href":"https:\/\/tajkertesz.com\/en_US\/wp-json\/wp\/v2\/product_brand?post=7362"},{"taxonomy":"product_cat","embeddable":true,"href":"https:\/\/tajkertesz.com\/en_US\/wp-json\/wp\/v2\/product_cat?post=7362"},{"taxonomy":"product_tag","embeddable":true,"href":"https:\/\/tajkertesz.com\/en_US\/wp-json\/wp\/v2\/product_tag?post=7362"}],"curies":[{"name":"wp","href":"https:\/\/api.w.org\/{rel}","templated":true}]}}