{"id":7364,"date":"2021-06-28T07:09:41","date_gmt":"2021-06-28T07:09:41","guid":{"rendered":"https:\/\/tajkertesz.com\/?post_type=product&#038;p=7364"},"modified":"2026-02-17T15:10:53","modified_gmt":"2026-02-17T15:10:53","slug":"csotanyirto-gel-foval-5-g","status":"publish","type":"product","link":"https:\/\/tajkertesz.com\/en_US\/product\/csotanyirto-gel-foval-5-g\/","title":{"rendered":"Cs\u00f3t\u00e1nyirt\u00f3 g\u00e9l Foval 5 g"},"content":{"rendered":"<div class=\"artdet__name-rating d-none d-lg-block\">\n<div class=\"row gutters-5\">\n<div class=\"col\">\n<div class=\"artdet__name-pagination-wrap d-flex\">\n<div class=\"top product-page-top\">\n<div class=\"center product-page-center\">\n<div class=\"artdet__name-pagination-wrap d-flex\">\n<div class=\"summary entry-summary\">\n<div class=\"elementor-column elementor-col-50 elementor-inner-column elementor-element elementor-element-072daa9\" data-id=\"072daa9\" data-element_type=\"column\">\n<div class=\"elementor-widget-wrap elementor-element-populated\">\n<div class=\"elementor-element elementor-element-54ae97b elementor-widget__width-auto elementor-widget elementor-widget-jet-single-title\" data-id=\"54ae97b\" data-element_type=\"widget\" data-widget_type=\"jet-single-title.default\">\n<div class=\"elementor-widget-container\">\n<div class=\"elementor-jet-single-title jet-woo-builder\">\n<div class=\"top product-page-top\">\n<div class=\"center product-page-center\">\n<h1 class=\"h1 product-title\">Cs\u00f3t\u00e1nyirt\u00f3 g\u00e9l Foval 5 g<\/h1>\n<p class=\"h1 product-title\">Cs\u00f3t\u00e1nyirt\u00f3 g\u00e9l Foval 5 g, H\u00e1ztart\u00e1si \u00e9s lak\u00f3\u00e9p\u00fcleti haszn\u00e1latra. Hat\u00f3anyaga: 2,15% imidakloprid Enged\u00e9ly: OTH 3630-3\/2010.<\/p>\n<p class=\"h1 product-title\">Kiszerel\u00e9s 5 g \u00c1llaga: s\u00e1rg\u00e1s-feh\u00e9r sz\u00edn\u0171, k\u00e9pl\u00e9keny paszta.Haszn\u00e1latra k\u00e9sz cs\u00f3t\u00e1nyirt\u00f3 g\u00e9l, amely z\u00e1rt t\u00e9rben, cs\u00f3t\u00e1nyok irt\u00e1s\u00e1ra alkalmazhat\u00f3.<\/p>\n<p class=\"h1 product-title\">Hat\u00e1s\u00e1t a rovarokra gyomorm\u00e9regk\u00e9nt fejti ki. Biztons\u00e1g\u00e1t a hozz\u00e1adott keser\u0171 anyag (BITREX) fokozza.<\/p>\n<h4 class=\"h1 product-title\">Felhaszn\u00e1l\u00e1s:<\/h4>\n<p class=\"h1 product-title\">H\u00fazzuk le (az \u00e1br\u00e1n szeml\u00e9ltetett m\u00f3don) a m\u0171anyag tubus v\u00e9g\u00e9r\u0151l a v\u00e9d\u0151sapk\u00e1t.<\/p>\n<p class=\"h1 product-title\">A dugatty\u00fat \u00f3vatosan nyomjuk be addig, am\u00edg a tubus nyitott v\u00e9g\u00e9n megjelenik a g\u00e9l. A g\u00e9lt kb. 4 mm \u00e1tm\u00e9r\u0151j\u0171 (kb. 0,04 g t\u00f6meg\u0171) kis cseppek form\u00e1j\u00e1ban juttassuk ki a cs\u00f3t\u00e1nyok el\u0151fordul\u00e1si helyeire, a cs\u00f3t\u00e1nyfajt\u00f3l, illetve a fert\u0151z\u00f6tts\u00e9g m\u00e9rt\u00e9k\u00e9t\u0151l f\u00fcgg\u0151en a k\u00f6vetkez\u0151 mennyis\u00e9gben: \u00b7 n\u00e9met cs\u00f3t\u00e1ny el\u0151fordul\u00e1sakor, illetve kism\u00e9rt\u00e9k\u0171 cs\u00f3t\u00e1nyfert\u0151z\u00f6tts\u00e9g eset\u00e9n: 1-4 g\u00e9l csepp\/m2 \u00b7 konyhai cs\u00f3t\u00e1ny el\u0151fordul\u00e1sakor, illetve nagym\u00e9rt\u00e9k\u0171 cs\u00f3t\u00e1nyfert\u0151z\u00f6tts\u00e9g eset\u00e9n: 2- 6 g\u00e9l csepp\/m2<\/p>\n<h4 class=\"h1 product-title\">A g\u00e9lt f\u00e9nyt\u0151l v\u00e9dett, tiszta fel\u00fcletekre, a sarkok, r\u00e9sek, reped\u00e9sek k\u00f6zel\u00e9be, a vezet\u00e9kek \u00e9s szeg\u00e9lyl\u00e9cek mell\u00e9, a b\u00fatorok \u00e9s berendez\u00e9si t\u00e1rgyak (pl. h\u0171t\u0151g\u00e9p, t\u0171zhely, konyhaszekr\u00e9ny, mosogat\u00f3, f\u00fcrd\u0151k\u00e1d, mosd\u00f3, stb.) al\u00e1 juttassuk.<\/h4>\n<p class=\"h1 product-title\">Ne alkalmazzuk a k\u00e9sz\u00edtm\u00e9nyt olyan helyen, ahol v\u00edzzel \u00e9rintkezhet, vagy takar\u00edt\u00e1skor elt\u00e1vol\u00edtj\u00e1k. A cs\u00f3t\u00e1nyok elhull\u00e1sa a g\u00e9l elfogyaszt\u00e1sa ut\u00e1n n\u00e9h\u00e1ny \u00f3r\u00e1n bel\u00fcl elkezd\u0151dik.A kezel\u00e9s eredm\u00e9nyess\u00e9g\u00e9t a kijuttat\u00e1s ut\u00e1n 24 \u00f3ra m\u00falva az elhullott cs\u00f3t\u00e1nyok felder\u00edt\u00e9s\u00e9vel ellen\u0151rizhetj\u00fck. A kijuttatott csal\u00e9tek kb. 3 h\u00f3napig hat\u00e1sos. Amennyiben sz\u00fcks\u00e9ges, a kezel\u00e9st ism\u00e9telj\u00fck meg.<\/p>\n<p class=\"h1 product-title\">A kijuttatott g\u00e9lre, illetve k\u00f6rny\u00e9k\u00e9re ne permetezz\u00fcnk semmilyen irt\u00f3szert, mert az a cs\u00f3t\u00e1nyokat elriasztja. A felesleges g\u00e9l a fel\u00fcletekr\u0151l b\u0151 (esetleg s\u00f3s) v\u00edzzel elt\u00e1vol\u00edthat\u00f3.<\/p>\n<p>&nbsp;<\/p>\n<p class=\"product-page-heading\">\n<\/div>\n<div class=\"center product-page-center\">\n<div class=\"product-title-addittional\">\n<section class=\"article__content\"><span style=\"color: #ffffff;\">Teraszon \u00e9s utakon alkalmazhat\u00f3 hangyairt\u00f3, haszn\u00e1lhat\u00f3 \u00f6nt\u00f6z\u0151szerk\u00e9nt, vagy kisz\u00f3rva. A hangy\u00e1k a bolyban pusztulnak el miut\u00e1n felvett\u00e9k a hat\u00f3anyagot, a boly k\u00f6zel\u00e9ben kell kisz\u00f3rni\/\u00f6nt\u00f6zni. Hat\u00f3anyag: cipermetrin. Kiserel\u00e9s: 100 g-os \u00e9s 500g-os dob<\/span><span style=\"color: #ffffff;\">Teraszon \u00e9s utakon alkalmazhat\u00f3 hangyairt\u00f3, haszn\u00e1lhat\u00f3 \u00f6nt\u00f6z\u0151szerk\u00e9nt, vagy kisz\u00f3rva. A hangy\u00e1k a bolyban pusztulnak el miut\u00e1n felvett\u00e9k a hat\u00f3anyagot, a boly k\u00f6zel\u00e9ben kell kisz\u00f3rni\/\u00f6nt\u00f6zni. Hat\u00f3anyag: cipermetrin. Kiszerel\u00e9s: 100 g-os \u00e9s 500g-os dobozban.ozban.<\/span><\/section>\n<\/div>\n<\/div>\n<\/div>\n<\/div>\n<\/div>\n<\/div>\n<\/div>\n<\/div>\n<\/div>\n<\/div>\n<\/div>\n<\/div>\n<\/div>\n<\/div>\n<\/div>\n<\/div>\n<p><a href=\"https:\/\/www.facebook.com\/tajkertes\">https:\/\/www.facebook.com\/tajkertes<\/a><\/p>\n<p><a href=\"https:\/\/tajkertesz.com\/\">https:\/\/tajkertesz.com\/<\/a><\/p>\n<p><a href=\"https:\/\/tajkertesz.com\/wp-content\/uploads\/2021\/06\/foval_csotanyirto_gel_20151012.pdf\">foval_csotanyirto_gel_20151012<\/a><\/p>\n<p><span style=\"color: #ffffff;\">A\u00a0<b>rovarriaszt\u00f3, repellens:<\/b><\/span><\/p>\n<p><span style=\"color: #ffffff;\">(<i>latin:<\/i>\u00a0elriaszt\u00f3, t\u00e1vol tart\u00f3, pl.: rovart<sup id=\"cite_ref-1\" class=\"reference\"><\/sup>) olyan anyag,\u00a0 fizikai elj\u00e1r\u00e1s, amely elriasztja, t\u00e1vol tartja a rovarokat az ember b\u0151r\u00e9t\u0151l, ruh\u00e1zat\u00e1t\u00f3l, lak\u00f3hely\u00e9t\u0151l vagy az \u00e1llatok k\u00fcltakar\u00f3j\u00e1t\u00f3l, k\u00f6rnyezet\u00e9t\u0151l, \u00e9l\u0151hely\u00e9t\u0151l. <sup id=\"cite_ref-2\" class=\"reference\"><\/sup>Repellens hat\u00e1s alatt bizonyos hat\u00f3anyagok kullancsokra \u00e9s rovarokra kifejtett t\u00e1vol tart\u00f3 hat\u00e1s\u00e1t \u00e9rtj\u00fck, ami megakad\u00e1lyozza a parazit\u00e1k megtapad\u00e1s\u00e1t, sz\u00far\u00e1s\u00e1t vagy v\u00e9rsz\u00edv\u00e1s\u00e1t a kezelt emberen, \u00e1llaton. Fert\u0151z\u00f6tt rovarok cs\u00edp\u00e9se betegs\u00e9g terjed\u00e9s\u00e9nek forr\u00e1sa lehet.<sup id=\"cite_ref-3\" class=\"reference\"><\/sup><\/span><\/p>\n<p><span style=\"color: #ffffff;\">Elengedhetetlen fontoss\u00e1g\u00fa annak ismerete, hogy melyik\u00a0<i>rovarriaszt\u00f3<\/i>\u00a0term\u00e9kek kisz\u00e1m\u00edthat\u00f3k \u00e9s tart\u00f3s v\u00e9delmet ny\u00fajtanak. K\u00f6zel 100%-os v\u00e9delem \u00e9rhet\u0151 el, ha hosszabb hat\u00e1startam\u00fa rovar\u0171z\u0151 szereket c\u00e9lszer\u0171 haszn\u00e1lunk, kombin\u00e1lva\u00a0<i>permetrinnel<\/i> kezelt ruh\u00e1zattal. Ugyanolyan szem\u00e9lyi v\u00e9delmi int\u00e9zked\u00e9seket kell foganatos\u00edtani kullancsok \u00e9s cs\u00edp\u0151s rovarok, legyek eset\u00e9ben, mint a sz\u00fanyogokn\u00e1l, mert ezek az \u00e9l\u0151sk\u00f6d\u0151k is tov\u00e1bb\u00edtja a Lyme-k\u00f3rt, kullancsencephalitist, visszat\u00e9r\u0151 l\u00e1zt, t\u00edfuszt, leishmaniasist, onchocerciasist, trypanosomiasist, \u00e9s sz\u00e1mos m\u00e1s tr\u00f3pusi \u00e9s fert\u0151z\u0151 betegs\u00e9geket.<\/span><\/p>\n<p><span style=\"color: #ffffff;\">A\u00a0<b>permetrin:<\/b><\/span><\/p>\n<p><span style=\"color: #ffffff;\">a piretroidok k\u00f6z\u00e9 tartoz\u00f3 rovar- \u00e9s atkairt\u00f3 hat\u00f3anyag, amelyet tet\u0171- \u00e9s bolhairt\u00f3k\u00e9nt a hum\u00e1n- \u00e9s \u00e1llatgy\u00f3gy\u00e1szatban, biocidk\u00e9nt pedig \u00e1ltal\u00e1nos rovarirt\u00f3szerekben alkalmaznak. K\u00f6rnyezetk\u00e1ros\u00edt\u00f3 hat\u00e1sa miatt 2003 \u00f3ta az Eur\u00f3pai Uni\u00f3ban nem haszn\u00e1lhat\u00f3 n\u00f6v\u00e9nyv\u00e9d\u0151szerk\u00e9nt. Az \u0151szi margitvir\u00e1gban tal\u00e1lhat\u00f3 term\u00e9szetes rovar\u00f6l\u0151 anyag alapj\u00e1n fejlesztett\u00e9k ki, majd kezdt\u00e9k el ipari gy\u00e1rt\u00e1s\u00e1t.<\/span><\/p>\n<p><b>K\u00e9szlet\u00fcnk napi szinten v\u00e1ltozik, ez\u00e9rt k\u00e9rj\u00fck, \u00e9rdekl\u0151dj\u00f6n szem\u00e9lyesen, telefonon vagy email-en.<br \/>\nA v\u00e1ltoztat\u00e1s jog\u00e1t fenntartjuk!\u00a0<\/b><\/p>","protected":false},"excerpt":{"rendered":"<p class=\"h1 product-title\">Cs\u00f3t\u00e1nyirt\u00f3 g\u00e9l Foval 5 g<\/p>","protected":false},"featured_media":7365,"template":"","meta":{"_et_pb_use_builder":"","_et_pb_old_content":"","_et_gb_content_width":""},"product_brand":[],"product_cat":[4091],"product_tag":[2148],"class_list":{"0":"post-7364","1":"product","2":"type-product","3":"status-publish","4":"has-post-thumbnail","6":"product_cat-egyeb-csapdak-riasztok","7":"product_tag-csotanyirto-gel-foval-5-g","9":"first","10":"instock","11":"shipping-taxable","12":"purchasable","13":"product-type-simple"},"yoast_head":"<!-- This site is optimized with the Yoast SEO plugin v27.5 - https:\/\/yoast.com\/product\/yoast-seo-wordpress\/ -->\n<title>Cs\u00f3t\u00e1nyirt\u00f3 g\u00e9l Foval 5 g - T\u00e1jkert\u00e9sz<\/title>\n<meta name=\"description\" content=\"Cs\u00f3t\u00e1nyirt\u00f3 g\u00e9l Foval 5 g\" \/>\n<meta name=\"robots\" content=\"index, follow, max-snippet:-1, max-image-preview:large, max-video-preview:-1\" \/>\n<link rel=\"canonical\" href=\"https:\/\/tajkertesz.com\/en_US\/product\/csotanyirto-gel-foval-5-g\/\" \/>\n<meta property=\"og:locale\" content=\"en_US\" \/>\n<meta property=\"og:type\" content=\"article\" \/>\n<meta property=\"og:title\" content=\"Cs\u00f3t\u00e1nyirt\u00f3 g\u00e9l Foval 5 g - T\u00e1jkert\u00e9sz\" \/>\n<meta property=\"og:description\" content=\"Cs\u00f3t\u00e1nyirt\u00f3 g\u00e9l Foval 5 g\" \/>\n<meta property=\"og:url\" content=\"https:\/\/tajkertesz.com\/en_US\/product\/csotanyirto-gel-foval-5-g\/\" \/>\n<meta property=\"og:site_name\" content=\"T\u00e1jkert\u00e9sz\" \/>\n<meta property=\"article:publisher\" content=\"https:\/\/www.facebook.com\/Tajkertesz\/\" \/>\n<meta property=\"article:modified_time\" content=\"2026-02-17T15:10:53+00:00\" \/>\n<meta property=\"og:image\" content=\"https:\/\/tajkertesz.com\/wp-content\/uploads\/2021\/06\/csotanyirto-gel-foval-5-g.jpg\" \/>\n\t<meta property=\"og:image:width\" content=\"800\" \/>\n\t<meta property=\"og:image:height\" content=\"800\" \/>\n\t<meta property=\"og:image:type\" content=\"image\/jpeg\" \/>\n<meta name=\"twitter:card\" content=\"summary_large_image\" \/>\n<meta name=\"twitter:label1\" content=\"Est. reading time\" \/>\n\t<meta name=\"twitter:data1\" content=\"3 minutes\" \/>\n<script type=\"application\/ld+json\" class=\"yoast-schema-graph\">{\"@context\":\"https:\\\/\\\/schema.org\",\"@graph\":[{\"@type\":\"WebPage\",\"@id\":\"https:\\\/\\\/tajkertesz.com\\\/termek\\\/csotanyirto-gel-foval-5-g\\\/\",\"url\":\"https:\\\/\\\/tajkertesz.com\\\/termek\\\/csotanyirto-gel-foval-5-g\\\/\",\"name\":\"Cs\u00f3t\u00e1nyirt\u00f3 g\u00e9l Foval 5 g - T\u00e1jkert\u00e9sz\",\"isPartOf\":{\"@id\":\"https:\\\/\\\/tajkertesz.com\\\/#website\"},\"primaryImageOfPage\":{\"@id\":\"https:\\\/\\\/tajkertesz.com\\\/termek\\\/csotanyirto-gel-foval-5-g\\\/#primaryimage\"},\"image\":{\"@id\":\"https:\\\/\\\/tajkertesz.com\\\/termek\\\/csotanyirto-gel-foval-5-g\\\/#primaryimage\"},\"thumbnailUrl\":\"https:\\\/\\\/tajkertesz.com\\\/wp-content\\\/uploads\\\/2021\\\/06\\\/csotanyirto-gel-foval-5-g.jpg\",\"datePublished\":\"2021-06-28T07:09:41+00:00\",\"dateModified\":\"2026-02-17T15:10:53+00:00\",\"description\":\"Cs\u00f3t\u00e1nyirt\u00f3 g\u00e9l Foval 5 g\",\"breadcrumb\":{\"@id\":\"https:\\\/\\\/tajkertesz.com\\\/termek\\\/csotanyirto-gel-foval-5-g\\\/#breadcrumb\"},\"inLanguage\":\"en-US\",\"potentialAction\":[{\"@type\":\"ReadAction\",\"target\":[\"https:\\\/\\\/tajkertesz.com\\\/termek\\\/csotanyirto-gel-foval-5-g\\\/\"]}]},{\"@type\":\"ImageObject\",\"inLanguage\":\"en-US\",\"@id\":\"https:\\\/\\\/tajkertesz.com\\\/termek\\\/csotanyirto-gel-foval-5-g\\\/#primaryimage\",\"url\":\"https:\\\/\\\/tajkertesz.com\\\/wp-content\\\/uploads\\\/2021\\\/06\\\/csotanyirto-gel-foval-5-g.jpg\",\"contentUrl\":\"https:\\\/\\\/tajkertesz.com\\\/wp-content\\\/uploads\\\/2021\\\/06\\\/csotanyirto-gel-foval-5-g.jpg\",\"width\":800,\"height\":800},{\"@type\":\"BreadcrumbList\",\"@id\":\"https:\\\/\\\/tajkertesz.com\\\/termek\\\/csotanyirto-gel-foval-5-g\\\/#breadcrumb\",\"itemListElement\":[{\"@type\":\"ListItem\",\"position\":1,\"name\":\"Home\",\"item\":\"https:\\\/\\\/tajkertesz.com\\\/\"},{\"@type\":\"ListItem\",\"position\":2,\"name\":\"Kezd\u0151lap\",\"item\":\"https:\\\/\\\/tajkertesz.com\\\/\"},{\"@type\":\"ListItem\",\"position\":3,\"name\":\"Cs\u00f3t\u00e1nyirt\u00f3 g\u00e9l Foval 5 g\"}]},{\"@type\":\"WebSite\",\"@id\":\"https:\\\/\\\/tajkertesz.com\\\/#website\",\"url\":\"https:\\\/\\\/tajkertesz.com\\\/\",\"name\":\"T\u00e1j-Kert\u00e9sz 84 Kft.\",\"description\":\"Kert\u00e9szeti kis- \u00e9s nagykeresked\u00e9s, D\u00edszn\u00f6v\u00e9ny web\u00e1ruh\u00e1z orsz\u00e1gos h\u00e1zhozsz\u00e1ll\u00edt\u00e1ssal!\",\"publisher\":{\"@id\":\"https:\\\/\\\/tajkertesz.com\\\/#organization\"},\"potentialAction\":[{\"@type\":\"SearchAction\",\"target\":{\"@type\":\"EntryPoint\",\"urlTemplate\":\"https:\\\/\\\/tajkertesz.com\\\/?s={search_term_string}\"},\"query-input\":{\"@type\":\"PropertyValueSpecification\",\"valueRequired\":true,\"valueName\":\"search_term_string\"}}],\"inLanguage\":\"en-US\"},{\"@type\":\"Organization\",\"@id\":\"https:\\\/\\\/tajkertesz.com\\\/#organization\",\"name\":\"T\u00e1j-Kert\u00e9sz 84 Kft.\",\"url\":\"https:\\\/\\\/tajkertesz.com\\\/\",\"logo\":{\"@type\":\"ImageObject\",\"inLanguage\":\"en-US\",\"@id\":\"https:\\\/\\\/tajkertesz.com\\\/#\\\/schema\\\/logo\\\/image\\\/\",\"url\":\"https:\\\/\\\/tajkertesz.com\\\/wp-content\\\/uploads\\\/2018\\\/02\\\/logo-2-e1518678052539.png\",\"contentUrl\":\"https:\\\/\\\/tajkertesz.com\\\/wp-content\\\/uploads\\\/2018\\\/02\\\/logo-2-e1518678052539.png\",\"width\":81,\"height\":140,\"caption\":\"T\u00e1j-Kert\u00e9sz 84 Kft.\"},\"image\":{\"@id\":\"https:\\\/\\\/tajkertesz.com\\\/#\\\/schema\\\/logo\\\/image\\\/\"},\"sameAs\":[\"https:\\\/\\\/www.facebook.com\\\/Tajkertesz\\\/\"]}]}<\/script>\n<!-- \/ Yoast SEO plugin. -->","yoast_head_json":{"title":"Cs\u00f3t\u00e1nyirt\u00f3 g\u00e9l Foval 5 g - T\u00e1jkert\u00e9sz","description":"Cs\u00f3t\u00e1nyirt\u00f3 g\u00e9l Foval 5 g","robots":{"index":"index","follow":"follow","max-snippet":"max-snippet:-1","max-image-preview":"max-image-preview:large","max-video-preview":"max-video-preview:-1"},"canonical":"https:\/\/tajkertesz.com\/en_US\/product\/csotanyirto-gel-foval-5-g\/","og_locale":"en_US","og_type":"article","og_title":"Cs\u00f3t\u00e1nyirt\u00f3 g\u00e9l Foval 5 g - T\u00e1jkert\u00e9sz","og_description":"Cs\u00f3t\u00e1nyirt\u00f3 g\u00e9l Foval 5 g","og_url":"https:\/\/tajkertesz.com\/en_US\/product\/csotanyirto-gel-foval-5-g\/","og_site_name":"T\u00e1jkert\u00e9sz","article_publisher":"https:\/\/www.facebook.com\/Tajkertesz\/","article_modified_time":"2026-02-17T15:10:53+00:00","og_image":[{"width":800,"height":800,"url":"https:\/\/tajkertesz.com\/wp-content\/uploads\/2021\/06\/csotanyirto-gel-foval-5-g.jpg","type":"image\/jpeg"}],"twitter_card":"summary_large_image","twitter_misc":{"Est. reading time":"3 minutes"},"schema":{"@context":"https:\/\/schema.org","@graph":[{"@type":"WebPage","@id":"https:\/\/tajkertesz.com\/termek\/csotanyirto-gel-foval-5-g\/","url":"https:\/\/tajkertesz.com\/termek\/csotanyirto-gel-foval-5-g\/","name":"Cs\u00f3t\u00e1nyirt\u00f3 g\u00e9l Foval 5 g - T\u00e1jkert\u00e9sz","isPartOf":{"@id":"https:\/\/tajkertesz.com\/#website"},"primaryImageOfPage":{"@id":"https:\/\/tajkertesz.com\/termek\/csotanyirto-gel-foval-5-g\/#primaryimage"},"image":{"@id":"https:\/\/tajkertesz.com\/termek\/csotanyirto-gel-foval-5-g\/#primaryimage"},"thumbnailUrl":"https:\/\/tajkertesz.com\/wp-content\/uploads\/2021\/06\/csotanyirto-gel-foval-5-g.jpg","datePublished":"2021-06-28T07:09:41+00:00","dateModified":"2026-02-17T15:10:53+00:00","description":"Cs\u00f3t\u00e1nyirt\u00f3 g\u00e9l Foval 5 g","breadcrumb":{"@id":"https:\/\/tajkertesz.com\/termek\/csotanyirto-gel-foval-5-g\/#breadcrumb"},"inLanguage":"en-US","potentialAction":[{"@type":"ReadAction","target":["https:\/\/tajkertesz.com\/termek\/csotanyirto-gel-foval-5-g\/"]}]},{"@type":"ImageObject","inLanguage":"en-US","@id":"https:\/\/tajkertesz.com\/termek\/csotanyirto-gel-foval-5-g\/#primaryimage","url":"https:\/\/tajkertesz.com\/wp-content\/uploads\/2021\/06\/csotanyirto-gel-foval-5-g.jpg","contentUrl":"https:\/\/tajkertesz.com\/wp-content\/uploads\/2021\/06\/csotanyirto-gel-foval-5-g.jpg","width":800,"height":800},{"@type":"BreadcrumbList","@id":"https:\/\/tajkertesz.com\/termek\/csotanyirto-gel-foval-5-g\/#breadcrumb","itemListElement":[{"@type":"ListItem","position":1,"name":"Home","item":"https:\/\/tajkertesz.com\/"},{"@type":"ListItem","position":2,"name":"Kezd\u0151lap","item":"https:\/\/tajkertesz.com\/"},{"@type":"ListItem","position":3,"name":"Cs\u00f3t\u00e1nyirt\u00f3 g\u00e9l Foval 5 g"}]},{"@type":"WebSite","@id":"https:\/\/tajkertesz.com\/#website","url":"https:\/\/tajkertesz.com\/","name":"T\u00e1j-Kert\u00e9sz 84 Kft.","description":"Kert\u00e9szeti kis- \u00e9s nagykeresked\u00e9s, D\u00edszn\u00f6v\u00e9ny web\u00e1ruh\u00e1z orsz\u00e1gos h\u00e1zhozsz\u00e1ll\u00edt\u00e1ssal!","publisher":{"@id":"https:\/\/tajkertesz.com\/#organization"},"potentialAction":[{"@type":"SearchAction","target":{"@type":"EntryPoint","urlTemplate":"https:\/\/tajkertesz.com\/?s={search_term_string}"},"query-input":{"@type":"PropertyValueSpecification","valueRequired":true,"valueName":"search_term_string"}}],"inLanguage":"en-US"},{"@type":"Organization","@id":"https:\/\/tajkertesz.com\/#organization","name":"T\u00e1j-Kert\u00e9sz 84 Kft.","url":"https:\/\/tajkertesz.com\/","logo":{"@type":"ImageObject","inLanguage":"en-US","@id":"https:\/\/tajkertesz.com\/#\/schema\/logo\/image\/","url":"https:\/\/tajkertesz.com\/wp-content\/uploads\/2018\/02\/logo-2-e1518678052539.png","contentUrl":"https:\/\/tajkertesz.com\/wp-content\/uploads\/2018\/02\/logo-2-e1518678052539.png","width":81,"height":140,"caption":"T\u00e1j-Kert\u00e9sz 84 Kft."},"image":{"@id":"https:\/\/tajkertesz.com\/#\/schema\/logo\/image\/"},"sameAs":["https:\/\/www.facebook.com\/Tajkertesz\/"]}]}},"_links":{"self":[{"href":"https:\/\/tajkertesz.com\/en_US\/wp-json\/wp\/v2\/product\/7364","targetHints":{"allow":["GET"]}}],"collection":[{"href":"https:\/\/tajkertesz.com\/en_US\/wp-json\/wp\/v2\/product"}],"about":[{"href":"https:\/\/tajkertesz.com\/en_US\/wp-json\/wp\/v2\/types\/product"}],"wp:featuredmedia":[{"embeddable":true,"href":"https:\/\/tajkertesz.com\/en_US\/wp-json\/wp\/v2\/media\/7365"}],"wp:attachment":[{"href":"https:\/\/tajkertesz.com\/en_US\/wp-json\/wp\/v2\/media?parent=7364"}],"wp:term":[{"taxonomy":"product_brand","embeddable":true,"href":"https:\/\/tajkertesz.com\/en_US\/wp-json\/wp\/v2\/product_brand?post=7364"},{"taxonomy":"product_cat","embeddable":true,"href":"https:\/\/tajkertesz.com\/en_US\/wp-json\/wp\/v2\/product_cat?post=7364"},{"taxonomy":"product_tag","embeddable":true,"href":"https:\/\/tajkertesz.com\/en_US\/wp-json\/wp\/v2\/product_tag?post=7364"}],"curies":[{"name":"wp","href":"https:\/\/api.w.org\/{rel}","templated":true}]}}