{"id":738,"date":"2020-02-13T13:17:18","date_gmt":"2020-02-13T13:17:18","guid":{"rendered":"https:\/\/tajkertesz.com\/?post_type=product&#038;p=738"},"modified":"2023-10-02T12:18:48","modified_gmt":"2023-10-02T12:18:48","slug":"acer-palmatum-bloodgood-bordo-levelu-japan-juhar","status":"publish","type":"product","link":"https:\/\/tajkertesz.com\/en_US\/product\/acer-palmatum-bloodgood-bordo-levelu-japan-juhar\/","title":{"rendered":"Acer palmatum &#8216;Bloodgood&#8217; ,Bord\u00f3 level\u0171 jap\u00e1n juhar"},"content":{"rendered":"<p><b>Acer palmatum &#8216;Bloodgood&#8217; ,Bord\u00f3 level\u0171 jap\u00e1n juhar<\/b><\/p>\n<p><b>Az Acer palmatum &#8216;Bloodgood&#8217; ,Bord\u00f3 level\u0171 jap\u00e1n juhar 3-5\u00a0 m magass\u00e1got el\u00e9r\u0151 kis fa vagy cserje.<\/b><\/p>\n<p><b>N\u00f6veked\u00e9s, alak:<\/b> 3-5\u00a0 m magass\u00e1got el\u00e9r\u0151 kis fa vagy cserje.<br \/>\n<b>Lev\u00e9l: <\/b>m\u00e9lyen \u00f6tkar\u00e9josak, a fajt\u00e1ra jellemz\u0151, hogy kihajt\u00e1skor bord\u00f3 sz\u00edn\u0171ek, majd ny\u00e1ron b\u00edbor, \u0151szre pedig karmazsinv\u00f6r\u00f6s \u00e1rnyalat\u00faak .<br \/>\n<b>Vir\u00e1g:<\/b>\u00a0S\u00e1rga, m\u00e1jusban vir\u00e1gzik<br \/>\n<b>Term\u0151hely<\/b>: bord\u00f3 level\u0171 jap\u00e1n juhar m\u00e9sz\u00e9rz\u00e9keny fajta, az \u00fcde \u00e9s savany\u00fa-agyagos vagy homokos talajokon fejl\u0151dik csak megfelel\u0151en, tov\u00e1bb\u00e1 p\u00e1ra- \u00e9s v\u00edzig\u00e9nyes.<br \/>\n<b>Felhaszn\u00e1l\u00e1s:<\/b> Lombkoron\u00e1j\u00e1nak k\u00f6sz\u00f6nhet\u0151en igen kedvelt szoliter, illetve a jap\u00e1nkertek egyik legjellegzetesebb eleme.<\/p>\n<p>Jelen term\u00e9k\u00fcnk 2 literes cser\u00e9pben kaphat\u00f3 \u00e9s kb: 60\/80cm magas.<\/p>\n<p><b>K\u00e9szlet\u00fcnk napi szinten v\u00e1ltozik, ez\u00e9rt k\u00e9rj\u00fck, \u00e9rdekl\u0151dj\u00f6n szem\u00e9lyesen, telefonon vagy email-en.<br \/>\nA v\u00e1ltoztat\u00e1s jo<a href=\"https:\/\/tajkertesz.com\/\">g\u00e1t fenntartjuk!<\/a><\/b><\/p>\n<p><a href=\"https:\/\/tajkertesz.com\/\">https:\/\/tajkertesz.com\/<\/a><\/p>\n<p>https:\/\/hu.wikipe<a href=\"https:\/\/hu.wikipedia.org\/wiki\/Ujjas_juhar\">dia.org\/wiki\/Ujjas_juhar<\/a><\/p>\n<p>&nbsp;<\/p>\n<p><span style=\"color: #ffffff;\">Az\u00a0<b>ujjas juhar<\/b>\u00a0vagy\u00a0<b>legyez\u0151level\u0171 juhar<\/b>\u00a0<i>(Acer palmatum)<\/i>\u00a0a\u00a0<a style=\"color: #ffffff;\" title=\"Szappanfavir\u00e1g\u00faak\" href=\"https:\/\/hu.wikipedia.org\/wiki\/Szappanfavir%C3%A1g%C3%BAak\">szappanfavir\u00e1g\u00faak<\/a>\u00a0<i>(Sapindales)<\/i>\u00a0<a style=\"color: #ffffff;\" title=\"Rend (rendszertan)\" href=\"https:\/\/hu.wikipedia.org\/wiki\/Rend_(rendszertan)\">rendj\u00e9be<\/a>\u00a0\u00e9s a\u00a0<a style=\"color: #ffffff;\" title=\"Szappanfaf\u00e9l\u00e9k\" href=\"https:\/\/hu.wikipedia.org\/wiki\/Szappanfaf%C3%A9l%C3%A9k\">szappanfaf\u00e9l\u00e9k<\/a>\u00a0<i>(Sapindaceae)<\/i>\u00a0<a style=\"color: #ffffff;\" title=\"Csal\u00e1d (rendszertan)\" href=\"https:\/\/hu.wikipedia.org\/wiki\/Csal%C3%A1d_(rendszertan)\">csal\u00e1dj\u00e1ba<\/a>\u00a0tartoz\u00f3\u00a0<a style=\"color: #ffffff;\" title=\"Faj\" href=\"https:\/\/hu.wikipedia.org\/wiki\/Faj\">faj<\/a>. A\u00a0<a style=\"color: #ffffff;\" title=\"Jap\u00e1nkert\" href=\"https:\/\/hu.wikipedia.org\/wiki\/Jap%C3%A1nkert\">jap\u00e1nkert<\/a>\u00a0egyik meghat\u00e1roz\u00f3 n\u00f6v\u00e9nyfaja, magyarul (m\u00e1s fajokkal egy\u00fctt) a leggyakrabban\u00a0<i>jap\u00e1n juharnak<\/i>\u00a0nevezik. K\u00fcl\u00f6nleges k\u00fclleme miatt igen kedvelt d\u00edszn\u00f6v\u00e9ny. Igen sok v\u00e1ltozata l\u00e9tezik, akadnak k\u00f6zt\u00fck vil\u00e1goss\u00e1rga, halv\u00e1nyz\u00f6ld, bord\u00f3 sz\u00e9l\u0171, de teljesen s\u00f6t\u00e9tbord\u00f3 level\u0171ek is. Sz\u00ednes lomb\u00fa fajt\u00e1i z\u00f6ld f\u00e1k el\u0151tt nagyon kontrasztosak.\u00a0<a style=\"color: #ffffff;\" title=\"Bonszai\" href=\"https:\/\/hu.wikipedia.org\/wiki\/Bonszai\">Bonszaik\u00e9nt<\/a>\u00a0is gyakran nevelik.<\/span><\/p>\n<p><span style=\"color: #ffffff;\"><i>Acer palmatum<\/i>\u00a0is a\u00a0<a style=\"color: #ffffff;\" title=\"Deciduous\" href=\"https:\/\/en.wikipedia.org\/wiki\/Deciduous\">deciduous<\/a>\u00a0<a style=\"color: #ffffff;\" title=\"Shrub\" href=\"https:\/\/en.wikipedia.org\/wiki\/Shrub\">shrub<\/a>\u00a0or small\u00a0<a style=\"color: #ffffff;\" title=\"Tree\" href=\"https:\/\/en.wikipedia.org\/wiki\/Tree\">tree<\/a>\u00a0reaching heights of 6 to 10\u00a0m (20 to 33\u00a0ft), rarely 16 metres (52\u00a0ft), often growing as an understory plant in shady\u00a0<a style=\"color: #ffffff;\" title=\"Woodland\" href=\"https:\/\/en.wikipedia.org\/wiki\/Woodland\">woodlands<\/a>. It may have multiple trunks joining close to the g<sup id=\"cite_ref-gelderen_8-1\" class=\"reference\"><a style=\"color: #ffffff;\" href=\"https:\/\/en.wikipedia.org\/wiki\/Acer_palmatum#cite_note-gelderen-8\">]<\/a><\/sup><sup id=\"cite_ref-rushforth_9-0\" class=\"reference\"><a style=\"color: #ffffff;\" href=\"https:\/\/en.wikipedia.org\/wiki\/Acer_palmatum#cite_note-rushforth-9\">[9]<\/a><\/sup><\/span><\/p>\n<p>&nbsp;<\/p>\n<p>&nbsp;<\/p>\n","protected":false},"excerpt":{"rendered":"<p><b>Az Acer palmatum &#8216;Bloodgood&#8217; ,Bord\u00f3 level\u0171 jap\u00e1n juhar 3-5\u00a0 m magass\u00e1got el\u00e9r\u0151 kis fa vagy cserje.<\/b><\/p>\n<p><b>N\u00f6veked\u00e9s, alak:<\/b> 3-5\u00a0 m magass\u00e1got el\u00e9r\u0151 kis fa vagy cserje.<br \/>\n<b>Lev\u00e9l: <\/b>m\u00e9lyen \u00f6tkar\u00e9josak, a fajt\u00e1ra jellemz\u0151, hogy kihajt\u00e1skor bord\u00f3 sz\u00edn\u0171ek, majd ny\u00e1ron b\u00edbor, \u0151szre pedig karmazsinv\u00f6r\u00f6s \u00e1rnyalat\u00faak .<br \/>\n<b>Vir\u00e1g:<\/b>\u00a0S\u00e1rga, m\u00e1jusban vir\u00e1gzik<br \/>\n<b>Term\u0151hely<\/b>: bord\u00f3 level\u0171 jap\u00e1n juhar m\u00e9sz\u00e9rz\u00e9keny fajta, az \u00fcde \u00e9s savany\u00fa-agyagos vagy homokos talajokon fejl\u0151dik csak megfelel\u0151en, tov\u00e1bb\u00e1 p\u00e1ra- \u00e9s v\u00edzig\u00e9nyes.<br \/>\n<b>Felhaszn\u00e1l\u00e1s:<\/b> Lombkoron\u00e1j\u00e1nak k\u00f6sz\u00f6nhet\u0151en igen kedvelt szoliter, illetve a jap\u00e1nkertek egyik legjellegzetesebb eleme.<\/p>","protected":false},"featured_media":739,"template":"","meta":{"_et_pb_use_builder":"","_et_pb_old_content":"","_et_gb_content_width":""},"product_brand":[],"product_cat":[28],"product_tag":[207,208,45,47],"class_list":{"0":"post-738","1":"product","2":"type-product","3":"status-publish","4":"has-post-thumbnail","6":"product_cat-diszfak","7":"product_tag-acer-palmatum-bloodgood","8":"product_tag-bordo-levelu-japan-juhar","9":"product_tag-japan-juhar","10":"product_tag-juhar","12":"first","13":"outofstock","14":"shipping-taxable","15":"purchasable","16":"product-type-simple"},"yoast_head":"<!-- This site is optimized with the Yoast SEO plugin v27.3 - https:\/\/yoast.com\/product\/yoast-seo-wordpress\/ -->\n<title>Acer palmatum &#039;Bloodgood&#039; ,Bord\u00f3 level\u0171 jap\u00e1n juhar - T\u00e1jkert\u00e9sz<\/title>\n<meta name=\"description\" content=\"Az Acer palmatum &#039;Bloodgood&#039; ,Bord\u00f3 level\u0171 jap\u00e1n juhar 3-5\u00a0 m magass\u00e1got el\u00e9r\u0151 kis fa vagy cserje.Lombkoron\u00e1j\u00e1nak k\u00f6sz\u00f6nhet\u0151en igen kedvelt szoliter.\" \/>\n<meta name=\"robots\" content=\"index, follow, max-snippet:-1, max-image-preview:large, max-video-preview:-1\" \/>\n<link rel=\"canonical\" href=\"https:\/\/tajkertesz.com\/en_US\/product\/acer-palmatum-bloodgood-bordo-levelu-japan-juhar\/\" \/>\n<meta property=\"og:locale\" content=\"en_US\" \/>\n<meta property=\"og:type\" content=\"article\" \/>\n<meta property=\"og:title\" content=\"Acer palmatum &#039;Bloodgood&#039; ,Bord\u00f3 level\u0171 jap\u00e1n juhar - T\u00e1jkert\u00e9sz\" \/>\n<meta property=\"og:description\" content=\"Az Acer palmatum &#039;Bloodgood&#039; ,Bord\u00f3 level\u0171 jap\u00e1n juhar 3-5\u00a0 m magass\u00e1got el\u00e9r\u0151 kis fa vagy cserje.Lombkoron\u00e1j\u00e1nak k\u00f6sz\u00f6nhet\u0151en igen kedvelt szoliter.\" \/>\n<meta property=\"og:url\" content=\"https:\/\/tajkertesz.com\/en_US\/product\/acer-palmatum-bloodgood-bordo-levelu-japan-juhar\/\" \/>\n<meta property=\"og:site_name\" content=\"T\u00e1jkert\u00e9sz\" \/>\n<meta property=\"article:publisher\" content=\"https:\/\/www.facebook.com\/Tajkertesz\/\" \/>\n<meta property=\"article:modified_time\" content=\"2023-10-02T12:18:48+00:00\" \/>\n<meta property=\"og:image\" content=\"https:\/\/tajkertesz.com\/wp-content\/uploads\/2020\/02\/bordo_levelu_japan_juhar_oth_103-1_vbig.jpg\" \/>\n\t<meta property=\"og:image:width\" content=\"852\" \/>\n\t<meta property=\"og:image:height\" content=\"768\" \/>\n\t<meta property=\"og:image:type\" content=\"image\/jpeg\" \/>\n<meta name=\"twitter:card\" content=\"summary_large_image\" \/>\n<meta name=\"twitter:label1\" content=\"Est. reading time\" \/>\n\t<meta name=\"twitter:data1\" content=\"2 minutes\" \/>\n<script type=\"application\/ld+json\" class=\"yoast-schema-graph\">{\"@context\":\"https:\\\/\\\/schema.org\",\"@graph\":[{\"@type\":\"WebPage\",\"@id\":\"https:\\\/\\\/tajkertesz.com\\\/termek\\\/acer-palmatum-bloodgood-bordo-levelu-japan-juhar\\\/\",\"url\":\"https:\\\/\\\/tajkertesz.com\\\/termek\\\/acer-palmatum-bloodgood-bordo-levelu-japan-juhar\\\/\",\"name\":\"Acer palmatum 'Bloodgood' ,Bord\u00f3 level\u0171 jap\u00e1n juhar - T\u00e1jkert\u00e9sz\",\"isPartOf\":{\"@id\":\"https:\\\/\\\/tajkertesz.com\\\/#website\"},\"primaryImageOfPage\":{\"@id\":\"https:\\\/\\\/tajkertesz.com\\\/termek\\\/acer-palmatum-bloodgood-bordo-levelu-japan-juhar\\\/#primaryimage\"},\"image\":{\"@id\":\"https:\\\/\\\/tajkertesz.com\\\/termek\\\/acer-palmatum-bloodgood-bordo-levelu-japan-juhar\\\/#primaryimage\"},\"thumbnailUrl\":\"https:\\\/\\\/tajkertesz.com\\\/wp-content\\\/uploads\\\/2020\\\/02\\\/bordo_levelu_japan_juhar_oth_103-1_vbig.jpg\",\"datePublished\":\"2020-02-13T13:17:18+00:00\",\"dateModified\":\"2023-10-02T12:18:48+00:00\",\"description\":\"Az Acer palmatum 'Bloodgood' ,Bord\u00f3 level\u0171 jap\u00e1n juhar 3-5\u00a0 m magass\u00e1got el\u00e9r\u0151 kis fa vagy cserje.Lombkoron\u00e1j\u00e1nak k\u00f6sz\u00f6nhet\u0151en igen kedvelt szoliter.\",\"breadcrumb\":{\"@id\":\"https:\\\/\\\/tajkertesz.com\\\/termek\\\/acer-palmatum-bloodgood-bordo-levelu-japan-juhar\\\/#breadcrumb\"},\"inLanguage\":\"en-US\",\"potentialAction\":[{\"@type\":\"ReadAction\",\"target\":[\"https:\\\/\\\/tajkertesz.com\\\/termek\\\/acer-palmatum-bloodgood-bordo-levelu-japan-juhar\\\/\"]}]},{\"@type\":\"ImageObject\",\"inLanguage\":\"en-US\",\"@id\":\"https:\\\/\\\/tajkertesz.com\\\/termek\\\/acer-palmatum-bloodgood-bordo-levelu-japan-juhar\\\/#primaryimage\",\"url\":\"https:\\\/\\\/tajkertesz.com\\\/wp-content\\\/uploads\\\/2020\\\/02\\\/bordo_levelu_japan_juhar_oth_103-1_vbig.jpg\",\"contentUrl\":\"https:\\\/\\\/tajkertesz.com\\\/wp-content\\\/uploads\\\/2020\\\/02\\\/bordo_levelu_japan_juhar_oth_103-1_vbig.jpg\",\"width\":852,\"height\":768},{\"@type\":\"BreadcrumbList\",\"@id\":\"https:\\\/\\\/tajkertesz.com\\\/termek\\\/acer-palmatum-bloodgood-bordo-levelu-japan-juhar\\\/#breadcrumb\",\"itemListElement\":[{\"@type\":\"ListItem\",\"position\":1,\"name\":\"Home\",\"item\":\"https:\\\/\\\/tajkertesz.com\\\/\"},{\"@type\":\"ListItem\",\"position\":2,\"name\":\"Kezd\u0151lap\",\"item\":\"https:\\\/\\\/tajkertesz.com\\\/\"},{\"@type\":\"ListItem\",\"position\":3,\"name\":\"Acer palmatum &#8216;Bloodgood&#8217; ,Bord\u00f3 level\u0171 jap\u00e1n juhar\"}]},{\"@type\":\"WebSite\",\"@id\":\"https:\\\/\\\/tajkertesz.com\\\/#website\",\"url\":\"https:\\\/\\\/tajkertesz.com\\\/\",\"name\":\"T\u00e1j-Kert\u00e9sz 84 Kft.\",\"description\":\"Kert\u00e9szeti kis- \u00e9s nagykeresked\u00e9s, D\u00edszn\u00f6v\u00e9ny web\u00e1ruh\u00e1z orsz\u00e1gos h\u00e1zhozsz\u00e1ll\u00edt\u00e1ssal!\",\"publisher\":{\"@id\":\"https:\\\/\\\/tajkertesz.com\\\/#organization\"},\"potentialAction\":[{\"@type\":\"SearchAction\",\"target\":{\"@type\":\"EntryPoint\",\"urlTemplate\":\"https:\\\/\\\/tajkertesz.com\\\/?s={search_term_string}\"},\"query-input\":{\"@type\":\"PropertyValueSpecification\",\"valueRequired\":true,\"valueName\":\"search_term_string\"}}],\"inLanguage\":\"en-US\"},{\"@type\":\"Organization\",\"@id\":\"https:\\\/\\\/tajkertesz.com\\\/#organization\",\"name\":\"T\u00e1j-Kert\u00e9sz 84 Kft.\",\"url\":\"https:\\\/\\\/tajkertesz.com\\\/\",\"logo\":{\"@type\":\"ImageObject\",\"inLanguage\":\"en-US\",\"@id\":\"https:\\\/\\\/tajkertesz.com\\\/#\\\/schema\\\/logo\\\/image\\\/\",\"url\":\"https:\\\/\\\/tajkertesz.com\\\/wp-content\\\/uploads\\\/2018\\\/02\\\/logo-2-e1518678052539.png\",\"contentUrl\":\"https:\\\/\\\/tajkertesz.com\\\/wp-content\\\/uploads\\\/2018\\\/02\\\/logo-2-e1518678052539.png\",\"width\":81,\"height\":140,\"caption\":\"T\u00e1j-Kert\u00e9sz 84 Kft.\"},\"image\":{\"@id\":\"https:\\\/\\\/tajkertesz.com\\\/#\\\/schema\\\/logo\\\/image\\\/\"},\"sameAs\":[\"https:\\\/\\\/www.facebook.com\\\/Tajkertesz\\\/\"]}]}<\/script>\n<!-- \/ Yoast SEO plugin. -->","yoast_head_json":{"title":"Acer palmatum 'Bloodgood' ,Bord\u00f3 level\u0171 jap\u00e1n juhar - T\u00e1jkert\u00e9sz","description":"Az Acer palmatum 'Bloodgood' ,Bord\u00f3 level\u0171 jap\u00e1n juhar 3-5\u00a0 m magass\u00e1got el\u00e9r\u0151 kis fa vagy cserje.Lombkoron\u00e1j\u00e1nak k\u00f6sz\u00f6nhet\u0151en igen kedvelt szoliter.","robots":{"index":"index","follow":"follow","max-snippet":"max-snippet:-1","max-image-preview":"max-image-preview:large","max-video-preview":"max-video-preview:-1"},"canonical":"https:\/\/tajkertesz.com\/en_US\/product\/acer-palmatum-bloodgood-bordo-levelu-japan-juhar\/","og_locale":"en_US","og_type":"article","og_title":"Acer palmatum 'Bloodgood' ,Bord\u00f3 level\u0171 jap\u00e1n juhar - T\u00e1jkert\u00e9sz","og_description":"Az Acer palmatum 'Bloodgood' ,Bord\u00f3 level\u0171 jap\u00e1n juhar 3-5\u00a0 m magass\u00e1got el\u00e9r\u0151 kis fa vagy cserje.Lombkoron\u00e1j\u00e1nak k\u00f6sz\u00f6nhet\u0151en igen kedvelt szoliter.","og_url":"https:\/\/tajkertesz.com\/en_US\/product\/acer-palmatum-bloodgood-bordo-levelu-japan-juhar\/","og_site_name":"T\u00e1jkert\u00e9sz","article_publisher":"https:\/\/www.facebook.com\/Tajkertesz\/","article_modified_time":"2023-10-02T12:18:48+00:00","og_image":[{"width":852,"height":768,"url":"https:\/\/tajkertesz.com\/wp-content\/uploads\/2020\/02\/bordo_levelu_japan_juhar_oth_103-1_vbig.jpg","type":"image\/jpeg"}],"twitter_card":"summary_large_image","twitter_misc":{"Est. reading time":"2 minutes"},"schema":{"@context":"https:\/\/schema.org","@graph":[{"@type":"WebPage","@id":"https:\/\/tajkertesz.com\/termek\/acer-palmatum-bloodgood-bordo-levelu-japan-juhar\/","url":"https:\/\/tajkertesz.com\/termek\/acer-palmatum-bloodgood-bordo-levelu-japan-juhar\/","name":"Acer palmatum 'Bloodgood' ,Bord\u00f3 level\u0171 jap\u00e1n juhar - T\u00e1jkert\u00e9sz","isPartOf":{"@id":"https:\/\/tajkertesz.com\/#website"},"primaryImageOfPage":{"@id":"https:\/\/tajkertesz.com\/termek\/acer-palmatum-bloodgood-bordo-levelu-japan-juhar\/#primaryimage"},"image":{"@id":"https:\/\/tajkertesz.com\/termek\/acer-palmatum-bloodgood-bordo-levelu-japan-juhar\/#primaryimage"},"thumbnailUrl":"https:\/\/tajkertesz.com\/wp-content\/uploads\/2020\/02\/bordo_levelu_japan_juhar_oth_103-1_vbig.jpg","datePublished":"2020-02-13T13:17:18+00:00","dateModified":"2023-10-02T12:18:48+00:00","description":"Az Acer palmatum 'Bloodgood' ,Bord\u00f3 level\u0171 jap\u00e1n juhar 3-5\u00a0 m magass\u00e1got el\u00e9r\u0151 kis fa vagy cserje.Lombkoron\u00e1j\u00e1nak k\u00f6sz\u00f6nhet\u0151en igen kedvelt szoliter.","breadcrumb":{"@id":"https:\/\/tajkertesz.com\/termek\/acer-palmatum-bloodgood-bordo-levelu-japan-juhar\/#breadcrumb"},"inLanguage":"en-US","potentialAction":[{"@type":"ReadAction","target":["https:\/\/tajkertesz.com\/termek\/acer-palmatum-bloodgood-bordo-levelu-japan-juhar\/"]}]},{"@type":"ImageObject","inLanguage":"en-US","@id":"https:\/\/tajkertesz.com\/termek\/acer-palmatum-bloodgood-bordo-levelu-japan-juhar\/#primaryimage","url":"https:\/\/tajkertesz.com\/wp-content\/uploads\/2020\/02\/bordo_levelu_japan_juhar_oth_103-1_vbig.jpg","contentUrl":"https:\/\/tajkertesz.com\/wp-content\/uploads\/2020\/02\/bordo_levelu_japan_juhar_oth_103-1_vbig.jpg","width":852,"height":768},{"@type":"BreadcrumbList","@id":"https:\/\/tajkertesz.com\/termek\/acer-palmatum-bloodgood-bordo-levelu-japan-juhar\/#breadcrumb","itemListElement":[{"@type":"ListItem","position":1,"name":"Home","item":"https:\/\/tajkertesz.com\/"},{"@type":"ListItem","position":2,"name":"Kezd\u0151lap","item":"https:\/\/tajkertesz.com\/"},{"@type":"ListItem","position":3,"name":"Acer palmatum &#8216;Bloodgood&#8217; ,Bord\u00f3 level\u0171 jap\u00e1n juhar"}]},{"@type":"WebSite","@id":"https:\/\/tajkertesz.com\/#website","url":"https:\/\/tajkertesz.com\/","name":"T\u00e1j-Kert\u00e9sz 84 Kft.","description":"Kert\u00e9szeti kis- \u00e9s nagykeresked\u00e9s, D\u00edszn\u00f6v\u00e9ny web\u00e1ruh\u00e1z orsz\u00e1gos h\u00e1zhozsz\u00e1ll\u00edt\u00e1ssal!","publisher":{"@id":"https:\/\/tajkertesz.com\/#organization"},"potentialAction":[{"@type":"SearchAction","target":{"@type":"EntryPoint","urlTemplate":"https:\/\/tajkertesz.com\/?s={search_term_string}"},"query-input":{"@type":"PropertyValueSpecification","valueRequired":true,"valueName":"search_term_string"}}],"inLanguage":"en-US"},{"@type":"Organization","@id":"https:\/\/tajkertesz.com\/#organization","name":"T\u00e1j-Kert\u00e9sz 84 Kft.","url":"https:\/\/tajkertesz.com\/","logo":{"@type":"ImageObject","inLanguage":"en-US","@id":"https:\/\/tajkertesz.com\/#\/schema\/logo\/image\/","url":"https:\/\/tajkertesz.com\/wp-content\/uploads\/2018\/02\/logo-2-e1518678052539.png","contentUrl":"https:\/\/tajkertesz.com\/wp-content\/uploads\/2018\/02\/logo-2-e1518678052539.png","width":81,"height":140,"caption":"T\u00e1j-Kert\u00e9sz 84 Kft."},"image":{"@id":"https:\/\/tajkertesz.com\/#\/schema\/logo\/image\/"},"sameAs":["https:\/\/www.facebook.com\/Tajkertesz\/"]}]}},"_links":{"self":[{"href":"https:\/\/tajkertesz.com\/en_US\/wp-json\/wp\/v2\/product\/738","targetHints":{"allow":["GET"]}}],"collection":[{"href":"https:\/\/tajkertesz.com\/en_US\/wp-json\/wp\/v2\/product"}],"about":[{"href":"https:\/\/tajkertesz.com\/en_US\/wp-json\/wp\/v2\/types\/product"}],"wp:featuredmedia":[{"embeddable":true,"href":"https:\/\/tajkertesz.com\/en_US\/wp-json\/wp\/v2\/media\/739"}],"wp:attachment":[{"href":"https:\/\/tajkertesz.com\/en_US\/wp-json\/wp\/v2\/media?parent=738"}],"wp:term":[{"taxonomy":"product_brand","embeddable":true,"href":"https:\/\/tajkertesz.com\/en_US\/wp-json\/wp\/v2\/product_brand?post=738"},{"taxonomy":"product_cat","embeddable":true,"href":"https:\/\/tajkertesz.com\/en_US\/wp-json\/wp\/v2\/product_cat?post=738"},{"taxonomy":"product_tag","embeddable":true,"href":"https:\/\/tajkertesz.com\/en_US\/wp-json\/wp\/v2\/product_tag?post=738"}],"curies":[{"name":"wp","href":"https:\/\/api.w.org\/{rel}","templated":true}]}}