{"id":7397,"date":"2021-06-28T10:15:50","date_gmt":"2021-06-28T10:15:50","guid":{"rendered":"https:\/\/tajkertesz.com\/?post_type=product&#038;p=7397"},"modified":"2026-02-17T15:08:45","modified_gmt":"2026-02-17T15:08:45","slug":"garden-protector-halozati-adapter-wk052-es-wk0055-hoz","status":"publish","type":"product","link":"https:\/\/tajkertesz.com\/en_US\/product\/garden-protector-halozati-adapter-wk052-es-wk0055-hoz\/","title":{"rendered":"Garden Protector h\u00e1l\u00f3zati adapter WK052 \u00e9s WK0055-h\u00f6z"},"content":{"rendered":"<div class=\"artdet__name-rating d-none d-lg-block\">\n<div class=\"row gutters-5\">\n<div class=\"col\">\n<div class=\"artdet__name-pagination-wrap d-flex\">\n<div class=\"top product-page-top\">\n<div class=\"center product-page-center\">\n<div class=\"artdet__name-pagination-wrap d-flex\">\n<div class=\"summary entry-summary\">\n<div class=\"elementor-column elementor-col-50 elementor-inner-column elementor-element elementor-element-072daa9\" data-id=\"072daa9\" data-element_type=\"column\">\n<div class=\"elementor-widget-wrap elementor-element-populated\">\n<div class=\"elementor-element elementor-element-54ae97b elementor-widget__width-auto elementor-widget elementor-widget-jet-single-title\" data-id=\"54ae97b\" data-element_type=\"widget\" data-widget_type=\"jet-single-title.default\">\n<div class=\"elementor-widget-container\">\n<div class=\"elementor-jet-single-title jet-woo-builder\">\n<h1>Garden Protector h\u00e1l\u00f3zati adapter WK052 \u00e9s WK0055-h\u00f6z<\/h1>\n<\/div>\n<\/div>\n<\/div>\n<\/div>\n<\/div>\n<div class=\"elementor-column elementor-col-50 elementor-inner-column elementor-element elementor-element-fe6e915\" data-id=\"fe6e915\" data-element_type=\"column\">\n<div class=\"elementor-widget-wrap elementor-element-populated\">\n<div class=\"elementor-element elementor-element-f74de4b elementor-widget__width-auto elementor-widget elementor-widget-jet-single-price\" data-id=\"f74de4b\" data-element_type=\"widget\" data-widget_type=\"jet-single-price.default\">\n<div class=\"elementor-widget-container\">\n<div class=\"elementor-jet-single-price jet-woo-builder\">\n<p>Garden Protector h\u00e1l\u00f3zati adapter WK052 \u00e9s WK0055-h\u00f6z<\/p>\n<\/div>\n<p>H\u00e1l\u00f3zati adapter a WK0052 vagy WK0055 cikksz\u00e1m\u00fa kis\u00e1llat riaszt\u00f3 k\u00e9sz\u00fcl\u00e9khez.<\/p>\n<p>K\u00fcl- \u00e9s belt\u00e9ri haszn\u00e1latra is alkalmas.<\/p>\n<p>Az adapter haszn\u00e1lat\u00e1val elker\u00fclhet\u0151 az elemek \u00e1lland\u00f3 cser\u00e9je.<br \/>\nHaszn\u00e1lat\u00e1n\u00e1l vigy\u00e1zz arra, hogy a h\u00e1l\u00f3zati dugaljat ne \u00e9rje nedvess\u00e9g. Amennyiben nem tudod a term\u00e9ket v\u00edzhatlan helyen m\u0171k\u00f6dtetni, aj\u00e1nlunk hozz\u00e1 k\u00fclt\u00e9ri v\u00edzhatlan csatlakoz\u00f3 dobozt.<\/p>\n<div class=\"elementor-jet-single-price jet-woo-builder\">\n<p class=\"paragraph_style_6\">\n<\/div>\n<\/div>\n<div><\/div>\n<\/div>\n<\/div>\n<\/div>\n<\/div>\n<\/div>\n<\/div>\n<\/div>\n<\/div>\n<\/div>\n<\/div>\n<\/div>\n<div><a href=\"https:\/\/www.facebook.com\/tajkertesz\">https:\/\/www.facebook.com\/tajkertesz<\/a><\/div>\n<div>\n<p><a href=\"https:\/\/tajkertesz.com\/\">https:\/\/tajkertesz.com\/<\/a><\/p>\n<\/div>\n<p><span style=\"color: #ffffff;\">manaps\u00e1g m\u00e1r elterjemanaps\u00e1g m\u00e1r elterjedt a m\u0171anyagb\u00f3l k\u00e9sz\u00fclt v\u00e1ltozat is. Kert\u00e9szetekben \u00e9s nagyobb \u00e1ruh\u00e1zakban kaphat\u00f3, ak\u00e1rcsak az \u00e1s\u00f3, a lap\u00e1t, a kapa vagy ritk\u00e1bban a kaszahanem a h\u00e1z k\u00f6r\u00fcl is fontos eszk\u00f6z, a lehullott faleveleket (avart) vagy egy\u00e9b lombokat is \u00f6ssze lehet vele szedni (a speci\u00e1lisan lombgy\u0171jt\u00e9sre szakosodott verzi\u00f3ja a lombsepr\u0171). Nyele \u00e1ltal\u00e1ban f\u00e1b\u00f3l, feje pedig vasb\u00f3l k\u00e9sz\u00fcl, de manaps\u00e1g m\u00e1r elterjedt a m\u0171anyagb\u00f3l k\u00e9sz\u00fclt v\u00e1ltozat is. Kert\u00e9szetekben \u00e9s nagyobb \u00e1ruh\u00e1zakban kaphat\u00f3, ak\u00e1rcsak az \u00e1s\u00f3, a lap\u00e1t, a kapa vagy ritk\u00e1bban a kasza..\u00c1tm\u00e9r\u0151: 6 mmdt a m\u0171anyagb\u00f3l k\u00e9sz\u00fclt v\u00e1ltozat is. Kert\u00e9szetekben \u00e9s nagyobb \u00e1ruh\u00e1zakban kaphat\u00f3, ak\u00e1rcsak az \u00e1s\u00f3, a lap\u00e1t, a kapa vagy ritk\u00e1bban a kaszahanem a h\u00e1z k\u00f6r\u00fcl is fontos eszk\u00f6z, a lehullott faleveleket (avart) vagy egy\u00e9b lombokat is \u00f6ssze lehet vele szedni (a speci\u00e1lisan lombgy\u0171jt\u00e9sre szakosodott verzi\u00f3ja a lombsepr\u0171). Nyele \u00e1ltal\u00e1ban f\u00e1b\u00f3l, feje pedig vasb\u00f3l k\u00e9sz\u00fcl, de manaps\u00e1g m\u00e1r elterjedt a m\u0171anyagb\u00f3l k\u00e9sz\u00fclt v\u00e1ltozat is. Kert\u00e9szetekben \u00e9s nagyobb \u00e1ruh\u00e1zakban kaphat\u00f3, ak\u00e1rcsak az \u00e1s\u00f3, a lap\u00e1t, a kapa vagy ritk\u00e1bban a kasza..\u00c1tm\u00e9r\u0151: 6 mm<\/span><\/p>\n<p><b>K\u00e9szlet\u00fcnk napi szinten v\u00e1ltozik, ez\u00e9rt k\u00e9rj\u00fck, \u00e9rdekl\u0151dj\u00f6n szem\u00e9lyesen, telefonon vagy email-en.<br \/>\nA v\u00e1ltoztat\u00e1s jog\u00e1t fenntartjuk!\u00a0<\/b><\/p>","protected":false},"excerpt":{"rendered":"<div class=\"artdet__name-rating d-none d-lg-block\">\n<div class=\"row gutters-5\">\n<div class=\"col\">\n<div class=\"artdet__name-rating d-none d-lg-block\">\n<div class=\"row gutters-5\">\n<div class=\"col\">\n<div class=\"artdet__name-rating d-none d-lg-block\">\n<div class=\"row gutters-5\">\n<div class=\"col\">\n<div class=\"artdet__name-rating d-none d-lg-block\">\n<div class=\"row gutters-5\">\n<div class=\"col\">\n<div class=\"artdet__name-rating d-none d-lg-block\">\n<div class=\"row gutters-5\">\n<div class=\"col\">\n<div class=\"artdet__name-rating d-none d-lg-block\">\n<div class=\"row gutters-5\">\n<div class=\"col\">\n<div class=\"artdet__name-rating d-none d-lg-block\">\n<div class=\"row gutters-5\">\n<div class=\"col\">\n<div class=\"artdet__name-rating d-none d-lg-block\">\n<div class=\"row gutters-5\">\n<div class=\"col\">\n<div class=\"artdet__name-rating d-none d-lg-block\">\n<div class=\"row gutters-5\">\n<div class=\"col\">\n<div class=\"artdet__name-rating d-none d-lg-block\">\n<div class=\"row gutters-5\">\n<div class=\"col\">\n<div class=\"artdet__name-rating d-none d-lg-block\">\n<div class=\"row gutters-5\">\n<div class=\"col\">\n<div class=\"artdet__name-rating d-none d-lg-block\">\n<div class=\"row gutters-5\">\n<div class=\"col\">\n<div class=\"artdet__name-pagination-wrap d-flex\">\n<div class=\"artdet__name-pagination-wrap d-flex\">\n<div class=\"artdet__name-pagination-wrap d-flex\">\n<div class=\"artdet__name-pagination-wrap d-flex\">\n<div class=\"artdet__name-rating d-none d-lg-block\">\n<div class=\"row gutters-5\">\n<div class=\"col\">\n<div class=\"artdet__name-pagination-wrap d-flex\">\n<div class=\"artdet__name-pagination-wrap d-flex\">\n<div class=\"artdet__name-pagination-wrap d-flex\">\n<div class=\"top product-page-top\">\n<div class=\"center product-page-center\">\n<div class=\"elementor-column elementor-col-50 elementor-inner-column elementor-element elementor-element-072daa9\" data-id=\"072daa9\" data-element_type=\"column\">\n<div class=\"elementor-widget-wrap elementor-element-populated\">\n<div class=\"elementor-element elementor-element-54ae97b elementor-widget__width-auto elementor-widget elementor-widget-jet-single-title\" data-id=\"54ae97b\" data-element_type=\"widget\" data-widget_type=\"jet-single-title.default\">\n<div class=\"elementor-widget-container\">\n<div class=\"elementor-jet-single-title jet-woo-builder\">\n<div class=\"elementor-column elementor-col-50 elementor-inner-column elementor-element elementor-element-072daa9\" data-id=\"072daa9\" data-element_type=\"column\">\n<div class=\"elementor-widget-wrap elementor-element-populated\">\n<div class=\"elementor-element elementor-element-54ae97b elementor-widget__width-auto elementor-widget elementor-widget-jet-single-title\" data-id=\"54ae97b\" data-element_type=\"widget\" data-widget_type=\"jet-single-title.default\">\n<div class=\"elementor-widget-container\">\n<div class=\"elementor-jet-single-title jet-woo-builder\">\n<div class=\"elementor-column elementor-col-50 elementor-inner-column elementor-element elementor-element-072daa9\" data-id=\"072daa9\" data-element_type=\"column\">\n<div class=\"elementor-widget-wrap elementor-element-populated\">\n<div class=\"elementor-element elementor-element-54ae97b elementor-widget__width-auto elementor-widget elementor-widget-jet-single-title\" data-id=\"54ae97b\" data-element_type=\"widget\" data-widget_type=\"jet-single-title.default\">\n<div class=\"elementor-widget-container\">\n<div class=\"elementor-jet-single-title jet-woo-builder\">\n<div class=\"elementor-column elementor-col-50 elementor-inner-column elementor-element elementor-element-072daa9\" data-id=\"072daa9\" data-element_type=\"column\">\n<div class=\"elementor-widget-wrap elementor-element-populated\">\n<div class=\"elementor-element elementor-element-54ae97b elementor-widget__width-auto elementor-widget elementor-widget-jet-single-title\" data-id=\"54ae97b\" data-element_type=\"widget\" data-widget_type=\"jet-single-title.default\">\n<div class=\"elementor-widget-container\">\n<div class=\"elementor-jet-single-title jet-woo-builder\">\n<div class=\"elementor-column elementor-col-50 elementor-inner-column elementor-element elementor-element-072daa9\" data-id=\"072daa9\" data-element_type=\"column\">\n<div class=\"elementor-widget-wrap elementor-element-populated\">\n<div class=\"elementor-element elementor-element-54ae97b elementor-widget__width-auto elementor-widget elementor-widget-jet-single-title\" data-id=\"54ae97b\" data-element_type=\"widget\" data-widget_type=\"jet-single-title.default\">\n<div class=\"elementor-widget-container\">\n<div class=\"elementor-jet-single-title jet-woo-builder\">\n<h1>Garden Protector h\u00e1l\u00f3zati adapter WK052 \u00e9s WK0055-h\u00f6z<\/h1>\n<p>&nbsp;<\/p>\n<\/div>\n<\/div>\n<\/div>\n<\/div>\n<\/div>\n<\/div>\n<\/div>\n<\/div>\n<\/div>\n<\/div>\n<\/div>\n<\/div>\n<\/div>\n<\/div>\n<\/div>\n<\/div>\n<\/div>\n<\/div>\n<\/div>\n<\/div>\n<\/div>\n<\/div>\n<\/div>\n<\/div>\n<\/div>\n<\/div>\n<\/div>\n<\/div>\n<\/div>\n<\/div>\n<\/div>\n<\/div>\n<\/div>\n<\/div>\n<\/div>\n<\/div>\n<\/div>\n<\/div>\n<\/div>\n<\/div>\n<\/div>\n<\/div>\n<\/div>\n<\/div>\n<\/div>\n<\/div>\n<\/div>\n<\/div>\n<\/div>\n<\/div>\n<\/div>\n<\/div>\n<\/div>\n<\/div>\n<\/div>\n<\/div>\n<\/div>\n<\/div>\n<\/div>\n<\/div>\n<\/div>\n<\/div>\n<\/div>\n<\/div>\n<\/div>\n<\/div>\n<\/div>\n<\/div>\n<\/div>\n<\/div>\n<\/div>\n<\/div>\n<\/div>","protected":false},"featured_media":7398,"template":"","meta":{"_et_pb_use_builder":"","_et_pb_old_content":"","_et_gb_content_width":""},"product_brand":[],"product_cat":[4274,4091],"product_tag":[2167],"class_list":{"0":"post-7397","1":"product","2":"type-product","3":"status-publish","4":"has-post-thumbnail","6":"product_cat-akcios-termekek","7":"product_cat-egyeb-csapdak-riasztok","8":"product_tag-garden-protector-halozati-adapter-wk052-es-wk0055-hoz","10":"first","11":"instock","12":"sale","13":"shipping-taxable","14":"purchasable","15":"product-type-simple"},"yoast_head":"<!-- This site is optimized with the Yoast SEO plugin v27.5 - https:\/\/yoast.com\/product\/yoast-seo-wordpress\/ -->\n<title>Garden Protector h\u00e1l\u00f3zati adapter WK052 \u00e9s WK0055-h\u00f6z - T\u00e1jkert\u00e9sz<\/title>\n<meta name=\"description\" content=\"Garden Protector h\u00e1l\u00f3zati adapter WK052 \u00e9s WK0055-h\u00f6z\" \/>\n<meta name=\"robots\" content=\"index, follow, max-snippet:-1, max-image-preview:large, max-video-preview:-1\" \/>\n<link rel=\"canonical\" href=\"https:\/\/tajkertesz.com\/en_US\/product\/garden-protector-halozati-adapter-wk052-es-wk0055-hoz\/\" \/>\n<meta property=\"og:locale\" content=\"en_US\" \/>\n<meta property=\"og:type\" content=\"article\" \/>\n<meta property=\"og:title\" content=\"Garden Protector h\u00e1l\u00f3zati adapter WK052 \u00e9s WK0055-h\u00f6z - T\u00e1jkert\u00e9sz\" \/>\n<meta property=\"og:description\" content=\"Garden Protector h\u00e1l\u00f3zati adapter WK052 \u00e9s WK0055-h\u00f6z\" \/>\n<meta property=\"og:url\" content=\"https:\/\/tajkertesz.com\/en_US\/product\/garden-protector-halozati-adapter-wk052-es-wk0055-hoz\/\" \/>\n<meta property=\"og:site_name\" content=\"T\u00e1jkert\u00e9sz\" \/>\n<meta property=\"article:publisher\" content=\"https:\/\/www.facebook.com\/Tajkertesz\/\" \/>\n<meta property=\"article:modified_time\" content=\"2026-02-17T15:08:45+00:00\" \/>\n<meta property=\"og:image\" content=\"https:\/\/tajkertesz.com\/wp-content\/uploads\/2021\/06\/IMG_20210628_094313.jpg\" \/>\n\t<meta property=\"og:image:width\" content=\"445\" \/>\n\t<meta property=\"og:image:height\" content=\"600\" \/>\n\t<meta property=\"og:image:type\" content=\"image\/jpeg\" \/>\n<meta name=\"twitter:card\" content=\"summary_large_image\" \/>\n<meta name=\"twitter:label1\" content=\"Est. reading time\" \/>\n\t<meta name=\"twitter:data1\" content=\"2 minutes\" \/>\n<script type=\"application\/ld+json\" class=\"yoast-schema-graph\">{\"@context\":\"https:\\\/\\\/schema.org\",\"@graph\":[{\"@type\":\"WebPage\",\"@id\":\"https:\\\/\\\/tajkertesz.com\\\/termek\\\/garden-protector-halozati-adapter-wk052-es-wk0055-hoz\\\/\",\"url\":\"https:\\\/\\\/tajkertesz.com\\\/termek\\\/garden-protector-halozati-adapter-wk052-es-wk0055-hoz\\\/\",\"name\":\"Garden Protector h\u00e1l\u00f3zati adapter WK052 \u00e9s WK0055-h\u00f6z - T\u00e1jkert\u00e9sz\",\"isPartOf\":{\"@id\":\"https:\\\/\\\/tajkertesz.com\\\/#website\"},\"primaryImageOfPage\":{\"@id\":\"https:\\\/\\\/tajkertesz.com\\\/termek\\\/garden-protector-halozati-adapter-wk052-es-wk0055-hoz\\\/#primaryimage\"},\"image\":{\"@id\":\"https:\\\/\\\/tajkertesz.com\\\/termek\\\/garden-protector-halozati-adapter-wk052-es-wk0055-hoz\\\/#primaryimage\"},\"thumbnailUrl\":\"https:\\\/\\\/tajkertesz.com\\\/wp-content\\\/uploads\\\/2021\\\/06\\\/IMG_20210628_094313.jpg\",\"datePublished\":\"2021-06-28T10:15:50+00:00\",\"dateModified\":\"2026-02-17T15:08:45+00:00\",\"description\":\"Garden Protector h\u00e1l\u00f3zati adapter WK052 \u00e9s WK0055-h\u00f6z\",\"breadcrumb\":{\"@id\":\"https:\\\/\\\/tajkertesz.com\\\/termek\\\/garden-protector-halozati-adapter-wk052-es-wk0055-hoz\\\/#breadcrumb\"},\"inLanguage\":\"en-US\",\"potentialAction\":[{\"@type\":\"ReadAction\",\"target\":[\"https:\\\/\\\/tajkertesz.com\\\/termek\\\/garden-protector-halozati-adapter-wk052-es-wk0055-hoz\\\/\"]}]},{\"@type\":\"ImageObject\",\"inLanguage\":\"en-US\",\"@id\":\"https:\\\/\\\/tajkertesz.com\\\/termek\\\/garden-protector-halozati-adapter-wk052-es-wk0055-hoz\\\/#primaryimage\",\"url\":\"https:\\\/\\\/tajkertesz.com\\\/wp-content\\\/uploads\\\/2021\\\/06\\\/IMG_20210628_094313.jpg\",\"contentUrl\":\"https:\\\/\\\/tajkertesz.com\\\/wp-content\\\/uploads\\\/2021\\\/06\\\/IMG_20210628_094313.jpg\",\"width\":445,\"height\":600,\"caption\":\"hdr\"},{\"@type\":\"BreadcrumbList\",\"@id\":\"https:\\\/\\\/tajkertesz.com\\\/termek\\\/garden-protector-halozati-adapter-wk052-es-wk0055-hoz\\\/#breadcrumb\",\"itemListElement\":[{\"@type\":\"ListItem\",\"position\":1,\"name\":\"Home\",\"item\":\"https:\\\/\\\/tajkertesz.com\\\/\"},{\"@type\":\"ListItem\",\"position\":2,\"name\":\"Kezd\u0151lap\",\"item\":\"https:\\\/\\\/tajkertesz.com\\\/\"},{\"@type\":\"ListItem\",\"position\":3,\"name\":\"Garden Protector h\u00e1l\u00f3zati adapter WK052 \u00e9s WK0055-h\u00f6z\"}]},{\"@type\":\"WebSite\",\"@id\":\"https:\\\/\\\/tajkertesz.com\\\/#website\",\"url\":\"https:\\\/\\\/tajkertesz.com\\\/\",\"name\":\"T\u00e1j-Kert\u00e9sz 84 Kft.\",\"description\":\"Kert\u00e9szeti kis- \u00e9s nagykeresked\u00e9s, D\u00edszn\u00f6v\u00e9ny web\u00e1ruh\u00e1z orsz\u00e1gos h\u00e1zhozsz\u00e1ll\u00edt\u00e1ssal!\",\"publisher\":{\"@id\":\"https:\\\/\\\/tajkertesz.com\\\/#organization\"},\"potentialAction\":[{\"@type\":\"SearchAction\",\"target\":{\"@type\":\"EntryPoint\",\"urlTemplate\":\"https:\\\/\\\/tajkertesz.com\\\/?s={search_term_string}\"},\"query-input\":{\"@type\":\"PropertyValueSpecification\",\"valueRequired\":true,\"valueName\":\"search_term_string\"}}],\"inLanguage\":\"en-US\"},{\"@type\":\"Organization\",\"@id\":\"https:\\\/\\\/tajkertesz.com\\\/#organization\",\"name\":\"T\u00e1j-Kert\u00e9sz 84 Kft.\",\"url\":\"https:\\\/\\\/tajkertesz.com\\\/\",\"logo\":{\"@type\":\"ImageObject\",\"inLanguage\":\"en-US\",\"@id\":\"https:\\\/\\\/tajkertesz.com\\\/#\\\/schema\\\/logo\\\/image\\\/\",\"url\":\"https:\\\/\\\/tajkertesz.com\\\/wp-content\\\/uploads\\\/2018\\\/02\\\/logo-2-e1518678052539.png\",\"contentUrl\":\"https:\\\/\\\/tajkertesz.com\\\/wp-content\\\/uploads\\\/2018\\\/02\\\/logo-2-e1518678052539.png\",\"width\":81,\"height\":140,\"caption\":\"T\u00e1j-Kert\u00e9sz 84 Kft.\"},\"image\":{\"@id\":\"https:\\\/\\\/tajkertesz.com\\\/#\\\/schema\\\/logo\\\/image\\\/\"},\"sameAs\":[\"https:\\\/\\\/www.facebook.com\\\/Tajkertesz\\\/\"]}]}<\/script>\n<!-- \/ Yoast SEO plugin. -->","yoast_head_json":{"title":"Garden Protector h\u00e1l\u00f3zati adapter WK052 \u00e9s WK0055-h\u00f6z - T\u00e1jkert\u00e9sz","description":"Garden Protector h\u00e1l\u00f3zati adapter WK052 \u00e9s WK0055-h\u00f6z","robots":{"index":"index","follow":"follow","max-snippet":"max-snippet:-1","max-image-preview":"max-image-preview:large","max-video-preview":"max-video-preview:-1"},"canonical":"https:\/\/tajkertesz.com\/en_US\/product\/garden-protector-halozati-adapter-wk052-es-wk0055-hoz\/","og_locale":"en_US","og_type":"article","og_title":"Garden Protector h\u00e1l\u00f3zati adapter WK052 \u00e9s WK0055-h\u00f6z - T\u00e1jkert\u00e9sz","og_description":"Garden Protector h\u00e1l\u00f3zati adapter WK052 \u00e9s WK0055-h\u00f6z","og_url":"https:\/\/tajkertesz.com\/en_US\/product\/garden-protector-halozati-adapter-wk052-es-wk0055-hoz\/","og_site_name":"T\u00e1jkert\u00e9sz","article_publisher":"https:\/\/www.facebook.com\/Tajkertesz\/","article_modified_time":"2026-02-17T15:08:45+00:00","og_image":[{"width":445,"height":600,"url":"https:\/\/tajkertesz.com\/wp-content\/uploads\/2021\/06\/IMG_20210628_094313.jpg","type":"image\/jpeg"}],"twitter_card":"summary_large_image","twitter_misc":{"Est. reading time":"2 minutes"},"schema":{"@context":"https:\/\/schema.org","@graph":[{"@type":"WebPage","@id":"https:\/\/tajkertesz.com\/termek\/garden-protector-halozati-adapter-wk052-es-wk0055-hoz\/","url":"https:\/\/tajkertesz.com\/termek\/garden-protector-halozati-adapter-wk052-es-wk0055-hoz\/","name":"Garden Protector h\u00e1l\u00f3zati adapter WK052 \u00e9s WK0055-h\u00f6z - T\u00e1jkert\u00e9sz","isPartOf":{"@id":"https:\/\/tajkertesz.com\/#website"},"primaryImageOfPage":{"@id":"https:\/\/tajkertesz.com\/termek\/garden-protector-halozati-adapter-wk052-es-wk0055-hoz\/#primaryimage"},"image":{"@id":"https:\/\/tajkertesz.com\/termek\/garden-protector-halozati-adapter-wk052-es-wk0055-hoz\/#primaryimage"},"thumbnailUrl":"https:\/\/tajkertesz.com\/wp-content\/uploads\/2021\/06\/IMG_20210628_094313.jpg","datePublished":"2021-06-28T10:15:50+00:00","dateModified":"2026-02-17T15:08:45+00:00","description":"Garden Protector h\u00e1l\u00f3zati adapter WK052 \u00e9s WK0055-h\u00f6z","breadcrumb":{"@id":"https:\/\/tajkertesz.com\/termek\/garden-protector-halozati-adapter-wk052-es-wk0055-hoz\/#breadcrumb"},"inLanguage":"en-US","potentialAction":[{"@type":"ReadAction","target":["https:\/\/tajkertesz.com\/termek\/garden-protector-halozati-adapter-wk052-es-wk0055-hoz\/"]}]},{"@type":"ImageObject","inLanguage":"en-US","@id":"https:\/\/tajkertesz.com\/termek\/garden-protector-halozati-adapter-wk052-es-wk0055-hoz\/#primaryimage","url":"https:\/\/tajkertesz.com\/wp-content\/uploads\/2021\/06\/IMG_20210628_094313.jpg","contentUrl":"https:\/\/tajkertesz.com\/wp-content\/uploads\/2021\/06\/IMG_20210628_094313.jpg","width":445,"height":600,"caption":"hdr"},{"@type":"BreadcrumbList","@id":"https:\/\/tajkertesz.com\/termek\/garden-protector-halozati-adapter-wk052-es-wk0055-hoz\/#breadcrumb","itemListElement":[{"@type":"ListItem","position":1,"name":"Home","item":"https:\/\/tajkertesz.com\/"},{"@type":"ListItem","position":2,"name":"Kezd\u0151lap","item":"https:\/\/tajkertesz.com\/"},{"@type":"ListItem","position":3,"name":"Garden Protector h\u00e1l\u00f3zati adapter WK052 \u00e9s WK0055-h\u00f6z"}]},{"@type":"WebSite","@id":"https:\/\/tajkertesz.com\/#website","url":"https:\/\/tajkertesz.com\/","name":"T\u00e1j-Kert\u00e9sz 84 Kft.","description":"Kert\u00e9szeti kis- \u00e9s nagykeresked\u00e9s, D\u00edszn\u00f6v\u00e9ny web\u00e1ruh\u00e1z orsz\u00e1gos h\u00e1zhozsz\u00e1ll\u00edt\u00e1ssal!","publisher":{"@id":"https:\/\/tajkertesz.com\/#organization"},"potentialAction":[{"@type":"SearchAction","target":{"@type":"EntryPoint","urlTemplate":"https:\/\/tajkertesz.com\/?s={search_term_string}"},"query-input":{"@type":"PropertyValueSpecification","valueRequired":true,"valueName":"search_term_string"}}],"inLanguage":"en-US"},{"@type":"Organization","@id":"https:\/\/tajkertesz.com\/#organization","name":"T\u00e1j-Kert\u00e9sz 84 Kft.","url":"https:\/\/tajkertesz.com\/","logo":{"@type":"ImageObject","inLanguage":"en-US","@id":"https:\/\/tajkertesz.com\/#\/schema\/logo\/image\/","url":"https:\/\/tajkertesz.com\/wp-content\/uploads\/2018\/02\/logo-2-e1518678052539.png","contentUrl":"https:\/\/tajkertesz.com\/wp-content\/uploads\/2018\/02\/logo-2-e1518678052539.png","width":81,"height":140,"caption":"T\u00e1j-Kert\u00e9sz 84 Kft."},"image":{"@id":"https:\/\/tajkertesz.com\/#\/schema\/logo\/image\/"},"sameAs":["https:\/\/www.facebook.com\/Tajkertesz\/"]}]}},"_links":{"self":[{"href":"https:\/\/tajkertesz.com\/en_US\/wp-json\/wp\/v2\/product\/7397","targetHints":{"allow":["GET"]}}],"collection":[{"href":"https:\/\/tajkertesz.com\/en_US\/wp-json\/wp\/v2\/product"}],"about":[{"href":"https:\/\/tajkertesz.com\/en_US\/wp-json\/wp\/v2\/types\/product"}],"wp:featuredmedia":[{"embeddable":true,"href":"https:\/\/tajkertesz.com\/en_US\/wp-json\/wp\/v2\/media\/7398"}],"wp:attachment":[{"href":"https:\/\/tajkertesz.com\/en_US\/wp-json\/wp\/v2\/media?parent=7397"}],"wp:term":[{"taxonomy":"product_brand","embeddable":true,"href":"https:\/\/tajkertesz.com\/en_US\/wp-json\/wp\/v2\/product_brand?post=7397"},{"taxonomy":"product_cat","embeddable":true,"href":"https:\/\/tajkertesz.com\/en_US\/wp-json\/wp\/v2\/product_cat?post=7397"},{"taxonomy":"product_tag","embeddable":true,"href":"https:\/\/tajkertesz.com\/en_US\/wp-json\/wp\/v2\/product_tag?post=7397"}],"curies":[{"name":"wp","href":"https:\/\/api.w.org\/{rel}","templated":true}]}}