{"id":740,"date":"2020-02-13T14:43:32","date_gmt":"2020-02-13T14:43:32","guid":{"rendered":"https:\/\/tajkertesz.com\/?post_type=product&#038;p=740"},"modified":"2025-09-21T07:31:58","modified_gmt":"2025-09-21T07:31:58","slug":"acer-palmatum-butterfly","status":"publish","type":"product","link":"https:\/\/tajkertesz.com\/en_US\/product\/acer-palmatum-butterfly\/","title":{"rendered":"Acer palmatum &#8216;Butterfly&#8217;,Jap\u00e1n juhar"},"content":{"rendered":"<p><strong>Acer palmatum &#8216;Butterfly&#8217; ,Jap\u00e1n juhar<\/strong><\/p>\n<p><strong>Acer palmatum &#8216;Butterfly&#8217; ,Jap\u00e1n juhar k\u00fcl\u00f6nleges lev\u00e9lsz\u00edne tavasszal z\u00f6ld r\u00f3zsasz\u00edn sz\u00e9llel, \u0151sszel v\u00f6r\u00f6ses narancs. El\u0151szeretettel nevelnek bel\u0151le\u00a0 bonsait is<\/strong><\/p>\n<p><b>N\u00f6veked\u00e9s, alak: <\/b>4-5 m magas d\u00edszfa<br \/>\n<b>Lev\u00e9l:<\/b> lev\u00e9lsz\u00edne tavasszal z\u00f6ld r\u00f3zsasz\u00edn sz\u00e9llel, \u0151sszel v\u00f6r\u00f6ses narancs.<br \/>\n<b>Vir\u00e1g:<\/b>\u00a0S\u00e1rga, m\u00e1jusban vir\u00e1gzik<br \/>\n<b>Term\u0151hely, ig\u00e9ny:<\/b> M\u00e9szker\u00fcl\u0151, a savany\u00fa k\u00e9mhat\u00e1s\u00fa (pH 6,1\u20136,5) j\u00f3 v\u00edzvezet\u0151 v\u00e1lyogtalajt kedveli.<br \/>\n<b>Felhaszn\u00e1l\u00e1s:<\/b> El\u0151szeretettel nevelik bonsz\u00e1jk\u00e9nt is. K\u00fcl\u00f6nleges k\u00fclleme miatt igen kedvelt d\u00edszn\u00f6v\u00e9ny.<\/p>\n<p>Jelen term\u00e9k\u00fcnk 3literes kont\u00e9nerben kapat\u00f3.<\/p>\n<p><b>K\u00e9szlet\u00fcnk napi szinten v\u00e1ltozik, ez\u00e9rt k\u00e9rj\u00fck, \u00e9rdekl\u0151dj\u00f6n szem\u00e9lyesen, telefonon vagy email-en.<br \/>\nA v\u00e1ltoztat\u00e1s jog\u00e1t fenntartjuk!<\/b><\/p>\n<p><a href=\"https:\/\/tajkertesz.com\/\">https:\/\/tajkertesz.com\/<\/a><\/p>\n<p><a href=\"https:\/\/en.wikipedia.org\/wiki\/Acer_palmatum\">https:\/\/en.wikipedia.org\/wiki\/Acer_palmatum<\/a><\/p>\n<h3><span id=\"Cultivars\" class=\"mw-headline\" style=\"color: #ffffff;\"><strong>Acer palmatum &#8216;Butterfly&#8217; ,Jap\u00e1n juhar<\/strong><\/span><\/h3>\n<p><span style=\"color: #ffffff;\">Over 1,000\u00a0<a style=\"color: #ffffff;\" title=\"Cultivar\" href=\"https:\/\/en.wikipedia.org\/wiki\/Cultivar\">cultivars<\/a>\u00a0have been chosen for particular characteristics, which are\u00a0<a style=\"color: #ffffff;\" title=\"Plant propagation\" href=\"https:\/\/en.wikipedia.org\/wiki\/Plant_propagation\">propagated<\/a>\u00a0by asexual reproduction most often by\u00a0<a style=\"color: #ffffff;\" title=\"Grafting\" href=\"https:\/\/en.wikipedia.org\/wiki\/Grafting\">grafting<\/a>, but some cultivars can also be propagated by\u00a0<a style=\"color: #ffffff;\" title=\"Shield budding\" href=\"https:\/\/en.wikipedia.org\/wiki\/Shield_budding\">budding<\/a>,\u00a0<a style=\"color: #ffffff;\" title=\"Vegetative reproduction\" href=\"https:\/\/en.wikipedia.org\/wiki\/Vegetative_reproduction\">cuttings<\/a>,\u00a0<a style=\"color: #ffffff;\" title=\"Tissue culture\" href=\"https:\/\/en.wikipedia.org\/wiki\/Tissue_culture\">tissue culture<\/a>, or\u00a0<a style=\"color: #ffffff;\" title=\"Layering\" href=\"https:\/\/en.wikipedia.org\/wiki\/Layering\">layering<\/a>. Some cultivars are not in cultivation in the\u00a0<a style=\"color: #ffffff;\" title=\"Western world\" href=\"https:\/\/en.wikipedia.org\/wiki\/Western_world\">Western world<\/a>\u00a0or have been lost over the generations, but many new cultivars are developed each decade.<sup id=\"cite_ref-gelderen_8-6\" class=\"reference\"><a style=\"color: #ffffff;\" href=\"https:\/\/en.wikipedia.org\/wiki\/Acer_palmatum#cite_note-gelderen-8\">[8]<\/a><\/sup>\u00a0<\/span><\/p>\n<p><span style=\"color: #ffffff;\">Cultivars are chosen for\u00a0<a style=\"color: #ffffff;\" title=\"Phenotype\" href=\"https:\/\/en.wikipedia.org\/wiki\/Phenotype\">phenotypical<\/a>\u00a0aspects such as leaf shape and size (shallowly to deeply lobed, some also palmately compound), leaf color (ranging from chartreuse through dark green or from red to dark purple, others\u00a0<a style=\"color: #ffffff;\" title=\"Variegation\" href=\"https:\/\/en.wikipedia.org\/wiki\/Variegation\">variegated<\/a>\u00a0with various patterns of white and pink), bark texture and color, and growth pattern. Most cultivars are less vigorous and smaller than is typical for the species, but are more interesting than the relatively mundane species. Cultivars come in a large variety of forms including upright, broom, weeping, cascading, dwarf, and shrub. Most cultivars are\u00a0<a class=\"mw-redirect\" style=\"color: #ffffff;\" title=\"Artificial selection\" href=\"https:\/\/en.wikipedia.org\/wiki\/Artificial_selection\">artificially selected<\/a>\u00a0from seedlings of open-pollinated plants, purposeful breeding is not common, and less often<\/span><\/p>\n<p>&nbsp;<\/p>\n<p>&nbsp;<\/p>\n<p>&nbsp;<\/p>\n<p>&nbsp;<\/p>\n","protected":false},"excerpt":{"rendered":"<p><strong>Acer palmatum &#8216;Butterfly&#8217; ,Jap\u00e1n juhar k\u00fcl\u00f6nleges lev\u00e9lsz\u00edne tavasszal z\u00f6ld r\u00f3zsasz\u00edn sz\u00e9llel, \u0151sszel v\u00f6r\u00f6ses narancs.\u00a0<\/strong><\/p>\n<h3><strong>Jelen term\u00e9k\u00fcnk\u00a0 5 literes cser\u00e9pben 80\/100 cm magas.\u00a0<\/strong><\/h3>\n<p><b>N\u00f6veked\u00e9s, alak: <\/b>4-5 m magas d\u00edszfa<br \/>\n<b>Lev\u00e9l:<\/b> lev\u00e9lsz\u00edne tavasszal z\u00f6ld r\u00f3zsasz\u00edn sz\u00e9llel, \u0151sszel v\u00f6r\u00f6ses narancs.<br \/>\n<b>Vir\u00e1g:<\/b>\u00a0S\u00e1rga, m\u00e1jusban vir\u00e1gzik<br \/>\n<b>Term\u0151hely, ig\u00e9ny:<\/b> M\u00e9szker\u00fcl\u0151, a savany\u00fa k\u00e9mhat\u00e1s\u00fa (pH 6,1\u20136,5) j\u00f3 v\u00edzvezet\u0151 v\u00e1lyogtalajt kedveli.<br \/>\n<b>Felhaszn\u00e1l\u00e1s:<\/b> El\u0151szeretettel nevelik bonsz\u00e1jk\u00e9nt is. K\u00fcl\u00f6nleges k\u00fclleme miatt igen kedvelt d\u00edszn\u00f6v\u00e9ny.<\/p>","protected":false},"featured_media":16198,"template":"","meta":{"_et_pb_use_builder":"","_et_pb_old_content":"","_et_gb_content_width":""},"product_brand":[],"product_cat":[28],"product_tag":[206,33,45,4267],"class_list":{"0":"post-740","1":"product","2":"type-product","3":"status-publish","4":"has-post-thumbnail","6":"product_cat-diszfak","7":"product_tag-acer-palmatum-butterfly","8":"product_tag-diszfa","9":"product_tag-japan-juhar","10":"product_tag-tarka-juhar-butterfly","12":"first","13":"outofstock","14":"shipping-taxable","15":"purchasable","16":"product-type-simple"},"yoast_head":"<!-- This site is optimized with the Yoast SEO plugin v27.3 - https:\/\/yoast.com\/product\/yoast-seo-wordpress\/ -->\n<title>Acer palmatum &#039;Butterfly&#039;,Jap\u00e1n juhar - T\u00e1jkert\u00e9sz<\/title>\n<meta name=\"description\" content=\"Acer palmatum &#039;Butterfly&#039; ,Jap\u00e1n juhar k\u00fcl\u00f6nleges lev\u00e9lsz\u00edne tavasszal z\u00f6ld r\u00f3zsasz\u00edn sz\u00e9llel, \u0151sszel v\u00f6r\u00f6ses narancs. Nevelnek bel\u0151le\u00a0 bonsait is.\" \/>\n<meta name=\"robots\" content=\"index, follow, max-snippet:-1, max-image-preview:large, max-video-preview:-1\" \/>\n<link rel=\"canonical\" href=\"https:\/\/tajkertesz.com\/en_US\/product\/acer-palmatum-butterfly\/\" \/>\n<meta property=\"og:locale\" content=\"en_US\" \/>\n<meta property=\"og:type\" content=\"article\" \/>\n<meta property=\"og:title\" content=\"Acer palmatum &#039;Butterfly&#039;,Jap\u00e1n juhar - T\u00e1jkert\u00e9sz\" \/>\n<meta property=\"og:description\" content=\"Acer palmatum &#039;Butterfly&#039; ,Jap\u00e1n juhar k\u00fcl\u00f6nleges lev\u00e9lsz\u00edne tavasszal z\u00f6ld r\u00f3zsasz\u00edn sz\u00e9llel, \u0151sszel v\u00f6r\u00f6ses narancs. Nevelnek bel\u0151le\u00a0 bonsait is.\" \/>\n<meta property=\"og:url\" content=\"https:\/\/tajkertesz.com\/en_US\/product\/acer-palmatum-butterfly\/\" \/>\n<meta property=\"og:site_name\" content=\"T\u00e1jkert\u00e9sz\" \/>\n<meta property=\"article:publisher\" content=\"https:\/\/www.facebook.com\/Tajkertesz\/\" \/>\n<meta property=\"article:modified_time\" content=\"2025-09-21T07:31:58+00:00\" \/>\n<meta property=\"og:image\" content=\"https:\/\/tajkertesz.com\/wp-content\/uploads\/2020\/02\/butterfly-1.jpg\" \/>\n\t<meta property=\"og:image:width\" content=\"404\" \/>\n\t<meta property=\"og:image:height\" content=\"898\" \/>\n\t<meta property=\"og:image:type\" content=\"image\/jpeg\" \/>\n<meta name=\"twitter:card\" content=\"summary_large_image\" \/>\n<meta name=\"twitter:label1\" content=\"Est. reading time\" \/>\n\t<meta name=\"twitter:data1\" content=\"2 minutes\" \/>\n<script type=\"application\/ld+json\" class=\"yoast-schema-graph\">{\"@context\":\"https:\\\/\\\/schema.org\",\"@graph\":[{\"@type\":\"WebPage\",\"@id\":\"https:\\\/\\\/tajkertesz.com\\\/termek\\\/acer-palmatum-butterfly\\\/\",\"url\":\"https:\\\/\\\/tajkertesz.com\\\/termek\\\/acer-palmatum-butterfly\\\/\",\"name\":\"Acer palmatum 'Butterfly',Jap\u00e1n juhar - T\u00e1jkert\u00e9sz\",\"isPartOf\":{\"@id\":\"https:\\\/\\\/tajkertesz.com\\\/#website\"},\"primaryImageOfPage\":{\"@id\":\"https:\\\/\\\/tajkertesz.com\\\/termek\\\/acer-palmatum-butterfly\\\/#primaryimage\"},\"image\":{\"@id\":\"https:\\\/\\\/tajkertesz.com\\\/termek\\\/acer-palmatum-butterfly\\\/#primaryimage\"},\"thumbnailUrl\":\"https:\\\/\\\/tajkertesz.com\\\/wp-content\\\/uploads\\\/2020\\\/02\\\/butterfly-1.jpg\",\"datePublished\":\"2020-02-13T14:43:32+00:00\",\"dateModified\":\"2025-09-21T07:31:58+00:00\",\"description\":\"Acer palmatum 'Butterfly' ,Jap\u00e1n juhar k\u00fcl\u00f6nleges lev\u00e9lsz\u00edne tavasszal z\u00f6ld r\u00f3zsasz\u00edn sz\u00e9llel, \u0151sszel v\u00f6r\u00f6ses narancs. Nevelnek bel\u0151le\u00a0 bonsait is.\",\"breadcrumb\":{\"@id\":\"https:\\\/\\\/tajkertesz.com\\\/termek\\\/acer-palmatum-butterfly\\\/#breadcrumb\"},\"inLanguage\":\"en-US\",\"potentialAction\":[{\"@type\":\"ReadAction\",\"target\":[\"https:\\\/\\\/tajkertesz.com\\\/termek\\\/acer-palmatum-butterfly\\\/\"]}]},{\"@type\":\"ImageObject\",\"inLanguage\":\"en-US\",\"@id\":\"https:\\\/\\\/tajkertesz.com\\\/termek\\\/acer-palmatum-butterfly\\\/#primaryimage\",\"url\":\"https:\\\/\\\/tajkertesz.com\\\/wp-content\\\/uploads\\\/2020\\\/02\\\/butterfly-1.jpg\",\"contentUrl\":\"https:\\\/\\\/tajkertesz.com\\\/wp-content\\\/uploads\\\/2020\\\/02\\\/butterfly-1.jpg\",\"width\":404,\"height\":898},{\"@type\":\"BreadcrumbList\",\"@id\":\"https:\\\/\\\/tajkertesz.com\\\/termek\\\/acer-palmatum-butterfly\\\/#breadcrumb\",\"itemListElement\":[{\"@type\":\"ListItem\",\"position\":1,\"name\":\"Home\",\"item\":\"https:\\\/\\\/tajkertesz.com\\\/\"},{\"@type\":\"ListItem\",\"position\":2,\"name\":\"Kezd\u0151lap\",\"item\":\"https:\\\/\\\/tajkertesz.com\\\/\"},{\"@type\":\"ListItem\",\"position\":3,\"name\":\"Acer palmatum &#8216;Butterfly&#8217;,Jap\u00e1n juhar\"}]},{\"@type\":\"WebSite\",\"@id\":\"https:\\\/\\\/tajkertesz.com\\\/#website\",\"url\":\"https:\\\/\\\/tajkertesz.com\\\/\",\"name\":\"T\u00e1j-Kert\u00e9sz 84 Kft.\",\"description\":\"Kert\u00e9szeti kis- \u00e9s nagykeresked\u00e9s, D\u00edszn\u00f6v\u00e9ny web\u00e1ruh\u00e1z orsz\u00e1gos h\u00e1zhozsz\u00e1ll\u00edt\u00e1ssal!\",\"publisher\":{\"@id\":\"https:\\\/\\\/tajkertesz.com\\\/#organization\"},\"potentialAction\":[{\"@type\":\"SearchAction\",\"target\":{\"@type\":\"EntryPoint\",\"urlTemplate\":\"https:\\\/\\\/tajkertesz.com\\\/?s={search_term_string}\"},\"query-input\":{\"@type\":\"PropertyValueSpecification\",\"valueRequired\":true,\"valueName\":\"search_term_string\"}}],\"inLanguage\":\"en-US\"},{\"@type\":\"Organization\",\"@id\":\"https:\\\/\\\/tajkertesz.com\\\/#organization\",\"name\":\"T\u00e1j-Kert\u00e9sz 84 Kft.\",\"url\":\"https:\\\/\\\/tajkertesz.com\\\/\",\"logo\":{\"@type\":\"ImageObject\",\"inLanguage\":\"en-US\",\"@id\":\"https:\\\/\\\/tajkertesz.com\\\/#\\\/schema\\\/logo\\\/image\\\/\",\"url\":\"https:\\\/\\\/tajkertesz.com\\\/wp-content\\\/uploads\\\/2018\\\/02\\\/logo-2-e1518678052539.png\",\"contentUrl\":\"https:\\\/\\\/tajkertesz.com\\\/wp-content\\\/uploads\\\/2018\\\/02\\\/logo-2-e1518678052539.png\",\"width\":81,\"height\":140,\"caption\":\"T\u00e1j-Kert\u00e9sz 84 Kft.\"},\"image\":{\"@id\":\"https:\\\/\\\/tajkertesz.com\\\/#\\\/schema\\\/logo\\\/image\\\/\"},\"sameAs\":[\"https:\\\/\\\/www.facebook.com\\\/Tajkertesz\\\/\"]}]}<\/script>\n<!-- \/ Yoast SEO plugin. -->","yoast_head_json":{"title":"Acer palmatum 'Butterfly',Jap\u00e1n juhar - T\u00e1jkert\u00e9sz","description":"Acer palmatum 'Butterfly' ,Jap\u00e1n juhar k\u00fcl\u00f6nleges lev\u00e9lsz\u00edne tavasszal z\u00f6ld r\u00f3zsasz\u00edn sz\u00e9llel, \u0151sszel v\u00f6r\u00f6ses narancs. Nevelnek bel\u0151le\u00a0 bonsait is.","robots":{"index":"index","follow":"follow","max-snippet":"max-snippet:-1","max-image-preview":"max-image-preview:large","max-video-preview":"max-video-preview:-1"},"canonical":"https:\/\/tajkertesz.com\/en_US\/product\/acer-palmatum-butterfly\/","og_locale":"en_US","og_type":"article","og_title":"Acer palmatum 'Butterfly',Jap\u00e1n juhar - T\u00e1jkert\u00e9sz","og_description":"Acer palmatum 'Butterfly' ,Jap\u00e1n juhar k\u00fcl\u00f6nleges lev\u00e9lsz\u00edne tavasszal z\u00f6ld r\u00f3zsasz\u00edn sz\u00e9llel, \u0151sszel v\u00f6r\u00f6ses narancs. Nevelnek bel\u0151le\u00a0 bonsait is.","og_url":"https:\/\/tajkertesz.com\/en_US\/product\/acer-palmatum-butterfly\/","og_site_name":"T\u00e1jkert\u00e9sz","article_publisher":"https:\/\/www.facebook.com\/Tajkertesz\/","article_modified_time":"2025-09-21T07:31:58+00:00","og_image":[{"width":404,"height":898,"url":"https:\/\/tajkertesz.com\/wp-content\/uploads\/2020\/02\/butterfly-1.jpg","type":"image\/jpeg"}],"twitter_card":"summary_large_image","twitter_misc":{"Est. reading time":"2 minutes"},"schema":{"@context":"https:\/\/schema.org","@graph":[{"@type":"WebPage","@id":"https:\/\/tajkertesz.com\/termek\/acer-palmatum-butterfly\/","url":"https:\/\/tajkertesz.com\/termek\/acer-palmatum-butterfly\/","name":"Acer palmatum 'Butterfly',Jap\u00e1n juhar - T\u00e1jkert\u00e9sz","isPartOf":{"@id":"https:\/\/tajkertesz.com\/#website"},"primaryImageOfPage":{"@id":"https:\/\/tajkertesz.com\/termek\/acer-palmatum-butterfly\/#primaryimage"},"image":{"@id":"https:\/\/tajkertesz.com\/termek\/acer-palmatum-butterfly\/#primaryimage"},"thumbnailUrl":"https:\/\/tajkertesz.com\/wp-content\/uploads\/2020\/02\/butterfly-1.jpg","datePublished":"2020-02-13T14:43:32+00:00","dateModified":"2025-09-21T07:31:58+00:00","description":"Acer palmatum 'Butterfly' ,Jap\u00e1n juhar k\u00fcl\u00f6nleges lev\u00e9lsz\u00edne tavasszal z\u00f6ld r\u00f3zsasz\u00edn sz\u00e9llel, \u0151sszel v\u00f6r\u00f6ses narancs. Nevelnek bel\u0151le\u00a0 bonsait is.","breadcrumb":{"@id":"https:\/\/tajkertesz.com\/termek\/acer-palmatum-butterfly\/#breadcrumb"},"inLanguage":"en-US","potentialAction":[{"@type":"ReadAction","target":["https:\/\/tajkertesz.com\/termek\/acer-palmatum-butterfly\/"]}]},{"@type":"ImageObject","inLanguage":"en-US","@id":"https:\/\/tajkertesz.com\/termek\/acer-palmatum-butterfly\/#primaryimage","url":"https:\/\/tajkertesz.com\/wp-content\/uploads\/2020\/02\/butterfly-1.jpg","contentUrl":"https:\/\/tajkertesz.com\/wp-content\/uploads\/2020\/02\/butterfly-1.jpg","width":404,"height":898},{"@type":"BreadcrumbList","@id":"https:\/\/tajkertesz.com\/termek\/acer-palmatum-butterfly\/#breadcrumb","itemListElement":[{"@type":"ListItem","position":1,"name":"Home","item":"https:\/\/tajkertesz.com\/"},{"@type":"ListItem","position":2,"name":"Kezd\u0151lap","item":"https:\/\/tajkertesz.com\/"},{"@type":"ListItem","position":3,"name":"Acer palmatum &#8216;Butterfly&#8217;,Jap\u00e1n juhar"}]},{"@type":"WebSite","@id":"https:\/\/tajkertesz.com\/#website","url":"https:\/\/tajkertesz.com\/","name":"T\u00e1j-Kert\u00e9sz 84 Kft.","description":"Kert\u00e9szeti kis- \u00e9s nagykeresked\u00e9s, D\u00edszn\u00f6v\u00e9ny web\u00e1ruh\u00e1z orsz\u00e1gos h\u00e1zhozsz\u00e1ll\u00edt\u00e1ssal!","publisher":{"@id":"https:\/\/tajkertesz.com\/#organization"},"potentialAction":[{"@type":"SearchAction","target":{"@type":"EntryPoint","urlTemplate":"https:\/\/tajkertesz.com\/?s={search_term_string}"},"query-input":{"@type":"PropertyValueSpecification","valueRequired":true,"valueName":"search_term_string"}}],"inLanguage":"en-US"},{"@type":"Organization","@id":"https:\/\/tajkertesz.com\/#organization","name":"T\u00e1j-Kert\u00e9sz 84 Kft.","url":"https:\/\/tajkertesz.com\/","logo":{"@type":"ImageObject","inLanguage":"en-US","@id":"https:\/\/tajkertesz.com\/#\/schema\/logo\/image\/","url":"https:\/\/tajkertesz.com\/wp-content\/uploads\/2018\/02\/logo-2-e1518678052539.png","contentUrl":"https:\/\/tajkertesz.com\/wp-content\/uploads\/2018\/02\/logo-2-e1518678052539.png","width":81,"height":140,"caption":"T\u00e1j-Kert\u00e9sz 84 Kft."},"image":{"@id":"https:\/\/tajkertesz.com\/#\/schema\/logo\/image\/"},"sameAs":["https:\/\/www.facebook.com\/Tajkertesz\/"]}]}},"_links":{"self":[{"href":"https:\/\/tajkertesz.com\/en_US\/wp-json\/wp\/v2\/product\/740","targetHints":{"allow":["GET"]}}],"collection":[{"href":"https:\/\/tajkertesz.com\/en_US\/wp-json\/wp\/v2\/product"}],"about":[{"href":"https:\/\/tajkertesz.com\/en_US\/wp-json\/wp\/v2\/types\/product"}],"wp:featuredmedia":[{"embeddable":true,"href":"https:\/\/tajkertesz.com\/en_US\/wp-json\/wp\/v2\/media\/16198"}],"wp:attachment":[{"href":"https:\/\/tajkertesz.com\/en_US\/wp-json\/wp\/v2\/media?parent=740"}],"wp:term":[{"taxonomy":"product_brand","embeddable":true,"href":"https:\/\/tajkertesz.com\/en_US\/wp-json\/wp\/v2\/product_brand?post=740"},{"taxonomy":"product_cat","embeddable":true,"href":"https:\/\/tajkertesz.com\/en_US\/wp-json\/wp\/v2\/product_cat?post=740"},{"taxonomy":"product_tag","embeddable":true,"href":"https:\/\/tajkertesz.com\/en_US\/wp-json\/wp\/v2\/product_tag?post=740"}],"curies":[{"name":"wp","href":"https:\/\/api.w.org\/{rel}","templated":true}]}}