{"id":7404,"date":"2021-06-28T10:27:01","date_gmt":"2021-06-28T10:27:01","guid":{"rendered":"https:\/\/tajkertesz.com\/?post_type=product&#038;p=7404"},"modified":"2024-06-07T09:03:51","modified_gmt":"2024-06-07T09:03:51","slug":"wk0053-solar-garden-protector-kisallatriaszto","status":"publish","type":"product","link":"https:\/\/tajkertesz.com\/en_US\/product\/wk0053-solar-garden-protector-kisallatriaszto\/","title":{"rendered":"WK0053 Solar Garden Protector kis\u00e1llatriaszt\u00f3"},"content":{"rendered":"<div class=\"artdet__name-rating d-none d-lg-block\">\n<div class=\"row gutters-5\">\n<div class=\"col\">\n<div class=\"artdet__name-pagination-wrap d-flex\">\n<div class=\"top product-page-top\">\n<div class=\"center product-page-center\">\n<div class=\"artdet__name-pagination-wrap d-flex\">\n<div class=\"summary entry-summary\">\n<div class=\"elementor-column elementor-col-50 elementor-inner-column elementor-element elementor-element-072daa9\" data-id=\"072daa9\" data-element_type=\"column\">\n<div class=\"elementor-widget-wrap elementor-element-populated\">\n<div class=\"elementor-element elementor-element-54ae97b elementor-widget__width-auto elementor-widget elementor-widget-jet-single-title\" data-id=\"54ae97b\" data-element_type=\"widget\" data-widget_type=\"jet-single-title.default\">\n<div class=\"elementor-widget-container\">\n<div class=\"elementor-jet-single-title jet-woo-builder\">\n<h1 class=\"product-title\">WK0053 Solar Garden Protector kis\u00e1llatriaszt\u00f3<\/h1>\n<\/div>\n<\/div>\n<\/div>\n<\/div>\n<\/div>\n<div class=\"elementor-column elementor-col-50 elementor-inner-column elementor-element elementor-element-fe6e915\" data-id=\"fe6e915\" data-element_type=\"column\">\n<div class=\"elementor-widget-wrap elementor-element-populated\">\n<div class=\"elementor-element elementor-element-f74de4b elementor-widget__width-auto elementor-widget elementor-widget-jet-single-price\" data-id=\"f74de4b\" data-element_type=\"widget\" data-widget_type=\"jet-single-price.default\">\n<div class=\"elementor-widget-container\">\n<div class=\"elementor-jet-single-price jet-woo-builder\">\n<p id=\"title\" class=\"a-size-large a-spacing-none\">WK0053 Solar Garden Protector kis\u00e1llatriaszt\u00f3, Aj\u00e1nlott\u00a0<strong>macsk\u00e1k<\/strong>, kuty\u00e1k, r\u00f3k\u00e1k, nyestek, egy\u00e9b kis\u00e1llatok elriaszt\u00e1s\u00e1hoz. Ultrahangos kis\u00e1llatriaszt\u00f3 kertekbe, \u00f3lakhoz, kerti tavak mell\u00e9, avagy bej\u00e1ratok v\u00e9delm\u00e9re. A k\u00e9sz\u00fcl\u00e9k be\u00e9p\u00edtett napelemmel \u00a0m\u0171k\u00f6dtethet\u0151.<\/p>\n<p><strong>Az ultrahangos k\u00e9sz\u00fcl\u00e9k<\/strong>\u00a0egy be\u00e9p\u00edtett infrav\u00f6r\u00f6s dek\u00f3der seg\u00edts\u00e9g\u00e9vel \u00e9rz\u00e9keli a betolakod\u00f3 \u00e1llatot, \u00e9rz\u00e9kel\u00e9skor ultrahang, \u00e9s villan\u00f3 f\u00e9ny seg\u00edts\u00e9g\u00e9vel elriasztja azt.\u00a0A weitech wk0053 kb.\u00a0<strong>75\u00a0m2-nyi<\/strong>\u00a0ter\u00fcleten hat\u00e9kony. Az infrv\u00f6r\u00f6s detektor\u00a0<strong>120\u00a0fokban<\/strong>\u00a0\u00e9rz\u00e9kel,\u00a0<strong>7\u00a0m<\/strong>\u00a0t\u00e1vols\u00e1gig. A t\u00e1vols\u00e1g is be\u00e1ll\u00edthat\u00f3 2-7 m\u00e9ter k\u00f6z\u00f6tt.<\/p>\n<p>Bal gomb- mozg\u00e1s\u00e9rz\u00e9kel\u0151 \u00e1ll\u00edt\u00e1sa<\/p>\n<p>Jobb gomb- ultrahang frekvenci\u00e1j\u00e1nak \u00e1ll\u00edt\u00e1sa.<\/p>\n<p><strong>A kis\u00e1llatriaszt\u00f3\u00a0<\/strong>haszn\u00e1lata eset\u00e9n\u00a0<strong>az elriasztani k\u00edv\u00e1nt \u00e1llat, \u00e1llatok fajt\u00e1ja be\u00e1ll\u00edthat\u00f3<\/strong>\u00a0(14-25 kHz v\u00e1ltoztathat\u00f3 ultrahang frekvencia.)<\/p>\n<p><strong>Az ultrahang\u00a0<\/strong>emberi f\u00fcl sz\u00e1m\u00e1ra alacsonyabb fokozaton (kutya, macska, nyest) minim\u00e1lis m\u00e9rt\u00e9kben hallhat\u00f3, magasabb fokozaton pl. galambok elriaszt\u00e1s\u00e1n\u00e1l a k\u00e9sz\u00fcl\u00e9k hangja abszol\u00fat hallhat\u00f3, \u00e9les \u00e9s hangos!<\/p>\n<p>A kis\u00e1llatriaszt\u00f3 teljes biztons\u00e1ggal haszn\u00e1lhat\u00f3 lovak \u00e9s haszon\u00e1llatok jelenl\u00e9t\u00e9ben is! A WK0053-as modell elemmel is m\u0171k\u00f6dik, melyek nem tartoz\u00e9kai a k\u00e9sz\u00fcl\u00e9knek (az elemek \u00e1tlagosan 4-6 h\u00f3napig tartanak, f\u00fcgg ez pl. a m\u0171k\u00f6d\u00e9s gyakoris\u00e1g\u00e1t\u00f3l, a felvillan\u00e1sok sz\u00e1m\u00e1t\u00f3l\u2026). A solar-panelt a k\u00e9sz\u00fcl\u00e9kbe be van \u00e9p\u00edtve.<\/p>\n<p>A k\u00e9sz\u00fcl\u00e9k\u00a0<strong>k\u00f6nnyen be\u00fczemeltethet\u0151, id\u0151j\u00e1r\u00e1s\u00e1ll\u00f3 k\u00fcls\u0151 burkolattal rendelkezik<\/strong>, a k\u00f6rnyezetbe beolvad\u00f3 sz\u00ednnel festett k\u00e9sz\u00fcl\u00e9k.<\/p>\n<\/div>\n<\/div>\n<\/div>\n<div>\n<div class=\"sp-cc-text\">\n<p><span style=\"color: #ffffff;\">Ha beleegyezik, s\u00fctiket is haszn\u00e1lunk v\u00e1s\u00e1rl\u00e1si \u00e9lm\u00e9ny\u00e9nek kieg\u00e9sz\u00edt\u00e9s\u00e9re, a \u00a0le\u00edrtak szerint\u00a0.\u00a0Ez mag\u00e1ban foglalja haszn\u00e1lat\u00e1t az \u00e9rdekl\u0151d\u00e9sen alapul\u00f3 hirdet\u00e9sek megjelen\u00edt\u00e9se \u00e9s m\u00e9r\u00e9se c\u00e9lj\u00e1b\u00f3l.\u00a0Kattintson a &#8222;Cookie-k testreszab\u00e1sa&#8221; gombra a s\u00fctik elutas\u00edt\u00e1s\u00e1hoz, r\u00e9szletesebb d\u00f6nt\u00e9sekhez vagy tov\u00e1bbi inform\u00e1ci\u00f3khoz.<\/span><\/p>\n<div class=\"sp-cc-text\">\n<p><span style=\"color: #ffffff;\">Ha beleegyezik, s\u00fctiket is haszn\u00e1lunk v\u00e1s\u00e1rl\u00e1si \u00e9lm\u00e9ny\u00e9nek kieg\u00e9sz\u00edt\u00e9s\u00e9re, a \u00a0le\u00edrtak szerint\u00a0.\u00a0Ez mag\u00e1ban foglalja \u00a0haszn\u00e1lat\u00e1t az \u00e9rdekl\u0151d\u00e9sen alapul\u00f3 hirdet\u00e9sek megjelen\u00edt\u00e9se \u00e9s m\u00e9r\u00e9se c\u00e9lj\u00e1b\u00f3l.\u00a0Kattintson a &#8222;Cookie-k testreszab\u00e1sa&#8221; gombra a s\u00fctik elutas\u00edt\u00e1s\u00e1hoz, r\u00e9szletesebb d\u00f6nt\u00e9sekhez vagy tov\u00e1bbi inform\u00e1ci\u00f3khoz.<\/span><\/p>\n<\/div>\n<\/div>\n<\/div>\n<\/div>\n<\/div>\n<\/div>\n<\/div>\n<\/div>\n<\/div>\n<\/div>\n<\/div>\n<\/div>\n<\/div>\n<div><a href=\"https:\/\/www.facebook.com\/tajkertesz\">https:\/\/www.facebook.com\/tajkertesz<\/a><\/div>\n<div>\n<p><a href=\"https:\/\/tajkertesz.com\/\">https:\/\/tajkertesz.com\/<\/a><\/p>\n<\/div>\n<p>&nbsp;<\/p>","protected":false},"excerpt":{"rendered":"<div class=\"artdet__name-rating d-none d-lg-block\">\n<div class=\"row gutters-5\">\n<div class=\"col\">\n<div class=\"artdet__name-rating d-none d-lg-block\">\n<div class=\"row gutters-5\">\n<div class=\"col\">\n<div class=\"artdet__name-rating d-none d-lg-block\">\n<div class=\"row gutters-5\">\n<div class=\"col\">\n<div class=\"artdet__name-rating d-none d-lg-block\">\n<div class=\"row gutters-5\">\n<div class=\"col\">\n<div class=\"artdet__name-rating d-none d-lg-block\">\n<div class=\"row gutters-5\">\n<div class=\"col\">\n<div class=\"artdet__name-rating d-none d-lg-block\">\n<div class=\"row gutters-5\">\n<div class=\"col\">\n<div class=\"artdet__name-rating d-none d-lg-block\">\n<div class=\"row gutters-5\">\n<div class=\"col\">\n<div class=\"artdet__name-rating d-none d-lg-block\">\n<div class=\"row gutters-5\">\n<div class=\"col\">\n<div class=\"artdet__name-rating d-none d-lg-block\">\n<div class=\"row gutters-5\">\n<div class=\"col\">\n<div class=\"artdet__name-rating d-none d-lg-block\">\n<div class=\"row gutters-5\">\n<div class=\"col\">\n<div class=\"artdet__name-rating d-none d-lg-block\">\n<div class=\"row gutters-5\">\n<div class=\"col\">\n<div class=\"artdet__name-rating d-none d-lg-block\">\n<div class=\"row gutters-5\">\n<div class=\"col\">\n<div class=\"artdet__name-pagination-wrap d-flex\">\n<div class=\"artdet__name-pagination-wrap d-flex\">\n<div class=\"artdet__name-pagination-wrap d-flex\">\n<div class=\"artdet__name-pagination-wrap d-flex\">\n<div class=\"artdet__name-rating d-none d-lg-block\">\n<div class=\"row gutters-5\">\n<div class=\"col\">\n<div class=\"artdet__name-pagination-wrap d-flex\">\n<div class=\"artdet__name-pagination-wrap d-flex\">\n<div class=\"artdet__name-pagination-wrap d-flex\">\n<div class=\"top product-page-top\">\n<div class=\"center product-page-center\">\n<div class=\"elementor-column elementor-col-50 elementor-inner-column elementor-element elementor-element-072daa9\" data-id=\"072daa9\" data-element_type=\"column\">\n<div class=\"elementor-widget-wrap elementor-element-populated\">\n<div class=\"elementor-element elementor-element-54ae97b elementor-widget__width-auto elementor-widget elementor-widget-jet-single-title\" data-id=\"54ae97b\" data-element_type=\"widget\" data-widget_type=\"jet-single-title.default\">\n<div class=\"elementor-widget-container\">\n<div class=\"elementor-jet-single-title jet-woo-builder\">\n<div class=\"elementor-column elementor-col-50 elementor-inner-column elementor-element elementor-element-072daa9\" data-id=\"072daa9\" data-element_type=\"column\">\n<div class=\"elementor-widget-wrap elementor-element-populated\">\n<div class=\"elementor-element elementor-element-54ae97b elementor-widget__width-auto elementor-widget elementor-widget-jet-single-title\" data-id=\"54ae97b\" data-element_type=\"widget\" data-widget_type=\"jet-single-title.default\">\n<div class=\"elementor-widget-container\">\n<div class=\"elementor-jet-single-title jet-woo-builder\">\n<div class=\"elementor-column elementor-col-50 elementor-inner-column elementor-element elementor-element-072daa9\" data-id=\"072daa9\" data-element_type=\"column\">\n<div class=\"elementor-widget-wrap elementor-element-populated\">\n<div class=\"elementor-element elementor-element-54ae97b elementor-widget__width-auto elementor-widget elementor-widget-jet-single-title\" data-id=\"54ae97b\" data-element_type=\"widget\" data-widget_type=\"jet-single-title.default\">\n<div class=\"elementor-widget-container\">\n<div class=\"elementor-jet-single-title jet-woo-builder\">\n<div class=\"elementor-column elementor-col-50 elementor-inner-column elementor-element elementor-element-072daa9\" data-id=\"072daa9\" data-element_type=\"column\">\n<div class=\"elementor-widget-wrap elementor-element-populated\">\n<div class=\"elementor-element elementor-element-54ae97b elementor-widget__width-auto elementor-widget elementor-widget-jet-single-title\" data-id=\"54ae97b\" data-element_type=\"widget\" data-widget_type=\"jet-single-title.default\">\n<div class=\"elementor-widget-container\">\n<div class=\"elementor-jet-single-title jet-woo-builder\">\n<div class=\"elementor-column elementor-col-50 elementor-inner-column elementor-element elementor-element-072daa9\" data-id=\"072daa9\" data-element_type=\"column\">\n<div class=\"elementor-widget-wrap elementor-element-populated\">\n<div class=\"elementor-element elementor-element-54ae97b elementor-widget__width-auto elementor-widget elementor-widget-jet-single-title\" data-id=\"54ae97b\" data-element_type=\"widget\" data-widget_type=\"jet-single-title.default\">\n<div class=\"elementor-widget-container\">\n<div class=\"elementor-jet-single-title jet-woo-builder\">\n<h1>WK0053 Solar Garden Protector kis\u00e1llatriaszt\u00f3<\/h1>\n<p>&nbsp;<\/p>\n<\/div>\n<\/div>\n<\/div>\n<\/div>\n<\/div>\n<\/div>\n<\/div>\n<\/div>\n<\/div>\n<\/div>\n<\/div>\n<\/div>\n<\/div>\n<\/div>\n<\/div>\n<\/div>\n<\/div>\n<\/div>\n<\/div>\n<\/div>\n<\/div>\n<\/div>\n<\/div>\n<\/div>\n<\/div>\n<\/div>\n<\/div>\n<\/div>\n<\/div>\n<\/div>\n<\/div>\n<\/div>\n<\/div>\n<\/div>\n<\/div>\n<\/div>\n<\/div>\n<\/div>\n<\/div>\n<\/div>\n<\/div>\n<\/div>\n<\/div>\n<\/div>\n<\/div>\n<\/div>\n<\/div>\n<\/div>\n<\/div>\n<\/div>\n<\/div>\n<\/div>\n<\/div>\n<\/div>\n<\/div>\n<\/div>\n<\/div>\n<\/div>\n<\/div>\n<\/div>\n<\/div>\n<\/div>\n<\/div>\n<\/div>\n<\/div>\n<\/div>\n<\/div>\n<\/div>\n<\/div>\n<\/div>\n<\/div>\n<\/div>\n<\/div>","protected":false},"featured_media":7405,"template":"","meta":{"_et_pb_use_builder":"","_et_pb_old_content":"","_et_gb_content_width":""},"product_brand":[],"product_cat":[4091],"product_tag":[2172],"class_list":{"0":"post-7404","1":"product","2":"type-product","3":"status-publish","4":"has-post-thumbnail","6":"product_cat-egyeb-csapdak-riasztok","7":"product_tag-wk0053-solar-garden-protector-kisallatriaszto","9":"first","10":"outofstock","11":"shipping-taxable","12":"product-type-simple"},"yoast_head":"<!-- This site is optimized with the Yoast SEO plugin v27.5 - https:\/\/yoast.com\/product\/yoast-seo-wordpress\/ -->\n<title>WK0053 Solar Garden Protector kis\u00e1llatriaszt\u00f3 - T\u00e1jkert\u00e9sz<\/title>\n<meta name=\"description\" content=\"WK0053 Solar Garden Protector kis\u00e1llatriaszt\u00f3\" \/>\n<meta name=\"robots\" content=\"index, follow, max-snippet:-1, max-image-preview:large, max-video-preview:-1\" \/>\n<link rel=\"canonical\" href=\"https:\/\/tajkertesz.com\/en_US\/product\/wk0053-solar-garden-protector-kisallatriaszto\/\" \/>\n<meta property=\"og:locale\" content=\"en_US\" \/>\n<meta property=\"og:type\" content=\"article\" \/>\n<meta property=\"og:title\" content=\"WK0053 Solar Garden Protector kis\u00e1llatriaszt\u00f3 - T\u00e1jkert\u00e9sz\" \/>\n<meta property=\"og:description\" content=\"WK0053 Solar Garden Protector kis\u00e1llatriaszt\u00f3\" \/>\n<meta property=\"og:url\" content=\"https:\/\/tajkertesz.com\/en_US\/product\/wk0053-solar-garden-protector-kisallatriaszto\/\" \/>\n<meta property=\"og:site_name\" content=\"T\u00e1jkert\u00e9sz\" \/>\n<meta property=\"article:publisher\" content=\"https:\/\/www.facebook.com\/Tajkertesz\/\" \/>\n<meta property=\"article:modified_time\" content=\"2024-06-07T09:03:51+00:00\" \/>\n<meta property=\"og:image\" content=\"https:\/\/tajkertesz.com\/wp-content\/uploads\/2021\/06\/IMG_20210628_094422.jpg\" \/>\n\t<meta property=\"og:image:width\" content=\"427\" \/>\n\t<meta property=\"og:image:height\" content=\"600\" \/>\n\t<meta property=\"og:image:type\" content=\"image\/jpeg\" \/>\n<meta name=\"twitter:card\" content=\"summary_large_image\" \/>\n<meta name=\"twitter:label1\" content=\"Est. reading time\" \/>\n\t<meta name=\"twitter:data1\" content=\"2 minutes\" \/>\n<script type=\"application\/ld+json\" class=\"yoast-schema-graph\">{\"@context\":\"https:\\\/\\\/schema.org\",\"@graph\":[{\"@type\":\"WebPage\",\"@id\":\"https:\\\/\\\/tajkertesz.com\\\/termek\\\/wk0053-solar-garden-protector-kisallatriaszto\\\/\",\"url\":\"https:\\\/\\\/tajkertesz.com\\\/termek\\\/wk0053-solar-garden-protector-kisallatriaszto\\\/\",\"name\":\"WK0053 Solar Garden Protector kis\u00e1llatriaszt\u00f3 - T\u00e1jkert\u00e9sz\",\"isPartOf\":{\"@id\":\"https:\\\/\\\/tajkertesz.com\\\/#website\"},\"primaryImageOfPage\":{\"@id\":\"https:\\\/\\\/tajkertesz.com\\\/termek\\\/wk0053-solar-garden-protector-kisallatriaszto\\\/#primaryimage\"},\"image\":{\"@id\":\"https:\\\/\\\/tajkertesz.com\\\/termek\\\/wk0053-solar-garden-protector-kisallatriaszto\\\/#primaryimage\"},\"thumbnailUrl\":\"https:\\\/\\\/tajkertesz.com\\\/wp-content\\\/uploads\\\/2021\\\/06\\\/IMG_20210628_094422.jpg\",\"datePublished\":\"2021-06-28T10:27:01+00:00\",\"dateModified\":\"2024-06-07T09:03:51+00:00\",\"description\":\"WK0053 Solar Garden Protector kis\u00e1llatriaszt\u00f3\",\"breadcrumb\":{\"@id\":\"https:\\\/\\\/tajkertesz.com\\\/termek\\\/wk0053-solar-garden-protector-kisallatriaszto\\\/#breadcrumb\"},\"inLanguage\":\"en-US\",\"potentialAction\":[{\"@type\":\"ReadAction\",\"target\":[\"https:\\\/\\\/tajkertesz.com\\\/termek\\\/wk0053-solar-garden-protector-kisallatriaszto\\\/\"]}]},{\"@type\":\"ImageObject\",\"inLanguage\":\"en-US\",\"@id\":\"https:\\\/\\\/tajkertesz.com\\\/termek\\\/wk0053-solar-garden-protector-kisallatriaszto\\\/#primaryimage\",\"url\":\"https:\\\/\\\/tajkertesz.com\\\/wp-content\\\/uploads\\\/2021\\\/06\\\/IMG_20210628_094422.jpg\",\"contentUrl\":\"https:\\\/\\\/tajkertesz.com\\\/wp-content\\\/uploads\\\/2021\\\/06\\\/IMG_20210628_094422.jpg\",\"width\":427,\"height\":600,\"caption\":\"hdr\"},{\"@type\":\"BreadcrumbList\",\"@id\":\"https:\\\/\\\/tajkertesz.com\\\/termek\\\/wk0053-solar-garden-protector-kisallatriaszto\\\/#breadcrumb\",\"itemListElement\":[{\"@type\":\"ListItem\",\"position\":1,\"name\":\"Home\",\"item\":\"https:\\\/\\\/tajkertesz.com\\\/\"},{\"@type\":\"ListItem\",\"position\":2,\"name\":\"Kezd\u0151lap\",\"item\":\"https:\\\/\\\/tajkertesz.com\\\/\"},{\"@type\":\"ListItem\",\"position\":3,\"name\":\"WK0053 Solar Garden Protector kis\u00e1llatriaszt\u00f3\"}]},{\"@type\":\"WebSite\",\"@id\":\"https:\\\/\\\/tajkertesz.com\\\/#website\",\"url\":\"https:\\\/\\\/tajkertesz.com\\\/\",\"name\":\"T\u00e1j-Kert\u00e9sz 84 Kft.\",\"description\":\"Kert\u00e9szeti kis- \u00e9s nagykeresked\u00e9s, D\u00edszn\u00f6v\u00e9ny web\u00e1ruh\u00e1z orsz\u00e1gos h\u00e1zhozsz\u00e1ll\u00edt\u00e1ssal!\",\"publisher\":{\"@id\":\"https:\\\/\\\/tajkertesz.com\\\/#organization\"},\"potentialAction\":[{\"@type\":\"SearchAction\",\"target\":{\"@type\":\"EntryPoint\",\"urlTemplate\":\"https:\\\/\\\/tajkertesz.com\\\/?s={search_term_string}\"},\"query-input\":{\"@type\":\"PropertyValueSpecification\",\"valueRequired\":true,\"valueName\":\"search_term_string\"}}],\"inLanguage\":\"en-US\"},{\"@type\":\"Organization\",\"@id\":\"https:\\\/\\\/tajkertesz.com\\\/#organization\",\"name\":\"T\u00e1j-Kert\u00e9sz 84 Kft.\",\"url\":\"https:\\\/\\\/tajkertesz.com\\\/\",\"logo\":{\"@type\":\"ImageObject\",\"inLanguage\":\"en-US\",\"@id\":\"https:\\\/\\\/tajkertesz.com\\\/#\\\/schema\\\/logo\\\/image\\\/\",\"url\":\"https:\\\/\\\/tajkertesz.com\\\/wp-content\\\/uploads\\\/2018\\\/02\\\/logo-2-e1518678052539.png\",\"contentUrl\":\"https:\\\/\\\/tajkertesz.com\\\/wp-content\\\/uploads\\\/2018\\\/02\\\/logo-2-e1518678052539.png\",\"width\":81,\"height\":140,\"caption\":\"T\u00e1j-Kert\u00e9sz 84 Kft.\"},\"image\":{\"@id\":\"https:\\\/\\\/tajkertesz.com\\\/#\\\/schema\\\/logo\\\/image\\\/\"},\"sameAs\":[\"https:\\\/\\\/www.facebook.com\\\/Tajkertesz\\\/\"]}]}<\/script>\n<!-- \/ Yoast SEO plugin. -->","yoast_head_json":{"title":"WK0053 Solar Garden Protector kis\u00e1llatriaszt\u00f3 - T\u00e1jkert\u00e9sz","description":"WK0053 Solar Garden Protector kis\u00e1llatriaszt\u00f3","robots":{"index":"index","follow":"follow","max-snippet":"max-snippet:-1","max-image-preview":"max-image-preview:large","max-video-preview":"max-video-preview:-1"},"canonical":"https:\/\/tajkertesz.com\/en_US\/product\/wk0053-solar-garden-protector-kisallatriaszto\/","og_locale":"en_US","og_type":"article","og_title":"WK0053 Solar Garden Protector kis\u00e1llatriaszt\u00f3 - T\u00e1jkert\u00e9sz","og_description":"WK0053 Solar Garden Protector kis\u00e1llatriaszt\u00f3","og_url":"https:\/\/tajkertesz.com\/en_US\/product\/wk0053-solar-garden-protector-kisallatriaszto\/","og_site_name":"T\u00e1jkert\u00e9sz","article_publisher":"https:\/\/www.facebook.com\/Tajkertesz\/","article_modified_time":"2024-06-07T09:03:51+00:00","og_image":[{"width":427,"height":600,"url":"https:\/\/tajkertesz.com\/wp-content\/uploads\/2021\/06\/IMG_20210628_094422.jpg","type":"image\/jpeg"}],"twitter_card":"summary_large_image","twitter_misc":{"Est. reading time":"2 minutes"},"schema":{"@context":"https:\/\/schema.org","@graph":[{"@type":"WebPage","@id":"https:\/\/tajkertesz.com\/termek\/wk0053-solar-garden-protector-kisallatriaszto\/","url":"https:\/\/tajkertesz.com\/termek\/wk0053-solar-garden-protector-kisallatriaszto\/","name":"WK0053 Solar Garden Protector kis\u00e1llatriaszt\u00f3 - T\u00e1jkert\u00e9sz","isPartOf":{"@id":"https:\/\/tajkertesz.com\/#website"},"primaryImageOfPage":{"@id":"https:\/\/tajkertesz.com\/termek\/wk0053-solar-garden-protector-kisallatriaszto\/#primaryimage"},"image":{"@id":"https:\/\/tajkertesz.com\/termek\/wk0053-solar-garden-protector-kisallatriaszto\/#primaryimage"},"thumbnailUrl":"https:\/\/tajkertesz.com\/wp-content\/uploads\/2021\/06\/IMG_20210628_094422.jpg","datePublished":"2021-06-28T10:27:01+00:00","dateModified":"2024-06-07T09:03:51+00:00","description":"WK0053 Solar Garden Protector kis\u00e1llatriaszt\u00f3","breadcrumb":{"@id":"https:\/\/tajkertesz.com\/termek\/wk0053-solar-garden-protector-kisallatriaszto\/#breadcrumb"},"inLanguage":"en-US","potentialAction":[{"@type":"ReadAction","target":["https:\/\/tajkertesz.com\/termek\/wk0053-solar-garden-protector-kisallatriaszto\/"]}]},{"@type":"ImageObject","inLanguage":"en-US","@id":"https:\/\/tajkertesz.com\/termek\/wk0053-solar-garden-protector-kisallatriaszto\/#primaryimage","url":"https:\/\/tajkertesz.com\/wp-content\/uploads\/2021\/06\/IMG_20210628_094422.jpg","contentUrl":"https:\/\/tajkertesz.com\/wp-content\/uploads\/2021\/06\/IMG_20210628_094422.jpg","width":427,"height":600,"caption":"hdr"},{"@type":"BreadcrumbList","@id":"https:\/\/tajkertesz.com\/termek\/wk0053-solar-garden-protector-kisallatriaszto\/#breadcrumb","itemListElement":[{"@type":"ListItem","position":1,"name":"Home","item":"https:\/\/tajkertesz.com\/"},{"@type":"ListItem","position":2,"name":"Kezd\u0151lap","item":"https:\/\/tajkertesz.com\/"},{"@type":"ListItem","position":3,"name":"WK0053 Solar Garden Protector kis\u00e1llatriaszt\u00f3"}]},{"@type":"WebSite","@id":"https:\/\/tajkertesz.com\/#website","url":"https:\/\/tajkertesz.com\/","name":"T\u00e1j-Kert\u00e9sz 84 Kft.","description":"Kert\u00e9szeti kis- \u00e9s nagykeresked\u00e9s, D\u00edszn\u00f6v\u00e9ny web\u00e1ruh\u00e1z orsz\u00e1gos h\u00e1zhozsz\u00e1ll\u00edt\u00e1ssal!","publisher":{"@id":"https:\/\/tajkertesz.com\/#organization"},"potentialAction":[{"@type":"SearchAction","target":{"@type":"EntryPoint","urlTemplate":"https:\/\/tajkertesz.com\/?s={search_term_string}"},"query-input":{"@type":"PropertyValueSpecification","valueRequired":true,"valueName":"search_term_string"}}],"inLanguage":"en-US"},{"@type":"Organization","@id":"https:\/\/tajkertesz.com\/#organization","name":"T\u00e1j-Kert\u00e9sz 84 Kft.","url":"https:\/\/tajkertesz.com\/","logo":{"@type":"ImageObject","inLanguage":"en-US","@id":"https:\/\/tajkertesz.com\/#\/schema\/logo\/image\/","url":"https:\/\/tajkertesz.com\/wp-content\/uploads\/2018\/02\/logo-2-e1518678052539.png","contentUrl":"https:\/\/tajkertesz.com\/wp-content\/uploads\/2018\/02\/logo-2-e1518678052539.png","width":81,"height":140,"caption":"T\u00e1j-Kert\u00e9sz 84 Kft."},"image":{"@id":"https:\/\/tajkertesz.com\/#\/schema\/logo\/image\/"},"sameAs":["https:\/\/www.facebook.com\/Tajkertesz\/"]}]}},"_links":{"self":[{"href":"https:\/\/tajkertesz.com\/en_US\/wp-json\/wp\/v2\/product\/7404","targetHints":{"allow":["GET"]}}],"collection":[{"href":"https:\/\/tajkertesz.com\/en_US\/wp-json\/wp\/v2\/product"}],"about":[{"href":"https:\/\/tajkertesz.com\/en_US\/wp-json\/wp\/v2\/types\/product"}],"wp:featuredmedia":[{"embeddable":true,"href":"https:\/\/tajkertesz.com\/en_US\/wp-json\/wp\/v2\/media\/7405"}],"wp:attachment":[{"href":"https:\/\/tajkertesz.com\/en_US\/wp-json\/wp\/v2\/media?parent=7404"}],"wp:term":[{"taxonomy":"product_brand","embeddable":true,"href":"https:\/\/tajkertesz.com\/en_US\/wp-json\/wp\/v2\/product_brand?post=7404"},{"taxonomy":"product_cat","embeddable":true,"href":"https:\/\/tajkertesz.com\/en_US\/wp-json\/wp\/v2\/product_cat?post=7404"},{"taxonomy":"product_tag","embeddable":true,"href":"https:\/\/tajkertesz.com\/en_US\/wp-json\/wp\/v2\/product_tag?post=7404"}],"curies":[{"name":"wp","href":"https:\/\/api.w.org\/{rel}","templated":true}]}}