{"id":746,"date":"2020-02-14T10:43:08","date_gmt":"2020-02-14T10:43:08","guid":{"rendered":"https:\/\/tajkertesz.com\/?post_type=product&#038;p=746"},"modified":"2026-03-17T13:54:58","modified_gmt":"2026-03-17T13:54:58","slug":"acer-platanoides-crimson-king-verjuhar","status":"publish","type":"product","link":"https:\/\/tajkertesz.com\/en_US\/product\/acer-platanoides-crimson-king-verjuhar\/","title":{"rendered":"Acer platanoides &#8216;Crimson King&#8217; &#8211; V\u00e9rjuhar"},"content":{"rendered":"<h1>Acer platanoides &#8216;Crimson King&#8217; &#8211; V\u00e9rjuhar<\/h1>\n<p><b>Az Acer platanoides &#8216;Crimson King&#8217; &#8211; V\u00e9rjuhar <\/b>egy impoz\u00e1ns megjelen\u00e9s\u0171 lombhullat\u00f3 d\u00edszfa, amely k\u00fcl\u00f6nleges, s\u00f6t\u00e9tbord\u00f3 leveleivel eg\u00e9sz veget\u00e1ci\u00f3s id\u0151szakban d\u00edsz\u00edti a kertet.<\/p>\n<h2>Acer platanoides &#8216;Crimson King&#8217; &#8211; V\u00e9rjuhar jellemz\u0151i:<\/h2>\n<p>Sz\u00e9les, g\u00f6mb\u00f6lyded koron\u00e1ja kiv\u00e1l\u00f3 \u00e1rny\u00e9kot biztos\u00edt, \u00edgy ide\u00e1lis v\u00e1laszt\u00e1s nagyobb kertekbe, parkokba vagy utcaf\u00e1s\u00edt\u00e1sra.<\/p>\n<p data-start=\"829\" data-end=\"1075\">A levelek tavasszal \u00e9l\u00e9nk bord\u00f3 sz\u00ednnel jelennek meg, majd a ny\u00e1r folyam\u00e1n m\u00e9ly, s\u00f6t\u00e9t lil\u00e1s \u00e1rnyalatot vesznek fel. \u0150sszel a lomb sz\u00ednez\u0151d\u00e9se m\u00e9g intenz\u00edvebb\u00e9 v\u00e1lik. Tavasszal apr\u00f3, s\u00e1rg\u00e1sz\u00f6ld vir\u00e1gai jelennek meg, amelyek diszkr\u00e9ten d\u00edsz\u00edtenek.<\/p>\n<p><b>15-20m magas, k\u00fap alak\u00fa koron\u00e1j\u00fa fa, levele v\u00f6r\u00f6s, tavaszt\u00f3l-\u0151szig sz\u00e9p sz\u00ednhat\u00e1st ad<\/b><\/p>\n<ul>\n<li data-section-id=\"nl32ja\" data-start=\"1151\" data-end=\"1181\">\n<p data-start=\"1153\" data-end=\"1181\">N\u00f6veked\u00e9s: k\u00f6zepesen gyors<\/p>\n<\/li>\n<li data-section-id=\"1ccccmq\" data-start=\"1182\" data-end=\"1215\">\n<p data-start=\"1184\" data-end=\"1215\">Lev\u00e9lsz\u00edn: s\u00f6t\u00e9tbord\u00f3 \/ lil\u00e1s<\/p>\n<\/li>\n<li data-section-id=\"qg9r2l\" data-start=\"1216\" data-end=\"1237\">\n<p data-start=\"1218\" data-end=\"1237\">Vir\u00e1gz\u00e1s: \u00e1prilis<\/p>\n<\/li>\n<li data-section-id=\"11ar7kj\" data-start=\"1238\" data-end=\"1272\">\n<p data-start=\"1240\" data-end=\"1272\">F\u00e9nyig\u00e9ny: napos \u2013 f\u00e9l\u00e1rny\u00e9kos<\/p>\n<\/li>\n<li data-section-id=\"16zm0oa\" data-start=\"1273\" data-end=\"1331\">\n<p data-start=\"1275\" data-end=\"1331\">Talajig\u00e9ny: j\u00f3 v\u00edzelvezet\u00e9s\u0171, t\u00e1panyagban gazdag talaj<\/p>\n<\/li>\n<li data-section-id=\"ndn240\" data-start=\"1332\" data-end=\"1363\">\n<p data-start=\"1334\" data-end=\"1363\">T\u00e9l\u00e1ll\u00f3s\u00e1g: kiv\u00e1l\u00f3 (fagyt\u0171r\u0151)<\/p>\n<\/li>\n<\/ul>\n<h4><strong>\ud83d\udd04 K\u00e9szletinform\u00e1ci\u00f3<\/strong><\/h4>\n<p><strong>K\u00e9szlet\u00fcnk napi szinten v\u00e1ltozik, \u00edgy a webshopban szerepl<\/strong><strong>\u0151<\/strong><strong>\u00a0term\u00e9kek el\u00e9rhet<\/strong><strong>\u0151<\/strong><strong>s\u00e9ge nem garant\u00e1lt.<br \/>\n\ud83d\udcde A megrendel\u00e9s el<\/strong><strong>\u0151<\/strong><strong>tt k\u00e9rj\u00fck, \u00e9rdekl<\/strong><strong>\u0151<\/strong><strong>dj\u00f6n szem\u00e9lyesen, telefonon vagy e-mailben!<\/strong><\/p>\n<h4><strong>\u27a1\ufe0f Kapcsolat:<\/strong><\/h4>\n<ul>\n<li><strong>Weboldal:\u00a0<\/strong><a href=\"https:\/\/tajkertesz.com\/\"><strong>tajkertesz.com<\/strong><\/a><\/li>\n<li><strong>Facebook:\u00a0<\/strong><a href=\"https:\/\/www.facebook.com\/tajkertesz\/\"><strong>facebook.com\/tajkertesz<\/strong><\/a><\/li>\n<li><strong>Telefonsz\u00e1m, e-mail: +36\/20-319-3770\u00a0<\/strong><a href=\"mailto:tajkerteszaruda@gmail.com\"><strong>tajkerteszaruda@gmail.com<\/strong><\/a><\/li>\n<\/ul>\n<h4><strong>\ud83d\ude9a Sz\u00e1ll\u00edt\u00e1si inform\u00e1ci\u00f3k<\/strong><\/h4>\n<p><strong>A megrendelt n\u00f6v\u00e9nyek kisz\u00e1ll\u00edt\u00e1sa az al\u00e1bbi felt\u00e9telek mellett t\u00f6rt\u00e9nik:<\/strong><\/p>\n<h4><strong>\ud83d\udce6 Fut\u00e1rszolg\u00e1latos sz\u00e1ll\u00edt\u00e1s<\/strong><\/h4>\n<ul>\n<li><strong>Maxim\u00e1lis m\u00e9ret: 200 cm (hossz\u00fas\u00e1g)<\/strong><\/li>\n<li><strong>Maxim\u00e1lis s\u00faly: 40 kg<\/strong><\/li>\n<li><strong>Az enn\u00e9l kisebb \u00e9s k\u00f6nnyebb csomagokat fut\u00e1rszolg\u00e1lattal k\u00e9zbes\u00edtj\u00fck a lehet<\/strong><strong>\u0151<\/strong><strong>\u00a0legbiztons\u00e1gosabb csomagol\u00e1sban.<\/strong><\/li>\n<\/ul>\n<h4><strong>\ud83d\udefb Szem\u00e9lyes \u00e1tv\u00e9tel<\/strong><\/h4>\n<ul>\n<li><strong>1173 Budapest, Bakancsos utca 7. sz\u00e1m alatt nyitvatart\u00e1si id<\/strong><strong>\u0151<\/strong><strong>ben szem\u00e9lyesen \u00e1tvehet<\/strong><strong>\u0151<\/strong><strong>\u00a0kert\u00e9szeti \u00e1rud\u00e1nkban.<\/strong><\/li>\n<li><strong>K\u00f6lts\u00e9ghat\u00e9kony megold\u00e1s nagyobb, t\u00f6r\u00e9kenyebb vagy t\u00falm\u00e9retes n\u00f6v\u00e9nyek eset\u00e9n.<\/strong><\/li>\n<\/ul>\n<h4><strong>\ud83d\udcde Nagy m\u00e9ret<\/strong><strong>\u0171<\/strong><strong>\u00a0vagy s\u00faly\u00fa n\u00f6v\u00e9nyek eset\u00e9n<\/strong><\/h4>\n<p><strong>Ha a term\u00e9k:<\/strong><\/p>\n<ul>\n<li><strong>meghaladja a 200 cm hossz\u00fas\u00e1got vagy<\/strong><\/li>\n<li><strong>meghaladja a 40 kg s\u00falyt,<\/strong><\/li>\n<\/ul>\n<p><strong>akkor szem\u00e9lyes \u00e1tv\u00e9tellel vagy egyedi, el<\/strong><strong>\u0151<\/strong><strong>re egyeztetett sz\u00e1ll\u00edt\u00e1si felt\u00e9telek mellett t\u00f6rt\u00e9nik.<br \/>\nK\u00e9rj\u00fck, ilyen esetben rendel\u00e9s el<\/strong><strong>\u0151<\/strong><strong>tt vegye fel vel\u00fcnk a kapcsolatot, hogy a lehet<\/strong><strong>\u0151<\/strong><strong>\u00a0legmegfelel<\/strong><strong>\u0151<\/strong><strong>bb sz\u00e1ll\u00edt\u00e1si megold\u00e1st k\u00edn\u00e1lhassuk.<\/strong><\/p>\n<p><strong>\ud83d\udd14 Fontos: A n\u00f6v\u00e9nyeket minden esetben igyeksz\u00fcnk gondosan, egyes\u00e9vel csomagolni, azonban a sz\u00e1ll\u00edt\u00e1s sor\u00e1n kisebb eszt\u00e9tikai s\u00e9r\u00fcl\u00e9sek el<\/strong><strong>\u0151<\/strong><strong>fordulhatnak (pl. lev\u00e9lhull\u00e1s). Ez nem min<\/strong><strong>\u0151<\/strong><strong>s\u00fcl hib\u00e1s teljes\u00edt\u00e9snek.<\/strong><\/p>\n<h4><strong>\ud83d\udcf7 Fontos tudni a k\u00e9pekr<\/strong><strong>\u0151<\/strong><strong>l<\/strong><\/h4>\n<p><strong>A webshopban szerepl<\/strong><strong>\u0151<\/strong><strong>\u00a0k\u00e9pek illusztr\u00e1ci\u00f3k, a n\u00f6v\u00e9nyek term\u00e9szet\u00fckn\u00e9l fogva egyediek, \u00edgy m\u00e9retben, alakban \u00e9s sz\u00ednben minim\u00e1lis elt\u00e9r\u00e9sek el<\/strong><strong>\u0151<\/strong><strong>fordulhatnak a k\u00e9pen l\u00e1that\u00f3 \u00e9s a val\u00f3s p\u00e9ld\u00e1nyok k\u00f6z\u00f6tt.<\/strong><\/p>\n<h4><strong>\ud83e\uddfe \u00c1rak \u00e9s el\u00e1ll\u00e1si jog<\/strong><\/h4>\n<ul>\n<li><strong>Az \u00e1rak egy darab\u00a0n\u00f6v\u00e9nyre vonatkoznak.<\/strong><\/li>\n<li><strong>\u00c9l<\/strong><strong>\u0151<\/strong><strong>\u00a0n\u00f6v\u00e9nyek rendel\u00e9se eset\u00e9n a 14 napos el\u00e1ll\u00e1s joga nem \u00e9rv\u00e9nyes\u00edthet<\/strong><strong>\u0151<\/strong><strong>, mivel azok romland\u00f3, biol\u00f3giailag \u00e9l<\/strong><strong>\u0151<\/strong><strong>\u00a0term\u00e9keknek min<\/strong><strong>\u0151<\/strong><strong>s\u00fclnek.<br \/>\n\ud83d\udd12 (17\/1999. (II. 5.) Korm. rendelet 5. \u00a7 c) pontja alapj\u00e1n)<\/strong><\/li>\n<\/ul>\n<h4><strong>\ud83d\udce6 K\u00e9zbes\u00edt\u00e9s ut\u00e1ni teend<\/strong><strong>\u0151<\/strong><strong>k<\/strong><\/h4>\n<p><strong>A k\u00e9zbes\u00edt\u00e9st k\u00f6vet<\/strong><strong>\u0151<\/strong><strong>en a csomagot azonnal bontsuk ki, \u00e9s a n\u00f6v\u00e9nyt helyezz\u00fck el megfelel<\/strong><strong>\u0151<\/strong><strong>\u00a0k\u00f6rnyezetben.<br \/>\nFontos: ha a n\u00f6v\u00e9ny nem r\u00e9szes\u00fcl megfelel<\/strong><strong>\u0151<\/strong><strong>\u00a0gondoz\u00e1sban \u00e9s ennek k\u00f6vetkezt\u00e9ben k\u00e1rosodik vagy elpusztul, felel<\/strong><strong>\u0151<\/strong><strong>ss\u00e9get nem tudunk v\u00e1llalni.<\/strong><\/p>","protected":false},"excerpt":{"rendered":"<p>Az <em data-start=\"283\" data-end=\"316\">Acer platanoides \u2018Crimson King\u2019<\/em> egy l\u00e1tv\u00e1nyos, bord\u00f3 level\u0171 d\u00edszfa, amely eg\u00e9sz szezonban meg\u0151rzi m\u00e9ly sz\u00edn\u00e9t. Ide\u00e1lis parkokba \u00e9s nagyobb kertekbe \u00e1rny\u00e9kad\u00f3 fak\u00e9nt.<\/p>\n<p>M\u00e9rete: 10\/12 cm t\u00f6rzsker\u00fclet, 35 literes kont\u00e9nerben.<\/p>\n<h2><span style=\"color: #ff0000;\"><strong>M\u00e9rete miatt postai csomagk\u00e9nt nem tudjuk elk\u00fcldeni!<\/strong><\/span><\/h2>\n<p>&nbsp;<\/p>","protected":false},"featured_media":26484,"template":"","meta":{"_et_pb_use_builder":"","_et_pb_old_content":"","_et_gb_content_width":""},"product_brand":[],"product_cat":[28],"product_tag":[204,8196,8195,6664,33,47,8198,49,5837,8197,4194,205],"class_list":{"0":"post-746","1":"product","2":"type-product","3":"status-publish","4":"has-post-thumbnail","6":"product_cat-diszfak","7":"product_tag-acer-platanoides-crimson-king","8":"product_tag-arnyekado-fa","9":"product_tag-bordo-juhar","10":"product_tag-bordo-levelu-noveny","11":"product_tag-diszfa","12":"product_tag-juhar","13":"product_tag-kerti-fa","14":"product_tag-korai-juhar","15":"product_tag-lombhullato-fa","16":"product_tag-nagy-meretu-fa","17":"product_tag-parkfa","18":"product_tag-verjuhar","20":"first","21":"instock","22":"shipping-taxable","23":"purchasable","24":"product-type-simple"},"yoast_head":"<!-- This site is optimized with the Yoast SEO plugin v27.5 - https:\/\/yoast.com\/product\/yoast-seo-wordpress\/ -->\n<title>Acer platanoides &#039;Crimson King&#039; - V\u00e9rjuhar - T\u00e1jkert\u00e9sz<\/title>\n<meta name=\"description\" content=\"Acer platanoides &#039;Crimson King&#039; - V\u00e9rjuhar 15-20m magas, k\u00fap alak\u00fa koron\u00e1j\u00fa fa, levele v\u00f6r\u00f6s, tavaszt\u00f3l-\u0151szig sz\u00e9p sz\u00ednhat\u00e1st ad.\" \/>\n<meta name=\"robots\" content=\"index, follow, max-snippet:-1, max-image-preview:large, max-video-preview:-1\" \/>\n<link rel=\"canonical\" href=\"https:\/\/tajkertesz.com\/en_US\/product\/acer-platanoides-crimson-king-verjuhar\/\" \/>\n<meta property=\"og:locale\" content=\"en_US\" \/>\n<meta property=\"og:type\" content=\"article\" \/>\n<meta property=\"og:title\" content=\"Acer platanoides &#039;Crimson King&#039; - V\u00e9rjuhar - T\u00e1jkert\u00e9sz\" \/>\n<meta property=\"og:description\" content=\"Acer platanoides &#039;Crimson King&#039; - V\u00e9rjuhar 15-20m magas, k\u00fap alak\u00fa koron\u00e1j\u00fa fa, levele v\u00f6r\u00f6s, tavaszt\u00f3l-\u0151szig sz\u00e9p sz\u00ednhat\u00e1st ad.\" \/>\n<meta property=\"og:url\" content=\"https:\/\/tajkertesz.com\/en_US\/product\/acer-platanoides-crimson-king-verjuhar\/\" \/>\n<meta property=\"og:site_name\" content=\"T\u00e1jkert\u00e9sz\" \/>\n<meta property=\"article:publisher\" content=\"https:\/\/www.facebook.com\/Tajkertesz\/\" \/>\n<meta property=\"article:modified_time\" content=\"2026-03-17T13:54:58+00:00\" \/>\n<meta property=\"og:image\" content=\"https:\/\/tajkertesz.com\/wp-content\/uploads\/2020\/02\/e25da84c-51e5-4e2c-ac9d-ce11506b0830__17974.jpg\" \/>\n\t<meta property=\"og:image:width\" content=\"413\" \/>\n\t<meta property=\"og:image:height\" content=\"500\" \/>\n\t<meta property=\"og:image:type\" content=\"image\/jpeg\" \/>\n<meta name=\"twitter:card\" content=\"summary_large_image\" \/>\n<meta name=\"twitter:label1\" content=\"Est. reading time\" \/>\n\t<meta name=\"twitter:data1\" content=\"3 minutes\" \/>\n<script type=\"application\/ld+json\" class=\"yoast-schema-graph\">{\"@context\":\"https:\\\/\\\/schema.org\",\"@graph\":[{\"@type\":\"WebPage\",\"@id\":\"https:\\\/\\\/tajkertesz.com\\\/termek\\\/acer-platanoides-crimson-king-verjuhar\\\/\",\"url\":\"https:\\\/\\\/tajkertesz.com\\\/termek\\\/acer-platanoides-crimson-king-verjuhar\\\/\",\"name\":\"Acer platanoides 'Crimson King' - V\u00e9rjuhar - T\u00e1jkert\u00e9sz\",\"isPartOf\":{\"@id\":\"https:\\\/\\\/tajkertesz.com\\\/#website\"},\"primaryImageOfPage\":{\"@id\":\"https:\\\/\\\/tajkertesz.com\\\/termek\\\/acer-platanoides-crimson-king-verjuhar\\\/#primaryimage\"},\"image\":{\"@id\":\"https:\\\/\\\/tajkertesz.com\\\/termek\\\/acer-platanoides-crimson-king-verjuhar\\\/#primaryimage\"},\"thumbnailUrl\":\"https:\\\/\\\/tajkertesz.com\\\/wp-content\\\/uploads\\\/2020\\\/02\\\/e25da84c-51e5-4e2c-ac9d-ce11506b0830__17974.jpg\",\"datePublished\":\"2020-02-14T10:43:08+00:00\",\"dateModified\":\"2026-03-17T13:54:58+00:00\",\"description\":\"Acer platanoides 'Crimson King' - V\u00e9rjuhar 15-20m magas, k\u00fap alak\u00fa koron\u00e1j\u00fa fa, levele v\u00f6r\u00f6s, tavaszt\u00f3l-\u0151szig sz\u00e9p sz\u00ednhat\u00e1st ad.\",\"breadcrumb\":{\"@id\":\"https:\\\/\\\/tajkertesz.com\\\/termek\\\/acer-platanoides-crimson-king-verjuhar\\\/#breadcrumb\"},\"inLanguage\":\"en-US\",\"potentialAction\":[{\"@type\":\"ReadAction\",\"target\":[\"https:\\\/\\\/tajkertesz.com\\\/termek\\\/acer-platanoides-crimson-king-verjuhar\\\/\"]}]},{\"@type\":\"ImageObject\",\"inLanguage\":\"en-US\",\"@id\":\"https:\\\/\\\/tajkertesz.com\\\/termek\\\/acer-platanoides-crimson-king-verjuhar\\\/#primaryimage\",\"url\":\"https:\\\/\\\/tajkertesz.com\\\/wp-content\\\/uploads\\\/2020\\\/02\\\/e25da84c-51e5-4e2c-ac9d-ce11506b0830__17974.jpg\",\"contentUrl\":\"https:\\\/\\\/tajkertesz.com\\\/wp-content\\\/uploads\\\/2020\\\/02\\\/e25da84c-51e5-4e2c-ac9d-ce11506b0830__17974.jpg\",\"width\":413,\"height\":500,\"caption\":\"Acer platanoides 'Crimson King' - V\u00e9rjuhar\"},{\"@type\":\"BreadcrumbList\",\"@id\":\"https:\\\/\\\/tajkertesz.com\\\/termek\\\/acer-platanoides-crimson-king-verjuhar\\\/#breadcrumb\",\"itemListElement\":[{\"@type\":\"ListItem\",\"position\":1,\"name\":\"Home\",\"item\":\"https:\\\/\\\/tajkertesz.com\\\/\"},{\"@type\":\"ListItem\",\"position\":2,\"name\":\"Kezd\u0151lap\",\"item\":\"https:\\\/\\\/tajkertesz.com\\\/\"},{\"@type\":\"ListItem\",\"position\":3,\"name\":\"Acer platanoides &#8216;Crimson King&#8217; &#8211; V\u00e9rjuhar\"}]},{\"@type\":\"WebSite\",\"@id\":\"https:\\\/\\\/tajkertesz.com\\\/#website\",\"url\":\"https:\\\/\\\/tajkertesz.com\\\/\",\"name\":\"T\u00e1j-Kert\u00e9sz 84 Kft.\",\"description\":\"Kert\u00e9szeti kis- \u00e9s nagykeresked\u00e9s, D\u00edszn\u00f6v\u00e9ny web\u00e1ruh\u00e1z orsz\u00e1gos h\u00e1zhozsz\u00e1ll\u00edt\u00e1ssal!\",\"publisher\":{\"@id\":\"https:\\\/\\\/tajkertesz.com\\\/#organization\"},\"potentialAction\":[{\"@type\":\"SearchAction\",\"target\":{\"@type\":\"EntryPoint\",\"urlTemplate\":\"https:\\\/\\\/tajkertesz.com\\\/?s={search_term_string}\"},\"query-input\":{\"@type\":\"PropertyValueSpecification\",\"valueRequired\":true,\"valueName\":\"search_term_string\"}}],\"inLanguage\":\"en-US\"},{\"@type\":\"Organization\",\"@id\":\"https:\\\/\\\/tajkertesz.com\\\/#organization\",\"name\":\"T\u00e1j-Kert\u00e9sz 84 Kft.\",\"url\":\"https:\\\/\\\/tajkertesz.com\\\/\",\"logo\":{\"@type\":\"ImageObject\",\"inLanguage\":\"en-US\",\"@id\":\"https:\\\/\\\/tajkertesz.com\\\/#\\\/schema\\\/logo\\\/image\\\/\",\"url\":\"https:\\\/\\\/tajkertesz.com\\\/wp-content\\\/uploads\\\/2018\\\/02\\\/logo-2-e1518678052539.png\",\"contentUrl\":\"https:\\\/\\\/tajkertesz.com\\\/wp-content\\\/uploads\\\/2018\\\/02\\\/logo-2-e1518678052539.png\",\"width\":81,\"height\":140,\"caption\":\"T\u00e1j-Kert\u00e9sz 84 Kft.\"},\"image\":{\"@id\":\"https:\\\/\\\/tajkertesz.com\\\/#\\\/schema\\\/logo\\\/image\\\/\"},\"sameAs\":[\"https:\\\/\\\/www.facebook.com\\\/Tajkertesz\\\/\"]}]}<\/script>\n<!-- \/ Yoast SEO plugin. -->","yoast_head_json":{"title":"Acer platanoides 'Crimson King' - V\u00e9rjuhar - T\u00e1jkert\u00e9sz","description":"Acer platanoides 'Crimson King' - V\u00e9rjuhar 15-20m magas, k\u00fap alak\u00fa koron\u00e1j\u00fa fa, levele v\u00f6r\u00f6s, tavaszt\u00f3l-\u0151szig sz\u00e9p sz\u00ednhat\u00e1st ad.","robots":{"index":"index","follow":"follow","max-snippet":"max-snippet:-1","max-image-preview":"max-image-preview:large","max-video-preview":"max-video-preview:-1"},"canonical":"https:\/\/tajkertesz.com\/en_US\/product\/acer-platanoides-crimson-king-verjuhar\/","og_locale":"en_US","og_type":"article","og_title":"Acer platanoides 'Crimson King' - V\u00e9rjuhar - T\u00e1jkert\u00e9sz","og_description":"Acer platanoides 'Crimson King' - V\u00e9rjuhar 15-20m magas, k\u00fap alak\u00fa koron\u00e1j\u00fa fa, levele v\u00f6r\u00f6s, tavaszt\u00f3l-\u0151szig sz\u00e9p sz\u00ednhat\u00e1st ad.","og_url":"https:\/\/tajkertesz.com\/en_US\/product\/acer-platanoides-crimson-king-verjuhar\/","og_site_name":"T\u00e1jkert\u00e9sz","article_publisher":"https:\/\/www.facebook.com\/Tajkertesz\/","article_modified_time":"2026-03-17T13:54:58+00:00","og_image":[{"width":413,"height":500,"url":"https:\/\/tajkertesz.com\/wp-content\/uploads\/2020\/02\/e25da84c-51e5-4e2c-ac9d-ce11506b0830__17974.jpg","type":"image\/jpeg"}],"twitter_card":"summary_large_image","twitter_misc":{"Est. reading time":"3 minutes"},"schema":{"@context":"https:\/\/schema.org","@graph":[{"@type":"WebPage","@id":"https:\/\/tajkertesz.com\/termek\/acer-platanoides-crimson-king-verjuhar\/","url":"https:\/\/tajkertesz.com\/termek\/acer-platanoides-crimson-king-verjuhar\/","name":"Acer platanoides 'Crimson King' - V\u00e9rjuhar - T\u00e1jkert\u00e9sz","isPartOf":{"@id":"https:\/\/tajkertesz.com\/#website"},"primaryImageOfPage":{"@id":"https:\/\/tajkertesz.com\/termek\/acer-platanoides-crimson-king-verjuhar\/#primaryimage"},"image":{"@id":"https:\/\/tajkertesz.com\/termek\/acer-platanoides-crimson-king-verjuhar\/#primaryimage"},"thumbnailUrl":"https:\/\/tajkertesz.com\/wp-content\/uploads\/2020\/02\/e25da84c-51e5-4e2c-ac9d-ce11506b0830__17974.jpg","datePublished":"2020-02-14T10:43:08+00:00","dateModified":"2026-03-17T13:54:58+00:00","description":"Acer platanoides 'Crimson King' - V\u00e9rjuhar 15-20m magas, k\u00fap alak\u00fa koron\u00e1j\u00fa fa, levele v\u00f6r\u00f6s, tavaszt\u00f3l-\u0151szig sz\u00e9p sz\u00ednhat\u00e1st ad.","breadcrumb":{"@id":"https:\/\/tajkertesz.com\/termek\/acer-platanoides-crimson-king-verjuhar\/#breadcrumb"},"inLanguage":"en-US","potentialAction":[{"@type":"ReadAction","target":["https:\/\/tajkertesz.com\/termek\/acer-platanoides-crimson-king-verjuhar\/"]}]},{"@type":"ImageObject","inLanguage":"en-US","@id":"https:\/\/tajkertesz.com\/termek\/acer-platanoides-crimson-king-verjuhar\/#primaryimage","url":"https:\/\/tajkertesz.com\/wp-content\/uploads\/2020\/02\/e25da84c-51e5-4e2c-ac9d-ce11506b0830__17974.jpg","contentUrl":"https:\/\/tajkertesz.com\/wp-content\/uploads\/2020\/02\/e25da84c-51e5-4e2c-ac9d-ce11506b0830__17974.jpg","width":413,"height":500,"caption":"Acer platanoides 'Crimson King' - V\u00e9rjuhar"},{"@type":"BreadcrumbList","@id":"https:\/\/tajkertesz.com\/termek\/acer-platanoides-crimson-king-verjuhar\/#breadcrumb","itemListElement":[{"@type":"ListItem","position":1,"name":"Home","item":"https:\/\/tajkertesz.com\/"},{"@type":"ListItem","position":2,"name":"Kezd\u0151lap","item":"https:\/\/tajkertesz.com\/"},{"@type":"ListItem","position":3,"name":"Acer platanoides &#8216;Crimson King&#8217; &#8211; V\u00e9rjuhar"}]},{"@type":"WebSite","@id":"https:\/\/tajkertesz.com\/#website","url":"https:\/\/tajkertesz.com\/","name":"T\u00e1j-Kert\u00e9sz 84 Kft.","description":"Kert\u00e9szeti kis- \u00e9s nagykeresked\u00e9s, D\u00edszn\u00f6v\u00e9ny web\u00e1ruh\u00e1z orsz\u00e1gos h\u00e1zhozsz\u00e1ll\u00edt\u00e1ssal!","publisher":{"@id":"https:\/\/tajkertesz.com\/#organization"},"potentialAction":[{"@type":"SearchAction","target":{"@type":"EntryPoint","urlTemplate":"https:\/\/tajkertesz.com\/?s={search_term_string}"},"query-input":{"@type":"PropertyValueSpecification","valueRequired":true,"valueName":"search_term_string"}}],"inLanguage":"en-US"},{"@type":"Organization","@id":"https:\/\/tajkertesz.com\/#organization","name":"T\u00e1j-Kert\u00e9sz 84 Kft.","url":"https:\/\/tajkertesz.com\/","logo":{"@type":"ImageObject","inLanguage":"en-US","@id":"https:\/\/tajkertesz.com\/#\/schema\/logo\/image\/","url":"https:\/\/tajkertesz.com\/wp-content\/uploads\/2018\/02\/logo-2-e1518678052539.png","contentUrl":"https:\/\/tajkertesz.com\/wp-content\/uploads\/2018\/02\/logo-2-e1518678052539.png","width":81,"height":140,"caption":"T\u00e1j-Kert\u00e9sz 84 Kft."},"image":{"@id":"https:\/\/tajkertesz.com\/#\/schema\/logo\/image\/"},"sameAs":["https:\/\/www.facebook.com\/Tajkertesz\/"]}]}},"_links":{"self":[{"href":"https:\/\/tajkertesz.com\/en_US\/wp-json\/wp\/v2\/product\/746","targetHints":{"allow":["GET"]}}],"collection":[{"href":"https:\/\/tajkertesz.com\/en_US\/wp-json\/wp\/v2\/product"}],"about":[{"href":"https:\/\/tajkertesz.com\/en_US\/wp-json\/wp\/v2\/types\/product"}],"wp:featuredmedia":[{"embeddable":true,"href":"https:\/\/tajkertesz.com\/en_US\/wp-json\/wp\/v2\/media\/26484"}],"wp:attachment":[{"href":"https:\/\/tajkertesz.com\/en_US\/wp-json\/wp\/v2\/media?parent=746"}],"wp:term":[{"taxonomy":"product_brand","embeddable":true,"href":"https:\/\/tajkertesz.com\/en_US\/wp-json\/wp\/v2\/product_brand?post=746"},{"taxonomy":"product_cat","embeddable":true,"href":"https:\/\/tajkertesz.com\/en_US\/wp-json\/wp\/v2\/product_cat?post=746"},{"taxonomy":"product_tag","embeddable":true,"href":"https:\/\/tajkertesz.com\/en_US\/wp-json\/wp\/v2\/product_tag?post=746"}],"curies":[{"name":"wp","href":"https:\/\/api.w.org\/{rel}","templated":true}]}}