{"id":7465,"date":"2021-06-29T08:19:41","date_gmt":"2021-06-29T08:19:41","guid":{"rendered":"https:\/\/tajkertesz.com\/?post_type=product&#038;p=7465"},"modified":"2026-02-04T13:59:38","modified_gmt":"2026-02-04T13:59:38","slug":"redei-kertimag-pak-choy-bordaskel-2g","status":"publish","type":"product","link":"https:\/\/tajkertesz.com\/en_US\/product\/redei-kertimag-pak-choy-bordaskel-2g\/","title":{"rendered":"Bord\u00e1skel Pak-choy 2g R\u00e9dei Kertimag"},"content":{"rendered":"<h3>R\u00e9dei Kertimag Pak-choy bord\u00e1skel 2g<\/h3>\n<p>R\u00e9dei Kertimag Pak-choy bord\u00e1skel 2g, Korai, szabadf\u00f6ldi termeszt\u00e9sre alkalmas z\u00f6lds\u00e9gf\u00e9le. A n\u00f6v\u00e9ny k\u00f6z\u00e9pmagas, s\u00f6t\u00e9tz\u00f6ld sz\u00edn\u0171, f\u00e9nyes levelei fel\u00e1ll\u00f3ak, hull\u00e1mos sz\u00e9l\u0171ek. A lev\u00e9lnyele h\u00fasos, sz\u00e9p feh\u00e9r sz\u00edn\u0171, k\u00f6zepesen hossz\u00fa. Felmagz\u00e1sra nem hajlamos.<\/p>\n<p>&nbsp;<\/p>\n<p style=\"line-height: 18.0pt; background: white; margin: 0cm 0cm 15.0pt 0cm;\"><b><span style=\"font-family: 'Ubuntu',serif; color: black;\">K\u00e9szlet\u00fcnk napi szinten v\u00e1ltozik, ez\u00e9rt k\u00e9rj\u00fck, \u00e9rdekl\u0151dj\u00f6n szem\u00e9lyesen, telefonon vagy email-en.<br \/>\nA v\u00e1ltoztat\u00e1s jog\u00e1t fenntartjuk!\u00a0<\/span><\/b><\/p>\n<p><a href=\"https:\/\/tajkertesz.com\/\">https:\/\/tajkertesz.com\/<\/a><\/p>\n<p><a href=\"https:\/\/www.facebook.com\/tajkertesz\">https:\/\/www.facebook.com\/tajkertesz<\/a><\/p>\n<p><span id=\"Le\u00edr\u00e1sa\" class=\"mw-headline\" style=\"color: #ffffff;\">Le\u00edr\u00e1s:<\/span><\/p>\n<p><span style=\"color: #ffffff;\"><a style=\"color: #ffffff;\" title=\"K\u00e9t\u00e9ves n\u00f6v\u00e9ny\" href=\"https:\/\/hu.wikipedia.org\/wiki\/K%C3%A9t%C3%A9ves_n%C3%B6v%C3%A9ny\">K\u00e9t\u00e9ves n\u00f6v\u00e9ny<\/a>, az els\u0151 \u00e9vben\u00a0<a style=\"color: #ffffff;\" title=\"T\u0151lev\u00e9lr\u00f3zsa\" href=\"https:\/\/hu.wikipedia.org\/wiki\/T%C5%91lev%C3%A9lr%C3%B3zsa\">t\u0151leveleket<\/a>\u00a0fejleszt \u00e9s z\u00f6m\u00f6k rakt\u00e1roz\u00f3 f\u0151gy\u00f6keret. A r\u00e9patest r\u00e9szben a sziklevelek alatti sz\u00e1rr\u00e9szb\u0151l fejl\u0151dik. A m\u00e1sodik \u00e9vben megjelenik a magsz\u00e1ra, amelyen feh\u00e9r szirm\u00fa vir\u00e1gai \u00f6sszetett erny\u0151\u00a0<a style=\"color: #ffffff;\" title=\"Vir\u00e1gzat\" href=\"https:\/\/hu.wikipedia.org\/wiki\/Vir%C3%A1gzat\">vir\u00e1gzatot<\/a>\u00a0alkotnak. Sz\u00e1r- \u00e9s t\u0151levelei egyar\u00e1nt sz\u00e1rnyaltak, er\u0151sen szabdaltak.\u00a0<a style=\"color: #ffffff;\" title=\"Term\u00e9s\" href=\"https:\/\/hu.wikipedia.org\/wiki\/Term%C3%A9s\">Term\u00e9se<\/a>\u00a0ikerkaszat. Nem megfelel\u0151 vet\u0151mag eset\u00e9n els\u0151 \u00e9vben is vir\u00e1gozhat.<sup id=\"cite_ref-1\" class=\"reference\"><a style=\"color: #ffffff;\" href=\"https:\/\/hu.wikipedia.org\/wiki\/S%C3%A1rgar%C3%A9pa#cite_note-1\">[1]<\/a><\/sup><\/span><\/p>\n<p><span style=\"color: #ffffff;\"><span id=\"T.C3.B6rt.C3.A9nete\"><\/span><span id=\"T\u00f6rt\u00e9nete\" class=\"mw-headline\">T\u00f6rt\u00e9nete<\/span><\/span><\/p>\n<p><span style=\"color: #ffffff;\">Sz\u00e1rmaz\u00e1si helye (g\u00e9ncentruma<sup id=\"cite_ref-2\" class=\"reference\"><\/sup>)\u00a0<a class=\"mw-redirect\" style=\"color: #ffffff;\" title=\"Nyugat-\u00c1zsia\" href=\"https:\/\/hu.wikipedia.org\/wiki\/Nyugat-%C3%81zsia\">Nyugat-\u00c1zsia<\/a>\u00a0(a mai\u00a0<a style=\"color: #ffffff;\" title=\"Afganiszt\u00e1n\" href=\"https:\/\/hu.wikipedia.org\/wiki\/Afganiszt%C3%A1n\">Afganiszt\u00e1n<\/a>\u00a0\u00e9s\u00a0<a style=\"color: #ffffff;\" title=\"Ir\u00e1n\" href=\"https:\/\/hu.wikipedia.org\/wiki\/Ir%C3%A1n\">Ir\u00e1n<\/a> ter\u00fclete).<sup id=\"cite_ref-3\" class=\"reference\"><\/sup>\u00a0\u00c9vsz\u00e1zadok sor\u00e1n nemes\u00edtett\u00e9k a mai v\u00e1ltozatokra, azzal a c\u00e9llal, hogy \u00e9desebb legyen, ill. cs\u00f6kkenjen a gy\u00f6k\u00e9r f\u00e1sod\u00e1sa.<\/span><\/p>\n<p><span style=\"color: #ffffff;\">Els\u0151 &#8222;klasszikus&#8221; utal\u00e1sok a gy\u00f6k\u00e9r felhaszn\u00e1l\u00e1s\u00e1ra az 1. sz\u00e1zadb\u00f3l val\u00f3k\u00a0<i>(<a style=\"color: #ffffff;\" title=\"Pedaniosz Dioszkorid\u00e9sz\" href=\"https:\/\/hu.wikipedia.org\/wiki\/Pedaniosz_Dioszkorid%C3%A9sz\">Dioszkorid\u00e9sz<\/a>: De materia medica)<\/i>. Eur\u00f3p\u00e1ba a 8. sz\u00e1zadban\u00a0<a style=\"color: #ffffff;\" title=\"M\u00f3rok\" href=\"https:\/\/hu.wikipedia.org\/wiki\/M%C3%B3rok\">m\u00f3rok<\/a>\u00a0k\u00f6zvet\u00edt\u00e9s\u00e9vel jutott el az\u00a0<a style=\"color: #ffffff;\" title=\"Ib\u00e9riai-f\u00e9lsziget\" href=\"https:\/\/hu.wikipedia.org\/wiki\/Ib%C3%A9riai-f%C3%A9lsziget\">Ib\u00e9riai-f\u00e9lszigetre<\/a>, innen terjedt el\u00a0<a style=\"color: #ffffff;\" title=\"\u00c9szak-Eur\u00f3pa\" href=\"https:\/\/hu.wikipedia.org\/wiki\/%C3%89szak-Eur%C3%B3pa\">\u00c9szak-Eur\u00f3pa<\/a>\u00a0fel\u00e9.<sup id=\"cite_ref-4\" class=\"reference\"><\/sup>\u00a0A 12. sz\u00e1zadi\u00a0<a style=\"color: #ffffff;\" title=\"Andal\u00fazia\" href=\"https:\/\/hu.wikipedia.org\/wiki\/Andal%C3%BAzia\">andal\u00faziai<\/a>\u00a0arab tud\u00f3s f\u00f6ldm\u0171ves,\u00a0<a class=\"new\" style=\"color: #ffffff;\" title=\"Ibn al-'Awwam (a lap nem l\u00e9tezik)\" href=\"https:\/\/hu.wikipedia.org\/w\/index.php?title=Ibn_al-%27Awwam&amp;action=edit&amp;redlink=1\">Ibn al-&#8216;Awwam<\/a>\u00a0\u00e1tfog\u00f3 m\u0171v\u00e9ben, a\u00a0<i>K\u00f6nyv a mez\u0151gazdas\u00e1gr\u00f3l (Kitab al-Filaha)<\/i>\u00a0eml\u00edt piros \u00e9s s\u00e1rga sz\u00edn\u0171 r\u00e9patesteket. A jelenlegi narancss\u00e1rga sz\u00edn\u0171re holland kert\u00e9szek nemes\u00edtett\u00e9k a 17. sz\u00e1zadban.<sup id=\"cite_ref-5\" class=\"reference\"><\/sup><\/span><\/p>\n<p><span style=\"color: #ffffff;\">Magyar le\u00edr\u00e1s els\u0151k\u00e9nt 1664-b\u0151l sz\u00e1rmazik a s\u00e1rgar\u00e9p\u00e1rr\u00f3l\u00a0<a style=\"color: #ffffff;\" title=\"Lippay J\u00e1nos\" href=\"https:\/\/hu.wikipedia.org\/wiki\/Lippay_J%C3%A1nos\">Lippay J\u00e1nost\u00f3l<\/a>\u00a0(1606\u20131666).<\/span><\/p>\n<p><span style=\"color: #ffffff;\"><span id=\"T.C3.A1panyagok\"><\/span><span id=\"T\u00e1panyagok\" class=\"mw-headline\">T\u00e1panyagok<\/span><\/span><\/p>\n<p><span style=\"color: #ffffff;\">A termesztett s\u00e1rgar\u00e9pa kb. 88% vizet, 7% cukrot, 1% feh\u00e9rj\u00e9t, 1%\u00a0<a style=\"color: #ffffff;\" title=\"Rost\" href=\"https:\/\/hu.wikipedia.org\/wiki\/Rost\">rostot<\/a>, 1% hamut \u00e9s 0,2% zs\u00edrt tartalmaz. A\u00a0<a style=\"color: #ffffff;\" title=\"Rost\" href=\"https:\/\/hu.wikipedia.org\/wiki\/Rost\">rost<\/a>\u00a0f\u0151leg\u00a0<a style=\"color: #ffffff;\" title=\"Cellul\u00f3z\" href=\"https:\/\/hu.wikipedia.org\/wiki\/Cellul%C3%B3z\">cellul\u00f3z<\/a>, kisebb r\u00e9szben\u00a0<a class=\"new\" style=\"color: #ffffff;\" title=\"Hemicellul\u00f3z (a lap nem l\u00e9tezik)\" href=\"https:\/\/hu.wikipedia.org\/w\/index.php?title=Hemicellul%C3%B3z&amp;action=edit&amp;redlink=1\">hemicellul\u00f3z<\/a>\u00a0\u00e9s\u00a0<a style=\"color: #ffffff;\" title=\"Lignin\" href=\"https:\/\/hu.wikipedia.org\/wiki\/Lignin\">lignin<\/a>. Elhanyagolhat\u00f3 mennyis\u00e9gben tartalmaz\u00a0<a style=\"color: #ffffff;\" title=\"Kem\u00e9ny\u00edt\u0151\" href=\"https:\/\/hu.wikipedia.org\/wiki\/Kem%C3%A9ny%C3%ADt%C5%91\">kem\u00e9ny\u00edt\u0151t<\/a>.<sup id=\"cite_ref-Rubatsky_et_al._1999,_p._254_6-0\" class=\"reference\"><\/sup>A z\u00f6lds\u00e9g \u00edze f\u0151k\u00e9nt a\u00a0<a style=\"color: #ffffff;\" title=\"Glutaminsav\" href=\"https:\/\/hu.wikipedia.org\/wiki\/Glutaminsav\">glutaminsavnak<\/a>\u00a0\u00e9s a t\u00f6bbi szabad\u00a0<a style=\"color: #ffffff;\" title=\"Aminosavak\" href=\"https:\/\/hu.wikipedia.org\/wiki\/Aminosavak\">aminosavnak<\/a>\u00a0k\u00f6sz\u00f6nhet\u0151. M\u00e1s savakat nyomokban tartalmaz, ilyenek a\u00a0<a style=\"color: #ffffff;\" title=\"Borosty\u00e1nk\u0151sav\" href=\"https:\/\/hu.wikipedia.org\/wiki\/Borosty%C3%A1nk%C5%91sav\">borosty\u00e1nk\u0151sav<\/a>,\u00a0<a class=\"mw-redirect\" style=\"color: #ffffff;\" title=\"\u0391-ketoglut\u00e1rsav\" href=\"https:\/\/hu.wikipedia.org\/wiki\/%CE%91-ketoglut%C3%A1rsav\">\u03b1-ketoglut\u00e1rsav<\/a>,\u00a0<a style=\"color: #ffffff;\" title=\"Tejsav\" href=\"https:\/\/hu.wikipedia.org\/wiki\/Tejsav\">tejsav<\/a>\u00a0\u00e9s\u00a0<a style=\"color: #ffffff;\" title=\"Glikolsav\" href=\"https:\/\/hu.wikipedia.org\/wiki\/Glikolsav\">glikolsav<\/a>\u00a0(gy\u00fcm\u00f6lcssav); a f\u0151 fenolos sav a\u00a0<a style=\"color: #ffffff;\" title=\"K\u00e1v\u00e9sav\" href=\"https:\/\/hu.wikipedia.org\/wiki\/K%C3%A1v%C3%A9sav\">k\u00e1v\u00e9sav<\/a>.<sup id=\"cite_ref-7\" class=\"reference\"><\/sup><\/span><\/p>\n<p><span style=\"color: #333333;\"><span style=\"color: #ffffff;\">Narancss\u00e1rga sz\u00edn\u00e9nek okoz\u00f3ja a \u03b2-karotin, kisebb mennyis\u00e9gben \u03b1- \u00e9s \u03b3-<a style=\"color: #ffffff;\" title=\"Karotinok\" href=\"https:\/\/hu.wikipedia.org\/wiki\/Karotinok\">karotinok<\/a>. Az \u03b1- \u00e9s \u03b2-karotin r\u00e9szben \u00e1talakul A-vitaminn\u00e1 az emberi szervezetben.<\/span><sup id=\"cite_ref-8\" class=\"reference\"><\/sup><sup id=\"cite_ref-9\" class=\"reference\"><\/sup><\/span><\/p>\n<p>&nbsp;<\/p>\n","protected":false},"excerpt":{"rendered":"<h3>R\u00e9dei Kertimag Pak-choy bord\u00e1skel 2g<\/h3>","protected":false},"featured_media":14531,"template":"","meta":{"_et_pb_use_builder":"","_et_pb_old_content":"","_et_gb_content_width":""},"product_brand":[],"product_cat":[4148,2881],"product_tag":[2189],"class_list":{"0":"post-7465","1":"product","2":"type-product","3":"status-publish","4":"has-post-thumbnail","6":"product_cat-kulonleges-delikatesz-vetomagok","7":"product_cat-zoldsegnoveny-vetomagok","8":"product_tag-redei-kertimag-pak-choy-bordaskel-2g","10":"first","11":"instock","12":"shipping-taxable","13":"purchasable","14":"product-type-simple"},"yoast_head":"<!-- This site is optimized with the Yoast SEO plugin v27.4 - https:\/\/yoast.com\/product\/yoast-seo-wordpress\/ -->\n<title>Bord\u00e1skel Pak-choy 2g R\u00e9dei Kertimag - T\u00e1jkert\u00e9sz<\/title>\n<meta name=\"description\" content=\"R\u00e9dei Kertimag Pak-choy bord\u00e1skel 2g\" \/>\n<meta name=\"robots\" content=\"index, follow, max-snippet:-1, max-image-preview:large, max-video-preview:-1\" \/>\n<link rel=\"canonical\" href=\"https:\/\/tajkertesz.com\/en_US\/product\/redei-kertimag-pak-choy-bordaskel-2g\/\" \/>\n<meta property=\"og:locale\" content=\"en_US\" \/>\n<meta property=\"og:type\" content=\"article\" \/>\n<meta property=\"og:title\" content=\"Bord\u00e1skel Pak-choy 2g R\u00e9dei Kertimag - T\u00e1jkert\u00e9sz\" \/>\n<meta property=\"og:description\" content=\"R\u00e9dei Kertimag Pak-choy bord\u00e1skel 2g\" \/>\n<meta property=\"og:url\" content=\"https:\/\/tajkertesz.com\/en_US\/product\/redei-kertimag-pak-choy-bordaskel-2g\/\" \/>\n<meta property=\"og:site_name\" content=\"T\u00e1jkert\u00e9sz\" \/>\n<meta property=\"article:publisher\" content=\"https:\/\/www.facebook.com\/Tajkertesz\/\" \/>\n<meta property=\"article:modified_time\" content=\"2026-02-04T13:59:38+00:00\" \/>\n<meta property=\"og:image\" content=\"https:\/\/tajkertesz.com\/wp-content\/uploads\/2021\/06\/pak-choy.jpg\" \/>\n\t<meta property=\"og:image:width\" content=\"404\" \/>\n\t<meta property=\"og:image:height\" content=\"898\" \/>\n\t<meta property=\"og:image:type\" content=\"image\/jpeg\" \/>\n<meta name=\"twitter:card\" content=\"summary_large_image\" \/>\n<meta name=\"twitter:label1\" content=\"Est. reading time\" \/>\n\t<meta name=\"twitter:data1\" content=\"2 minutes\" \/>\n<script type=\"application\/ld+json\" class=\"yoast-schema-graph\">{\"@context\":\"https:\\\/\\\/schema.org\",\"@graph\":[{\"@type\":\"WebPage\",\"@id\":\"https:\\\/\\\/tajkertesz.com\\\/termek\\\/redei-kertimag-pak-choy-bordaskel-2g\\\/\",\"url\":\"https:\\\/\\\/tajkertesz.com\\\/termek\\\/redei-kertimag-pak-choy-bordaskel-2g\\\/\",\"name\":\"Bord\u00e1skel Pak-choy 2g R\u00e9dei Kertimag - T\u00e1jkert\u00e9sz\",\"isPartOf\":{\"@id\":\"https:\\\/\\\/tajkertesz.com\\\/#website\"},\"primaryImageOfPage\":{\"@id\":\"https:\\\/\\\/tajkertesz.com\\\/termek\\\/redei-kertimag-pak-choy-bordaskel-2g\\\/#primaryimage\"},\"image\":{\"@id\":\"https:\\\/\\\/tajkertesz.com\\\/termek\\\/redei-kertimag-pak-choy-bordaskel-2g\\\/#primaryimage\"},\"thumbnailUrl\":\"https:\\\/\\\/tajkertesz.com\\\/wp-content\\\/uploads\\\/2021\\\/06\\\/pak-choy.jpg\",\"datePublished\":\"2021-06-29T08:19:41+00:00\",\"dateModified\":\"2026-02-04T13:59:38+00:00\",\"description\":\"R\u00e9dei Kertimag Pak-choy bord\u00e1skel 2g\",\"breadcrumb\":{\"@id\":\"https:\\\/\\\/tajkertesz.com\\\/termek\\\/redei-kertimag-pak-choy-bordaskel-2g\\\/#breadcrumb\"},\"inLanguage\":\"en-US\",\"potentialAction\":[{\"@type\":\"ReadAction\",\"target\":[\"https:\\\/\\\/tajkertesz.com\\\/termek\\\/redei-kertimag-pak-choy-bordaskel-2g\\\/\"]}]},{\"@type\":\"ImageObject\",\"inLanguage\":\"en-US\",\"@id\":\"https:\\\/\\\/tajkertesz.com\\\/termek\\\/redei-kertimag-pak-choy-bordaskel-2g\\\/#primaryimage\",\"url\":\"https:\\\/\\\/tajkertesz.com\\\/wp-content\\\/uploads\\\/2021\\\/06\\\/pak-choy.jpg\",\"contentUrl\":\"https:\\\/\\\/tajkertesz.com\\\/wp-content\\\/uploads\\\/2021\\\/06\\\/pak-choy.jpg\",\"width\":404,\"height\":898},{\"@type\":\"BreadcrumbList\",\"@id\":\"https:\\\/\\\/tajkertesz.com\\\/termek\\\/redei-kertimag-pak-choy-bordaskel-2g\\\/#breadcrumb\",\"itemListElement\":[{\"@type\":\"ListItem\",\"position\":1,\"name\":\"Home\",\"item\":\"https:\\\/\\\/tajkertesz.com\\\/\"},{\"@type\":\"ListItem\",\"position\":2,\"name\":\"Kezd\u0151lap\",\"item\":\"https:\\\/\\\/tajkertesz.com\\\/\"},{\"@type\":\"ListItem\",\"position\":3,\"name\":\"Bord\u00e1skel Pak-choy 2g R\u00e9dei Kertimag\"}]},{\"@type\":\"WebSite\",\"@id\":\"https:\\\/\\\/tajkertesz.com\\\/#website\",\"url\":\"https:\\\/\\\/tajkertesz.com\\\/\",\"name\":\"T\u00e1j-Kert\u00e9sz 84 Kft.\",\"description\":\"Kert\u00e9szeti kis- \u00e9s nagykeresked\u00e9s, D\u00edszn\u00f6v\u00e9ny web\u00e1ruh\u00e1z orsz\u00e1gos h\u00e1zhozsz\u00e1ll\u00edt\u00e1ssal!\",\"publisher\":{\"@id\":\"https:\\\/\\\/tajkertesz.com\\\/#organization\"},\"potentialAction\":[{\"@type\":\"SearchAction\",\"target\":{\"@type\":\"EntryPoint\",\"urlTemplate\":\"https:\\\/\\\/tajkertesz.com\\\/?s={search_term_string}\"},\"query-input\":{\"@type\":\"PropertyValueSpecification\",\"valueRequired\":true,\"valueName\":\"search_term_string\"}}],\"inLanguage\":\"en-US\"},{\"@type\":\"Organization\",\"@id\":\"https:\\\/\\\/tajkertesz.com\\\/#organization\",\"name\":\"T\u00e1j-Kert\u00e9sz 84 Kft.\",\"url\":\"https:\\\/\\\/tajkertesz.com\\\/\",\"logo\":{\"@type\":\"ImageObject\",\"inLanguage\":\"en-US\",\"@id\":\"https:\\\/\\\/tajkertesz.com\\\/#\\\/schema\\\/logo\\\/image\\\/\",\"url\":\"https:\\\/\\\/tajkertesz.com\\\/wp-content\\\/uploads\\\/2018\\\/02\\\/logo-2-e1518678052539.png\",\"contentUrl\":\"https:\\\/\\\/tajkertesz.com\\\/wp-content\\\/uploads\\\/2018\\\/02\\\/logo-2-e1518678052539.png\",\"width\":81,\"height\":140,\"caption\":\"T\u00e1j-Kert\u00e9sz 84 Kft.\"},\"image\":{\"@id\":\"https:\\\/\\\/tajkertesz.com\\\/#\\\/schema\\\/logo\\\/image\\\/\"},\"sameAs\":[\"https:\\\/\\\/www.facebook.com\\\/Tajkertesz\\\/\"]}]}<\/script>\n<!-- \/ Yoast SEO plugin. -->","yoast_head_json":{"title":"Bord\u00e1skel Pak-choy 2g R\u00e9dei Kertimag - T\u00e1jkert\u00e9sz","description":"R\u00e9dei Kertimag Pak-choy bord\u00e1skel 2g","robots":{"index":"index","follow":"follow","max-snippet":"max-snippet:-1","max-image-preview":"max-image-preview:large","max-video-preview":"max-video-preview:-1"},"canonical":"https:\/\/tajkertesz.com\/en_US\/product\/redei-kertimag-pak-choy-bordaskel-2g\/","og_locale":"en_US","og_type":"article","og_title":"Bord\u00e1skel Pak-choy 2g R\u00e9dei Kertimag - T\u00e1jkert\u00e9sz","og_description":"R\u00e9dei Kertimag Pak-choy bord\u00e1skel 2g","og_url":"https:\/\/tajkertesz.com\/en_US\/product\/redei-kertimag-pak-choy-bordaskel-2g\/","og_site_name":"T\u00e1jkert\u00e9sz","article_publisher":"https:\/\/www.facebook.com\/Tajkertesz\/","article_modified_time":"2026-02-04T13:59:38+00:00","og_image":[{"width":404,"height":898,"url":"https:\/\/tajkertesz.com\/wp-content\/uploads\/2021\/06\/pak-choy.jpg","type":"image\/jpeg"}],"twitter_card":"summary_large_image","twitter_misc":{"Est. reading time":"2 minutes"},"schema":{"@context":"https:\/\/schema.org","@graph":[{"@type":"WebPage","@id":"https:\/\/tajkertesz.com\/termek\/redei-kertimag-pak-choy-bordaskel-2g\/","url":"https:\/\/tajkertesz.com\/termek\/redei-kertimag-pak-choy-bordaskel-2g\/","name":"Bord\u00e1skel Pak-choy 2g R\u00e9dei Kertimag - T\u00e1jkert\u00e9sz","isPartOf":{"@id":"https:\/\/tajkertesz.com\/#website"},"primaryImageOfPage":{"@id":"https:\/\/tajkertesz.com\/termek\/redei-kertimag-pak-choy-bordaskel-2g\/#primaryimage"},"image":{"@id":"https:\/\/tajkertesz.com\/termek\/redei-kertimag-pak-choy-bordaskel-2g\/#primaryimage"},"thumbnailUrl":"https:\/\/tajkertesz.com\/wp-content\/uploads\/2021\/06\/pak-choy.jpg","datePublished":"2021-06-29T08:19:41+00:00","dateModified":"2026-02-04T13:59:38+00:00","description":"R\u00e9dei Kertimag Pak-choy bord\u00e1skel 2g","breadcrumb":{"@id":"https:\/\/tajkertesz.com\/termek\/redei-kertimag-pak-choy-bordaskel-2g\/#breadcrumb"},"inLanguage":"en-US","potentialAction":[{"@type":"ReadAction","target":["https:\/\/tajkertesz.com\/termek\/redei-kertimag-pak-choy-bordaskel-2g\/"]}]},{"@type":"ImageObject","inLanguage":"en-US","@id":"https:\/\/tajkertesz.com\/termek\/redei-kertimag-pak-choy-bordaskel-2g\/#primaryimage","url":"https:\/\/tajkertesz.com\/wp-content\/uploads\/2021\/06\/pak-choy.jpg","contentUrl":"https:\/\/tajkertesz.com\/wp-content\/uploads\/2021\/06\/pak-choy.jpg","width":404,"height":898},{"@type":"BreadcrumbList","@id":"https:\/\/tajkertesz.com\/termek\/redei-kertimag-pak-choy-bordaskel-2g\/#breadcrumb","itemListElement":[{"@type":"ListItem","position":1,"name":"Home","item":"https:\/\/tajkertesz.com\/"},{"@type":"ListItem","position":2,"name":"Kezd\u0151lap","item":"https:\/\/tajkertesz.com\/"},{"@type":"ListItem","position":3,"name":"Bord\u00e1skel Pak-choy 2g R\u00e9dei Kertimag"}]},{"@type":"WebSite","@id":"https:\/\/tajkertesz.com\/#website","url":"https:\/\/tajkertesz.com\/","name":"T\u00e1j-Kert\u00e9sz 84 Kft.","description":"Kert\u00e9szeti kis- \u00e9s nagykeresked\u00e9s, D\u00edszn\u00f6v\u00e9ny web\u00e1ruh\u00e1z orsz\u00e1gos h\u00e1zhozsz\u00e1ll\u00edt\u00e1ssal!","publisher":{"@id":"https:\/\/tajkertesz.com\/#organization"},"potentialAction":[{"@type":"SearchAction","target":{"@type":"EntryPoint","urlTemplate":"https:\/\/tajkertesz.com\/?s={search_term_string}"},"query-input":{"@type":"PropertyValueSpecification","valueRequired":true,"valueName":"search_term_string"}}],"inLanguage":"en-US"},{"@type":"Organization","@id":"https:\/\/tajkertesz.com\/#organization","name":"T\u00e1j-Kert\u00e9sz 84 Kft.","url":"https:\/\/tajkertesz.com\/","logo":{"@type":"ImageObject","inLanguage":"en-US","@id":"https:\/\/tajkertesz.com\/#\/schema\/logo\/image\/","url":"https:\/\/tajkertesz.com\/wp-content\/uploads\/2018\/02\/logo-2-e1518678052539.png","contentUrl":"https:\/\/tajkertesz.com\/wp-content\/uploads\/2018\/02\/logo-2-e1518678052539.png","width":81,"height":140,"caption":"T\u00e1j-Kert\u00e9sz 84 Kft."},"image":{"@id":"https:\/\/tajkertesz.com\/#\/schema\/logo\/image\/"},"sameAs":["https:\/\/www.facebook.com\/Tajkertesz\/"]}]}},"_links":{"self":[{"href":"https:\/\/tajkertesz.com\/en_US\/wp-json\/wp\/v2\/product\/7465","targetHints":{"allow":["GET"]}}],"collection":[{"href":"https:\/\/tajkertesz.com\/en_US\/wp-json\/wp\/v2\/product"}],"about":[{"href":"https:\/\/tajkertesz.com\/en_US\/wp-json\/wp\/v2\/types\/product"}],"wp:featuredmedia":[{"embeddable":true,"href":"https:\/\/tajkertesz.com\/en_US\/wp-json\/wp\/v2\/media\/14531"}],"wp:attachment":[{"href":"https:\/\/tajkertesz.com\/en_US\/wp-json\/wp\/v2\/media?parent=7465"}],"wp:term":[{"taxonomy":"product_brand","embeddable":true,"href":"https:\/\/tajkertesz.com\/en_US\/wp-json\/wp\/v2\/product_brand?post=7465"},{"taxonomy":"product_cat","embeddable":true,"href":"https:\/\/tajkertesz.com\/en_US\/wp-json\/wp\/v2\/product_cat?post=7465"},{"taxonomy":"product_tag","embeddable":true,"href":"https:\/\/tajkertesz.com\/en_US\/wp-json\/wp\/v2\/product_tag?post=7465"}],"curies":[{"name":"wp","href":"https:\/\/api.w.org\/{rel}","templated":true}]}}