{"id":7467,"date":"2021-06-29T08:21:52","date_gmt":"2021-06-29T08:21:52","guid":{"rendered":"https:\/\/tajkertesz.com\/?post_type=product&#038;p=7467"},"modified":"2026-02-04T13:59:29","modified_gmt":"2026-02-04T13:59:29","slug":"cekla-chioggia-csikos-ujdonsag-25g","status":"publish","type":"product","link":"https:\/\/tajkertesz.com\/en_US\/product\/cekla-chioggia-csikos-ujdonsag-25g\/","title":{"rendered":"C\u00e9kla Chioggia, cs\u00edkos \u00dajdons\u00e1g 2,5g"},"content":{"rendered":"<h2 class=\"page-title hidden-xs hidden-sm\">C\u00e9kla Chioggia, cs\u00edkos \u00dajdons\u00e1g 2,5g<\/h2>\n<p class=\"page-title hidden-xs hidden-sm\">C\u00e9kla Chioggia, cs\u00edkos \u00dajdons\u00e1g 2,5g, \u00c9des \u00edz\u0171. R\u00f6vid teny\u00e9szidej\u0171 fajta k\u00fcl\u00f6nleges feh\u00e9r \u00e9s v\u00f6r\u00f6s cs\u00edkokkal. Sal\u00e1t\u00e1ban nyersen vagy k\u00f6retben p\u00e1rolva kiv\u00e1l\u00f3<\/p>\n<p>&nbsp;<\/p>\n<p style=\"line-height: 18.0pt; background: white; margin: 0cm 0cm 15.0pt 0cm;\"><b><span style=\"font-family: 'Ubuntu',serif; color: black;\">K\u00e9szlet\u00fcnk napi szinten v\u00e1ltozik, ez\u00e9rt k\u00e9rj\u00fck, \u00e9rdekl\u0151dj\u00f6n szem\u00e9lyesen, telefonon vagy email-en.<br \/>\nA v\u00e1ltoztat\u00e1s jog\u00e1t fenntartjuk!\u00a0<\/span><\/b><\/p>\n<p><a href=\"https:\/\/tajkertesz.com\/\">https:\/\/tajkertesz.com\/<\/a><\/p>\n<p><a href=\"https:\/\/www.facebook.com\/tajkertesz\">https:\/\/www.facebook.com\/tajkertesz<\/a><\/p>\n<h6><span style=\"color: #ffffff;\">le\u00edr\u00e1s:<\/span><br \/>\n<span style=\"color: #ffffff;\">K\u00e9t\u00e9ves n\u00f6v\u00e9ny, az els\u0151 \u00e9vben t\u0151leveleket fejleszt \u00e9s z\u00f6m\u00f6k rakt\u00e1roz\u00f3 f\u0151gy\u00f6keret. A r\u00e9patest r\u00e9szben a sziklevelek alatti sz\u00e1rr\u00e9szb\u0151l fejl\u0151dik. A m\u00e1sodik \u00e9vben megjelenik a magsz\u00e1ra, amelyen feh\u00e9r szirm\u00fa vir\u00e1gai \u00f6sszetett erny\u0151 vir\u00e1gzatot alkotnak. Sz\u00e1r- \u00e9s t\u0151levelei egyar\u00e1nt sz\u00e1rnyaltak, er\u0151sen szabdaltak. Term\u00e9se ikerkaszat. Nem megfelel\u0151 vet\u0151mag eset\u00e9n els\u0151 \u00e9vben is vir\u00e1gozhat. T\u00f6rt\u00e9nete<\/span><br \/>\n<span style=\"color: #ffffff;\">Sz\u00e1rmaz\u00e1si helye (g\u00e9ncentruma) Nyugat-\u00c1zsia (a mai Afganiszt\u00e1n \u00e9s Ir\u00e1n ter\u00fclete). \u00c9vsz\u00e1zadok sor\u00e1n nemes\u00edtett\u00e9k a mai v\u00e1ltozatokra, azzal a c\u00e9llal, hogy \u00e9desebb legyen, ill. cs\u00f6kkenjen a gy\u00f6k\u00e9r f\u00e1sod\u00e1sa. Els\u0151 &#8222;klasszikus&#8221; utal\u00e1sok a gy\u00f6k\u00e9r felhaszn\u00e1l\u00e1s\u00e1ra az 1. sz\u00e1zadb\u00f3l val\u00f3k (Dioszkorid\u00e9sz: De materia medica). Eur\u00f3p\u00e1ba a 8. sz\u00e1zadban m\u00f3rok k\u00f6zvet\u00edt\u00e9s\u00e9vel jutott el az Ib\u00e9riai-f\u00e9lszigetre, innen terjedt el \u00c9szak-Eur\u00f3pa fel\u00e9. A 12. sz\u00e1zadi andal\u00faziai arab tud\u00f3s f\u00f6ldm\u0171ves, Ibn al-&#8216;Awwam \u00e1tfog\u00f3 m\u0171v\u00e9ben, a K\u00f6nyv a mez\u0151gazdas\u00e1gr\u00f3l (Kitab al-Filaha) eml\u00edt piros \u00e9s s\u00e1rga sz\u00edn\u0171 r\u00e9patesteket. A jelenlegi narancss\u00e1rga sz\u00edn\u0171re holland kert\u00e9szek nemes\u00edtett\u00e9k a 17. sz\u00e1zadban. Magyar le\u00edr\u00e1s els\u0151k\u00e9nt 1664-b\u0151l sz\u00e1rmazik a s\u00e1rgar\u00e9p\u00e1rr\u00f3l Lippay J\u00e1nost\u00f3l (1606\u20131666). T\u00e1panyagok A termesztett s\u00e1rgar\u00e9pa kb. 88% vizet, 7% cukrot, 1% feh\u00e9rj\u00e9t, 1%\u00a0rostot, 1% hamut \u00e9s 0,2% zs\u00edrt tartalmaz. A\u00a0rost\u00a0f\u0151leg\u00a0cellul\u00f3z, kisebb r\u00e9szben\u00a0hemicellul\u00f3z\u00a0\u00e9s\u00a0lignin. Elhanyagolhat\u00f3 mennyis\u00e9gben tartalmaz\u00a0kem\u00e9ny\u00edt\u0151t.A z\u00f6lds\u00e9g \u00edze f\u0151k\u00e9nt a\u00a0glutaminsavnak\u00a0\u00e9s a t\u00f6bbi szabad\u00a0aminosavnak\u00a0k\u00f6sz\u00f6nhet\u0151. M\u00e1s savakat nyomokban tartalmaz, ilyenek a\u00a0borosty\u00e1nk\u0151sav,\u00a0\u03b1-ketoglut\u00e1rsav,\u00a0tejsav\u00a0\u00e9s\u00a0glikolsav\u00a0(gy\u00fcm\u00f6lcssav); a f\u0151 fenolos sav a\u00a0k\u00e1v\u00e9sav.<\/span><br \/>\n<span style=\"color: #ffffff;\">Narancss\u00e1rga sz\u00edn\u00e9nek okoz\u00f3ja a \u03b2-karotin, kisebb mennyis\u00e9gben \u03b1- \u00e9s \u03b3-karotinok. Az \u03b1- \u00e9s \u03b2-karotin r\u00e9szben \u00e1talakul A-vitaminn\u00e1 az emberi szervezetben.<\/span><\/h6>\n<h6><span id=\"Le\u00edr\u00e1sa\" class=\"mw-headline\" style=\"color: #ffffff;\">Le<\/span><\/h6>","protected":false},"excerpt":{"rendered":"<h2 class=\"page-title hidden-xs hidden-sm\">C\u00e9kla Chioggia, cs\u00edkos \u00dajdons\u00e1g 2,5g<\/h2>\n<div>CHIOGGIA<\/div>\n<div><b>Cs\u00edkos c\u00e9kla!<\/b><br \/>\nR\u00f6vid teny\u00e9szidej\u0171 fajta. K\u00fcl\u00f6nleges feh\u00e9r \u00e9s borv\u00f6r\u00f6s cs\u00edkos r\u00e9pateste \u00e9des, finomabb mint a s\u00f6t\u00e9tv\u00f6r\u00f6s fajt\u00e1k\u00e9. Sal\u00e1t\u00e1ban nyersen vagy k\u00f6retben p\u00e1rolva kiv\u00e1l\u00f3.<\/div>","protected":false},"featured_media":15046,"template":"","meta":{"_et_pb_use_builder":"","_et_pb_old_content":"","_et_gb_content_width":""},"product_brand":[],"product_cat":[4148,2881],"product_tag":[4110,2190],"class_list":{"0":"post-7467","1":"product","2":"type-product","3":"status-publish","4":"has-post-thumbnail","6":"product_cat-kulonleges-delikatesz-vetomagok","7":"product_cat-zoldsegnoveny-vetomagok","8":"product_tag-cekla","9":"product_tag-cekla-chioggia","11":"first","12":"instock","13":"shipping-taxable","14":"purchasable","15":"product-type-simple"},"yoast_head":"<!-- This site is optimized with the Yoast SEO plugin v27.4 - https:\/\/yoast.com\/product\/yoast-seo-wordpress\/ -->\n<title>C\u00e9kla Chioggia, cs\u00edkos \u00dajdons\u00e1g 2,5g - T\u00e1jkert\u00e9sz<\/title>\n<meta name=\"description\" content=\"C\u00e9kla Chioggia, cs\u00edkos \u00dajdons\u00e1g 2,5g. V\u00e1s\u00e1roljon vet\u0151magokat kert\u00e9szeti web\u00e1ruh\u00e1zunkb\u00f3l h\u00e1zhozsz\u00e1ll\u00edt\u00e1ssal, vagy szem\u00e9lyesen kert\u00e9szet\u00fcnkb\u0151l.\" \/>\n<meta name=\"robots\" content=\"index, follow, max-snippet:-1, max-image-preview:large, max-video-preview:-1\" \/>\n<link rel=\"canonical\" href=\"https:\/\/tajkertesz.com\/en_US\/product\/cekla-chioggia-csikos-ujdonsag-25g\/\" \/>\n<meta property=\"og:locale\" content=\"en_US\" \/>\n<meta property=\"og:type\" content=\"article\" \/>\n<meta property=\"og:title\" content=\"C\u00e9kla Chioggia, cs\u00edkos \u00dajdons\u00e1g 2,5g - T\u00e1jkert\u00e9sz\" \/>\n<meta property=\"og:description\" content=\"C\u00e9kla Chioggia, cs\u00edkos \u00dajdons\u00e1g 2,5g. V\u00e1s\u00e1roljon vet\u0151magokat kert\u00e9szeti web\u00e1ruh\u00e1zunkb\u00f3l h\u00e1zhozsz\u00e1ll\u00edt\u00e1ssal, vagy szem\u00e9lyesen kert\u00e9szet\u00fcnkb\u0151l.\" \/>\n<meta property=\"og:url\" content=\"https:\/\/tajkertesz.com\/en_US\/product\/cekla-chioggia-csikos-ujdonsag-25g\/\" \/>\n<meta property=\"og:site_name\" content=\"T\u00e1jkert\u00e9sz\" \/>\n<meta property=\"article:publisher\" content=\"https:\/\/www.facebook.com\/Tajkertesz\/\" \/>\n<meta property=\"article:modified_time\" content=\"2026-02-04T13:59:29+00:00\" \/>\n<meta property=\"og:image\" content=\"https:\/\/tajkertesz.com\/wp-content\/uploads\/2023\/01\/20230127_153215-1-scaled.jpg\" \/>\n\t<meta property=\"og:image:width\" content=\"1380\" \/>\n\t<meta property=\"og:image:height\" content=\"2560\" \/>\n\t<meta property=\"og:image:type\" content=\"image\/jpeg\" \/>\n<meta name=\"twitter:card\" content=\"summary_large_image\" \/>\n<meta name=\"twitter:label1\" content=\"Est. reading time\" \/>\n\t<meta name=\"twitter:data1\" content=\"2 minutes\" \/>\n<script type=\"application\/ld+json\" class=\"yoast-schema-graph\">{\"@context\":\"https:\\\/\\\/schema.org\",\"@graph\":[{\"@type\":\"WebPage\",\"@id\":\"https:\\\/\\\/tajkertesz.com\\\/termek\\\/cekla-chioggia-csikos-ujdonsag-25g\\\/\",\"url\":\"https:\\\/\\\/tajkertesz.com\\\/termek\\\/cekla-chioggia-csikos-ujdonsag-25g\\\/\",\"name\":\"C\u00e9kla Chioggia, cs\u00edkos \u00dajdons\u00e1g 2,5g - T\u00e1jkert\u00e9sz\",\"isPartOf\":{\"@id\":\"https:\\\/\\\/tajkertesz.com\\\/#website\"},\"primaryImageOfPage\":{\"@id\":\"https:\\\/\\\/tajkertesz.com\\\/termek\\\/cekla-chioggia-csikos-ujdonsag-25g\\\/#primaryimage\"},\"image\":{\"@id\":\"https:\\\/\\\/tajkertesz.com\\\/termek\\\/cekla-chioggia-csikos-ujdonsag-25g\\\/#primaryimage\"},\"thumbnailUrl\":\"https:\\\/\\\/tajkertesz.com\\\/wp-content\\\/uploads\\\/2023\\\/01\\\/20230127_153215-1-scaled.jpg\",\"datePublished\":\"2021-06-29T08:21:52+00:00\",\"dateModified\":\"2026-02-04T13:59:29+00:00\",\"description\":\"C\u00e9kla Chioggia, cs\u00edkos \u00dajdons\u00e1g 2,5g. V\u00e1s\u00e1roljon vet\u0151magokat kert\u00e9szeti web\u00e1ruh\u00e1zunkb\u00f3l h\u00e1zhozsz\u00e1ll\u00edt\u00e1ssal, vagy szem\u00e9lyesen kert\u00e9szet\u00fcnkb\u0151l.\",\"breadcrumb\":{\"@id\":\"https:\\\/\\\/tajkertesz.com\\\/termek\\\/cekla-chioggia-csikos-ujdonsag-25g\\\/#breadcrumb\"},\"inLanguage\":\"en-US\",\"potentialAction\":[{\"@type\":\"ReadAction\",\"target\":[\"https:\\\/\\\/tajkertesz.com\\\/termek\\\/cekla-chioggia-csikos-ujdonsag-25g\\\/\"]}]},{\"@type\":\"ImageObject\",\"inLanguage\":\"en-US\",\"@id\":\"https:\\\/\\\/tajkertesz.com\\\/termek\\\/cekla-chioggia-csikos-ujdonsag-25g\\\/#primaryimage\",\"url\":\"https:\\\/\\\/tajkertesz.com\\\/wp-content\\\/uploads\\\/2023\\\/01\\\/20230127_153215-1-scaled.jpg\",\"contentUrl\":\"https:\\\/\\\/tajkertesz.com\\\/wp-content\\\/uploads\\\/2023\\\/01\\\/20230127_153215-1-scaled.jpg\",\"width\":1380,\"height\":2560},{\"@type\":\"BreadcrumbList\",\"@id\":\"https:\\\/\\\/tajkertesz.com\\\/termek\\\/cekla-chioggia-csikos-ujdonsag-25g\\\/#breadcrumb\",\"itemListElement\":[{\"@type\":\"ListItem\",\"position\":1,\"name\":\"Home\",\"item\":\"https:\\\/\\\/tajkertesz.com\\\/\"},{\"@type\":\"ListItem\",\"position\":2,\"name\":\"Kezd\u0151lap\",\"item\":\"https:\\\/\\\/tajkertesz.com\\\/\"},{\"@type\":\"ListItem\",\"position\":3,\"name\":\"C\u00e9kla Chioggia, cs\u00edkos \u00dajdons\u00e1g 2,5g\"}]},{\"@type\":\"WebSite\",\"@id\":\"https:\\\/\\\/tajkertesz.com\\\/#website\",\"url\":\"https:\\\/\\\/tajkertesz.com\\\/\",\"name\":\"T\u00e1j-Kert\u00e9sz 84 Kft.\",\"description\":\"Kert\u00e9szeti kis- \u00e9s nagykeresked\u00e9s, D\u00edszn\u00f6v\u00e9ny web\u00e1ruh\u00e1z orsz\u00e1gos h\u00e1zhozsz\u00e1ll\u00edt\u00e1ssal!\",\"publisher\":{\"@id\":\"https:\\\/\\\/tajkertesz.com\\\/#organization\"},\"potentialAction\":[{\"@type\":\"SearchAction\",\"target\":{\"@type\":\"EntryPoint\",\"urlTemplate\":\"https:\\\/\\\/tajkertesz.com\\\/?s={search_term_string}\"},\"query-input\":{\"@type\":\"PropertyValueSpecification\",\"valueRequired\":true,\"valueName\":\"search_term_string\"}}],\"inLanguage\":\"en-US\"},{\"@type\":\"Organization\",\"@id\":\"https:\\\/\\\/tajkertesz.com\\\/#organization\",\"name\":\"T\u00e1j-Kert\u00e9sz 84 Kft.\",\"url\":\"https:\\\/\\\/tajkertesz.com\\\/\",\"logo\":{\"@type\":\"ImageObject\",\"inLanguage\":\"en-US\",\"@id\":\"https:\\\/\\\/tajkertesz.com\\\/#\\\/schema\\\/logo\\\/image\\\/\",\"url\":\"https:\\\/\\\/tajkertesz.com\\\/wp-content\\\/uploads\\\/2018\\\/02\\\/logo-2-e1518678052539.png\",\"contentUrl\":\"https:\\\/\\\/tajkertesz.com\\\/wp-content\\\/uploads\\\/2018\\\/02\\\/logo-2-e1518678052539.png\",\"width\":81,\"height\":140,\"caption\":\"T\u00e1j-Kert\u00e9sz 84 Kft.\"},\"image\":{\"@id\":\"https:\\\/\\\/tajkertesz.com\\\/#\\\/schema\\\/logo\\\/image\\\/\"},\"sameAs\":[\"https:\\\/\\\/www.facebook.com\\\/Tajkertesz\\\/\"]}]}<\/script>\n<!-- \/ Yoast SEO plugin. -->","yoast_head_json":{"title":"C\u00e9kla Chioggia, cs\u00edkos \u00dajdons\u00e1g 2,5g - T\u00e1jkert\u00e9sz","description":"C\u00e9kla Chioggia, cs\u00edkos \u00dajdons\u00e1g 2,5g. V\u00e1s\u00e1roljon vet\u0151magokat kert\u00e9szeti web\u00e1ruh\u00e1zunkb\u00f3l h\u00e1zhozsz\u00e1ll\u00edt\u00e1ssal, vagy szem\u00e9lyesen kert\u00e9szet\u00fcnkb\u0151l.","robots":{"index":"index","follow":"follow","max-snippet":"max-snippet:-1","max-image-preview":"max-image-preview:large","max-video-preview":"max-video-preview:-1"},"canonical":"https:\/\/tajkertesz.com\/en_US\/product\/cekla-chioggia-csikos-ujdonsag-25g\/","og_locale":"en_US","og_type":"article","og_title":"C\u00e9kla Chioggia, cs\u00edkos \u00dajdons\u00e1g 2,5g - T\u00e1jkert\u00e9sz","og_description":"C\u00e9kla Chioggia, cs\u00edkos \u00dajdons\u00e1g 2,5g. V\u00e1s\u00e1roljon vet\u0151magokat kert\u00e9szeti web\u00e1ruh\u00e1zunkb\u00f3l h\u00e1zhozsz\u00e1ll\u00edt\u00e1ssal, vagy szem\u00e9lyesen kert\u00e9szet\u00fcnkb\u0151l.","og_url":"https:\/\/tajkertesz.com\/en_US\/product\/cekla-chioggia-csikos-ujdonsag-25g\/","og_site_name":"T\u00e1jkert\u00e9sz","article_publisher":"https:\/\/www.facebook.com\/Tajkertesz\/","article_modified_time":"2026-02-04T13:59:29+00:00","og_image":[{"width":1380,"height":2560,"url":"https:\/\/tajkertesz.com\/wp-content\/uploads\/2023\/01\/20230127_153215-1-scaled.jpg","type":"image\/jpeg"}],"twitter_card":"summary_large_image","twitter_misc":{"Est. reading time":"2 minutes"},"schema":{"@context":"https:\/\/schema.org","@graph":[{"@type":"WebPage","@id":"https:\/\/tajkertesz.com\/termek\/cekla-chioggia-csikos-ujdonsag-25g\/","url":"https:\/\/tajkertesz.com\/termek\/cekla-chioggia-csikos-ujdonsag-25g\/","name":"C\u00e9kla Chioggia, cs\u00edkos \u00dajdons\u00e1g 2,5g - T\u00e1jkert\u00e9sz","isPartOf":{"@id":"https:\/\/tajkertesz.com\/#website"},"primaryImageOfPage":{"@id":"https:\/\/tajkertesz.com\/termek\/cekla-chioggia-csikos-ujdonsag-25g\/#primaryimage"},"image":{"@id":"https:\/\/tajkertesz.com\/termek\/cekla-chioggia-csikos-ujdonsag-25g\/#primaryimage"},"thumbnailUrl":"https:\/\/tajkertesz.com\/wp-content\/uploads\/2023\/01\/20230127_153215-1-scaled.jpg","datePublished":"2021-06-29T08:21:52+00:00","dateModified":"2026-02-04T13:59:29+00:00","description":"C\u00e9kla Chioggia, cs\u00edkos \u00dajdons\u00e1g 2,5g. V\u00e1s\u00e1roljon vet\u0151magokat kert\u00e9szeti web\u00e1ruh\u00e1zunkb\u00f3l h\u00e1zhozsz\u00e1ll\u00edt\u00e1ssal, vagy szem\u00e9lyesen kert\u00e9szet\u00fcnkb\u0151l.","breadcrumb":{"@id":"https:\/\/tajkertesz.com\/termek\/cekla-chioggia-csikos-ujdonsag-25g\/#breadcrumb"},"inLanguage":"en-US","potentialAction":[{"@type":"ReadAction","target":["https:\/\/tajkertesz.com\/termek\/cekla-chioggia-csikos-ujdonsag-25g\/"]}]},{"@type":"ImageObject","inLanguage":"en-US","@id":"https:\/\/tajkertesz.com\/termek\/cekla-chioggia-csikos-ujdonsag-25g\/#primaryimage","url":"https:\/\/tajkertesz.com\/wp-content\/uploads\/2023\/01\/20230127_153215-1-scaled.jpg","contentUrl":"https:\/\/tajkertesz.com\/wp-content\/uploads\/2023\/01\/20230127_153215-1-scaled.jpg","width":1380,"height":2560},{"@type":"BreadcrumbList","@id":"https:\/\/tajkertesz.com\/termek\/cekla-chioggia-csikos-ujdonsag-25g\/#breadcrumb","itemListElement":[{"@type":"ListItem","position":1,"name":"Home","item":"https:\/\/tajkertesz.com\/"},{"@type":"ListItem","position":2,"name":"Kezd\u0151lap","item":"https:\/\/tajkertesz.com\/"},{"@type":"ListItem","position":3,"name":"C\u00e9kla Chioggia, cs\u00edkos \u00dajdons\u00e1g 2,5g"}]},{"@type":"WebSite","@id":"https:\/\/tajkertesz.com\/#website","url":"https:\/\/tajkertesz.com\/","name":"T\u00e1j-Kert\u00e9sz 84 Kft.","description":"Kert\u00e9szeti kis- \u00e9s nagykeresked\u00e9s, D\u00edszn\u00f6v\u00e9ny web\u00e1ruh\u00e1z orsz\u00e1gos h\u00e1zhozsz\u00e1ll\u00edt\u00e1ssal!","publisher":{"@id":"https:\/\/tajkertesz.com\/#organization"},"potentialAction":[{"@type":"SearchAction","target":{"@type":"EntryPoint","urlTemplate":"https:\/\/tajkertesz.com\/?s={search_term_string}"},"query-input":{"@type":"PropertyValueSpecification","valueRequired":true,"valueName":"search_term_string"}}],"inLanguage":"en-US"},{"@type":"Organization","@id":"https:\/\/tajkertesz.com\/#organization","name":"T\u00e1j-Kert\u00e9sz 84 Kft.","url":"https:\/\/tajkertesz.com\/","logo":{"@type":"ImageObject","inLanguage":"en-US","@id":"https:\/\/tajkertesz.com\/#\/schema\/logo\/image\/","url":"https:\/\/tajkertesz.com\/wp-content\/uploads\/2018\/02\/logo-2-e1518678052539.png","contentUrl":"https:\/\/tajkertesz.com\/wp-content\/uploads\/2018\/02\/logo-2-e1518678052539.png","width":81,"height":140,"caption":"T\u00e1j-Kert\u00e9sz 84 Kft."},"image":{"@id":"https:\/\/tajkertesz.com\/#\/schema\/logo\/image\/"},"sameAs":["https:\/\/www.facebook.com\/Tajkertesz\/"]}]}},"_links":{"self":[{"href":"https:\/\/tajkertesz.com\/en_US\/wp-json\/wp\/v2\/product\/7467","targetHints":{"allow":["GET"]}}],"collection":[{"href":"https:\/\/tajkertesz.com\/en_US\/wp-json\/wp\/v2\/product"}],"about":[{"href":"https:\/\/tajkertesz.com\/en_US\/wp-json\/wp\/v2\/types\/product"}],"wp:featuredmedia":[{"embeddable":true,"href":"https:\/\/tajkertesz.com\/en_US\/wp-json\/wp\/v2\/media\/15046"}],"wp:attachment":[{"href":"https:\/\/tajkertesz.com\/en_US\/wp-json\/wp\/v2\/media?parent=7467"}],"wp:term":[{"taxonomy":"product_brand","embeddable":true,"href":"https:\/\/tajkertesz.com\/en_US\/wp-json\/wp\/v2\/product_brand?post=7467"},{"taxonomy":"product_cat","embeddable":true,"href":"https:\/\/tajkertesz.com\/en_US\/wp-json\/wp\/v2\/product_cat?post=7467"},{"taxonomy":"product_tag","embeddable":true,"href":"https:\/\/tajkertesz.com\/en_US\/wp-json\/wp\/v2\/product_tag?post=7467"}],"curies":[{"name":"wp","href":"https:\/\/api.w.org\/{rel}","templated":true}]}}