{"id":7471,"date":"2021-06-29T08:26:54","date_gmt":"2021-06-29T08:26:54","guid":{"rendered":"https:\/\/tajkertesz.com\/?post_type=product&#038;p=7471"},"modified":"2025-04-03T07:58:00","modified_gmt":"2025-04-03T07:58:00","slug":"jegsalata-great-lakes-118","status":"publish","type":"product","link":"https:\/\/tajkertesz.com\/en_US\/product\/jegsalata-great-lakes-118\/","title":{"rendered":"Sal\u00e1ta J\u00e9gsal\u00e1ta Great lakes 118"},"content":{"rendered":"<h2 class=\"page-title hidden-xs hidden-sm\">J\u00e9gsal\u00e1ta Great lakes 118<\/h2>\n<p class=\"page-title hidden-xs hidden-sm\">J\u00e9gsal\u00e1ta Great lakes 118, Szabadf\u00f6ldre. K\u00f6z\u00e9pkorai termeszt\u00e9sre alkalmas fajta. Nagy, kem\u00e9ny fejet k\u00e9pez. Levelei ropog\u00f3sak, k\u00f6z\u00e9pz\u00f6ld sz\u00ednu\u030bek. Magsz\u00e1r k\u00e9pzo\u030bd\u00e9sre nem hajlamos. Szakaszosan vetheto\u030b.<\/p>\n<p>A fejes sal\u00e1ta a talaj t\u00edpus\u00e1ra nem igaz\u00e1n k\u00e9nyes, b\u00e1r legjobban, a t\u00e1panyagban gazdag, v\u00edzzel j\u00f3l ell\u00e1tott, kiss\u00e9 l\u00fagos talajokat kedveli. J\u00f3l termeszthet\u0151 laza szerkezet\u0171, barna homoktalajon. A talajt szerves tr\u00e1gy\u00e1val \u00e9s m\u0171tr\u00e1gy\u00e1val egyar\u00e1nt \u00e9rdemes jav\u00edtani, \u00edgy biztos\u00edtva az elegend\u0151 t\u00e1panyagot.<\/p>\n<p>V\u00edzig\u00e9nye n\u00f6veked\u00e9si id\u0151szak\u00e1nak elej\u00e9n a legnagyobb, k\u00e9s\u0151bb a t\u00fal sok nedvess\u00e9g azt eredm\u00e9nyezheti, hogy a fejek laz\u00e1k lesznek. A sal\u00e1ta vil\u00e1gos helyen termeszthet\u0151, j\u00f3 hidegt\u0171r\u0151 n\u00f6v\u00e9ny, pal\u00e1nt\u00e1i kor\u00e1n ki\u00fcltethet\u0151k valamint a szabadban \u00e1t is lehet \u0151ket teleltetni.<\/p>\n<p>Nagy melegben, hossz\u00fa nappalok idej\u00e9n a kifejlett n\u00f6v\u00e9nyek k\u00f6nnyen felmagzanak, ez\u00e9rt fontos, hogy szakaszosan vess\u00fcnk \u00e9s a megfelel\u0151 fajt\u00e1kat v\u00e1lasszuk. Tavaszi szabadf\u00f6ldi vet\u00e9sre p\u00e9ld\u00e1ul csak ny\u00e1ri fajt\u00e1t \u00e9rdemes v\u00e1lasztani, mert a korai fajta felmagzik a ny\u00e1ri melegben.<\/p>\n<p>A sal\u00e1ta betegs\u00e9gei k\u00f6z\u00fcl a sal\u00e1taperonoszp\u00f3ra \u00e9s a sal\u00e1tav\u00e9sz \u00e9rdemel eml\u00edt\u00e9st, k\u00e1rtev\u0151k k\u00f6z\u00fcl a l\u00f3t\u00fccs\u00f6k, dr\u00f3tf\u00e9reg \u00e9s a sal\u00e1ta bagolylepke herny\u00f3ja k\u00e1ros\u00edthatja.<\/p>\n<p>Sal\u00e1t\u00e1t termeszthet\u00fcnk v\u00e1s\u00e1rolt pal\u00e1nt\u00e1k \u00fcltet\u00e9s\u00e9vel, nevelhet\u00fcnk pal\u00e1nt\u00e1kat saj\u00e1t magunk sz\u00e1m\u00e1ra, valamint a szabadban is elvethetj\u00fck magjait. Az\u00e9rt, hogy az \u00e9v min\u00e9l nagyobb r\u00e9sz\u00e9ben \u00e9lvezhess\u00fck a frissen szedett sal\u00e1t\u00e1t, c\u00e9lszer\u0171 szakaszosan vetni t\u00f6bbf\u00e9le fajt\u00e1t.<\/p>\n<p>M\u00e1rcius eleji ki\u00fcltet\u00e9sre febru\u00e1r m\u00e1sodik fel\u00e9ben kezdhetj\u00fck meg a pal\u00e1ntanevel\u00e9st. T\u00f6lts\u00fcnk meg cserepeket, l\u00e1d\u00e1kat j\u00f3 szerkezet\u0171, szobah\u0151m\u00e9rs\u00e9klet\u0171 f\u00f6lddel. Sz\u00f3rjuk a f\u00f6ld felsz\u00edn\u00e9re a magokat \u00e9s nyomkodjuk a f\u00f6ldh\u00f6z \u0151ket.<\/p>\n<p>A cs\u00edr\u00e1z\u00e1shoz f\u00e9ny, nedvess\u00e9g \u00e9s kellemesen p\u00e1r\u00e1s k\u00f6rnyezet sz\u00fcks\u00e9ges, ut\u00f3bbit \u00fcveglappal biztos\u00edthatjuk. Amint kikeltek a magok, vigy\u00fck a cserepeket napos helyre, p\u00e9ld\u00e1ul az ablakba \u00e9s tartsuk nedvesen a pal\u00e1nt\u00e1k f\u00f6ldj\u00e9t. M\u00e1rcius elej\u00e9n \u00fcltess\u00fck ki a szabadba \u0151ket kb. 20 cm-es t\u0151t\u00e1vols\u00e1gra. A sorok k\u00f6z\u00f6tt 30 cm-es sort\u00e1vols\u00e1g legyen.<\/p>\n<p>&nbsp;<\/p>\n<p style=\"line-height: 18.0pt; background: white; margin: 0cm 0cm 15.0pt 0cm;\"><b><span style=\"font-family: 'Ubuntu',serif; color: black;\">K\u00e9szlet\u00fcnk napi szinten v\u00e1ltozik, ez\u00e9rt k\u00e9rj\u00fck, \u00e9rdekl\u0151dj\u00f6n szem\u00e9lyesen, telefonon vagy email-en.<br \/>\nA v\u00e1ltoztat\u00e1s jog\u00e1t fenntartjuk!\u00a0<\/span><\/b><\/p>\n<p><a href=\"https:\/\/tajkertesz.com\/\">https:\/\/tajkertesz.com<\/a><\/p>\n<p><a href=\"https:\/\/www.facebook.com\/tajkertesz\">https:\/\/www.facebook.com\/tajkertesz<\/a><\/p>\n<p>&nbsp;<\/p>\n<p>&nbsp;<\/p>","protected":false},"excerpt":{"rendered":"<h1 class=\"page-title hidden-xs hidden-sm\">J\u00e9gsal\u00e1ta Great lakes 118<\/h1>\n<p class=\"page-title hidden-xs hidden-sm\">K\u00f6z\u00e9pkorai termeszt\u00e9sre alkalmas fajta. Nagy, kem\u00e9ny fejet k\u00e9pez. Levelei ropog\u00f3sak, k\u00f6z\u00e9pz\u00f6ld sz\u00ednu\u030bek.<\/p>","protected":false},"featured_media":14335,"template":"","meta":{"_et_pb_use_builder":"","_et_pb_old_content":"","_et_gb_content_width":""},"product_brand":[],"product_cat":[2881],"product_tag":[2192],"class_list":{"0":"post-7471","1":"product","2":"type-product","3":"status-publish","4":"has-post-thumbnail","6":"product_cat-zoldsegnoveny-vetomagok","7":"product_tag-jegsalata-great-lakes","9":"first","10":"instock","11":"shipping-taxable","12":"purchasable","13":"product-type-simple"},"yoast_head":"<!-- This site is optimized with the Yoast SEO plugin v27.5 - https:\/\/yoast.com\/product\/yoast-seo-wordpress\/ -->\n<title>Sal\u00e1ta J\u00e9gsal\u00e1ta Great lakes 118 - T\u00e1jkert\u00e9sz<\/title>\n<meta name=\"description\" content=\"J\u00e9gsal\u00e1ta Great lakes 118 K\u00f6z\u00e9pkorai termeszt\u00e9sre alkalmas fajta. Nagy, kem\u00e9ny fejet k\u00e9pez. Levelei ropog\u00f3sak, k\u00f6z\u00e9pz\u00f6ld sz\u00ednu\u030bek.\" \/>\n<meta name=\"robots\" content=\"index, follow, max-snippet:-1, max-image-preview:large, max-video-preview:-1\" \/>\n<link rel=\"canonical\" href=\"https:\/\/tajkertesz.com\/en_US\/product\/jegsalata-great-lakes-118\/\" \/>\n<meta property=\"og:locale\" content=\"en_US\" \/>\n<meta property=\"og:type\" content=\"article\" \/>\n<meta property=\"og:title\" content=\"Sal\u00e1ta J\u00e9gsal\u00e1ta Great lakes 118 - T\u00e1jkert\u00e9sz\" \/>\n<meta property=\"og:description\" content=\"J\u00e9gsal\u00e1ta Great lakes 118 K\u00f6z\u00e9pkorai termeszt\u00e9sre alkalmas fajta. Nagy, kem\u00e9ny fejet k\u00e9pez. Levelei ropog\u00f3sak, k\u00f6z\u00e9pz\u00f6ld sz\u00ednu\u030bek.\" \/>\n<meta property=\"og:url\" content=\"https:\/\/tajkertesz.com\/en_US\/product\/jegsalata-great-lakes-118\/\" \/>\n<meta property=\"og:site_name\" content=\"T\u00e1jkert\u00e9sz\" \/>\n<meta property=\"article:publisher\" content=\"https:\/\/www.facebook.com\/Tajkertesz\/\" \/>\n<meta property=\"article:modified_time\" content=\"2025-04-03T07:58:00+00:00\" \/>\n<meta property=\"og:image\" content=\"https:\/\/tajkertesz.com\/wp-content\/uploads\/2021\/06\/Great-Leaks.jpg\" \/>\n\t<meta property=\"og:image:width\" content=\"404\" \/>\n\t<meta property=\"og:image:height\" content=\"898\" \/>\n\t<meta property=\"og:image:type\" content=\"image\/jpeg\" \/>\n<meta name=\"twitter:card\" content=\"summary_large_image\" \/>\n<meta name=\"twitter:label1\" content=\"Est. reading time\" \/>\n\t<meta name=\"twitter:data1\" content=\"2 minutes\" \/>\n<script type=\"application\/ld+json\" class=\"yoast-schema-graph\">{\"@context\":\"https:\\\/\\\/schema.org\",\"@graph\":[{\"@type\":\"WebPage\",\"@id\":\"https:\\\/\\\/tajkertesz.com\\\/termek\\\/jegsalata-great-lakes-118\\\/\",\"url\":\"https:\\\/\\\/tajkertesz.com\\\/termek\\\/jegsalata-great-lakes-118\\\/\",\"name\":\"Sal\u00e1ta J\u00e9gsal\u00e1ta Great lakes 118 - T\u00e1jkert\u00e9sz\",\"isPartOf\":{\"@id\":\"https:\\\/\\\/tajkertesz.com\\\/#website\"},\"primaryImageOfPage\":{\"@id\":\"https:\\\/\\\/tajkertesz.com\\\/termek\\\/jegsalata-great-lakes-118\\\/#primaryimage\"},\"image\":{\"@id\":\"https:\\\/\\\/tajkertesz.com\\\/termek\\\/jegsalata-great-lakes-118\\\/#primaryimage\"},\"thumbnailUrl\":\"https:\\\/\\\/tajkertesz.com\\\/wp-content\\\/uploads\\\/2021\\\/06\\\/Great-Leaks.jpg\",\"datePublished\":\"2021-06-29T08:26:54+00:00\",\"dateModified\":\"2025-04-03T07:58:00+00:00\",\"description\":\"J\u00e9gsal\u00e1ta Great lakes 118 K\u00f6z\u00e9pkorai termeszt\u00e9sre alkalmas fajta. Nagy, kem\u00e9ny fejet k\u00e9pez. Levelei ropog\u00f3sak, k\u00f6z\u00e9pz\u00f6ld sz\u00ednu\u030bek.\",\"breadcrumb\":{\"@id\":\"https:\\\/\\\/tajkertesz.com\\\/termek\\\/jegsalata-great-lakes-118\\\/#breadcrumb\"},\"inLanguage\":\"en-US\",\"potentialAction\":[{\"@type\":\"ReadAction\",\"target\":[\"https:\\\/\\\/tajkertesz.com\\\/termek\\\/jegsalata-great-lakes-118\\\/\"]}]},{\"@type\":\"ImageObject\",\"inLanguage\":\"en-US\",\"@id\":\"https:\\\/\\\/tajkertesz.com\\\/termek\\\/jegsalata-great-lakes-118\\\/#primaryimage\",\"url\":\"https:\\\/\\\/tajkertesz.com\\\/wp-content\\\/uploads\\\/2021\\\/06\\\/Great-Leaks.jpg\",\"contentUrl\":\"https:\\\/\\\/tajkertesz.com\\\/wp-content\\\/uploads\\\/2021\\\/06\\\/Great-Leaks.jpg\",\"width\":404,\"height\":898},{\"@type\":\"BreadcrumbList\",\"@id\":\"https:\\\/\\\/tajkertesz.com\\\/termek\\\/jegsalata-great-lakes-118\\\/#breadcrumb\",\"itemListElement\":[{\"@type\":\"ListItem\",\"position\":1,\"name\":\"Home\",\"item\":\"https:\\\/\\\/tajkertesz.com\\\/\"},{\"@type\":\"ListItem\",\"position\":2,\"name\":\"Kezd\u0151lap\",\"item\":\"https:\\\/\\\/tajkertesz.com\\\/\"},{\"@type\":\"ListItem\",\"position\":3,\"name\":\"Sal\u00e1ta J\u00e9gsal\u00e1ta Great lakes 118\"}]},{\"@type\":\"WebSite\",\"@id\":\"https:\\\/\\\/tajkertesz.com\\\/#website\",\"url\":\"https:\\\/\\\/tajkertesz.com\\\/\",\"name\":\"T\u00e1j-Kert\u00e9sz 84 Kft.\",\"description\":\"Kert\u00e9szeti kis- \u00e9s nagykeresked\u00e9s, D\u00edszn\u00f6v\u00e9ny web\u00e1ruh\u00e1z orsz\u00e1gos h\u00e1zhozsz\u00e1ll\u00edt\u00e1ssal!\",\"publisher\":{\"@id\":\"https:\\\/\\\/tajkertesz.com\\\/#organization\"},\"potentialAction\":[{\"@type\":\"SearchAction\",\"target\":{\"@type\":\"EntryPoint\",\"urlTemplate\":\"https:\\\/\\\/tajkertesz.com\\\/?s={search_term_string}\"},\"query-input\":{\"@type\":\"PropertyValueSpecification\",\"valueRequired\":true,\"valueName\":\"search_term_string\"}}],\"inLanguage\":\"en-US\"},{\"@type\":\"Organization\",\"@id\":\"https:\\\/\\\/tajkertesz.com\\\/#organization\",\"name\":\"T\u00e1j-Kert\u00e9sz 84 Kft.\",\"url\":\"https:\\\/\\\/tajkertesz.com\\\/\",\"logo\":{\"@type\":\"ImageObject\",\"inLanguage\":\"en-US\",\"@id\":\"https:\\\/\\\/tajkertesz.com\\\/#\\\/schema\\\/logo\\\/image\\\/\",\"url\":\"https:\\\/\\\/tajkertesz.com\\\/wp-content\\\/uploads\\\/2018\\\/02\\\/logo-2-e1518678052539.png\",\"contentUrl\":\"https:\\\/\\\/tajkertesz.com\\\/wp-content\\\/uploads\\\/2018\\\/02\\\/logo-2-e1518678052539.png\",\"width\":81,\"height\":140,\"caption\":\"T\u00e1j-Kert\u00e9sz 84 Kft.\"},\"image\":{\"@id\":\"https:\\\/\\\/tajkertesz.com\\\/#\\\/schema\\\/logo\\\/image\\\/\"},\"sameAs\":[\"https:\\\/\\\/www.facebook.com\\\/Tajkertesz\\\/\"]}]}<\/script>\n<!-- \/ Yoast SEO plugin. -->","yoast_head_json":{"title":"Sal\u00e1ta J\u00e9gsal\u00e1ta Great lakes 118 - T\u00e1jkert\u00e9sz","description":"J\u00e9gsal\u00e1ta Great lakes 118 K\u00f6z\u00e9pkorai termeszt\u00e9sre alkalmas fajta. Nagy, kem\u00e9ny fejet k\u00e9pez. Levelei ropog\u00f3sak, k\u00f6z\u00e9pz\u00f6ld sz\u00ednu\u030bek.","robots":{"index":"index","follow":"follow","max-snippet":"max-snippet:-1","max-image-preview":"max-image-preview:large","max-video-preview":"max-video-preview:-1"},"canonical":"https:\/\/tajkertesz.com\/en_US\/product\/jegsalata-great-lakes-118\/","og_locale":"en_US","og_type":"article","og_title":"Sal\u00e1ta J\u00e9gsal\u00e1ta Great lakes 118 - T\u00e1jkert\u00e9sz","og_description":"J\u00e9gsal\u00e1ta Great lakes 118 K\u00f6z\u00e9pkorai termeszt\u00e9sre alkalmas fajta. Nagy, kem\u00e9ny fejet k\u00e9pez. Levelei ropog\u00f3sak, k\u00f6z\u00e9pz\u00f6ld sz\u00ednu\u030bek.","og_url":"https:\/\/tajkertesz.com\/en_US\/product\/jegsalata-great-lakes-118\/","og_site_name":"T\u00e1jkert\u00e9sz","article_publisher":"https:\/\/www.facebook.com\/Tajkertesz\/","article_modified_time":"2025-04-03T07:58:00+00:00","og_image":[{"width":404,"height":898,"url":"https:\/\/tajkertesz.com\/wp-content\/uploads\/2021\/06\/Great-Leaks.jpg","type":"image\/jpeg"}],"twitter_card":"summary_large_image","twitter_misc":{"Est. reading time":"2 minutes"},"schema":{"@context":"https:\/\/schema.org","@graph":[{"@type":"WebPage","@id":"https:\/\/tajkertesz.com\/termek\/jegsalata-great-lakes-118\/","url":"https:\/\/tajkertesz.com\/termek\/jegsalata-great-lakes-118\/","name":"Sal\u00e1ta J\u00e9gsal\u00e1ta Great lakes 118 - T\u00e1jkert\u00e9sz","isPartOf":{"@id":"https:\/\/tajkertesz.com\/#website"},"primaryImageOfPage":{"@id":"https:\/\/tajkertesz.com\/termek\/jegsalata-great-lakes-118\/#primaryimage"},"image":{"@id":"https:\/\/tajkertesz.com\/termek\/jegsalata-great-lakes-118\/#primaryimage"},"thumbnailUrl":"https:\/\/tajkertesz.com\/wp-content\/uploads\/2021\/06\/Great-Leaks.jpg","datePublished":"2021-06-29T08:26:54+00:00","dateModified":"2025-04-03T07:58:00+00:00","description":"J\u00e9gsal\u00e1ta Great lakes 118 K\u00f6z\u00e9pkorai termeszt\u00e9sre alkalmas fajta. Nagy, kem\u00e9ny fejet k\u00e9pez. Levelei ropog\u00f3sak, k\u00f6z\u00e9pz\u00f6ld sz\u00ednu\u030bek.","breadcrumb":{"@id":"https:\/\/tajkertesz.com\/termek\/jegsalata-great-lakes-118\/#breadcrumb"},"inLanguage":"en-US","potentialAction":[{"@type":"ReadAction","target":["https:\/\/tajkertesz.com\/termek\/jegsalata-great-lakes-118\/"]}]},{"@type":"ImageObject","inLanguage":"en-US","@id":"https:\/\/tajkertesz.com\/termek\/jegsalata-great-lakes-118\/#primaryimage","url":"https:\/\/tajkertesz.com\/wp-content\/uploads\/2021\/06\/Great-Leaks.jpg","contentUrl":"https:\/\/tajkertesz.com\/wp-content\/uploads\/2021\/06\/Great-Leaks.jpg","width":404,"height":898},{"@type":"BreadcrumbList","@id":"https:\/\/tajkertesz.com\/termek\/jegsalata-great-lakes-118\/#breadcrumb","itemListElement":[{"@type":"ListItem","position":1,"name":"Home","item":"https:\/\/tajkertesz.com\/"},{"@type":"ListItem","position":2,"name":"Kezd\u0151lap","item":"https:\/\/tajkertesz.com\/"},{"@type":"ListItem","position":3,"name":"Sal\u00e1ta J\u00e9gsal\u00e1ta Great lakes 118"}]},{"@type":"WebSite","@id":"https:\/\/tajkertesz.com\/#website","url":"https:\/\/tajkertesz.com\/","name":"T\u00e1j-Kert\u00e9sz 84 Kft.","description":"Kert\u00e9szeti kis- \u00e9s nagykeresked\u00e9s, D\u00edszn\u00f6v\u00e9ny web\u00e1ruh\u00e1z orsz\u00e1gos h\u00e1zhozsz\u00e1ll\u00edt\u00e1ssal!","publisher":{"@id":"https:\/\/tajkertesz.com\/#organization"},"potentialAction":[{"@type":"SearchAction","target":{"@type":"EntryPoint","urlTemplate":"https:\/\/tajkertesz.com\/?s={search_term_string}"},"query-input":{"@type":"PropertyValueSpecification","valueRequired":true,"valueName":"search_term_string"}}],"inLanguage":"en-US"},{"@type":"Organization","@id":"https:\/\/tajkertesz.com\/#organization","name":"T\u00e1j-Kert\u00e9sz 84 Kft.","url":"https:\/\/tajkertesz.com\/","logo":{"@type":"ImageObject","inLanguage":"en-US","@id":"https:\/\/tajkertesz.com\/#\/schema\/logo\/image\/","url":"https:\/\/tajkertesz.com\/wp-content\/uploads\/2018\/02\/logo-2-e1518678052539.png","contentUrl":"https:\/\/tajkertesz.com\/wp-content\/uploads\/2018\/02\/logo-2-e1518678052539.png","width":81,"height":140,"caption":"T\u00e1j-Kert\u00e9sz 84 Kft."},"image":{"@id":"https:\/\/tajkertesz.com\/#\/schema\/logo\/image\/"},"sameAs":["https:\/\/www.facebook.com\/Tajkertesz\/"]}]}},"_links":{"self":[{"href":"https:\/\/tajkertesz.com\/en_US\/wp-json\/wp\/v2\/product\/7471","targetHints":{"allow":["GET"]}}],"collection":[{"href":"https:\/\/tajkertesz.com\/en_US\/wp-json\/wp\/v2\/product"}],"about":[{"href":"https:\/\/tajkertesz.com\/en_US\/wp-json\/wp\/v2\/types\/product"}],"wp:featuredmedia":[{"embeddable":true,"href":"https:\/\/tajkertesz.com\/en_US\/wp-json\/wp\/v2\/media\/14335"}],"wp:attachment":[{"href":"https:\/\/tajkertesz.com\/en_US\/wp-json\/wp\/v2\/media?parent=7471"}],"wp:term":[{"taxonomy":"product_brand","embeddable":true,"href":"https:\/\/tajkertesz.com\/en_US\/wp-json\/wp\/v2\/product_brand?post=7471"},{"taxonomy":"product_cat","embeddable":true,"href":"https:\/\/tajkertesz.com\/en_US\/wp-json\/wp\/v2\/product_cat?post=7471"},{"taxonomy":"product_tag","embeddable":true,"href":"https:\/\/tajkertesz.com\/en_US\/wp-json\/wp\/v2\/product_tag?post=7471"}],"curies":[{"name":"wp","href":"https:\/\/api.w.org\/{rel}","templated":true}]}}