{"id":7509,"date":"2021-06-30T06:03:53","date_gmt":"2021-06-30T06:03:53","guid":{"rendered":"https:\/\/tajkertesz.com\/?post_type=product&#038;p=7509"},"modified":"2026-02-16T15:33:07","modified_gmt":"2026-02-16T15:33:07","slug":"fagel-120-ml","status":"publish","type":"product","link":"https:\/\/tajkertesz.com\/en_US\/product\/fagel-120-ml\/","title":{"rendered":"Fag\u00e9l 120 ml"},"content":{"rendered":"<h1 class=\"h1 product-title\">Fag\u00e9l 120 ml<\/h1>\n<p class=\"h1 product-title\">Fag\u00e9l 120 ml, Felhaszn\u00e1l\u00e1s: gy\u00fcm\u00f6lcsf\u00e1k, d\u00edszf\u00e1k, sz\u0151l\u0151, gy\u00fcm\u00f6lcsterm\u0151 \u00e9s d\u00edszcserj\u00e9k metsz\u00e9si, v\u00e1g\u00e1si, s\u00e9r\u00fcl\u00e9si fel\u00fcleteinek lez\u00e1r\u00e1sa k\u00f3rokoz\u00f3k, r\u00e1g\u00f3k\u00e1ros\u00edt\u00f3k k\u00e1rt\u00e9tel\u00e9nek megel\u0151z\u00e9s\u00e9re.<\/p>\n<p>A paszt\u00e1t h\u00edg\u00edt\u00e1s n\u00e9lk\u00fcl kell a f\u00e1s n\u00f6v\u00e9nyi r\u00e9szen keletkezett &#8211; \u00e9s el\u0151zetesen \u00e9les (\u00fan. kacor-) k\u00e9ssel megtiszt\u00edtott &#8211; sebz\u00e9sre (rovarr\u00e1g\u00e1s, metsz\u00e9si fel\u00fclet, \u00e1gt\u00f6r\u00e9s helye, stb.) felvinni ecsettel oly m\u00f3don, hogy a sebet a paszta teljesen \u00e9s egyenletesen fedje a seb sz\u00e9l\u00e9t\u0151l kb. 0,5\u00ad1 cm-es s\u00e1vban a s\u00e9r\u00fcl\u00e9smentes r\u00e9szt is takarva. A FAG\u00c9L a kezel\u00e9s hely\u00e9n rugalmas, szell\u0151z\u0151 bevonatot k\u00e9pezve tart\u00f3s v\u00e9delmet ny\u00fajt \u00e9s megakad\u00e1lyozza a seb ut\u00f3lagos befert\u0151z\u00e9s\u00e9t. Ehhez a kor\u00e1bbi, m\u00e1r fert\u0151z\u00f6tt sebet el\u0151zetesen az \u00e9l\u0151, eg\u00e9szs\u00e9ges r\u00e9szig vissza kell tiszt\u00edtani. Egy liter k\u00e9sz\u00edtm\u00e9ny 4-8 m2 fel\u00fclet egyszeri kezel\u00e9s\u00e9re elegend\u0151. A kezel\u00e9st sz\u00e1raz id\u0151ben, 0 fok felett lehet elv\u00e9gezni.<\/p>\n<p>A FAG\u00c9L &#8211; OLTV\u00c1NYKEZEL\u0150 PASZTAK\u00c9NT IS K\u00cdV\u00c1L\u00d3.<br \/>\nA k\u00e9t n\u00f6v\u00e9nyr\u00e9sz \u00f6sszeilleszt\u00e9se ut\u00e1n FAG\u00c9LLEL ecsettel bekenj\u00fck a fel\u00fclet\u00fcket. A paszta megsz\u00e1rad\u00e1sa ut\u00e1n rugalmas, gumiszer\u0171 gy\u0171r\u0171k\u00e9nt r\u00f6gz\u00edti, v\u00e9di az olt\u00e1st. A hat\u00e9konys\u00e1g \u2013 megered\u00e9s \u2013 a 90%-ot is el\u00e9rheti, ami az olt\u00f3viaszokn\u00e1l nagyon j\u00f3 eredm\u00e9ny!<\/p>\n<p>A FAG\u00c9L &#8211; VADR\u00c1G\u00c1SOK MEGEL\u0150Z\u00c9S\u00c9RE \u00c9S KEZEL\u00c9S\u00c9RE IS ALKALMAS.<br \/>\nA vesz\u00e9lyeztetett f\u00e1k t\u00f6rzs\u00e9t kenj\u00fck be FAG\u00c9LLEL, ez megsz\u00e1radva l\u00e9legz\u0151 bevonatk\u00e9nt a f\u00e1t nem k\u00e1ros\u00edtja, de a vadak \/ \u0151zek, vaddiszn\u00f3k, stb.\/ nem szeretik, \u00edgy a fak\u00e9reg ler\u00e1g\u00e1s\u00e1val, sok esetben a fatest let\u00e9p\u00e9s\u00e9vel a f\u00e1t nem tehetik t\u00f6nkre. A m\u00e1r r\u00e1gott fak\u00e9reg vagy fat\u00f6rzs p\u00f3tl\u00e1s\u00e1ra, kezel\u00e9s\u00e9re is sikeresen alkalmazhat\u00f3. \u00d6nmag\u00e1ban a FAG\u00c9L paszta, vagy finom, szit\u00e1lt f\u0171r\u00e9szporral \u00f6sszekeverve. Ezzel, nagyobb m\u00e9ret\u0171, m\u00e9ly fa \u00fcregeket is bevonhatunk.<br \/>\nJ\u00f3l \u00f6ssze\u00e9p\u00fcl a k\u00e1ros\u00edtott \u00e9l\u0151fa anyag\u00e1val, jelent\u0151sen meghosszabb\u00edtva annak \u00e9lettartam\u00e1t.<\/p>\n<p>&nbsp;<\/p>\n<p>&nbsp;<\/p>\n<div id=\"bodyContent\" class=\"mw-body-content\">\n<div id=\"mw-content-text\" class=\"mw-content-ltr\" dir=\"ltr\" lang=\"hu\">\n<div id=\"bodyContent\" class=\"mw-body-content\">\n<div id=\"mw-content-text\" class=\"mw-content-ltr\" dir=\"ltr\" lang=\"hu\">\n<p>Kisz\u00e1ll\u00edt\u00e1s: 200 cm \u00e9s 40 kg is a sz\u00e1ll\u00edt\u00e1s fut\u00e1rszolg\u00e1lattal t\u00f6rt\u00e9nik.<\/p>\n<\/div>\n<\/div>\n<\/div>\n<\/div>\n<p style=\"line-height: 18.0pt; background: white; margin: 0cm 0cm 15.0pt 0cm;\"><b><span style=\"font-family: 'Ubuntu',serif; color: black;\">K\u00e9szlet\u00fcnk napi szinten v\u00e1ltozik, ez\u00e9rt k\u00e9rj\u00fck, \u00e9rdekl\u0151dj\u00f6n szem\u00e9lyesen, telefonon vagy email-en.<br \/>\nA v\u00e1ltoztat\u00e1s jog\u00e1t fenntartjuk!\u00a0<\/span><\/b><\/p>\n<p><a href=\"https:\/\/tajkertesz.com\/\">https:\/\/tajkertesz.com\/<\/a><\/p>\n<p><a href=\"https:\/\/www.facebook.com\/tajkertesz\">https:\/\/www.facebook.com\/tajkertesz<\/a><\/p>\n<p><a href=\"https:\/\/tajkertesz.com\/wp-content\/uploads\/2021\/08\/fagel_20170510.pdf\">fagel_20170510<\/a><\/p>\n<p>&nbsp;<\/p>\n<h3><span style=\"color: #ffffff;\">T\u00e1maszok, kar\u00f3k a n\u00f6v\u00e9nyek ig\u00e9nyeire szabva:<\/span><\/h3>\n<p><span style=\"color: #ffffff;\">A n\u00f6v\u00e9nygondoz\u00e1s sor\u00e1n sokszor sz\u00fcks\u00e9g van arra, hogy a n\u00f6v\u00e9nyeket kit\u00e1masszuk annak \u00e9rdek\u00e9ben, hogy a m\u00e9g gyenge n\u00f6v\u00e9ny ne hajoljanak el a saj\u00e1t s\u00falya alatt, illetve, hogy a n\u00f6veked\u00e9s\u00fck egyenesen felfel\u00e9 t\u00f6rt\u00e9njen \u00e9s ne hajoljanak el oldalra.<\/span><\/p>\n<p><span style=\"color: #ffffff;\">Mivel mindegyik n\u00f6v\u00e9ny elt\u00e9r\u0151 tulajdons\u00e1gokkal, m\u00e9retekkel \u00e9s ig\u00e9nyekkel rendelkezik, ez\u00e9rt alaposan fel kell m\u00e9rnie, hogy pontosan milyen t\u00e1maszt\u00e9kokat kell beszereznie az eredm\u00e9nyess\u00e9ghez. A neh\u00e9z sz\u00e1rral rendelkez\u0151 n\u00f6v\u00e9nyek kit\u00e1maszt\u00e1s\u00e1ra vastag, magas kar\u00f3kat \u00e9rdemes venni, melyek el\u00e9g er\u0151sek ahhoz, hogy megtarts\u00e1k \u0151ket.<\/span><\/p>\n<p><span style=\"color: #ffffff;\">A d\u00edszn\u00f6v\u00e9nyek eset\u00e9ben m\u00e1r nagyobb hangs\u00faly van a dekorat\u00edv kin\u00e9zeten, hiszen j\u00f3 es\u00e9ly van r\u00e1, hogy ezek a n\u00f6v\u00e9nyt\u00e1maszok a lak\u00e1sunkat fogj\u00e1k d\u00edsz\u00edteni, pl.: a nappaliban.\u00a0 A megfelel\u0151 m\u00e9ret\u0171, form\u00e1j\u00fa \u00e9s kialak\u00edt\u00e1s\u00fa n\u00f6v\u00e9nyt\u00e1maszok haszn\u00e1lat\u00e1val biztos\u00edthat\u00f3 a n\u00f6v\u00e9nyek eg\u00e9szs\u00e9ges , csod\u00e1s fejl\u0151d\u00e9se.<\/span><\/p>\n<h3><span style=\"color: #ffffff;\">A\u00a0<b>bambuszok<\/b>\u00a0<i>(Bambuseae)<\/i> :<\/span><\/h3>\n<p><span style=\"color: #ffffff;\">a perjef\u00e9l\u00e9k csal\u00e1dj\u00e1ba tartoz\u00f3 \u00e9vel\u0151, \u00f6r\u00f6kz\u00f6ld n\u00f6v\u00e9nyek<\/span><\/p>\n<p><span style=\"color: #ffffff;\">T\u00f6bb mint 1000 fajuk ismert. F\u0151 el\u0151fordul\u00e1si hely\u00fck \u00c9szakkelet-\u00c1zsi\u00e1t\u00f3l D\u00e9lkelet-\u00c1zsi\u00e1n \u00e1t eg\u00e9szen \u00c9szakkelet-Ausztr\u00e1li\u00e1ig terjed.<sup id=\"cite_ref-1\" class=\"reference\"><\/sup><\/span><\/p>\n<p><span style=\"color: #ffffff;\">Ugyan a perjef\u00e9l\u00e9k csal\u00e1dj\u00e1ba tartoznak, sokan m\u00e9gis bambuszfak\u00e9nt hivatkoznak r\u00e1juk, mivel n\u00e9mely fajuk megfelel\u0151 k\u00f6r\u00fclm\u00e9nyek k\u00f6z\u00f6tt ak\u00e1r 20 m\u00e9tern\u00e9l is magasabbra n\u0151, sz\u00e1ruk vastags\u00e1ga pedig meghaladhatja a 15 centim\u00e9tert is. Persze nem ez az \u00e1ltal\u00e1nos. A legt\u00f6bb faj magass\u00e1ga 3 \u00e9s 10 m\u00e9ter k\u00f6z\u00f6tti, sz\u00e1rvastags\u00e1ga pedig 2 \u00e9s 5 centim\u00e9ter k\u00f6z\u00f6tt van.<\/span><\/p>\n<p><span style=\"color: #ffffff;\">A haz\u00e1nkban is egyre n\u00e9pszer\u0171bb n\u00f6v\u00e9nyeket eredeti \u00e9l\u0151hely\u00e9n nagyon sokr\u00e9t\u0171en, az \u00e9let szinte minden ter\u00fclet\u00e9n hasznos\u00edtj\u00e1k, felhaszn\u00e1lj\u00e1k<\/span><\/p>\n<h2><span id=\"Felhaszn\u00e1l\u00e1sa\" class=\"mw-headline\" style=\"color: #ffffff;\">A bambusz felhaszn\u00e1l\u00e1sa:<\/span><\/h2>\n<div class=\"thumb tright\">\n<div class=\"thumbinner\">\n<div class=\"thumbcaption\"><\/div>\n<\/div>\n<\/div>\n<div class=\"thumb tleft\">\n<div class=\"thumbinner\">\n<div class=\"thumbcaption\">\n<div class=\"magnify\"><\/div>\n<p><span style=\"color: #ffffff;\">Elad\u00e1sra k\u00edn\u00e1lt bambuszr\u00fcgyek egy jap\u00e1n bev\u00e1s\u00e1rl\u00f3k\u00f6zpontban<\/span><\/p>\n<\/div>\n<\/div>\n<\/div>\n<p><span style=\"color: #ffffff;\">Az \u00fcreges fel\u00e9p\u00edt\u00e9s\u0171, kis s\u00faly\u00fa \u00e9s nagyon hajl\u00e9kony, rugalmas sz\u00e1raknak k\u00f6sz\u00f6nhet\u0151en az \u00e9let szinte minden ter\u00fclet\u00e9n hasznos\u00edthat\u00f3 n\u00f6v\u00e9nyek. K\u00e9sz\u00edthet\u0151 bel\u0151le ker\u00edt\u00e9s, \u00e9p\u00edt\u00e9si \u00e1llv\u00e1nyzat, kerti vagy ak\u00e1r szobai b\u00fator, de m\u00e9g \u00e9kszer is. Jap\u00e1nban \u00edjat is k\u00e9sz\u00edtenek bel\u0151l\u00fck, tov\u00e1bb\u00e1 kb. a 11. sz\u00e1zadban meg\u00e9p\u00edtett els\u0151 \u00e1gy\u00fak cs\u0151anyag\u00e1ul is bambuszn\u00e1dak szolg\u00e1ltak (ezek a <i>hucsongok<\/i>). A bambusz sz\u00e1r\u00e1t alkot\u00f3 rostokat &#8211; a lenhez vagy kenderhez hasonl\u00f3 m\u00f3don &#8211; a textilipar mint sz\u00e1lasanyagot hasznos\u00edtja, vagy a vegyipar kinyeri bel\u0151l\u00fck a cellul\u00f3zt, \u00e9s abb\u00f3l viszk\u00f3zsz\u00e1l k\u00e9sz\u00edtenek szint\u00e9n textilipari felhaszn\u00e1l\u00e1sra.<\/span><\/p>\n<p><span style=\"color: #ffffff;\">A talajb\u00f3l kib\u00fajt fiatal bambuszhajt\u00e1s, a bambuszr\u00fcgy a legt\u00f6bb faj eset\u00e9ben ehet\u0151, az \u00e1zsiai konyha egyik kedvelt alapanyaga.<\/span><\/p>\n<div id=\"bodyContent\" class=\"mw-body-content\">\n<div id=\"mw-content-text\" class=\"mw-content-ltr\" dir=\"ltr\" lang=\"hu\">\n<div id=\"bodyContent\" class=\"mw-body-content\">\n<div id=\"mw-content-text\" class=\"mw-content-ltr\" dir=\"ltr\" lang=\"hu\"><\/div>\n<\/div>\n<\/div>\n<\/div>\n<p>&nbsp;<\/p>","protected":false},"excerpt":{"rendered":"<h1 class=\"h1 product-title\">Fag\u00e9l 120 ml<\/h1>","protected":false},"featured_media":7510,"template":"","meta":{"_et_pb_use_builder":"","_et_pb_old_content":"","_et_gb_content_width":""},"product_brand":[],"product_cat":[4785],"product_tag":[2209],"class_list":{"0":"post-7509","1":"product","2":"type-product","3":"status-publish","4":"has-post-thumbnail","6":"product_cat-fasebkezelo-szerek","7":"product_tag-fagel-120-ml","9":"first","10":"instock","11":"shipping-taxable","12":"purchasable","13":"product-type-simple"},"yoast_head":"<!-- This site is optimized with the Yoast SEO plugin v27.5 - https:\/\/yoast.com\/product\/yoast-seo-wordpress\/ -->\n<title>Fag\u00e9l 120 ml - T\u00e1jkert\u00e9sz<\/title>\n<meta name=\"description\" content=\"Fag\u00e9l 120 ml\" \/>\n<meta name=\"robots\" content=\"index, follow, max-snippet:-1, max-image-preview:large, max-video-preview:-1\" \/>\n<link rel=\"canonical\" href=\"https:\/\/tajkertesz.com\/en_US\/product\/fagel-120-ml\/\" \/>\n<meta property=\"og:locale\" content=\"en_US\" \/>\n<meta property=\"og:type\" content=\"article\" \/>\n<meta property=\"og:title\" content=\"Fag\u00e9l 120 ml - T\u00e1jkert\u00e9sz\" \/>\n<meta property=\"og:description\" content=\"Fag\u00e9l 120 ml\" \/>\n<meta property=\"og:url\" content=\"https:\/\/tajkertesz.com\/en_US\/product\/fagel-120-ml\/\" \/>\n<meta property=\"og:site_name\" content=\"T\u00e1jkert\u00e9sz\" \/>\n<meta property=\"article:publisher\" content=\"https:\/\/www.facebook.com\/Tajkertesz\/\" \/>\n<meta property=\"article:modified_time\" content=\"2026-02-16T15:33:07+00:00\" \/>\n<meta property=\"og:image\" content=\"https:\/\/tajkertesz.com\/wp-content\/uploads\/2021\/06\/IMG_20210630_080954-scaled.jpg\" \/>\n\t<meta property=\"og:image:width\" content=\"837\" \/>\n\t<meta property=\"og:image:height\" content=\"2560\" \/>\n\t<meta property=\"og:image:type\" content=\"image\/jpeg\" \/>\n<meta name=\"twitter:card\" content=\"summary_large_image\" \/>\n<meta name=\"twitter:label1\" content=\"Est. reading time\" \/>\n\t<meta name=\"twitter:data1\" content=\"3 minutes\" \/>\n<script type=\"application\/ld+json\" class=\"yoast-schema-graph\">{\"@context\":\"https:\\\/\\\/schema.org\",\"@graph\":[{\"@type\":\"WebPage\",\"@id\":\"https:\\\/\\\/tajkertesz.com\\\/termek\\\/fagel-120-ml\\\/\",\"url\":\"https:\\\/\\\/tajkertesz.com\\\/termek\\\/fagel-120-ml\\\/\",\"name\":\"Fag\u00e9l 120 ml - T\u00e1jkert\u00e9sz\",\"isPartOf\":{\"@id\":\"https:\\\/\\\/tajkertesz.com\\\/#website\"},\"primaryImageOfPage\":{\"@id\":\"https:\\\/\\\/tajkertesz.com\\\/termek\\\/fagel-120-ml\\\/#primaryimage\"},\"image\":{\"@id\":\"https:\\\/\\\/tajkertesz.com\\\/termek\\\/fagel-120-ml\\\/#primaryimage\"},\"thumbnailUrl\":\"https:\\\/\\\/tajkertesz.com\\\/wp-content\\\/uploads\\\/2021\\\/06\\\/IMG_20210630_080954-scaled.jpg\",\"datePublished\":\"2021-06-30T06:03:53+00:00\",\"dateModified\":\"2026-02-16T15:33:07+00:00\",\"description\":\"Fag\u00e9l 120 ml\",\"breadcrumb\":{\"@id\":\"https:\\\/\\\/tajkertesz.com\\\/termek\\\/fagel-120-ml\\\/#breadcrumb\"},\"inLanguage\":\"en-US\",\"potentialAction\":[{\"@type\":\"ReadAction\",\"target\":[\"https:\\\/\\\/tajkertesz.com\\\/termek\\\/fagel-120-ml\\\/\"]}]},{\"@type\":\"ImageObject\",\"inLanguage\":\"en-US\",\"@id\":\"https:\\\/\\\/tajkertesz.com\\\/termek\\\/fagel-120-ml\\\/#primaryimage\",\"url\":\"https:\\\/\\\/tajkertesz.com\\\/wp-content\\\/uploads\\\/2021\\\/06\\\/IMG_20210630_080954-scaled.jpg\",\"contentUrl\":\"https:\\\/\\\/tajkertesz.com\\\/wp-content\\\/uploads\\\/2021\\\/06\\\/IMG_20210630_080954-scaled.jpg\",\"width\":837,\"height\":2560,\"caption\":\"hdr\"},{\"@type\":\"BreadcrumbList\",\"@id\":\"https:\\\/\\\/tajkertesz.com\\\/termek\\\/fagel-120-ml\\\/#breadcrumb\",\"itemListElement\":[{\"@type\":\"ListItem\",\"position\":1,\"name\":\"Home\",\"item\":\"https:\\\/\\\/tajkertesz.com\\\/\"},{\"@type\":\"ListItem\",\"position\":2,\"name\":\"Kezd\u0151lap\",\"item\":\"https:\\\/\\\/tajkertesz.com\\\/\"},{\"@type\":\"ListItem\",\"position\":3,\"name\":\"Fag\u00e9l 120 ml\"}]},{\"@type\":\"WebSite\",\"@id\":\"https:\\\/\\\/tajkertesz.com\\\/#website\",\"url\":\"https:\\\/\\\/tajkertesz.com\\\/\",\"name\":\"T\u00e1j-Kert\u00e9sz 84 Kft.\",\"description\":\"Kert\u00e9szeti kis- \u00e9s nagykeresked\u00e9s, D\u00edszn\u00f6v\u00e9ny web\u00e1ruh\u00e1z orsz\u00e1gos h\u00e1zhozsz\u00e1ll\u00edt\u00e1ssal!\",\"publisher\":{\"@id\":\"https:\\\/\\\/tajkertesz.com\\\/#organization\"},\"potentialAction\":[{\"@type\":\"SearchAction\",\"target\":{\"@type\":\"EntryPoint\",\"urlTemplate\":\"https:\\\/\\\/tajkertesz.com\\\/?s={search_term_string}\"},\"query-input\":{\"@type\":\"PropertyValueSpecification\",\"valueRequired\":true,\"valueName\":\"search_term_string\"}}],\"inLanguage\":\"en-US\"},{\"@type\":\"Organization\",\"@id\":\"https:\\\/\\\/tajkertesz.com\\\/#organization\",\"name\":\"T\u00e1j-Kert\u00e9sz 84 Kft.\",\"url\":\"https:\\\/\\\/tajkertesz.com\\\/\",\"logo\":{\"@type\":\"ImageObject\",\"inLanguage\":\"en-US\",\"@id\":\"https:\\\/\\\/tajkertesz.com\\\/#\\\/schema\\\/logo\\\/image\\\/\",\"url\":\"https:\\\/\\\/tajkertesz.com\\\/wp-content\\\/uploads\\\/2018\\\/02\\\/logo-2-e1518678052539.png\",\"contentUrl\":\"https:\\\/\\\/tajkertesz.com\\\/wp-content\\\/uploads\\\/2018\\\/02\\\/logo-2-e1518678052539.png\",\"width\":81,\"height\":140,\"caption\":\"T\u00e1j-Kert\u00e9sz 84 Kft.\"},\"image\":{\"@id\":\"https:\\\/\\\/tajkertesz.com\\\/#\\\/schema\\\/logo\\\/image\\\/\"},\"sameAs\":[\"https:\\\/\\\/www.facebook.com\\\/Tajkertesz\\\/\"]}]}<\/script>\n<!-- \/ Yoast SEO plugin. -->","yoast_head_json":{"title":"Fag\u00e9l 120 ml - T\u00e1jkert\u00e9sz","description":"Fag\u00e9l 120 ml","robots":{"index":"index","follow":"follow","max-snippet":"max-snippet:-1","max-image-preview":"max-image-preview:large","max-video-preview":"max-video-preview:-1"},"canonical":"https:\/\/tajkertesz.com\/en_US\/product\/fagel-120-ml\/","og_locale":"en_US","og_type":"article","og_title":"Fag\u00e9l 120 ml - T\u00e1jkert\u00e9sz","og_description":"Fag\u00e9l 120 ml","og_url":"https:\/\/tajkertesz.com\/en_US\/product\/fagel-120-ml\/","og_site_name":"T\u00e1jkert\u00e9sz","article_publisher":"https:\/\/www.facebook.com\/Tajkertesz\/","article_modified_time":"2026-02-16T15:33:07+00:00","og_image":[{"width":837,"height":2560,"url":"https:\/\/tajkertesz.com\/wp-content\/uploads\/2021\/06\/IMG_20210630_080954-scaled.jpg","type":"image\/jpeg"}],"twitter_card":"summary_large_image","twitter_misc":{"Est. reading time":"3 minutes"},"schema":{"@context":"https:\/\/schema.org","@graph":[{"@type":"WebPage","@id":"https:\/\/tajkertesz.com\/termek\/fagel-120-ml\/","url":"https:\/\/tajkertesz.com\/termek\/fagel-120-ml\/","name":"Fag\u00e9l 120 ml - T\u00e1jkert\u00e9sz","isPartOf":{"@id":"https:\/\/tajkertesz.com\/#website"},"primaryImageOfPage":{"@id":"https:\/\/tajkertesz.com\/termek\/fagel-120-ml\/#primaryimage"},"image":{"@id":"https:\/\/tajkertesz.com\/termek\/fagel-120-ml\/#primaryimage"},"thumbnailUrl":"https:\/\/tajkertesz.com\/wp-content\/uploads\/2021\/06\/IMG_20210630_080954-scaled.jpg","datePublished":"2021-06-30T06:03:53+00:00","dateModified":"2026-02-16T15:33:07+00:00","description":"Fag\u00e9l 120 ml","breadcrumb":{"@id":"https:\/\/tajkertesz.com\/termek\/fagel-120-ml\/#breadcrumb"},"inLanguage":"en-US","potentialAction":[{"@type":"ReadAction","target":["https:\/\/tajkertesz.com\/termek\/fagel-120-ml\/"]}]},{"@type":"ImageObject","inLanguage":"en-US","@id":"https:\/\/tajkertesz.com\/termek\/fagel-120-ml\/#primaryimage","url":"https:\/\/tajkertesz.com\/wp-content\/uploads\/2021\/06\/IMG_20210630_080954-scaled.jpg","contentUrl":"https:\/\/tajkertesz.com\/wp-content\/uploads\/2021\/06\/IMG_20210630_080954-scaled.jpg","width":837,"height":2560,"caption":"hdr"},{"@type":"BreadcrumbList","@id":"https:\/\/tajkertesz.com\/termek\/fagel-120-ml\/#breadcrumb","itemListElement":[{"@type":"ListItem","position":1,"name":"Home","item":"https:\/\/tajkertesz.com\/"},{"@type":"ListItem","position":2,"name":"Kezd\u0151lap","item":"https:\/\/tajkertesz.com\/"},{"@type":"ListItem","position":3,"name":"Fag\u00e9l 120 ml"}]},{"@type":"WebSite","@id":"https:\/\/tajkertesz.com\/#website","url":"https:\/\/tajkertesz.com\/","name":"T\u00e1j-Kert\u00e9sz 84 Kft.","description":"Kert\u00e9szeti kis- \u00e9s nagykeresked\u00e9s, D\u00edszn\u00f6v\u00e9ny web\u00e1ruh\u00e1z orsz\u00e1gos h\u00e1zhozsz\u00e1ll\u00edt\u00e1ssal!","publisher":{"@id":"https:\/\/tajkertesz.com\/#organization"},"potentialAction":[{"@type":"SearchAction","target":{"@type":"EntryPoint","urlTemplate":"https:\/\/tajkertesz.com\/?s={search_term_string}"},"query-input":{"@type":"PropertyValueSpecification","valueRequired":true,"valueName":"search_term_string"}}],"inLanguage":"en-US"},{"@type":"Organization","@id":"https:\/\/tajkertesz.com\/#organization","name":"T\u00e1j-Kert\u00e9sz 84 Kft.","url":"https:\/\/tajkertesz.com\/","logo":{"@type":"ImageObject","inLanguage":"en-US","@id":"https:\/\/tajkertesz.com\/#\/schema\/logo\/image\/","url":"https:\/\/tajkertesz.com\/wp-content\/uploads\/2018\/02\/logo-2-e1518678052539.png","contentUrl":"https:\/\/tajkertesz.com\/wp-content\/uploads\/2018\/02\/logo-2-e1518678052539.png","width":81,"height":140,"caption":"T\u00e1j-Kert\u00e9sz 84 Kft."},"image":{"@id":"https:\/\/tajkertesz.com\/#\/schema\/logo\/image\/"},"sameAs":["https:\/\/www.facebook.com\/Tajkertesz\/"]}]}},"_links":{"self":[{"href":"https:\/\/tajkertesz.com\/en_US\/wp-json\/wp\/v2\/product\/7509","targetHints":{"allow":["GET"]}}],"collection":[{"href":"https:\/\/tajkertesz.com\/en_US\/wp-json\/wp\/v2\/product"}],"about":[{"href":"https:\/\/tajkertesz.com\/en_US\/wp-json\/wp\/v2\/types\/product"}],"wp:featuredmedia":[{"embeddable":true,"href":"https:\/\/tajkertesz.com\/en_US\/wp-json\/wp\/v2\/media\/7510"}],"wp:attachment":[{"href":"https:\/\/tajkertesz.com\/en_US\/wp-json\/wp\/v2\/media?parent=7509"}],"wp:term":[{"taxonomy":"product_brand","embeddable":true,"href":"https:\/\/tajkertesz.com\/en_US\/wp-json\/wp\/v2\/product_brand?post=7509"},{"taxonomy":"product_cat","embeddable":true,"href":"https:\/\/tajkertesz.com\/en_US\/wp-json\/wp\/v2\/product_cat?post=7509"},{"taxonomy":"product_tag","embeddable":true,"href":"https:\/\/tajkertesz.com\/en_US\/wp-json\/wp\/v2\/product_tag?post=7509"}],"curies":[{"name":"wp","href":"https:\/\/api.w.org\/{rel}","templated":true}]}}