{"id":751,"date":"2020-02-14T12:09:18","date_gmt":"2020-02-14T12:09:18","guid":{"rendered":"https:\/\/tajkertesz.com\/?post_type=product&#038;p=751"},"modified":"2023-12-13T10:13:51","modified_gmt":"2023-12-13T10:13:51","slug":"acer-platanoides-olmsted-oszlopos-korai-juhar","status":"publish","type":"product","link":"https:\/\/tajkertesz.com\/en_US\/product\/acer-platanoides-olmsted-oszlopos-korai-juhar\/","title":{"rendered":"Acer platanoides &#8216;Olmsted&#8217; ,Oszlopos korai juhar"},"content":{"rendered":"<p><strong>Acer platanoides &#8216;Olmsted&#8217; ,Oszlopos korai juhar<\/strong><\/p>\n<p><b> <\/b>Az Acer platanoides &#8216;Olmstedt&#8217;, Oszlopos korai juhar, 12-15 m magas, fiatalon oszlop alak\u00fa. K\u00e9s\u0151bb karcs\u00fa k\u00fapos koron\u00e1j\u00fa fa.<\/p>\n<p><b>N\u00f6veked\u00e9s, alak: <\/b>\u00a012-15 m magas, fiatalon oszlop alak\u00fa. K\u00e9s\u0151bb karcs\u00fa k\u00fapos koron\u00e1j\u00fa fa.<br \/>\n<b>Lev\u00e9l: <\/b>Levelei nagyok, kihajt\u00e1skor bronzsz\u00edn\u0171ek, k\u00e9s\u0151bb s\u00f6t\u00e9tz\u00f6ldek, \u0151sszel s\u00e1rg\u00e1k.<br \/>\n<b>Term\u0151hely<\/b>: Talajra nem \u00e9rz\u00e9keny , pang\u00f3 vizet nem szereti.<br \/>\n<b>Felhaszn\u00e1l\u00e1s:\u00a0 <\/b>V\u00e1rost\u0171r\u0151, napra vagy f\u00e9l\u00e1rny\u00e9kba \u00fcltess\u00fck. Felfel\u00e9 t\u00f6r\u0151, sudaras koron\u00e1ja miatt keskenyebb utc\u00e1k f\u00e1s\u00edt\u00e1s\u00e1ra alkalmas. Szoliternek parkban is kiv\u00e1l\u00f3.<\/p>\n<p><b>K\u00e9szlet\u00fcnk napi szinten v\u00e1ltozik, ez\u00e9rt k\u00e9rj\u00fck, \u00e9rdekl\u0151dj\u00f6n szem\u00e9lyesen, telefonon vagy email-en.<br \/>\nA v\u00e1ltoztat\u00e1s jog\u00e1t fenntartjuk!<\/b><\/p>\n<p><a href=\"https:\/\/tajkertesz.com\/\">https:\/\/tajkertesz.com\/<\/a><\/p>\n<p><a href=\"https:\/\/hu.wikipedia.org\/wiki\/Korai_juhar\">https:\/\/hu.wikipedia.org\/wiki\/Korai_juhar<\/a><\/p>\n<p>&nbsp;<\/p>\n<p><span style=\"color: #ffffff;\">A\u00a0<a style=\"color: #ffffff;\" title=\"K\u00e1rp\u00e1t-medence\" href=\"https:\/\/hu.wikipedia.org\/wiki\/K%C3%A1rp%C3%A1t-medence\">K\u00e1rp\u00e1t-medenc\u00e9ben<\/a>\u00a0f\u0151leg a p\u00e1r\u00e1s, \u00fcde vagy m\u00e9rs\u00e9kelten nyirkos talaj\u00fa erd\u0151ket kedveli, ez\u00e9rt els\u0151sorban a\u00a0<a style=\"color: #ffffff;\" title=\"Szurdokerd\u0151\" href=\"https:\/\/hu.wikipedia.org\/wiki\/Szurdokerd%C5%91\">szurdok-<\/a>\u00a0\u00e9s\u00a0<a class=\"new\" style=\"color: #ffffff;\" title=\"Ligeterd\u0151k (a lap nem l\u00e9tezik)\" href=\"https:\/\/hu.wikipedia.org\/w\/index.php?title=Ligeterd%C5%91k&amp;action=edit&amp;redlink=1\">ligeterd\u0151kben<\/a>\u00a0(f\u0151k\u00e9pp a\u00a0<a class=\"new\" style=\"color: #ffffff;\" title=\"T\u00f6lgy-k\u0151ris-szil ligeterd\u0151 (a lap nem l\u00e9tezik)\" href=\"https:\/\/hu.wikipedia.org\/w\/index.php?title=T%C3%B6lgy-k%C5%91ris-szil_ligeterd%C5%91&amp;action=edit&amp;redlink=1\">t\u00f6lgy-k\u0151ris-szil ligeterd\u0151ben<\/a>), valamint a v\u00f6lgyek\u00a0<a style=\"color: #ffffff;\" title=\"Gyerty\u00e1nos\u2013t\u00f6lgyes\" href=\"https:\/\/hu.wikipedia.org\/wiki\/Gyerty%C3%A1nos%E2%80%93t%C3%B6lgyes\">gyerty\u00e1nos-t\u00f6lgyeseiben<\/a>\u00a0gyakori, f\u0151leg a\u00a0<a style=\"color: #ffffff;\" title=\"H\u00e1rs (n\u00f6v\u00e9nynemzets\u00e9g)\" href=\"https:\/\/hu.wikipedia.org\/wiki\/H%C3%A1rs_(n%C3%B6v%C3%A9nynemzets%C3%A9g)\">h\u00e1rssal<\/a>\u00a0<i>(Tilia spp.)<\/i>, \u00e9s a\u00a0<a style=\"color: #ffffff;\" title=\"K\u0151ris\" href=\"https:\/\/hu.wikipedia.org\/wiki\/K%C5%91ris\">k\u0151rissel<\/a>\u00a0<i>(Fraxinus spp.)<\/i>\u00a0vegyes \u00e1llom\u00e1nyokban. M\u00e9szkedvel\u0151.<\/span><\/p>\n<p><span style=\"color: #ffffff;\">Eredeti term\u0151helyei Nyugat-Eur\u00f3p\u00e1ban is a k\u00fcl\u00f6nf\u00e9le elegyes erd\u0151k; ezek kiv\u00e1g\u00e1s\u00e1val a korai juhar erdei popul\u00e1ci\u00f3i is er\u0151sen cs\u00f6kkentek. Korl\u00e1tozottan m\u00e9g megtal\u00e1lhat\u00f3 D\u00e9l-Franciaorsz\u00e1g hegyvid\u00e9kein, az\u00a0<a style=\"color: #ffffff;\" title=\"Alpok\" href=\"https:\/\/hu.wikipedia.org\/wiki\/Alpok\">Alpok<\/a>\u00a0v\u00f6lgyeiben (a\u00a0<a style=\"color: #ffffff;\" title=\"Rh\u00f4ne\" href=\"https:\/\/hu.wikipedia.org\/wiki\/Rh%C3%B4ne\">Rh\u00f4ne<\/a>\u00a0\u00e9s a\u00a0<a class=\"new\" style=\"color: #ffffff;\" title=\"Hasli (a lap nem l\u00e9tezik)\" href=\"https:\/\/hu.wikipedia.org\/w\/index.php?title=Hasli&amp;action=edit&amp;redlink=1\">Hasli<\/a>\u00a0v\u00f6lgy\u00e9ben) a\u00a0<a class=\"new\" style=\"color: #ffffff;\" title=\"Vierwalst\u00e4tti-t\u00f3 (a lap nem l\u00e9tezik)\" href=\"https:\/\/hu.wikipedia.org\/w\/index.php?title=Vierwalst%C3%A4tti-t%C3%B3&amp;action=edit&amp;redlink=1\">Vierwalst\u00e4tti-t\u00f3<\/a>\u00a0\u00e9s a\u00a0<a class=\"new\" style=\"color: #ffffff;\" title=\"Walen-t\u00f3 (a lap nem l\u00e9tezik)\" href=\"https:\/\/hu.wikipedia.org\/w\/index.php?title=Walen-t%C3%B3&amp;action=edit&amp;redlink=1\">Walen-t\u00f3<\/a>\u00a0mellett, valamint a\u00a0<a style=\"color: #ffffff;\" title=\"Jura (hegys\u00e9g)\" href=\"https:\/\/hu.wikipedia.org\/wiki\/Jura_(hegys%C3%A9g)\">Jura-hegys\u00e9g<\/a>\u00a0l\u00e1b\u00e1n\u00e1l. Domin\u00e1ns fajnak mind\u00f6ssze egy helyr\u0151l, a\u00a0<a class=\"new\" style=\"color: #ffffff;\" title=\"Turinmeister (a lap nem l\u00e9tezik)\" href=\"https:\/\/hu.wikipedia.org\/w\/index.php?title=Turinmeister&amp;action=edit&amp;redlink=1\">turinmeisteri<\/a>\u00a0h\u00e1rselegyes erd\u0151 egyes foltjair\u00f3l \u00edrt\u00e1k le.<\/span><\/p>\n<p><span style=\"color: #ffffff;\">Sz\u00f3rv\u00e1nyosan k\u00fcl\u00f6nf\u00e9le b\u00fckk\u00f6s erd\u0151t\u00e1rsul\u00e1sokban:\u00a0<a class=\"new\" style=\"color: #ffffff;\" title=\"Juharos szurdokerd\u0151 (a lap nem l\u00e9tezik)\" href=\"https:\/\/hu.wikipedia.org\/w\/index.php?title=Juharos_szurdokerd%C5%91&amp;action=edit&amp;redlink=1\">juharos szurdokerd\u0151kben<\/a>,\u00a0<a class=\"new\" style=\"color: #ffffff;\" title=\"Juharos k\u0151rises (a lap nem l\u00e9tezik)\" href=\"https:\/\/hu.wikipedia.org\/w\/index.php?title=Juharos_k%C5%91rises&amp;action=edit&amp;redlink=1\">juharos k\u0151risesekben<\/a>,\u00a0<a class=\"new\" style=\"color: #ffffff;\" title=\"Magas k\u0151rises (a lap nem l\u00e9tezik)\" href=\"https:\/\/hu.wikipedia.org\/w\/index.php?title=Magas_k%C5%91rises&amp;action=edit&amp;redlink=1\">magas k\u0151risesekben<\/a>\u00a0is el\u0151fordul.<\/span><\/p>\n<p><span style=\"color: #ffffff;\">Tekint\u00e9lyes megjelen\u00e9s\u0171, de csak k\u00f6z\u00e9pmagas (30\u00a0m\u00e9terre n\u0151het), lombhullat\u00f3 fa. Koron\u00e1ja kerekded: t\u00f6bbnyire toj\u00e1sdad, de a mag\u00e1nyos p\u00e9ld\u00e1nyok\u00e9 egyre ink\u00e1bb a g\u00f6mbh\u00f6z k\u00f6zel\u00edt. Alakja messzir\u0151l a\u00a0<a style=\"color: #ffffff;\" title=\"T\u00f6lgy\" href=\"https:\/\/hu.wikipedia.org\/wiki\/T%C3%B6lgy\">t\u00f6lgy\u00e9re<\/a>\u00a0eml\u00e9keztet.<\/span><\/p>\n<p><span style=\"color: #ffffff;\">T\u00f6rzse egyenes, karcs\u00fa \u2013 \u00e1tm\u00e9r\u0151je 1\u00a0m\u00e9tern\u00e9l kisebb, magasan el\u00e1gaz\u00f3. K\u00e9rge fiatalon sz\u00fcrk\u00e9sbarna, sima, az id\u0151sebb f\u00e1k\u00e9 hossz\u00e1ban sek\u00e9lyen repedezett, s\u00f6t\u00e9tsz\u00fcrke, nem h\u00e1mlik, finoman keskeny lemezes. \u00c1gai kopaszok, f\u00e9nyes barn\u00e1k, a t\u00f6lgy\u00e9n\u00e9l karcs\u00fabbak \u00e9s hosszabbak; megsebezve feh\u00e9r tejnedvet engednek. Vessz\u0151i barn\u00e1k, sim\u00e1k, hamvasak. K\u00e9rge alatt a f\u00e1ja s\u00e1rg\u00e1s- vagy pirosasfeh\u00e9r.<\/span><\/p>\n<p>&nbsp;<\/p>\n<p>&nbsp;<\/p>\n<p>&nbsp;<\/p>","protected":false},"excerpt":{"rendered":"<p><strong>Acer platanoides &#8216;Olmsted&#8217; ,Oszlopos korai juhar<\/strong><\/p>\n<p>Az Acer platanoides &#8216;Olmstedt&#8217;, Oszlopos korai juhar, 12-15 m magas, fiatalon oszlop alak\u00fa. K\u00e9s\u0151bb karcs\u00fa k\u00fapos koron\u00e1j\u00fa fa.<\/p>\n<p><b>N\u00f6veked\u00e9s, alak: <\/b>\u00a012-15 m magas, fiatalon oszlop alak\u00fa. K\u00e9s\u0151bb karcs\u00fa k\u00fapos koron\u00e1j\u00fa fa.<br \/>\n<b>Lev\u00e9l: <\/b>Levelei nagyok, kihajt\u00e1skor bronzsz\u00edn\u0171ek, k\u00e9s\u0151bb s\u00f6t\u00e9tz\u00f6ldek, \u0151sszel s\u00e1rg\u00e1k.<br \/>\n<b>Term\u0151hely<\/b>: Talajra nem \u00e9rz\u00e9keny , pang\u00f3 vizet nem szereti.<br \/>\n<b>Felhaszn\u00e1l\u00e1s:\u00a0 <\/b>V\u00e1rost\u0171r\u0151, napra vagy f\u00e9l\u00e1rny\u00e9kba \u00fcltess\u00fck. Felfel\u00e9 t\u00f6r\u0151, sudaras koron\u00e1ja miatt keskenyebb utc\u00e1k f\u00e1s\u00edt\u00e1s\u00e1ra alkalmas. Szoliternek parkban is kiv\u00e1l\u00f3.<\/p>","protected":false},"featured_media":752,"template":"","meta":{"_et_pb_use_builder":"","_et_pb_old_content":"","_et_gb_content_width":""},"product_brand":[],"product_cat":[28],"product_tag":[200,33,47,51],"class_list":{"0":"post-751","1":"product","2":"type-product","3":"status-publish","4":"has-post-thumbnail","6":"product_cat-diszfak","7":"product_tag-acer-platanoides-olmsted-oszlopos-korai-juhar","8":"product_tag-diszfa","9":"product_tag-juhar","10":"product_tag-oszlopos-juhar","12":"first","13":"outofstock","14":"shipping-taxable","15":"purchasable","16":"product-type-simple"},"yoast_head":"<!-- This site is optimized with the Yoast SEO plugin v27.3 - https:\/\/yoast.com\/product\/yoast-seo-wordpress\/ -->\n<title>Acer platanoides &#039;Olmsted&#039; ,Oszlopos korai juhar - T\u00e1jkert\u00e9sz<\/title>\n<meta name=\"description\" content=\"Az Acer platanoides &#039;Olmstedt&#039;, Oszlopos korai juhar, 12-15 m magas, fiatalon oszlop alak\u00fa. K\u00e9s\u0151bb karcs\u00fa k\u00fapos koron\u00e1j\u00fa fa.\" \/>\n<meta name=\"robots\" content=\"index, follow, max-snippet:-1, max-image-preview:large, max-video-preview:-1\" \/>\n<link rel=\"canonical\" href=\"https:\/\/tajkertesz.com\/en_US\/product\/acer-platanoides-olmsted-oszlopos-korai-juhar\/\" \/>\n<meta property=\"og:locale\" content=\"en_US\" \/>\n<meta property=\"og:type\" content=\"article\" \/>\n<meta property=\"og:title\" content=\"Acer platanoides &#039;Olmsted&#039; ,Oszlopos korai juhar - T\u00e1jkert\u00e9sz\" \/>\n<meta property=\"og:description\" content=\"Az Acer platanoides &#039;Olmstedt&#039;, Oszlopos korai juhar, 12-15 m magas, fiatalon oszlop alak\u00fa. K\u00e9s\u0151bb karcs\u00fa k\u00fapos koron\u00e1j\u00fa fa.\" \/>\n<meta property=\"og:url\" content=\"https:\/\/tajkertesz.com\/en_US\/product\/acer-platanoides-olmsted-oszlopos-korai-juhar\/\" \/>\n<meta property=\"og:site_name\" content=\"T\u00e1jkert\u00e9sz\" \/>\n<meta property=\"article:publisher\" content=\"https:\/\/www.facebook.com\/Tajkertesz\/\" \/>\n<meta property=\"article:modified_time\" content=\"2023-12-13T10:13:51+00:00\" \/>\n<meta property=\"og:image\" content=\"https:\/\/tajkertesz.com\/wp-content\/uploads\/2020\/02\/Acer-platanoides-Columnare.jpg\" \/>\n\t<meta property=\"og:image:width\" content=\"516\" \/>\n\t<meta property=\"og:image:height\" content=\"794\" \/>\n\t<meta property=\"og:image:type\" content=\"image\/jpeg\" \/>\n<meta name=\"twitter:card\" content=\"summary_large_image\" \/>\n<meta name=\"twitter:label1\" content=\"Est. reading time\" \/>\n\t<meta name=\"twitter:data1\" content=\"2 minutes\" \/>\n<script type=\"application\/ld+json\" class=\"yoast-schema-graph\">{\"@context\":\"https:\\\/\\\/schema.org\",\"@graph\":[{\"@type\":\"WebPage\",\"@id\":\"https:\\\/\\\/tajkertesz.com\\\/termek\\\/acer-platanoides-olmsted-oszlopos-korai-juhar\\\/\",\"url\":\"https:\\\/\\\/tajkertesz.com\\\/termek\\\/acer-platanoides-olmsted-oszlopos-korai-juhar\\\/\",\"name\":\"Acer platanoides 'Olmsted' ,Oszlopos korai juhar - T\u00e1jkert\u00e9sz\",\"isPartOf\":{\"@id\":\"https:\\\/\\\/tajkertesz.com\\\/#website\"},\"primaryImageOfPage\":{\"@id\":\"https:\\\/\\\/tajkertesz.com\\\/termek\\\/acer-platanoides-olmsted-oszlopos-korai-juhar\\\/#primaryimage\"},\"image\":{\"@id\":\"https:\\\/\\\/tajkertesz.com\\\/termek\\\/acer-platanoides-olmsted-oszlopos-korai-juhar\\\/#primaryimage\"},\"thumbnailUrl\":\"https:\\\/\\\/tajkertesz.com\\\/wp-content\\\/uploads\\\/2020\\\/02\\\/Acer-platanoides-Columnare.jpg\",\"datePublished\":\"2020-02-14T12:09:18+00:00\",\"dateModified\":\"2023-12-13T10:13:51+00:00\",\"description\":\"Az Acer platanoides 'Olmstedt', Oszlopos korai juhar, 12-15 m magas, fiatalon oszlop alak\u00fa. K\u00e9s\u0151bb karcs\u00fa k\u00fapos koron\u00e1j\u00fa fa.\",\"breadcrumb\":{\"@id\":\"https:\\\/\\\/tajkertesz.com\\\/termek\\\/acer-platanoides-olmsted-oszlopos-korai-juhar\\\/#breadcrumb\"},\"inLanguage\":\"en-US\",\"potentialAction\":[{\"@type\":\"ReadAction\",\"target\":[\"https:\\\/\\\/tajkertesz.com\\\/termek\\\/acer-platanoides-olmsted-oszlopos-korai-juhar\\\/\"]}]},{\"@type\":\"ImageObject\",\"inLanguage\":\"en-US\",\"@id\":\"https:\\\/\\\/tajkertesz.com\\\/termek\\\/acer-platanoides-olmsted-oszlopos-korai-juhar\\\/#primaryimage\",\"url\":\"https:\\\/\\\/tajkertesz.com\\\/wp-content\\\/uploads\\\/2020\\\/02\\\/Acer-platanoides-Columnare.jpg\",\"contentUrl\":\"https:\\\/\\\/tajkertesz.com\\\/wp-content\\\/uploads\\\/2020\\\/02\\\/Acer-platanoides-Columnare.jpg\",\"width\":516,\"height\":794},{\"@type\":\"BreadcrumbList\",\"@id\":\"https:\\\/\\\/tajkertesz.com\\\/termek\\\/acer-platanoides-olmsted-oszlopos-korai-juhar\\\/#breadcrumb\",\"itemListElement\":[{\"@type\":\"ListItem\",\"position\":1,\"name\":\"Home\",\"item\":\"https:\\\/\\\/tajkertesz.com\\\/\"},{\"@type\":\"ListItem\",\"position\":2,\"name\":\"Kezd\u0151lap\",\"item\":\"https:\\\/\\\/tajkertesz.com\\\/\"},{\"@type\":\"ListItem\",\"position\":3,\"name\":\"Acer platanoides &#8216;Olmsted&#8217; ,Oszlopos korai juhar\"}]},{\"@type\":\"WebSite\",\"@id\":\"https:\\\/\\\/tajkertesz.com\\\/#website\",\"url\":\"https:\\\/\\\/tajkertesz.com\\\/\",\"name\":\"T\u00e1j-Kert\u00e9sz 84 Kft.\",\"description\":\"Kert\u00e9szeti kis- \u00e9s nagykeresked\u00e9s, D\u00edszn\u00f6v\u00e9ny web\u00e1ruh\u00e1z orsz\u00e1gos h\u00e1zhozsz\u00e1ll\u00edt\u00e1ssal!\",\"publisher\":{\"@id\":\"https:\\\/\\\/tajkertesz.com\\\/#organization\"},\"potentialAction\":[{\"@type\":\"SearchAction\",\"target\":{\"@type\":\"EntryPoint\",\"urlTemplate\":\"https:\\\/\\\/tajkertesz.com\\\/?s={search_term_string}\"},\"query-input\":{\"@type\":\"PropertyValueSpecification\",\"valueRequired\":true,\"valueName\":\"search_term_string\"}}],\"inLanguage\":\"en-US\"},{\"@type\":\"Organization\",\"@id\":\"https:\\\/\\\/tajkertesz.com\\\/#organization\",\"name\":\"T\u00e1j-Kert\u00e9sz 84 Kft.\",\"url\":\"https:\\\/\\\/tajkertesz.com\\\/\",\"logo\":{\"@type\":\"ImageObject\",\"inLanguage\":\"en-US\",\"@id\":\"https:\\\/\\\/tajkertesz.com\\\/#\\\/schema\\\/logo\\\/image\\\/\",\"url\":\"https:\\\/\\\/tajkertesz.com\\\/wp-content\\\/uploads\\\/2018\\\/02\\\/logo-2-e1518678052539.png\",\"contentUrl\":\"https:\\\/\\\/tajkertesz.com\\\/wp-content\\\/uploads\\\/2018\\\/02\\\/logo-2-e1518678052539.png\",\"width\":81,\"height\":140,\"caption\":\"T\u00e1j-Kert\u00e9sz 84 Kft.\"},\"image\":{\"@id\":\"https:\\\/\\\/tajkertesz.com\\\/#\\\/schema\\\/logo\\\/image\\\/\"},\"sameAs\":[\"https:\\\/\\\/www.facebook.com\\\/Tajkertesz\\\/\"]}]}<\/script>\n<!-- \/ Yoast SEO plugin. -->","yoast_head_json":{"title":"Acer platanoides 'Olmsted' ,Oszlopos korai juhar - T\u00e1jkert\u00e9sz","description":"Az Acer platanoides 'Olmstedt', Oszlopos korai juhar, 12-15 m magas, fiatalon oszlop alak\u00fa. K\u00e9s\u0151bb karcs\u00fa k\u00fapos koron\u00e1j\u00fa fa.","robots":{"index":"index","follow":"follow","max-snippet":"max-snippet:-1","max-image-preview":"max-image-preview:large","max-video-preview":"max-video-preview:-1"},"canonical":"https:\/\/tajkertesz.com\/en_US\/product\/acer-platanoides-olmsted-oszlopos-korai-juhar\/","og_locale":"en_US","og_type":"article","og_title":"Acer platanoides 'Olmsted' ,Oszlopos korai juhar - T\u00e1jkert\u00e9sz","og_description":"Az Acer platanoides 'Olmstedt', Oszlopos korai juhar, 12-15 m magas, fiatalon oszlop alak\u00fa. K\u00e9s\u0151bb karcs\u00fa k\u00fapos koron\u00e1j\u00fa fa.","og_url":"https:\/\/tajkertesz.com\/en_US\/product\/acer-platanoides-olmsted-oszlopos-korai-juhar\/","og_site_name":"T\u00e1jkert\u00e9sz","article_publisher":"https:\/\/www.facebook.com\/Tajkertesz\/","article_modified_time":"2023-12-13T10:13:51+00:00","og_image":[{"width":516,"height":794,"url":"https:\/\/tajkertesz.com\/wp-content\/uploads\/2020\/02\/Acer-platanoides-Columnare.jpg","type":"image\/jpeg"}],"twitter_card":"summary_large_image","twitter_misc":{"Est. reading time":"2 minutes"},"schema":{"@context":"https:\/\/schema.org","@graph":[{"@type":"WebPage","@id":"https:\/\/tajkertesz.com\/termek\/acer-platanoides-olmsted-oszlopos-korai-juhar\/","url":"https:\/\/tajkertesz.com\/termek\/acer-platanoides-olmsted-oszlopos-korai-juhar\/","name":"Acer platanoides 'Olmsted' ,Oszlopos korai juhar - T\u00e1jkert\u00e9sz","isPartOf":{"@id":"https:\/\/tajkertesz.com\/#website"},"primaryImageOfPage":{"@id":"https:\/\/tajkertesz.com\/termek\/acer-platanoides-olmsted-oszlopos-korai-juhar\/#primaryimage"},"image":{"@id":"https:\/\/tajkertesz.com\/termek\/acer-platanoides-olmsted-oszlopos-korai-juhar\/#primaryimage"},"thumbnailUrl":"https:\/\/tajkertesz.com\/wp-content\/uploads\/2020\/02\/Acer-platanoides-Columnare.jpg","datePublished":"2020-02-14T12:09:18+00:00","dateModified":"2023-12-13T10:13:51+00:00","description":"Az Acer platanoides 'Olmstedt', Oszlopos korai juhar, 12-15 m magas, fiatalon oszlop alak\u00fa. K\u00e9s\u0151bb karcs\u00fa k\u00fapos koron\u00e1j\u00fa fa.","breadcrumb":{"@id":"https:\/\/tajkertesz.com\/termek\/acer-platanoides-olmsted-oszlopos-korai-juhar\/#breadcrumb"},"inLanguage":"en-US","potentialAction":[{"@type":"ReadAction","target":["https:\/\/tajkertesz.com\/termek\/acer-platanoides-olmsted-oszlopos-korai-juhar\/"]}]},{"@type":"ImageObject","inLanguage":"en-US","@id":"https:\/\/tajkertesz.com\/termek\/acer-platanoides-olmsted-oszlopos-korai-juhar\/#primaryimage","url":"https:\/\/tajkertesz.com\/wp-content\/uploads\/2020\/02\/Acer-platanoides-Columnare.jpg","contentUrl":"https:\/\/tajkertesz.com\/wp-content\/uploads\/2020\/02\/Acer-platanoides-Columnare.jpg","width":516,"height":794},{"@type":"BreadcrumbList","@id":"https:\/\/tajkertesz.com\/termek\/acer-platanoides-olmsted-oszlopos-korai-juhar\/#breadcrumb","itemListElement":[{"@type":"ListItem","position":1,"name":"Home","item":"https:\/\/tajkertesz.com\/"},{"@type":"ListItem","position":2,"name":"Kezd\u0151lap","item":"https:\/\/tajkertesz.com\/"},{"@type":"ListItem","position":3,"name":"Acer platanoides &#8216;Olmsted&#8217; ,Oszlopos korai juhar"}]},{"@type":"WebSite","@id":"https:\/\/tajkertesz.com\/#website","url":"https:\/\/tajkertesz.com\/","name":"T\u00e1j-Kert\u00e9sz 84 Kft.","description":"Kert\u00e9szeti kis- \u00e9s nagykeresked\u00e9s, D\u00edszn\u00f6v\u00e9ny web\u00e1ruh\u00e1z orsz\u00e1gos h\u00e1zhozsz\u00e1ll\u00edt\u00e1ssal!","publisher":{"@id":"https:\/\/tajkertesz.com\/#organization"},"potentialAction":[{"@type":"SearchAction","target":{"@type":"EntryPoint","urlTemplate":"https:\/\/tajkertesz.com\/?s={search_term_string}"},"query-input":{"@type":"PropertyValueSpecification","valueRequired":true,"valueName":"search_term_string"}}],"inLanguage":"en-US"},{"@type":"Organization","@id":"https:\/\/tajkertesz.com\/#organization","name":"T\u00e1j-Kert\u00e9sz 84 Kft.","url":"https:\/\/tajkertesz.com\/","logo":{"@type":"ImageObject","inLanguage":"en-US","@id":"https:\/\/tajkertesz.com\/#\/schema\/logo\/image\/","url":"https:\/\/tajkertesz.com\/wp-content\/uploads\/2018\/02\/logo-2-e1518678052539.png","contentUrl":"https:\/\/tajkertesz.com\/wp-content\/uploads\/2018\/02\/logo-2-e1518678052539.png","width":81,"height":140,"caption":"T\u00e1j-Kert\u00e9sz 84 Kft."},"image":{"@id":"https:\/\/tajkertesz.com\/#\/schema\/logo\/image\/"},"sameAs":["https:\/\/www.facebook.com\/Tajkertesz\/"]}]}},"_links":{"self":[{"href":"https:\/\/tajkertesz.com\/en_US\/wp-json\/wp\/v2\/product\/751","targetHints":{"allow":["GET"]}}],"collection":[{"href":"https:\/\/tajkertesz.com\/en_US\/wp-json\/wp\/v2\/product"}],"about":[{"href":"https:\/\/tajkertesz.com\/en_US\/wp-json\/wp\/v2\/types\/product"}],"wp:featuredmedia":[{"embeddable":true,"href":"https:\/\/tajkertesz.com\/en_US\/wp-json\/wp\/v2\/media\/752"}],"wp:attachment":[{"href":"https:\/\/tajkertesz.com\/en_US\/wp-json\/wp\/v2\/media?parent=751"}],"wp:term":[{"taxonomy":"product_brand","embeddable":true,"href":"https:\/\/tajkertesz.com\/en_US\/wp-json\/wp\/v2\/product_brand?post=751"},{"taxonomy":"product_cat","embeddable":true,"href":"https:\/\/tajkertesz.com\/en_US\/wp-json\/wp\/v2\/product_cat?post=751"},{"taxonomy":"product_tag","embeddable":true,"href":"https:\/\/tajkertesz.com\/en_US\/wp-json\/wp\/v2\/product_tag?post=751"}],"curies":[{"name":"wp","href":"https:\/\/api.w.org\/{rel}","templated":true}]}}