{"id":7568,"date":"2021-07-01T06:56:56","date_gmt":"2021-07-01T06:56:56","guid":{"rendered":"https:\/\/tajkertesz.com\/?post_type=product&#038;p=7568"},"modified":"2026-02-24T10:54:55","modified_gmt":"2026-02-24T10:54:55","slug":"nortene-label-15-color-szines-jelolotabla","status":"publish","type":"product","link":"https:\/\/tajkertesz.com\/en_US\/product\/nortene-label-15-color-szines-jelolotabla\/","title":{"rendered":"Nortene LABEL 15 COLOR sz\u00ednes jel\u00f6l\u0151t\u00e1bla 24-200-8"},"content":{"rendered":"<h1 class=\"page-head-title product-page-head-title position-relative\"><span class=\"product-page-product-name\">Nortene LABEL 15 COLOR sz\u00ednes jel\u00f6l\u0151t\u00e1bla<\/span><\/h1>\n<p class=\"page-head-title product-page-head-title position-relative\"><span class=\"product-page-product-name\">Nortene LABEL 15 COLOR sz\u00ednes jel\u00f6l\u0151t\u00e1bla,<\/span><\/p>\n<p>A sz\u00ednes,lesz\u00farhat\u00f3 jel\u00f6l\u0151t\u00e1bl\u00e1k seg\u00edts\u00e9g\u00e9vel k\u00f6nnyed\u00e9n be tudja azonos\u00edtani kerti n\u00f6v\u00e9nyeit.<\/p>\n<p>16 db\/ csomag<\/p>\n<p>M\u00e9rete 15 cm<br \/>\nSz\u00edne vegyes<\/p>\n<p>Lesz\u00farhat\u00f3 jel\u00f6l\u0151t\u00e1bl\u00e1k, amelyekre alkoholos filc seg\u00edts\u00e9g\u00e9vel r\u00e1\u00edrhatja a n\u00f6v\u00e9nyek neveit, amelyek a kertj\u00e9ben tal\u00e1lhat\u00f3k.<\/p>\n<p>Seg\u00edtenek azonos\u00edtani az egyes n\u00f6v\u00e9nyeket.<\/p>\n<p>Anyaga: PP (polipropil\u00e9n), sz\u00edne: sz\u00ednes (piros, k\u00e9k, narancss\u00e1rga, citroms\u00e1rga), 15 cm hossz\u00fa, 16 db\/csomag.<\/p>\n<p>&nbsp;<\/p>\n<div id=\"bodyContent\" class=\"mw-body-content\">\n<div id=\"mw-content-text\" class=\"mw-content-ltr\" dir=\"ltr\" lang=\"hu\">\n<div id=\"bodyContent\" class=\"mw-body-content\">\n<div id=\"mw-content-text\" class=\"mw-content-ltr\" dir=\"ltr\" lang=\"hu\"><\/div>\n<\/div>\n<\/div>\n<\/div>\n<p><strong>K\u00e9szlet\u00fcnk napi szinten v\u00e1ltozik, ez\u00e9rt k\u00e9rj\u00fck, \u00e9rdekl\u0151dj\u00f6n szem\u00e9lyesen, telefonon vagy email-en.<br \/>\nA v\u00e1ltoztat\u00e1s jog\u00e1t fenntartjuk!\u00a0<\/strong><\/p>\n<p>&nbsp;<\/p>\n<p><a href=\"https:\/\/tajkertesz.com\/\">https:\/\/tajkertesz.com\/<\/a><\/p>\n<p><a href=\"https:\/\/www.facebook.com\/tajkertesz\/\">https:\/\/www.facebook.com\/tajkertesz\/<\/a><\/p>\n<p>Kisz\u00e1ll\u00edt\u00e1s: 200cm-ig \u00a0\u00e9s 40 kg-ig a sz\u00e1ll\u00edt\u00e1s fut\u00e1rszolg\u00e1lattal \u00a0t\u00f6rt\u00e9nik.<\/p>\n<p>Szem\u00e9lyes \u00e1tv\u00e9tel nyitvatart\u00e1si id\u0151ben a 17. ker\u00fclet Bakancsos utca 7. sz\u00e1m alatti Kert\u00e9szeti \u00e1rud\u00e1ban.<\/p>\n<p><span style=\"color: #ffffff;\">A<\/span> Nortene 1961-es megalakul\u00e1sa \u00f3ta a kerttulajdonosok, vir\u00e1gos teraszokkal \u00e9s z\u00f6ld bels\u0151 terekkel rendelkez\u0151k m\u00e1rk\u00e1ja. Alapvet\u0151 c\u00e9lja \u00e9vr\u0151l-\u00e9vre, hogy a<strong>\u00a0kertberendez\u00e9s, a kerti dekor\u00e1ci\u00f3 \u00e9s a hobby kert\u00e9szet\u00a0<\/strong>term\u00e9keivel piacvezet\u0151 legyen. K\u00edn\u00e1lata k\u00f6z\u00f6tt megtal\u00e1lhat\u00f3k az\u00a0<strong>\u00e1rny\u00e9kol\u00f3h\u00e1l\u00f3k, kerti r\u00e1csok, m\u0171f\u00fcvek, sz\u00fanyogh\u00e1l\u00f3k, t\u00e9relv\u00e1laszt\u00f3k, kert\u00e9szeti f\u00f3li\u00e1k, kar\u00f3k \u00e9s kerti dekor\u00e1ci\u00f3k.\u00a0<\/strong><\/p>\n<div id=\"bodyContent\" class=\"mw-body-content\">\n<div id=\"mw-content-text\" class=\"mw-content-ltr\" dir=\"ltr\" lang=\"hu\">\n<div id=\"bodyContent\" class=\"mw-body-content\">\n<div id=\"mw-content-text\" class=\"mw-content-ltr\" dir=\"ltr\" lang=\"hu\">\n<p class=\"page-head-title product-page-head-title position-relative\"><span class=\"product-page-product-name\">Nortene LABEL 15 COLOR sz\u00ednes jel\u00f6l\u0151t\u00e1bla,<\/span><\/p>\n<p>A sz\u00ednes,lesz\u00farhat\u00f3 jel\u00f6l\u0151t\u00e1bl\u00e1k seg\u00edts\u00e9g\u00e9vel k\u00f6nnyed\u00e9n be tudja azonos\u00edtani kerti n\u00f6v\u00e9nyeit.<\/p>\n<p>16 db\/ csomag<\/p>\n<p>M\u00e9rete 15 cm<br \/>\nSz\u00edne vegyes<\/p>\n<p>Lesz\u00farhat\u00f3 jel\u00f6l\u0151t\u00e1bl\u00e1k, amelyekre alkoholos filc seg\u00edts\u00e9g\u00e9vel r\u00e1\u00edrhatja a n\u00f6v\u00e9nyek neveit, amelyek a kertj\u00e9ben tal\u00e1lhat\u00f3k.<\/p>\n<p>Seg\u00edtenek azonos\u00edtani az egyes n\u00f6v\u00e9nyeket.<\/p>\n<p>Anyaga: PP (polipropil\u00e9n), sz\u00edne: sz\u00ednes (piros, k\u00e9k, narancss\u00e1rga, citroms\u00e1rga), 15 cm hossz\u00fa, 16 db\/csomag.<\/p>\n<p>A jel\u00f6l\u0151t\u00e1bl\u00e1k haszn\u00e1lata nagy t\u00e1maszt ny\u00fajthatnak a kertben, mert seg\u00edtenek beazonos\u00edtani az egyes n\u00f6v\u00e9nyeket, k\u00fcl\u00f6n\u00f6sen azokat a fiatal hajt\u00e1sokat, amelyeket neh\u00e9z megk\u00fcl\u00f6nb\u00f6ztetni vagy azokat a ter\u00fcleteket, ahol m\u00e9g nem cs\u00edr\u00e1znak a n\u00f6v\u00e9nyek<\/p>\n<p>&nbsp;<\/p>\n<\/div>\n<\/div>\n<\/div>\n<\/div>","protected":false},"excerpt":{"rendered":"<h1 class=\"page-head-title product-page-head-title position-relative\"><span class=\"product-page-product-name\">Nortene LABEL 15 COLOR sz\u00ednes jel\u00f6l\u0151t\u00e1bla<\/span><\/h1>\n<p class=\"page-head-title product-page-head-title position-relative\"><span class=\"product-page-product-name\">Nortene LABEL 15 COLOR sz\u00ednes jel\u00f6l\u0151t\u00e1bla,<\/span><\/p>\n<p>A sz\u00ednes,lesz\u00farhat\u00f3 jel\u00f6l\u0151t\u00e1bl\u00e1k seg\u00edts\u00e9g\u00e9vel k\u00f6nnyed\u00e9n be tudja azonos\u00edtani kerti n\u00f6v\u00e9nyeit.<\/p>\n<p>16 db\/ csomag<\/p>\n<p>M\u00e9rete 15 cm<br \/>\nSz\u00edne vegyes<\/p>\n<p>Lesz\u00farhat\u00f3 jel\u00f6l\u0151t\u00e1bl\u00e1k, amelyekre alkoholos filc seg\u00edts\u00e9g\u00e9vel r\u00e1\u00edrhatja a n\u00f6v\u00e9nyek neveit, amelyek a kertj\u00e9ben tal\u00e1lhat\u00f3k.<\/p>\n<p>Seg\u00edtenek azonos\u00edtani az egyes n\u00f6v\u00e9nyeket.<\/p>\n<p>Anyaga: PP (polipropil\u00e9n), sz\u00edne: sz\u00ednes (piros, k\u00e9k, narancss\u00e1rga, citroms\u00e1rga), 15 cm hossz\u00fa, 16 db\/csomag.<\/p>\n<p>A jel\u00f6l\u0151t\u00e1bl\u00e1k haszn\u00e1lata nagy t\u00e1maszt ny\u00fajthatnak a kertben, mert seg\u00edtenek beazonos\u00edtani az egyes n\u00f6v\u00e9nyeket, k\u00fcl\u00f6n\u00f6sen azokat a fiatal hajt\u00e1sokat, amelyeket neh\u00e9z megk\u00fcl\u00f6nb\u00f6ztetni vagy azokat a ter\u00fcleteket, ahol m\u00e9g nem cs\u00edr\u00e1znak a n\u00f6v\u00e9nyek<\/p>\n<p>&nbsp;<\/p>","protected":false},"featured_media":7569,"template":"","meta":{"_et_pb_use_builder":"","_et_pb_old_content":"","_et_gb_content_width":""},"product_brand":[],"product_cat":[1539,3652],"product_tag":[4716,4717,4718,4715,943,4654],"class_list":{"0":"post-7568","1":"product","2":"type-product","3":"status-publish","4":"has-post-thumbnail","6":"product_cat-kellekek","7":"product_cat-magvetes-palantazas","8":"product_tag-4716","9":"product_tag-color","10":"product_tag-jelolotabla","11":"product_tag-label","12":"product_tag-nortene","13":"product_tag-szines","15":"first","16":"instock","17":"shipping-taxable","18":"purchasable","19":"product-type-simple"},"yoast_head":"<!-- This site is optimized with the Yoast SEO plugin v27.3 - https:\/\/yoast.com\/product\/yoast-seo-wordpress\/ -->\n<title>Nortene LABEL 15 COLOR sz\u00ednes jel\u00f6l\u0151t\u00e1bla 24-200-8 - T\u00e1jkert\u00e9sz<\/title>\n<meta name=\"description\" content=\"Nortene LABEL 15 COLOR sz\u00ednes jel\u00f6l\u0151t\u00e1bla A sz\u00ednes, lesz\u00farhat\u00f3 jel\u00f6l\u0151t\u00e1bl\u00e1k seg\u00edts\u00e9g\u00e9vel k\u00f6nnyed\u00e9n be tudja azonos\u00edtani kerti n\u00f6v\u00e9nyeit.\" \/>\n<meta name=\"robots\" content=\"index, follow, max-snippet:-1, max-image-preview:large, max-video-preview:-1\" \/>\n<link rel=\"canonical\" href=\"https:\/\/tajkertesz.com\/en_US\/product\/nortene-label-15-color-szines-jelolotabla\/\" \/>\n<meta property=\"og:locale\" content=\"en_US\" \/>\n<meta property=\"og:type\" content=\"article\" \/>\n<meta property=\"og:title\" content=\"Nortene LABEL 15 COLOR sz\u00ednes jel\u00f6l\u0151t\u00e1bla 24-200-8 - T\u00e1jkert\u00e9sz\" \/>\n<meta property=\"og:description\" content=\"Nortene LABEL 15 COLOR sz\u00ednes jel\u00f6l\u0151t\u00e1bla A sz\u00ednes, lesz\u00farhat\u00f3 jel\u00f6l\u0151t\u00e1bl\u00e1k seg\u00edts\u00e9g\u00e9vel k\u00f6nnyed\u00e9n be tudja azonos\u00edtani kerti n\u00f6v\u00e9nyeit.\" \/>\n<meta property=\"og:url\" content=\"https:\/\/tajkertesz.com\/en_US\/product\/nortene-label-15-color-szines-jelolotabla\/\" \/>\n<meta property=\"og:site_name\" content=\"T\u00e1jkert\u00e9sz\" \/>\n<meta property=\"article:publisher\" content=\"https:\/\/www.facebook.com\/Tajkertesz\/\" \/>\n<meta property=\"article:modified_time\" content=\"2026-02-24T10:54:55+00:00\" \/>\n<meta property=\"og:image\" content=\"https:\/\/tajkertesz.com\/wp-content\/uploads\/2021\/07\/2017757.jpg\" \/>\n\t<meta property=\"og:image:width\" content=\"900\" \/>\n\t<meta property=\"og:image:height\" content=\"900\" \/>\n\t<meta property=\"og:image:type\" content=\"image\/jpeg\" \/>\n<meta name=\"twitter:card\" content=\"summary_large_image\" \/>\n<meta name=\"twitter:label1\" content=\"Est. reading time\" \/>\n\t<meta name=\"twitter:data1\" content=\"2 minutes\" \/>\n<script type=\"application\/ld+json\" class=\"yoast-schema-graph\">{\"@context\":\"https:\\\/\\\/schema.org\",\"@graph\":[{\"@type\":\"WebPage\",\"@id\":\"https:\\\/\\\/tajkertesz.com\\\/termek\\\/nortene-label-15-color-szines-jelolotabla\\\/\",\"url\":\"https:\\\/\\\/tajkertesz.com\\\/termek\\\/nortene-label-15-color-szines-jelolotabla\\\/\",\"name\":\"Nortene LABEL 15 COLOR sz\u00ednes jel\u00f6l\u0151t\u00e1bla 24-200-8 - T\u00e1jkert\u00e9sz\",\"isPartOf\":{\"@id\":\"https:\\\/\\\/tajkertesz.com\\\/#website\"},\"primaryImageOfPage\":{\"@id\":\"https:\\\/\\\/tajkertesz.com\\\/termek\\\/nortene-label-15-color-szines-jelolotabla\\\/#primaryimage\"},\"image\":{\"@id\":\"https:\\\/\\\/tajkertesz.com\\\/termek\\\/nortene-label-15-color-szines-jelolotabla\\\/#primaryimage\"},\"thumbnailUrl\":\"https:\\\/\\\/tajkertesz.com\\\/wp-content\\\/uploads\\\/2021\\\/07\\\/2017757.jpg\",\"datePublished\":\"2021-07-01T06:56:56+00:00\",\"dateModified\":\"2026-02-24T10:54:55+00:00\",\"description\":\"Nortene LABEL 15 COLOR sz\u00ednes jel\u00f6l\u0151t\u00e1bla A sz\u00ednes, lesz\u00farhat\u00f3 jel\u00f6l\u0151t\u00e1bl\u00e1k seg\u00edts\u00e9g\u00e9vel k\u00f6nnyed\u00e9n be tudja azonos\u00edtani kerti n\u00f6v\u00e9nyeit.\",\"breadcrumb\":{\"@id\":\"https:\\\/\\\/tajkertesz.com\\\/termek\\\/nortene-label-15-color-szines-jelolotabla\\\/#breadcrumb\"},\"inLanguage\":\"en-US\",\"potentialAction\":[{\"@type\":\"ReadAction\",\"target\":[\"https:\\\/\\\/tajkertesz.com\\\/termek\\\/nortene-label-15-color-szines-jelolotabla\\\/\"]}]},{\"@type\":\"ImageObject\",\"inLanguage\":\"en-US\",\"@id\":\"https:\\\/\\\/tajkertesz.com\\\/termek\\\/nortene-label-15-color-szines-jelolotabla\\\/#primaryimage\",\"url\":\"https:\\\/\\\/tajkertesz.com\\\/wp-content\\\/uploads\\\/2021\\\/07\\\/2017757.jpg\",\"contentUrl\":\"https:\\\/\\\/tajkertesz.com\\\/wp-content\\\/uploads\\\/2021\\\/07\\\/2017757.jpg\",\"width\":900,\"height\":900},{\"@type\":\"BreadcrumbList\",\"@id\":\"https:\\\/\\\/tajkertesz.com\\\/termek\\\/nortene-label-15-color-szines-jelolotabla\\\/#breadcrumb\",\"itemListElement\":[{\"@type\":\"ListItem\",\"position\":1,\"name\":\"Home\",\"item\":\"https:\\\/\\\/tajkertesz.com\\\/\"},{\"@type\":\"ListItem\",\"position\":2,\"name\":\"Kezd\u0151lap\",\"item\":\"https:\\\/\\\/tajkertesz.com\\\/\"},{\"@type\":\"ListItem\",\"position\":3,\"name\":\"Nortene LABEL 15 COLOR sz\u00ednes jel\u00f6l\u0151t\u00e1bla 24-200-8\"}]},{\"@type\":\"WebSite\",\"@id\":\"https:\\\/\\\/tajkertesz.com\\\/#website\",\"url\":\"https:\\\/\\\/tajkertesz.com\\\/\",\"name\":\"T\u00e1j-Kert\u00e9sz 84 Kft.\",\"description\":\"Kert\u00e9szeti kis- \u00e9s nagykeresked\u00e9s, D\u00edszn\u00f6v\u00e9ny web\u00e1ruh\u00e1z orsz\u00e1gos h\u00e1zhozsz\u00e1ll\u00edt\u00e1ssal!\",\"publisher\":{\"@id\":\"https:\\\/\\\/tajkertesz.com\\\/#organization\"},\"potentialAction\":[{\"@type\":\"SearchAction\",\"target\":{\"@type\":\"EntryPoint\",\"urlTemplate\":\"https:\\\/\\\/tajkertesz.com\\\/?s={search_term_string}\"},\"query-input\":{\"@type\":\"PropertyValueSpecification\",\"valueRequired\":true,\"valueName\":\"search_term_string\"}}],\"inLanguage\":\"en-US\"},{\"@type\":\"Organization\",\"@id\":\"https:\\\/\\\/tajkertesz.com\\\/#organization\",\"name\":\"T\u00e1j-Kert\u00e9sz 84 Kft.\",\"url\":\"https:\\\/\\\/tajkertesz.com\\\/\",\"logo\":{\"@type\":\"ImageObject\",\"inLanguage\":\"en-US\",\"@id\":\"https:\\\/\\\/tajkertesz.com\\\/#\\\/schema\\\/logo\\\/image\\\/\",\"url\":\"https:\\\/\\\/tajkertesz.com\\\/wp-content\\\/uploads\\\/2018\\\/02\\\/logo-2-e1518678052539.png\",\"contentUrl\":\"https:\\\/\\\/tajkertesz.com\\\/wp-content\\\/uploads\\\/2018\\\/02\\\/logo-2-e1518678052539.png\",\"width\":81,\"height\":140,\"caption\":\"T\u00e1j-Kert\u00e9sz 84 Kft.\"},\"image\":{\"@id\":\"https:\\\/\\\/tajkertesz.com\\\/#\\\/schema\\\/logo\\\/image\\\/\"},\"sameAs\":[\"https:\\\/\\\/www.facebook.com\\\/Tajkertesz\\\/\"]}]}<\/script>\n<!-- \/ Yoast SEO plugin. -->","yoast_head_json":{"title":"Nortene LABEL 15 COLOR sz\u00ednes jel\u00f6l\u0151t\u00e1bla 24-200-8 - T\u00e1jkert\u00e9sz","description":"Nortene LABEL 15 COLOR sz\u00ednes jel\u00f6l\u0151t\u00e1bla A sz\u00ednes, lesz\u00farhat\u00f3 jel\u00f6l\u0151t\u00e1bl\u00e1k seg\u00edts\u00e9g\u00e9vel k\u00f6nnyed\u00e9n be tudja azonos\u00edtani kerti n\u00f6v\u00e9nyeit.","robots":{"index":"index","follow":"follow","max-snippet":"max-snippet:-1","max-image-preview":"max-image-preview:large","max-video-preview":"max-video-preview:-1"},"canonical":"https:\/\/tajkertesz.com\/en_US\/product\/nortene-label-15-color-szines-jelolotabla\/","og_locale":"en_US","og_type":"article","og_title":"Nortene LABEL 15 COLOR sz\u00ednes jel\u00f6l\u0151t\u00e1bla 24-200-8 - T\u00e1jkert\u00e9sz","og_description":"Nortene LABEL 15 COLOR sz\u00ednes jel\u00f6l\u0151t\u00e1bla A sz\u00ednes, lesz\u00farhat\u00f3 jel\u00f6l\u0151t\u00e1bl\u00e1k seg\u00edts\u00e9g\u00e9vel k\u00f6nnyed\u00e9n be tudja azonos\u00edtani kerti n\u00f6v\u00e9nyeit.","og_url":"https:\/\/tajkertesz.com\/en_US\/product\/nortene-label-15-color-szines-jelolotabla\/","og_site_name":"T\u00e1jkert\u00e9sz","article_publisher":"https:\/\/www.facebook.com\/Tajkertesz\/","article_modified_time":"2026-02-24T10:54:55+00:00","og_image":[{"width":900,"height":900,"url":"https:\/\/tajkertesz.com\/wp-content\/uploads\/2021\/07\/2017757.jpg","type":"image\/jpeg"}],"twitter_card":"summary_large_image","twitter_misc":{"Est. reading time":"2 minutes"},"schema":{"@context":"https:\/\/schema.org","@graph":[{"@type":"WebPage","@id":"https:\/\/tajkertesz.com\/termek\/nortene-label-15-color-szines-jelolotabla\/","url":"https:\/\/tajkertesz.com\/termek\/nortene-label-15-color-szines-jelolotabla\/","name":"Nortene LABEL 15 COLOR sz\u00ednes jel\u00f6l\u0151t\u00e1bla 24-200-8 - T\u00e1jkert\u00e9sz","isPartOf":{"@id":"https:\/\/tajkertesz.com\/#website"},"primaryImageOfPage":{"@id":"https:\/\/tajkertesz.com\/termek\/nortene-label-15-color-szines-jelolotabla\/#primaryimage"},"image":{"@id":"https:\/\/tajkertesz.com\/termek\/nortene-label-15-color-szines-jelolotabla\/#primaryimage"},"thumbnailUrl":"https:\/\/tajkertesz.com\/wp-content\/uploads\/2021\/07\/2017757.jpg","datePublished":"2021-07-01T06:56:56+00:00","dateModified":"2026-02-24T10:54:55+00:00","description":"Nortene LABEL 15 COLOR sz\u00ednes jel\u00f6l\u0151t\u00e1bla A sz\u00ednes, lesz\u00farhat\u00f3 jel\u00f6l\u0151t\u00e1bl\u00e1k seg\u00edts\u00e9g\u00e9vel k\u00f6nnyed\u00e9n be tudja azonos\u00edtani kerti n\u00f6v\u00e9nyeit.","breadcrumb":{"@id":"https:\/\/tajkertesz.com\/termek\/nortene-label-15-color-szines-jelolotabla\/#breadcrumb"},"inLanguage":"en-US","potentialAction":[{"@type":"ReadAction","target":["https:\/\/tajkertesz.com\/termek\/nortene-label-15-color-szines-jelolotabla\/"]}]},{"@type":"ImageObject","inLanguage":"en-US","@id":"https:\/\/tajkertesz.com\/termek\/nortene-label-15-color-szines-jelolotabla\/#primaryimage","url":"https:\/\/tajkertesz.com\/wp-content\/uploads\/2021\/07\/2017757.jpg","contentUrl":"https:\/\/tajkertesz.com\/wp-content\/uploads\/2021\/07\/2017757.jpg","width":900,"height":900},{"@type":"BreadcrumbList","@id":"https:\/\/tajkertesz.com\/termek\/nortene-label-15-color-szines-jelolotabla\/#breadcrumb","itemListElement":[{"@type":"ListItem","position":1,"name":"Home","item":"https:\/\/tajkertesz.com\/"},{"@type":"ListItem","position":2,"name":"Kezd\u0151lap","item":"https:\/\/tajkertesz.com\/"},{"@type":"ListItem","position":3,"name":"Nortene LABEL 15 COLOR sz\u00ednes jel\u00f6l\u0151t\u00e1bla 24-200-8"}]},{"@type":"WebSite","@id":"https:\/\/tajkertesz.com\/#website","url":"https:\/\/tajkertesz.com\/","name":"T\u00e1j-Kert\u00e9sz 84 Kft.","description":"Kert\u00e9szeti kis- \u00e9s nagykeresked\u00e9s, D\u00edszn\u00f6v\u00e9ny web\u00e1ruh\u00e1z orsz\u00e1gos h\u00e1zhozsz\u00e1ll\u00edt\u00e1ssal!","publisher":{"@id":"https:\/\/tajkertesz.com\/#organization"},"potentialAction":[{"@type":"SearchAction","target":{"@type":"EntryPoint","urlTemplate":"https:\/\/tajkertesz.com\/?s={search_term_string}"},"query-input":{"@type":"PropertyValueSpecification","valueRequired":true,"valueName":"search_term_string"}}],"inLanguage":"en-US"},{"@type":"Organization","@id":"https:\/\/tajkertesz.com\/#organization","name":"T\u00e1j-Kert\u00e9sz 84 Kft.","url":"https:\/\/tajkertesz.com\/","logo":{"@type":"ImageObject","inLanguage":"en-US","@id":"https:\/\/tajkertesz.com\/#\/schema\/logo\/image\/","url":"https:\/\/tajkertesz.com\/wp-content\/uploads\/2018\/02\/logo-2-e1518678052539.png","contentUrl":"https:\/\/tajkertesz.com\/wp-content\/uploads\/2018\/02\/logo-2-e1518678052539.png","width":81,"height":140,"caption":"T\u00e1j-Kert\u00e9sz 84 Kft."},"image":{"@id":"https:\/\/tajkertesz.com\/#\/schema\/logo\/image\/"},"sameAs":["https:\/\/www.facebook.com\/Tajkertesz\/"]}]}},"_links":{"self":[{"href":"https:\/\/tajkertesz.com\/en_US\/wp-json\/wp\/v2\/product\/7568","targetHints":{"allow":["GET"]}}],"collection":[{"href":"https:\/\/tajkertesz.com\/en_US\/wp-json\/wp\/v2\/product"}],"about":[{"href":"https:\/\/tajkertesz.com\/en_US\/wp-json\/wp\/v2\/types\/product"}],"wp:featuredmedia":[{"embeddable":true,"href":"https:\/\/tajkertesz.com\/en_US\/wp-json\/wp\/v2\/media\/7569"}],"wp:attachment":[{"href":"https:\/\/tajkertesz.com\/en_US\/wp-json\/wp\/v2\/media?parent=7568"}],"wp:term":[{"taxonomy":"product_brand","embeddable":true,"href":"https:\/\/tajkertesz.com\/en_US\/wp-json\/wp\/v2\/product_brand?post=7568"},{"taxonomy":"product_cat","embeddable":true,"href":"https:\/\/tajkertesz.com\/en_US\/wp-json\/wp\/v2\/product_cat?post=7568"},{"taxonomy":"product_tag","embeddable":true,"href":"https:\/\/tajkertesz.com\/en_US\/wp-json\/wp\/v2\/product_tag?post=7568"}],"curies":[{"name":"wp","href":"https:\/\/api.w.org\/{rel}","templated":true}]}}