{"id":757,"date":"2020-02-14T12:51:33","date_gmt":"2020-02-14T12:51:33","guid":{"rendered":"https:\/\/tajkertesz.com\/?post_type=product&#038;p=757"},"modified":"2023-12-13T10:20:28","modified_gmt":"2023-12-13T10:20:28","slug":"acer-rubrum-northwood-voros-juhar","status":"publish","type":"product","link":"https:\/\/tajkertesz.com\/en_US\/product\/acer-rubrum-northwood-voros-juhar\/","title":{"rendered":"Acer rubrum &#8216;Northwood&#8217;, V\u00f6r\u00f6s juhar"},"content":{"rendered":"<p><strong>Acer rubrum &#8216;Northwood&#8217; V\u00f6r\u00f6s juhar<\/strong><\/p>\n<p><strong>Az\u00a0 Acer rubrum &#8216;Northwood&#8217; V\u00f6r\u00f6s juhar egy gyors n\u00f6veked\u00e9s\u0171 lombhullat\u00f3 fa.<\/strong><\/p>\n<p>&nbsp;<\/p>\n<p><b>N\u00f6veked\u00e9s, alak:<\/b> 15 m\u00e9ter magas, gyors n\u00f6veked\u00e9s\u0171, lekerek\u00edtett ov\u00e1lis koron\u00e1t nevel\u0151, lombhullat\u00f3 fa.<br \/>\n<b>Lev\u00e9l: <\/b>\u0150szi lombsz\u00edne k\u00e1pr\u00e1zatos s\u00e1rg\u00e1s- narancsos-v\u00f6r\u00f6s sz\u00ednben pomp\u00e1zik.<\/p>\n<p><strong>Vir\u00e1gai: <\/strong>Piros vir\u00e1gai s\u0171r\u0171 f\u00fcrt\u00f6kben m\u00e1rcius v\u00e9g\u00e9n, \u00e1prilis elej\u00e9n jelennek meg.<\/p>\n<p><b>Term\u0151hely<\/b>: J\u00f3 v\u00edzelvezet\u00e9s\u0171 talajt, teljes napot vagy f\u00e9l\u00e1rny\u00e9kos helyet kedvel.<br \/>\n<b>Felhaszn\u00e1l\u00e1s:\u00a0<\/b> Kiv\u00e1l\u00f3 sor vagy parkfa.<\/p>\n<p><a href=\"https:\/\/tajkertesz.com\/\">https:\/\/tajkertesz.com\/<\/a><\/p>\n<p><a href=\"https:\/\/hu.wikipedia.org\/wiki\/V%C3%B6r%C3%B6s_juhar\">https:\/\/hu.wikipedia.org\/wiki\/V%C3%B6r%C3%B6s_juhar<\/a><\/p>\n<p>&nbsp;<\/p>\n<p><b>K\u00e9szlet\u00fcnk napi szinten v\u00e1<\/b><b>ltozik, ez\u00e9rt k\u00e9rj\u00fck, \u00e9rdekl\u0151dj\u00f6n szem\u00e9lyesen, telefonon vagy email-en.<br \/>\nA v\u00e1ltoztat\u00e1s jog\u00e1t fenntartjuk!<\/b><\/p>\n<p><span style=\"color: #ffffff;\">\u00e9ter magas, gyors n\u00f6veked\u00e9s\u0171, lekerek\u00edtett ov\u00e1lis koron\u00e1t nevel\u0151, lombhullat\u00f3 fa. Piros vir\u00e1gai s\u0171r\u0171 f\u00fcrt\u00f6kben m\u00e1rcius v\u00e9g\u00e9n, \u00e1prilis elej\u00e9n jelennek meg. J\u00f3 v\u00edzelvezet\u00e9s\u0171 talajt, teljes napot vagy f\u00e9l\u00e1rny\u00e9kos helyet kedvel. \u0150szi lombsz\u00edne k\u00e1pr\u00e1zatos s\u00e1rg\u00e1s- narancsos-v\u00f6r\u00f6s sz\u00ednben pomp\u00e1zik. Kiv\u00e1l\u00f3 sor vagy parkfa.<\/span><\/p>\n<p class=\"rtejustify\"><span style=\"color: #ffffff;\">Az Acer rubrum (V\u00f6r\u00f6slevel\u0171 juhar) \u00c9szak-Amerika keleti partvid\u00e9k\u00e9r\u0151l sz\u00e1rmazik \u00e9s innen h\u00f3d\u00edtotta meg az eg\u00e9sz m\u00e9rs\u00e9kelt \u00f6vet. A legnagyobb p\u00e9ld\u00e1nyok el\u00e9rik a 25 m\u00e9teres magass\u00e1got is. 3-5 kar\u00e9j\u00fa leveleinek sz\u00e9lei fogazottak. \u0150sszel s\u00e1rg\u00e1ra, majd v\u00f6r\u00f6sre sz\u00ednez\u0151dik a lombja. T\u00f6rzse s\u00f6t\u00e9tsz\u00fcrke sz\u00edn\u0171 \u00e9s kifejezetten sima tapint\u00e1s\u00fa. Sz\u00e1rmaz\u00e1si hely\u00e9nek \u00e9ghajlata a h\u0171v\u00f6s m\u00e9rs\u00e9kelt \u00f6v (sz\u0171kebb \u00e9rtelemben vett m\u00e9rs\u00e9kelt \u00f6v), eg\u00e9sz \u00e9ven \u00e1t kiel\u00e9g\u00edt\u0151 csapad\u00e9kkal, t\u00e9len er\u0151sebb fagyokkal. Ez az \u00f6v a lombhullat\u00f3 m\u00e9rs\u00e9kelt \u00f6vi erd\u0151k ter\u00fclete.<\/span><\/p>\n<p class=\"rtejustify\"><span style=\"color: #ffffff;\">Fontos hogy a magas v\u00edzig\u00e9nye mellett a magas h\u0151ig\u00e9nye is ki legyen el\u00e9g\u00edtve, ez\u00e9rt a kert egy f\u00e9l\u00e1rny\u00e9kos r\u00e9sz\u00e9re \u00fcltess\u00fck. \u00dcltet\u00e9skor talajjav\u00edt\u00e1s javasolt, mert kifejezetten a t\u00e1panyagban gazdag, j\u00f3 v\u00edzgazd\u00e1lkod\u00e1s\u00fa talajokban \u00e9rzi j\u00f3l mag\u00e1t. Kifejezetten ig\u00e9nytelen n\u00f6v\u00e9ny, ez\u00e9rt a telep\u00edt\u00e9st k\u00f6vet\u0151en gondoz\u00e1sra nem szorul.<\/span><\/p>\n<p><span style=\"color: #ffffff;\"><b>N\u00f6veked\u00e9s, alak:<\/b> 15 m\u00e9ter magas, gyors n\u00f6veked\u00e9s\u0171, lekerek\u00edtett ov\u00e1lis koron\u00e1t nevel\u0151, lombhullat\u00f3 fa.<\/span><br \/>\n<span style=\"color: #ffffff;\"><b>Lev\u00e9l: <\/b>\u0150szi lombsz\u00edne k\u00e1pr\u00e1zatos s\u00e1rg\u00e1s- narancsos-v\u00f6r\u00f6s sz\u00ednben pomp\u00e1zik.<\/span><\/p>\n<p><span style=\"color: #ffffff;\"><strong>Vir\u00e1gai: <\/strong>Piros vir\u00e1gai s\u0171r\u0171 f\u00fcrt\u00f6kben m\u00e1rcius v\u00e9g\u00e9n, \u00e1prilis elej\u00e9n jelennek meg.<\/span><\/p>\n<p><span style=\"color: #ffffff;\"><b>Term\u0151hely<\/b>: J\u00f3 v\u00edzelvezet\u00e9s\u0171 talajt, teljes napot vagy f\u00e9l\u00e1rny\u00e9kos helyet kedvel.<\/span><br \/>\n<span style=\"color: #ffffff;\"><b>Felhaszn\u00e1l\u00e1s:\u00a0<\/b> Kiv\u00e1l\u00f3 sor vagy parkfa.<\/span><\/p>\n<p>&nbsp;<\/p>","protected":false},"excerpt":{"rendered":"<p><strong>Az\u00a0 Acer rubrum &#8216;Northwood&#8217; V\u00f6r\u00f6s juhar egy gyors n\u00f6veked\u00e9s\u0171 lombhullat\u00f3 fa.<\/strong><\/p>\n<p>&nbsp;<\/p>\n<p><b>N\u00f6veked\u00e9s, alak:<\/b> 15 m\u00e9ter magas, gyors n\u00f6veked\u00e9s\u0171, lekerek\u00edtett ov\u00e1lis koron\u00e1t nevel\u0151, lombhullat\u00f3 fa.<br \/>\n<b>Lev\u00e9l: <\/b>\u0150szi lombsz\u00edne k\u00e1pr\u00e1zatos s\u00e1rg\u00e1s- narancsos-v\u00f6r\u00f6s sz\u00ednben pomp\u00e1zik.<\/p>\n<p><strong>Vir\u00e1gai: <\/strong>Piros vir\u00e1gai s\u0171r\u0171 f\u00fcrt\u00f6kben m\u00e1rcius v\u00e9g\u00e9n, \u00e1prilis elej\u00e9n jelennek meg.<\/p>\n<p><b>Term\u0151hely<\/b>: J\u00f3 v\u00edzelvezet\u00e9s\u0171 talajt, teljes napot vagy f\u00e9l\u00e1rny\u00e9kos helyet kedvel.<br \/>\n<b>Felhaszn\u00e1l\u00e1s:\u00a0<\/b> Kiv\u00e1l\u00f3 sor vagy parkfa.<\/p>","protected":false},"featured_media":758,"template":"","meta":{"_et_pb_use_builder":"","_et_pb_old_content":"","_et_gb_content_width":""},"product_brand":[],"product_cat":[28],"product_tag":[195,33,34,194],"class_list":{"0":"post-757","1":"product","2":"type-product","3":"status-publish","4":"has-post-thumbnail","6":"product_cat-diszfak","7":"product_tag-acer-rubrum-northwood","8":"product_tag-diszfa","9":"product_tag-sorfa","10":"product_tag-voros-juhar","12":"first","13":"outofstock","14":"shipping-taxable","15":"purchasable","16":"product-type-simple"},"yoast_head":"<!-- This site is optimized with the Yoast SEO plugin v27.3 - https:\/\/yoast.com\/product\/yoast-seo-wordpress\/ -->\n<title>Acer rubrum &#039;Northwood&#039;, V\u00f6r\u00f6s juhar - T\u00e1jkert\u00e9sz<\/title>\n<meta name=\"description\" content=\"Az\u00a0 Acer rubrum &#039;Northwood&#039; V\u00f6r\u00f6s juhar egy gyors n\u00f6veked\u00e9s\u0171 lombhullat\u00f3 fa.Piros vir\u00e1gai s\u0171r\u0171 f\u00fcrt\u00f6kben m\u00e1rcius v\u00e9g\u00e9n, \u00e1prilis elej\u00e9n jelennek meg.\" \/>\n<meta name=\"robots\" content=\"index, follow, max-snippet:-1, max-image-preview:large, max-video-preview:-1\" \/>\n<link rel=\"canonical\" href=\"https:\/\/tajkertesz.com\/en_US\/product\/acer-rubrum-northwood-voros-juhar\/\" \/>\n<meta property=\"og:locale\" content=\"en_US\" \/>\n<meta property=\"og:type\" content=\"article\" \/>\n<meta property=\"og:title\" content=\"Acer rubrum &#039;Northwood&#039;, V\u00f6r\u00f6s juhar - T\u00e1jkert\u00e9sz\" \/>\n<meta property=\"og:description\" content=\"Az\u00a0 Acer rubrum &#039;Northwood&#039; V\u00f6r\u00f6s juhar egy gyors n\u00f6veked\u00e9s\u0171 lombhullat\u00f3 fa.Piros vir\u00e1gai s\u0171r\u0171 f\u00fcrt\u00f6kben m\u00e1rcius v\u00e9g\u00e9n, \u00e1prilis elej\u00e9n jelennek meg.\" \/>\n<meta property=\"og:url\" content=\"https:\/\/tajkertesz.com\/en_US\/product\/acer-rubrum-northwood-voros-juhar\/\" \/>\n<meta property=\"og:site_name\" content=\"T\u00e1jkert\u00e9sz\" \/>\n<meta property=\"article:publisher\" content=\"https:\/\/www.facebook.com\/Tajkertesz\/\" \/>\n<meta property=\"article:modified_time\" content=\"2023-12-13T10:20:28+00:00\" \/>\n<meta property=\"og:image\" content=\"https:\/\/tajkertesz.com\/wp-content\/uploads\/2020\/02\/acer_rubrum_northwood_voros_juhar.jpg\" \/>\n\t<meta property=\"og:image:width\" content=\"1719\" \/>\n\t<meta property=\"og:image:height\" content=\"900\" \/>\n\t<meta property=\"og:image:type\" content=\"image\/jpeg\" \/>\n<meta name=\"twitter:card\" content=\"summary_large_image\" \/>\n<meta name=\"twitter:label1\" content=\"Est. reading time\" \/>\n\t<meta name=\"twitter:data1\" content=\"2 minutes\" \/>\n<script type=\"application\/ld+json\" class=\"yoast-schema-graph\">{\"@context\":\"https:\\\/\\\/schema.org\",\"@graph\":[{\"@type\":\"WebPage\",\"@id\":\"https:\\\/\\\/tajkertesz.com\\\/termek\\\/acer-rubrum-northwood-voros-juhar\\\/\",\"url\":\"https:\\\/\\\/tajkertesz.com\\\/termek\\\/acer-rubrum-northwood-voros-juhar\\\/\",\"name\":\"Acer rubrum 'Northwood', V\u00f6r\u00f6s juhar - T\u00e1jkert\u00e9sz\",\"isPartOf\":{\"@id\":\"https:\\\/\\\/tajkertesz.com\\\/#website\"},\"primaryImageOfPage\":{\"@id\":\"https:\\\/\\\/tajkertesz.com\\\/termek\\\/acer-rubrum-northwood-voros-juhar\\\/#primaryimage\"},\"image\":{\"@id\":\"https:\\\/\\\/tajkertesz.com\\\/termek\\\/acer-rubrum-northwood-voros-juhar\\\/#primaryimage\"},\"thumbnailUrl\":\"https:\\\/\\\/tajkertesz.com\\\/wp-content\\\/uploads\\\/2020\\\/02\\\/acer_rubrum_northwood_voros_juhar.jpg\",\"datePublished\":\"2020-02-14T12:51:33+00:00\",\"dateModified\":\"2023-12-13T10:20:28+00:00\",\"description\":\"Az\u00a0 Acer rubrum 'Northwood' V\u00f6r\u00f6s juhar egy gyors n\u00f6veked\u00e9s\u0171 lombhullat\u00f3 fa.Piros vir\u00e1gai s\u0171r\u0171 f\u00fcrt\u00f6kben m\u00e1rcius v\u00e9g\u00e9n, \u00e1prilis elej\u00e9n jelennek meg.\",\"breadcrumb\":{\"@id\":\"https:\\\/\\\/tajkertesz.com\\\/termek\\\/acer-rubrum-northwood-voros-juhar\\\/#breadcrumb\"},\"inLanguage\":\"en-US\",\"potentialAction\":[{\"@type\":\"ReadAction\",\"target\":[\"https:\\\/\\\/tajkertesz.com\\\/termek\\\/acer-rubrum-northwood-voros-juhar\\\/\"]}]},{\"@type\":\"ImageObject\",\"inLanguage\":\"en-US\",\"@id\":\"https:\\\/\\\/tajkertesz.com\\\/termek\\\/acer-rubrum-northwood-voros-juhar\\\/#primaryimage\",\"url\":\"https:\\\/\\\/tajkertesz.com\\\/wp-content\\\/uploads\\\/2020\\\/02\\\/acer_rubrum_northwood_voros_juhar.jpg\",\"contentUrl\":\"https:\\\/\\\/tajkertesz.com\\\/wp-content\\\/uploads\\\/2020\\\/02\\\/acer_rubrum_northwood_voros_juhar.jpg\",\"width\":1719,\"height\":900},{\"@type\":\"BreadcrumbList\",\"@id\":\"https:\\\/\\\/tajkertesz.com\\\/termek\\\/acer-rubrum-northwood-voros-juhar\\\/#breadcrumb\",\"itemListElement\":[{\"@type\":\"ListItem\",\"position\":1,\"name\":\"Home\",\"item\":\"https:\\\/\\\/tajkertesz.com\\\/\"},{\"@type\":\"ListItem\",\"position\":2,\"name\":\"Kezd\u0151lap\",\"item\":\"https:\\\/\\\/tajkertesz.com\\\/\"},{\"@type\":\"ListItem\",\"position\":3,\"name\":\"Acer rubrum &#8216;Northwood&#8217;, V\u00f6r\u00f6s juhar\"}]},{\"@type\":\"WebSite\",\"@id\":\"https:\\\/\\\/tajkertesz.com\\\/#website\",\"url\":\"https:\\\/\\\/tajkertesz.com\\\/\",\"name\":\"T\u00e1j-Kert\u00e9sz 84 Kft.\",\"description\":\"Kert\u00e9szeti kis- \u00e9s nagykeresked\u00e9s, D\u00edszn\u00f6v\u00e9ny web\u00e1ruh\u00e1z orsz\u00e1gos h\u00e1zhozsz\u00e1ll\u00edt\u00e1ssal!\",\"publisher\":{\"@id\":\"https:\\\/\\\/tajkertesz.com\\\/#organization\"},\"potentialAction\":[{\"@type\":\"SearchAction\",\"target\":{\"@type\":\"EntryPoint\",\"urlTemplate\":\"https:\\\/\\\/tajkertesz.com\\\/?s={search_term_string}\"},\"query-input\":{\"@type\":\"PropertyValueSpecification\",\"valueRequired\":true,\"valueName\":\"search_term_string\"}}],\"inLanguage\":\"en-US\"},{\"@type\":\"Organization\",\"@id\":\"https:\\\/\\\/tajkertesz.com\\\/#organization\",\"name\":\"T\u00e1j-Kert\u00e9sz 84 Kft.\",\"url\":\"https:\\\/\\\/tajkertesz.com\\\/\",\"logo\":{\"@type\":\"ImageObject\",\"inLanguage\":\"en-US\",\"@id\":\"https:\\\/\\\/tajkertesz.com\\\/#\\\/schema\\\/logo\\\/image\\\/\",\"url\":\"https:\\\/\\\/tajkertesz.com\\\/wp-content\\\/uploads\\\/2018\\\/02\\\/logo-2-e1518678052539.png\",\"contentUrl\":\"https:\\\/\\\/tajkertesz.com\\\/wp-content\\\/uploads\\\/2018\\\/02\\\/logo-2-e1518678052539.png\",\"width\":81,\"height\":140,\"caption\":\"T\u00e1j-Kert\u00e9sz 84 Kft.\"},\"image\":{\"@id\":\"https:\\\/\\\/tajkertesz.com\\\/#\\\/schema\\\/logo\\\/image\\\/\"},\"sameAs\":[\"https:\\\/\\\/www.facebook.com\\\/Tajkertesz\\\/\"]}]}<\/script>\n<!-- \/ Yoast SEO plugin. -->","yoast_head_json":{"title":"Acer rubrum 'Northwood', V\u00f6r\u00f6s juhar - T\u00e1jkert\u00e9sz","description":"Az\u00a0 Acer rubrum 'Northwood' V\u00f6r\u00f6s juhar egy gyors n\u00f6veked\u00e9s\u0171 lombhullat\u00f3 fa.Piros vir\u00e1gai s\u0171r\u0171 f\u00fcrt\u00f6kben m\u00e1rcius v\u00e9g\u00e9n, \u00e1prilis elej\u00e9n jelennek meg.","robots":{"index":"index","follow":"follow","max-snippet":"max-snippet:-1","max-image-preview":"max-image-preview:large","max-video-preview":"max-video-preview:-1"},"canonical":"https:\/\/tajkertesz.com\/en_US\/product\/acer-rubrum-northwood-voros-juhar\/","og_locale":"en_US","og_type":"article","og_title":"Acer rubrum 'Northwood', V\u00f6r\u00f6s juhar - T\u00e1jkert\u00e9sz","og_description":"Az\u00a0 Acer rubrum 'Northwood' V\u00f6r\u00f6s juhar egy gyors n\u00f6veked\u00e9s\u0171 lombhullat\u00f3 fa.Piros vir\u00e1gai s\u0171r\u0171 f\u00fcrt\u00f6kben m\u00e1rcius v\u00e9g\u00e9n, \u00e1prilis elej\u00e9n jelennek meg.","og_url":"https:\/\/tajkertesz.com\/en_US\/product\/acer-rubrum-northwood-voros-juhar\/","og_site_name":"T\u00e1jkert\u00e9sz","article_publisher":"https:\/\/www.facebook.com\/Tajkertesz\/","article_modified_time":"2023-12-13T10:20:28+00:00","og_image":[{"width":1719,"height":900,"url":"https:\/\/tajkertesz.com\/wp-content\/uploads\/2020\/02\/acer_rubrum_northwood_voros_juhar.jpg","type":"image\/jpeg"}],"twitter_card":"summary_large_image","twitter_misc":{"Est. reading time":"2 minutes"},"schema":{"@context":"https:\/\/schema.org","@graph":[{"@type":"WebPage","@id":"https:\/\/tajkertesz.com\/termek\/acer-rubrum-northwood-voros-juhar\/","url":"https:\/\/tajkertesz.com\/termek\/acer-rubrum-northwood-voros-juhar\/","name":"Acer rubrum 'Northwood', V\u00f6r\u00f6s juhar - T\u00e1jkert\u00e9sz","isPartOf":{"@id":"https:\/\/tajkertesz.com\/#website"},"primaryImageOfPage":{"@id":"https:\/\/tajkertesz.com\/termek\/acer-rubrum-northwood-voros-juhar\/#primaryimage"},"image":{"@id":"https:\/\/tajkertesz.com\/termek\/acer-rubrum-northwood-voros-juhar\/#primaryimage"},"thumbnailUrl":"https:\/\/tajkertesz.com\/wp-content\/uploads\/2020\/02\/acer_rubrum_northwood_voros_juhar.jpg","datePublished":"2020-02-14T12:51:33+00:00","dateModified":"2023-12-13T10:20:28+00:00","description":"Az\u00a0 Acer rubrum 'Northwood' V\u00f6r\u00f6s juhar egy gyors n\u00f6veked\u00e9s\u0171 lombhullat\u00f3 fa.Piros vir\u00e1gai s\u0171r\u0171 f\u00fcrt\u00f6kben m\u00e1rcius v\u00e9g\u00e9n, \u00e1prilis elej\u00e9n jelennek meg.","breadcrumb":{"@id":"https:\/\/tajkertesz.com\/termek\/acer-rubrum-northwood-voros-juhar\/#breadcrumb"},"inLanguage":"en-US","potentialAction":[{"@type":"ReadAction","target":["https:\/\/tajkertesz.com\/termek\/acer-rubrum-northwood-voros-juhar\/"]}]},{"@type":"ImageObject","inLanguage":"en-US","@id":"https:\/\/tajkertesz.com\/termek\/acer-rubrum-northwood-voros-juhar\/#primaryimage","url":"https:\/\/tajkertesz.com\/wp-content\/uploads\/2020\/02\/acer_rubrum_northwood_voros_juhar.jpg","contentUrl":"https:\/\/tajkertesz.com\/wp-content\/uploads\/2020\/02\/acer_rubrum_northwood_voros_juhar.jpg","width":1719,"height":900},{"@type":"BreadcrumbList","@id":"https:\/\/tajkertesz.com\/termek\/acer-rubrum-northwood-voros-juhar\/#breadcrumb","itemListElement":[{"@type":"ListItem","position":1,"name":"Home","item":"https:\/\/tajkertesz.com\/"},{"@type":"ListItem","position":2,"name":"Kezd\u0151lap","item":"https:\/\/tajkertesz.com\/"},{"@type":"ListItem","position":3,"name":"Acer rubrum &#8216;Northwood&#8217;, V\u00f6r\u00f6s juhar"}]},{"@type":"WebSite","@id":"https:\/\/tajkertesz.com\/#website","url":"https:\/\/tajkertesz.com\/","name":"T\u00e1j-Kert\u00e9sz 84 Kft.","description":"Kert\u00e9szeti kis- \u00e9s nagykeresked\u00e9s, D\u00edszn\u00f6v\u00e9ny web\u00e1ruh\u00e1z orsz\u00e1gos h\u00e1zhozsz\u00e1ll\u00edt\u00e1ssal!","publisher":{"@id":"https:\/\/tajkertesz.com\/#organization"},"potentialAction":[{"@type":"SearchAction","target":{"@type":"EntryPoint","urlTemplate":"https:\/\/tajkertesz.com\/?s={search_term_string}"},"query-input":{"@type":"PropertyValueSpecification","valueRequired":true,"valueName":"search_term_string"}}],"inLanguage":"en-US"},{"@type":"Organization","@id":"https:\/\/tajkertesz.com\/#organization","name":"T\u00e1j-Kert\u00e9sz 84 Kft.","url":"https:\/\/tajkertesz.com\/","logo":{"@type":"ImageObject","inLanguage":"en-US","@id":"https:\/\/tajkertesz.com\/#\/schema\/logo\/image\/","url":"https:\/\/tajkertesz.com\/wp-content\/uploads\/2018\/02\/logo-2-e1518678052539.png","contentUrl":"https:\/\/tajkertesz.com\/wp-content\/uploads\/2018\/02\/logo-2-e1518678052539.png","width":81,"height":140,"caption":"T\u00e1j-Kert\u00e9sz 84 Kft."},"image":{"@id":"https:\/\/tajkertesz.com\/#\/schema\/logo\/image\/"},"sameAs":["https:\/\/www.facebook.com\/Tajkertesz\/"]}]}},"_links":{"self":[{"href":"https:\/\/tajkertesz.com\/en_US\/wp-json\/wp\/v2\/product\/757","targetHints":{"allow":["GET"]}}],"collection":[{"href":"https:\/\/tajkertesz.com\/en_US\/wp-json\/wp\/v2\/product"}],"about":[{"href":"https:\/\/tajkertesz.com\/en_US\/wp-json\/wp\/v2\/types\/product"}],"wp:featuredmedia":[{"embeddable":true,"href":"https:\/\/tajkertesz.com\/en_US\/wp-json\/wp\/v2\/media\/758"}],"wp:attachment":[{"href":"https:\/\/tajkertesz.com\/en_US\/wp-json\/wp\/v2\/media?parent=757"}],"wp:term":[{"taxonomy":"product_brand","embeddable":true,"href":"https:\/\/tajkertesz.com\/en_US\/wp-json\/wp\/v2\/product_brand?post=757"},{"taxonomy":"product_cat","embeddable":true,"href":"https:\/\/tajkertesz.com\/en_US\/wp-json\/wp\/v2\/product_cat?post=757"},{"taxonomy":"product_tag","embeddable":true,"href":"https:\/\/tajkertesz.com\/en_US\/wp-json\/wp\/v2\/product_tag?post=757"}],"curies":[{"name":"wp","href":"https:\/\/api.w.org\/{rel}","templated":true}]}}