{"id":761,"date":"2020-02-14T13:24:09","date_gmt":"2020-02-14T13:24:09","guid":{"rendered":"https:\/\/tajkertesz.com\/?post_type=product&#038;p=761"},"modified":"2024-10-31T07:30:15","modified_gmt":"2024-10-31T07:30:15","slug":"acer-rubrum-october-glory-voros-juhar","status":"publish","type":"product","link":"https:\/\/tajkertesz.com\/en_US\/product\/acer-rubrum-october-glory-voros-juhar\/","title":{"rendered":"Acer rubrum &#8216;October Glory&#8217; ,V\u00f6r\u00f6s juhar"},"content":{"rendered":"<p><strong>Acer rubrum &#8216;October Glory&#8217; ,V\u00f6r\u00f6s juhar<\/strong><\/p>\n<p><strong>Az Acer rubrum &#8216;October Glory&#8217; ,V\u00f6r\u00f6s juhar\u00a0 a legjobb v\u00e1rost\u0171r\u0151 f\u00e1ink egyike , melyek\u00a0 levelei \u0151sszel csod\u00e1latos v\u00f6r\u00f6s sz\u00ednben pomp\u00e1zik.<\/strong><\/p>\n<p><b>N\u00f6veked\u00e9s, alak:<\/b> 15-18 m magasra n\u00f6v\u0151, tereb\u00e9lyes fa vagy bokorfa, hajt\u00e1sai \u00e9s vessz\u0151i v\u00f6r\u00f6s sz\u00edn\u0171ek<br \/>\n<b>Lev\u00e9l: <\/b>z\u00f6ld levelei \u0151sszel s\u00f6t\u00e9t v\u00f6r\u00f6sre sz\u00ednez\u0151dnek<br \/>\n<b>Vir\u00e1g:<\/b> kora tavasszal hozza csom\u00f3kban s\u00f6t\u00e9tv\u00f6r\u00f6s vir\u00e1gait, term\u00e9se \u00e9retlen\u00fcl piros sz\u00edn\u0171<br \/>\n<b>Term\u0151hely<\/b>: J\u00f3l t\u0171ri a nedves talajt \u00e9s a l\u00e9gk\u00f6ri szennyez\u00e9st.<\/p>\n<p>Jelen term\u00e9k\u00fcnki7,5 l-es cser\u00e9pben 250\/300 cm magas<\/p>\n<p>&nbsp;<\/p>\n<p>El\u00e9rhet\u0151 t\u00f6bbf\u00e9le m\u00e9retben \u00e9s \u00e1rban.<\/p>\n<p><strong>K\u00e9szlet\u00fcnk napi szinten v\u00e1ltozik, ez\u00e9rt k\u00e9rj\u00fck, \u00e9rdekl\u0151dj\u00f6n szem\u00e9lyesen, telefonon vagy email-en.<br \/>\nA v\u00e1ltoztat\u00e1s jog\u00e1t fenntartjuk!\u00a0<\/strong><\/p>\n<p>&nbsp;<\/p>\n<p><a href=\"https:\/\/tajkertesz.com\/\">https:\/\/tajkertesz.com\/<\/a><\/p>\n<p><a href=\"https:\/\/www.facebook.com\/tajkertesz\/\">https:\/\/www.facebook.com\/tajkertesz\/<\/a><\/p>\n<p>Kisz\u00e1ll\u00edt\u00e1s: 200cm-ig \u00a0\u00e9s 40 kg-ig a sz\u00e1ll\u00edt\u00e1s fut\u00e1rszolg\u00e1lattal \u00a0t\u00f6rt\u00e9nik.<\/p>\n<p>Szem\u00e9lyes \u00e1tv\u00e9tel nyitvatart\u00e1si id\u0151ben a 17. ker\u00fclet Bakancsos utca 7. sz\u00e1m alatti Kert\u00e9szeti \u00e1rud\u00e1ban.<\/p>\n<p>&nbsp;<\/p>\n<h6><span style=\"color: #ffffff;\"><i><b>Acer rubrum<\/b><\/i>, the\u00a0<b>red maple<\/b>, also known as\u00a0<b>swamp<\/b>,\u00a0<b>water<\/b>\u00a0or\u00a0<b>soft maple<\/b>, is one of the most common and widespread deciduous\u00a0<a style=\"color: #ffffff;\" title=\"Tree\" href=\"https:\/\/en.wikipedia.org\/wiki\/Tree\">trees<\/a>\u00a0of eastern and central\u00a0<a style=\"color: #ffffff;\" title=\"North America\" href=\"https:\/\/en.wikipedia.org\/wiki\/North_America\">North America<\/a>. The U.S. Forest service recognizes it as the most abundant native tree in eastern North America.<sup id=\"cite_ref-4\" class=\"reference\"><a style=\"color: #ffffff;\" href=\"https:\/\/en.wikipedia.org\/wiki\/Acer_rubrum#cite_note-4\">[4]<\/a><\/sup>\u00a0The red maple ranges from southeastern\u00a0<a style=\"color: #ffffff;\" title=\"Manitoba\" href=\"https:\/\/en.wikipedia.org\/wiki\/Manitoba\">Manitoba<\/a>\u00a0around the\u00a0<a style=\"color: #ffffff;\" title=\"Lake of the Woods\" href=\"https:\/\/en.wikipedia.org\/wiki\/Lake_of_the_Woods\">Lake of the Woods<\/a>\u00a0on the border with\u00a0<a style=\"color: #ffffff;\" title=\"Ontario\" href=\"https:\/\/en.wikipedia.org\/wiki\/Ontario\">Ontario<\/a>\u00a0and\u00a0<a style=\"color: #ffffff;\" title=\"Minnesota\" href=\"https:\/\/en.wikipedia.org\/wiki\/Minnesota\">Minnesota<\/a>, east to\u00a0<a style=\"color: #ffffff;\" title=\"Newfoundland and Labrador\" href=\"https:\/\/en.wikipedia.org\/wiki\/Newfoundland_and_Labrador\">Newfoundland<\/a>, south to\u00a0<a style=\"color: #ffffff;\" title=\"Florida\" href=\"https:\/\/en.wikipedia.org\/wiki\/Florida\">Florida<\/a>, and southwest to eastern\u00a0<a style=\"color: #ffffff;\" title=\"Texas\" href=\"https:\/\/en.wikipedia.org\/wiki\/Texas\">Texas<\/a>. Many of its features, especially its leaves, are quite variable in form. At maturity, it often attains a height of around 30\u00a0m (100\u00a0ft). Its flowers, petioles, twigs and seeds are all red to varying degrees. Among these features, however, it is best known for its brilliant deep scarlet foliage in autumn.<\/span><\/h6>\n<h6><\/h6>\n<h6><\/h6>\n","protected":false},"excerpt":{"rendered":"<p><strong>Az Acer rubrum &#8216;October Glory&#8217; ,V\u00f6r\u00f6s juhar\u00a0 a legjobb v\u00e1rost\u0171r\u0151 f\u00e1ink egyike , melyek\u00a0 levelei \u0151sszel csod\u00e1latos v\u00f6r\u00f6s sz\u00ednben pomp\u00e1zik.<\/strong><\/p>\n<p><b>N\u00f6veked\u00e9s, alak:<\/b> 15-18 m magasra n\u00f6v\u0151, tereb\u00e9lyes fa vagy bokorfa, hajt\u00e1sai \u00e9s vessz\u0151i v\u00f6r\u00f6s sz\u00edn\u0171ek<br \/>\n<b>Lev\u00e9l: <\/b>z\u00f6ld levelei \u0151sszel s\u00f6t\u00e9t v\u00f6r\u00f6sre sz\u00ednez\u0151dnek<br \/>\n<b>Vir\u00e1g:<\/b> kora tavasszal hozza csom\u00f3kban s\u00f6t\u00e9tv\u00f6r\u00f6s vir\u00e1gait, term\u00e9se \u00e9retlen\u00fcl piros sz\u00edn\u0171<br \/>\n<b>Term\u0151hely<\/b>: J\u00f3l t\u0171ri a nedves talajt \u00e9s a l\u00e9gk\u00f6ri szennyez\u00e9st.<\/p>\n<h3><strong><span style=\"color: #ff0000;\">M\u00e9rete miatt nem tudjuk post\u00e1zni!!<\/span><\/strong><\/h3>","protected":false},"featured_media":1108,"template":"","meta":{"_et_pb_use_builder":"","_et_pb_old_content":"","_et_gb_content_width":""},"product_brand":[],"product_cat":[28,3785],"product_tag":[193,47,4010,194],"class_list":{"0":"post-761","1":"product","2":"type-product","3":"status-publish","4":"has-post-thumbnail","6":"product_cat-diszfak","7":"product_cat-uj-termekek","8":"product_tag-acer-rubrum-october-glory","9":"product_tag-juhar","10":"product_tag-oktober","11":"product_tag-voros-juhar","13":"first","14":"outofstock","15":"shipping-taxable","16":"product-type-simple"},"yoast_head":"<!-- This site is optimized with the Yoast SEO plugin v27.3 - https:\/\/yoast.com\/product\/yoast-seo-wordpress\/ -->\n<title>Acer rubrum &#039;October Glory&#039; ,V\u00f6r\u00f6s juhar - T\u00e1jkert\u00e9sz<\/title>\n<meta name=\"description\" content=\"Az Acer rubrum &#039;October Glory&#039; ,V\u00f6r\u00f6s juhar\u00a0 a legjobb v\u00e1rost\u0171r\u0151 f\u00e1ink egyike , melyek\u00a0 levelei \u0151sszel csod\u00e1latos v\u00f6r\u00f6s sz\u00ednben pomp\u00e1zik.\" \/>\n<meta name=\"robots\" content=\"index, follow, max-snippet:-1, max-image-preview:large, max-video-preview:-1\" \/>\n<link rel=\"canonical\" href=\"https:\/\/tajkertesz.com\/en_US\/product\/acer-rubrum-october-glory-voros-juhar\/\" \/>\n<meta property=\"og:locale\" content=\"en_US\" \/>\n<meta property=\"og:type\" content=\"article\" \/>\n<meta property=\"og:title\" content=\"Acer rubrum &#039;October Glory&#039; ,V\u00f6r\u00f6s juhar - T\u00e1jkert\u00e9sz\" \/>\n<meta property=\"og:description\" content=\"Az Acer rubrum &#039;October Glory&#039; ,V\u00f6r\u00f6s juhar\u00a0 a legjobb v\u00e1rost\u0171r\u0151 f\u00e1ink egyike , melyek\u00a0 levelei \u0151sszel csod\u00e1latos v\u00f6r\u00f6s sz\u00ednben pomp\u00e1zik.\" \/>\n<meta property=\"og:url\" content=\"https:\/\/tajkertesz.com\/en_US\/product\/acer-rubrum-october-glory-voros-juhar\/\" \/>\n<meta property=\"og:site_name\" content=\"T\u00e1jkert\u00e9sz\" \/>\n<meta property=\"article:publisher\" content=\"https:\/\/www.facebook.com\/Tajkertesz\/\" \/>\n<meta property=\"article:modified_time\" content=\"2024-10-31T07:30:15+00:00\" \/>\n<meta property=\"og:image\" content=\"https:\/\/tajkertesz.com\/wp-content\/uploads\/2020\/02\/Acer-rubrum-October-Glory.jpg\" \/>\n\t<meta property=\"og:image:width\" content=\"399\" \/>\n\t<meta property=\"og:image:height\" content=\"512\" \/>\n\t<meta property=\"og:image:type\" content=\"image\/jpeg\" \/>\n<meta name=\"twitter:card\" content=\"summary_large_image\" \/>\n<meta name=\"twitter:label1\" content=\"Est. reading time\" \/>\n\t<meta name=\"twitter:data1\" content=\"2 minutes\" \/>\n<script type=\"application\/ld+json\" class=\"yoast-schema-graph\">{\"@context\":\"https:\\\/\\\/schema.org\",\"@graph\":[{\"@type\":\"WebPage\",\"@id\":\"https:\\\/\\\/tajkertesz.com\\\/termek\\\/acer-rubrum-october-glory-voros-juhar\\\/\",\"url\":\"https:\\\/\\\/tajkertesz.com\\\/termek\\\/acer-rubrum-october-glory-voros-juhar\\\/\",\"name\":\"Acer rubrum 'October Glory' ,V\u00f6r\u00f6s juhar - T\u00e1jkert\u00e9sz\",\"isPartOf\":{\"@id\":\"https:\\\/\\\/tajkertesz.com\\\/#website\"},\"primaryImageOfPage\":{\"@id\":\"https:\\\/\\\/tajkertesz.com\\\/termek\\\/acer-rubrum-october-glory-voros-juhar\\\/#primaryimage\"},\"image\":{\"@id\":\"https:\\\/\\\/tajkertesz.com\\\/termek\\\/acer-rubrum-october-glory-voros-juhar\\\/#primaryimage\"},\"thumbnailUrl\":\"https:\\\/\\\/tajkertesz.com\\\/wp-content\\\/uploads\\\/2020\\\/02\\\/Acer-rubrum-October-Glory.jpg\",\"datePublished\":\"2020-02-14T13:24:09+00:00\",\"dateModified\":\"2024-10-31T07:30:15+00:00\",\"description\":\"Az Acer rubrum 'October Glory' ,V\u00f6r\u00f6s juhar\u00a0 a legjobb v\u00e1rost\u0171r\u0151 f\u00e1ink egyike , melyek\u00a0 levelei \u0151sszel csod\u00e1latos v\u00f6r\u00f6s sz\u00ednben pomp\u00e1zik.\",\"breadcrumb\":{\"@id\":\"https:\\\/\\\/tajkertesz.com\\\/termek\\\/acer-rubrum-october-glory-voros-juhar\\\/#breadcrumb\"},\"inLanguage\":\"en-US\",\"potentialAction\":[{\"@type\":\"ReadAction\",\"target\":[\"https:\\\/\\\/tajkertesz.com\\\/termek\\\/acer-rubrum-october-glory-voros-juhar\\\/\"]}]},{\"@type\":\"ImageObject\",\"inLanguage\":\"en-US\",\"@id\":\"https:\\\/\\\/tajkertesz.com\\\/termek\\\/acer-rubrum-october-glory-voros-juhar\\\/#primaryimage\",\"url\":\"https:\\\/\\\/tajkertesz.com\\\/wp-content\\\/uploads\\\/2020\\\/02\\\/Acer-rubrum-October-Glory.jpg\",\"contentUrl\":\"https:\\\/\\\/tajkertesz.com\\\/wp-content\\\/uploads\\\/2020\\\/02\\\/Acer-rubrum-October-Glory.jpg\",\"width\":399,\"height\":512},{\"@type\":\"BreadcrumbList\",\"@id\":\"https:\\\/\\\/tajkertesz.com\\\/termek\\\/acer-rubrum-october-glory-voros-juhar\\\/#breadcrumb\",\"itemListElement\":[{\"@type\":\"ListItem\",\"position\":1,\"name\":\"Home\",\"item\":\"https:\\\/\\\/tajkertesz.com\\\/\"},{\"@type\":\"ListItem\",\"position\":2,\"name\":\"Kezd\u0151lap\",\"item\":\"https:\\\/\\\/tajkertesz.com\\\/\"},{\"@type\":\"ListItem\",\"position\":3,\"name\":\"Acer rubrum &#8216;October Glory&#8217; ,V\u00f6r\u00f6s juhar\"}]},{\"@type\":\"WebSite\",\"@id\":\"https:\\\/\\\/tajkertesz.com\\\/#website\",\"url\":\"https:\\\/\\\/tajkertesz.com\\\/\",\"name\":\"T\u00e1j-Kert\u00e9sz 84 Kft.\",\"description\":\"Kert\u00e9szeti kis- \u00e9s nagykeresked\u00e9s, D\u00edszn\u00f6v\u00e9ny web\u00e1ruh\u00e1z orsz\u00e1gos h\u00e1zhozsz\u00e1ll\u00edt\u00e1ssal!\",\"publisher\":{\"@id\":\"https:\\\/\\\/tajkertesz.com\\\/#organization\"},\"potentialAction\":[{\"@type\":\"SearchAction\",\"target\":{\"@type\":\"EntryPoint\",\"urlTemplate\":\"https:\\\/\\\/tajkertesz.com\\\/?s={search_term_string}\"},\"query-input\":{\"@type\":\"PropertyValueSpecification\",\"valueRequired\":true,\"valueName\":\"search_term_string\"}}],\"inLanguage\":\"en-US\"},{\"@type\":\"Organization\",\"@id\":\"https:\\\/\\\/tajkertesz.com\\\/#organization\",\"name\":\"T\u00e1j-Kert\u00e9sz 84 Kft.\",\"url\":\"https:\\\/\\\/tajkertesz.com\\\/\",\"logo\":{\"@type\":\"ImageObject\",\"inLanguage\":\"en-US\",\"@id\":\"https:\\\/\\\/tajkertesz.com\\\/#\\\/schema\\\/logo\\\/image\\\/\",\"url\":\"https:\\\/\\\/tajkertesz.com\\\/wp-content\\\/uploads\\\/2018\\\/02\\\/logo-2-e1518678052539.png\",\"contentUrl\":\"https:\\\/\\\/tajkertesz.com\\\/wp-content\\\/uploads\\\/2018\\\/02\\\/logo-2-e1518678052539.png\",\"width\":81,\"height\":140,\"caption\":\"T\u00e1j-Kert\u00e9sz 84 Kft.\"},\"image\":{\"@id\":\"https:\\\/\\\/tajkertesz.com\\\/#\\\/schema\\\/logo\\\/image\\\/\"},\"sameAs\":[\"https:\\\/\\\/www.facebook.com\\\/Tajkertesz\\\/\"]}]}<\/script>\n<!-- \/ Yoast SEO plugin. -->","yoast_head_json":{"title":"Acer rubrum 'October Glory' ,V\u00f6r\u00f6s juhar - T\u00e1jkert\u00e9sz","description":"Az Acer rubrum 'October Glory' ,V\u00f6r\u00f6s juhar\u00a0 a legjobb v\u00e1rost\u0171r\u0151 f\u00e1ink egyike , melyek\u00a0 levelei \u0151sszel csod\u00e1latos v\u00f6r\u00f6s sz\u00ednben pomp\u00e1zik.","robots":{"index":"index","follow":"follow","max-snippet":"max-snippet:-1","max-image-preview":"max-image-preview:large","max-video-preview":"max-video-preview:-1"},"canonical":"https:\/\/tajkertesz.com\/en_US\/product\/acer-rubrum-october-glory-voros-juhar\/","og_locale":"en_US","og_type":"article","og_title":"Acer rubrum 'October Glory' ,V\u00f6r\u00f6s juhar - T\u00e1jkert\u00e9sz","og_description":"Az Acer rubrum 'October Glory' ,V\u00f6r\u00f6s juhar\u00a0 a legjobb v\u00e1rost\u0171r\u0151 f\u00e1ink egyike , melyek\u00a0 levelei \u0151sszel csod\u00e1latos v\u00f6r\u00f6s sz\u00ednben pomp\u00e1zik.","og_url":"https:\/\/tajkertesz.com\/en_US\/product\/acer-rubrum-october-glory-voros-juhar\/","og_site_name":"T\u00e1jkert\u00e9sz","article_publisher":"https:\/\/www.facebook.com\/Tajkertesz\/","article_modified_time":"2024-10-31T07:30:15+00:00","og_image":[{"width":399,"height":512,"url":"https:\/\/tajkertesz.com\/wp-content\/uploads\/2020\/02\/Acer-rubrum-October-Glory.jpg","type":"image\/jpeg"}],"twitter_card":"summary_large_image","twitter_misc":{"Est. reading time":"2 minutes"},"schema":{"@context":"https:\/\/schema.org","@graph":[{"@type":"WebPage","@id":"https:\/\/tajkertesz.com\/termek\/acer-rubrum-october-glory-voros-juhar\/","url":"https:\/\/tajkertesz.com\/termek\/acer-rubrum-october-glory-voros-juhar\/","name":"Acer rubrum 'October Glory' ,V\u00f6r\u00f6s juhar - T\u00e1jkert\u00e9sz","isPartOf":{"@id":"https:\/\/tajkertesz.com\/#website"},"primaryImageOfPage":{"@id":"https:\/\/tajkertesz.com\/termek\/acer-rubrum-october-glory-voros-juhar\/#primaryimage"},"image":{"@id":"https:\/\/tajkertesz.com\/termek\/acer-rubrum-october-glory-voros-juhar\/#primaryimage"},"thumbnailUrl":"https:\/\/tajkertesz.com\/wp-content\/uploads\/2020\/02\/Acer-rubrum-October-Glory.jpg","datePublished":"2020-02-14T13:24:09+00:00","dateModified":"2024-10-31T07:30:15+00:00","description":"Az Acer rubrum 'October Glory' ,V\u00f6r\u00f6s juhar\u00a0 a legjobb v\u00e1rost\u0171r\u0151 f\u00e1ink egyike , melyek\u00a0 levelei \u0151sszel csod\u00e1latos v\u00f6r\u00f6s sz\u00ednben pomp\u00e1zik.","breadcrumb":{"@id":"https:\/\/tajkertesz.com\/termek\/acer-rubrum-october-glory-voros-juhar\/#breadcrumb"},"inLanguage":"en-US","potentialAction":[{"@type":"ReadAction","target":["https:\/\/tajkertesz.com\/termek\/acer-rubrum-october-glory-voros-juhar\/"]}]},{"@type":"ImageObject","inLanguage":"en-US","@id":"https:\/\/tajkertesz.com\/termek\/acer-rubrum-october-glory-voros-juhar\/#primaryimage","url":"https:\/\/tajkertesz.com\/wp-content\/uploads\/2020\/02\/Acer-rubrum-October-Glory.jpg","contentUrl":"https:\/\/tajkertesz.com\/wp-content\/uploads\/2020\/02\/Acer-rubrum-October-Glory.jpg","width":399,"height":512},{"@type":"BreadcrumbList","@id":"https:\/\/tajkertesz.com\/termek\/acer-rubrum-october-glory-voros-juhar\/#breadcrumb","itemListElement":[{"@type":"ListItem","position":1,"name":"Home","item":"https:\/\/tajkertesz.com\/"},{"@type":"ListItem","position":2,"name":"Kezd\u0151lap","item":"https:\/\/tajkertesz.com\/"},{"@type":"ListItem","position":3,"name":"Acer rubrum &#8216;October Glory&#8217; ,V\u00f6r\u00f6s juhar"}]},{"@type":"WebSite","@id":"https:\/\/tajkertesz.com\/#website","url":"https:\/\/tajkertesz.com\/","name":"T\u00e1j-Kert\u00e9sz 84 Kft.","description":"Kert\u00e9szeti kis- \u00e9s nagykeresked\u00e9s, D\u00edszn\u00f6v\u00e9ny web\u00e1ruh\u00e1z orsz\u00e1gos h\u00e1zhozsz\u00e1ll\u00edt\u00e1ssal!","publisher":{"@id":"https:\/\/tajkertesz.com\/#organization"},"potentialAction":[{"@type":"SearchAction","target":{"@type":"EntryPoint","urlTemplate":"https:\/\/tajkertesz.com\/?s={search_term_string}"},"query-input":{"@type":"PropertyValueSpecification","valueRequired":true,"valueName":"search_term_string"}}],"inLanguage":"en-US"},{"@type":"Organization","@id":"https:\/\/tajkertesz.com\/#organization","name":"T\u00e1j-Kert\u00e9sz 84 Kft.","url":"https:\/\/tajkertesz.com\/","logo":{"@type":"ImageObject","inLanguage":"en-US","@id":"https:\/\/tajkertesz.com\/#\/schema\/logo\/image\/","url":"https:\/\/tajkertesz.com\/wp-content\/uploads\/2018\/02\/logo-2-e1518678052539.png","contentUrl":"https:\/\/tajkertesz.com\/wp-content\/uploads\/2018\/02\/logo-2-e1518678052539.png","width":81,"height":140,"caption":"T\u00e1j-Kert\u00e9sz 84 Kft."},"image":{"@id":"https:\/\/tajkertesz.com\/#\/schema\/logo\/image\/"},"sameAs":["https:\/\/www.facebook.com\/Tajkertesz\/"]}]}},"_links":{"self":[{"href":"https:\/\/tajkertesz.com\/en_US\/wp-json\/wp\/v2\/product\/761","targetHints":{"allow":["GET"]}}],"collection":[{"href":"https:\/\/tajkertesz.com\/en_US\/wp-json\/wp\/v2\/product"}],"about":[{"href":"https:\/\/tajkertesz.com\/en_US\/wp-json\/wp\/v2\/types\/product"}],"wp:featuredmedia":[{"embeddable":true,"href":"https:\/\/tajkertesz.com\/en_US\/wp-json\/wp\/v2\/media\/1108"}],"wp:attachment":[{"href":"https:\/\/tajkertesz.com\/en_US\/wp-json\/wp\/v2\/media?parent=761"}],"wp:term":[{"taxonomy":"product_brand","embeddable":true,"href":"https:\/\/tajkertesz.com\/en_US\/wp-json\/wp\/v2\/product_brand?post=761"},{"taxonomy":"product_cat","embeddable":true,"href":"https:\/\/tajkertesz.com\/en_US\/wp-json\/wp\/v2\/product_cat?post=761"},{"taxonomy":"product_tag","embeddable":true,"href":"https:\/\/tajkertesz.com\/en_US\/wp-json\/wp\/v2\/product_tag?post=761"}],"curies":[{"name":"wp","href":"https:\/\/api.w.org\/{rel}","templated":true}]}}