{"id":764,"date":"2020-02-14T14:02:54","date_gmt":"2020-02-14T14:02:54","guid":{"rendered":"https:\/\/tajkertesz.com\/?post_type=product&#038;p=764"},"modified":"2024-09-24T14:45:36","modified_gmt":"2024-09-24T14:45:36","slug":"albizia-julibrissin-selyem-akac","status":"publish","type":"product","link":"https:\/\/tajkertesz.com\/en_US\/product\/albizia-julibrissin-selyem-akac\/","title":{"rendered":"Albizia julibrissin &#8211; Selyemak\u00e1c"},"content":{"rendered":"<h1><b>Albizia julibrissin &#8211; Selyemak\u00e1c<\/b><\/h1>\n<p>Az Albizia julibrissin &#8211; Selyemak\u00e1c mediterr\u00e1n jelleg\u0171, k\u00fcl\u00f6nleges lomb\u00fa \u00e9s vir\u00e1g\u00fa d\u00edszfa. Komoly d\u00edsz\u00e9rt\u00e9ke, hogy ny\u00e1ron \u00e9s hosszan vir\u00e1gzik.<\/p>\n<p>Az Albizia julibrissin, m\u00e1s n\u00e9ven perzsa selyemfa vagy mim\u00f3zafa egy gyorsan n\u00f6v\u0151 lombhullat\u00f3 fa, amely \u00c1zsi\u00e1b\u00f3l sz\u00e1rmazik. Jellemz\u0151 r\u00e1 a sz\u00e9les, erny\u0151szer\u0171 lombkorona \u00e9s a l\u00e1tv\u00e1nyos, r\u00f3zsasz\u00edn\u0171 selymes vir\u00e1gok.<\/p>\n<p>A selyemak\u00e1c 6-12 m\u00e9terre is megn\u0151het.<\/p>\n<h2>Az <b>Albizia julibrissin &#8211; Selyemak\u00e1c <\/b>f\u0151bb jellemz\u0151i:<\/h2>\n<ul>\n<li>Levele nagy, p\u00e1rosan sz\u00e1rnyalt, amelyek \u00e9jszaka \u00e9s es\u0151ben \u00f6sszecsuk\u00f3dnak.<\/li>\n<li>Vir\u00e1ga a ny\u00e1r folyam\u00e1n ny\u00edlik, selymes r\u00f3zsasz\u00edn sz\u00e1lakb\u00f3l \u00e1llnak, amelyek csillagszer\u0171 vir\u00e1gzatokat alkotnak.<\/li>\n<li>Gyakran \u00fcltetik szoliterk\u00e9nt kertekbe, vir\u00e1ga vonzza a m\u00e9heket, pillang\u00f3kat.<\/li>\n<li>Viszonylag r\u00f6vid \u00e9let\u0171 fa, \u00e1tlagosan k\u00f6r\u00fclbel\u00fcl 30 \u00e9vig \u00e9l.<\/li>\n<li>Napos helyet szereti igaz\u00e1n, de j\u00f3 \u00e9rzi mag\u00e1t f\u00e9l\u00e1rny\u00e9kban is.<\/li>\n<li>J\u00f3l n\u00f6vekszik k\u00fcl\u00f6nb\u00f6z\u0151 talajt\u00edpusokban, de a legjobban a j\u00f3l v\u00edzelvezetett, homokos vagy agyagos talajt kedveli.<\/li>\n<li>M\u00e9rs\u00e9kelt v\u00edzig\u00e9ny\u0171, de a fiatal f\u00e1k rendszeres \u00f6nt\u00f6z\u00e9st ig\u00e9nyelnek a gy\u00f6k\u00e9rzet kialakul\u00e1s\u00e1hoz.<\/li>\n<li><strong>Metsz\u00e9s<\/strong>: A fa form\u00e1j\u00e1nak meg\u0151rz\u00e9se \u00e9s az eg\u00e9szs\u00e9ges n\u00f6veked\u00e9s \u00e9rdek\u00e9ben \u00e9rdemes rendszeresen metszeni. A legjobb id\u0151szak a metsz\u00e9sre a t\u00e9l v\u00e9ge vagy a kora tavasz, amikor a fa m\u00e9g nyugalmi \u00e1llapotban van.<\/li>\n<li><strong>T\u00e1panyagok<\/strong>: B\u00e1r nem k\u00fcl\u00f6n\u00f6sebben ig\u00e9nyes a talaj t\u00e1panyagtartalm\u00e1ra, a n\u00f6veked\u00e9si id\u0151szakban (tavaszt\u00f3l \u0151szig) \u00e9rdemes id\u0151nk\u00e9nt figyelmet ford\u00edtani a t\u00e1panyag ut\u00e1np\u00f3tl\u00e1sra, hogy biztos\u00edtsuk a megfelel\u0151 t\u00e1panyagell\u00e1t\u00e1st.<\/li>\n<\/ul>\n<ul>\n<li><strong>K\u00e1rtev\u0151k \u00e9s betegs\u00e9gek<\/strong>: Figyelni kell a k\u00e1rtev\u0151kre, mint p\u00e9ld\u00e1ul a lev\u00e9ltetvekre \u00e9s az atk\u00e1kra. A betegs\u00e9gek k\u00f6z\u00fcl a gy\u00f6k\u00e9rrothad\u00e1s \u00e9s a lev\u00e9lfoltoss\u00e1g lehet probl\u00e9m\u00e1s, k\u00fcl\u00f6n\u00f6sen, ha a talaj nem j\u00f3l v\u00edzelvezetett.<\/li>\n<li><strong>T\u00e9li v\u00e9delem<\/strong>: Hidegebb \u00e9ghajlaton \u00e9rdemes a fiatal f\u00e1kat t\u00e9lire takarni, hogy megv\u00e9dj\u00fck \u0151ket a fagyokt\u00f3l.<\/li>\n<\/ul>\n<h3>A selyemak\u00e1c \u00fcltet\u00e9se:<\/h3>\n<p>A legjobb id\u0151szak az \u00fcltet\u00e9sre a tavasz vagy a \u0151sz, amikor a talaj m\u00e9g meleg, de nem t\u00fal forr\u00f3 vagy fagyos.<\/p>\n<p><strong>\u00dcltet\u00e9si m\u00e9lys\u00e9g<\/strong>: \u00c1ssunk egy g\u00f6dr\u00f6t, amely k\u00e9tszer olyan sz\u00e9les \u00e9s m\u00e9ly, mint a fa gy\u00f6k\u00e9rlabd\u00e1ja. Helyezz\u00fcnk a f\u00e1t a g\u00f6d\u00f6rbe \u00fagy, hogy a gy\u00f6k\u00e9rnyak a talajszinttel egy vonalban legyen.<\/p>\n<p><strong>\u00d6nt\u00f6z\u00e9s<\/strong>: Az \u00fcltet\u00e9s ut\u00e1n alaposan \u00f6nt\u00f6zz\u00fck meg a f\u00e1t. Az els\u0151 \u00e9vekben rendszeres \u00f6nt\u00f6z\u00e9st ig\u00e9nyel, k\u00fcl\u00f6n\u00f6sen sz\u00e1razabb id\u0151szakban. Hetente 2-3 alkalommal, meleg ny\u00e1ri napokon ak\u00e1r naponta is sz\u00fcks\u00e9ges lehet b\u0151s\u00e9gesen meg\u00f6nt\u00f6zni.<\/p>\n<p>&nbsp;<\/p>\n<p>Jelen term\u00e9k\u00fcnk\u00a0 5 literes kont\u00e9nerben\u00a0 kb:150-200cm magas.<\/p>\n<p><strong>K\u00e9szlet\u00fcnk napi szinten v\u00e1ltozik, ez\u00e9rt k\u00e9rj\u00fck, \u00e9rdekl\u0151dj\u00f6n szem\u00e9lyesen, telefonon vagy email-en.<br \/>\nA v\u00e1ltoztat\u00e1s jog\u00e1t fenntartjuk!\u00a0<\/strong><\/p>\n<p>&nbsp;<\/p>\n<p><a href=\"https:\/\/tajkertesz.com\/\">https:\/\/tajkertesz.com\/<\/a><\/p>\n<p><a href=\"https:\/\/www.facebook.com\/tajkertesz\/\">https:\/\/www.facebook.com\/tajkertesz\/<\/a><\/p>\n<p>Kisz\u00e1ll\u00edt\u00e1s: 200cm-ig \u00a0\u00e9s 40 kg-ig a sz\u00e1ll\u00edt\u00e1s fut\u00e1rszolg\u00e1lattal \u00a0t\u00f6rt\u00e9nik.<\/p>\n<p>Szem\u00e9lyes \u00e1tv\u00e9tel nyitvatart\u00e1si id\u0151ben a 17. ker\u00fclet Bakancsos utca 7. sz\u00e1m alatti Kert\u00e9szeti \u00e1rud\u00e1nkban.<\/p>\n<h6><\/h6>\n<p><span style=\"color: #ffffff;\">A<\/span><\/p>","protected":false},"excerpt":{"rendered":"<p><b>Az Albizia julibrissin , Selyemak\u00e1c mediterr\u00e1n jelleg\u0171, k\u00fcl\u00f6nleges lomb\u00fa \u00e9s k\u00fcl\u00f6nleges vir\u00e1g\u00fa d\u00edszfa. Komoly d\u00edsz\u00e9rt\u00e9ke, hogy ny\u00e1ron \u00e9s hosszan vir\u00e1gzik!<\/b><\/p>\n<p>&nbsp;<\/p>\n<p><b>N\u00f6veked\u00e9s, alak: <\/b>A selyemak\u00e1c mediterr\u00e1n jelleg\u0171, k\u00fcl\u00f6nleges lomb\u00fa \u00e9s k\u00fcl\u00f6nleges vir\u00e1g\u00fa d\u00edszfa. Komoly d\u00edsz\u00e9rt\u00e9ke, hogy ny\u00e1ron \u00e9s hosszan vir\u00e1gzik!<br \/>\n<b>Lev\u00e9l:\u00a0 <\/b>p\u00e1rosan sz\u00e1rnyalt levelei, selymes f\u00e9ny\u0171ek<br \/>\n<b>Vir\u00e1g:<\/b> J\u00faniust\u00f3l szeptemberig t\u00f6bb hull\u00e1mban ny\u00edlik sokporz\u00f3s lil\u00e1sr\u00f3zsasz\u00edn porz\u00f3sz\u00e1lakt\u00f3l borzas, illatos, d\u00edszes vir\u00e1gai vannak.<br \/>\n<b>Term\u0151hely<\/b>: A selyemak\u00e1c a napos fekv\u00e9st r\u00e9szes\u00edti el\u0151nyben, ez\u00e9rt ha egy m\u00f3dunk van r\u00e1, meleg, napf\u00e9nyben f\u00fcrd\u0151, v\u00e9dett helyet keress\u00fcnk sz\u00e1m\u00e1ra a kertben. J\u00f3 tulajdons\u00e1ga, hogy talajban nem k\u00fcl\u00f6n\u00f6sebben v\u00e1logat\u00f3s.<br \/>\n<b>Felhaszn\u00e1l\u00e1s:<\/b> kert\u00fcnk \u00e9kess\u00e9ge lehet.<\/p>\n<p>Jelen term\u00e9k\u00fcnk\u00a0 5 literes kont\u00e9nerben\u00a0 kb:150-200cm magas.<\/p>","protected":false},"featured_media":1099,"template":"","meta":{"_et_pb_use_builder":"","_et_pb_old_content":"","_et_gb_content_width":""},"product_brand":[],"product_cat":[28],"product_tag":[52,189,54,53],"class_list":{"0":"post-764","1":"product","2":"type-product","3":"status-publish","4":"has-post-thumbnail","6":"product_cat-diszfak","7":"product_tag-akac","8":"product_tag-albizia-julibrissin","9":"product_tag-disznoveny","10":"product_tag-selyemakac","12":"first","13":"instock","14":"shipping-taxable","15":"purchasable","16":"product-type-simple"},"yoast_head":"<!-- This site is optimized with the Yoast SEO plugin v27.3 - https:\/\/yoast.com\/product\/yoast-seo-wordpress\/ -->\n<title>Albizia julibrissin - Selyemak\u00e1c - T\u00e1jkert\u00e9sz<\/title>\n<meta name=\"description\" content=\"Az Albizia julibrissin , Selyemak\u00e1c mediterr\u00e1n jelleg\u0171, k\u00fcl\u00f6nleges lomb\u00fa \u00e9s k\u00fcl\u00f6nleges vir\u00e1g\u00fa d\u00edszfa. Komoly d\u00edsz\u00e9rt\u00e9ke, hogy ny\u00e1ron \u00e9s hosszan vir\u00e1gzik!\" \/>\n<meta name=\"robots\" content=\"index, follow, max-snippet:-1, max-image-preview:large, max-video-preview:-1\" \/>\n<link rel=\"canonical\" href=\"https:\/\/tajkertesz.com\/en_US\/product\/albizia-julibrissin-selyem-akac\/\" \/>\n<meta property=\"og:locale\" content=\"en_US\" \/>\n<meta property=\"og:type\" content=\"article\" \/>\n<meta property=\"og:title\" content=\"Albizia julibrissin - Selyemak\u00e1c - T\u00e1jkert\u00e9sz\" \/>\n<meta property=\"og:description\" content=\"Az Albizia julibrissin , Selyemak\u00e1c mediterr\u00e1n jelleg\u0171, k\u00fcl\u00f6nleges lomb\u00fa \u00e9s k\u00fcl\u00f6nleges vir\u00e1g\u00fa d\u00edszfa. Komoly d\u00edsz\u00e9rt\u00e9ke, hogy ny\u00e1ron \u00e9s hosszan vir\u00e1gzik!\" \/>\n<meta property=\"og:url\" content=\"https:\/\/tajkertesz.com\/en_US\/product\/albizia-julibrissin-selyem-akac\/\" \/>\n<meta property=\"og:site_name\" content=\"T\u00e1jkert\u00e9sz\" \/>\n<meta property=\"article:publisher\" content=\"https:\/\/www.facebook.com\/Tajkertesz\/\" \/>\n<meta property=\"article:modified_time\" content=\"2024-09-24T14:45:36+00:00\" \/>\n<meta property=\"og:image\" content=\"https:\/\/tajkertesz.com\/wp-content\/uploads\/2020\/02\/albizia-juli.jpg\" \/>\n\t<meta property=\"og:image:width\" content=\"1280\" \/>\n\t<meta property=\"og:image:height\" content=\"960\" \/>\n\t<meta property=\"og:image:type\" content=\"image\/jpeg\" \/>\n<meta name=\"twitter:card\" content=\"summary_large_image\" \/>\n<meta name=\"twitter:label1\" content=\"Est. reading time\" \/>\n\t<meta name=\"twitter:data1\" content=\"3 minutes\" \/>\n<script type=\"application\/ld+json\" class=\"yoast-schema-graph\">{\"@context\":\"https:\\\/\\\/schema.org\",\"@graph\":[{\"@type\":\"WebPage\",\"@id\":\"https:\\\/\\\/tajkertesz.com\\\/termek\\\/albizia-julibrissin-selyem-akac\\\/\",\"url\":\"https:\\\/\\\/tajkertesz.com\\\/termek\\\/albizia-julibrissin-selyem-akac\\\/\",\"name\":\"Albizia julibrissin - Selyemak\u00e1c - T\u00e1jkert\u00e9sz\",\"isPartOf\":{\"@id\":\"https:\\\/\\\/tajkertesz.com\\\/#website\"},\"primaryImageOfPage\":{\"@id\":\"https:\\\/\\\/tajkertesz.com\\\/termek\\\/albizia-julibrissin-selyem-akac\\\/#primaryimage\"},\"image\":{\"@id\":\"https:\\\/\\\/tajkertesz.com\\\/termek\\\/albizia-julibrissin-selyem-akac\\\/#primaryimage\"},\"thumbnailUrl\":\"https:\\\/\\\/tajkertesz.com\\\/wp-content\\\/uploads\\\/2020\\\/02\\\/albizia-juli.jpg\",\"datePublished\":\"2020-02-14T14:02:54+00:00\",\"dateModified\":\"2024-09-24T14:45:36+00:00\",\"description\":\"Az Albizia julibrissin , Selyemak\u00e1c mediterr\u00e1n jelleg\u0171, k\u00fcl\u00f6nleges lomb\u00fa \u00e9s k\u00fcl\u00f6nleges vir\u00e1g\u00fa d\u00edszfa. Komoly d\u00edsz\u00e9rt\u00e9ke, hogy ny\u00e1ron \u00e9s hosszan vir\u00e1gzik!\",\"breadcrumb\":{\"@id\":\"https:\\\/\\\/tajkertesz.com\\\/termek\\\/albizia-julibrissin-selyem-akac\\\/#breadcrumb\"},\"inLanguage\":\"en-US\",\"potentialAction\":[{\"@type\":\"ReadAction\",\"target\":[\"https:\\\/\\\/tajkertesz.com\\\/termek\\\/albizia-julibrissin-selyem-akac\\\/\"]}]},{\"@type\":\"ImageObject\",\"inLanguage\":\"en-US\",\"@id\":\"https:\\\/\\\/tajkertesz.com\\\/termek\\\/albizia-julibrissin-selyem-akac\\\/#primaryimage\",\"url\":\"https:\\\/\\\/tajkertesz.com\\\/wp-content\\\/uploads\\\/2020\\\/02\\\/albizia-juli.jpg\",\"contentUrl\":\"https:\\\/\\\/tajkertesz.com\\\/wp-content\\\/uploads\\\/2020\\\/02\\\/albizia-juli.jpg\",\"width\":1280,\"height\":960,\"caption\":\"Albizia julibrissin - Selyemak\u00e1c\"},{\"@type\":\"BreadcrumbList\",\"@id\":\"https:\\\/\\\/tajkertesz.com\\\/termek\\\/albizia-julibrissin-selyem-akac\\\/#breadcrumb\",\"itemListElement\":[{\"@type\":\"ListItem\",\"position\":1,\"name\":\"Home\",\"item\":\"https:\\\/\\\/tajkertesz.com\\\/\"},{\"@type\":\"ListItem\",\"position\":2,\"name\":\"Kezd\u0151lap\",\"item\":\"https:\\\/\\\/tajkertesz.com\\\/\"},{\"@type\":\"ListItem\",\"position\":3,\"name\":\"Albizia julibrissin &#8211; Selyemak\u00e1c\"}]},{\"@type\":\"WebSite\",\"@id\":\"https:\\\/\\\/tajkertesz.com\\\/#website\",\"url\":\"https:\\\/\\\/tajkertesz.com\\\/\",\"name\":\"T\u00e1j-Kert\u00e9sz 84 Kft.\",\"description\":\"Kert\u00e9szeti kis- \u00e9s nagykeresked\u00e9s, D\u00edszn\u00f6v\u00e9ny web\u00e1ruh\u00e1z orsz\u00e1gos h\u00e1zhozsz\u00e1ll\u00edt\u00e1ssal!\",\"publisher\":{\"@id\":\"https:\\\/\\\/tajkertesz.com\\\/#organization\"},\"potentialAction\":[{\"@type\":\"SearchAction\",\"target\":{\"@type\":\"EntryPoint\",\"urlTemplate\":\"https:\\\/\\\/tajkertesz.com\\\/?s={search_term_string}\"},\"query-input\":{\"@type\":\"PropertyValueSpecification\",\"valueRequired\":true,\"valueName\":\"search_term_string\"}}],\"inLanguage\":\"en-US\"},{\"@type\":\"Organization\",\"@id\":\"https:\\\/\\\/tajkertesz.com\\\/#organization\",\"name\":\"T\u00e1j-Kert\u00e9sz 84 Kft.\",\"url\":\"https:\\\/\\\/tajkertesz.com\\\/\",\"logo\":{\"@type\":\"ImageObject\",\"inLanguage\":\"en-US\",\"@id\":\"https:\\\/\\\/tajkertesz.com\\\/#\\\/schema\\\/logo\\\/image\\\/\",\"url\":\"https:\\\/\\\/tajkertesz.com\\\/wp-content\\\/uploads\\\/2018\\\/02\\\/logo-2-e1518678052539.png\",\"contentUrl\":\"https:\\\/\\\/tajkertesz.com\\\/wp-content\\\/uploads\\\/2018\\\/02\\\/logo-2-e1518678052539.png\",\"width\":81,\"height\":140,\"caption\":\"T\u00e1j-Kert\u00e9sz 84 Kft.\"},\"image\":{\"@id\":\"https:\\\/\\\/tajkertesz.com\\\/#\\\/schema\\\/logo\\\/image\\\/\"},\"sameAs\":[\"https:\\\/\\\/www.facebook.com\\\/Tajkertesz\\\/\"]}]}<\/script>\n<!-- \/ Yoast SEO plugin. -->","yoast_head_json":{"title":"Albizia julibrissin - Selyemak\u00e1c - T\u00e1jkert\u00e9sz","description":"Az Albizia julibrissin , Selyemak\u00e1c mediterr\u00e1n jelleg\u0171, k\u00fcl\u00f6nleges lomb\u00fa \u00e9s k\u00fcl\u00f6nleges vir\u00e1g\u00fa d\u00edszfa. Komoly d\u00edsz\u00e9rt\u00e9ke, hogy ny\u00e1ron \u00e9s hosszan vir\u00e1gzik!","robots":{"index":"index","follow":"follow","max-snippet":"max-snippet:-1","max-image-preview":"max-image-preview:large","max-video-preview":"max-video-preview:-1"},"canonical":"https:\/\/tajkertesz.com\/en_US\/product\/albizia-julibrissin-selyem-akac\/","og_locale":"en_US","og_type":"article","og_title":"Albizia julibrissin - Selyemak\u00e1c - T\u00e1jkert\u00e9sz","og_description":"Az Albizia julibrissin , Selyemak\u00e1c mediterr\u00e1n jelleg\u0171, k\u00fcl\u00f6nleges lomb\u00fa \u00e9s k\u00fcl\u00f6nleges vir\u00e1g\u00fa d\u00edszfa. Komoly d\u00edsz\u00e9rt\u00e9ke, hogy ny\u00e1ron \u00e9s hosszan vir\u00e1gzik!","og_url":"https:\/\/tajkertesz.com\/en_US\/product\/albizia-julibrissin-selyem-akac\/","og_site_name":"T\u00e1jkert\u00e9sz","article_publisher":"https:\/\/www.facebook.com\/Tajkertesz\/","article_modified_time":"2024-09-24T14:45:36+00:00","og_image":[{"width":1280,"height":960,"url":"https:\/\/tajkertesz.com\/wp-content\/uploads\/2020\/02\/albizia-juli.jpg","type":"image\/jpeg"}],"twitter_card":"summary_large_image","twitter_misc":{"Est. reading time":"3 minutes"},"schema":{"@context":"https:\/\/schema.org","@graph":[{"@type":"WebPage","@id":"https:\/\/tajkertesz.com\/termek\/albizia-julibrissin-selyem-akac\/","url":"https:\/\/tajkertesz.com\/termek\/albizia-julibrissin-selyem-akac\/","name":"Albizia julibrissin - Selyemak\u00e1c - T\u00e1jkert\u00e9sz","isPartOf":{"@id":"https:\/\/tajkertesz.com\/#website"},"primaryImageOfPage":{"@id":"https:\/\/tajkertesz.com\/termek\/albizia-julibrissin-selyem-akac\/#primaryimage"},"image":{"@id":"https:\/\/tajkertesz.com\/termek\/albizia-julibrissin-selyem-akac\/#primaryimage"},"thumbnailUrl":"https:\/\/tajkertesz.com\/wp-content\/uploads\/2020\/02\/albizia-juli.jpg","datePublished":"2020-02-14T14:02:54+00:00","dateModified":"2024-09-24T14:45:36+00:00","description":"Az Albizia julibrissin , Selyemak\u00e1c mediterr\u00e1n jelleg\u0171, k\u00fcl\u00f6nleges lomb\u00fa \u00e9s k\u00fcl\u00f6nleges vir\u00e1g\u00fa d\u00edszfa. Komoly d\u00edsz\u00e9rt\u00e9ke, hogy ny\u00e1ron \u00e9s hosszan vir\u00e1gzik!","breadcrumb":{"@id":"https:\/\/tajkertesz.com\/termek\/albizia-julibrissin-selyem-akac\/#breadcrumb"},"inLanguage":"en-US","potentialAction":[{"@type":"ReadAction","target":["https:\/\/tajkertesz.com\/termek\/albizia-julibrissin-selyem-akac\/"]}]},{"@type":"ImageObject","inLanguage":"en-US","@id":"https:\/\/tajkertesz.com\/termek\/albizia-julibrissin-selyem-akac\/#primaryimage","url":"https:\/\/tajkertesz.com\/wp-content\/uploads\/2020\/02\/albizia-juli.jpg","contentUrl":"https:\/\/tajkertesz.com\/wp-content\/uploads\/2020\/02\/albizia-juli.jpg","width":1280,"height":960,"caption":"Albizia julibrissin - Selyemak\u00e1c"},{"@type":"BreadcrumbList","@id":"https:\/\/tajkertesz.com\/termek\/albizia-julibrissin-selyem-akac\/#breadcrumb","itemListElement":[{"@type":"ListItem","position":1,"name":"Home","item":"https:\/\/tajkertesz.com\/"},{"@type":"ListItem","position":2,"name":"Kezd\u0151lap","item":"https:\/\/tajkertesz.com\/"},{"@type":"ListItem","position":3,"name":"Albizia julibrissin &#8211; Selyemak\u00e1c"}]},{"@type":"WebSite","@id":"https:\/\/tajkertesz.com\/#website","url":"https:\/\/tajkertesz.com\/","name":"T\u00e1j-Kert\u00e9sz 84 Kft.","description":"Kert\u00e9szeti kis- \u00e9s nagykeresked\u00e9s, D\u00edszn\u00f6v\u00e9ny web\u00e1ruh\u00e1z orsz\u00e1gos h\u00e1zhozsz\u00e1ll\u00edt\u00e1ssal!","publisher":{"@id":"https:\/\/tajkertesz.com\/#organization"},"potentialAction":[{"@type":"SearchAction","target":{"@type":"EntryPoint","urlTemplate":"https:\/\/tajkertesz.com\/?s={search_term_string}"},"query-input":{"@type":"PropertyValueSpecification","valueRequired":true,"valueName":"search_term_string"}}],"inLanguage":"en-US"},{"@type":"Organization","@id":"https:\/\/tajkertesz.com\/#organization","name":"T\u00e1j-Kert\u00e9sz 84 Kft.","url":"https:\/\/tajkertesz.com\/","logo":{"@type":"ImageObject","inLanguage":"en-US","@id":"https:\/\/tajkertesz.com\/#\/schema\/logo\/image\/","url":"https:\/\/tajkertesz.com\/wp-content\/uploads\/2018\/02\/logo-2-e1518678052539.png","contentUrl":"https:\/\/tajkertesz.com\/wp-content\/uploads\/2018\/02\/logo-2-e1518678052539.png","width":81,"height":140,"caption":"T\u00e1j-Kert\u00e9sz 84 Kft."},"image":{"@id":"https:\/\/tajkertesz.com\/#\/schema\/logo\/image\/"},"sameAs":["https:\/\/www.facebook.com\/Tajkertesz\/"]}]}},"_links":{"self":[{"href":"https:\/\/tajkertesz.com\/en_US\/wp-json\/wp\/v2\/product\/764","targetHints":{"allow":["GET"]}}],"collection":[{"href":"https:\/\/tajkertesz.com\/en_US\/wp-json\/wp\/v2\/product"}],"about":[{"href":"https:\/\/tajkertesz.com\/en_US\/wp-json\/wp\/v2\/types\/product"}],"wp:featuredmedia":[{"embeddable":true,"href":"https:\/\/tajkertesz.com\/en_US\/wp-json\/wp\/v2\/media\/1099"}],"wp:attachment":[{"href":"https:\/\/tajkertesz.com\/en_US\/wp-json\/wp\/v2\/media?parent=764"}],"wp:term":[{"taxonomy":"product_brand","embeddable":true,"href":"https:\/\/tajkertesz.com\/en_US\/wp-json\/wp\/v2\/product_brand?post=764"},{"taxonomy":"product_cat","embeddable":true,"href":"https:\/\/tajkertesz.com\/en_US\/wp-json\/wp\/v2\/product_cat?post=764"},{"taxonomy":"product_tag","embeddable":true,"href":"https:\/\/tajkertesz.com\/en_US\/wp-json\/wp\/v2\/product_tag?post=764"}],"curies":[{"name":"wp","href":"https:\/\/api.w.org\/{rel}","templated":true}]}}