{"id":7681,"date":"2021-07-15T09:06:17","date_gmt":"2021-07-15T09:06:17","guid":{"rendered":"https:\/\/tajkertesz.com\/?post_type=product&#038;p=7681"},"modified":"2025-02-21T07:53:54","modified_gmt":"2025-02-21T07:53:54","slug":"meroszalag-3m-fa-3m-truper","status":"publish","type":"product","link":"https:\/\/tajkertesz.com\/en_US\/product\/meroszalag-3m-fa-3m-truper\/","title":{"rendered":"M\u00c9R\u0150SZALAG 3M FA-3M TRUPER"},"content":{"rendered":"<h1>M\u00c9R\u0150SZALAG 3M FA-3M TRUPER<\/h1>\n<p>&nbsp;<\/p>\n<p>M\u00c9R\u0150SZALAG 3M FA-3M TRUPER,<\/p>\n<p>&#8211; ABS-b\u0151l k\u00e9sz\u00fclt \u00fct\u00e9s\u00e1ll\u00f3 h\u00e1z TPR burkolattal<\/p>\n<p>&#8211; Mindk\u00e9t oldal\u00e1n nyomtatott \u00e9s dupla r\u00e9teg\u0171 nejlon r\u00e9teggel v\u00e9dett szalag a maxim\u00e1lis tart\u00f3ss\u00e1g \u00e9rdek\u00e9ben<\/p>\n<p>&#8211; Extra sz\u00e9les szalag, amely \u00e9s megk\u00f6nny\u00edti az olvas\u00e1st<\/p>\n<h3 class=\"page-product-heading\">M\u0170SZAKI ADATOK<\/h3>\n<table class=\"table-data-sheet\">\n<tbody>\n<tr class=\"even\">\n<td>hossz<\/td>\n<td>3 m (10 ft)<\/td>\n<\/tr>\n<tr class=\"odd\">\n<td>Szalagsz\u00e9less\u00e9g<\/td>\n<td>5\/8 &#8222;(16 mm)<\/td>\n<\/tr>\n<tr class=\"even\">\n<td>sk\u00e1la<\/td>\n<td>cm-mm \/ ft-in<\/td>\n<\/tr>\n<tr class=\"odd\">\n<td>A szalag sz\u00edne<\/td>\n<td>s\u00e1rga<\/td>\n<\/tr>\n<tr class=\"odd\">\n<td>pontoss\u00e1g<\/td>\n<td>\u00b1 0,9 mm<\/td>\n<\/tr>\n<\/tbody>\n<\/table>\n<p><span style=\"color: #ffffff;\">A c\u00e9g 1939-ben, &#8222;Centraal Iroda&#8221; n\u00e9ven, burgonya termeszt\u00e9s\u00e9hez kapcsol\u00f3d\u00f3 permetez\u0151g\u00e9peket kezdett el forgalmazni, majd 1955-t\u0151l cukorr\u00e9pa betakar\u00edt\u00f3kkal is kib\u0151v\u00edtett\u00e9k a term\u00e9kpalett\u00e1t. 1962-ben megt\u00f6rt\u00e9nt az els\u0151 n\u00e9vv\u00e1ltoztat\u00e1s, a v\u00e1llalat neve &#8222;CEBECO&#8221; lett. 1984-ben megkezd\u0151d\u00f6tt a CEBECO \u00e1ltal kifejlesztett, GN nev\u0171 vontatott permetez\u0151 gy\u00e1rt\u00e1sa \u00e9s \u00e9rt\u00e9kes\u00edt\u00e9se. <\/span><\/p>\n<p><span style=\"color: #ffffff;\">1989-ben bek\u00f6vetkezett a m\u00e1sodik n\u00e9vv\u00e1ltoz\u00e1s, \u00e9s a CEBECO Agrifac-CEBECO lesz. 1993-ban felv\u00e1s\u00e1rolj\u00e1k az AMAC betakar\u00edt\u00e1si technol\u00f3giai c\u00e9get, majd egy \u00e9vvel k\u00e9s\u0151bb \u00fajranevezik, \u00e9s azt Agrifac-nak h\u00edvj\u00e1k. A k\u00f6vetkez\u0151 \u00e9vekben k\u00fcl\u00f6nb\u00f6z\u0151 term\u00e9kfejleszt\u00e9sek, valamint k\u00fcl\u00f6nb\u00f6z\u0151 c\u00e9gek felv\u00e1s\u00e1rl\u00e1sa t\u00f6rt\u00e9nik. 2008-ban Peter Millenaar \u00e9s Ton Verhoeven megv\u00e1s\u00e1rolj\u00e1k a c\u00e9get, az \u00faj c\u00e9gn\u00e9v Agrifac Machinery B.V. lesz, ahol az \u00f6sszes m\u00e1rka az Agrifac m\u00e1rkan\u00e9v alatt egyes\u00fclt. 2012-ben a francia Exel Industries Group \u00e1tvette a c\u00e9get, amely az Agrifac-t a csoport r\u00e9sz\u00e9v\u00e9 tette, de a v\u00e1llalat vezet\u00e9s\u00e9t tov\u00e1bbra is Peter Millenaar-ra b\u00edzt\u00e1k.<\/span><\/p>\n<p><span style=\"color: #ffffff;\">A\u00a0<b>ker\u00e1mia<\/b>\u00a0a g\u00f6r\u00f6g\u00a0<i>kerameia<\/i> (\u201eki\u00e9getett\u201d) sz\u00f3b\u00f3l sz\u00e1rmazik. Egykor csak az AGYAGB\u00d3L, d\u00f6nt\u0151en KAOLINB\u00d3L ridegg\u00e9, kem\u00e9nny\u00e9 ki\u00e9getett t\u00e1rgyakat nevezt\u00e9k ker\u00e1mi\u00e1knak, manaps\u00e1g a legt\u00f6bb olyan szervetlen, nemf\u00e9mes, szil\u00e1rd anyagot, amit nagy h\u0151m\u00e9rs\u00e9kleten \u00e1ll\u00edtanak el\u0151. Ebben az \u00e9rtelemben ker\u00e1mi\u00e1k az olyan oxid-, foszf\u00e1t-, fluorit-, karbid-, de ak\u00e1r szulfidtartalm\u00fa term\u00e9kek is, amelyek tulajdons\u00e1gai \u00e9s alkalmazhat\u00f3s\u00e1ga a hagyom\u00e1nyos, szilik\u00e1t alap\u00fa ker\u00e1mi\u00e1k\u00e9t\u00f3l l\u00e9nyegesen elt\u00e9rhetnek.<\/span><\/p>\n<p><span style=\"color: #ffffff;\">A hagyom\u00e1nyos fazekass\u00e1g legfontosabb alapanyaga az agyag, melyet ki\u00e9getve a cserepet kapjuk eredm\u00e9ny\u00fcl.<\/span><\/p>\n<p><span style=\"color: #ffffff;\">Ez sokkal kem\u00e9nyebb, \u00e9s id\u0151t\u00e1ll\u00f3bb valamint bizonyos v\u00edz\u00e1ll\u00f3s\u00e1ggal is rendelkezik. A v\u00edz\u00e1ll\u00f3s\u00e1got m\u00e1zr\u00e9teggel lehet fokozni, az \u00edgy ki\u00e9getett anyag az \u00fagynevezett m\u00e1zas cser\u00e9p.<\/span><\/p>\n<p><span style=\"color: #ffffff;\">R\u00e9gebben mindennapi haszn\u00e1lati t\u00e1rgyak (kancs\u00f3k, kup\u00e1k) k\u00e9sz\u00fcltek bel\u0151le, ma legink\u00e1bb vir\u00e1gcserepek, \u00e9s kisebb vir\u00e1gl\u00e1d\u00e1k, tet\u0151cserepek, valamint d\u00edszt\u00e1rgyak k\u00e9sz\u00fclnek bel\u0151le.<\/span><\/p>\n<p><a href=\"https:\/\/www.facebook.com\/tajkertesz\/\">https:\/\/www.facebook.com\/tajkertesz\/<\/a><\/p>\n<p><a href=\"https:\/\/tajkertesz.com\/\">https:\/\/tajkertesz.com\/<\/a><\/p>\n<p>&nbsp;<\/p>\n<p>&nbsp;<\/p>\n<p>Szem\u00e9lyes \u00e1tv\u00e9tellel tudjuk garant\u00e1lni a term\u00e9k \u00e9ps\u00e9g\u00e9t, sajnos a fut\u00e1rszolg\u00e1lattal t\u00f6rt\u00e9n\u0151 sz\u00e1ll\u00edt\u00e1s eset\u00e9n keletkezett k\u00e1rok\u00e9rt felel\u0151ss\u00e9get nem tudunk v\u00e1llalni.<\/p>\n<p>Sz\u00e1ll\u00edt\u00e1s fut\u00e1rszolg\u00e1lattal 200 cm-ig, illetve 40 kg-ig lehets\u00e9ges.<\/p>","protected":false},"excerpt":{"rendered":"<h1>M\u00c9R\u0150SZALAG 3M FA-3M TRUPER<\/h1>","protected":false},"featured_media":7682,"template":"","meta":{"_et_pb_use_builder":"","_et_pb_old_content":"","_et_gb_content_width":""},"product_brand":[],"product_cat":[2065],"product_tag":[2235],"class_list":{"0":"post-7681","1":"product","2":"type-product","3":"status-publish","4":"has-post-thumbnail","6":"product_cat-szerszamok-csavarhuzok-blankolok-meroszalagok-stb","7":"product_tag-meroszalag-3m-fa-3m-truper","9":"first","10":"instock","11":"shipping-taxable","12":"purchasable","13":"product-type-simple"},"yoast_head":"<!-- This site is optimized with the Yoast SEO plugin v27.4 - https:\/\/yoast.com\/product\/yoast-seo-wordpress\/ -->\n<title>M\u00c9R\u0150SZALAG 3M FA-3M TRUPER - T\u00e1jkert\u00e9sz<\/title>\n<meta name=\"description\" content=\"M\u00c9R\u0150SZALAG 3M FA-3M TRUPER\" \/>\n<meta name=\"robots\" content=\"index, follow, max-snippet:-1, max-image-preview:large, max-video-preview:-1\" \/>\n<link rel=\"canonical\" href=\"https:\/\/tajkertesz.com\/en_US\/product\/meroszalag-3m-fa-3m-truper\/\" \/>\n<meta property=\"og:locale\" content=\"en_US\" \/>\n<meta property=\"og:type\" content=\"article\" \/>\n<meta property=\"og:title\" content=\"M\u00c9R\u0150SZALAG 3M FA-3M TRUPER - T\u00e1jkert\u00e9sz\" \/>\n<meta property=\"og:description\" content=\"M\u00c9R\u0150SZALAG 3M FA-3M TRUPER\" \/>\n<meta property=\"og:url\" content=\"https:\/\/tajkertesz.com\/en_US\/product\/meroszalag-3m-fa-3m-truper\/\" \/>\n<meta property=\"og:site_name\" content=\"T\u00e1jkert\u00e9sz\" \/>\n<meta property=\"article:publisher\" content=\"https:\/\/www.facebook.com\/Tajkertesz\/\" \/>\n<meta property=\"article:modified_time\" content=\"2025-02-21T07:53:54+00:00\" \/>\n<meta property=\"og:image\" content=\"https:\/\/tajkertesz.com\/wp-content\/uploads\/2021\/07\/T16013.jpg\" \/>\n\t<meta property=\"og:image:width\" content=\"458\" \/>\n\t<meta property=\"og:image:height\" content=\"458\" \/>\n\t<meta property=\"og:image:type\" content=\"image\/jpeg\" \/>\n<meta name=\"twitter:card\" content=\"summary_large_image\" \/>\n<meta name=\"twitter:label1\" content=\"Est. reading time\" \/>\n\t<meta name=\"twitter:data1\" content=\"2 minutes\" \/>\n<script type=\"application\/ld+json\" class=\"yoast-schema-graph\">{\"@context\":\"https:\\\/\\\/schema.org\",\"@graph\":[{\"@type\":\"WebPage\",\"@id\":\"https:\\\/\\\/tajkertesz.com\\\/termek\\\/meroszalag-3m-fa-3m-truper\\\/\",\"url\":\"https:\\\/\\\/tajkertesz.com\\\/termek\\\/meroszalag-3m-fa-3m-truper\\\/\",\"name\":\"M\u00c9R\u0150SZALAG 3M FA-3M TRUPER - T\u00e1jkert\u00e9sz\",\"isPartOf\":{\"@id\":\"https:\\\/\\\/tajkertesz.com\\\/#website\"},\"primaryImageOfPage\":{\"@id\":\"https:\\\/\\\/tajkertesz.com\\\/termek\\\/meroszalag-3m-fa-3m-truper\\\/#primaryimage\"},\"image\":{\"@id\":\"https:\\\/\\\/tajkertesz.com\\\/termek\\\/meroszalag-3m-fa-3m-truper\\\/#primaryimage\"},\"thumbnailUrl\":\"https:\\\/\\\/tajkertesz.com\\\/wp-content\\\/uploads\\\/2021\\\/07\\\/T16013.jpg\",\"datePublished\":\"2021-07-15T09:06:17+00:00\",\"dateModified\":\"2025-02-21T07:53:54+00:00\",\"description\":\"M\u00c9R\u0150SZALAG 3M FA-3M TRUPER\",\"breadcrumb\":{\"@id\":\"https:\\\/\\\/tajkertesz.com\\\/termek\\\/meroszalag-3m-fa-3m-truper\\\/#breadcrumb\"},\"inLanguage\":\"en-US\",\"potentialAction\":[{\"@type\":\"ReadAction\",\"target\":[\"https:\\\/\\\/tajkertesz.com\\\/termek\\\/meroszalag-3m-fa-3m-truper\\\/\"]}]},{\"@type\":\"ImageObject\",\"inLanguage\":\"en-US\",\"@id\":\"https:\\\/\\\/tajkertesz.com\\\/termek\\\/meroszalag-3m-fa-3m-truper\\\/#primaryimage\",\"url\":\"https:\\\/\\\/tajkertesz.com\\\/wp-content\\\/uploads\\\/2021\\\/07\\\/T16013.jpg\",\"contentUrl\":\"https:\\\/\\\/tajkertesz.com\\\/wp-content\\\/uploads\\\/2021\\\/07\\\/T16013.jpg\",\"width\":458,\"height\":458},{\"@type\":\"BreadcrumbList\",\"@id\":\"https:\\\/\\\/tajkertesz.com\\\/termek\\\/meroszalag-3m-fa-3m-truper\\\/#breadcrumb\",\"itemListElement\":[{\"@type\":\"ListItem\",\"position\":1,\"name\":\"Home\",\"item\":\"https:\\\/\\\/tajkertesz.com\\\/\"},{\"@type\":\"ListItem\",\"position\":2,\"name\":\"Kezd\u0151lap\",\"item\":\"https:\\\/\\\/tajkertesz.com\\\/\"},{\"@type\":\"ListItem\",\"position\":3,\"name\":\"M\u00c9R\u0150SZALAG 3M FA-3M TRUPER\"}]},{\"@type\":\"WebSite\",\"@id\":\"https:\\\/\\\/tajkertesz.com\\\/#website\",\"url\":\"https:\\\/\\\/tajkertesz.com\\\/\",\"name\":\"T\u00e1j-Kert\u00e9sz 84 Kft.\",\"description\":\"Kert\u00e9szeti kis- \u00e9s nagykeresked\u00e9s, D\u00edszn\u00f6v\u00e9ny web\u00e1ruh\u00e1z orsz\u00e1gos h\u00e1zhozsz\u00e1ll\u00edt\u00e1ssal!\",\"publisher\":{\"@id\":\"https:\\\/\\\/tajkertesz.com\\\/#organization\"},\"potentialAction\":[{\"@type\":\"SearchAction\",\"target\":{\"@type\":\"EntryPoint\",\"urlTemplate\":\"https:\\\/\\\/tajkertesz.com\\\/?s={search_term_string}\"},\"query-input\":{\"@type\":\"PropertyValueSpecification\",\"valueRequired\":true,\"valueName\":\"search_term_string\"}}],\"inLanguage\":\"en-US\"},{\"@type\":\"Organization\",\"@id\":\"https:\\\/\\\/tajkertesz.com\\\/#organization\",\"name\":\"T\u00e1j-Kert\u00e9sz 84 Kft.\",\"url\":\"https:\\\/\\\/tajkertesz.com\\\/\",\"logo\":{\"@type\":\"ImageObject\",\"inLanguage\":\"en-US\",\"@id\":\"https:\\\/\\\/tajkertesz.com\\\/#\\\/schema\\\/logo\\\/image\\\/\",\"url\":\"https:\\\/\\\/tajkertesz.com\\\/wp-content\\\/uploads\\\/2018\\\/02\\\/logo-2-e1518678052539.png\",\"contentUrl\":\"https:\\\/\\\/tajkertesz.com\\\/wp-content\\\/uploads\\\/2018\\\/02\\\/logo-2-e1518678052539.png\",\"width\":81,\"height\":140,\"caption\":\"T\u00e1j-Kert\u00e9sz 84 Kft.\"},\"image\":{\"@id\":\"https:\\\/\\\/tajkertesz.com\\\/#\\\/schema\\\/logo\\\/image\\\/\"},\"sameAs\":[\"https:\\\/\\\/www.facebook.com\\\/Tajkertesz\\\/\"]}]}<\/script>\n<!-- \/ Yoast SEO plugin. -->","yoast_head_json":{"title":"M\u00c9R\u0150SZALAG 3M FA-3M TRUPER - T\u00e1jkert\u00e9sz","description":"M\u00c9R\u0150SZALAG 3M FA-3M TRUPER","robots":{"index":"index","follow":"follow","max-snippet":"max-snippet:-1","max-image-preview":"max-image-preview:large","max-video-preview":"max-video-preview:-1"},"canonical":"https:\/\/tajkertesz.com\/en_US\/product\/meroszalag-3m-fa-3m-truper\/","og_locale":"en_US","og_type":"article","og_title":"M\u00c9R\u0150SZALAG 3M FA-3M TRUPER - T\u00e1jkert\u00e9sz","og_description":"M\u00c9R\u0150SZALAG 3M FA-3M TRUPER","og_url":"https:\/\/tajkertesz.com\/en_US\/product\/meroszalag-3m-fa-3m-truper\/","og_site_name":"T\u00e1jkert\u00e9sz","article_publisher":"https:\/\/www.facebook.com\/Tajkertesz\/","article_modified_time":"2025-02-21T07:53:54+00:00","og_image":[{"width":458,"height":458,"url":"https:\/\/tajkertesz.com\/wp-content\/uploads\/2021\/07\/T16013.jpg","type":"image\/jpeg"}],"twitter_card":"summary_large_image","twitter_misc":{"Est. reading time":"2 minutes"},"schema":{"@context":"https:\/\/schema.org","@graph":[{"@type":"WebPage","@id":"https:\/\/tajkertesz.com\/termek\/meroszalag-3m-fa-3m-truper\/","url":"https:\/\/tajkertesz.com\/termek\/meroszalag-3m-fa-3m-truper\/","name":"M\u00c9R\u0150SZALAG 3M FA-3M TRUPER - T\u00e1jkert\u00e9sz","isPartOf":{"@id":"https:\/\/tajkertesz.com\/#website"},"primaryImageOfPage":{"@id":"https:\/\/tajkertesz.com\/termek\/meroszalag-3m-fa-3m-truper\/#primaryimage"},"image":{"@id":"https:\/\/tajkertesz.com\/termek\/meroszalag-3m-fa-3m-truper\/#primaryimage"},"thumbnailUrl":"https:\/\/tajkertesz.com\/wp-content\/uploads\/2021\/07\/T16013.jpg","datePublished":"2021-07-15T09:06:17+00:00","dateModified":"2025-02-21T07:53:54+00:00","description":"M\u00c9R\u0150SZALAG 3M FA-3M TRUPER","breadcrumb":{"@id":"https:\/\/tajkertesz.com\/termek\/meroszalag-3m-fa-3m-truper\/#breadcrumb"},"inLanguage":"en-US","potentialAction":[{"@type":"ReadAction","target":["https:\/\/tajkertesz.com\/termek\/meroszalag-3m-fa-3m-truper\/"]}]},{"@type":"ImageObject","inLanguage":"en-US","@id":"https:\/\/tajkertesz.com\/termek\/meroszalag-3m-fa-3m-truper\/#primaryimage","url":"https:\/\/tajkertesz.com\/wp-content\/uploads\/2021\/07\/T16013.jpg","contentUrl":"https:\/\/tajkertesz.com\/wp-content\/uploads\/2021\/07\/T16013.jpg","width":458,"height":458},{"@type":"BreadcrumbList","@id":"https:\/\/tajkertesz.com\/termek\/meroszalag-3m-fa-3m-truper\/#breadcrumb","itemListElement":[{"@type":"ListItem","position":1,"name":"Home","item":"https:\/\/tajkertesz.com\/"},{"@type":"ListItem","position":2,"name":"Kezd\u0151lap","item":"https:\/\/tajkertesz.com\/"},{"@type":"ListItem","position":3,"name":"M\u00c9R\u0150SZALAG 3M FA-3M TRUPER"}]},{"@type":"WebSite","@id":"https:\/\/tajkertesz.com\/#website","url":"https:\/\/tajkertesz.com\/","name":"T\u00e1j-Kert\u00e9sz 84 Kft.","description":"Kert\u00e9szeti kis- \u00e9s nagykeresked\u00e9s, D\u00edszn\u00f6v\u00e9ny web\u00e1ruh\u00e1z orsz\u00e1gos h\u00e1zhozsz\u00e1ll\u00edt\u00e1ssal!","publisher":{"@id":"https:\/\/tajkertesz.com\/#organization"},"potentialAction":[{"@type":"SearchAction","target":{"@type":"EntryPoint","urlTemplate":"https:\/\/tajkertesz.com\/?s={search_term_string}"},"query-input":{"@type":"PropertyValueSpecification","valueRequired":true,"valueName":"search_term_string"}}],"inLanguage":"en-US"},{"@type":"Organization","@id":"https:\/\/tajkertesz.com\/#organization","name":"T\u00e1j-Kert\u00e9sz 84 Kft.","url":"https:\/\/tajkertesz.com\/","logo":{"@type":"ImageObject","inLanguage":"en-US","@id":"https:\/\/tajkertesz.com\/#\/schema\/logo\/image\/","url":"https:\/\/tajkertesz.com\/wp-content\/uploads\/2018\/02\/logo-2-e1518678052539.png","contentUrl":"https:\/\/tajkertesz.com\/wp-content\/uploads\/2018\/02\/logo-2-e1518678052539.png","width":81,"height":140,"caption":"T\u00e1j-Kert\u00e9sz 84 Kft."},"image":{"@id":"https:\/\/tajkertesz.com\/#\/schema\/logo\/image\/"},"sameAs":["https:\/\/www.facebook.com\/Tajkertesz\/"]}]}},"_links":{"self":[{"href":"https:\/\/tajkertesz.com\/en_US\/wp-json\/wp\/v2\/product\/7681","targetHints":{"allow":["GET"]}}],"collection":[{"href":"https:\/\/tajkertesz.com\/en_US\/wp-json\/wp\/v2\/product"}],"about":[{"href":"https:\/\/tajkertesz.com\/en_US\/wp-json\/wp\/v2\/types\/product"}],"wp:featuredmedia":[{"embeddable":true,"href":"https:\/\/tajkertesz.com\/en_US\/wp-json\/wp\/v2\/media\/7682"}],"wp:attachment":[{"href":"https:\/\/tajkertesz.com\/en_US\/wp-json\/wp\/v2\/media?parent=7681"}],"wp:term":[{"taxonomy":"product_brand","embeddable":true,"href":"https:\/\/tajkertesz.com\/en_US\/wp-json\/wp\/v2\/product_brand?post=7681"},{"taxonomy":"product_cat","embeddable":true,"href":"https:\/\/tajkertesz.com\/en_US\/wp-json\/wp\/v2\/product_cat?post=7681"},{"taxonomy":"product_tag","embeddable":true,"href":"https:\/\/tajkertesz.com\/en_US\/wp-json\/wp\/v2\/product_tag?post=7681"}],"curies":[{"name":"wp","href":"https:\/\/api.w.org\/{rel}","templated":true}]}}