{"id":770,"date":"2020-02-14T14:23:07","date_gmt":"2020-02-14T14:23:07","guid":{"rendered":"https:\/\/tajkertesz.com\/?post_type=product&#038;p=770"},"modified":"2024-09-30T12:18:05","modified_gmt":"2024-09-30T12:18:05","slug":"betula-pendula-kozonseges-nyirfa","status":"publish","type":"product","link":"https:\/\/tajkertesz.com\/en_US\/product\/betula-pendula-kozonseges-nyirfa\/","title":{"rendered":"Betula pendula \/ K\u00f6z\u00f6ns\u00e9ges ny\u00edrfa"},"content":{"rendered":"<p><b>Betula pendula ,K\u00f6z\u00f6ns\u00e9ges ny\u00edrfa<\/b><\/p>\n<p><b>A Betula pendula, K\u00f6z\u00f6ns\u00e9ges ny\u00edrfa \u00e9rdekess\u00e9ge a h\u00f3feh\u00e9r t\u00f6rzse.<\/b><\/p>\n<p>&nbsp;<\/p>\n<p><b>N\u00f6veked\u00e9s, alak:<\/b>18-25 (30) m-es nagy fa, laza, szab\u00e1lytalan koron\u00e1val, m\u00e1sod-harmadrend\u0171 \u00e1gai, hajt\u00e1sai gyakran hosszan cs\u00fcng\u0151k. T\u00f6rzse feh\u00e9r, gyeng\u00e9n h\u00e1ml\u00f3.<\/p>\n<p><b>Lev\u00e9l: <\/b>Tagolatlan, friss z\u00f6ld, ov\u00e1lis, 4-6 cm-es. \u0150sszel s\u00e1rga-barn\u00e1ss\u00e1rga.<br \/>\n<b>Vir\u00e1g:<\/b> F\u00fcz\u00e9rvir\u00e1gzat, s\u00e1rg\u00e1sz\u00f6ld, \u00e1prilisban ny\u00edlik.<br \/>\n<b>Term\u0151hely<\/b>: T\u00e1panyagban szeg\u00e9ny, enyh\u00e9n savany\u00fa, enyh\u00e9n nedves, talajt kedveli. A k\u00f6t\u00f6tt, t\u00f6m\u00f6r\u00f6d\u00f6tt talajt, az ingadoz\u00f3 talajv\u00edzszintet nem kedveli. F\u00e9nyig\u00e9nyes. Sz\u00e1raz talajt, sov\u00e1ny homokot is elvisel.<br \/>\n<b>Felhaszn\u00e1l\u00e1s:<\/b> Szoliternek vagy parkf\u00e1nak alkalmas.<\/p>\n<p>&nbsp;<\/p>\n<h1>M\u00e9ret\u00e9n\u00e9l fogva postai \u00faton nem sz\u00e1ll\u00edthat\u00f3!<\/h1>\n<p>Jelen term\u00e9k\u00fcnk 9,5 literes kont\u00e9nerben kaphat\u00f3 \u00e9s kb 250-300 cm magas.<\/p>\n<p><strong>K\u00e9szlet\u00fcnk napi szinten v\u00e1ltozik, ez\u00e9rt k\u00e9rj\u00fck, \u00e9rdekl\u0151dj\u00f6n szem\u00e9lyesen, telefonon vagy email-en.<br \/>\nA v\u00e1ltoztat\u00e1s jog\u00e1t fenntartjuk!\u00a0<\/strong><\/p>\n<p>&nbsp;<\/p>\n<p><a href=\"https:\/\/tajkertesz.com\/\">https:\/\/tajkertesz.com\/<\/a><\/p>\n<p><a href=\"https:\/\/www.facebook.com\/tajkertesz\/\">https:\/\/www.facebook.com\/tajkertesz\/<\/a><\/p>\n<p>Kisz\u00e1ll\u00edt\u00e1s: 200cm-ig \u00a0\u00e9s 40 kg-ig a sz\u00e1ll\u00edt\u00e1s fut\u00e1rszolg\u00e1lattal \u00a0t\u00f6rt\u00e9nik.<\/p>\n<p>Szem\u00e9lyes \u00e1tv\u00e9tel nyitvatart\u00e1si id\u0151ben a 17. ker\u00fclet Bakancsos utca 7. sz\u00e1m alatti Kert\u00e9szeti \u00e1rud\u00e1ban.<\/p>\n<h2 style=\"text-align: center;\"><u>Fa \u00fcltet\u00e9si seg\u00e9dlet!<\/u><\/h2>\n<p><u>Amire sz\u00fcks\u00e9g\u00fcnk lesz a fa el\u00fclt\u00e9s\u00e9hez:<\/u><\/p>\n<p>A \u00a0szavakra kattintva megtekintheti a term\u00e9keket is!<\/p>\n<p><u>&#8211;\u00a0 \u00a0<a href=\"https:\/\/tajkertesz.com\/?s=%C3%81s%C3%B3&amp;post_type=product&amp;dgwt_wcas=1\">\u00c1s\u00f3&#8211;<\/a> <\/u><\/p>\n<p><u>-Dr\u00e9ncs\u0151,\u00a0<a href=\"http:\/\/Gy\u00f6k\u00e9ritat\u00f3\">http:\/\/Gy\u00f6k\u00e9ritat\u00f3<\/a><\/u><\/p>\n<p><u>&#8211;<a href=\"https:\/\/tajkertesz.com\/?s=marhatr%C3%A1gya&amp;post_type=product&amp;dgwt_wcas=1\">Szarvasmarhatr\u00e1gya <\/a><\/u><\/p>\n<p><u>-Kar\u00f3 vagy\u00a0<a href=\"https:\/\/tajkertesz.com\/?s=c%C3%B6l%C3%B6p&amp;post_type=product&amp;dgwt_wcas=1\">http:\/\/C\u00f6l\u00f6p-<\/a><\/u><\/p>\n<p><u>-Far\u00f6gzit\u0151szalag\u00a0<a href=\"https:\/\/tajkertesz.com\/?s=fat%C3%B6rzs+k%C3%B6t%C3%B6&amp;post_type=product&amp;dgwt_wcas=1\">Fat\u00f6rzs k\u00f6t\u00f6z\u0151 szalag<\/a><\/u><\/p>\n<p>&nbsp;<\/p>\n<p>A kiv\u00e1lasztott d\u00edszfa\u00a0 megv\u00e1s\u00e1rl\u00e1sa ut\u00e1n e az \u00fcltet\u0151 g\u00f6d\u00f6r elk\u00e9sz\u00edt\u00e9s\u00e9vel kezd\u00fcnk.\u00a0M\u00e9rete a megv\u00e1s\u00e1rolt fa m\u00e9ret\u00e9t\u0151l f\u00fcgg, de minkk\u00e9ppen nagyobb g\u00f6dr\u00f6t kell \u00e1snunk, mint a n\u00f6v\u00e9ny f\u00f6ldlabd\u00e1ja.<\/p>\n<p>T\u00e1panyag ut\u00e1np\u00f3tl\u00e1sr\u00f3l m\u00e1r \u00fcltet\u00e9skor se feledkezhet\u00fcnk meg. Az \u00fcltet\u0151 g\u00f6d\u00f6r alj\u00e1ba helyezett szarvasmarhatr\u00e1gy\u00e1val gondoskodhatunk err\u0151l az els\u0151 id\u0151szakban.<\/p>\n<p>Javasoljuk m\u00e9g a gy\u00f6k\u00e9ritat\u00f3, vagy dr\u00e9ncs\u0151 haszn\u00e1lat\u00e1t.<\/p>\n<p>A dr\u00e9ncs\u0151 kihelyez\u00e9se vagy a gy\u00f6k\u00e9ritat\u00f3 haszn\u00e1lata a talaj v\u00edzmegtart\u00f3 k\u00e9pess\u00e9get n\u00f6veli.<\/p>\n<p>Fontos a megfelel\u0151 t\u00e1m rendszer biztos\u00edt\u00e1sa. Ez ide\u00e1lis esetben 3 darab, a f\u00e1t\u00f3l nem sokkal alacsonyabb kar\u00f3ra, c\u00f6l\u00f6pre lesz sz\u00fcks\u00e9g\u00fcnk melyhez kik\u00f6tj\u00fck a f\u00e1t, hogy ellen\u00e1lljon a sz\u00e9lnyom\u00e1snak, illetve hogy egyenesen n\u00f6vekedjen.<\/p>\n<p>Mivel kell t\u00e1pl\u00e1lni a f\u00e1kat?<\/p>\n<p>Els\u0151sorban mindig gondoskodjunk arr\u00f3l, hogy legyen megfelel\u0151 \u00f6nt\u00f6z\u00e9s, v\u00edzp\u00f3tl\u00e1s. A fa \u00fcltet\u00e9s ut\u00e1n jobban megered, ha locsolj\u00e1k. Az els\u0151 3-4 \u00e9v\u00e9ben is ig\u00e9nyli a folyamatos \u00f6nt\u00f6z\u00e9st.<\/p>\n<p>Amennyiben ezeket a l\u00e9p\u00e9seket elv\u00e9gezt\u00fck \u00fagy kert\u00fcnk leend\u0151 \u00e9ke lesz a fa melyet nagy gonddal kiv\u00e1lasztottunk.<\/p>","protected":false},"excerpt":{"rendered":"<p>Betula pendula, K\u00f6z\u00f6ns\u00e9ges ny\u00edrfa<\/p>\n<p>Jelen term\u00e9k\u00fcnk kont\u00e9neres \u00e9s kb.200\/240 cm magas.<\/p>","protected":false},"featured_media":775,"template":"","meta":{"_et_pb_use_builder":"","_et_pb_old_content":"","_et_gb_content_width":""},"product_brand":[],"product_cat":[28],"product_tag":[4051,33,4052,56],"class_list":{"0":"post-770","1":"product","2":"type-product","3":"status-publish","4":"has-post-thumbnail","6":"product_cat-diszfak","7":"product_tag-betula-pendula","8":"product_tag-diszfa","9":"product_tag-kozonseges-nyirfa","10":"product_tag-nyirfa","12":"first","13":"instock","14":"shipping-taxable","15":"purchasable","16":"product-type-simple"},"yoast_head":"<!-- This site is optimized with the Yoast SEO plugin v27.3 - https:\/\/yoast.com\/product\/yoast-seo-wordpress\/ -->\n<title>Betula pendula \/ K\u00f6z\u00f6ns\u00e9ges ny\u00edrfa - T\u00e1jkert\u00e9sz<\/title>\n<meta name=\"description\" content=\"A Betula pendula, K\u00f6z\u00f6ns\u00e9ges ny\u00edrfa \u00e9rdekess\u00e9ge a h\u00f3feh\u00e9r t\u00f6rzse.Szoliternek vagy parkf\u00e1nak alkalmas.F\u00fcz\u00e9rvir\u00e1gzata, s\u00e1rg\u00e1sz\u00f6ld, \u00e1prilisban ny\u00edlik.\" \/>\n<meta name=\"robots\" content=\"index, follow, max-snippet:-1, max-image-preview:large, max-video-preview:-1\" \/>\n<link rel=\"canonical\" href=\"https:\/\/tajkertesz.com\/en_US\/product\/betula-pendula-kozonseges-nyirfa\/\" \/>\n<meta property=\"og:locale\" content=\"en_US\" \/>\n<meta property=\"og:type\" content=\"article\" \/>\n<meta property=\"og:title\" content=\"https:\/\/www.facebook.com\/tajkertesz\/\" \/>\n<meta property=\"og:description\" content=\"A Betula pendula, K\u00f6z\u00f6ns\u00e9ges ny\u00edrfa \u00e9rdekess\u00e9ge a h\u00f3feh\u00e9r t\u00f6rzse.N\u00f6veked\u00e9s, alak:18-25 (30) m-es nagy fa, laza, szab\u00e1lytalan koron\u00e1val, m\u00e1sod-harmadrend\u0171 \u00e1gai, hajt\u00e1sai gyakran hosszan cs\u00fcng\u0151k. T\u00f6rzse feh\u00e9r, gyeng\u00e9n h\u00e1ml\u00f3.Lev\u00e9l: Tagolatlan, friss z\u00f6ld, ov\u00e1lis, 4-6 cm-es. \u0150sszel s\u00e1rga-barn\u00e1ss\u00e1rga.Vir\u00e1g: F\u00fcz\u00e9rvir\u00e1gzat, s\u00e1rg\u00e1sz\u00f6ld, \u00e1prilisban ny\u00edlik.\" \/>\n<meta property=\"og:url\" content=\"https:\/\/tajkertesz.com\/en_US\/product\/betula-pendula-kozonseges-nyirfa\/\" \/>\n<meta property=\"og:site_name\" content=\"T\u00e1jkert\u00e9sz\" \/>\n<meta property=\"article:publisher\" content=\"https:\/\/www.facebook.com\/Tajkertesz\/\" \/>\n<meta property=\"article:modified_time\" content=\"2024-09-30T12:18:05+00:00\" \/>\n<meta property=\"og:image\" content=\"https:\/\/tajkertesz.com\/wp-content\/uploads\/2022\/12\/betula-fast.jpg\" \/>\n\t<meta property=\"og:image:width\" content=\"450\" \/>\n\t<meta property=\"og:image:height\" content=\"600\" \/>\n\t<meta property=\"og:image:type\" content=\"image\/jpeg\" \/>\n<meta name=\"twitter:card\" content=\"summary_large_image\" \/>\n<meta name=\"twitter:label1\" content=\"Est. reading time\" \/>\n\t<meta name=\"twitter:data1\" content=\"2 minutes\" \/>\n<script type=\"application\/ld+json\" class=\"yoast-schema-graph\">{\"@context\":\"https:\\\/\\\/schema.org\",\"@graph\":[{\"@type\":\"WebPage\",\"@id\":\"https:\\\/\\\/tajkertesz.com\\\/termek\\\/betula-pendula-kozonseges-nyirfa\\\/\",\"url\":\"https:\\\/\\\/tajkertesz.com\\\/termek\\\/betula-pendula-kozonseges-nyirfa\\\/\",\"name\":\"Betula pendula \\\/ K\u00f6z\u00f6ns\u00e9ges ny\u00edrfa - T\u00e1jkert\u00e9sz\",\"isPartOf\":{\"@id\":\"https:\\\/\\\/tajkertesz.com\\\/#website\"},\"primaryImageOfPage\":{\"@id\":\"https:\\\/\\\/tajkertesz.com\\\/termek\\\/betula-pendula-kozonseges-nyirfa\\\/#primaryimage\"},\"image\":{\"@id\":\"https:\\\/\\\/tajkertesz.com\\\/termek\\\/betula-pendula-kozonseges-nyirfa\\\/#primaryimage\"},\"thumbnailUrl\":\"https:\\\/\\\/tajkertesz.com\\\/wp-content\\\/uploads\\\/2020\\\/02\\\/k\u00f6z\u00f6ns\u00e9ges-ny\u00edrfa.jpg\",\"datePublished\":\"2020-02-14T14:23:07+00:00\",\"dateModified\":\"2024-09-30T12:18:05+00:00\",\"description\":\"A Betula pendula, K\u00f6z\u00f6ns\u00e9ges ny\u00edrfa \u00e9rdekess\u00e9ge a h\u00f3feh\u00e9r t\u00f6rzse.Szoliternek vagy parkf\u00e1nak alkalmas.F\u00fcz\u00e9rvir\u00e1gzata, s\u00e1rg\u00e1sz\u00f6ld, \u00e1prilisban ny\u00edlik.\",\"breadcrumb\":{\"@id\":\"https:\\\/\\\/tajkertesz.com\\\/termek\\\/betula-pendula-kozonseges-nyirfa\\\/#breadcrumb\"},\"inLanguage\":\"en-US\",\"potentialAction\":[{\"@type\":\"ReadAction\",\"target\":[\"https:\\\/\\\/tajkertesz.com\\\/termek\\\/betula-pendula-kozonseges-nyirfa\\\/\"]}]},{\"@type\":\"ImageObject\",\"inLanguage\":\"en-US\",\"@id\":\"https:\\\/\\\/tajkertesz.com\\\/termek\\\/betula-pendula-kozonseges-nyirfa\\\/#primaryimage\",\"url\":\"https:\\\/\\\/tajkertesz.com\\\/wp-content\\\/uploads\\\/2020\\\/02\\\/k\u00f6z\u00f6ns\u00e9ges-ny\u00edrfa.jpg\",\"contentUrl\":\"https:\\\/\\\/tajkertesz.com\\\/wp-content\\\/uploads\\\/2020\\\/02\\\/k\u00f6z\u00f6ns\u00e9ges-ny\u00edrfa.jpg\",\"width\":1000,\"height\":1000,\"caption\":\"Betula pendula - K\u00f6z\u00f6ns\u00e9ges ny\u00edrfa\"},{\"@type\":\"BreadcrumbList\",\"@id\":\"https:\\\/\\\/tajkertesz.com\\\/termek\\\/betula-pendula-kozonseges-nyirfa\\\/#breadcrumb\",\"itemListElement\":[{\"@type\":\"ListItem\",\"position\":1,\"name\":\"Home\",\"item\":\"https:\\\/\\\/tajkertesz.com\\\/\"},{\"@type\":\"ListItem\",\"position\":2,\"name\":\"Kezd\u0151lap\",\"item\":\"https:\\\/\\\/tajkertesz.com\\\/\"},{\"@type\":\"ListItem\",\"position\":3,\"name\":\"Betula pendula \\\/ K\u00f6z\u00f6ns\u00e9ges ny\u00edrfa\"}]},{\"@type\":\"WebSite\",\"@id\":\"https:\\\/\\\/tajkertesz.com\\\/#website\",\"url\":\"https:\\\/\\\/tajkertesz.com\\\/\",\"name\":\"T\u00e1j-Kert\u00e9sz 84 Kft.\",\"description\":\"Kert\u00e9szeti kis- \u00e9s nagykeresked\u00e9s, D\u00edszn\u00f6v\u00e9ny web\u00e1ruh\u00e1z orsz\u00e1gos h\u00e1zhozsz\u00e1ll\u00edt\u00e1ssal!\",\"publisher\":{\"@id\":\"https:\\\/\\\/tajkertesz.com\\\/#organization\"},\"potentialAction\":[{\"@type\":\"SearchAction\",\"target\":{\"@type\":\"EntryPoint\",\"urlTemplate\":\"https:\\\/\\\/tajkertesz.com\\\/?s={search_term_string}\"},\"query-input\":{\"@type\":\"PropertyValueSpecification\",\"valueRequired\":true,\"valueName\":\"search_term_string\"}}],\"inLanguage\":\"en-US\"},{\"@type\":\"Organization\",\"@id\":\"https:\\\/\\\/tajkertesz.com\\\/#organization\",\"name\":\"T\u00e1j-Kert\u00e9sz 84 Kft.\",\"url\":\"https:\\\/\\\/tajkertesz.com\\\/\",\"logo\":{\"@type\":\"ImageObject\",\"inLanguage\":\"en-US\",\"@id\":\"https:\\\/\\\/tajkertesz.com\\\/#\\\/schema\\\/logo\\\/image\\\/\",\"url\":\"https:\\\/\\\/tajkertesz.com\\\/wp-content\\\/uploads\\\/2018\\\/02\\\/logo-2-e1518678052539.png\",\"contentUrl\":\"https:\\\/\\\/tajkertesz.com\\\/wp-content\\\/uploads\\\/2018\\\/02\\\/logo-2-e1518678052539.png\",\"width\":81,\"height\":140,\"caption\":\"T\u00e1j-Kert\u00e9sz 84 Kft.\"},\"image\":{\"@id\":\"https:\\\/\\\/tajkertesz.com\\\/#\\\/schema\\\/logo\\\/image\\\/\"},\"sameAs\":[\"https:\\\/\\\/www.facebook.com\\\/Tajkertesz\\\/\"]}]}<\/script>\n<!-- \/ Yoast SEO plugin. -->","yoast_head_json":{"title":"Betula pendula \/ K\u00f6z\u00f6ns\u00e9ges ny\u00edrfa - T\u00e1jkert\u00e9sz","description":"A Betula pendula, K\u00f6z\u00f6ns\u00e9ges ny\u00edrfa \u00e9rdekess\u00e9ge a h\u00f3feh\u00e9r t\u00f6rzse.Szoliternek vagy parkf\u00e1nak alkalmas.F\u00fcz\u00e9rvir\u00e1gzata, s\u00e1rg\u00e1sz\u00f6ld, \u00e1prilisban ny\u00edlik.","robots":{"index":"index","follow":"follow","max-snippet":"max-snippet:-1","max-image-preview":"max-image-preview:large","max-video-preview":"max-video-preview:-1"},"canonical":"https:\/\/tajkertesz.com\/en_US\/product\/betula-pendula-kozonseges-nyirfa\/","og_locale":"en_US","og_type":"article","og_title":"https:\/\/www.facebook.com\/tajkertesz\/","og_description":"A Betula pendula, K\u00f6z\u00f6ns\u00e9ges ny\u00edrfa \u00e9rdekess\u00e9ge a h\u00f3feh\u00e9r t\u00f6rzse.N\u00f6veked\u00e9s, alak:18-25 (30) m-es nagy fa, laza, szab\u00e1lytalan koron\u00e1val, m\u00e1sod-harmadrend\u0171 \u00e1gai, hajt\u00e1sai gyakran hosszan cs\u00fcng\u0151k. T\u00f6rzse feh\u00e9r, gyeng\u00e9n h\u00e1ml\u00f3.Lev\u00e9l: Tagolatlan, friss z\u00f6ld, ov\u00e1lis, 4-6 cm-es. \u0150sszel s\u00e1rga-barn\u00e1ss\u00e1rga.Vir\u00e1g: F\u00fcz\u00e9rvir\u00e1gzat, s\u00e1rg\u00e1sz\u00f6ld, \u00e1prilisban ny\u00edlik.","og_url":"https:\/\/tajkertesz.com\/en_US\/product\/betula-pendula-kozonseges-nyirfa\/","og_site_name":"T\u00e1jkert\u00e9sz","article_publisher":"https:\/\/www.facebook.com\/Tajkertesz\/","article_modified_time":"2024-09-30T12:18:05+00:00","og_image":[{"width":450,"height":600,"url":"https:\/\/tajkertesz.com\/wp-content\/uploads\/2022\/12\/betula-fast.jpg","type":"image\/jpeg"}],"twitter_card":"summary_large_image","twitter_misc":{"Est. reading time":"2 minutes"},"schema":{"@context":"https:\/\/schema.org","@graph":[{"@type":"WebPage","@id":"https:\/\/tajkertesz.com\/termek\/betula-pendula-kozonseges-nyirfa\/","url":"https:\/\/tajkertesz.com\/termek\/betula-pendula-kozonseges-nyirfa\/","name":"Betula pendula \/ K\u00f6z\u00f6ns\u00e9ges ny\u00edrfa - T\u00e1jkert\u00e9sz","isPartOf":{"@id":"https:\/\/tajkertesz.com\/#website"},"primaryImageOfPage":{"@id":"https:\/\/tajkertesz.com\/termek\/betula-pendula-kozonseges-nyirfa\/#primaryimage"},"image":{"@id":"https:\/\/tajkertesz.com\/termek\/betula-pendula-kozonseges-nyirfa\/#primaryimage"},"thumbnailUrl":"https:\/\/tajkertesz.com\/wp-content\/uploads\/2020\/02\/k\u00f6z\u00f6ns\u00e9ges-ny\u00edrfa.jpg","datePublished":"2020-02-14T14:23:07+00:00","dateModified":"2024-09-30T12:18:05+00:00","description":"A Betula pendula, K\u00f6z\u00f6ns\u00e9ges ny\u00edrfa \u00e9rdekess\u00e9ge a h\u00f3feh\u00e9r t\u00f6rzse.Szoliternek vagy parkf\u00e1nak alkalmas.F\u00fcz\u00e9rvir\u00e1gzata, s\u00e1rg\u00e1sz\u00f6ld, \u00e1prilisban ny\u00edlik.","breadcrumb":{"@id":"https:\/\/tajkertesz.com\/termek\/betula-pendula-kozonseges-nyirfa\/#breadcrumb"},"inLanguage":"en-US","potentialAction":[{"@type":"ReadAction","target":["https:\/\/tajkertesz.com\/termek\/betula-pendula-kozonseges-nyirfa\/"]}]},{"@type":"ImageObject","inLanguage":"en-US","@id":"https:\/\/tajkertesz.com\/termek\/betula-pendula-kozonseges-nyirfa\/#primaryimage","url":"https:\/\/tajkertesz.com\/wp-content\/uploads\/2020\/02\/k\u00f6z\u00f6ns\u00e9ges-ny\u00edrfa.jpg","contentUrl":"https:\/\/tajkertesz.com\/wp-content\/uploads\/2020\/02\/k\u00f6z\u00f6ns\u00e9ges-ny\u00edrfa.jpg","width":1000,"height":1000,"caption":"Betula pendula - K\u00f6z\u00f6ns\u00e9ges ny\u00edrfa"},{"@type":"BreadcrumbList","@id":"https:\/\/tajkertesz.com\/termek\/betula-pendula-kozonseges-nyirfa\/#breadcrumb","itemListElement":[{"@type":"ListItem","position":1,"name":"Home","item":"https:\/\/tajkertesz.com\/"},{"@type":"ListItem","position":2,"name":"Kezd\u0151lap","item":"https:\/\/tajkertesz.com\/"},{"@type":"ListItem","position":3,"name":"Betula pendula \/ K\u00f6z\u00f6ns\u00e9ges ny\u00edrfa"}]},{"@type":"WebSite","@id":"https:\/\/tajkertesz.com\/#website","url":"https:\/\/tajkertesz.com\/","name":"T\u00e1j-Kert\u00e9sz 84 Kft.","description":"Kert\u00e9szeti kis- \u00e9s nagykeresked\u00e9s, D\u00edszn\u00f6v\u00e9ny web\u00e1ruh\u00e1z orsz\u00e1gos h\u00e1zhozsz\u00e1ll\u00edt\u00e1ssal!","publisher":{"@id":"https:\/\/tajkertesz.com\/#organization"},"potentialAction":[{"@type":"SearchAction","target":{"@type":"EntryPoint","urlTemplate":"https:\/\/tajkertesz.com\/?s={search_term_string}"},"query-input":{"@type":"PropertyValueSpecification","valueRequired":true,"valueName":"search_term_string"}}],"inLanguage":"en-US"},{"@type":"Organization","@id":"https:\/\/tajkertesz.com\/#organization","name":"T\u00e1j-Kert\u00e9sz 84 Kft.","url":"https:\/\/tajkertesz.com\/","logo":{"@type":"ImageObject","inLanguage":"en-US","@id":"https:\/\/tajkertesz.com\/#\/schema\/logo\/image\/","url":"https:\/\/tajkertesz.com\/wp-content\/uploads\/2018\/02\/logo-2-e1518678052539.png","contentUrl":"https:\/\/tajkertesz.com\/wp-content\/uploads\/2018\/02\/logo-2-e1518678052539.png","width":81,"height":140,"caption":"T\u00e1j-Kert\u00e9sz 84 Kft."},"image":{"@id":"https:\/\/tajkertesz.com\/#\/schema\/logo\/image\/"},"sameAs":["https:\/\/www.facebook.com\/Tajkertesz\/"]}]}},"_links":{"self":[{"href":"https:\/\/tajkertesz.com\/en_US\/wp-json\/wp\/v2\/product\/770","targetHints":{"allow":["GET"]}}],"collection":[{"href":"https:\/\/tajkertesz.com\/en_US\/wp-json\/wp\/v2\/product"}],"about":[{"href":"https:\/\/tajkertesz.com\/en_US\/wp-json\/wp\/v2\/types\/product"}],"wp:featuredmedia":[{"embeddable":true,"href":"https:\/\/tajkertesz.com\/en_US\/wp-json\/wp\/v2\/media\/775"}],"wp:attachment":[{"href":"https:\/\/tajkertesz.com\/en_US\/wp-json\/wp\/v2\/media?parent=770"}],"wp:term":[{"taxonomy":"product_brand","embeddable":true,"href":"https:\/\/tajkertesz.com\/en_US\/wp-json\/wp\/v2\/product_brand?post=770"},{"taxonomy":"product_cat","embeddable":true,"href":"https:\/\/tajkertesz.com\/en_US\/wp-json\/wp\/v2\/product_cat?post=770"},{"taxonomy":"product_tag","embeddable":true,"href":"https:\/\/tajkertesz.com\/en_US\/wp-json\/wp\/v2\/product_tag?post=770"}],"curies":[{"name":"wp","href":"https:\/\/api.w.org\/{rel}","templated":true}]}}