{"id":776,"date":"2020-02-14T15:43:59","date_gmt":"2020-02-14T15:43:59","guid":{"rendered":"https:\/\/tajkertesz.com\/?post_type=product&#038;p=776"},"modified":"2024-10-26T11:23:02","modified_gmt":"2024-10-26T11:23:02","slug":"betula-pendula-royal-frost-bordo-levelu-nyir","status":"publish","type":"product","link":"https:\/\/tajkertesz.com\/en_US\/product\/betula-pendula-royal-frost-bordo-levelu-nyir\/","title":{"rendered":"Betula pendula &#8216;Royal Frost&#8217; ,Bord\u00f3 level\u0171 ny\u00edr"},"content":{"rendered":"<p><b>Betula pendula &#8216;Royal Frost&#8217;, Bord\u00f3 level\u0171 ny\u00edr<\/b><\/p>\n<p>Jelenlegi term\u00e9k\u00fcnk m\u00e9retei: 10 literes kont\u00e9nerben, 180-200 cm magas.<\/p>\n<p>A <b>Betula pendula &#8216;Royal Frost&#8217; Bord\u00f3 level\u0171 ny\u00edr kihajt\u00e1skor barn\u00e1s-v\u00f6r\u00f6s, majd feket\u00e9s-bord\u00f3 level\u0171 ritk\u00e1s lomb\u00fa d\u00edszfa.<\/b><\/p>\n<p><b>N\u00f6veked\u00e9s, alak:<\/b> 5-10 m ritk\u00e1s lomb\u00fa, felfele t\u00f6r\u0151, r\u00f6vid oldal\u00e1gakkal n\u00f6v\u0151, kism\u00e9ret\u0171 d\u00edszfa, melynek lombja bord\u00f3.<\/p>\n<p><b>Lev\u00e9l: <\/b>Kihajt\u00e1skor barn\u00e1s-v\u00f6r\u00f6s, majd feket\u00e9s-bord\u00f3, ny\u00e1r v\u00e9g\u00e9t\u0151l bronzos-z\u00f6ld sz\u00edn\u0171re v\u00e1ltozik a levele.<br \/>\n<b>Term\u0151hely<\/b>: Napos, v\u00edzben \u00e9s t\u00e1panyagban j\u00f3l ell\u00e1tott talajba val\u00f3 d\u00edszfa.<br \/>\n<b>Felhaszn\u00e1l\u00e1s:<\/b> kisebb kertbe, parkokba \u00fcltess\u00fck.<\/p>\n<p><b>K\u00e9szlet\u00fcnk napi szinten v\u00e1ltozik, ez\u00e9rt k\u00e9rj\u00fck, \u00e9rdekl\u0151dj\u00f6n szem\u00e9lyesen, telefonon vagy email-en.<br \/>\nA v\u00e1ltoztat\u00e1s jog\u00e1t fenntartjuk!<\/b><\/p>\n<p><a href=\"https:\/\/tajkertesz.com\/\">https:\/\/tajkertesz.com\/<\/a><\/p>\n<p><a href=\"https:\/\/hu.wikipedia.org\/wiki\/K%C3%B6z%C3%B6ns%C3%A9ges_ny%C3%ADr\">https:\/\/hu.wikipedia.org\/wiki\/K%C3%B6z%C3%B6ns%C3%A9ges_ny%C3%ADr<\/a><\/p>\n<p><span style=\"color: #ffffff;\">A\u00a0<b>k\u00f6z\u00f6ns\u00e9ges ny\u00edr<\/b>\u00a0vagy\u00a0<b>bibircses ny\u00edr<\/b>\u00a0<i>(Betula pendula)<\/i>\u00a0a\u00a0<a style=\"color: #ffffff;\" title=\"Ny\u00edrfaf\u00e9l\u00e9k\" href=\"https:\/\/hu.wikipedia.org\/wiki\/Ny%C3%ADrfaf%C3%A9l%C3%A9k\">ny\u00edrfaf\u00e9l\u00e9k<\/a>\u00a0<i>(Betulaceae)<\/i>\u00a0csal\u00e1dj\u00e1ba tartoz\u00f3, term\u00e9szetes k\u00f6r\u00fclm\u00e9nyek k\u00f6z\u00f6tt legink\u00e1bb a\u00a0<a style=\"color: #ffffff;\" title=\"Tajga\" href=\"https:\/\/hu.wikipedia.org\/wiki\/Tajga\">tajga<\/a>\u00a0\u00e9ghajlati \u00f6v alatt honos fafaj. F\u0151leg\u00a0<a style=\"color: #ffffff;\" title=\"Eur\u00f3pa\" href=\"https:\/\/hu.wikipedia.org\/wiki\/Eur%C3%B3pa\">Eur\u00f3p\u00e1ban<\/a>\u00a0\u00e9s\u00a0<a style=\"color: #ffffff;\" title=\"\u00c1zsia\" href=\"https:\/\/hu.wikipedia.org\/wiki\/%C3%81zsia\">\u00c1zsia<\/a>\u00a0egyes r\u00e9szein honos, ugyanakkor Eur\u00f3pa d\u00e9li r\u00e9sz\u00e9n a magasabb elhelyezked\u00e9s\u0171 ter\u00fcleteken is meg\u00e9l. Elterjed\u00e9si ter\u00fclete kiterjed\u00a0<a style=\"color: #ffffff;\" title=\"Szib\u00e9ria\" href=\"https:\/\/hu.wikipedia.org\/wiki\/Szib%C3%A9ria\">Szib\u00e9ria<\/a>\u00a0\u00e9s\u00a0<a style=\"color: #ffffff;\" title=\"K\u00edna\" href=\"https:\/\/hu.wikipedia.org\/wiki\/K%C3%ADna\">K\u00edna<\/a>, valamint D\u00e9lnyugat-\u00c1zsia (<a style=\"color: #ffffff;\" title=\"T\u00f6r\u00f6korsz\u00e1g\" href=\"https:\/\/hu.wikipedia.org\/wiki\/T%C3%B6r%C3%B6korsz%C3%A1g\">T\u00f6r\u00f6korsz\u00e1g<\/a>) vid\u00e9keire, a\u00a0<a style=\"color: #ffffff;\" title=\"Kauk\u00e1zus (hegys\u00e9g)\" href=\"https:\/\/hu.wikipedia.org\/wiki\/Kauk%C3%A1zus_(hegys%C3%A9g)\">Kauk\u00e1zus<\/a>\u00a0t\u00e9rs\u00e9g\u00e9re \u00e9s\u00a0<a style=\"color: #ffffff;\" title=\"Ir\u00e1n\" href=\"https:\/\/hu.wikipedia.org\/wiki\/Ir%C3%A1n\">Ir\u00e1n<\/a>\u00a0\u00e9szaki vid\u00e9k\u00e9re. \u00c9szak-Amerik\u00e1ba behurcolt faj, ott eur\u00f3pai feh\u00e9r ny\u00edr n\u00e9ven (angolul: European white birch) ismerik. Az\u00a0<a style=\"color: #ffffff;\" title=\"Amerikai Egyes\u00fclt \u00c1llamok\" href=\"https:\/\/hu.wikipedia.org\/wiki\/Amerikai_Egyes%C3%BClt_%C3%81llamok\">Amerikai Egyes\u00fclt \u00c1llamok<\/a>\u00a0n\u00e9h\u00e1ny \u00e1llam\u00e1ban \u00e9s\u00a0<a style=\"color: #ffffff;\" title=\"Kanada\" href=\"https:\/\/hu.wikipedia.org\/wiki\/Kanada\">Kanad\u00e1ban<\/a>\u00a0<a style=\"color: #ffffff;\" title=\"Inv\u00e1zi\u00f3s faj\" href=\"https:\/\/hu.wikipedia.org\/wiki\/Inv%C3%A1zi%C3%B3s_faj\">invaz\u00edv fajk\u00e9nt<\/a>\u00a0tartj\u00e1k sz\u00e1mon. Ausztr\u00e1lia m\u00e9rs\u00e9kelt \u00e9ghajlat\u00fa vid\u00e9kein is megtal\u00e1lhat\u00f3.<\/span><\/p>\n<p><span style=\"color: #ffffff;\">K\u00f6zepes m\u00e9ret\u0171, lombhullat\u00f3 fafaj, magyar nev\u00e9t a vessz\u0151k\u00f6n k\u00e9pz\u0151d\u0151 bibircseir\u0151l kapta.<sup id=\"cite_ref-1\" class=\"reference\"><a style=\"color: #ffffff;\" href=\"https:\/\/hu.wikipedia.org\/wiki\/K%C3%B6z%C3%B6ns%C3%A9ges_ny%C3%ADr#cite_note-1\">[1]<\/a><\/sup>\u00a0K\u00e9rge feh\u00e9r sz\u00edn\u0171, helyenk\u00e9nt feket\u00e9s foltokkal, m\u00edg \u00e1gai lecs\u00fcngenek. Levelei h\u00e1romsz\u00f6g alak\u00fa, t\u00f6bbsz\u00f6r\u00f6sen f\u0171r\u00e9szes szeg\u00e9llyel rendelkeznek, melyek \u0151sszel s\u00e1rga sz\u00edn\u0171re v\u00e1ltoznak. Barkavir\u00e1gzata van, melyb\u0151l a k\u00f6nny\u0171 magokat be\u00e9r\u00e9s\u00fcket k\u00f6vet\u0151en a sz\u00e9l messzire hordja. A k\u00f6z\u00f6ns\u00e9ges ny\u00edr \u00fagynevezett\u00a0<a style=\"color: #ffffff;\" title=\"Pion\u00edr \u00e9l\u0151l\u00e9ny\" href=\"https:\/\/hu.wikipedia.org\/wiki\/Pion%C3%ADr_%C3%A9l%C5%91l%C3%A9ny\">pion\u00edr n\u00f6v\u00e9nyfaj<\/a>, ami azt jelenti, hogy egy megbolygatott talajon, vagy egy erd\u0151t\u0171z ut\u00e1n az els\u0151k k\u00f6z\u00f6tt k\u00e9pes ism\u00e9telten, vagy legel\u0151sz\u00f6r megtelepedni. Sz\u00e1mos mad\u00e1rfaj \u00e9s egy\u00e9b \u00e1llatfajok otthona a ny\u00edrfaerd\u0151, \u00e9s a f\u00e1kon sz\u00e1mos rovarfaj telepedik meg. A ny\u00edrfaerd\u0151k a szell\u0151s, f\u00e9l\u00e1rny\u00e9kos mivoltukb\u00f3l kifoly\u00f3lag gazdag aljn\u00f6v\u00e9nyzettel \u00e9s fejlett cserjeszinttel rendelkeznek. A k\u00f6z\u00f6ns\u00e9ges ny\u00edrf\u00e1t gyakran \u00fcltetik kertekbe, parkokba d\u00edszfak\u00e9nt, valamint a faipar kedvelt alapanyaga, egyebek mellett t\u00fczel\u0151nek, l\u00f3versenyp\u00e1ly\u00e1kon akad\u00e1lyok alapanyagak\u00e9nt, t<\/span><\/p>\n<p>&nbsp;<\/p>\n<p>&nbsp;<\/p>\n<p>&nbsp;<\/p>\n","protected":false},"excerpt":{"rendered":"<p>&nbsp;<\/p>\n<p>A <b>Betula pendula &#8216;Royal Frost&#8217; Bord\u00f3 level\u0171 ny\u00edr kihajt\u00e1skor barn\u00e1s-v\u00f6r\u00f6s, majd feket\u00e9s-bord\u00f3 level\u0171 ritk\u00e1s lomb\u00fa d\u00edszfa.<\/b><\/p>\n<p><b>N\u00f6veked\u00e9s, alak:<\/b> 5-10 m ritk\u00e1s lomb\u00fa, felfele t\u00f6r\u0151, r\u00f6vid oldal\u00e1gakkal n\u00f6v\u0151, kism\u00e9ret\u0171 d\u00edszfa, melynek lombja bord\u00f3.<\/p>\n<p><b>Lev\u00e9l: <\/b>Kihajt\u00e1skor barn\u00e1s-v\u00f6r\u00f6s, majd feket\u00e9s-bord\u00f3, ny\u00e1r v\u00e9g\u00e9t\u0151l bronzos-z\u00f6ld sz\u00edn\u0171re v\u00e1ltozik a levele.<br \/>\n<b>Term\u0151hely<\/b>: Napos, v\u00edzben \u00e9s t\u00e1panyagban j\u00f3l ell\u00e1tott talajba val\u00f3 d\u00edszfa.<br \/>\n<b>Felhaszn\u00e1l\u00e1s:<\/b> kisebb kertbe, parkokba \u00fcltess\u00fck.<\/p>","protected":false},"featured_media":777,"template":"","meta":{"_et_pb_use_builder":"","_et_pb_old_content":"","_et_gb_content_width":""},"product_brand":[],"product_cat":[28],"product_tag":[188,57,33,56],"class_list":{"0":"post-776","1":"product","2":"type-product","3":"status-publish","4":"has-post-thumbnail","6":"product_cat-diszfak","7":"product_tag-betula-pendula-royal-frost","8":"product_tag-bordo-levelu-nyirfa","9":"product_tag-diszfa","10":"product_tag-nyirfa","12":"first","13":"instock","14":"shipping-taxable","15":"purchasable","16":"product-type-simple"},"yoast_head":"<!-- This site is optimized with the Yoast SEO plugin v27.3 - https:\/\/yoast.com\/product\/yoast-seo-wordpress\/ -->\n<title>Betula pendula &#039;Royal Frost&#039; ,Bord\u00f3 level\u0171 ny\u00edr - T\u00e1jkert\u00e9sz<\/title>\n<meta name=\"description\" content=\"A Betula pendula &#039;Royal Frost&#039; Bord\u00f3 level\u0171 ny\u00edr kihajt\u00e1skor barn\u00e1s-v\u00f6r\u00f6s, majd feket\u00e9s-bord\u00f3 level\u0171 ritk\u00e1s lomb\u00fa d\u00edszfa.\" \/>\n<meta name=\"robots\" content=\"index, follow, max-snippet:-1, max-image-preview:large, max-video-preview:-1\" \/>\n<link rel=\"canonical\" href=\"https:\/\/tajkertesz.com\/en_US\/product\/betula-pendula-royal-frost-bordo-levelu-nyir\/\" \/>\n<meta property=\"og:locale\" content=\"en_US\" \/>\n<meta property=\"og:type\" content=\"article\" \/>\n<meta property=\"og:title\" content=\"Betula pendula &#039;Royal Frost&#039; ,Bord\u00f3 level\u0171 ny\u00edr - T\u00e1jkert\u00e9sz\" \/>\n<meta property=\"og:description\" content=\"A Betula pendula &#039;Royal Frost&#039; Bord\u00f3 level\u0171 ny\u00edr kihajt\u00e1skor barn\u00e1s-v\u00f6r\u00f6s, majd feket\u00e9s-bord\u00f3 level\u0171 ritk\u00e1s lomb\u00fa d\u00edszfa.\" \/>\n<meta property=\"og:url\" content=\"https:\/\/tajkertesz.com\/en_US\/product\/betula-pendula-royal-frost-bordo-levelu-nyir\/\" \/>\n<meta property=\"og:site_name\" content=\"T\u00e1jkert\u00e9sz\" \/>\n<meta property=\"article:publisher\" content=\"https:\/\/www.facebook.com\/Tajkertesz\/\" \/>\n<meta property=\"article:modified_time\" content=\"2024-10-26T11:23:02+00:00\" \/>\n<meta property=\"og:image\" content=\"https:\/\/tajkertesz.com\/wp-content\/uploads\/2020\/02\/bord\u00f3-level\u0171-ny\u00edr.jpg\" \/>\n\t<meta property=\"og:image:width\" content=\"225\" \/>\n\t<meta property=\"og:image:height\" content=\"225\" \/>\n\t<meta property=\"og:image:type\" content=\"image\/jpeg\" \/>\n<meta name=\"twitter:card\" content=\"summary_large_image\" \/>\n<meta name=\"twitter:label1\" content=\"Est. reading time\" \/>\n\t<meta name=\"twitter:data1\" content=\"2 minutes\" \/>\n<script type=\"application\/ld+json\" class=\"yoast-schema-graph\">{\"@context\":\"https:\\\/\\\/schema.org\",\"@graph\":[{\"@type\":\"WebPage\",\"@id\":\"https:\\\/\\\/tajkertesz.com\\\/termek\\\/betula-pendula-royal-frost-bordo-levelu-nyir\\\/\",\"url\":\"https:\\\/\\\/tajkertesz.com\\\/termek\\\/betula-pendula-royal-frost-bordo-levelu-nyir\\\/\",\"name\":\"Betula pendula 'Royal Frost' ,Bord\u00f3 level\u0171 ny\u00edr - T\u00e1jkert\u00e9sz\",\"isPartOf\":{\"@id\":\"https:\\\/\\\/tajkertesz.com\\\/#website\"},\"primaryImageOfPage\":{\"@id\":\"https:\\\/\\\/tajkertesz.com\\\/termek\\\/betula-pendula-royal-frost-bordo-levelu-nyir\\\/#primaryimage\"},\"image\":{\"@id\":\"https:\\\/\\\/tajkertesz.com\\\/termek\\\/betula-pendula-royal-frost-bordo-levelu-nyir\\\/#primaryimage\"},\"thumbnailUrl\":\"https:\\\/\\\/tajkertesz.com\\\/wp-content\\\/uploads\\\/2020\\\/02\\\/bord\u00f3-level\u0171-ny\u00edr.jpg\",\"datePublished\":\"2020-02-14T15:43:59+00:00\",\"dateModified\":\"2024-10-26T11:23:02+00:00\",\"description\":\"A Betula pendula 'Royal Frost' Bord\u00f3 level\u0171 ny\u00edr kihajt\u00e1skor barn\u00e1s-v\u00f6r\u00f6s, majd feket\u00e9s-bord\u00f3 level\u0171 ritk\u00e1s lomb\u00fa d\u00edszfa.\",\"breadcrumb\":{\"@id\":\"https:\\\/\\\/tajkertesz.com\\\/termek\\\/betula-pendula-royal-frost-bordo-levelu-nyir\\\/#breadcrumb\"},\"inLanguage\":\"en-US\",\"potentialAction\":[{\"@type\":\"ReadAction\",\"target\":[\"https:\\\/\\\/tajkertesz.com\\\/termek\\\/betula-pendula-royal-frost-bordo-levelu-nyir\\\/\"]}]},{\"@type\":\"ImageObject\",\"inLanguage\":\"en-US\",\"@id\":\"https:\\\/\\\/tajkertesz.com\\\/termek\\\/betula-pendula-royal-frost-bordo-levelu-nyir\\\/#primaryimage\",\"url\":\"https:\\\/\\\/tajkertesz.com\\\/wp-content\\\/uploads\\\/2020\\\/02\\\/bord\u00f3-level\u0171-ny\u00edr.jpg\",\"contentUrl\":\"https:\\\/\\\/tajkertesz.com\\\/wp-content\\\/uploads\\\/2020\\\/02\\\/bord\u00f3-level\u0171-ny\u00edr.jpg\",\"width\":225,\"height\":225},{\"@type\":\"BreadcrumbList\",\"@id\":\"https:\\\/\\\/tajkertesz.com\\\/termek\\\/betula-pendula-royal-frost-bordo-levelu-nyir\\\/#breadcrumb\",\"itemListElement\":[{\"@type\":\"ListItem\",\"position\":1,\"name\":\"Home\",\"item\":\"https:\\\/\\\/tajkertesz.com\\\/\"},{\"@type\":\"ListItem\",\"position\":2,\"name\":\"Kezd\u0151lap\",\"item\":\"https:\\\/\\\/tajkertesz.com\\\/\"},{\"@type\":\"ListItem\",\"position\":3,\"name\":\"Betula pendula &#8216;Royal Frost&#8217; ,Bord\u00f3 level\u0171 ny\u00edr\"}]},{\"@type\":\"WebSite\",\"@id\":\"https:\\\/\\\/tajkertesz.com\\\/#website\",\"url\":\"https:\\\/\\\/tajkertesz.com\\\/\",\"name\":\"T\u00e1j-Kert\u00e9sz 84 Kft.\",\"description\":\"Kert\u00e9szeti kis- \u00e9s nagykeresked\u00e9s, D\u00edszn\u00f6v\u00e9ny web\u00e1ruh\u00e1z orsz\u00e1gos h\u00e1zhozsz\u00e1ll\u00edt\u00e1ssal!\",\"publisher\":{\"@id\":\"https:\\\/\\\/tajkertesz.com\\\/#organization\"},\"potentialAction\":[{\"@type\":\"SearchAction\",\"target\":{\"@type\":\"EntryPoint\",\"urlTemplate\":\"https:\\\/\\\/tajkertesz.com\\\/?s={search_term_string}\"},\"query-input\":{\"@type\":\"PropertyValueSpecification\",\"valueRequired\":true,\"valueName\":\"search_term_string\"}}],\"inLanguage\":\"en-US\"},{\"@type\":\"Organization\",\"@id\":\"https:\\\/\\\/tajkertesz.com\\\/#organization\",\"name\":\"T\u00e1j-Kert\u00e9sz 84 Kft.\",\"url\":\"https:\\\/\\\/tajkertesz.com\\\/\",\"logo\":{\"@type\":\"ImageObject\",\"inLanguage\":\"en-US\",\"@id\":\"https:\\\/\\\/tajkertesz.com\\\/#\\\/schema\\\/logo\\\/image\\\/\",\"url\":\"https:\\\/\\\/tajkertesz.com\\\/wp-content\\\/uploads\\\/2018\\\/02\\\/logo-2-e1518678052539.png\",\"contentUrl\":\"https:\\\/\\\/tajkertesz.com\\\/wp-content\\\/uploads\\\/2018\\\/02\\\/logo-2-e1518678052539.png\",\"width\":81,\"height\":140,\"caption\":\"T\u00e1j-Kert\u00e9sz 84 Kft.\"},\"image\":{\"@id\":\"https:\\\/\\\/tajkertesz.com\\\/#\\\/schema\\\/logo\\\/image\\\/\"},\"sameAs\":[\"https:\\\/\\\/www.facebook.com\\\/Tajkertesz\\\/\"]}]}<\/script>\n<!-- \/ Yoast SEO plugin. -->","yoast_head_json":{"title":"Betula pendula 'Royal Frost' ,Bord\u00f3 level\u0171 ny\u00edr - T\u00e1jkert\u00e9sz","description":"A Betula pendula 'Royal Frost' Bord\u00f3 level\u0171 ny\u00edr kihajt\u00e1skor barn\u00e1s-v\u00f6r\u00f6s, majd feket\u00e9s-bord\u00f3 level\u0171 ritk\u00e1s lomb\u00fa d\u00edszfa.","robots":{"index":"index","follow":"follow","max-snippet":"max-snippet:-1","max-image-preview":"max-image-preview:large","max-video-preview":"max-video-preview:-1"},"canonical":"https:\/\/tajkertesz.com\/en_US\/product\/betula-pendula-royal-frost-bordo-levelu-nyir\/","og_locale":"en_US","og_type":"article","og_title":"Betula pendula 'Royal Frost' ,Bord\u00f3 level\u0171 ny\u00edr - T\u00e1jkert\u00e9sz","og_description":"A Betula pendula 'Royal Frost' Bord\u00f3 level\u0171 ny\u00edr kihajt\u00e1skor barn\u00e1s-v\u00f6r\u00f6s, majd feket\u00e9s-bord\u00f3 level\u0171 ritk\u00e1s lomb\u00fa d\u00edszfa.","og_url":"https:\/\/tajkertesz.com\/en_US\/product\/betula-pendula-royal-frost-bordo-levelu-nyir\/","og_site_name":"T\u00e1jkert\u00e9sz","article_publisher":"https:\/\/www.facebook.com\/Tajkertesz\/","article_modified_time":"2024-10-26T11:23:02+00:00","og_image":[{"width":225,"height":225,"url":"https:\/\/tajkertesz.com\/wp-content\/uploads\/2020\/02\/bord\u00f3-level\u0171-ny\u00edr.jpg","type":"image\/jpeg"}],"twitter_card":"summary_large_image","twitter_misc":{"Est. reading time":"2 minutes"},"schema":{"@context":"https:\/\/schema.org","@graph":[{"@type":"WebPage","@id":"https:\/\/tajkertesz.com\/termek\/betula-pendula-royal-frost-bordo-levelu-nyir\/","url":"https:\/\/tajkertesz.com\/termek\/betula-pendula-royal-frost-bordo-levelu-nyir\/","name":"Betula pendula 'Royal Frost' ,Bord\u00f3 level\u0171 ny\u00edr - T\u00e1jkert\u00e9sz","isPartOf":{"@id":"https:\/\/tajkertesz.com\/#website"},"primaryImageOfPage":{"@id":"https:\/\/tajkertesz.com\/termek\/betula-pendula-royal-frost-bordo-levelu-nyir\/#primaryimage"},"image":{"@id":"https:\/\/tajkertesz.com\/termek\/betula-pendula-royal-frost-bordo-levelu-nyir\/#primaryimage"},"thumbnailUrl":"https:\/\/tajkertesz.com\/wp-content\/uploads\/2020\/02\/bord\u00f3-level\u0171-ny\u00edr.jpg","datePublished":"2020-02-14T15:43:59+00:00","dateModified":"2024-10-26T11:23:02+00:00","description":"A Betula pendula 'Royal Frost' Bord\u00f3 level\u0171 ny\u00edr kihajt\u00e1skor barn\u00e1s-v\u00f6r\u00f6s, majd feket\u00e9s-bord\u00f3 level\u0171 ritk\u00e1s lomb\u00fa d\u00edszfa.","breadcrumb":{"@id":"https:\/\/tajkertesz.com\/termek\/betula-pendula-royal-frost-bordo-levelu-nyir\/#breadcrumb"},"inLanguage":"en-US","potentialAction":[{"@type":"ReadAction","target":["https:\/\/tajkertesz.com\/termek\/betula-pendula-royal-frost-bordo-levelu-nyir\/"]}]},{"@type":"ImageObject","inLanguage":"en-US","@id":"https:\/\/tajkertesz.com\/termek\/betula-pendula-royal-frost-bordo-levelu-nyir\/#primaryimage","url":"https:\/\/tajkertesz.com\/wp-content\/uploads\/2020\/02\/bord\u00f3-level\u0171-ny\u00edr.jpg","contentUrl":"https:\/\/tajkertesz.com\/wp-content\/uploads\/2020\/02\/bord\u00f3-level\u0171-ny\u00edr.jpg","width":225,"height":225},{"@type":"BreadcrumbList","@id":"https:\/\/tajkertesz.com\/termek\/betula-pendula-royal-frost-bordo-levelu-nyir\/#breadcrumb","itemListElement":[{"@type":"ListItem","position":1,"name":"Home","item":"https:\/\/tajkertesz.com\/"},{"@type":"ListItem","position":2,"name":"Kezd\u0151lap","item":"https:\/\/tajkertesz.com\/"},{"@type":"ListItem","position":3,"name":"Betula pendula &#8216;Royal Frost&#8217; ,Bord\u00f3 level\u0171 ny\u00edr"}]},{"@type":"WebSite","@id":"https:\/\/tajkertesz.com\/#website","url":"https:\/\/tajkertesz.com\/","name":"T\u00e1j-Kert\u00e9sz 84 Kft.","description":"Kert\u00e9szeti kis- \u00e9s nagykeresked\u00e9s, D\u00edszn\u00f6v\u00e9ny web\u00e1ruh\u00e1z orsz\u00e1gos h\u00e1zhozsz\u00e1ll\u00edt\u00e1ssal!","publisher":{"@id":"https:\/\/tajkertesz.com\/#organization"},"potentialAction":[{"@type":"SearchAction","target":{"@type":"EntryPoint","urlTemplate":"https:\/\/tajkertesz.com\/?s={search_term_string}"},"query-input":{"@type":"PropertyValueSpecification","valueRequired":true,"valueName":"search_term_string"}}],"inLanguage":"en-US"},{"@type":"Organization","@id":"https:\/\/tajkertesz.com\/#organization","name":"T\u00e1j-Kert\u00e9sz 84 Kft.","url":"https:\/\/tajkertesz.com\/","logo":{"@type":"ImageObject","inLanguage":"en-US","@id":"https:\/\/tajkertesz.com\/#\/schema\/logo\/image\/","url":"https:\/\/tajkertesz.com\/wp-content\/uploads\/2018\/02\/logo-2-e1518678052539.png","contentUrl":"https:\/\/tajkertesz.com\/wp-content\/uploads\/2018\/02\/logo-2-e1518678052539.png","width":81,"height":140,"caption":"T\u00e1j-Kert\u00e9sz 84 Kft."},"image":{"@id":"https:\/\/tajkertesz.com\/#\/schema\/logo\/image\/"},"sameAs":["https:\/\/www.facebook.com\/Tajkertesz\/"]}]}},"_links":{"self":[{"href":"https:\/\/tajkertesz.com\/en_US\/wp-json\/wp\/v2\/product\/776","targetHints":{"allow":["GET"]}}],"collection":[{"href":"https:\/\/tajkertesz.com\/en_US\/wp-json\/wp\/v2\/product"}],"about":[{"href":"https:\/\/tajkertesz.com\/en_US\/wp-json\/wp\/v2\/types\/product"}],"wp:featuredmedia":[{"embeddable":true,"href":"https:\/\/tajkertesz.com\/en_US\/wp-json\/wp\/v2\/media\/777"}],"wp:attachment":[{"href":"https:\/\/tajkertesz.com\/en_US\/wp-json\/wp\/v2\/media?parent=776"}],"wp:term":[{"taxonomy":"product_brand","embeddable":true,"href":"https:\/\/tajkertesz.com\/en_US\/wp-json\/wp\/v2\/product_brand?post=776"},{"taxonomy":"product_cat","embeddable":true,"href":"https:\/\/tajkertesz.com\/en_US\/wp-json\/wp\/v2\/product_cat?post=776"},{"taxonomy":"product_tag","embeddable":true,"href":"https:\/\/tajkertesz.com\/en_US\/wp-json\/wp\/v2\/product_tag?post=776"}],"curies":[{"name":"wp","href":"https:\/\/api.w.org\/{rel}","templated":true}]}}