{"id":779,"date":"2020-02-14T16:09:26","date_gmt":"2020-02-14T16:09:26","guid":{"rendered":"https:\/\/tajkertesz.com\/?post_type=product&#038;p=779"},"modified":"2024-10-31T10:14:53","modified_gmt":"2024-10-31T10:14:53","slug":"betula-utilis-nyir","status":"publish","type":"product","link":"https:\/\/tajkertesz.com\/en_US\/product\/betula-utilis-nyir\/","title":{"rendered":"Betula utilis  ny\u00edr t\u00f6rzsre oltott"},"content":{"rendered":"<p>Betula utilis ny\u00edr t\u00f6rzsre oltott<\/p>\n<p>A Betula utilis ny\u00edr t\u00f6rzsre oltott<\/p>\n<p><b>N\u00f6veked\u00e9s, alak:<\/b> 8-10 m magasra megn\u00f6v\u0151, k\u00f6z\u00e9pmagas d\u00edszfa. T\u00f6rzse \u00e9s id\u0151sebb \u00e1gai is vil\u00e1g\u00edt\u00f3an h\u00f3feh\u00e9r t\u00f6rzs\u0171ek, a k\u00e9reg id\u0151sebb korban sem repedezik meg, egy\u00f6ntet\u0171 marad.<\/p>\n<p><b>Lev\u00e9l: <\/b>Levelei toj\u00e1sdadok, f\u0171r\u00e9szes sz\u00e9l\u0171ek, \u00e9l\u00e9nkz\u00f6ld sz\u00edn\u0171ek, a legkisebb l\u00e9gmozg\u00e1sra is reag\u00e1lnak, \u0151sszel aranys\u00e1rg\u00e1ra sz\u00ednez\u0151dnek.<\/p>\n<p><b>Term\u0151hely<\/b>:\u00a0Kedveli a nedves, j\u00f3 v\u00edzelvezet\u00e9s\u0171 talajokat, de toler\u00e1lja a viszonylag sz\u00e1raz \u00e9s rossz talajokat.<br \/>\n<b><\/b><\/p>\n<p><b>Felhaszn\u00e1l\u00e1s: <\/b>Szoliterk\u00e9nt is j\u00f3 mutat, de kisebb-nagyobb csoportban m\u00e9g jobban \u00e9rv\u00e9nyes\u00fcl a t\u00f6rzs h\u00f3feh\u00e9r sz\u00edne.<\/p>\n<p><b>K\u00e9szlet\u00fcnk napi szinten v\u00e1ltozik, ez\u00e9rt k\u00e9rj\u00fck, \u00e9rdekl\u0151dj\u00f6n szem\u00e9lyesen, telefonon vagy email-en.<br \/>\nA v\u00e1ltoztat\u00e1s jog\u00e1t fenntartjuk!<\/b><\/p>\n<p>&nbsp;<\/p>\n<h1><strong>A term\u00e9k kb:220cm magas ez\u00e9rt postai \u00faton nem rendelhet\u0151!<\/strong><\/h1>\n<p><a href=\"https:\/\/hu.wikipedia.org\/wiki\/Himal%C3%A1jai_ny%C3%ADr\">http:\/\/tajkertesz.com<\/a><\/p>\n<p><a href=\"https:\/\/hu.wikipedia.org\/wiki\/Himal%C3%A1jai_ny%C3%ADr\">https:\/\/hu.wikipedia.org\/wiki\/Himal%C3%A1jai_ny%C3%ADr<\/a><\/p>\n<p><span style=\"color: #000080;\"><span style=\"color: #ffffff;\">Ez a ny\u00edrfa ak\u00e1r 20\u00a0m\u00e9ter magasra is megn\u0151het, b\u00e1r \u00e1ltal\u00e1ban csak kisebb fa vagy\u00a0<a style=\"color: #ffffff;\" title=\"Cserje\" href=\"https:\/\/hu.wikipedia.org\/wiki\/Cserje\">cserjen\u00f6v\u00e9s\u0171<\/a>. N\u00f6v\u00e9nyt\u00e1rsul\u00e1st alkot a ritk\u00e1bb\u00a0<a style=\"color: #ffffff;\" title=\"Feny\u0151f\u00e9l\u00e9k\" href=\"https:\/\/hu.wikipedia.org\/wiki\/Feny%C5%91f%C3%A9l%C3%A9k\">fenyvesekkel<\/a>\u00a0vagy a\u00a0<a style=\"color: #ffffff;\" title=\"Havassz\u00e9pe\" href=\"https:\/\/hu.wikipedia.org\/wiki\/Havassz%C3%A9pe\">havassz\u00e9pe<\/a>-fajokkal. A k\u00e9rge feh\u00e9res, pap\u00edrszer\u0171. Az ov\u00e1lis\u00a0<a style=\"color: #ffffff;\" title=\"Lev\u00e9l (botanika)\" href=\"https:\/\/hu.wikipedia.org\/wiki\/Lev%C3%A9l_(botanika)\">levelei<\/a>\u00a05-10\u00a0centim\u00e9teresek \u00e9s enyh\u00e9n sz\u0151r\u00f6sek; sz\u00e9l\u00fck f\u0171r\u00e9szes. M\u00e1jus-j\u00faliusban n\u00e9h\u00e1ny h\u00edmnem\u0171 \u00e9s m\u00e9g kevesebb n\u0151nem\u0171\u00a0<a style=\"color: #ffffff;\" title=\"Vir\u00e1gzat\" href=\"https:\/\/hu.wikipedia.org\/wiki\/Vir%C3%A1gzat\">barkavir\u00e1gzatot<\/a>\u00a0hoz. A\u00a0<a style=\"color: #ffffff;\" title=\"Term\u00e9s\" href=\"https:\/\/hu.wikipedia.org\/wiki\/Term%C3%A9s\">term\u00e9sei<\/a>\u00a0szeptember-okt\u00f3berre \u00e9rnek meg.Ez a ny\u00edrfa ak\u00e1r 20\u00a0m\u00e9ter magasra is megn\u0151het, b\u00e1r \u00e1ltal\u00e1ban csak kisebb fa vagy\u00a0<a style=\"color: #ffffff;\" title=\"Cserje\" href=\"https:\/\/hu.wikipedia.org\/wiki\/Cserje\">cserjen\u00f6v\u00e9s\u0171<\/a>. N\u00f6v\u00e9nyt\u00e1rsul\u00e1st alkot a ritk\u00e1bb\u00a0<a style=\"color: #ffffff;\" title=\"Feny\u0151f\u00e9l\u00e9k\" href=\"https:\/\/hu.wikipedia.org\/wiki\/Feny%C5%91f%C3%A9l%C3%A9k\">fenyvesekkel<\/a>\u00a0vagy a\u00a0<a style=\"color: #ffffff;\" title=\"Havassz\u00e9pe\" href=\"https:\/\/hu.wikipedia.org\/wiki\/Havassz%C3%A9pe\">havassz\u00e9pe<\/a>-fajokkal. A k\u00e9rge feh\u00e9res, pap\u00edrszer\u0171. Az ov\u00e1lis\u00a0<a style=\"color: #ffffff;\" title=\"Lev\u00e9l (botanika)\" href=\"https:\/\/hu.wikipedia.org\/wiki\/Lev%C3%A9l_(botanika)\">levelei<\/a>\u00a05-10\u00a0centim\u00e9teresek \u00e9s enyh\u00e9n sz\u0151r\u00f6sek; sz\u00e9l\u00fck f\u0171r\u00e9szes. M\u00e1jus-j\u00faliusban n\u00e9h\u00e1ny h\u00edmnem\u0171 \u00e9s m\u00e9g kevesebb n\u0151nem\u0171\u00a0<a style=\"color: #ffffff;\" title=\"Vir\u00e1gzat\" href=\"https:\/\/hu.wikipedia.org\/wiki\/Vir%C3%A1gzat\">barkavir\u00e1gzatot<\/a>\u00a0hoz. A\u00a0<a style=\"color: #ffffff;\" title=\"Term\u00e9s\" href=\"https:\/\/hu.wikipedia.org\/wiki\/Term%C3%A9s\">term\u00e9sei<\/a>\u00a0szeptember-okt\u00f3berre \u00e9rnek meg.Ez a ny\u00edrfa ak\u00e1r 20\u00a0m\u00e9ter magasra is megn\u0151het, b\u00e1r \u00e1ltal\u00e1ban csak kisebb fa vagy\u00a0<a style=\"color: #ffffff;\" title=\"Cserje\" href=\"https:\/\/hu.wikipedia.org\/wiki\/Cserje\">cserjen\u00f6v\u00e9s\u0171<\/a>. N\u00f6v\u00e9nyt\u00e1rsul\u00e1st alkot a ritk\u00e1bb\u00a0<a style=\"color: #ffffff;\" title=\"Feny\u0151f\u00e9l\u00e9k\" href=\"https:\/\/hu.wikipedia.org\/wiki\/Feny%C5%91f%C3%A9l%C3%A9k\">fenyvesekkel<\/a>\u00a0vagy a\u00a0<a style=\"color: #ffffff;\" title=\"Havassz\u00e9pe\" href=\"https:\/\/hu.wikipedia.org\/wiki\/Havassz%C3%A9pe\">havassz\u00e9pe<\/a>-fajokkal. A k\u00e9rge feh\u00e9res, pap\u00edrszer\u0171. Az ov\u00e1lis\u00a0<a style=\"color: #ffffff;\" title=\"Lev\u00e9l (botanika)\" href=\"https:\/\/hu.wikipedia.org\/wiki\/Lev%C3%A9l_(botanika)\">levelei<\/a>\u00a05-10\u00a0centim\u00e9teresek \u00e9s enyh\u00e9n sz\u0151r\u00f6sek; sz\u00e9l\u00fck f\u0171r\u00e9szes. M\u00e1jus-j\u00faliusban n\u00e9h\u00e1ny h\u00edmnem\u0171 \u00e9s m\u00e9g kevesebb<\/span> <\/span><\/p>\n<p>&nbsp;<\/p>","protected":false},"excerpt":{"rendered":"<p><strong>Betula utilis ny\u00edr <\/strong>8-10 m magasra megn\u00f6v\u0151, k\u00f6z\u00e9pmagas d\u00edszfa. T\u00f6rzse \u00e9s id\u0151sebb \u00e1gai is vil\u00e1g\u00edt\u00f3an h\u00f3feh\u00e9r t\u00f6rzs\u0171ek, a k\u00e9reg id\u0151sebb korban sem repedezik meg, egy\u00f6ntet\u0171 marad.<\/p>","protected":false},"featured_media":21500,"template":"","meta":{"_et_pb_use_builder":"","_et_pb_old_content":"","_et_gb_content_width":""},"product_brand":[],"product_cat":[28],"product_tag":[33,58],"class_list":{"0":"post-779","1":"product","2":"type-product","3":"status-publish","4":"has-post-thumbnail","6":"product_cat-diszfak","7":"product_tag-diszfa","8":"product_tag-nyir","10":"first","11":"instock","12":"shipping-taxable","13":"purchasable","14":"product-type-simple"},"yoast_head":"<!-- This site is optimized with the Yoast SEO plugin v27.3 - https:\/\/yoast.com\/product\/yoast-seo-wordpress\/ -->\n<title>Betula utilis ny\u00edr t\u00f6rzsre oltott - T\u00e1jkert\u00e9sz<\/title>\n<meta name=\"description\" content=\"Betula utilis ny\u00edr 8-10 m magasra megn\u00f6v\u0151, k\u00f6z\u00e9pmagas d\u00edszfa. T\u00f6rzse \u00e9s id\u0151sebb \u00e1gai is vil\u00e1g\u00edt\u00f3an h\u00f3feh\u00e9r t\u00f6rzs\u0171ek.\" \/>\n<meta name=\"robots\" content=\"index, follow, max-snippet:-1, max-image-preview:large, max-video-preview:-1\" \/>\n<link rel=\"canonical\" href=\"https:\/\/tajkertesz.com\/en_US\/product\/betula-utilis-nyir\/\" \/>\n<meta property=\"og:locale\" content=\"en_US\" \/>\n<meta property=\"og:type\" content=\"article\" \/>\n<meta property=\"og:title\" content=\"Betula utilis ny\u00edr t\u00f6rzsre oltott - T\u00e1jkert\u00e9sz\" \/>\n<meta property=\"og:description\" content=\"Betula utilis ny\u00edr 8-10 m magasra megn\u00f6v\u0151, k\u00f6z\u00e9pmagas d\u00edszfa. T\u00f6rzse \u00e9s id\u0151sebb \u00e1gai is vil\u00e1g\u00edt\u00f3an h\u00f3feh\u00e9r t\u00f6rzs\u0171ek.\" \/>\n<meta property=\"og:url\" content=\"https:\/\/tajkertesz.com\/en_US\/product\/betula-utilis-nyir\/\" \/>\n<meta property=\"og:site_name\" content=\"T\u00e1jkert\u00e9sz\" \/>\n<meta property=\"article:publisher\" content=\"https:\/\/www.facebook.com\/Tajkertesz\/\" \/>\n<meta property=\"article:modified_time\" content=\"2024-10-31T10:14:53+00:00\" \/>\n<meta property=\"og:image\" content=\"https:\/\/tajkertesz.com\/wp-content\/uploads\/2020\/02\/betula.jpg\" \/>\n\t<meta property=\"og:image:width\" content=\"934\" \/>\n\t<meta property=\"og:image:height\" content=\"934\" \/>\n\t<meta property=\"og:image:type\" content=\"image\/jpeg\" \/>\n<meta name=\"twitter:card\" content=\"summary_large_image\" \/>\n<meta name=\"twitter:label1\" content=\"Est. reading time\" \/>\n\t<meta name=\"twitter:data1\" content=\"2 minutes\" \/>\n<script type=\"application\/ld+json\" class=\"yoast-schema-graph\">{\"@context\":\"https:\\\/\\\/schema.org\",\"@graph\":[{\"@type\":\"WebPage\",\"@id\":\"https:\\\/\\\/tajkertesz.com\\\/termek\\\/betula-utilis-nyir\\\/\",\"url\":\"https:\\\/\\\/tajkertesz.com\\\/termek\\\/betula-utilis-nyir\\\/\",\"name\":\"Betula utilis ny\u00edr t\u00f6rzsre oltott - T\u00e1jkert\u00e9sz\",\"isPartOf\":{\"@id\":\"https:\\\/\\\/tajkertesz.com\\\/#website\"},\"primaryImageOfPage\":{\"@id\":\"https:\\\/\\\/tajkertesz.com\\\/termek\\\/betula-utilis-nyir\\\/#primaryimage\"},\"image\":{\"@id\":\"https:\\\/\\\/tajkertesz.com\\\/termek\\\/betula-utilis-nyir\\\/#primaryimage\"},\"thumbnailUrl\":\"https:\\\/\\\/tajkertesz.com\\\/wp-content\\\/uploads\\\/2020\\\/02\\\/betula.jpg\",\"datePublished\":\"2020-02-14T16:09:26+00:00\",\"dateModified\":\"2024-10-31T10:14:53+00:00\",\"description\":\"Betula utilis ny\u00edr 8-10 m magasra megn\u00f6v\u0151, k\u00f6z\u00e9pmagas d\u00edszfa. T\u00f6rzse \u00e9s id\u0151sebb \u00e1gai is vil\u00e1g\u00edt\u00f3an h\u00f3feh\u00e9r t\u00f6rzs\u0171ek.\",\"breadcrumb\":{\"@id\":\"https:\\\/\\\/tajkertesz.com\\\/termek\\\/betula-utilis-nyir\\\/#breadcrumb\"},\"inLanguage\":\"en-US\",\"potentialAction\":[{\"@type\":\"ReadAction\",\"target\":[\"https:\\\/\\\/tajkertesz.com\\\/termek\\\/betula-utilis-nyir\\\/\"]}]},{\"@type\":\"ImageObject\",\"inLanguage\":\"en-US\",\"@id\":\"https:\\\/\\\/tajkertesz.com\\\/termek\\\/betula-utilis-nyir\\\/#primaryimage\",\"url\":\"https:\\\/\\\/tajkertesz.com\\\/wp-content\\\/uploads\\\/2020\\\/02\\\/betula.jpg\",\"contentUrl\":\"https:\\\/\\\/tajkertesz.com\\\/wp-content\\\/uploads\\\/2020\\\/02\\\/betula.jpg\",\"width\":934,\"height\":934},{\"@type\":\"BreadcrumbList\",\"@id\":\"https:\\\/\\\/tajkertesz.com\\\/termek\\\/betula-utilis-nyir\\\/#breadcrumb\",\"itemListElement\":[{\"@type\":\"ListItem\",\"position\":1,\"name\":\"Home\",\"item\":\"https:\\\/\\\/tajkertesz.com\\\/\"},{\"@type\":\"ListItem\",\"position\":2,\"name\":\"Kezd\u0151lap\",\"item\":\"https:\\\/\\\/tajkertesz.com\\\/\"},{\"@type\":\"ListItem\",\"position\":3,\"name\":\"Betula utilis ny\u00edr t\u00f6rzsre oltott\"}]},{\"@type\":\"WebSite\",\"@id\":\"https:\\\/\\\/tajkertesz.com\\\/#website\",\"url\":\"https:\\\/\\\/tajkertesz.com\\\/\",\"name\":\"T\u00e1j-Kert\u00e9sz 84 Kft.\",\"description\":\"Kert\u00e9szeti kis- \u00e9s nagykeresked\u00e9s, D\u00edszn\u00f6v\u00e9ny web\u00e1ruh\u00e1z orsz\u00e1gos h\u00e1zhozsz\u00e1ll\u00edt\u00e1ssal!\",\"publisher\":{\"@id\":\"https:\\\/\\\/tajkertesz.com\\\/#organization\"},\"potentialAction\":[{\"@type\":\"SearchAction\",\"target\":{\"@type\":\"EntryPoint\",\"urlTemplate\":\"https:\\\/\\\/tajkertesz.com\\\/?s={search_term_string}\"},\"query-input\":{\"@type\":\"PropertyValueSpecification\",\"valueRequired\":true,\"valueName\":\"search_term_string\"}}],\"inLanguage\":\"en-US\"},{\"@type\":\"Organization\",\"@id\":\"https:\\\/\\\/tajkertesz.com\\\/#organization\",\"name\":\"T\u00e1j-Kert\u00e9sz 84 Kft.\",\"url\":\"https:\\\/\\\/tajkertesz.com\\\/\",\"logo\":{\"@type\":\"ImageObject\",\"inLanguage\":\"en-US\",\"@id\":\"https:\\\/\\\/tajkertesz.com\\\/#\\\/schema\\\/logo\\\/image\\\/\",\"url\":\"https:\\\/\\\/tajkertesz.com\\\/wp-content\\\/uploads\\\/2018\\\/02\\\/logo-2-e1518678052539.png\",\"contentUrl\":\"https:\\\/\\\/tajkertesz.com\\\/wp-content\\\/uploads\\\/2018\\\/02\\\/logo-2-e1518678052539.png\",\"width\":81,\"height\":140,\"caption\":\"T\u00e1j-Kert\u00e9sz 84 Kft.\"},\"image\":{\"@id\":\"https:\\\/\\\/tajkertesz.com\\\/#\\\/schema\\\/logo\\\/image\\\/\"},\"sameAs\":[\"https:\\\/\\\/www.facebook.com\\\/Tajkertesz\\\/\"]}]}<\/script>\n<!-- \/ Yoast SEO plugin. -->","yoast_head_json":{"title":"Betula utilis ny\u00edr t\u00f6rzsre oltott - T\u00e1jkert\u00e9sz","description":"Betula utilis ny\u00edr 8-10 m magasra megn\u00f6v\u0151, k\u00f6z\u00e9pmagas d\u00edszfa. T\u00f6rzse \u00e9s id\u0151sebb \u00e1gai is vil\u00e1g\u00edt\u00f3an h\u00f3feh\u00e9r t\u00f6rzs\u0171ek.","robots":{"index":"index","follow":"follow","max-snippet":"max-snippet:-1","max-image-preview":"max-image-preview:large","max-video-preview":"max-video-preview:-1"},"canonical":"https:\/\/tajkertesz.com\/en_US\/product\/betula-utilis-nyir\/","og_locale":"en_US","og_type":"article","og_title":"Betula utilis ny\u00edr t\u00f6rzsre oltott - T\u00e1jkert\u00e9sz","og_description":"Betula utilis ny\u00edr 8-10 m magasra megn\u00f6v\u0151, k\u00f6z\u00e9pmagas d\u00edszfa. T\u00f6rzse \u00e9s id\u0151sebb \u00e1gai is vil\u00e1g\u00edt\u00f3an h\u00f3feh\u00e9r t\u00f6rzs\u0171ek.","og_url":"https:\/\/tajkertesz.com\/en_US\/product\/betula-utilis-nyir\/","og_site_name":"T\u00e1jkert\u00e9sz","article_publisher":"https:\/\/www.facebook.com\/Tajkertesz\/","article_modified_time":"2024-10-31T10:14:53+00:00","og_image":[{"width":934,"height":934,"url":"https:\/\/tajkertesz.com\/wp-content\/uploads\/2020\/02\/betula.jpg","type":"image\/jpeg"}],"twitter_card":"summary_large_image","twitter_misc":{"Est. reading time":"2 minutes"},"schema":{"@context":"https:\/\/schema.org","@graph":[{"@type":"WebPage","@id":"https:\/\/tajkertesz.com\/termek\/betula-utilis-nyir\/","url":"https:\/\/tajkertesz.com\/termek\/betula-utilis-nyir\/","name":"Betula utilis ny\u00edr t\u00f6rzsre oltott - T\u00e1jkert\u00e9sz","isPartOf":{"@id":"https:\/\/tajkertesz.com\/#website"},"primaryImageOfPage":{"@id":"https:\/\/tajkertesz.com\/termek\/betula-utilis-nyir\/#primaryimage"},"image":{"@id":"https:\/\/tajkertesz.com\/termek\/betula-utilis-nyir\/#primaryimage"},"thumbnailUrl":"https:\/\/tajkertesz.com\/wp-content\/uploads\/2020\/02\/betula.jpg","datePublished":"2020-02-14T16:09:26+00:00","dateModified":"2024-10-31T10:14:53+00:00","description":"Betula utilis ny\u00edr 8-10 m magasra megn\u00f6v\u0151, k\u00f6z\u00e9pmagas d\u00edszfa. T\u00f6rzse \u00e9s id\u0151sebb \u00e1gai is vil\u00e1g\u00edt\u00f3an h\u00f3feh\u00e9r t\u00f6rzs\u0171ek.","breadcrumb":{"@id":"https:\/\/tajkertesz.com\/termek\/betula-utilis-nyir\/#breadcrumb"},"inLanguage":"en-US","potentialAction":[{"@type":"ReadAction","target":["https:\/\/tajkertesz.com\/termek\/betula-utilis-nyir\/"]}]},{"@type":"ImageObject","inLanguage":"en-US","@id":"https:\/\/tajkertesz.com\/termek\/betula-utilis-nyir\/#primaryimage","url":"https:\/\/tajkertesz.com\/wp-content\/uploads\/2020\/02\/betula.jpg","contentUrl":"https:\/\/tajkertesz.com\/wp-content\/uploads\/2020\/02\/betula.jpg","width":934,"height":934},{"@type":"BreadcrumbList","@id":"https:\/\/tajkertesz.com\/termek\/betula-utilis-nyir\/#breadcrumb","itemListElement":[{"@type":"ListItem","position":1,"name":"Home","item":"https:\/\/tajkertesz.com\/"},{"@type":"ListItem","position":2,"name":"Kezd\u0151lap","item":"https:\/\/tajkertesz.com\/"},{"@type":"ListItem","position":3,"name":"Betula utilis ny\u00edr t\u00f6rzsre oltott"}]},{"@type":"WebSite","@id":"https:\/\/tajkertesz.com\/#website","url":"https:\/\/tajkertesz.com\/","name":"T\u00e1j-Kert\u00e9sz 84 Kft.","description":"Kert\u00e9szeti kis- \u00e9s nagykeresked\u00e9s, D\u00edszn\u00f6v\u00e9ny web\u00e1ruh\u00e1z orsz\u00e1gos h\u00e1zhozsz\u00e1ll\u00edt\u00e1ssal!","publisher":{"@id":"https:\/\/tajkertesz.com\/#organization"},"potentialAction":[{"@type":"SearchAction","target":{"@type":"EntryPoint","urlTemplate":"https:\/\/tajkertesz.com\/?s={search_term_string}"},"query-input":{"@type":"PropertyValueSpecification","valueRequired":true,"valueName":"search_term_string"}}],"inLanguage":"en-US"},{"@type":"Organization","@id":"https:\/\/tajkertesz.com\/#organization","name":"T\u00e1j-Kert\u00e9sz 84 Kft.","url":"https:\/\/tajkertesz.com\/","logo":{"@type":"ImageObject","inLanguage":"en-US","@id":"https:\/\/tajkertesz.com\/#\/schema\/logo\/image\/","url":"https:\/\/tajkertesz.com\/wp-content\/uploads\/2018\/02\/logo-2-e1518678052539.png","contentUrl":"https:\/\/tajkertesz.com\/wp-content\/uploads\/2018\/02\/logo-2-e1518678052539.png","width":81,"height":140,"caption":"T\u00e1j-Kert\u00e9sz 84 Kft."},"image":{"@id":"https:\/\/tajkertesz.com\/#\/schema\/logo\/image\/"},"sameAs":["https:\/\/www.facebook.com\/Tajkertesz\/"]}]}},"_links":{"self":[{"href":"https:\/\/tajkertesz.com\/en_US\/wp-json\/wp\/v2\/product\/779","targetHints":{"allow":["GET"]}}],"collection":[{"href":"https:\/\/tajkertesz.com\/en_US\/wp-json\/wp\/v2\/product"}],"about":[{"href":"https:\/\/tajkertesz.com\/en_US\/wp-json\/wp\/v2\/types\/product"}],"wp:featuredmedia":[{"embeddable":true,"href":"https:\/\/tajkertesz.com\/en_US\/wp-json\/wp\/v2\/media\/21500"}],"wp:attachment":[{"href":"https:\/\/tajkertesz.com\/en_US\/wp-json\/wp\/v2\/media?parent=779"}],"wp:term":[{"taxonomy":"product_brand","embeddable":true,"href":"https:\/\/tajkertesz.com\/en_US\/wp-json\/wp\/v2\/product_brand?post=779"},{"taxonomy":"product_cat","embeddable":true,"href":"https:\/\/tajkertesz.com\/en_US\/wp-json\/wp\/v2\/product_cat?post=779"},{"taxonomy":"product_tag","embeddable":true,"href":"https:\/\/tajkertesz.com\/en_US\/wp-json\/wp\/v2\/product_tag?post=779"}],"curies":[{"name":"wp","href":"https:\/\/api.w.org\/{rel}","templated":true}]}}