{"id":7846,"date":"2021-08-02T08:19:12","date_gmt":"2021-08-02T08:19:12","guid":{"rendered":"https:\/\/tajkertesz.com\/?post_type=product&#038;p=7846"},"modified":"2024-08-09T14:18:13","modified_gmt":"2024-08-09T14:18:13","slug":"locsolotomlo-fitt-nts-lime-1-2-25-m-24-bar-csavarodasmentes","status":"publish","type":"product","link":"https:\/\/tajkertesz.com\/en_US\/product\/locsolotomlo-fitt-nts-lime-1-2-25-m-24-bar-csavarodasmentes\/","title":{"rendered":"Locsol\u00f3t\u00f6ml\u0151 FITT NTS Lime 1\/2&#8243; 25 m 24 bar csavarod\u00e1smentes"},"content":{"rendered":"<div class=\"artdet__name-rating d-none d-lg-block\">\n<div class=\"row gutters-5\">\n<div class=\"col\">\n<h2>Locsol\u00f3t\u00f6ml\u0151 FITT NTS Lime 1\/2&#8243; 25 m 24 bar csavarod\u00e1smentes<\/h2>\n<p>Locsol\u00f3t\u00f6ml\u0151 FITT NTS Lime 1\/2&#8243; 25 m 24 bar csavarod\u00e1smentes<\/p>\n<p>&#8211; 5 r\u00e9teg\u0171, csavarod\u00e1smentes kerti locsol\u00f3t\u00f6ml\u0151<br \/>\n&#8211; UV \u00e1ll\u00f3<br \/>\n&#8211; alga g\u00e1tl\u00f3s<br \/>\n&#8211; 24bar<\/p>\n<\/div>\n<\/div>\n<\/div>\n<div><a href=\"https:\/\/www.facebook.com\/tajkertesz\">https:\/\/www.facebook.com\/tajkertesz<\/a><\/div>\n<div>\n<p><a href=\"https:\/\/tajkertesz.com\/\">https:\/\/tajkertesz.com\/<\/a><\/p>\n<\/div>\n<div>K\u00e9szlet\u00fcnk napi szinten v\u00e1ltozik, \u00edgy a v\u00e1ltoz\u00e1s jog\u00e1t fenntartjuk!<\/div>\n<div>\n<p><span style=\"color: #ffffff;\">Nagyj\u00e1b\u00f3l 5-6 m\u00e9teres magass\u00e1gig n\u00f6v\u0151 n\u00f6v\u00e9ny. Termet\u00e9t tekintve a fajt\u00e1k k\u00f6z\u00f6tt a nagyobbak k\u00f6z\u00e9 tartozik, \u00e9s form\u00e1ja a v\u00e1z\u00e1hoz hasonl\u00edthat\u00f3 legink\u00e1bb. Vir\u00e1gai ny\u00e1r k\u00f6zep\u00e9t\u0151l \u0151szig pirosba fordulnak, egyed\u00fcl\u00e1ll\u00f3 sz\u00ednvil\u00e1got k\u00f6lcs\u00f6n\u00f6zve a n\u00f6v\u00e9nynek.<\/span><\/p>\n<p><span style=\"color: #ffffff;\">M\u00e9rete:\u00a070-90 cm\u00a0kont\u00e9neres, K1<\/span><\/p>\n<p><span style=\"color: #ffffff;\">Nagyj\u00e1b\u00f3l 5-6 m\u00e9teres magass\u00e1gig n\u00f6v\u0151 n\u00f6v\u00e9ny. Termet\u00e9t tekintve a fajt\u00e1k k\u00f6z\u00f6tt a nagyobbak k\u00f6z\u00e9 tartozik, \u00e9s form\u00e1ja a v\u00e1z\u00e1hoz hasonl\u00edthat\u00f3 legink\u00e1bb. Vir\u00e1gai ny\u00e1r k\u00f6zep\u00e9t\u0151l \u0151szig pirosba fordulnak, egyed\u00fcl\u00e1ll\u00f3 sz\u00ednvil\u00e1got k\u00f6lcs\u00f6n\u00f6zve a n\u00f6v\u00e9nynek.<\/span><\/p>\n<p><span style=\"color: #ffffff;\">M\u00e9rete: 70-90 cm kont\u00e9neres, K1v<\/span><\/p>\n<\/div>\n<h4><span style=\"color: #ffffff;\">A meleg \u00e1gy\u00e1s val\u00f3j\u00e1ban nem m\u00e1s mint egy vastag tr\u00e1gyar\u00e9teg besz\u00f3rva valamennyi f\u00f6lddel. A meleg\u00e1gy tr\u00e1gyakever\u00e9ke att\u00f3l f\u00fcgg milyen id\u0151tartamra k\u00e9ri a meleget a rajta termeszteni k\u00edv\u00e1nt n\u00f6v\u00e9nykult\u00fara. A l\u00f3tr\u00e1gya hirtelen ad sok meleget. Ez\u00e9rt ezt t\u00e9l v\u00e9ge fel\u00e9 alkalmazt\u00e1k. A marhatr\u00e1gya lassan ad kevesebb meleget, de huzamosabb ideig. A l\u00f3 \u00e9s szarvasmarha tr\u00e1gya kever\u00e9k\u00e9t annak megfelel\u0151en kevert\u00e9k be hogy t\u00f6bb meleg kellett hirtelen, vagy kevesebb meleg hosszabb t\u00e1von. Ha kev\u00e9s a szerves tr\u00e1gya a meleg\u00e1gy al\u00e1, akkor p\u00f3tolhat\u00f3 szalm\u00e1val, \u00e9s m\u0171tr\u00e1gy\u00e1val. A meleg\u00e1gy minden esetben fedhet\u0151 az \u00e9jjeli leh\u0171l\u00e9s megakad\u00e1lyoz\u00e1s\u00e1ra.A meleg \u00e1gy\u00e1s val\u00f3j\u00e1ban nem m\u00e1s mint egy vastag tr\u00e1gyar\u00e9teg besz\u00f3rva valamennyi f\u00f6lddel. A meleg\u00e1gy tr\u00e1gyakever\u00e9ke att\u00f3l f\u00fcgg milyen id\u0151tartamra k\u00e9ri a meleget a rajta termeszteni k\u00edv\u00e1nt n\u00f6v\u00e9nykult\u00fara. A l\u00f3tr\u00e1gya hirtelen ad sok meleget. Ez\u00e9rt ezt t\u00e9l v\u00e9ge fel\u00e9 alkalmazt\u00e1k. A marhatr\u00e1gya lassan ad kevesebb meleget, de huzamosabb ideig. A l\u00f3 \u00e9s szarvasmarha tr\u00e1gya kever\u00e9k\u00e9t annak megfelel\u0151en kevert\u00e9k be hogy t\u00f6bb meleg kellett hirtelen, vagy kevesebb meleg hosszabb t\u00e1von. Ha kev\u00e9s a szerves tr\u00e1gya a meleg\u00e1gy al\u00e1, akkor p\u00f3tolhat\u00f3 szalm\u00e1val, \u00e9s m\u0171tr\u00e1gy\u00e1val. A meleg\u00e1gy minden esetben fedhet\u0151 az \u00e9jjeli leh\u0171l\u00e9s megakad\u00e1lyoz\u00e1s\u00e1ra.<\/span><\/h4>","protected":false},"excerpt":{"rendered":"<div class=\"artdet__name-rating d-none d-lg-block\">\n<div class=\"row gutters-5\">\n<div class=\"col\">\n<div class=\"artdet__name-rating d-none d-lg-block\">\n<div class=\"row gutters-5\">\n<div class=\"col\">\n<div class=\"artdet__name-rating d-none d-lg-block\">\n<div class=\"row gutters-5\">\n<div class=\"col\">\n<div class=\"artdet__name-rating d-none d-lg-block\">\n<div class=\"row gutters-5\">\n<div class=\"col\">\n<div class=\"artdet__name-rating d-none d-lg-block\">\n<div class=\"row gutters-5\">\n<div class=\"col\">\n<div class=\"artdet__name-rating d-none d-lg-block\">\n<div class=\"row gutters-5\">\n<div class=\"col\">\n<div class=\"artdet__name-rating d-none d-lg-block\">\n<div class=\"row gutters-5\">\n<div class=\"col\">\n<div class=\"artdet__name-rating d-none d-lg-block\">\n<div class=\"row gutters-5\">\n<div class=\"col\">\n<div class=\"artdet__name-rating d-none d-lg-block\">\n<div class=\"row gutters-5\">\n<div class=\"col\">\n<div class=\"artdet__name-rating d-none d-lg-block\">\n<div class=\"row gutters-5\">\n<div class=\"col\">\n<div class=\"artdet__name-rating d-none d-lg-block\">\n<div class=\"row gutters-5\">\n<div class=\"col\">\n<div class=\"artdet__name-rating d-none d-lg-block\">\n<div class=\"row gutters-5\">\n<div class=\"col\">\n<h2>Locsol\u00f3t\u00f6ml\u0151 FITT NTS Lime 1\/2&#8243; 25 m 24 bar csavarod\u00e1smentes<\/h2>\n<div id=\"bodyContent\" class=\"mw-body-content\">\n<div id=\"mw-content-text\" class=\"mw-content-ltr\" dir=\"ltr\" lang=\"hu\">\n<div id=\"bodyContent\" class=\"mw-body-content\">\n<div id=\"mw-content-text\" class=\"mw-content-ltr\" dir=\"ltr\" lang=\"hu\">\n<p><b>K\u00e9szlet\u00fcnk napi szinten v\u00e1ltozik, ez\u00e9rt k\u00e9rj\u00fck, \u00e9rdekl\u0151dj\u00f6n szem\u00e9lyesen, telefonon vagy email-en.<\/b><\/p>\n<p>Term\u00e9keinket szem\u00e9lyesen is \u00e1tveheti a h\u00e9t minden napj\u00e1n nyitvatart\u00e1si id\u0151ben!<\/p>\n<p>Kisz\u00e1ll\u00edt\u00e1s: 200 cm \u00e9s 40 kg-ig a sz\u00e1ll\u00edt\u00e1s fut\u00e1rszolg\u00e1lattal t\u00f6rt\u00e9nik.<\/p>\n<\/div>\n<\/div>\n<\/div>\n<\/div>\n<p><b>A v\u00e1ltoztat\u00e1s jog\u00e1t fenntartjuk!\u00a0<\/b><\/p>\n<p>&nbsp;<\/p>\n<\/div>\n<\/div>\n<\/div>\n<\/div>\n<\/div>\n<\/div>\n<\/div>\n<\/div>\n<\/div>\n<\/div>\n<\/div>\n<\/div>\n<\/div>\n<\/div>\n<\/div>\n<\/div>\n<\/div>\n<\/div>\n<\/div>\n<\/div>\n<\/div>\n<\/div>\n<\/div>\n<\/div>\n<\/div>\n<\/div>\n<\/div>\n<\/div>\n<\/div>\n<\/div>\n<\/div>\n<\/div>\n<\/div>\n<\/div>\n<\/div>\n<\/div>","protected":false},"featured_media":7847,"template":"","meta":{"_et_pb_use_builder":"","_et_pb_old_content":"","_et_gb_content_width":""},"product_brand":[],"product_cat":[4333],"product_tag":[2279],"class_list":{"0":"post-7846","1":"product","2":"type-product","3":"status-publish","4":"has-post-thumbnail","6":"product_cat-tomlok-slagok","7":"product_tag-locsolotomlo-fitt-nts-lime-3-4-25-m-50-fm-24-bar-csavarodasmentes","9":"first","10":"instock","11":"shipping-taxable","12":"purchasable","13":"product-type-simple"},"yoast_head":"<!-- This site is optimized with the Yoast SEO plugin v27.5 - https:\/\/yoast.com\/product\/yoast-seo-wordpress\/ -->\n<title>Locsol\u00f3t\u00f6ml\u0151 FITT NTS Lime 1\/2&quot; 25 m 24 bar csavarod\u00e1smentes - T\u00e1jkert\u00e9sz<\/title>\n<meta name=\"description\" content=\"Locsol\u00f3t\u00f6ml\u0151 FITT NTS Lime 1\/2&quot; 25 m 24 bar csavarod\u00e1smentes. Locsol\u00f3t\u00f6ml\u0151 FITT NTS Lime 1\/2&quot; 25 m 24 bar csavarod\u00e1smentes- 5 r\u00e9teg\u0171, csavarod\u00e1smentes...\" \/>\n<meta name=\"robots\" content=\"index, follow, max-snippet:-1, max-image-preview:large, max-video-preview:-1\" \/>\n<link rel=\"canonical\" href=\"https:\/\/tajkertesz.com\/en_US\/product\/locsolotomlo-fitt-nts-lime-1-2-25-m-24-bar-csavarodasmentes\/\" \/>\n<meta property=\"og:locale\" content=\"en_US\" \/>\n<meta property=\"og:type\" content=\"article\" \/>\n<meta property=\"og:title\" content=\"Locsol\u00f3t\u00f6ml\u0151 FITT NTS Lime 1\/2&quot; 25 m 24 bar csavarod\u00e1smentes - T\u00e1jkert\u00e9sz\" \/>\n<meta property=\"og:description\" content=\"Locsol\u00f3t\u00f6ml\u0151 FITT NTS Lime 1\/2&quot; 25 m 24 bar csavarod\u00e1smentes. Locsol\u00f3t\u00f6ml\u0151 FITT NTS Lime 1\/2&quot; 25 m 24 bar csavarod\u00e1smentes- 5 r\u00e9teg\u0171, csavarod\u00e1smentes...\" \/>\n<meta property=\"og:url\" content=\"https:\/\/tajkertesz.com\/en_US\/product\/locsolotomlo-fitt-nts-lime-1-2-25-m-24-bar-csavarodasmentes\/\" \/>\n<meta property=\"og:site_name\" content=\"T\u00e1jkert\u00e9sz\" \/>\n<meta property=\"article:publisher\" content=\"https:\/\/www.facebook.com\/Tajkertesz\/\" \/>\n<meta property=\"article:modified_time\" content=\"2024-08-09T14:18:13+00:00\" \/>\n<meta property=\"og:image\" content=\"https:\/\/tajkertesz.com\/wp-content\/uploads\/2021\/08\/829347705.fitt-1-2-25m-71017-16625-59064.jpg\" \/>\n\t<meta property=\"og:image:width\" content=\"593\" \/>\n\t<meta property=\"og:image:height\" content=\"600\" \/>\n\t<meta property=\"og:image:type\" content=\"image\/jpeg\" \/>\n<meta name=\"twitter:card\" content=\"summary_large_image\" \/>\n<meta name=\"twitter:label1\" content=\"Est. reading time\" \/>\n\t<meta name=\"twitter:data1\" content=\"2 minutes\" \/>\n<script type=\"application\/ld+json\" class=\"yoast-schema-graph\">{\"@context\":\"https:\\\/\\\/schema.org\",\"@graph\":[{\"@type\":\"WebPage\",\"@id\":\"https:\\\/\\\/tajkertesz.com\\\/termek\\\/locsolotomlo-fitt-nts-lime-1-2-25-m-24-bar-csavarodasmentes\\\/\",\"url\":\"https:\\\/\\\/tajkertesz.com\\\/termek\\\/locsolotomlo-fitt-nts-lime-1-2-25-m-24-bar-csavarodasmentes\\\/\",\"name\":\"Locsol\u00f3t\u00f6ml\u0151 FITT NTS Lime 1\\\/2\\\" 25 m 24 bar csavarod\u00e1smentes - T\u00e1jkert\u00e9sz\",\"isPartOf\":{\"@id\":\"https:\\\/\\\/tajkertesz.com\\\/#website\"},\"primaryImageOfPage\":{\"@id\":\"https:\\\/\\\/tajkertesz.com\\\/termek\\\/locsolotomlo-fitt-nts-lime-1-2-25-m-24-bar-csavarodasmentes\\\/#primaryimage\"},\"image\":{\"@id\":\"https:\\\/\\\/tajkertesz.com\\\/termek\\\/locsolotomlo-fitt-nts-lime-1-2-25-m-24-bar-csavarodasmentes\\\/#primaryimage\"},\"thumbnailUrl\":\"https:\\\/\\\/tajkertesz.com\\\/wp-content\\\/uploads\\\/2021\\\/08\\\/829347705.fitt-1-2-25m-71017-16625-59064.jpg\",\"datePublished\":\"2021-08-02T08:19:12+00:00\",\"dateModified\":\"2024-08-09T14:18:13+00:00\",\"description\":\"Locsol\u00f3t\u00f6ml\u0151 FITT NTS Lime 1\\\/2\\\" 25 m 24 bar csavarod\u00e1smentes. Locsol\u00f3t\u00f6ml\u0151 FITT NTS Lime 1\\\/2\\\" 25 m 24 bar csavarod\u00e1smentes- 5 r\u00e9teg\u0171, csavarod\u00e1smentes...\",\"breadcrumb\":{\"@id\":\"https:\\\/\\\/tajkertesz.com\\\/termek\\\/locsolotomlo-fitt-nts-lime-1-2-25-m-24-bar-csavarodasmentes\\\/#breadcrumb\"},\"inLanguage\":\"en-US\",\"potentialAction\":[{\"@type\":\"ReadAction\",\"target\":[\"https:\\\/\\\/tajkertesz.com\\\/termek\\\/locsolotomlo-fitt-nts-lime-1-2-25-m-24-bar-csavarodasmentes\\\/\"]}]},{\"@type\":\"ImageObject\",\"inLanguage\":\"en-US\",\"@id\":\"https:\\\/\\\/tajkertesz.com\\\/termek\\\/locsolotomlo-fitt-nts-lime-1-2-25-m-24-bar-csavarodasmentes\\\/#primaryimage\",\"url\":\"https:\\\/\\\/tajkertesz.com\\\/wp-content\\\/uploads\\\/2021\\\/08\\\/829347705.fitt-1-2-25m-71017-16625-59064.jpg\",\"contentUrl\":\"https:\\\/\\\/tajkertesz.com\\\/wp-content\\\/uploads\\\/2021\\\/08\\\/829347705.fitt-1-2-25m-71017-16625-59064.jpg\",\"width\":593,\"height\":600},{\"@type\":\"BreadcrumbList\",\"@id\":\"https:\\\/\\\/tajkertesz.com\\\/termek\\\/locsolotomlo-fitt-nts-lime-1-2-25-m-24-bar-csavarodasmentes\\\/#breadcrumb\",\"itemListElement\":[{\"@type\":\"ListItem\",\"position\":1,\"name\":\"Home\",\"item\":\"https:\\\/\\\/tajkertesz.com\\\/\"},{\"@type\":\"ListItem\",\"position\":2,\"name\":\"Kezd\u0151lap\",\"item\":\"https:\\\/\\\/tajkertesz.com\\\/\"},{\"@type\":\"ListItem\",\"position\":3,\"name\":\"Locsol\u00f3t\u00f6ml\u0151 FITT NTS Lime 1\\\/2&#8243; 25 m 24 bar csavarod\u00e1smentes\"}]},{\"@type\":\"WebSite\",\"@id\":\"https:\\\/\\\/tajkertesz.com\\\/#website\",\"url\":\"https:\\\/\\\/tajkertesz.com\\\/\",\"name\":\"T\u00e1j-Kert\u00e9sz 84 Kft.\",\"description\":\"Kert\u00e9szeti kis- \u00e9s nagykeresked\u00e9s, D\u00edszn\u00f6v\u00e9ny web\u00e1ruh\u00e1z orsz\u00e1gos h\u00e1zhozsz\u00e1ll\u00edt\u00e1ssal!\",\"publisher\":{\"@id\":\"https:\\\/\\\/tajkertesz.com\\\/#organization\"},\"potentialAction\":[{\"@type\":\"SearchAction\",\"target\":{\"@type\":\"EntryPoint\",\"urlTemplate\":\"https:\\\/\\\/tajkertesz.com\\\/?s={search_term_string}\"},\"query-input\":{\"@type\":\"PropertyValueSpecification\",\"valueRequired\":true,\"valueName\":\"search_term_string\"}}],\"inLanguage\":\"en-US\"},{\"@type\":\"Organization\",\"@id\":\"https:\\\/\\\/tajkertesz.com\\\/#organization\",\"name\":\"T\u00e1j-Kert\u00e9sz 84 Kft.\",\"url\":\"https:\\\/\\\/tajkertesz.com\\\/\",\"logo\":{\"@type\":\"ImageObject\",\"inLanguage\":\"en-US\",\"@id\":\"https:\\\/\\\/tajkertesz.com\\\/#\\\/schema\\\/logo\\\/image\\\/\",\"url\":\"https:\\\/\\\/tajkertesz.com\\\/wp-content\\\/uploads\\\/2018\\\/02\\\/logo-2-e1518678052539.png\",\"contentUrl\":\"https:\\\/\\\/tajkertesz.com\\\/wp-content\\\/uploads\\\/2018\\\/02\\\/logo-2-e1518678052539.png\",\"width\":81,\"height\":140,\"caption\":\"T\u00e1j-Kert\u00e9sz 84 Kft.\"},\"image\":{\"@id\":\"https:\\\/\\\/tajkertesz.com\\\/#\\\/schema\\\/logo\\\/image\\\/\"},\"sameAs\":[\"https:\\\/\\\/www.facebook.com\\\/Tajkertesz\\\/\"]}]}<\/script>\n<!-- \/ Yoast SEO plugin. -->","yoast_head_json":{"title":"Locsol\u00f3t\u00f6ml\u0151 FITT NTS Lime 1\/2\" 25 m 24 bar csavarod\u00e1smentes - T\u00e1jkert\u00e9sz","description":"Locsol\u00f3t\u00f6ml\u0151 FITT NTS Lime 1\/2\" 25 m 24 bar csavarod\u00e1smentes. Locsol\u00f3t\u00f6ml\u0151 FITT NTS Lime 1\/2\" 25 m 24 bar csavarod\u00e1smentes- 5 r\u00e9teg\u0171, csavarod\u00e1smentes...","robots":{"index":"index","follow":"follow","max-snippet":"max-snippet:-1","max-image-preview":"max-image-preview:large","max-video-preview":"max-video-preview:-1"},"canonical":"https:\/\/tajkertesz.com\/en_US\/product\/locsolotomlo-fitt-nts-lime-1-2-25-m-24-bar-csavarodasmentes\/","og_locale":"en_US","og_type":"article","og_title":"Locsol\u00f3t\u00f6ml\u0151 FITT NTS Lime 1\/2\" 25 m 24 bar csavarod\u00e1smentes - T\u00e1jkert\u00e9sz","og_description":"Locsol\u00f3t\u00f6ml\u0151 FITT NTS Lime 1\/2\" 25 m 24 bar csavarod\u00e1smentes. Locsol\u00f3t\u00f6ml\u0151 FITT NTS Lime 1\/2\" 25 m 24 bar csavarod\u00e1smentes- 5 r\u00e9teg\u0171, csavarod\u00e1smentes...","og_url":"https:\/\/tajkertesz.com\/en_US\/product\/locsolotomlo-fitt-nts-lime-1-2-25-m-24-bar-csavarodasmentes\/","og_site_name":"T\u00e1jkert\u00e9sz","article_publisher":"https:\/\/www.facebook.com\/Tajkertesz\/","article_modified_time":"2024-08-09T14:18:13+00:00","og_image":[{"width":593,"height":600,"url":"https:\/\/tajkertesz.com\/wp-content\/uploads\/2021\/08\/829347705.fitt-1-2-25m-71017-16625-59064.jpg","type":"image\/jpeg"}],"twitter_card":"summary_large_image","twitter_misc":{"Est. reading time":"2 minutes"},"schema":{"@context":"https:\/\/schema.org","@graph":[{"@type":"WebPage","@id":"https:\/\/tajkertesz.com\/termek\/locsolotomlo-fitt-nts-lime-1-2-25-m-24-bar-csavarodasmentes\/","url":"https:\/\/tajkertesz.com\/termek\/locsolotomlo-fitt-nts-lime-1-2-25-m-24-bar-csavarodasmentes\/","name":"Locsol\u00f3t\u00f6ml\u0151 FITT NTS Lime 1\/2\" 25 m 24 bar csavarod\u00e1smentes - T\u00e1jkert\u00e9sz","isPartOf":{"@id":"https:\/\/tajkertesz.com\/#website"},"primaryImageOfPage":{"@id":"https:\/\/tajkertesz.com\/termek\/locsolotomlo-fitt-nts-lime-1-2-25-m-24-bar-csavarodasmentes\/#primaryimage"},"image":{"@id":"https:\/\/tajkertesz.com\/termek\/locsolotomlo-fitt-nts-lime-1-2-25-m-24-bar-csavarodasmentes\/#primaryimage"},"thumbnailUrl":"https:\/\/tajkertesz.com\/wp-content\/uploads\/2021\/08\/829347705.fitt-1-2-25m-71017-16625-59064.jpg","datePublished":"2021-08-02T08:19:12+00:00","dateModified":"2024-08-09T14:18:13+00:00","description":"Locsol\u00f3t\u00f6ml\u0151 FITT NTS Lime 1\/2\" 25 m 24 bar csavarod\u00e1smentes. Locsol\u00f3t\u00f6ml\u0151 FITT NTS Lime 1\/2\" 25 m 24 bar csavarod\u00e1smentes- 5 r\u00e9teg\u0171, csavarod\u00e1smentes...","breadcrumb":{"@id":"https:\/\/tajkertesz.com\/termek\/locsolotomlo-fitt-nts-lime-1-2-25-m-24-bar-csavarodasmentes\/#breadcrumb"},"inLanguage":"en-US","potentialAction":[{"@type":"ReadAction","target":["https:\/\/tajkertesz.com\/termek\/locsolotomlo-fitt-nts-lime-1-2-25-m-24-bar-csavarodasmentes\/"]}]},{"@type":"ImageObject","inLanguage":"en-US","@id":"https:\/\/tajkertesz.com\/termek\/locsolotomlo-fitt-nts-lime-1-2-25-m-24-bar-csavarodasmentes\/#primaryimage","url":"https:\/\/tajkertesz.com\/wp-content\/uploads\/2021\/08\/829347705.fitt-1-2-25m-71017-16625-59064.jpg","contentUrl":"https:\/\/tajkertesz.com\/wp-content\/uploads\/2021\/08\/829347705.fitt-1-2-25m-71017-16625-59064.jpg","width":593,"height":600},{"@type":"BreadcrumbList","@id":"https:\/\/tajkertesz.com\/termek\/locsolotomlo-fitt-nts-lime-1-2-25-m-24-bar-csavarodasmentes\/#breadcrumb","itemListElement":[{"@type":"ListItem","position":1,"name":"Home","item":"https:\/\/tajkertesz.com\/"},{"@type":"ListItem","position":2,"name":"Kezd\u0151lap","item":"https:\/\/tajkertesz.com\/"},{"@type":"ListItem","position":3,"name":"Locsol\u00f3t\u00f6ml\u0151 FITT NTS Lime 1\/2&#8243; 25 m 24 bar csavarod\u00e1smentes"}]},{"@type":"WebSite","@id":"https:\/\/tajkertesz.com\/#website","url":"https:\/\/tajkertesz.com\/","name":"T\u00e1j-Kert\u00e9sz 84 Kft.","description":"Kert\u00e9szeti kis- \u00e9s nagykeresked\u00e9s, D\u00edszn\u00f6v\u00e9ny web\u00e1ruh\u00e1z orsz\u00e1gos h\u00e1zhozsz\u00e1ll\u00edt\u00e1ssal!","publisher":{"@id":"https:\/\/tajkertesz.com\/#organization"},"potentialAction":[{"@type":"SearchAction","target":{"@type":"EntryPoint","urlTemplate":"https:\/\/tajkertesz.com\/?s={search_term_string}"},"query-input":{"@type":"PropertyValueSpecification","valueRequired":true,"valueName":"search_term_string"}}],"inLanguage":"en-US"},{"@type":"Organization","@id":"https:\/\/tajkertesz.com\/#organization","name":"T\u00e1j-Kert\u00e9sz 84 Kft.","url":"https:\/\/tajkertesz.com\/","logo":{"@type":"ImageObject","inLanguage":"en-US","@id":"https:\/\/tajkertesz.com\/#\/schema\/logo\/image\/","url":"https:\/\/tajkertesz.com\/wp-content\/uploads\/2018\/02\/logo-2-e1518678052539.png","contentUrl":"https:\/\/tajkertesz.com\/wp-content\/uploads\/2018\/02\/logo-2-e1518678052539.png","width":81,"height":140,"caption":"T\u00e1j-Kert\u00e9sz 84 Kft."},"image":{"@id":"https:\/\/tajkertesz.com\/#\/schema\/logo\/image\/"},"sameAs":["https:\/\/www.facebook.com\/Tajkertesz\/"]}]}},"_links":{"self":[{"href":"https:\/\/tajkertesz.com\/en_US\/wp-json\/wp\/v2\/product\/7846","targetHints":{"allow":["GET"]}}],"collection":[{"href":"https:\/\/tajkertesz.com\/en_US\/wp-json\/wp\/v2\/product"}],"about":[{"href":"https:\/\/tajkertesz.com\/en_US\/wp-json\/wp\/v2\/types\/product"}],"wp:featuredmedia":[{"embeddable":true,"href":"https:\/\/tajkertesz.com\/en_US\/wp-json\/wp\/v2\/media\/7847"}],"wp:attachment":[{"href":"https:\/\/tajkertesz.com\/en_US\/wp-json\/wp\/v2\/media?parent=7846"}],"wp:term":[{"taxonomy":"product_brand","embeddable":true,"href":"https:\/\/tajkertesz.com\/en_US\/wp-json\/wp\/v2\/product_brand?post=7846"},{"taxonomy":"product_cat","embeddable":true,"href":"https:\/\/tajkertesz.com\/en_US\/wp-json\/wp\/v2\/product_cat?post=7846"},{"taxonomy":"product_tag","embeddable":true,"href":"https:\/\/tajkertesz.com\/en_US\/wp-json\/wp\/v2\/product_tag?post=7846"}],"curies":[{"name":"wp","href":"https:\/\/api.w.org\/{rel}","templated":true}]}}