{"id":7850,"date":"2021-08-02T08:26:42","date_gmt":"2021-08-02T08:26:42","guid":{"rendered":"https:\/\/tajkertesz.com\/?post_type=product&#038;p=7850"},"modified":"2023-09-19T08:36:07","modified_gmt":"2023-09-19T08:36:07","slug":"bradas-gl3701-tomlokocsi-45m-1-2-tomlohoz","status":"publish","type":"product","link":"https:\/\/tajkertesz.com\/en_US\/product\/bradas-gl3701-tomlokocsi-45m-1-2-tomlohoz\/","title":{"rendered":"Bradas GL3701 t\u00f6ml\u0151kocsi 45m, 1\/2&#8243; t\u00f6ml\u0151h\u00f6z"},"content":{"rendered":"<div class=\"artdet__name-rating d-none d-lg-block\">\n<div class=\"row gutters-5\">\n<div class=\"col\">\n<h1 class=\"product-page-heading\"><span class=\"product-page-product-name\">Bradas GL3701 t\u00f6ml\u0151kocsi 45m, 1\/2&#8243; t\u00f6ml\u0151h\u00f6z<\/span><\/h1>\n<p class=\"product-page-heading\"><span class=\"product-page-product-name\">Bradas GL3701 t\u00f6ml\u0151kocsi 45m, 1\/2&#8243; t\u00f6ml\u0151h\u00f6z, A Bradas GL3701 t\u00f6ml\u0151kocsi jelent\u0151sen megk\u00f6nny\u00edti a locsol\u00f3t\u00f6ml\u0151 t\u00e1rol\u00e1s\u00e1t \u00e9s a kertben val\u00f3 mozgat\u00e1s\u00e1t. Lehet\u0151v\u00e9 teszi annak k\u00f6nny\u0171 leereszt\u00e9s\u00e9t illetve a felcs\u00e9v\u00e9l\u00e9s\u00e9t an\u00e9lk\u00fcl, hogy felesleges er\u0151fesz\u00edt\u00e9st ig\u00e9nyelne \u00e9s megakad\u00e1lyozza a t\u00f6ml\u0151 csavarod\u00e1s\u00e1t. K\u00f6nnyen \u00e9s k\u00e9nyelmesen fel lehet cs\u00e9v\u00e9lni 45 m\u00e9ter, 1\/2&#8243; \u00e1tm\u00e9r\u0151j\u0171 t\u00f6ml\u0151t. A tart\u00f3s, er\u0151s, UV \u00e1ll\u00f3 anyagb\u00f3l k\u00e9sz\u00fclt t\u00f6ml\u0151kocsi garant\u00e1lja a hossz\u00fat\u00e1v\u00fa haszn\u00e1latot. A kocsi v\u00e1z \u00e9s a foganty\u00fa pedig rozsda \u00e9s korr\u00f3zi\u00f3 ellen\u00e1ll\u00f3 anyagb\u00f3l k\u00e9sz\u00fclt. A professzion\u00e1lis forg\u00f3 csatlakoz\u00f3 a t\u00f6ml\u0151 egyenletes \u00e9s t\u00f6r\u00e9s mentes felteker\u00e9s\u00e9r\u0151l gondoskodik. A t\u00f6ml\u0151 felteker\u00e9s egy praktikus hajt\u00f3kar seg\u00edts\u00e9g\u00e9vel t\u00f6rt\u00e9nik. A nagy, k\u00f6nnyen forg\u00f3 kerekek, melyek speci\u00e1lis profillal rendelkeznek megel\u0151zik a kocsi cs\u00fasz\u00e1s\u00e1t. A h\u00edres lengyel Bradas c\u00e9g a 90-es \u00e9vek \u00f3ta m\u0171k\u00f6dik a kert\u00e9szeti \u00e9s m\u0171szaki term\u00e9kek piac\u00e1n, jelenleg az ipar\u00e1g egyik vezet\u0151je.<\/span><\/p>\n<\/div>\n<\/div>\n<\/div>\n<div><a href=\"https:\/\/www.facebook.com\/tajkertesz\">https:\/\/www.facebook.com\/tajkertesz<\/a><\/div>\n<div>\n<p><a href=\"https:\/\/tajkertesz.com\/\">https:\/\/tajkertesz.com\/<\/a><\/p>\n<\/div>\n<div>K\u00e9szlet\u00fcnk napi szinten v\u00e1ltozik, \u00edgy a v\u00e1ltoz\u00e1s jog\u00e1t fenntartjuk!<\/div>\n<h4><span style=\"color: #ffffff;\">A meleg \u00e1gy\u00e1s val\u00f3j\u00e1ban nem m\u00e1s mint egy vastag tr\u00e1gyar\u00e9teg besz\u00f3rva valamennyi f\u00f6lddel. A meleg\u00e1gy tr\u00e1gyakever\u00e9ke att\u00f3l f\u00fcgg milyen id\u0151tartamra k\u00e9ri a meleget a rajta termeszteni k\u00edv\u00e1nt n\u00f6v\u00e9nykult\u00fara. A l\u00f3tr\u00e1gya hirtelen ad sok meleget. Ez\u00e9rt ezt t\u00e9l v\u00e9ge fel\u00e9 alkalmazt\u00e1k. A marhatr\u00e1gya lassan ad kevesebb meleget, de huzamosabb ideig. A l\u00f3 \u00e9s szarvasmarha tr\u00e1gya kever\u00e9k\u00e9t annak megfelel\u0151en kevert\u00e9k be hogy t\u00f6bb meleg kellett hirtelen, vagy kevesebb meleg hosszabb t\u00e1von. Ha kev\u00e9s a szerves tr\u00e1gya a meleg\u00e1gy al\u00e1, akkor p\u00f3tolhat\u00f3 szalm\u00e1val, \u00e9s m\u0171tr\u00e1gy\u00e1val. A meleg\u00e1gy minden esetben fedhet\u0151 az \u00e9jjeli leh\u0171l\u00e9s megakad\u00e1lyoz\u00e1s\u00e1ra.A meleg \u00e1gy\u00e1s val\u00f3j\u00e1ban nem m\u00e1s mint egy vastag tr\u00e1gyar\u00e9teg besz\u00f3rva valamennyi f\u00f6lddel. A meleg\u00e1gy tr\u00e1gyakever\u00e9ke att\u00f3l f\u00fcgg milyen id\u0151tartamra k\u00e9ri a meleget a rajta termeszteni k\u00edv\u00e1nt n\u00f6v\u00e9nykult\u00fara. A l\u00f3tr\u00e1gya hirtelen ad sok meleget. Ez\u00e9rt ezt t\u00e9l v\u00e9ge fel\u00e9 alkalmazt\u00e1k. A marhatr\u00e1gya lassan ad kevesebb meleget, de huzamosabb ideig. A l\u00f3 \u00e9s szarvasmarha tr\u00e1gya kever\u00e9k\u00e9t annak megfelel\u0151en kevert\u00e9k be hogy t\u00f6bb meleg kellett hirtelen, vagy kevesebb meleg hosszabb t\u00e1von. Ha kev\u00e9s a szerves tr\u00e1gya a meleg\u00e1gy al\u00e1, akkor p\u00f3tolhat\u00f3 szalm\u00e1val, \u00e9s m\u0171tr\u00e1gy\u00e1val. A meleg\u00e1gy minden esetben fedhet\u0151 az \u00e9jjeli leh\u0171l\u00e9s megakad\u00e1lyoz\u00e1s\u00e1ra.<\/span><\/h4>","protected":false},"excerpt":{"rendered":"<div class=\"artdet__name-rating d-none d-lg-block\">\n<div class=\"row gutters-5\">\n<div class=\"col\">\n<div class=\"artdet__name-rating d-none d-lg-block\">\n<div class=\"row gutters-5\">\n<div class=\"col\">\n<div class=\"artdet__name-rating d-none d-lg-block\">\n<div class=\"row gutters-5\">\n<div class=\"col\">\n<div class=\"artdet__name-rating d-none d-lg-block\">\n<div class=\"row gutters-5\">\n<div class=\"col\">\n<div class=\"artdet__name-rating d-none d-lg-block\">\n<div class=\"row gutters-5\">\n<div class=\"col\">\n<div class=\"artdet__name-rating d-none d-lg-block\">\n<div class=\"row gutters-5\">\n<div class=\"col\">\n<div class=\"artdet__name-rating d-none d-lg-block\">\n<div class=\"row gutters-5\">\n<div class=\"col\">\n<div class=\"artdet__name-rating d-none d-lg-block\">\n<div class=\"row gutters-5\">\n<div class=\"col\">\n<div class=\"artdet__name-rating d-none d-lg-block\">\n<div class=\"row gutters-5\">\n<div class=\"col\">\n<div class=\"artdet__name-rating d-none d-lg-block\">\n<div class=\"row gutters-5\">\n<div class=\"col\">\n<div class=\"artdet__name-rating d-none d-lg-block\">\n<div class=\"row gutters-5\">\n<div class=\"col\">\n<div class=\"artdet__name-rating d-none d-lg-block\">\n<div class=\"row gutters-5\">\n<div class=\"col\">\n<h1 class=\"product-page-heading\"><span class=\"product-page-product-name\">Bradas GL3701 t\u00f6ml\u0151kocsi 45m, 1\/2&#8243; t\u00f6ml\u0151h\u00f6z<\/span><\/h1>\n<p>&nbsp;<\/p>\n<\/div>\n<\/div>\n<\/div>\n<\/div>\n<\/div>\n<\/div>\n<\/div>\n<\/div>\n<\/div>\n<\/div>\n<\/div>\n<\/div>\n<\/div>\n<\/div>\n<\/div>\n<\/div>\n<\/div>\n<\/div>\n<\/div>\n<\/div>\n<\/div>\n<\/div>\n<\/div>\n<\/div>\n<\/div>\n<\/div>\n<\/div>\n<\/div>\n<\/div>\n<\/div>\n<\/div>\n<\/div>\n<\/div>\n<\/div>\n<\/div>\n<\/div>","protected":false},"featured_media":7851,"template":"","meta":{"_et_pb_use_builder":"","_et_pb_old_content":"","_et_gb_content_width":""},"product_brand":[],"product_cat":[1641],"product_tag":[2282,2281],"class_list":{"0":"post-7850","1":"product","2":"type-product","3":"status-publish","4":"has-post-thumbnail","6":"product_cat-csapok-locsolokannak-tomlok-ontozestechnika","7":"product_tag-1-2-tomlohoz","8":"product_tag-bradas-gl3701-tomlokocsi-45m","10":"first","11":"instock","12":"shipping-taxable","13":"purchasable","14":"product-type-simple"},"yoast_head":"<!-- This site is optimized with the Yoast SEO plugin v27.3 - https:\/\/yoast.com\/product\/yoast-seo-wordpress\/ -->\n<title>Bradas GL3701 t\u00f6ml\u0151kocsi 45m, 1\/2&quot; t\u00f6ml\u0151h\u00f6z - T\u00e1jkert\u00e9sz<\/title>\n<meta name=\"description\" content=\"Bradas GL3701 t\u00f6ml\u0151kocsi 45m, 1\/2&quot; t\u00f6ml\u0151h\u00f6z\" \/>\n<meta name=\"robots\" content=\"index, follow, max-snippet:-1, max-image-preview:large, max-video-preview:-1\" \/>\n<link rel=\"canonical\" href=\"https:\/\/tajkertesz.com\/en_US\/product\/bradas-gl3701-tomlokocsi-45m-1-2-tomlohoz\/\" \/>\n<meta property=\"og:locale\" content=\"en_US\" \/>\n<meta property=\"og:type\" content=\"article\" \/>\n<meta property=\"og:title\" content=\"Bradas GL3701 t\u00f6ml\u0151kocsi 45m, 1\/2&quot; t\u00f6ml\u0151h\u00f6z - T\u00e1jkert\u00e9sz\" \/>\n<meta property=\"og:description\" content=\"Bradas GL3701 t\u00f6ml\u0151kocsi 45m, 1\/2&quot; t\u00f6ml\u0151h\u00f6z\" \/>\n<meta property=\"og:url\" content=\"https:\/\/tajkertesz.com\/en_US\/product\/bradas-gl3701-tomlokocsi-45m-1-2-tomlohoz\/\" \/>\n<meta property=\"og:site_name\" content=\"T\u00e1jkert\u00e9sz\" \/>\n<meta property=\"article:publisher\" content=\"https:\/\/www.facebook.com\/Tajkertesz\/\" \/>\n<meta property=\"article:modified_time\" content=\"2023-09-19T08:36:07+00:00\" \/>\n<meta property=\"og:image\" content=\"https:\/\/tajkertesz.com\/wp-content\/uploads\/2021\/08\/IMG_20210802_082306.jpg\" \/>\n\t<meta property=\"og:image:width\" content=\"894\" \/>\n\t<meta property=\"og:image:height\" content=\"600\" \/>\n\t<meta property=\"og:image:type\" content=\"image\/jpeg\" \/>\n<meta name=\"twitter:card\" content=\"summary_large_image\" \/>\n<meta name=\"twitter:label1\" content=\"Est. reading time\" \/>\n\t<meta name=\"twitter:data1\" content=\"2 minutes\" \/>\n<script type=\"application\/ld+json\" class=\"yoast-schema-graph\">{\"@context\":\"https:\\\/\\\/schema.org\",\"@graph\":[{\"@type\":\"WebPage\",\"@id\":\"https:\\\/\\\/tajkertesz.com\\\/termek\\\/bradas-gl3701-tomlokocsi-45m-1-2-tomlohoz\\\/\",\"url\":\"https:\\\/\\\/tajkertesz.com\\\/termek\\\/bradas-gl3701-tomlokocsi-45m-1-2-tomlohoz\\\/\",\"name\":\"Bradas GL3701 t\u00f6ml\u0151kocsi 45m, 1\\\/2\\\" t\u00f6ml\u0151h\u00f6z - T\u00e1jkert\u00e9sz\",\"isPartOf\":{\"@id\":\"https:\\\/\\\/tajkertesz.com\\\/#website\"},\"primaryImageOfPage\":{\"@id\":\"https:\\\/\\\/tajkertesz.com\\\/termek\\\/bradas-gl3701-tomlokocsi-45m-1-2-tomlohoz\\\/#primaryimage\"},\"image\":{\"@id\":\"https:\\\/\\\/tajkertesz.com\\\/termek\\\/bradas-gl3701-tomlokocsi-45m-1-2-tomlohoz\\\/#primaryimage\"},\"thumbnailUrl\":\"https:\\\/\\\/tajkertesz.com\\\/wp-content\\\/uploads\\\/2021\\\/08\\\/IMG_20210802_082306.jpg\",\"datePublished\":\"2021-08-02T08:26:42+00:00\",\"dateModified\":\"2023-09-19T08:36:07+00:00\",\"description\":\"Bradas GL3701 t\u00f6ml\u0151kocsi 45m, 1\\\/2\\\" t\u00f6ml\u0151h\u00f6z\",\"breadcrumb\":{\"@id\":\"https:\\\/\\\/tajkertesz.com\\\/termek\\\/bradas-gl3701-tomlokocsi-45m-1-2-tomlohoz\\\/#breadcrumb\"},\"inLanguage\":\"en-US\",\"potentialAction\":[{\"@type\":\"ReadAction\",\"target\":[\"https:\\\/\\\/tajkertesz.com\\\/termek\\\/bradas-gl3701-tomlokocsi-45m-1-2-tomlohoz\\\/\"]}]},{\"@type\":\"ImageObject\",\"inLanguage\":\"en-US\",\"@id\":\"https:\\\/\\\/tajkertesz.com\\\/termek\\\/bradas-gl3701-tomlokocsi-45m-1-2-tomlohoz\\\/#primaryimage\",\"url\":\"https:\\\/\\\/tajkertesz.com\\\/wp-content\\\/uploads\\\/2021\\\/08\\\/IMG_20210802_082306.jpg\",\"contentUrl\":\"https:\\\/\\\/tajkertesz.com\\\/wp-content\\\/uploads\\\/2021\\\/08\\\/IMG_20210802_082306.jpg\",\"width\":894,\"height\":600,\"caption\":\"hdr\"},{\"@type\":\"BreadcrumbList\",\"@id\":\"https:\\\/\\\/tajkertesz.com\\\/termek\\\/bradas-gl3701-tomlokocsi-45m-1-2-tomlohoz\\\/#breadcrumb\",\"itemListElement\":[{\"@type\":\"ListItem\",\"position\":1,\"name\":\"Home\",\"item\":\"https:\\\/\\\/tajkertesz.com\\\/\"},{\"@type\":\"ListItem\",\"position\":2,\"name\":\"Kezd\u0151lap\",\"item\":\"https:\\\/\\\/tajkertesz.com\\\/\"},{\"@type\":\"ListItem\",\"position\":3,\"name\":\"Bradas GL3701 t\u00f6ml\u0151kocsi 45m, 1\\\/2&#8243; t\u00f6ml\u0151h\u00f6z\"}]},{\"@type\":\"WebSite\",\"@id\":\"https:\\\/\\\/tajkertesz.com\\\/#website\",\"url\":\"https:\\\/\\\/tajkertesz.com\\\/\",\"name\":\"T\u00e1j-Kert\u00e9sz 84 Kft.\",\"description\":\"Kert\u00e9szeti kis- \u00e9s nagykeresked\u00e9s, D\u00edszn\u00f6v\u00e9ny web\u00e1ruh\u00e1z orsz\u00e1gos h\u00e1zhozsz\u00e1ll\u00edt\u00e1ssal!\",\"publisher\":{\"@id\":\"https:\\\/\\\/tajkertesz.com\\\/#organization\"},\"potentialAction\":[{\"@type\":\"SearchAction\",\"target\":{\"@type\":\"EntryPoint\",\"urlTemplate\":\"https:\\\/\\\/tajkertesz.com\\\/?s={search_term_string}\"},\"query-input\":{\"@type\":\"PropertyValueSpecification\",\"valueRequired\":true,\"valueName\":\"search_term_string\"}}],\"inLanguage\":\"en-US\"},{\"@type\":\"Organization\",\"@id\":\"https:\\\/\\\/tajkertesz.com\\\/#organization\",\"name\":\"T\u00e1j-Kert\u00e9sz 84 Kft.\",\"url\":\"https:\\\/\\\/tajkertesz.com\\\/\",\"logo\":{\"@type\":\"ImageObject\",\"inLanguage\":\"en-US\",\"@id\":\"https:\\\/\\\/tajkertesz.com\\\/#\\\/schema\\\/logo\\\/image\\\/\",\"url\":\"https:\\\/\\\/tajkertesz.com\\\/wp-content\\\/uploads\\\/2018\\\/02\\\/logo-2-e1518678052539.png\",\"contentUrl\":\"https:\\\/\\\/tajkertesz.com\\\/wp-content\\\/uploads\\\/2018\\\/02\\\/logo-2-e1518678052539.png\",\"width\":81,\"height\":140,\"caption\":\"T\u00e1j-Kert\u00e9sz 84 Kft.\"},\"image\":{\"@id\":\"https:\\\/\\\/tajkertesz.com\\\/#\\\/schema\\\/logo\\\/image\\\/\"},\"sameAs\":[\"https:\\\/\\\/www.facebook.com\\\/Tajkertesz\\\/\"]}]}<\/script>\n<!-- \/ Yoast SEO plugin. -->","yoast_head_json":{"title":"Bradas GL3701 t\u00f6ml\u0151kocsi 45m, 1\/2\" t\u00f6ml\u0151h\u00f6z - T\u00e1jkert\u00e9sz","description":"Bradas GL3701 t\u00f6ml\u0151kocsi 45m, 1\/2\" t\u00f6ml\u0151h\u00f6z","robots":{"index":"index","follow":"follow","max-snippet":"max-snippet:-1","max-image-preview":"max-image-preview:large","max-video-preview":"max-video-preview:-1"},"canonical":"https:\/\/tajkertesz.com\/en_US\/product\/bradas-gl3701-tomlokocsi-45m-1-2-tomlohoz\/","og_locale":"en_US","og_type":"article","og_title":"Bradas GL3701 t\u00f6ml\u0151kocsi 45m, 1\/2\" t\u00f6ml\u0151h\u00f6z - T\u00e1jkert\u00e9sz","og_description":"Bradas GL3701 t\u00f6ml\u0151kocsi 45m, 1\/2\" t\u00f6ml\u0151h\u00f6z","og_url":"https:\/\/tajkertesz.com\/en_US\/product\/bradas-gl3701-tomlokocsi-45m-1-2-tomlohoz\/","og_site_name":"T\u00e1jkert\u00e9sz","article_publisher":"https:\/\/www.facebook.com\/Tajkertesz\/","article_modified_time":"2023-09-19T08:36:07+00:00","og_image":[{"width":894,"height":600,"url":"https:\/\/tajkertesz.com\/wp-content\/uploads\/2021\/08\/IMG_20210802_082306.jpg","type":"image\/jpeg"}],"twitter_card":"summary_large_image","twitter_misc":{"Est. reading time":"2 minutes"},"schema":{"@context":"https:\/\/schema.org","@graph":[{"@type":"WebPage","@id":"https:\/\/tajkertesz.com\/termek\/bradas-gl3701-tomlokocsi-45m-1-2-tomlohoz\/","url":"https:\/\/tajkertesz.com\/termek\/bradas-gl3701-tomlokocsi-45m-1-2-tomlohoz\/","name":"Bradas GL3701 t\u00f6ml\u0151kocsi 45m, 1\/2\" t\u00f6ml\u0151h\u00f6z - T\u00e1jkert\u00e9sz","isPartOf":{"@id":"https:\/\/tajkertesz.com\/#website"},"primaryImageOfPage":{"@id":"https:\/\/tajkertesz.com\/termek\/bradas-gl3701-tomlokocsi-45m-1-2-tomlohoz\/#primaryimage"},"image":{"@id":"https:\/\/tajkertesz.com\/termek\/bradas-gl3701-tomlokocsi-45m-1-2-tomlohoz\/#primaryimage"},"thumbnailUrl":"https:\/\/tajkertesz.com\/wp-content\/uploads\/2021\/08\/IMG_20210802_082306.jpg","datePublished":"2021-08-02T08:26:42+00:00","dateModified":"2023-09-19T08:36:07+00:00","description":"Bradas GL3701 t\u00f6ml\u0151kocsi 45m, 1\/2\" t\u00f6ml\u0151h\u00f6z","breadcrumb":{"@id":"https:\/\/tajkertesz.com\/termek\/bradas-gl3701-tomlokocsi-45m-1-2-tomlohoz\/#breadcrumb"},"inLanguage":"en-US","potentialAction":[{"@type":"ReadAction","target":["https:\/\/tajkertesz.com\/termek\/bradas-gl3701-tomlokocsi-45m-1-2-tomlohoz\/"]}]},{"@type":"ImageObject","inLanguage":"en-US","@id":"https:\/\/tajkertesz.com\/termek\/bradas-gl3701-tomlokocsi-45m-1-2-tomlohoz\/#primaryimage","url":"https:\/\/tajkertesz.com\/wp-content\/uploads\/2021\/08\/IMG_20210802_082306.jpg","contentUrl":"https:\/\/tajkertesz.com\/wp-content\/uploads\/2021\/08\/IMG_20210802_082306.jpg","width":894,"height":600,"caption":"hdr"},{"@type":"BreadcrumbList","@id":"https:\/\/tajkertesz.com\/termek\/bradas-gl3701-tomlokocsi-45m-1-2-tomlohoz\/#breadcrumb","itemListElement":[{"@type":"ListItem","position":1,"name":"Home","item":"https:\/\/tajkertesz.com\/"},{"@type":"ListItem","position":2,"name":"Kezd\u0151lap","item":"https:\/\/tajkertesz.com\/"},{"@type":"ListItem","position":3,"name":"Bradas GL3701 t\u00f6ml\u0151kocsi 45m, 1\/2&#8243; t\u00f6ml\u0151h\u00f6z"}]},{"@type":"WebSite","@id":"https:\/\/tajkertesz.com\/#website","url":"https:\/\/tajkertesz.com\/","name":"T\u00e1j-Kert\u00e9sz 84 Kft.","description":"Kert\u00e9szeti kis- \u00e9s nagykeresked\u00e9s, D\u00edszn\u00f6v\u00e9ny web\u00e1ruh\u00e1z orsz\u00e1gos h\u00e1zhozsz\u00e1ll\u00edt\u00e1ssal!","publisher":{"@id":"https:\/\/tajkertesz.com\/#organization"},"potentialAction":[{"@type":"SearchAction","target":{"@type":"EntryPoint","urlTemplate":"https:\/\/tajkertesz.com\/?s={search_term_string}"},"query-input":{"@type":"PropertyValueSpecification","valueRequired":true,"valueName":"search_term_string"}}],"inLanguage":"en-US"},{"@type":"Organization","@id":"https:\/\/tajkertesz.com\/#organization","name":"T\u00e1j-Kert\u00e9sz 84 Kft.","url":"https:\/\/tajkertesz.com\/","logo":{"@type":"ImageObject","inLanguage":"en-US","@id":"https:\/\/tajkertesz.com\/#\/schema\/logo\/image\/","url":"https:\/\/tajkertesz.com\/wp-content\/uploads\/2018\/02\/logo-2-e1518678052539.png","contentUrl":"https:\/\/tajkertesz.com\/wp-content\/uploads\/2018\/02\/logo-2-e1518678052539.png","width":81,"height":140,"caption":"T\u00e1j-Kert\u00e9sz 84 Kft."},"image":{"@id":"https:\/\/tajkertesz.com\/#\/schema\/logo\/image\/"},"sameAs":["https:\/\/www.facebook.com\/Tajkertesz\/"]}]}},"_links":{"self":[{"href":"https:\/\/tajkertesz.com\/en_US\/wp-json\/wp\/v2\/product\/7850","targetHints":{"allow":["GET"]}}],"collection":[{"href":"https:\/\/tajkertesz.com\/en_US\/wp-json\/wp\/v2\/product"}],"about":[{"href":"https:\/\/tajkertesz.com\/en_US\/wp-json\/wp\/v2\/types\/product"}],"wp:featuredmedia":[{"embeddable":true,"href":"https:\/\/tajkertesz.com\/en_US\/wp-json\/wp\/v2\/media\/7851"}],"wp:attachment":[{"href":"https:\/\/tajkertesz.com\/en_US\/wp-json\/wp\/v2\/media?parent=7850"}],"wp:term":[{"taxonomy":"product_brand","embeddable":true,"href":"https:\/\/tajkertesz.com\/en_US\/wp-json\/wp\/v2\/product_brand?post=7850"},{"taxonomy":"product_cat","embeddable":true,"href":"https:\/\/tajkertesz.com\/en_US\/wp-json\/wp\/v2\/product_cat?post=7850"},{"taxonomy":"product_tag","embeddable":true,"href":"https:\/\/tajkertesz.com\/en_US\/wp-json\/wp\/v2\/product_tag?post=7850"}],"curies":[{"name":"wp","href":"https:\/\/api.w.org\/{rel}","templated":true}]}}