{"id":7854,"date":"2021-08-02T08:32:42","date_gmt":"2021-08-02T08:32:42","guid":{"rendered":"https:\/\/tajkertesz.com\/?post_type=product&#038;p=7854"},"modified":"2026-01-14T10:34:31","modified_gmt":"2026-01-14T10:34:31","slug":"bros-sonic-ultrahangos-vakondriaszto-650nm","status":"publish","type":"product","link":"https:\/\/tajkertesz.com\/en_US\/product\/bros-sonic-ultrahangos-vakondriaszto-650nm\/","title":{"rendered":"BROS Sonic Ultrahangos Vakondriaszt\u00f3 650-800nm"},"content":{"rendered":"<div class=\"artdet__name-rating d-none d-lg-block\">\n<div class=\"row gutters-5\">\n<div class=\"col\">\n<div class=\"artdet__name-pagination-wrap d-flex\">\n<div class=\"top product-page-top\">\n<div class=\"center product-page-center\">\n<div class=\"artdet__name-pagination-wrap d-flex\">\n<div class=\"summary entry-summary\">\n<div class=\"elementor-column elementor-col-50 elementor-inner-column elementor-element elementor-element-072daa9\" data-id=\"072daa9\" data-element_type=\"column\">\n<div class=\"elementor-widget-wrap elementor-element-populated\">\n<div class=\"elementor-element elementor-element-54ae97b elementor-widget__width-auto elementor-widget elementor-widget-jet-single-title\" data-id=\"54ae97b\" data-element_type=\"widget\" data-widget_type=\"jet-single-title.default\">\n<div class=\"elementor-widget-container\">\n<div class=\"elementor-jet-single-title jet-woo-builder\">\n<h2>BROS Sonic Ultrahangos Vakondriaszt\u00f3 650-800nm<\/h2>\n<\/div>\n<\/div>\n<\/div>\n<\/div>\n<\/div>\n<div class=\"elementor-column elementor-col-50 elementor-inner-column elementor-element elementor-element-fe6e915\" data-id=\"fe6e915\" data-element_type=\"column\">\n<div class=\"elementor-widget-wrap elementor-element-populated\">\n<div class=\"elementor-element elementor-element-f74de4b elementor-widget__width-auto elementor-widget elementor-widget-jet-single-price\" data-id=\"f74de4b\" data-element_type=\"widget\" data-widget_type=\"jet-single-price.default\">\n<div class=\"elementor-widget-container\">\n<div class=\"elementor-jet-single-price jet-woo-builder\">\n<p>BROS Sonic Ultrahangos Vakondriaszt\u00f3 650nm,Elemmel m\u0171k\u00f6d\u0151 3 x R20 1,5V vakond- \u00e9s r\u00e1gcs\u00e1l\u00f3riaszt\u00f3. A k\u00e9sz\u00fcl\u00e9k hat\u00e9konyan elriasztja a vakondokat, pockokat \u00e9s m\u00e1s f\u00f6ldlak\u00f3 r\u00e1gcs\u00e1l\u00f3kat. K\u00f6rnyezetbar\u00e1t, haszn\u00e1lat\u00e1val elker\u00fclhet\u0151 a vegyszeres v\u00e9dekez\u00e9s. A k\u00e9sz\u00fcl\u00e9k hangjeleket bocs\u00e1t ki 400 Hz-en, ami elriasztja a kit\u0171n\u0151 hall\u00e1ssal rendelkez\u0151 \u00e9s vibr\u00e1ci\u00f3ra \u00e9rz\u00e9keny vakondokat \u00e9s r\u00e1gcs\u00e1l\u00f3kat. A talajt\u00f3l f\u00fcgg\u0151en max. 800 m2-es ter\u00fcletet v\u00e9d.<\/p>\n<p><u><strong>El\u0151nyei:<\/strong><\/u><\/p>\n<ul>\n<li>k\u00f6nnyen \u00f6sszeszerelhet\u0151 \u00e9s \u00fczembe helyezhet\u0151<\/li>\n<li>ellen\u00e1ll v\u00edznek, \u00e9s v\u00e1ltoz\u00f3 id\u0151j\u00e1r\u00e1si felt\u00e9teleknek<\/li>\n<li>az elem f\u00f6ldb\u0151l t\u00f6rt\u00e9n\u0151\u00a0 kiemel\u00e9s n\u00e9lk\u00fcl is kicser\u00e9lhet\u0151<\/li>\n<li>a talajba\u00a0helyezve szinte \u00e9szrevehetetlen, nem cs\u00fany\u00edtja el a kertet<\/li>\n<li>h\u00e1zi\u00e1llatokra nem vesz\u00e9lyes, mert nem vegyszer<\/li>\n<li>kb 650-800 m<sup>2<\/sup>\u00a0ter\u00fcletet lefed<\/li>\n<\/ul>\n<p><u><strong>Fontos!<\/strong><\/u><br \/>\nAz els\u0151 napokban term\u00e9szetes a r\u00e1gcs\u00e1l\u00f3k fokozott tev\u00e9kenys\u00e9ge, mert megpr\u00f3b\u00e1lj\u00e1k elhagyni a hangtartom\u00e1ny \u00e1ltal lefedett ter\u00fcletet.<\/p>\n<\/div>\n<\/div>\n<\/div>\n<\/div>\n<\/div>\n<\/div>\n<\/div>\n<\/div>\n<\/div>\n<\/div>\n<\/div>\n<\/div>\n<\/div>\n<div><a href=\"https:\/\/www.facebook.com\/tajkertesz\">https:\/\/www.facebook.com\/tajkertesz<\/a><\/div>\n<div>\n<p><a href=\"https:\/\/tajkertesz.com\/\">https:\/\/tajkertesz.com\/<\/a><\/p>\n<\/div>\n<p><b>K\u00e9szlet\u00fcnk napi szinten v\u00e1ltozik, ez\u00e9rt k\u00e9rj\u00fck, \u00e9rdekl\u0151dj\u00f6n szem\u00e9lyesen, telefonon vagy email-en.<br \/>\nA v\u00e1ltoztat\u00e1s jog\u00e1t fenntartjuk!\u00a0<\/b><\/p>\n<p><span style=\"color: #ffffff;\">Nagyj\u00e1b\u00f3l 5-6 m\u00e9teres magass\u00e1gig n\u00f6v\u0151 n\u00f6v\u00e9ny. Termet\u00e9t tekintve a fajt\u00e1k k\u00f6z\u00f6tt a nagyobbak k\u00f6z\u00e9 tartozik, \u00e9s form\u00e1ja a v\u00e1z\u00e1hoz hasonl\u00edthat\u00f3 legink\u00e1bb. Vir\u00e1gai ny\u00e1r k\u00f6zep\u00e9t\u0151l \u0151szig pirosba fordulnak, egyed\u00fcl\u00e1ll\u00f3 sz\u00ednvil\u00e1got k\u00f6lcs\u00f6n\u00f6zve a n\u00f6v\u00e9nynek.<\/span><\/p>\n<p><span style=\"color: #ffffff;\">M\u00e9rete:\u00a070-90 cm\u00a0kont\u00e9neres, K1<\/span><\/p>\n<p><span style=\"color: #ffffff;\">Nagyj\u00e1b\u00f3l 5-6 m\u00e9teres magass\u00e1gig n\u00f6v\u0151 n\u00f6v\u00e9ny. Termet\u00e9t tekintve a fajt\u00e1k k\u00f6z\u00f6tt a nagyobbak k\u00f6z\u00e9 tartozik, \u00e9s form\u00e1ja a v\u00e1z\u00e1hoz hasonl\u00edthat\u00f3 legink\u00e1bb. Vir\u00e1gai ny\u00e1r k\u00f6zep\u00e9t\u0151l \u0151szig pirosba fordulnak, egyed\u00fcl\u00e1ll\u00f3 sz\u00ednvil\u00e1got k\u00f6lcs\u00f6n\u00f6zve a n\u00f6v\u00e9nynek.<\/span><\/p>\n<p><span style=\"color: #ffffff;\">M\u00e9rete:\u00a070-90 cm\u00a0kont\u00e9neres, K1<\/span><\/p>","protected":false},"excerpt":{"rendered":"<div class=\"artdet__name-rating d-none d-lg-block\">\n<div class=\"row gutters-5\">\n<div class=\"col\">\n<div class=\"artdet__name-rating d-none d-lg-block\">\n<div class=\"row gutters-5\">\n<div class=\"col\">\n<div class=\"artdet__name-rating d-none d-lg-block\">\n<div class=\"row gutters-5\">\n<div class=\"col\">\n<div class=\"artdet__name-rating d-none d-lg-block\">\n<div class=\"row gutters-5\">\n<div class=\"col\">\n<div class=\"artdet__name-rating d-none d-lg-block\">\n<div class=\"row gutters-5\">\n<div class=\"col\">\n<div class=\"artdet__name-rating d-none d-lg-block\">\n<div class=\"row gutters-5\">\n<div class=\"col\">\n<div class=\"artdet__name-rating d-none d-lg-block\">\n<div class=\"row gutters-5\">\n<div class=\"col\">\n<div class=\"artdet__name-rating d-none d-lg-block\">\n<div class=\"row gutters-5\">\n<div class=\"col\">\n<div class=\"artdet__name-rating d-none d-lg-block\">\n<div class=\"row gutters-5\">\n<div class=\"col\">\n<div class=\"artdet__name-rating d-none d-lg-block\">\n<div class=\"row gutters-5\">\n<div class=\"col\">\n<div class=\"artdet__name-rating d-none d-lg-block\">\n<div class=\"row gutters-5\">\n<div class=\"col\">\n<div class=\"artdet__name-rating d-none d-lg-block\">\n<div class=\"row gutters-5\">\n<div class=\"col\">\n<div class=\"artdet__name-pagination-wrap d-flex\">\n<div class=\"artdet__name-pagination-wrap d-flex\">\n<div class=\"artdet__name-pagination-wrap d-flex\">\n<div class=\"artdet__name-pagination-wrap d-flex\">\n<div class=\"artdet__name-rating d-none d-lg-block\">\n<div class=\"row gutters-5\">\n<div class=\"col\">\n<div class=\"artdet__name-pagination-wrap d-flex\">\n<div class=\"artdet__name-pagination-wrap d-flex\">\n<div class=\"artdet__name-pagination-wrap d-flex\">\n<div class=\"top product-page-top\">\n<div class=\"center product-page-center\">\n<div class=\"elementor-column elementor-col-50 elementor-inner-column elementor-element elementor-element-072daa9\" data-id=\"072daa9\" data-element_type=\"column\">\n<div class=\"elementor-widget-wrap elementor-element-populated\">\n<div class=\"elementor-element elementor-element-54ae97b elementor-widget__width-auto elementor-widget elementor-widget-jet-single-title\" data-id=\"54ae97b\" data-element_type=\"widget\" data-widget_type=\"jet-single-title.default\">\n<div class=\"elementor-widget-container\">\n<div class=\"elementor-jet-single-title jet-woo-builder\">\n<div class=\"elementor-column elementor-col-50 elementor-inner-column elementor-element elementor-element-072daa9\" data-id=\"072daa9\" data-element_type=\"column\">\n<div class=\"elementor-widget-wrap elementor-element-populated\">\n<div class=\"elementor-element elementor-element-54ae97b elementor-widget__width-auto elementor-widget elementor-widget-jet-single-title\" data-id=\"54ae97b\" data-element_type=\"widget\" data-widget_type=\"jet-single-title.default\">\n<div class=\"elementor-widget-container\">\n<div class=\"elementor-jet-single-title jet-woo-builder\">\n<div class=\"elementor-column elementor-col-50 elementor-inner-column elementor-element elementor-element-072daa9\" data-id=\"072daa9\" data-element_type=\"column\">\n<div class=\"elementor-widget-wrap elementor-element-populated\">\n<div class=\"elementor-element elementor-element-54ae97b elementor-widget__width-auto elementor-widget elementor-widget-jet-single-title\" data-id=\"54ae97b\" data-element_type=\"widget\" data-widget_type=\"jet-single-title.default\">\n<div class=\"elementor-widget-container\">\n<div class=\"elementor-jet-single-title jet-woo-builder\">\n<div class=\"elementor-column elementor-col-50 elementor-inner-column elementor-element elementor-element-072daa9\" data-id=\"072daa9\" data-element_type=\"column\">\n<div class=\"elementor-widget-wrap elementor-element-populated\">\n<div class=\"elementor-element elementor-element-54ae97b elementor-widget__width-auto elementor-widget elementor-widget-jet-single-title\" data-id=\"54ae97b\" data-element_type=\"widget\" data-widget_type=\"jet-single-title.default\">\n<div class=\"elementor-widget-container\">\n<div class=\"elementor-jet-single-title jet-woo-builder\">\n<p>BROS Sonic Ultrahangos Vakondriaszt\u00f3 800nm<\/p>\n<p>A k\u00e9p illusztr\u00e1ci\u00f3!<\/p>\n<p>Elemmel m\u0171k\u00f6d\u0151 3 x R20 1,5V vakond- \u00e9s r\u00e1gcs\u00e1l\u00f3riaszt\u00f3. A k\u00e9sz\u00fcl\u00e9k hat\u00e9konyan elriasztja a vakondokat, pockokat \u00e9s m\u00e1s f\u00f6ldlak\u00f3 r\u00e1gcs\u00e1l\u00f3kat. K\u00f6rnyezetbar\u00e1t, haszn\u00e1lat\u00e1val elker\u00fclhet\u0151 a vegyszeres v\u00e9dekez\u00e9s. A k\u00e9sz\u00fcl\u00e9k hangjeleket bocs\u00e1t ki 400 Hz-en, ami elriasztja a kit\u0171n\u0151 hall\u00e1ssal rendelkez\u0151 \u00e9s vibr\u00e1ci\u00f3ra \u00e9rz\u00e9keny vakondokat \u00e9s r\u00e1gcs\u00e1l\u00f3kat. A talajt\u00f3l f\u00fcgg\u0151en max. 800 m2-es ter\u00fcletet v\u00e9d.<\/p>\n<p><u><strong>El\u0151nyei:<\/strong><\/u><\/p>\n<ul>\n<li>k\u00f6nnyen \u00f6sszeszerelhet\u0151 \u00e9s \u00fczembe helyezhet\u0151<\/li>\n<li>ellen\u00e1ll v\u00edznek, \u00e9s v\u00e1ltoz\u00f3 id\u0151j\u00e1r\u00e1si felt\u00e9teleknek<\/li>\n<li>az elem f\u00f6ldb\u0151l t\u00f6rt\u00e9n\u0151\u00a0 kiemel\u00e9s n\u00e9lk\u00fcl is kicser\u00e9lhet\u0151<\/li>\n<li>a talajba\u00a0helyezve szinte \u00e9szrevehetetlen, nem cs\u00fany\u00edtja el a kertet<\/li>\n<li>h\u00e1zi\u00e1llatokra nem vesz\u00e9lyes, mert nem vegyszer<\/li>\n<li>kb: 650-800 m<sup>2<\/sup>\u00a0ter\u00fcletet lefed<\/li>\n<\/ul>\n<p><u><strong>Fontos!<\/strong><\/u><br \/>\nAz els\u0151 napokban term\u00e9szetes a r\u00e1gcs\u00e1l\u00f3k fokozott tev\u00e9kenys\u00e9ge, mert megpr\u00f3b\u00e1lj\u00e1k elhagyni a hangtartom\u00e1ny \u00e1ltal lefedett ter\u00fcletet.<\/p>\n<\/div>\n<\/div>\n<\/div>\n<\/div>\n<\/div>\n<\/div>\n<\/div>\n<\/div>\n<\/div>\n<\/div>\n<\/div>\n<\/div>\n<\/div>\n<\/div>\n<\/div>\n<\/div>\n<\/div>\n<\/div>\n<\/div>\n<\/div>\n<\/div>\n<\/div>\n<\/div>\n<\/div>\n<\/div>\n<\/div>\n<\/div>\n<\/div>\n<\/div>\n<\/div>\n<\/div>\n<\/div>\n<\/div>\n<\/div>\n<\/div>\n<\/div>\n<\/div>\n<\/div>\n<\/div>\n<\/div>\n<\/div>\n<\/div>\n<\/div>\n<\/div>\n<\/div>\n<\/div>\n<\/div>\n<\/div>\n<\/div>\n<\/div>\n<\/div>\n<\/div>\n<\/div>\n<\/div>\n<\/div>\n<\/div>\n<\/div>\n<\/div>\n<\/div>\n<\/div>\n<\/div>\n<\/div>\n<\/div>\n<\/div>\n<\/div>\n<\/div>\n<\/div>\n<\/div>","protected":false},"featured_media":13043,"template":"","meta":{"_et_pb_use_builder":"","_et_pb_old_content":"","_et_gb_content_width":""},"product_brand":[],"product_cat":[4088],"product_tag":[2284,1583,4979],"class_list":{"0":"post-7854","1":"product","2":"type-product","3":"status-publish","4":"has-post-thumbnail","6":"product_cat-bros","7":"product_tag-bros-sonic-ultrahangos-vakondriaszto-600nm","8":"product_tag-riaszto","9":"product_tag-vakond","11":"first","12":"instock","13":"shipping-taxable","14":"purchasable","15":"product-type-simple"},"yoast_head":"<!-- This site is optimized with the Yoast SEO plugin v27.5 - https:\/\/yoast.com\/product\/yoast-seo-wordpress\/ -->\n<title>BROS Sonic Ultrahangos Vakondriaszt\u00f3 650-800nm - T\u00e1jkert\u00e9sz<\/title>\n<meta name=\"description\" content=\"BROS Sonic Ultrahangos Vakondriaszt\u00f3 800nm. Elemmel m\u0171k\u00f6d\u0151 2 x R20 1,5V vakond- \u00e9s r\u00e1gcs\u00e1l\u00f3riaszt\u00f3. H\u00e1zi\u00e1llatokra nem vesz\u00e9lyes.\" \/>\n<meta name=\"robots\" content=\"index, follow, max-snippet:-1, max-image-preview:large, max-video-preview:-1\" \/>\n<link rel=\"canonical\" href=\"https:\/\/tajkertesz.com\/en_US\/product\/bros-sonic-ultrahangos-vakondriaszto-650nm\/\" \/>\n<meta property=\"og:locale\" content=\"en_US\" \/>\n<meta property=\"og:type\" content=\"article\" \/>\n<meta property=\"og:title\" content=\"BROS Sonic Ultrahangos Vakondriaszt\u00f3 650-800nm - T\u00e1jkert\u00e9sz\" \/>\n<meta property=\"og:description\" content=\"BROS Sonic Ultrahangos Vakondriaszt\u00f3 800nm. Elemmel m\u0171k\u00f6d\u0151 2 x R20 1,5V vakond- \u00e9s r\u00e1gcs\u00e1l\u00f3riaszt\u00f3. H\u00e1zi\u00e1llatokra nem vesz\u00e9lyes.\" \/>\n<meta property=\"og:url\" content=\"https:\/\/tajkertesz.com\/en_US\/product\/bros-sonic-ultrahangos-vakondriaszto-650nm\/\" \/>\n<meta property=\"og:site_name\" content=\"T\u00e1jkert\u00e9sz\" \/>\n<meta property=\"article:publisher\" content=\"https:\/\/www.facebook.com\/Tajkertesz\/\" \/>\n<meta property=\"article:modified_time\" content=\"2026-01-14T10:34:31+00:00\" \/>\n<meta property=\"og:image\" content=\"https:\/\/tajkertesz.com\/wp-content\/uploads\/2021\/08\/Bros-ultrahangos.png\" \/>\n\t<meta property=\"og:image:width\" content=\"239\" \/>\n\t<meta property=\"og:image:height\" content=\"497\" \/>\n\t<meta property=\"og:image:type\" content=\"image\/png\" \/>\n<meta name=\"twitter:card\" content=\"summary_large_image\" \/>\n<meta name=\"twitter:label1\" content=\"Est. reading time\" \/>\n\t<meta name=\"twitter:data1\" content=\"2 minutes\" \/>\n<script type=\"application\/ld+json\" class=\"yoast-schema-graph\">{\"@context\":\"https:\\\/\\\/schema.org\",\"@graph\":[{\"@type\":\"WebPage\",\"@id\":\"https:\\\/\\\/tajkertesz.com\\\/termek\\\/bros-sonic-ultrahangos-vakondriaszto-650nm\\\/\",\"url\":\"https:\\\/\\\/tajkertesz.com\\\/termek\\\/bros-sonic-ultrahangos-vakondriaszto-650nm\\\/\",\"name\":\"BROS Sonic Ultrahangos Vakondriaszt\u00f3 650-800nm - T\u00e1jkert\u00e9sz\",\"isPartOf\":{\"@id\":\"https:\\\/\\\/tajkertesz.com\\\/#website\"},\"primaryImageOfPage\":{\"@id\":\"https:\\\/\\\/tajkertesz.com\\\/termek\\\/bros-sonic-ultrahangos-vakondriaszto-650nm\\\/#primaryimage\"},\"image\":{\"@id\":\"https:\\\/\\\/tajkertesz.com\\\/termek\\\/bros-sonic-ultrahangos-vakondriaszto-650nm\\\/#primaryimage\"},\"thumbnailUrl\":\"https:\\\/\\\/tajkertesz.com\\\/wp-content\\\/uploads\\\/2021\\\/08\\\/Bros-ultrahangos.png\",\"datePublished\":\"2021-08-02T08:32:42+00:00\",\"dateModified\":\"2026-01-14T10:34:31+00:00\",\"description\":\"BROS Sonic Ultrahangos Vakondriaszt\u00f3 800nm. Elemmel m\u0171k\u00f6d\u0151 2 x R20 1,5V vakond- \u00e9s r\u00e1gcs\u00e1l\u00f3riaszt\u00f3. H\u00e1zi\u00e1llatokra nem vesz\u00e9lyes.\",\"breadcrumb\":{\"@id\":\"https:\\\/\\\/tajkertesz.com\\\/termek\\\/bros-sonic-ultrahangos-vakondriaszto-650nm\\\/#breadcrumb\"},\"inLanguage\":\"en-US\",\"potentialAction\":[{\"@type\":\"ReadAction\",\"target\":[\"https:\\\/\\\/tajkertesz.com\\\/termek\\\/bros-sonic-ultrahangos-vakondriaszto-650nm\\\/\"]}]},{\"@type\":\"ImageObject\",\"inLanguage\":\"en-US\",\"@id\":\"https:\\\/\\\/tajkertesz.com\\\/termek\\\/bros-sonic-ultrahangos-vakondriaszto-650nm\\\/#primaryimage\",\"url\":\"https:\\\/\\\/tajkertesz.com\\\/wp-content\\\/uploads\\\/2021\\\/08\\\/Bros-ultrahangos.png\",\"contentUrl\":\"https:\\\/\\\/tajkertesz.com\\\/wp-content\\\/uploads\\\/2021\\\/08\\\/Bros-ultrahangos.png\",\"width\":239,\"height\":497},{\"@type\":\"BreadcrumbList\",\"@id\":\"https:\\\/\\\/tajkertesz.com\\\/termek\\\/bros-sonic-ultrahangos-vakondriaszto-650nm\\\/#breadcrumb\",\"itemListElement\":[{\"@type\":\"ListItem\",\"position\":1,\"name\":\"Home\",\"item\":\"https:\\\/\\\/tajkertesz.com\\\/\"},{\"@type\":\"ListItem\",\"position\":2,\"name\":\"Kezd\u0151lap\",\"item\":\"https:\\\/\\\/tajkertesz.com\\\/\"},{\"@type\":\"ListItem\",\"position\":3,\"name\":\"BROS Sonic Ultrahangos Vakondriaszt\u00f3 650-800nm\"}]},{\"@type\":\"WebSite\",\"@id\":\"https:\\\/\\\/tajkertesz.com\\\/#website\",\"url\":\"https:\\\/\\\/tajkertesz.com\\\/\",\"name\":\"T\u00e1j-Kert\u00e9sz 84 Kft.\",\"description\":\"Kert\u00e9szeti kis- \u00e9s nagykeresked\u00e9s, D\u00edszn\u00f6v\u00e9ny web\u00e1ruh\u00e1z orsz\u00e1gos h\u00e1zhozsz\u00e1ll\u00edt\u00e1ssal!\",\"publisher\":{\"@id\":\"https:\\\/\\\/tajkertesz.com\\\/#organization\"},\"potentialAction\":[{\"@type\":\"SearchAction\",\"target\":{\"@type\":\"EntryPoint\",\"urlTemplate\":\"https:\\\/\\\/tajkertesz.com\\\/?s={search_term_string}\"},\"query-input\":{\"@type\":\"PropertyValueSpecification\",\"valueRequired\":true,\"valueName\":\"search_term_string\"}}],\"inLanguage\":\"en-US\"},{\"@type\":\"Organization\",\"@id\":\"https:\\\/\\\/tajkertesz.com\\\/#organization\",\"name\":\"T\u00e1j-Kert\u00e9sz 84 Kft.\",\"url\":\"https:\\\/\\\/tajkertesz.com\\\/\",\"logo\":{\"@type\":\"ImageObject\",\"inLanguage\":\"en-US\",\"@id\":\"https:\\\/\\\/tajkertesz.com\\\/#\\\/schema\\\/logo\\\/image\\\/\",\"url\":\"https:\\\/\\\/tajkertesz.com\\\/wp-content\\\/uploads\\\/2018\\\/02\\\/logo-2-e1518678052539.png\",\"contentUrl\":\"https:\\\/\\\/tajkertesz.com\\\/wp-content\\\/uploads\\\/2018\\\/02\\\/logo-2-e1518678052539.png\",\"width\":81,\"height\":140,\"caption\":\"T\u00e1j-Kert\u00e9sz 84 Kft.\"},\"image\":{\"@id\":\"https:\\\/\\\/tajkertesz.com\\\/#\\\/schema\\\/logo\\\/image\\\/\"},\"sameAs\":[\"https:\\\/\\\/www.facebook.com\\\/Tajkertesz\\\/\"]}]}<\/script>\n<!-- \/ Yoast SEO plugin. -->","yoast_head_json":{"title":"BROS Sonic Ultrahangos Vakondriaszt\u00f3 650-800nm - T\u00e1jkert\u00e9sz","description":"BROS Sonic Ultrahangos Vakondriaszt\u00f3 800nm. Elemmel m\u0171k\u00f6d\u0151 2 x R20 1,5V vakond- \u00e9s r\u00e1gcs\u00e1l\u00f3riaszt\u00f3. H\u00e1zi\u00e1llatokra nem vesz\u00e9lyes.","robots":{"index":"index","follow":"follow","max-snippet":"max-snippet:-1","max-image-preview":"max-image-preview:large","max-video-preview":"max-video-preview:-1"},"canonical":"https:\/\/tajkertesz.com\/en_US\/product\/bros-sonic-ultrahangos-vakondriaszto-650nm\/","og_locale":"en_US","og_type":"article","og_title":"BROS Sonic Ultrahangos Vakondriaszt\u00f3 650-800nm - T\u00e1jkert\u00e9sz","og_description":"BROS Sonic Ultrahangos Vakondriaszt\u00f3 800nm. Elemmel m\u0171k\u00f6d\u0151 2 x R20 1,5V vakond- \u00e9s r\u00e1gcs\u00e1l\u00f3riaszt\u00f3. H\u00e1zi\u00e1llatokra nem vesz\u00e9lyes.","og_url":"https:\/\/tajkertesz.com\/en_US\/product\/bros-sonic-ultrahangos-vakondriaszto-650nm\/","og_site_name":"T\u00e1jkert\u00e9sz","article_publisher":"https:\/\/www.facebook.com\/Tajkertesz\/","article_modified_time":"2026-01-14T10:34:31+00:00","og_image":[{"width":239,"height":497,"url":"https:\/\/tajkertesz.com\/wp-content\/uploads\/2021\/08\/Bros-ultrahangos.png","type":"image\/png"}],"twitter_card":"summary_large_image","twitter_misc":{"Est. reading time":"2 minutes"},"schema":{"@context":"https:\/\/schema.org","@graph":[{"@type":"WebPage","@id":"https:\/\/tajkertesz.com\/termek\/bros-sonic-ultrahangos-vakondriaszto-650nm\/","url":"https:\/\/tajkertesz.com\/termek\/bros-sonic-ultrahangos-vakondriaszto-650nm\/","name":"BROS Sonic Ultrahangos Vakondriaszt\u00f3 650-800nm - T\u00e1jkert\u00e9sz","isPartOf":{"@id":"https:\/\/tajkertesz.com\/#website"},"primaryImageOfPage":{"@id":"https:\/\/tajkertesz.com\/termek\/bros-sonic-ultrahangos-vakondriaszto-650nm\/#primaryimage"},"image":{"@id":"https:\/\/tajkertesz.com\/termek\/bros-sonic-ultrahangos-vakondriaszto-650nm\/#primaryimage"},"thumbnailUrl":"https:\/\/tajkertesz.com\/wp-content\/uploads\/2021\/08\/Bros-ultrahangos.png","datePublished":"2021-08-02T08:32:42+00:00","dateModified":"2026-01-14T10:34:31+00:00","description":"BROS Sonic Ultrahangos Vakondriaszt\u00f3 800nm. Elemmel m\u0171k\u00f6d\u0151 2 x R20 1,5V vakond- \u00e9s r\u00e1gcs\u00e1l\u00f3riaszt\u00f3. H\u00e1zi\u00e1llatokra nem vesz\u00e9lyes.","breadcrumb":{"@id":"https:\/\/tajkertesz.com\/termek\/bros-sonic-ultrahangos-vakondriaszto-650nm\/#breadcrumb"},"inLanguage":"en-US","potentialAction":[{"@type":"ReadAction","target":["https:\/\/tajkertesz.com\/termek\/bros-sonic-ultrahangos-vakondriaszto-650nm\/"]}]},{"@type":"ImageObject","inLanguage":"en-US","@id":"https:\/\/tajkertesz.com\/termek\/bros-sonic-ultrahangos-vakondriaszto-650nm\/#primaryimage","url":"https:\/\/tajkertesz.com\/wp-content\/uploads\/2021\/08\/Bros-ultrahangos.png","contentUrl":"https:\/\/tajkertesz.com\/wp-content\/uploads\/2021\/08\/Bros-ultrahangos.png","width":239,"height":497},{"@type":"BreadcrumbList","@id":"https:\/\/tajkertesz.com\/termek\/bros-sonic-ultrahangos-vakondriaszto-650nm\/#breadcrumb","itemListElement":[{"@type":"ListItem","position":1,"name":"Home","item":"https:\/\/tajkertesz.com\/"},{"@type":"ListItem","position":2,"name":"Kezd\u0151lap","item":"https:\/\/tajkertesz.com\/"},{"@type":"ListItem","position":3,"name":"BROS Sonic Ultrahangos Vakondriaszt\u00f3 650-800nm"}]},{"@type":"WebSite","@id":"https:\/\/tajkertesz.com\/#website","url":"https:\/\/tajkertesz.com\/","name":"T\u00e1j-Kert\u00e9sz 84 Kft.","description":"Kert\u00e9szeti kis- \u00e9s nagykeresked\u00e9s, D\u00edszn\u00f6v\u00e9ny web\u00e1ruh\u00e1z orsz\u00e1gos h\u00e1zhozsz\u00e1ll\u00edt\u00e1ssal!","publisher":{"@id":"https:\/\/tajkertesz.com\/#organization"},"potentialAction":[{"@type":"SearchAction","target":{"@type":"EntryPoint","urlTemplate":"https:\/\/tajkertesz.com\/?s={search_term_string}"},"query-input":{"@type":"PropertyValueSpecification","valueRequired":true,"valueName":"search_term_string"}}],"inLanguage":"en-US"},{"@type":"Organization","@id":"https:\/\/tajkertesz.com\/#organization","name":"T\u00e1j-Kert\u00e9sz 84 Kft.","url":"https:\/\/tajkertesz.com\/","logo":{"@type":"ImageObject","inLanguage":"en-US","@id":"https:\/\/tajkertesz.com\/#\/schema\/logo\/image\/","url":"https:\/\/tajkertesz.com\/wp-content\/uploads\/2018\/02\/logo-2-e1518678052539.png","contentUrl":"https:\/\/tajkertesz.com\/wp-content\/uploads\/2018\/02\/logo-2-e1518678052539.png","width":81,"height":140,"caption":"T\u00e1j-Kert\u00e9sz 84 Kft."},"image":{"@id":"https:\/\/tajkertesz.com\/#\/schema\/logo\/image\/"},"sameAs":["https:\/\/www.facebook.com\/Tajkertesz\/"]}]}},"_links":{"self":[{"href":"https:\/\/tajkertesz.com\/en_US\/wp-json\/wp\/v2\/product\/7854","targetHints":{"allow":["GET"]}}],"collection":[{"href":"https:\/\/tajkertesz.com\/en_US\/wp-json\/wp\/v2\/product"}],"about":[{"href":"https:\/\/tajkertesz.com\/en_US\/wp-json\/wp\/v2\/types\/product"}],"wp:featuredmedia":[{"embeddable":true,"href":"https:\/\/tajkertesz.com\/en_US\/wp-json\/wp\/v2\/media\/13043"}],"wp:attachment":[{"href":"https:\/\/tajkertesz.com\/en_US\/wp-json\/wp\/v2\/media?parent=7854"}],"wp:term":[{"taxonomy":"product_brand","embeddable":true,"href":"https:\/\/tajkertesz.com\/en_US\/wp-json\/wp\/v2\/product_brand?post=7854"},{"taxonomy":"product_cat","embeddable":true,"href":"https:\/\/tajkertesz.com\/en_US\/wp-json\/wp\/v2\/product_cat?post=7854"},{"taxonomy":"product_tag","embeddable":true,"href":"https:\/\/tajkertesz.com\/en_US\/wp-json\/wp\/v2\/product_tag?post=7854"}],"curies":[{"name":"wp","href":"https:\/\/api.w.org\/{rel}","templated":true}]}}