{"id":7859,"date":"2021-08-02T08:50:01","date_gmt":"2021-08-02T08:50:01","guid":{"rendered":"https:\/\/tajkertesz.com\/?post_type=product&#038;p=7859"},"modified":"2026-02-16T15:28:44","modified_gmt":"2026-02-16T15:28:44","slug":"radix-m-gyokerezteto-por-lagyszaruakhoz-50-g","status":"publish","type":"product","link":"https:\/\/tajkertesz.com\/en_US\/product\/radix-m-gyokerezteto-por-lagyszaruakhoz-50-g\/","title":{"rendered":"Radix-M gy\u00f6kereztet\u0151 por l\u00e1gysz\u00e1r\u00faakhoz 50 g"},"content":{"rendered":"<div class=\"artdet__name-rating d-none d-lg-block\">\n<div class=\"row gutters-5\">\n<div class=\"col\">\n<h1 class=\"h1 product-title\">Radix-M gy\u00f6kereztet\u0151 por l\u00e1gysz\u00e1r\u00faakhoz 50 g<\/h1>\n<\/div>\n<\/div>\n<\/div>\n<div id=\"artdet__short-descrition\" class=\"artdet__short-descripton artdet-block border-block\">\n<div class=\"artdet__short-descripton-content text-justify font-s font-sm-m\">\n<h3 class=\"h1 product-title\">Radix-M gy\u00f6kereztet\u0151 por l\u00e1gysz\u00e1r\u00faakhoz 50 g.<\/h3>\n<p class=\"h1 product-title\">A RADIX k\u00e9sz\u00edtm\u00e9nyek a kor\u00e1bbi hasonl\u00f3 term\u00e9keinkn\u00e9l nagyobb hat\u00e1sfokkal seg\u00edtik el\u0151 a gy\u00f6k\u00e9rkorona gyorsabb kifejl\u0151d\u00e9s\u00e9t gy\u00f6k\u00e9r n\u00e9lk\u00fcli dugv\u00e1nyok \u00e9s kis gy\u00f6k\u00e9rkezdem\u00e9nnyel rendelkez\u0151 n\u00f6v\u00e9nyek eset\u00e9n.A RADIX csal\u00e1d tagjai speci\u00e1lis \u00f6sszet\u00e9tel\u00fcknek (vulkanikus eredet\u0171 mikroelemek, m\u0171tr\u00e1gy\u00e1k, stb) k\u00f6sz\u00f6nhet\u0151en a gy\u00f6k\u00e9rzet k\u00f6zel\u00e9be ill. a dugv\u00e1ny metszfel\u00fclet\u00e9re juttatva m\u00e9g hat\u00e9konyabban fejtik ki gy\u00f6k\u00e9rk\u00e9pz\u0151 hat\u00e1sukat!<\/p>\n<h3 class=\"h1 product-title\">Felhaszn\u00e1l\u00e1s:<\/h3>\n<p class=\"h1 product-title\">A termeszt\u0151 k\u00f6zegbe 8-10 g\/l mennyis\u00e9gben keverni, vagy \u00e9vente 1-2 alkalommal a gy\u00f6k\u00e9rz\u00f3na feletti talajba bedolgozni.<\/p>\n<p class=\"h1 product-title\">Gy\u00f6k\u00e9r n\u00e9lk\u00fcli dugv\u00e1nyok eset\u00e9n, a gy\u00f6keresed\u00e9s el\u0151seg\u00edt\u00e9s\u00e9hez \u2013c\u00e9lszer\u0171- a dugv\u00e1nyoz\u00e1s el\u0151tt a kiss\u00e9 nedves metszfel\u00fcletet a porba m\u00e1rtani.<\/p>\n<\/div>\n<\/div>\n<p>&nbsp;<\/p>\n<div><a href=\"https:\/\/www.facebook.com\/tajkertesz\">https:\/\/www.facebook.com\/tajkertesz<\/a><\/div>\n<div><a href=\"https:\/\/tajkertesz.com\/\">https:\/\/tajkertesz.com\/<\/a><\/div>\n<div><\/div>\n<div><\/div>\n<h4><span id=\"A_m\u0171tr\u00e1gy\u00e1z\u00e1s_hat\u00e1sai\" class=\"mw-headline\" style=\"color: #ffffff;\">A m\u0171tr\u00e1gy\u00e1z\u00e1s hat\u00e1sai<\/span><\/h4>\n<p><span style=\"color: #ffffff;\">A k\u00f6znyelvben gyakran keverik a m\u0171tr\u00e1gy\u00e1kat a n\u00f6v\u00e9nyv\u00e9d\u0151 szerekkel. Azonban a m\u0171tr\u00e1gya nem term\u00e9szetidegen anyag. A m\u0171tr\u00e1gy\u00e1z\u00e1ssal olyan vegyi anyagok nem ker\u00fclnek a talajba, amik m\u00e1r eleve nem lenn\u00e9nek jelen. Ugyanazon fontos t\u00e1pionokat tartalmazza, melyeket a talaj- \u00e9s a szerves tr\u00e1gy\u00e1k is szolg\u00e1ltatnak. Teh\u00e1t megfelel\u0151en alkalmazva a m\u0171tr\u00e1gy\u00e1k csak minim\u00e1lis k\u00e1ros hat\u00e1ssal vannak a k\u00f6rnyezetre n\u00e9zve. S\u0151t, amennyiben t\u00e9nylegesen a talaj hi\u00e1nyoss\u00e1gait p\u00f3tolj\u00e1k, illetve a talajhib\u00e1kat orvosolj\u00e1k (t\u00e1pelem-ar\u00e1nyok \u00e9s ar\u00e1nytalans\u00e1gok megsz\u00fcntet\u00e9se, t\u00falzott savass\u00e1g vagy l\u00fagoss\u00e1g tomp\u00edt\u00e1sa stb.), \u00fagy alkalmaz\u00e1sukkal eg\u00e9szs\u00e9gesebb talaj, talaj\u00e9let, n\u00f6v\u00e9nyzet, \u00e1llati \u00e9s emberi k\u00f6z\u00f6ss\u00e9gek j\u00f6hetnek l\u00e9tre az addig term\u00e9ketlen f\u00f6ldeken.<\/span><\/p>\n<p><span style=\"color: #ffffff;\">A megm\u0171velt ter\u00fcletek megn\u00f6vekedett termel\u00e9kenys\u00e9ge lehet\u0151v\u00e9 teszi az erd\u0151k \u00e9s r\u00e9tek term\u00e9szetes \u00e1llapotban val\u00f3 meg\u0151rz\u00e9s\u00e9t, nem kell \u00fajabb sz\u0171z ter\u00fcleteket bevonni a mez\u0151gazdas\u00e1gba. Teh\u00e1t a helyes elveken nyugv\u00f3 m\u0171tr\u00e1gy\u00e1z\u00e1s j\u00f3t\u00e9kony hat\u00e1ssal lehet a k\u00f6rnyezetre, ugyanis <i>v\u00e9di \u00e9s jav\u00edtja<\/i> azt, hiszen a n\u00f6v\u00e9nyzet oxig\u00e9ntermel\u00e9s\u00e9vel hozz\u00e1j\u00e1rul a l\u00e9gk\u00f6r fenntart\u00e1s\u00e1hoz, \u00edgy cs\u00f6kkentve az \u00fcvegh\u00e1zhat\u00e1st. A talaj szervesanyag-tartalma is megn\u00f6vekszik a nagyobb mennyis\u00e9g\u0171 tarl\u00f3- \u00e9s sz\u00e1rmaradv\u00e1ny talajba jut\u00e1sa r\u00e9v\u00e9n. A talajer\u00f3zi\u00f3t cs\u00f6kkenti az eg\u00e9szs\u00e9ges n\u00f6v\u00e9nyzet akt\u00edv gy\u00f6k\u00e9rzete r\u00e9v\u00e9n, \u00e9s a talajban term\u00e9szetesen el\u0151fordul\u00f3, illetve kijuttatott t\u00e1panyagokat is jobban hasznos\u00edtja, korl\u00e1tozva a t\u00e1panyagok talajmenti vizekbe jut\u00e1s\u00e1t.<\/span><\/p>\n<h4><span id=\"A_m\u0171tr\u00e1gy\u00e1z\u00e1s_szezonja\" class=\"mw-headline\" style=\"color: #ffffff;\">A m\u0171tr\u00e1gy\u00e1z\u00e1s szezonja<\/span><\/h4>\n<p><span style=\"color: #ffffff;\">A nitrog\u00e9n tartalm\u00fa m\u0171tr\u00e1gy\u00e1k f\u0151 szezonja a tavaszi id\u0151szak. Hiszen kisebb mennyis\u00e9get haszn\u00e1lnak \u0151sszel a vet\u00e9sek al\u00e1 alaptr\u00e1gyak\u00e9nt, azonban a gondos gazd\u00e1k a komposzt \u00e9rlel\u00e9s\u00e9hez eg\u00e9sz \u00e9vben, \u0151sszel pedig szalm\u00e1s ist\u00e1ll\u00f3tr\u00e1gya, z\u00f6ldtr\u00e1gya illetve egy\u00e9b szerves anyag bedolgoz\u00e1s\u00e1val egyidej\u0171leg is alkalmazz\u00e1k a humifik\u00e1l\u00f3d\u00e1s el\u0151seg\u00edt\u00e9s\u00e9re.<\/span><\/p>\n<p>&nbsp;<\/p>","protected":false},"excerpt":{"rendered":"<h1 class=\"h1 product-title\">Radix-M gy\u00f6kereztet\u0151 por l\u00e1gysz\u00e1r\u00faakhoz 50 g<\/h1>\n<div id=\"bodyContent\" class=\"mw-body-content\">\n<div id=\"mw-content-text\" class=\"mw-content-ltr\" dir=\"ltr\" lang=\"hu\">\n<div id=\"bodyContent\" class=\"mw-body-content\">\n<div id=\"mw-content-text\" class=\"mw-content-ltr\" dir=\"ltr\" lang=\"hu\">\n<p><b>K\u00e9szlet\u00fcnk napi szinten v\u00e1ltozik, ez\u00e9rt k\u00e9rj\u00fck, \u00e9rdekl\u0151dj\u00f6n szem\u00e9lyesen, telefonon vagy email-en.<\/b><\/p>\n<p>Term\u00e9keinket szem\u00e9lyesen is \u00e1tveheti a h\u00e9t minden napj\u00e1n nyitvatart\u00e1si id\u0151ben!<\/p>\n<p>Kisz\u00e1ll\u00edt\u00e1s: 200 cm \u00e9s 40 kg-ig a sz\u00e1ll\u00edt\u00e1s fut\u00e1rszolg\u00e1lattal t\u00f6rt\u00e9nik.<\/p>\n<\/div>\n<\/div>\n<\/div>\n<\/div>\n<p><b>A v\u00e1ltoztat\u00e1s jog\u00e1t fenntartjuk!\u00a0<\/b><\/p>","protected":false},"featured_media":7860,"template":"","meta":{"_et_pb_use_builder":"","_et_pb_old_content":"","_et_gb_content_width":""},"product_brand":[],"product_cat":[1845],"product_tag":[2286],"class_list":{"0":"post-7859","1":"product","2":"type-product","3":"status-publish","4":"has-post-thumbnail","6":"product_cat-egyeb-tapoldatok-mutragyak","7":"product_tag-radix-m-gyokerezteto-por-lagyszaruakhoz-50-g","9":"first","10":"instock","11":"shipping-taxable","12":"purchasable","13":"product-type-simple"},"yoast_head":"<!-- This site is optimized with the Yoast SEO plugin v27.4 - https:\/\/yoast.com\/product\/yoast-seo-wordpress\/ -->\n<title>Radix-M gy\u00f6kereztet\u0151 por l\u00e1gysz\u00e1r\u00faakhoz 50 g - T\u00e1jkert\u00e9sz<\/title>\n<meta name=\"description\" content=\"Radix-M gy\u00f6kereztet\u0151 por l\u00e1gysz\u00e1r\u00faakhoz 50 g\" \/>\n<meta name=\"robots\" content=\"index, follow, max-snippet:-1, max-image-preview:large, max-video-preview:-1\" \/>\n<link rel=\"canonical\" href=\"https:\/\/tajkertesz.com\/en_US\/product\/radix-m-gyokerezteto-por-lagyszaruakhoz-50-g\/\" \/>\n<meta property=\"og:locale\" content=\"en_US\" \/>\n<meta property=\"og:type\" content=\"article\" \/>\n<meta property=\"og:title\" content=\"Radix-M gy\u00f6kereztet\u0151 por l\u00e1gysz\u00e1r\u00faakhoz 50 g - T\u00e1jkert\u00e9sz\" \/>\n<meta property=\"og:description\" content=\"Radix-M gy\u00f6kereztet\u0151 por l\u00e1gysz\u00e1r\u00faakhoz 50 g\" \/>\n<meta property=\"og:url\" content=\"https:\/\/tajkertesz.com\/en_US\/product\/radix-m-gyokerezteto-por-lagyszaruakhoz-50-g\/\" \/>\n<meta property=\"og:site_name\" content=\"T\u00e1jkert\u00e9sz\" \/>\n<meta property=\"article:publisher\" content=\"https:\/\/www.facebook.com\/Tajkertesz\/\" \/>\n<meta property=\"article:modified_time\" content=\"2026-02-16T15:28:44+00:00\" \/>\n<meta property=\"og:image\" content=\"https:\/\/tajkertesz.com\/wp-content\/uploads\/2021\/08\/IMG_20210802_082859.jpg\" \/>\n\t<meta property=\"og:image:width\" content=\"470\" \/>\n\t<meta property=\"og:image:height\" content=\"600\" \/>\n\t<meta property=\"og:image:type\" content=\"image\/jpeg\" \/>\n<meta name=\"twitter:card\" content=\"summary_large_image\" \/>\n<meta name=\"twitter:label1\" content=\"Est. reading time\" \/>\n\t<meta name=\"twitter:data1\" content=\"3 minutes\" \/>\n<script type=\"application\/ld+json\" class=\"yoast-schema-graph\">{\"@context\":\"https:\\\/\\\/schema.org\",\"@graph\":[{\"@type\":\"WebPage\",\"@id\":\"https:\\\/\\\/tajkertesz.com\\\/termek\\\/radix-m-gyokerezteto-por-lagyszaruakhoz-50-g\\\/\",\"url\":\"https:\\\/\\\/tajkertesz.com\\\/termek\\\/radix-m-gyokerezteto-por-lagyszaruakhoz-50-g\\\/\",\"name\":\"Radix-M gy\u00f6kereztet\u0151 por l\u00e1gysz\u00e1r\u00faakhoz 50 g - T\u00e1jkert\u00e9sz\",\"isPartOf\":{\"@id\":\"https:\\\/\\\/tajkertesz.com\\\/#website\"},\"primaryImageOfPage\":{\"@id\":\"https:\\\/\\\/tajkertesz.com\\\/termek\\\/radix-m-gyokerezteto-por-lagyszaruakhoz-50-g\\\/#primaryimage\"},\"image\":{\"@id\":\"https:\\\/\\\/tajkertesz.com\\\/termek\\\/radix-m-gyokerezteto-por-lagyszaruakhoz-50-g\\\/#primaryimage\"},\"thumbnailUrl\":\"https:\\\/\\\/tajkertesz.com\\\/wp-content\\\/uploads\\\/2021\\\/08\\\/IMG_20210802_082859.jpg\",\"datePublished\":\"2021-08-02T08:50:01+00:00\",\"dateModified\":\"2026-02-16T15:28:44+00:00\",\"description\":\"Radix-M gy\u00f6kereztet\u0151 por l\u00e1gysz\u00e1r\u00faakhoz 50 g\",\"breadcrumb\":{\"@id\":\"https:\\\/\\\/tajkertesz.com\\\/termek\\\/radix-m-gyokerezteto-por-lagyszaruakhoz-50-g\\\/#breadcrumb\"},\"inLanguage\":\"en-US\",\"potentialAction\":[{\"@type\":\"ReadAction\",\"target\":[\"https:\\\/\\\/tajkertesz.com\\\/termek\\\/radix-m-gyokerezteto-por-lagyszaruakhoz-50-g\\\/\"]}]},{\"@type\":\"ImageObject\",\"inLanguage\":\"en-US\",\"@id\":\"https:\\\/\\\/tajkertesz.com\\\/termek\\\/radix-m-gyokerezteto-por-lagyszaruakhoz-50-g\\\/#primaryimage\",\"url\":\"https:\\\/\\\/tajkertesz.com\\\/wp-content\\\/uploads\\\/2021\\\/08\\\/IMG_20210802_082859.jpg\",\"contentUrl\":\"https:\\\/\\\/tajkertesz.com\\\/wp-content\\\/uploads\\\/2021\\\/08\\\/IMG_20210802_082859.jpg\",\"width\":470,\"height\":600,\"caption\":\"hdr\"},{\"@type\":\"BreadcrumbList\",\"@id\":\"https:\\\/\\\/tajkertesz.com\\\/termek\\\/radix-m-gyokerezteto-por-lagyszaruakhoz-50-g\\\/#breadcrumb\",\"itemListElement\":[{\"@type\":\"ListItem\",\"position\":1,\"name\":\"Home\",\"item\":\"https:\\\/\\\/tajkertesz.com\\\/\"},{\"@type\":\"ListItem\",\"position\":2,\"name\":\"Kezd\u0151lap\",\"item\":\"https:\\\/\\\/tajkertesz.com\\\/\"},{\"@type\":\"ListItem\",\"position\":3,\"name\":\"Radix-M gy\u00f6kereztet\u0151 por l\u00e1gysz\u00e1r\u00faakhoz 50 g\"}]},{\"@type\":\"WebSite\",\"@id\":\"https:\\\/\\\/tajkertesz.com\\\/#website\",\"url\":\"https:\\\/\\\/tajkertesz.com\\\/\",\"name\":\"T\u00e1j-Kert\u00e9sz 84 Kft.\",\"description\":\"Kert\u00e9szeti kis- \u00e9s nagykeresked\u00e9s, D\u00edszn\u00f6v\u00e9ny web\u00e1ruh\u00e1z orsz\u00e1gos h\u00e1zhozsz\u00e1ll\u00edt\u00e1ssal!\",\"publisher\":{\"@id\":\"https:\\\/\\\/tajkertesz.com\\\/#organization\"},\"potentialAction\":[{\"@type\":\"SearchAction\",\"target\":{\"@type\":\"EntryPoint\",\"urlTemplate\":\"https:\\\/\\\/tajkertesz.com\\\/?s={search_term_string}\"},\"query-input\":{\"@type\":\"PropertyValueSpecification\",\"valueRequired\":true,\"valueName\":\"search_term_string\"}}],\"inLanguage\":\"en-US\"},{\"@type\":\"Organization\",\"@id\":\"https:\\\/\\\/tajkertesz.com\\\/#organization\",\"name\":\"T\u00e1j-Kert\u00e9sz 84 Kft.\",\"url\":\"https:\\\/\\\/tajkertesz.com\\\/\",\"logo\":{\"@type\":\"ImageObject\",\"inLanguage\":\"en-US\",\"@id\":\"https:\\\/\\\/tajkertesz.com\\\/#\\\/schema\\\/logo\\\/image\\\/\",\"url\":\"https:\\\/\\\/tajkertesz.com\\\/wp-content\\\/uploads\\\/2018\\\/02\\\/logo-2-e1518678052539.png\",\"contentUrl\":\"https:\\\/\\\/tajkertesz.com\\\/wp-content\\\/uploads\\\/2018\\\/02\\\/logo-2-e1518678052539.png\",\"width\":81,\"height\":140,\"caption\":\"T\u00e1j-Kert\u00e9sz 84 Kft.\"},\"image\":{\"@id\":\"https:\\\/\\\/tajkertesz.com\\\/#\\\/schema\\\/logo\\\/image\\\/\"},\"sameAs\":[\"https:\\\/\\\/www.facebook.com\\\/Tajkertesz\\\/\"]}]}<\/script>\n<!-- \/ Yoast SEO plugin. -->","yoast_head_json":{"title":"Radix-M gy\u00f6kereztet\u0151 por l\u00e1gysz\u00e1r\u00faakhoz 50 g - T\u00e1jkert\u00e9sz","description":"Radix-M gy\u00f6kereztet\u0151 por l\u00e1gysz\u00e1r\u00faakhoz 50 g","robots":{"index":"index","follow":"follow","max-snippet":"max-snippet:-1","max-image-preview":"max-image-preview:large","max-video-preview":"max-video-preview:-1"},"canonical":"https:\/\/tajkertesz.com\/en_US\/product\/radix-m-gyokerezteto-por-lagyszaruakhoz-50-g\/","og_locale":"en_US","og_type":"article","og_title":"Radix-M gy\u00f6kereztet\u0151 por l\u00e1gysz\u00e1r\u00faakhoz 50 g - T\u00e1jkert\u00e9sz","og_description":"Radix-M gy\u00f6kereztet\u0151 por l\u00e1gysz\u00e1r\u00faakhoz 50 g","og_url":"https:\/\/tajkertesz.com\/en_US\/product\/radix-m-gyokerezteto-por-lagyszaruakhoz-50-g\/","og_site_name":"T\u00e1jkert\u00e9sz","article_publisher":"https:\/\/www.facebook.com\/Tajkertesz\/","article_modified_time":"2026-02-16T15:28:44+00:00","og_image":[{"width":470,"height":600,"url":"https:\/\/tajkertesz.com\/wp-content\/uploads\/2021\/08\/IMG_20210802_082859.jpg","type":"image\/jpeg"}],"twitter_card":"summary_large_image","twitter_misc":{"Est. reading time":"3 minutes"},"schema":{"@context":"https:\/\/schema.org","@graph":[{"@type":"WebPage","@id":"https:\/\/tajkertesz.com\/termek\/radix-m-gyokerezteto-por-lagyszaruakhoz-50-g\/","url":"https:\/\/tajkertesz.com\/termek\/radix-m-gyokerezteto-por-lagyszaruakhoz-50-g\/","name":"Radix-M gy\u00f6kereztet\u0151 por l\u00e1gysz\u00e1r\u00faakhoz 50 g - T\u00e1jkert\u00e9sz","isPartOf":{"@id":"https:\/\/tajkertesz.com\/#website"},"primaryImageOfPage":{"@id":"https:\/\/tajkertesz.com\/termek\/radix-m-gyokerezteto-por-lagyszaruakhoz-50-g\/#primaryimage"},"image":{"@id":"https:\/\/tajkertesz.com\/termek\/radix-m-gyokerezteto-por-lagyszaruakhoz-50-g\/#primaryimage"},"thumbnailUrl":"https:\/\/tajkertesz.com\/wp-content\/uploads\/2021\/08\/IMG_20210802_082859.jpg","datePublished":"2021-08-02T08:50:01+00:00","dateModified":"2026-02-16T15:28:44+00:00","description":"Radix-M gy\u00f6kereztet\u0151 por l\u00e1gysz\u00e1r\u00faakhoz 50 g","breadcrumb":{"@id":"https:\/\/tajkertesz.com\/termek\/radix-m-gyokerezteto-por-lagyszaruakhoz-50-g\/#breadcrumb"},"inLanguage":"en-US","potentialAction":[{"@type":"ReadAction","target":["https:\/\/tajkertesz.com\/termek\/radix-m-gyokerezteto-por-lagyszaruakhoz-50-g\/"]}]},{"@type":"ImageObject","inLanguage":"en-US","@id":"https:\/\/tajkertesz.com\/termek\/radix-m-gyokerezteto-por-lagyszaruakhoz-50-g\/#primaryimage","url":"https:\/\/tajkertesz.com\/wp-content\/uploads\/2021\/08\/IMG_20210802_082859.jpg","contentUrl":"https:\/\/tajkertesz.com\/wp-content\/uploads\/2021\/08\/IMG_20210802_082859.jpg","width":470,"height":600,"caption":"hdr"},{"@type":"BreadcrumbList","@id":"https:\/\/tajkertesz.com\/termek\/radix-m-gyokerezteto-por-lagyszaruakhoz-50-g\/#breadcrumb","itemListElement":[{"@type":"ListItem","position":1,"name":"Home","item":"https:\/\/tajkertesz.com\/"},{"@type":"ListItem","position":2,"name":"Kezd\u0151lap","item":"https:\/\/tajkertesz.com\/"},{"@type":"ListItem","position":3,"name":"Radix-M gy\u00f6kereztet\u0151 por l\u00e1gysz\u00e1r\u00faakhoz 50 g"}]},{"@type":"WebSite","@id":"https:\/\/tajkertesz.com\/#website","url":"https:\/\/tajkertesz.com\/","name":"T\u00e1j-Kert\u00e9sz 84 Kft.","description":"Kert\u00e9szeti kis- \u00e9s nagykeresked\u00e9s, D\u00edszn\u00f6v\u00e9ny web\u00e1ruh\u00e1z orsz\u00e1gos h\u00e1zhozsz\u00e1ll\u00edt\u00e1ssal!","publisher":{"@id":"https:\/\/tajkertesz.com\/#organization"},"potentialAction":[{"@type":"SearchAction","target":{"@type":"EntryPoint","urlTemplate":"https:\/\/tajkertesz.com\/?s={search_term_string}"},"query-input":{"@type":"PropertyValueSpecification","valueRequired":true,"valueName":"search_term_string"}}],"inLanguage":"en-US"},{"@type":"Organization","@id":"https:\/\/tajkertesz.com\/#organization","name":"T\u00e1j-Kert\u00e9sz 84 Kft.","url":"https:\/\/tajkertesz.com\/","logo":{"@type":"ImageObject","inLanguage":"en-US","@id":"https:\/\/tajkertesz.com\/#\/schema\/logo\/image\/","url":"https:\/\/tajkertesz.com\/wp-content\/uploads\/2018\/02\/logo-2-e1518678052539.png","contentUrl":"https:\/\/tajkertesz.com\/wp-content\/uploads\/2018\/02\/logo-2-e1518678052539.png","width":81,"height":140,"caption":"T\u00e1j-Kert\u00e9sz 84 Kft."},"image":{"@id":"https:\/\/tajkertesz.com\/#\/schema\/logo\/image\/"},"sameAs":["https:\/\/www.facebook.com\/Tajkertesz\/"]}]}},"_links":{"self":[{"href":"https:\/\/tajkertesz.com\/en_US\/wp-json\/wp\/v2\/product\/7859","targetHints":{"allow":["GET"]}}],"collection":[{"href":"https:\/\/tajkertesz.com\/en_US\/wp-json\/wp\/v2\/product"}],"about":[{"href":"https:\/\/tajkertesz.com\/en_US\/wp-json\/wp\/v2\/types\/product"}],"wp:featuredmedia":[{"embeddable":true,"href":"https:\/\/tajkertesz.com\/en_US\/wp-json\/wp\/v2\/media\/7860"}],"wp:attachment":[{"href":"https:\/\/tajkertesz.com\/en_US\/wp-json\/wp\/v2\/media?parent=7859"}],"wp:term":[{"taxonomy":"product_brand","embeddable":true,"href":"https:\/\/tajkertesz.com\/en_US\/wp-json\/wp\/v2\/product_brand?post=7859"},{"taxonomy":"product_cat","embeddable":true,"href":"https:\/\/tajkertesz.com\/en_US\/wp-json\/wp\/v2\/product_cat?post=7859"},{"taxonomy":"product_tag","embeddable":true,"href":"https:\/\/tajkertesz.com\/en_US\/wp-json\/wp\/v2\/product_tag?post=7859"}],"curies":[{"name":"wp","href":"https:\/\/api.w.org\/{rel}","templated":true}]}}