{"id":7865,"date":"2021-08-02T08:56:41","date_gmt":"2021-08-02T08:56:41","guid":{"rendered":"https:\/\/tajkertesz.com\/?post_type=product&#038;p=7865"},"modified":"2024-03-26T09:33:03","modified_gmt":"2024-03-26T09:33:03","slug":"starsem-sport-fumag-keverek-500g","status":"publish","type":"product","link":"https:\/\/tajkertesz.com\/en_US\/product\/starsem-sport-fumag-keverek-500g\/","title":{"rendered":"Starsem Sport f\u0171mag kever\u00e9k 500g"},"content":{"rendered":"<h1 class=\"page-head-title product-page-head-title position-relative\"><span class=\"product-page-product-name\">Starsem Sport f\u0171mag kever\u00e9k 500g<\/span><\/h1>\n<p class=\"page-head-title product-page-head-title position-relative\"><span class=\"product-page-product-name\">Starsem Sport f\u0171mag kever\u00e9k 500g,<\/span><\/p>\n<section class=\"product-page-middle-2\">\n<div class=\"row product-positions-tabs\">\n<div class=\"col-12\">\n<div class=\"position-3-wrapper\">\n<div class=\"position-3-container\">\n<div class=\"tab-content product-page-tab-content\">\n<div id=\"tab-productdescriptionnoparameters\" class=\"tab-pane fade show active\" role=\"tabpanel\" aria-labelledby=\"productdescriptionnoparameters-tab\" data-tab=\"#tab_productdescriptionnoparameters\">\n<div id=\"productdescriptionnoparameters-wrapper\" class=\"module-productdescriptionnoparameters-wrapper\">\n<div id=\"productdescriptionnoparameters\" class=\"module home-position product-position productdescriptionnoparameters\">\n<div class=\"module-body\">\n<p>\u00c1ltal\u00e1nos gyorsan n\u00f6v\u0151 tapos\u00e1st t\u0171r\u0151 f\u0171mag kever\u00e9k.<\/p>\n<\/div>\n<\/div>\n<\/div>\n<\/div>\n<\/div>\n<\/div>\n<\/div>\n<\/div>\n<\/div>\n<\/section>\n<section class=\"product-page-middle-3\">\n<div class=\"row\">\n<div class=\"col-12\">\n<div class=\"position-4-wrapper\">\n<div class=\"position-4-container\">\n<div id=\"module_similar_products_wrapper\" class=\"module-similar_products-wrapper\">\n<div id=\"orcinus_product_page\" class=\"module product-module home-position snapshot_vertical_direction product-position\">\n<div class=\"module-head\"><\/div>\n<\/div>\n<\/div>\n<\/div>\n<\/div>\n<\/div>\n<\/div>\n<\/section>\n<p style=\"font-weight: 400;\"><a href=\"https:\/\/tajkertesz.com\/\">https:\/\/tajkertesz.com\/<\/a><\/p>\n<p><a href=\"https:\/\/www.facebook.com\/tajkertesz\">https:\/\/www.facebook.com\/tajkertesz<\/a><\/p>\n<p>&nbsp;<\/p>\n<p><b><span style=\"font-family: 'Ubuntu',serif; color: black;\">K\u00e9szlet\u00fcnk napi szinten v\u00e1ltozik, ez\u00e9rt k\u00e9rj\u00fck, \u00e9rdekl\u0151dj\u00f6n szem\u00e9lyesen, telefonon vagy email-en.<br \/>\nA v\u00e1ltoztat\u00e1s jog\u00e1t fenntartjuk!\u00a0<\/span><\/b><\/p>\n<p>Term\u00e9keinkhez kaphat\u00f3ak k\u00fcl\u00f6nb\u00f6z\u0151 m\u0171tr\u00e1gy\u00e1k, melyek seg\u00edtenek el\u0151k\u00e9sz\u00edteni , fenntartani a megfelel\u0151 talajmin\u0151s\u00e9get, \u00edgy mindig a legkiv\u00e1l\u00f3bb lesz a gyep min\u0151s\u00e9ge , ak\u00e1rmilyen c\u00e9lra is szeretn\u00e9 haszn\u00e1lni azt.<\/p>\n<p><strong>K\u00e9szleteink napi szinten v\u00e1ltoznak, ez\u00e9rt v\u00e1ltoz\u00e1s jog\u00e1t fenntartjuk!<\/strong><\/p>\n<p><span style=\"color: #ffffff;\">manaps\u00e1g m\u00e1r elterjedt a m\u0171anyagb\u00f3l k\u00e9sz\u00fclt v\u00e1ltozat is. Kert\u00e9szetekben \u00e9s nagyobb \u00e1ruh\u00e1zakban kaphat\u00f3, ak\u00e1rcsak az \u00e1s\u00f3, a lap\u00e1t, a kapa vagy ritk\u00e1bban a kaszahanem a h\u00e1z k\u00f6r\u00fcl is fontos eszk\u00f6z, a lehullott faleveleket (avart) vagy egy\u00e9b lombokat is \u00f6ssze lehet vele szedni (a speci\u00e1lisan lombgy\u0171jt\u00e9sre szakosodott verzi\u00f3ja a lombsepr\u0171). Nyele \u00e1ltal\u00e1ban f\u00e1b\u00f3l, feje pedig vasb\u00f3l k\u00e9sz\u00fcl, de manaps\u00e1g m\u00e1r elterjedt a m\u0171anyagb\u00f3l k\u00e9sz\u00fclt v\u00e1ltozat is. Kert\u00e9szetekben \u00e9s nagyobb \u00e1ruh\u00e1zakban kamanaps\u00e1g m\u00e1r elterjedt a m\u0171anyagb\u00f3l k\u00e9sz\u00fclt v\u00e1ltozat is. Kert\u00e9szetekben \u00e9s nagyobb \u00e1ruh\u00e1zakban kaphat\u00f3, ak\u00e1rcsak az \u00e1s\u00f3, a lap\u00e1t, a kapa vagy ritk\u00e1bban a kaszahanem a h\u00e1z k\u00f6r\u00fcl is fontos eszk\u00f6z, a lehullott faleveleket (avart) vagy egy\u00e9b lombokat is \u00f6ssze lehet vele szedni (a speci\u00e1lisan lombgy\u0171jt\u00e9sre szakosodott verzi\u00f3ja a lombsepr\u0171). Nyele \u00e1ltal\u00e1ban f\u00e1b\u00f3l, feje pedig vasb\u00f3l k\u00e9sz\u00fcl, de manaps\u00e1g m\u00e1r elterjedt a m\u0171anyagb\u00f3l k\u00e9sz\u00fclt v\u00e1ltozat is. Kert\u00e9szetekben \u00e9s nagyobb \u00e1ruh\u00e1zakban kaphat\u00f3, ak\u00e1rcsak az \u00e1s\u00f3, a lap\u00e1t, a kapa vagy ritk\u00e1bban a kasza..\u00c1tm\u00e9r\u0151: 6 mmphat\u00f3, ak\u00e1rcsak az \u00e1s\u00f3, a lap\u00e1t, a kapa vagy ritk\u00e1bban a kasza..\u00c1tm\u00e9r\u0151: 6 mm<\/span><\/p>","protected":false},"excerpt":{"rendered":"<h1 class=\"page-head-title product-page-head-title position-relative\"><span class=\"product-page-product-name\">Starsem Sport f\u0171mag kever\u00e9k 500g<\/span><\/h1>","protected":false},"featured_media":16770,"template":"","meta":{"_et_pb_use_builder":"","_et_pb_old_content":"","_et_gb_content_width":""},"product_brand":[],"product_cat":[5022],"product_tag":[1284,1285],"class_list":{"0":"post-7865","1":"product","2":"type-product","3":"status-publish","4":"has-post-thumbnail","6":"product_cat-egyeb-fumagok","7":"product_tag-fumag","8":"product_tag-gyep","10":"first","11":"instock","12":"shipping-taxable","13":"purchasable","14":"product-type-simple"},"yoast_head":"<!-- This site is optimized with the Yoast SEO plugin v27.4 - https:\/\/yoast.com\/product\/yoast-seo-wordpress\/ -->\n<title>Starsem Sport f\u0171mag kever\u00e9k 500g - T\u00e1jkert\u00e9sz<\/title>\n<meta name=\"description\" content=\"Starsem Sport f\u0171mag kever\u00e9k 500g. Starsem Sport f\u0171mag kever\u00e9k 500g,\u00c1ltal\u00e1nos gyorsan n\u00f6v\u0151 tapos\u00e1st t\u0171r\u0151 f\u0171mag kever\u00e9k. Kert\u00e9szeti kis-\u00e9s nagykeresked\u00e9s.\" \/>\n<meta name=\"robots\" content=\"index, follow, max-snippet:-1, max-image-preview:large, max-video-preview:-1\" \/>\n<link rel=\"canonical\" href=\"https:\/\/tajkertesz.com\/en_US\/product\/starsem-sport-fumag-keverek-500g\/\" \/>\n<meta property=\"og:locale\" content=\"en_US\" \/>\n<meta property=\"og:type\" content=\"article\" \/>\n<meta property=\"og:title\" content=\"https:\/\/www.facebook.com\/tajkertesz\" \/>\n<meta property=\"og:description\" content=\"Starsem Sport f\u0171mag kever\u00e9k 500g,\u00c1ltal\u00e1nos gyorsan n\u00f6v\u0151 tapos\u00e1st t\u0171r\u0151 f\u0171mag kever\u00e9k.\" \/>\n<meta property=\"og:url\" content=\"https:\/\/tajkertesz.com\/en_US\/product\/starsem-sport-fumag-keverek-500g\/\" \/>\n<meta property=\"og:site_name\" content=\"T\u00e1jkert\u00e9sz\" \/>\n<meta property=\"article:publisher\" content=\"https:\/\/www.facebook.com\/Tajkertesz\/\" \/>\n<meta property=\"article:modified_time\" content=\"2024-03-26T09:33:03+00:00\" \/>\n<meta property=\"og:image\" content=\"https:\/\/tajkertesz.com\/wp-content\/uploads\/2021\/08\/fumag.jpg\" \/>\n\t<meta property=\"og:image:width\" content=\"940\" \/>\n\t<meta property=\"og:image:height\" content=\"788\" \/>\n\t<meta property=\"og:image:type\" content=\"image\/jpeg\" \/>\n<meta name=\"twitter:card\" content=\"summary_large_image\" \/>\n<meta name=\"twitter:label1\" content=\"Est. reading time\" \/>\n\t<meta name=\"twitter:data1\" content=\"2 minutes\" \/>\n<script type=\"application\/ld+json\" class=\"yoast-schema-graph\">{\"@context\":\"https:\\\/\\\/schema.org\",\"@graph\":[{\"@type\":\"WebPage\",\"@id\":\"https:\\\/\\\/tajkertesz.com\\\/termek\\\/starsem-sport-fumag-keverek-500g\\\/\",\"url\":\"https:\\\/\\\/tajkertesz.com\\\/termek\\\/starsem-sport-fumag-keverek-500g\\\/\",\"name\":\"Starsem Sport f\u0171mag kever\u00e9k 500g - T\u00e1jkert\u00e9sz\",\"isPartOf\":{\"@id\":\"https:\\\/\\\/tajkertesz.com\\\/#website\"},\"primaryImageOfPage\":{\"@id\":\"https:\\\/\\\/tajkertesz.com\\\/termek\\\/starsem-sport-fumag-keverek-500g\\\/#primaryimage\"},\"image\":{\"@id\":\"https:\\\/\\\/tajkertesz.com\\\/termek\\\/starsem-sport-fumag-keverek-500g\\\/#primaryimage\"},\"thumbnailUrl\":\"https:\\\/\\\/tajkertesz.com\\\/wp-content\\\/uploads\\\/2021\\\/08\\\/fumag.jpg\",\"datePublished\":\"2021-08-02T08:56:41+00:00\",\"dateModified\":\"2024-03-26T09:33:03+00:00\",\"description\":\"Starsem Sport f\u0171mag kever\u00e9k 500g. Starsem Sport f\u0171mag kever\u00e9k 500g,\u00c1ltal\u00e1nos gyorsan n\u00f6v\u0151 tapos\u00e1st t\u0171r\u0151 f\u0171mag kever\u00e9k. Kert\u00e9szeti kis-\u00e9s nagykeresked\u00e9s.\",\"breadcrumb\":{\"@id\":\"https:\\\/\\\/tajkertesz.com\\\/termek\\\/starsem-sport-fumag-keverek-500g\\\/#breadcrumb\"},\"inLanguage\":\"en-US\",\"potentialAction\":[{\"@type\":\"ReadAction\",\"target\":[\"https:\\\/\\\/tajkertesz.com\\\/termek\\\/starsem-sport-fumag-keverek-500g\\\/\"]}]},{\"@type\":\"ImageObject\",\"inLanguage\":\"en-US\",\"@id\":\"https:\\\/\\\/tajkertesz.com\\\/termek\\\/starsem-sport-fumag-keverek-500g\\\/#primaryimage\",\"url\":\"https:\\\/\\\/tajkertesz.com\\\/wp-content\\\/uploads\\\/2021\\\/08\\\/fumag.jpg\",\"contentUrl\":\"https:\\\/\\\/tajkertesz.com\\\/wp-content\\\/uploads\\\/2021\\\/08\\\/fumag.jpg\",\"width\":940,\"height\":788},{\"@type\":\"BreadcrumbList\",\"@id\":\"https:\\\/\\\/tajkertesz.com\\\/termek\\\/starsem-sport-fumag-keverek-500g\\\/#breadcrumb\",\"itemListElement\":[{\"@type\":\"ListItem\",\"position\":1,\"name\":\"Home\",\"item\":\"https:\\\/\\\/tajkertesz.com\\\/\"},{\"@type\":\"ListItem\",\"position\":2,\"name\":\"Kezd\u0151lap\",\"item\":\"https:\\\/\\\/tajkertesz.com\\\/\"},{\"@type\":\"ListItem\",\"position\":3,\"name\":\"Starsem Sport f\u0171mag kever\u00e9k 500g\"}]},{\"@type\":\"WebSite\",\"@id\":\"https:\\\/\\\/tajkertesz.com\\\/#website\",\"url\":\"https:\\\/\\\/tajkertesz.com\\\/\",\"name\":\"T\u00e1j-Kert\u00e9sz 84 Kft.\",\"description\":\"Kert\u00e9szeti kis- \u00e9s nagykeresked\u00e9s, D\u00edszn\u00f6v\u00e9ny web\u00e1ruh\u00e1z orsz\u00e1gos h\u00e1zhozsz\u00e1ll\u00edt\u00e1ssal!\",\"publisher\":{\"@id\":\"https:\\\/\\\/tajkertesz.com\\\/#organization\"},\"potentialAction\":[{\"@type\":\"SearchAction\",\"target\":{\"@type\":\"EntryPoint\",\"urlTemplate\":\"https:\\\/\\\/tajkertesz.com\\\/?s={search_term_string}\"},\"query-input\":{\"@type\":\"PropertyValueSpecification\",\"valueRequired\":true,\"valueName\":\"search_term_string\"}}],\"inLanguage\":\"en-US\"},{\"@type\":\"Organization\",\"@id\":\"https:\\\/\\\/tajkertesz.com\\\/#organization\",\"name\":\"T\u00e1j-Kert\u00e9sz 84 Kft.\",\"url\":\"https:\\\/\\\/tajkertesz.com\\\/\",\"logo\":{\"@type\":\"ImageObject\",\"inLanguage\":\"en-US\",\"@id\":\"https:\\\/\\\/tajkertesz.com\\\/#\\\/schema\\\/logo\\\/image\\\/\",\"url\":\"https:\\\/\\\/tajkertesz.com\\\/wp-content\\\/uploads\\\/2018\\\/02\\\/logo-2-e1518678052539.png\",\"contentUrl\":\"https:\\\/\\\/tajkertesz.com\\\/wp-content\\\/uploads\\\/2018\\\/02\\\/logo-2-e1518678052539.png\",\"width\":81,\"height\":140,\"caption\":\"T\u00e1j-Kert\u00e9sz 84 Kft.\"},\"image\":{\"@id\":\"https:\\\/\\\/tajkertesz.com\\\/#\\\/schema\\\/logo\\\/image\\\/\"},\"sameAs\":[\"https:\\\/\\\/www.facebook.com\\\/Tajkertesz\\\/\"]}]}<\/script>\n<!-- \/ Yoast SEO plugin. -->","yoast_head_json":{"title":"Starsem Sport f\u0171mag kever\u00e9k 500g - T\u00e1jkert\u00e9sz","description":"Starsem Sport f\u0171mag kever\u00e9k 500g. Starsem Sport f\u0171mag kever\u00e9k 500g,\u00c1ltal\u00e1nos gyorsan n\u00f6v\u0151 tapos\u00e1st t\u0171r\u0151 f\u0171mag kever\u00e9k. Kert\u00e9szeti kis-\u00e9s nagykeresked\u00e9s.","robots":{"index":"index","follow":"follow","max-snippet":"max-snippet:-1","max-image-preview":"max-image-preview:large","max-video-preview":"max-video-preview:-1"},"canonical":"https:\/\/tajkertesz.com\/en_US\/product\/starsem-sport-fumag-keverek-500g\/","og_locale":"en_US","og_type":"article","og_title":"https:\/\/www.facebook.com\/tajkertesz","og_description":"Starsem Sport f\u0171mag kever\u00e9k 500g,\u00c1ltal\u00e1nos gyorsan n\u00f6v\u0151 tapos\u00e1st t\u0171r\u0151 f\u0171mag kever\u00e9k.","og_url":"https:\/\/tajkertesz.com\/en_US\/product\/starsem-sport-fumag-keverek-500g\/","og_site_name":"T\u00e1jkert\u00e9sz","article_publisher":"https:\/\/www.facebook.com\/Tajkertesz\/","article_modified_time":"2024-03-26T09:33:03+00:00","og_image":[{"width":940,"height":788,"url":"https:\/\/tajkertesz.com\/wp-content\/uploads\/2021\/08\/fumag.jpg","type":"image\/jpeg"}],"twitter_card":"summary_large_image","twitter_misc":{"Est. reading time":"2 minutes"},"schema":{"@context":"https:\/\/schema.org","@graph":[{"@type":"WebPage","@id":"https:\/\/tajkertesz.com\/termek\/starsem-sport-fumag-keverek-500g\/","url":"https:\/\/tajkertesz.com\/termek\/starsem-sport-fumag-keverek-500g\/","name":"Starsem Sport f\u0171mag kever\u00e9k 500g - T\u00e1jkert\u00e9sz","isPartOf":{"@id":"https:\/\/tajkertesz.com\/#website"},"primaryImageOfPage":{"@id":"https:\/\/tajkertesz.com\/termek\/starsem-sport-fumag-keverek-500g\/#primaryimage"},"image":{"@id":"https:\/\/tajkertesz.com\/termek\/starsem-sport-fumag-keverek-500g\/#primaryimage"},"thumbnailUrl":"https:\/\/tajkertesz.com\/wp-content\/uploads\/2021\/08\/fumag.jpg","datePublished":"2021-08-02T08:56:41+00:00","dateModified":"2024-03-26T09:33:03+00:00","description":"Starsem Sport f\u0171mag kever\u00e9k 500g. Starsem Sport f\u0171mag kever\u00e9k 500g,\u00c1ltal\u00e1nos gyorsan n\u00f6v\u0151 tapos\u00e1st t\u0171r\u0151 f\u0171mag kever\u00e9k. Kert\u00e9szeti kis-\u00e9s nagykeresked\u00e9s.","breadcrumb":{"@id":"https:\/\/tajkertesz.com\/termek\/starsem-sport-fumag-keverek-500g\/#breadcrumb"},"inLanguage":"en-US","potentialAction":[{"@type":"ReadAction","target":["https:\/\/tajkertesz.com\/termek\/starsem-sport-fumag-keverek-500g\/"]}]},{"@type":"ImageObject","inLanguage":"en-US","@id":"https:\/\/tajkertesz.com\/termek\/starsem-sport-fumag-keverek-500g\/#primaryimage","url":"https:\/\/tajkertesz.com\/wp-content\/uploads\/2021\/08\/fumag.jpg","contentUrl":"https:\/\/tajkertesz.com\/wp-content\/uploads\/2021\/08\/fumag.jpg","width":940,"height":788},{"@type":"BreadcrumbList","@id":"https:\/\/tajkertesz.com\/termek\/starsem-sport-fumag-keverek-500g\/#breadcrumb","itemListElement":[{"@type":"ListItem","position":1,"name":"Home","item":"https:\/\/tajkertesz.com\/"},{"@type":"ListItem","position":2,"name":"Kezd\u0151lap","item":"https:\/\/tajkertesz.com\/"},{"@type":"ListItem","position":3,"name":"Starsem Sport f\u0171mag kever\u00e9k 500g"}]},{"@type":"WebSite","@id":"https:\/\/tajkertesz.com\/#website","url":"https:\/\/tajkertesz.com\/","name":"T\u00e1j-Kert\u00e9sz 84 Kft.","description":"Kert\u00e9szeti kis- \u00e9s nagykeresked\u00e9s, D\u00edszn\u00f6v\u00e9ny web\u00e1ruh\u00e1z orsz\u00e1gos h\u00e1zhozsz\u00e1ll\u00edt\u00e1ssal!","publisher":{"@id":"https:\/\/tajkertesz.com\/#organization"},"potentialAction":[{"@type":"SearchAction","target":{"@type":"EntryPoint","urlTemplate":"https:\/\/tajkertesz.com\/?s={search_term_string}"},"query-input":{"@type":"PropertyValueSpecification","valueRequired":true,"valueName":"search_term_string"}}],"inLanguage":"en-US"},{"@type":"Organization","@id":"https:\/\/tajkertesz.com\/#organization","name":"T\u00e1j-Kert\u00e9sz 84 Kft.","url":"https:\/\/tajkertesz.com\/","logo":{"@type":"ImageObject","inLanguage":"en-US","@id":"https:\/\/tajkertesz.com\/#\/schema\/logo\/image\/","url":"https:\/\/tajkertesz.com\/wp-content\/uploads\/2018\/02\/logo-2-e1518678052539.png","contentUrl":"https:\/\/tajkertesz.com\/wp-content\/uploads\/2018\/02\/logo-2-e1518678052539.png","width":81,"height":140,"caption":"T\u00e1j-Kert\u00e9sz 84 Kft."},"image":{"@id":"https:\/\/tajkertesz.com\/#\/schema\/logo\/image\/"},"sameAs":["https:\/\/www.facebook.com\/Tajkertesz\/"]}]}},"_links":{"self":[{"href":"https:\/\/tajkertesz.com\/en_US\/wp-json\/wp\/v2\/product\/7865","targetHints":{"allow":["GET"]}}],"collection":[{"href":"https:\/\/tajkertesz.com\/en_US\/wp-json\/wp\/v2\/product"}],"about":[{"href":"https:\/\/tajkertesz.com\/en_US\/wp-json\/wp\/v2\/types\/product"}],"wp:featuredmedia":[{"embeddable":true,"href":"https:\/\/tajkertesz.com\/en_US\/wp-json\/wp\/v2\/media\/16770"}],"wp:attachment":[{"href":"https:\/\/tajkertesz.com\/en_US\/wp-json\/wp\/v2\/media?parent=7865"}],"wp:term":[{"taxonomy":"product_brand","embeddable":true,"href":"https:\/\/tajkertesz.com\/en_US\/wp-json\/wp\/v2\/product_brand?post=7865"},{"taxonomy":"product_cat","embeddable":true,"href":"https:\/\/tajkertesz.com\/en_US\/wp-json\/wp\/v2\/product_cat?post=7865"},{"taxonomy":"product_tag","embeddable":true,"href":"https:\/\/tajkertesz.com\/en_US\/wp-json\/wp\/v2\/product_tag?post=7865"}],"curies":[{"name":"wp","href":"https:\/\/api.w.org\/{rel}","templated":true}]}}