{"id":7867,"date":"2021-08-02T08:59:48","date_gmt":"2021-08-02T08:59:48","guid":{"rendered":"https:\/\/tajkertesz.com\/?post_type=product&#038;p=7867"},"modified":"2026-02-26T08:59:55","modified_gmt":"2026-02-26T08:59:55","slug":"felujito-fumagkeverek-agro-largo-hobby-garden-1-kg","status":"publish","type":"product","link":"https:\/\/tajkertesz.com\/en_US\/product\/felujito-fumagkeverek-agro-largo-hobby-garden-1-kg\/","title":{"rendered":"Fel\u00faj\u00edt\u00f3 f\u0171magkever\u00e9k Agro-Largo Hobby Garden 1 kg"},"content":{"rendered":"<h1 class=\"product-details-tile__title\">Fel\u00faj\u00edt\u00f3 f\u0171magkever\u00e9k Agro-Largo Hobby Garden 1 kg<\/h1>\n<p class=\"product-details-tile__title\">Fel\u00faj\u00edt\u00f3 f\u0171magkever\u00e9k Agro-Largo Hobby Garden 1 kg gyeps\u0171r\u00edt\u00e9sre, megl\u00e9v\u0151 f\u00fcves ter\u00fcletek tavaszi \u00e9s ny\u00e1r v\u00e9gi fel\u00fclvet\u00e9s\u00e9re aj\u00e1nljuk. Fel\u00fclvet\u00e9s el\u0151tt ny\u00edrjuk le a gyep\u00fcnket. Gyors n\u00f6veked\u00e9s\u0171, k\u00f6zepesen \u00e1rny\u00e9k \u00e9s sz\u00e1razs\u00e1gt\u0171r\u0151.<\/p>\n<div class=\"groupItem\">\n<div class=\"memo\">\n<h2 class=\"itemHeader\">Fel\u00faj\u00edt\u00f3 f\u0171magkever\u00e9k \u00f6sszet\u00e9tele:<\/h2>\n<ul>\n<li class=\"itemHeader\">Angolperje 85%<\/li>\n<li>Olaszperje15%<\/li>\n<\/ul>\n<p>A magyar szabv\u00e1ny el\u0151\u00edr\u00e1sainak megfelel.<\/p>\n<p>1 kg f\u0171magkever\u00e9k kb. 35 m\u00b2\u00a0 ter\u00fcletre elegend\u0151.<\/p>\n<p>Az Agro-Largo Kft.-t az SGS United Kingdom Ltd. tan\u00fas\u00edtotta az ISO 9001:2008 szerint<\/p>\n<\/div>\n<\/div>\n<div class=\"groupItem\">\n<div class=\"memo\">\n<h3 class=\"itemHeader\"><span style=\"text-decoration: underline;\">El\u0151k\u00e9sz\u00edt\u00e9s \u00e9s felhaszn\u00e1l\u00e1s:<\/span><\/h3>\n<p>A talajt vet\u00e9s el\u0151tt alaposan fel kell laz\u00edtani, a gy\u00f6kereket, k\u00f6veket el kell t\u00e1vol\u00edtani.<br \/>\nVegyszeres gyomirt\u00e1st \u00e9rdemes v\u00e9gezni, alaptr\u00e1gy\u00e1z\u00e1sk\u00e9nt sz\u00f3rjuk be a ter\u00fcletet szerves komposzttal \u00e9s komplex, lass\u00fa felsz\u00edv\u00f3d\u00e1s\u00fa m\u0171tr\u00e1gy\u00e1val vagy marhatr\u00e1gy\u00e1val.<br \/>\nA talajt ism\u00e9telten \u00e1tforgatni, majd elsim\u00edtani.<br \/>\nVetni tavasszal (m\u00e1rciust\u00f3l-j\u00faniusig) vagy \u0151sszel (augusztus-okt\u00f3ber) aj\u00e1nlott.<br \/>\nA f\u0171magkever\u00e9ket vet\u00e9s el\u0151tt j\u00f3l \u00f6ssze kell keverni.<br \/>\nA magot vet\u0151g\u00e9ppel, vagy egyenletesen elsz\u00f3rva kell vetni k\u00e9t r\u00e9szletben, a m\u00e1sodik menetben az els\u0151 vet\u00e9s ir\u00e1ny\u00e1ra mer\u0151legesen.<br \/>\nA vet\u00e9s\u00e1gyat k\u00f6r\u00fcl kell hat\u00e1rolni egy p\u00e1r centim\u00e9ter sz\u00e9les bar\u00e1zd\u00e1val, ahol s\u0171r\u0171bben kell vetni.<br \/>\nA vet\u0151magot alaposan egyenletesen gerebly\u00e9vel eloszlatni, elsim\u00edtani, hengerelni, majd es\u0151ztetve b\u0151s\u00e9gesen meglocsolni.<br \/>\nA talajt cs\u00edr\u00e1z\u00e1s ideje alatt mindig nedvesen kell tartani.<br \/>\nA gyepet el\u0151sz\u00f6r ny\u00edrni (kb.6-7 cm-esre) akkor lehet, ha a f\u0171 magass\u00e1ga el\u00e9rte a 10-12 cm-t. A k\u00f6vetkez\u0151 ny\u00edr\u00e1sok alkalm\u00e1val m\u00e1r lehet alacsonyabbra ny\u00edrni. A vegetat\u00edv fejl\u0151d\u00e9s idej\u00e9n (m\u00e1rcius-\u00e1prilist\u00f3l szeptemberig) lassan felsz\u00edv\u00f3d\u00f3 nitrog\u00e9n m\u0171tr\u00e1gy\u00e1z\u00e1st kell alkalmazni, majd \u0151sszel a k\u00e1lium tartalm\u00fa m\u0171tr\u00e1gy\u00e1t kell el\u0151nyben r\u00e9szes\u00edteni. Ha sz\u00fcks\u00e9ges, a gyomokat, a kel\u00e9s idej\u00e9n k\u00e9zzel el kell t\u00e1vol\u00edtani, a vet\u00e9st k\u00f6vet\u0151 hat h\u00e9t eltelt\u00e9vel m\u00e1r lehet specifikus gyomirt\u00f3t alkalmazni.<\/p>\n<\/div>\n<\/div>\n<section class=\"product-page-middle-3\">\n<div class=\"row\">\n<div class=\"col-12\">\n<div class=\"position-4-wrapper\">\n<div class=\"position-4-container\">\n<div id=\"module_similar_products_wrapper\" class=\"module-similar_products-wrapper\">\n<div id=\"orcinus_product_page\" class=\"module product-module home-position snapshot_vertical_direction product-position\">\n<h4 class=\"module-head\"><span style=\"text-decoration: underline;\"><span style=\"color: #ff0000; text-decoration: underline;\">Javasoljuk az al\u00e1bbi term\u00e9keket, kattintson a linkre!<\/span><\/span><\/h4>\n<div><span style=\"color: #0000ff;\"><a style=\"color: #0000ff;\" href=\"https:\/\/tajkertesz.com\/termek\/mutragyaszoro-kezi-handy-green-ii-2l\/\">K\u00e9zi m\u0171rt\u00e1gya \u00e9s f\u0171magsz\u00f3r\u00f3<\/a><\/span><\/div>\n<div><span style=\"color: #0000ff;\"><a style=\"color: #0000ff;\" href=\"https:\/\/tajkertesz.com\/termek\/substral-easygreen-univerzalis-szorokocsi\/\">Sz\u00f3r\u00f3kocsi<\/a><\/span><\/div>\n<div><span style=\"color: #0000ff;\"><a style=\"color: #0000ff;\" href=\"https:\/\/tajkertesz.com\/termek\/agrecol-starter-gyeptelepiteshez-12-kg\/\">Starter gyeptr\u00e1gya<\/a><\/span><\/div>\n<\/div>\n<\/div>\n<\/div>\n<\/div>\n<\/div>\n<\/div>\n<\/section>\n<p>&nbsp;<\/p>\n<p style=\"font-weight: 400;\"><a href=\"https:\/\/tajkertesz.com\/\">https:\/\/tajkertesz.com\/<\/a><\/p>\n<p><a href=\"https:\/\/www.facebook.com\/tajkertesz\">https:\/\/www.facebook.com\/tajkertesz<\/a><\/p>\n<p><b><span style=\"font-family: 'Ubuntu',serif; color: black;\">K\u00e9szlet\u00fcnk napi szinten v\u00e1ltozik, ez\u00e9rt k\u00e9rj\u00fck, \u00e9rdekl\u0151dj\u00f6n szem\u00e9lyesen, telefonon vagy email-en.<br \/>\nA v\u00e1ltoztat\u00e1s jog\u00e1t fenntartjuk!\u00a0<\/span><\/b><span style=\"color: #ffffff;\">\u0171<\/span><\/p>\n<p>Term\u00e9keinkhez kaphat\u00f3ak k\u00fcl\u00f6nb\u00f6z\u0151 m\u0171tr\u00e1gy\u00e1k, melyek seg\u00edtenek el\u0151k\u00e9sz\u00edteni , fenntartani a megfelel\u0151 talajmin\u0151s\u00e9get, \u00edgy mindig a legkiv\u00e1l\u00f3bb lesz a gyep min\u0151s\u00e9ge , ak\u00e1rmilyen c\u00e9lra is szeretn\u00e9 haszn\u00e1lni azt.<\/p>\n<p><strong>K\u00e9szleteink napi szinten v\u00e1ltoznak, ez\u00e9rt v\u00e1ltoz\u00e1s jog\u00e1t fenntartjuk!<\/strong><\/p>","protected":false},"excerpt":{"rendered":"<h1 class=\"product-details-tile__title\">Agro-Largo Hobby Garden Fel\u00faj\u00edt\u00f3 f\u0171magkever\u00e9k 1 kg<\/h1>\n<p>Fel\u00faj\u00edt\u00f3 f\u0171magkever\u00e9k Agro-Largo Hobby Garden 1 kg gyeps\u0171r\u00edt\u00e9sre, megl\u00e9v\u0151 f\u00fcves ter\u00fcletek tavaszi \u00e9s ny\u00e1r v\u00e9gi fel\u00fclvet\u00e9s\u00e9re aj\u00e1nljuk. Fel\u00fclvet\u00e9s el\u0151tt ny\u00edrjuk le a gyep\u00fcnket. Gyors n\u00f6veked\u00e9s\u0171, k\u00f6zepesen \u00e1rny\u00e9k \u00e9s sz\u00e1razs\u00e1gt\u0171r\u0151.<\/p>","protected":false},"featured_media":13744,"template":"","meta":{"_et_pb_use_builder":"","_et_pb_old_content":"","_et_gb_content_width":""},"product_brand":[],"product_cat":[5013],"product_tag":[1284,1285],"class_list":{"0":"post-7867","1":"product","2":"type-product","3":"status-publish","4":"has-post-thumbnail","6":"product_cat-agro-largo-fumag","7":"product_tag-fumag","8":"product_tag-gyep","10":"first","11":"instock","12":"shipping-taxable","13":"purchasable","14":"product-type-simple"},"yoast_head":"<!-- This site is optimized with the Yoast SEO plugin v27.4 - https:\/\/yoast.com\/product\/yoast-seo-wordpress\/ -->\n<title>Fel\u00faj\u00edt\u00f3 f\u0171magkever\u00e9k Agro-Largo Hobby Garden 1 kg - T\u00e1jkert\u00e9sz<\/title>\n<meta name=\"description\" content=\"Fel\u00faj\u00edt\u00f3 f\u0171magkever\u00e9k Agro-Largo Hobby Garden 1 kg Gyeps\u0171r\u00edt\u00e9sre, megl\u00e9v\u0151 f\u00fcves ter\u00fcletek tavaszi \u00e9s ny\u00e1r v\u00e9gi fel\u00fclvet\u00e9sre aj\u00e1nljuk.\" \/>\n<meta name=\"robots\" content=\"index, follow, max-snippet:-1, max-image-preview:large, max-video-preview:-1\" \/>\n<link rel=\"canonical\" href=\"https:\/\/tajkertesz.com\/en_US\/product\/felujito-fumagkeverek-agro-largo-hobby-garden-1-kg\/\" \/>\n<meta property=\"og:locale\" content=\"en_US\" \/>\n<meta property=\"og:type\" content=\"article\" \/>\n<meta property=\"og:title\" content=\"Fel\u00faj\u00edt\u00f3 f\u0171magkever\u00e9k Agro-Largo Hobby Garden 1 kg - T\u00e1jkert\u00e9sz\" \/>\n<meta property=\"og:description\" content=\"Fel\u00faj\u00edt\u00f3 f\u0171magkever\u00e9k Agro-Largo Hobby Garden 1 kg Gyeps\u0171r\u00edt\u00e9sre, megl\u00e9v\u0151 f\u00fcves ter\u00fcletek tavaszi \u00e9s ny\u00e1r v\u00e9gi fel\u00fclvet\u00e9sre aj\u00e1nljuk.\" \/>\n<meta property=\"og:url\" content=\"https:\/\/tajkertesz.com\/en_US\/product\/felujito-fumagkeverek-agro-largo-hobby-garden-1-kg\/\" \/>\n<meta property=\"og:site_name\" content=\"T\u00e1jkert\u00e9sz\" \/>\n<meta property=\"article:publisher\" content=\"https:\/\/www.facebook.com\/Tajkertesz\/\" \/>\n<meta property=\"article:modified_time\" content=\"2026-02-26T08:59:55+00:00\" \/>\n<meta property=\"og:image\" content=\"https:\/\/tajkertesz.com\/wp-content\/uploads\/2021\/08\/Agrolargo-felujito-fumag.jpg\" \/>\n\t<meta property=\"og:image:width\" content=\"1200\" \/>\n\t<meta property=\"og:image:height\" content=\"1200\" \/>\n\t<meta property=\"og:image:type\" content=\"image\/jpeg\" \/>\n<meta name=\"twitter:card\" content=\"summary_large_image\" \/>\n<meta name=\"twitter:label1\" content=\"Est. reading time\" \/>\n\t<meta name=\"twitter:data1\" content=\"2 minutes\" \/>\n<script type=\"application\/ld+json\" class=\"yoast-schema-graph\">{\"@context\":\"https:\\\/\\\/schema.org\",\"@graph\":[{\"@type\":\"WebPage\",\"@id\":\"https:\\\/\\\/tajkertesz.com\\\/termek\\\/felujito-fumagkeverek-agro-largo-hobby-garden-1-kg\\\/\",\"url\":\"https:\\\/\\\/tajkertesz.com\\\/termek\\\/felujito-fumagkeverek-agro-largo-hobby-garden-1-kg\\\/\",\"name\":\"Fel\u00faj\u00edt\u00f3 f\u0171magkever\u00e9k Agro-Largo Hobby Garden 1 kg - T\u00e1jkert\u00e9sz\",\"isPartOf\":{\"@id\":\"https:\\\/\\\/tajkertesz.com\\\/#website\"},\"primaryImageOfPage\":{\"@id\":\"https:\\\/\\\/tajkertesz.com\\\/termek\\\/felujito-fumagkeverek-agro-largo-hobby-garden-1-kg\\\/#primaryimage\"},\"image\":{\"@id\":\"https:\\\/\\\/tajkertesz.com\\\/termek\\\/felujito-fumagkeverek-agro-largo-hobby-garden-1-kg\\\/#primaryimage\"},\"thumbnailUrl\":\"https:\\\/\\\/tajkertesz.com\\\/wp-content\\\/uploads\\\/2021\\\/08\\\/Agrolargo-felujito-fumag.jpg\",\"datePublished\":\"2021-08-02T08:59:48+00:00\",\"dateModified\":\"2026-02-26T08:59:55+00:00\",\"description\":\"Fel\u00faj\u00edt\u00f3 f\u0171magkever\u00e9k Agro-Largo Hobby Garden 1 kg Gyeps\u0171r\u00edt\u00e9sre, megl\u00e9v\u0151 f\u00fcves ter\u00fcletek tavaszi \u00e9s ny\u00e1r v\u00e9gi fel\u00fclvet\u00e9sre aj\u00e1nljuk.\",\"breadcrumb\":{\"@id\":\"https:\\\/\\\/tajkertesz.com\\\/termek\\\/felujito-fumagkeverek-agro-largo-hobby-garden-1-kg\\\/#breadcrumb\"},\"inLanguage\":\"en-US\",\"potentialAction\":[{\"@type\":\"ReadAction\",\"target\":[\"https:\\\/\\\/tajkertesz.com\\\/termek\\\/felujito-fumagkeverek-agro-largo-hobby-garden-1-kg\\\/\"]}]},{\"@type\":\"ImageObject\",\"inLanguage\":\"en-US\",\"@id\":\"https:\\\/\\\/tajkertesz.com\\\/termek\\\/felujito-fumagkeverek-agro-largo-hobby-garden-1-kg\\\/#primaryimage\",\"url\":\"https:\\\/\\\/tajkertesz.com\\\/wp-content\\\/uploads\\\/2021\\\/08\\\/Agrolargo-felujito-fumag.jpg\",\"contentUrl\":\"https:\\\/\\\/tajkertesz.com\\\/wp-content\\\/uploads\\\/2021\\\/08\\\/Agrolargo-felujito-fumag.jpg\",\"width\":1200,\"height\":1200,\"caption\":\"Fel\u00faj\u00edt\u00f3 f\u0171mag 1kg\"},{\"@type\":\"BreadcrumbList\",\"@id\":\"https:\\\/\\\/tajkertesz.com\\\/termek\\\/felujito-fumagkeverek-agro-largo-hobby-garden-1-kg\\\/#breadcrumb\",\"itemListElement\":[{\"@type\":\"ListItem\",\"position\":1,\"name\":\"Home\",\"item\":\"https:\\\/\\\/tajkertesz.com\\\/\"},{\"@type\":\"ListItem\",\"position\":2,\"name\":\"Kezd\u0151lap\",\"item\":\"https:\\\/\\\/tajkertesz.com\\\/\"},{\"@type\":\"ListItem\",\"position\":3,\"name\":\"Fel\u00faj\u00edt\u00f3 f\u0171magkever\u00e9k Agro-Largo Hobby Garden 1 kg\"}]},{\"@type\":\"WebSite\",\"@id\":\"https:\\\/\\\/tajkertesz.com\\\/#website\",\"url\":\"https:\\\/\\\/tajkertesz.com\\\/\",\"name\":\"T\u00e1j-Kert\u00e9sz 84 Kft.\",\"description\":\"Kert\u00e9szeti kis- \u00e9s nagykeresked\u00e9s, D\u00edszn\u00f6v\u00e9ny web\u00e1ruh\u00e1z orsz\u00e1gos h\u00e1zhozsz\u00e1ll\u00edt\u00e1ssal!\",\"publisher\":{\"@id\":\"https:\\\/\\\/tajkertesz.com\\\/#organization\"},\"potentialAction\":[{\"@type\":\"SearchAction\",\"target\":{\"@type\":\"EntryPoint\",\"urlTemplate\":\"https:\\\/\\\/tajkertesz.com\\\/?s={search_term_string}\"},\"query-input\":{\"@type\":\"PropertyValueSpecification\",\"valueRequired\":true,\"valueName\":\"search_term_string\"}}],\"inLanguage\":\"en-US\"},{\"@type\":\"Organization\",\"@id\":\"https:\\\/\\\/tajkertesz.com\\\/#organization\",\"name\":\"T\u00e1j-Kert\u00e9sz 84 Kft.\",\"url\":\"https:\\\/\\\/tajkertesz.com\\\/\",\"logo\":{\"@type\":\"ImageObject\",\"inLanguage\":\"en-US\",\"@id\":\"https:\\\/\\\/tajkertesz.com\\\/#\\\/schema\\\/logo\\\/image\\\/\",\"url\":\"https:\\\/\\\/tajkertesz.com\\\/wp-content\\\/uploads\\\/2018\\\/02\\\/logo-2-e1518678052539.png\",\"contentUrl\":\"https:\\\/\\\/tajkertesz.com\\\/wp-content\\\/uploads\\\/2018\\\/02\\\/logo-2-e1518678052539.png\",\"width\":81,\"height\":140,\"caption\":\"T\u00e1j-Kert\u00e9sz 84 Kft.\"},\"image\":{\"@id\":\"https:\\\/\\\/tajkertesz.com\\\/#\\\/schema\\\/logo\\\/image\\\/\"},\"sameAs\":[\"https:\\\/\\\/www.facebook.com\\\/Tajkertesz\\\/\"]}]}<\/script>\n<!-- \/ Yoast SEO plugin. -->","yoast_head_json":{"title":"Fel\u00faj\u00edt\u00f3 f\u0171magkever\u00e9k Agro-Largo Hobby Garden 1 kg - T\u00e1jkert\u00e9sz","description":"Fel\u00faj\u00edt\u00f3 f\u0171magkever\u00e9k Agro-Largo Hobby Garden 1 kg Gyeps\u0171r\u00edt\u00e9sre, megl\u00e9v\u0151 f\u00fcves ter\u00fcletek tavaszi \u00e9s ny\u00e1r v\u00e9gi fel\u00fclvet\u00e9sre aj\u00e1nljuk.","robots":{"index":"index","follow":"follow","max-snippet":"max-snippet:-1","max-image-preview":"max-image-preview:large","max-video-preview":"max-video-preview:-1"},"canonical":"https:\/\/tajkertesz.com\/en_US\/product\/felujito-fumagkeverek-agro-largo-hobby-garden-1-kg\/","og_locale":"en_US","og_type":"article","og_title":"Fel\u00faj\u00edt\u00f3 f\u0171magkever\u00e9k Agro-Largo Hobby Garden 1 kg - T\u00e1jkert\u00e9sz","og_description":"Fel\u00faj\u00edt\u00f3 f\u0171magkever\u00e9k Agro-Largo Hobby Garden 1 kg Gyeps\u0171r\u00edt\u00e9sre, megl\u00e9v\u0151 f\u00fcves ter\u00fcletek tavaszi \u00e9s ny\u00e1r v\u00e9gi fel\u00fclvet\u00e9sre aj\u00e1nljuk.","og_url":"https:\/\/tajkertesz.com\/en_US\/product\/felujito-fumagkeverek-agro-largo-hobby-garden-1-kg\/","og_site_name":"T\u00e1jkert\u00e9sz","article_publisher":"https:\/\/www.facebook.com\/Tajkertesz\/","article_modified_time":"2026-02-26T08:59:55+00:00","og_image":[{"width":1200,"height":1200,"url":"https:\/\/tajkertesz.com\/wp-content\/uploads\/2021\/08\/Agrolargo-felujito-fumag.jpg","type":"image\/jpeg"}],"twitter_card":"summary_large_image","twitter_misc":{"Est. reading time":"2 minutes"},"schema":{"@context":"https:\/\/schema.org","@graph":[{"@type":"WebPage","@id":"https:\/\/tajkertesz.com\/termek\/felujito-fumagkeverek-agro-largo-hobby-garden-1-kg\/","url":"https:\/\/tajkertesz.com\/termek\/felujito-fumagkeverek-agro-largo-hobby-garden-1-kg\/","name":"Fel\u00faj\u00edt\u00f3 f\u0171magkever\u00e9k Agro-Largo Hobby Garden 1 kg - T\u00e1jkert\u00e9sz","isPartOf":{"@id":"https:\/\/tajkertesz.com\/#website"},"primaryImageOfPage":{"@id":"https:\/\/tajkertesz.com\/termek\/felujito-fumagkeverek-agro-largo-hobby-garden-1-kg\/#primaryimage"},"image":{"@id":"https:\/\/tajkertesz.com\/termek\/felujito-fumagkeverek-agro-largo-hobby-garden-1-kg\/#primaryimage"},"thumbnailUrl":"https:\/\/tajkertesz.com\/wp-content\/uploads\/2021\/08\/Agrolargo-felujito-fumag.jpg","datePublished":"2021-08-02T08:59:48+00:00","dateModified":"2026-02-26T08:59:55+00:00","description":"Fel\u00faj\u00edt\u00f3 f\u0171magkever\u00e9k Agro-Largo Hobby Garden 1 kg Gyeps\u0171r\u00edt\u00e9sre, megl\u00e9v\u0151 f\u00fcves ter\u00fcletek tavaszi \u00e9s ny\u00e1r v\u00e9gi fel\u00fclvet\u00e9sre aj\u00e1nljuk.","breadcrumb":{"@id":"https:\/\/tajkertesz.com\/termek\/felujito-fumagkeverek-agro-largo-hobby-garden-1-kg\/#breadcrumb"},"inLanguage":"en-US","potentialAction":[{"@type":"ReadAction","target":["https:\/\/tajkertesz.com\/termek\/felujito-fumagkeverek-agro-largo-hobby-garden-1-kg\/"]}]},{"@type":"ImageObject","inLanguage":"en-US","@id":"https:\/\/tajkertesz.com\/termek\/felujito-fumagkeverek-agro-largo-hobby-garden-1-kg\/#primaryimage","url":"https:\/\/tajkertesz.com\/wp-content\/uploads\/2021\/08\/Agrolargo-felujito-fumag.jpg","contentUrl":"https:\/\/tajkertesz.com\/wp-content\/uploads\/2021\/08\/Agrolargo-felujito-fumag.jpg","width":1200,"height":1200,"caption":"Fel\u00faj\u00edt\u00f3 f\u0171mag 1kg"},{"@type":"BreadcrumbList","@id":"https:\/\/tajkertesz.com\/termek\/felujito-fumagkeverek-agro-largo-hobby-garden-1-kg\/#breadcrumb","itemListElement":[{"@type":"ListItem","position":1,"name":"Home","item":"https:\/\/tajkertesz.com\/"},{"@type":"ListItem","position":2,"name":"Kezd\u0151lap","item":"https:\/\/tajkertesz.com\/"},{"@type":"ListItem","position":3,"name":"Fel\u00faj\u00edt\u00f3 f\u0171magkever\u00e9k Agro-Largo Hobby Garden 1 kg"}]},{"@type":"WebSite","@id":"https:\/\/tajkertesz.com\/#website","url":"https:\/\/tajkertesz.com\/","name":"T\u00e1j-Kert\u00e9sz 84 Kft.","description":"Kert\u00e9szeti kis- \u00e9s nagykeresked\u00e9s, D\u00edszn\u00f6v\u00e9ny web\u00e1ruh\u00e1z orsz\u00e1gos h\u00e1zhozsz\u00e1ll\u00edt\u00e1ssal!","publisher":{"@id":"https:\/\/tajkertesz.com\/#organization"},"potentialAction":[{"@type":"SearchAction","target":{"@type":"EntryPoint","urlTemplate":"https:\/\/tajkertesz.com\/?s={search_term_string}"},"query-input":{"@type":"PropertyValueSpecification","valueRequired":true,"valueName":"search_term_string"}}],"inLanguage":"en-US"},{"@type":"Organization","@id":"https:\/\/tajkertesz.com\/#organization","name":"T\u00e1j-Kert\u00e9sz 84 Kft.","url":"https:\/\/tajkertesz.com\/","logo":{"@type":"ImageObject","inLanguage":"en-US","@id":"https:\/\/tajkertesz.com\/#\/schema\/logo\/image\/","url":"https:\/\/tajkertesz.com\/wp-content\/uploads\/2018\/02\/logo-2-e1518678052539.png","contentUrl":"https:\/\/tajkertesz.com\/wp-content\/uploads\/2018\/02\/logo-2-e1518678052539.png","width":81,"height":140,"caption":"T\u00e1j-Kert\u00e9sz 84 Kft."},"image":{"@id":"https:\/\/tajkertesz.com\/#\/schema\/logo\/image\/"},"sameAs":["https:\/\/www.facebook.com\/Tajkertesz\/"]}]}},"_links":{"self":[{"href":"https:\/\/tajkertesz.com\/en_US\/wp-json\/wp\/v2\/product\/7867","targetHints":{"allow":["GET"]}}],"collection":[{"href":"https:\/\/tajkertesz.com\/en_US\/wp-json\/wp\/v2\/product"}],"about":[{"href":"https:\/\/tajkertesz.com\/en_US\/wp-json\/wp\/v2\/types\/product"}],"wp:featuredmedia":[{"embeddable":true,"href":"https:\/\/tajkertesz.com\/en_US\/wp-json\/wp\/v2\/media\/13744"}],"wp:attachment":[{"href":"https:\/\/tajkertesz.com\/en_US\/wp-json\/wp\/v2\/media?parent=7867"}],"wp:term":[{"taxonomy":"product_brand","embeddable":true,"href":"https:\/\/tajkertesz.com\/en_US\/wp-json\/wp\/v2\/product_brand?post=7867"},{"taxonomy":"product_cat","embeddable":true,"href":"https:\/\/tajkertesz.com\/en_US\/wp-json\/wp\/v2\/product_cat?post=7867"},{"taxonomy":"product_tag","embeddable":true,"href":"https:\/\/tajkertesz.com\/en_US\/wp-json\/wp\/v2\/product_tag?post=7867"}],"curies":[{"name":"wp","href":"https:\/\/api.w.org\/{rel}","templated":true}]}}