{"id":787,"date":"2020-02-17T08:09:18","date_gmt":"2020-02-17T08:09:18","guid":{"rendered":"https:\/\/tajkertesz.com\/?post_type=product&#038;p=787"},"modified":"2025-10-07T13:17:37","modified_gmt":"2025-10-07T13:17:37","slug":"caragana-arborescens-pendulacsungo-borsofa","status":"publish","type":"product","link":"https:\/\/tajkertesz.com\/en_US\/product\/caragana-arborescens-pendulacsungo-borsofa\/","title":{"rendered":"Caragana arborescens &#8216;Pendula&#8217;,Cs\u00fcng\u0151 bors\u00f3fa"},"content":{"rendered":"<p>Caragana arborescens &#8216;Pendula&#8217;,Cs\u00fcng\u0151 bors\u00f3fa<\/p>\n<p>A Caragana arborescens &#8216;Pendula&#8217; egy csod\u00e1latos szoliter.<\/p>\n<p>A Caragana arborescens &#8216;Pendula&#8217; ,cs\u00fcng\u0151\u00a0 \u00e1g\u00fa bors\u00f3fa t\u00f6rzsre oltottan ker\u00fcl \u00e1rud\u00e1nkba.<\/p>\n<p><b>N\u00f6veked\u00e9s, alak:<\/b>\u00a0T\u00f6bbnyire t\u00f6rzsre oltva ker\u00fcl forgalomba. Az olt\u00e1s hely\u00e9t\u0151l szomor\u00faan cs\u00fcng\u0151 hajt\u00e1srendszere \u00e9vente csak p\u00e1r cm-t n\u0151.<br \/>\n<b>Lev\u00e9l:<\/b>\u00a0Sz\u00e1rnyasan \u00f6sszetett levelei 15 cm hossz\u00faak, z\u00f6ldek.<br \/>\n<b>Vir\u00e1g:<\/b> Pillang\u00f3svir\u00e1g\u00fa, vir\u00e1gai s\u00e1rg\u00e1k, 1-4cm -es csom\u00f3ban ny\u00edlnak m\u00e1jusban.<br \/>\n<b>Term\u00e9s:<\/b>\u00a0H\u00fcvelyterm\u00e9s.<br \/>\n<b>Term\u0151hely, ig\u00e9ny:<\/b>\u00a0Kedveli a napf\u00e9nyes vagy f\u00e9l\u00e1rny\u00e9kos fekv\u00e9st, talajig\u00e9nye minim\u00e1lis, az extr\u00e9m szeg\u00e9ny, sz\u00e1raz talajok, ak\u00e1r savas, ak\u00e1r l\u00fagos k\u00e9mhat\u00e1s\u00faak egyar\u00e1nt megfelelnek. S\u00f3t\u0171r\u0151 k\u00e9pess\u00e9ge is j\u00f3.<\/p>\n<p>J\u00f3 m\u00e9zlegel\u0151.<\/p>\n<p><b>Felhaszn\u00e1l\u00e1s:<\/b><\/p>\n<p>A n\u00f6v\u00e9ny minden r\u00e9sze enyh\u00e9n m\u00e9rgez\u0151, \u00f3vod\u00e1k, j\u00e1tsz\u00f3terek k\u00f6rny\u00e9k\u00e9re ne \u00fcltess\u00fck. Rendk\u00edv\u00fcl sz\u00e9lesk\u00f6r\u0171en haszn\u00e1lhat\u00f3 a k\u00f6rnyezettel szemben t\u00e1masztott minim\u00e1lis ig\u00e9nyei, valamint j\u00f3 f\u00fcst- \u00e9s v\u00e1rost\u0171r\u0151 k\u00e9pess\u00e9ge miatt. Els\u0151sorban szoliter n\u00f6v\u00e9ny.<\/p>\n<p style=\"line-height: 18.0pt; background: white; margin: 0cm 0cm 15.0pt 0cm;\"><span style=\"font-family: 'Ubuntu',serif; color: black;\">Jelen term\u00e9k\u00fcnk 5 literes kont\u00e9nerben kaphat\u00f3, t\u00f6rzsmagass\u00e1ga 150cm. <\/span><\/p>\n<p style=\"line-height: 18.0pt; background: white; margin: 0cm 0cm 15.0pt 0cm;\"><b><span style=\"font-family: 'Ubuntu',serif; color: black;\">K\u00e9szlet\u00fcnk napi szinten v\u00e1ltozik, ez\u00e9rt k\u00e9rj\u00fck, \u00e9rdekl\u0151dj\u00f6n szem\u00e9lyesen, telefonon vagy email-en.<br \/>\nA v\u00e1ltoztat\u00e1s jog\u00e1t fenntartjuk!\u00a0<\/span><\/b><\/p>\n<p><a href=\"https:\/\/tajkertesz.com\">https:\/\/tajkertesz.com<\/a><\/p>\n<p><a href=\"https:\/\/en.wikipedia.org\/wiki\/Caragana_arborescens\">https:\/\/en.wikipedia.org\/wiki\/Caragana_arborescens<\/a><\/p>\n<p><span style=\"color: #ffffff;\"><strong>L<\/strong><\/span><\/p>","protected":false},"excerpt":{"rendered":"<p>Caragana arborescens &#8216;Pendula&#8217;,Cs\u00fcng\u0151 bors\u00f3fa<\/p>\n<p><b>N\u00f6veked\u00e9s, alak:<\/b>\u00a0T\u00f6bbnyire t\u00f6rzsre oltva ker\u00fcl forgalomba. Az olt\u00e1s hely\u00e9t\u0151l szomor\u00faan cs\u00fcng\u0151 hajt\u00e1srendszere \u00e9vente csak p\u00e1r cm-t n\u0151.<br \/>\n<b>Lev\u00e9l:<\/b>\u00a0Sz\u00e1rnyasan \u00f6sszetett levelei 15 cm hossz\u00faak, z\u00f6ldek.<br \/>\n<b>Vir\u00e1g:<\/b>\u00a0Pillang\u00f3svir\u00e1g\u00fa, vir\u00e1gai s\u00e1rg\u00e1k, 1-4-vel csom\u00f3ban ny\u00edlnak m\u00e1jusban.<br \/>\n<b>Term\u00e9s:<\/b>\u00a0H\u00fcvelyterm\u00e9s.<br \/>\n<b>Term\u0151hely, ig\u00e9ny:<\/b>\u00a0Kedveli a napf\u00e9nyes vagy f\u00e9l\u00e1rny\u00e9kos fekv\u00e9st, talajig\u00e9nye minim\u00e1lis, az extr\u00e9m szeg\u00e9ny, sz\u00e1raz talajok, ak\u00e1r savas, ak\u00e1r l\u00fagos k\u00e9mhat\u00e1s\u00faak egyar\u00e1nt megfelelnek. S\u00f3t\u0171r\u0151 k\u00e9pess\u00e9ge is j\u00f3. J\u00f3 m\u00e9zlegel\u0151.<br \/>\n<b>Felhaszn\u00e1l\u00e1s:<\/b>\u00a0A n\u00f6v\u00e9ny minden r\u00e9sze enyh\u00e9n m\u00e9rgez\u0151, \u00f3vod\u00e1k, j\u00e1tsz\u00f3terek k\u00f6rny\u00e9k\u00e9re ne \u00fcltess\u00fck. Rendk\u00edv\u00fcl sz\u00e9lesk\u00f6r\u0171en haszn\u00e1lhat\u00f3 a k\u00f6rnyezettel szemben t\u00e1masztott minim\u00e1lis ig\u00e9nyei, valamint j\u00f3 f\u00fcst- \u00e9s v\u00e1rost\u0171r\u0151 k\u00e9pess\u00e9ge miatt. Els\u0151sorban szoliter n\u00f6v\u00e9ny.<\/p>\n<p><a href=\"http:\/\/www.tajkertesz.hu\">http:\/\/www.tajkertesz.hu<\/a><\/p>","protected":false},"featured_media":783,"template":"","meta":{"_et_pb_use_builder":"","_et_pb_old_content":"","_et_gb_content_width":""},"product_brand":[],"product_cat":[28],"product_tag":[60,62,61,33,34,59],"class_list":{"0":"post-787","1":"product","2":"type-product","3":"status-publish","4":"has-post-thumbnail","6":"product_cat-diszfak","7":"product_tag-borsofa","8":"product_tag-caragana-arborescens-pendula","9":"product_tag-csungo","10":"product_tag-diszfa","11":"product_tag-sorfa","12":"product_tag-szoliter","14":"first","15":"instock","16":"shipping-taxable","17":"purchasable","18":"product-type-simple"},"yoast_head":"<!-- This site is optimized with the Yoast SEO plugin v27.3 - https:\/\/yoast.com\/product\/yoast-seo-wordpress\/ -->\n<title>Caragana arborescens &#039;Pendula&#039;,Cs\u00fcng\u0151 bors\u00f3fa - T\u00e1jkert\u00e9sz<\/title>\n<meta name=\"description\" content=\"Caragana arborescens &#039;Pendula&#039;, Cs\u00fcng\u0151 bors\u00f3fa rendk\u00edv\u00fcl sz\u00e9lesk\u00f6r\u0171en haszn\u00e1lhat\u00f3 a k\u00f6rnyezettel szemben t\u00e1masztott minim\u00e1lis ig\u00e9nyei,\" \/>\n<meta name=\"robots\" content=\"index, follow, max-snippet:-1, max-image-preview:large, max-video-preview:-1\" \/>\n<link rel=\"canonical\" href=\"https:\/\/tajkertesz.com\/en_US\/product\/caragana-arborescens-pendulacsungo-borsofa\/\" \/>\n<meta property=\"og:locale\" content=\"en_US\" \/>\n<meta property=\"og:type\" content=\"article\" \/>\n<meta property=\"og:title\" content=\"Caragana arborescens &#039;Pendula&#039;,Cs\u00fcng\u0151 bors\u00f3fa - T\u00e1jkert\u00e9sz\" \/>\n<meta property=\"og:description\" content=\"Caragana arborescens &#039;Pendula&#039;, Cs\u00fcng\u0151 bors\u00f3fa rendk\u00edv\u00fcl sz\u00e9lesk\u00f6r\u0171en haszn\u00e1lhat\u00f3 a k\u00f6rnyezettel szemben t\u00e1masztott minim\u00e1lis ig\u00e9nyei,\" \/>\n<meta property=\"og:url\" content=\"https:\/\/tajkertesz.com\/en_US\/product\/caragana-arborescens-pendulacsungo-borsofa\/\" \/>\n<meta property=\"og:site_name\" content=\"T\u00e1jkert\u00e9sz\" \/>\n<meta property=\"article:publisher\" content=\"https:\/\/www.facebook.com\/Tajkertesz\/\" \/>\n<meta property=\"article:modified_time\" content=\"2025-10-07T13:17:37+00:00\" \/>\n<meta property=\"og:image\" content=\"https:\/\/tajkertesz.com\/wp-content\/uploads\/2020\/02\/let\u00f6lt\u00e9s.jpg\" \/>\n\t<meta property=\"og:image:width\" content=\"277\" \/>\n\t<meta property=\"og:image:height\" content=\"182\" \/>\n\t<meta property=\"og:image:type\" content=\"image\/jpeg\" \/>\n<meta name=\"twitter:card\" content=\"summary_large_image\" \/>\n<meta name=\"twitter:label1\" content=\"Est. reading time\" \/>\n\t<meta name=\"twitter:data1\" content=\"1 minute\" \/>\n<script type=\"application\/ld+json\" class=\"yoast-schema-graph\">{\"@context\":\"https:\\\/\\\/schema.org\",\"@graph\":[{\"@type\":\"WebPage\",\"@id\":\"https:\\\/\\\/tajkertesz.com\\\/termek\\\/caragana-arborescens-pendulacsungo-borsofa\\\/\",\"url\":\"https:\\\/\\\/tajkertesz.com\\\/termek\\\/caragana-arborescens-pendulacsungo-borsofa\\\/\",\"name\":\"Caragana arborescens 'Pendula',Cs\u00fcng\u0151 bors\u00f3fa - T\u00e1jkert\u00e9sz\",\"isPartOf\":{\"@id\":\"https:\\\/\\\/tajkertesz.com\\\/#website\"},\"primaryImageOfPage\":{\"@id\":\"https:\\\/\\\/tajkertesz.com\\\/termek\\\/caragana-arborescens-pendulacsungo-borsofa\\\/#primaryimage\"},\"image\":{\"@id\":\"https:\\\/\\\/tajkertesz.com\\\/termek\\\/caragana-arborescens-pendulacsungo-borsofa\\\/#primaryimage\"},\"thumbnailUrl\":\"https:\\\/\\\/tajkertesz.com\\\/wp-content\\\/uploads\\\/2020\\\/02\\\/let\u00f6lt\u00e9s.jpg\",\"datePublished\":\"2020-02-17T08:09:18+00:00\",\"dateModified\":\"2025-10-07T13:17:37+00:00\",\"description\":\"Caragana arborescens 'Pendula', Cs\u00fcng\u0151 bors\u00f3fa rendk\u00edv\u00fcl sz\u00e9lesk\u00f6r\u0171en haszn\u00e1lhat\u00f3 a k\u00f6rnyezettel szemben t\u00e1masztott minim\u00e1lis ig\u00e9nyei,\",\"breadcrumb\":{\"@id\":\"https:\\\/\\\/tajkertesz.com\\\/termek\\\/caragana-arborescens-pendulacsungo-borsofa\\\/#breadcrumb\"},\"inLanguage\":\"en-US\",\"potentialAction\":[{\"@type\":\"ReadAction\",\"target\":[\"https:\\\/\\\/tajkertesz.com\\\/termek\\\/caragana-arborescens-pendulacsungo-borsofa\\\/\"]}]},{\"@type\":\"ImageObject\",\"inLanguage\":\"en-US\",\"@id\":\"https:\\\/\\\/tajkertesz.com\\\/termek\\\/caragana-arborescens-pendulacsungo-borsofa\\\/#primaryimage\",\"url\":\"https:\\\/\\\/tajkertesz.com\\\/wp-content\\\/uploads\\\/2020\\\/02\\\/let\u00f6lt\u00e9s.jpg\",\"contentUrl\":\"https:\\\/\\\/tajkertesz.com\\\/wp-content\\\/uploads\\\/2020\\\/02\\\/let\u00f6lt\u00e9s.jpg\",\"width\":277,\"height\":182},{\"@type\":\"BreadcrumbList\",\"@id\":\"https:\\\/\\\/tajkertesz.com\\\/termek\\\/caragana-arborescens-pendulacsungo-borsofa\\\/#breadcrumb\",\"itemListElement\":[{\"@type\":\"ListItem\",\"position\":1,\"name\":\"Home\",\"item\":\"https:\\\/\\\/tajkertesz.com\\\/\"},{\"@type\":\"ListItem\",\"position\":2,\"name\":\"Kezd\u0151lap\",\"item\":\"https:\\\/\\\/tajkertesz.com\\\/\"},{\"@type\":\"ListItem\",\"position\":3,\"name\":\"Caragana arborescens &#8216;Pendula&#8217;,Cs\u00fcng\u0151 bors\u00f3fa\"}]},{\"@type\":\"WebSite\",\"@id\":\"https:\\\/\\\/tajkertesz.com\\\/#website\",\"url\":\"https:\\\/\\\/tajkertesz.com\\\/\",\"name\":\"T\u00e1j-Kert\u00e9sz 84 Kft.\",\"description\":\"Kert\u00e9szeti kis- \u00e9s nagykeresked\u00e9s, D\u00edszn\u00f6v\u00e9ny web\u00e1ruh\u00e1z orsz\u00e1gos h\u00e1zhozsz\u00e1ll\u00edt\u00e1ssal!\",\"publisher\":{\"@id\":\"https:\\\/\\\/tajkertesz.com\\\/#organization\"},\"potentialAction\":[{\"@type\":\"SearchAction\",\"target\":{\"@type\":\"EntryPoint\",\"urlTemplate\":\"https:\\\/\\\/tajkertesz.com\\\/?s={search_term_string}\"},\"query-input\":{\"@type\":\"PropertyValueSpecification\",\"valueRequired\":true,\"valueName\":\"search_term_string\"}}],\"inLanguage\":\"en-US\"},{\"@type\":\"Organization\",\"@id\":\"https:\\\/\\\/tajkertesz.com\\\/#organization\",\"name\":\"T\u00e1j-Kert\u00e9sz 84 Kft.\",\"url\":\"https:\\\/\\\/tajkertesz.com\\\/\",\"logo\":{\"@type\":\"ImageObject\",\"inLanguage\":\"en-US\",\"@id\":\"https:\\\/\\\/tajkertesz.com\\\/#\\\/schema\\\/logo\\\/image\\\/\",\"url\":\"https:\\\/\\\/tajkertesz.com\\\/wp-content\\\/uploads\\\/2018\\\/02\\\/logo-2-e1518678052539.png\",\"contentUrl\":\"https:\\\/\\\/tajkertesz.com\\\/wp-content\\\/uploads\\\/2018\\\/02\\\/logo-2-e1518678052539.png\",\"width\":81,\"height\":140,\"caption\":\"T\u00e1j-Kert\u00e9sz 84 Kft.\"},\"image\":{\"@id\":\"https:\\\/\\\/tajkertesz.com\\\/#\\\/schema\\\/logo\\\/image\\\/\"},\"sameAs\":[\"https:\\\/\\\/www.facebook.com\\\/Tajkertesz\\\/\"]}]}<\/script>\n<!-- \/ Yoast SEO plugin. -->","yoast_head_json":{"title":"Caragana arborescens 'Pendula',Cs\u00fcng\u0151 bors\u00f3fa - T\u00e1jkert\u00e9sz","description":"Caragana arborescens 'Pendula', Cs\u00fcng\u0151 bors\u00f3fa rendk\u00edv\u00fcl sz\u00e9lesk\u00f6r\u0171en haszn\u00e1lhat\u00f3 a k\u00f6rnyezettel szemben t\u00e1masztott minim\u00e1lis ig\u00e9nyei,","robots":{"index":"index","follow":"follow","max-snippet":"max-snippet:-1","max-image-preview":"max-image-preview:large","max-video-preview":"max-video-preview:-1"},"canonical":"https:\/\/tajkertesz.com\/en_US\/product\/caragana-arborescens-pendulacsungo-borsofa\/","og_locale":"en_US","og_type":"article","og_title":"Caragana arborescens 'Pendula',Cs\u00fcng\u0151 bors\u00f3fa - T\u00e1jkert\u00e9sz","og_description":"Caragana arborescens 'Pendula', Cs\u00fcng\u0151 bors\u00f3fa rendk\u00edv\u00fcl sz\u00e9lesk\u00f6r\u0171en haszn\u00e1lhat\u00f3 a k\u00f6rnyezettel szemben t\u00e1masztott minim\u00e1lis ig\u00e9nyei,","og_url":"https:\/\/tajkertesz.com\/en_US\/product\/caragana-arborescens-pendulacsungo-borsofa\/","og_site_name":"T\u00e1jkert\u00e9sz","article_publisher":"https:\/\/www.facebook.com\/Tajkertesz\/","article_modified_time":"2025-10-07T13:17:37+00:00","og_image":[{"width":277,"height":182,"url":"https:\/\/tajkertesz.com\/wp-content\/uploads\/2020\/02\/let\u00f6lt\u00e9s.jpg","type":"image\/jpeg"}],"twitter_card":"summary_large_image","twitter_misc":{"Est. reading time":"1 minute"},"schema":{"@context":"https:\/\/schema.org","@graph":[{"@type":"WebPage","@id":"https:\/\/tajkertesz.com\/termek\/caragana-arborescens-pendulacsungo-borsofa\/","url":"https:\/\/tajkertesz.com\/termek\/caragana-arborescens-pendulacsungo-borsofa\/","name":"Caragana arborescens 'Pendula',Cs\u00fcng\u0151 bors\u00f3fa - T\u00e1jkert\u00e9sz","isPartOf":{"@id":"https:\/\/tajkertesz.com\/#website"},"primaryImageOfPage":{"@id":"https:\/\/tajkertesz.com\/termek\/caragana-arborescens-pendulacsungo-borsofa\/#primaryimage"},"image":{"@id":"https:\/\/tajkertesz.com\/termek\/caragana-arborescens-pendulacsungo-borsofa\/#primaryimage"},"thumbnailUrl":"https:\/\/tajkertesz.com\/wp-content\/uploads\/2020\/02\/let\u00f6lt\u00e9s.jpg","datePublished":"2020-02-17T08:09:18+00:00","dateModified":"2025-10-07T13:17:37+00:00","description":"Caragana arborescens 'Pendula', Cs\u00fcng\u0151 bors\u00f3fa rendk\u00edv\u00fcl sz\u00e9lesk\u00f6r\u0171en haszn\u00e1lhat\u00f3 a k\u00f6rnyezettel szemben t\u00e1masztott minim\u00e1lis ig\u00e9nyei,","breadcrumb":{"@id":"https:\/\/tajkertesz.com\/termek\/caragana-arborescens-pendulacsungo-borsofa\/#breadcrumb"},"inLanguage":"en-US","potentialAction":[{"@type":"ReadAction","target":["https:\/\/tajkertesz.com\/termek\/caragana-arborescens-pendulacsungo-borsofa\/"]}]},{"@type":"ImageObject","inLanguage":"en-US","@id":"https:\/\/tajkertesz.com\/termek\/caragana-arborescens-pendulacsungo-borsofa\/#primaryimage","url":"https:\/\/tajkertesz.com\/wp-content\/uploads\/2020\/02\/let\u00f6lt\u00e9s.jpg","contentUrl":"https:\/\/tajkertesz.com\/wp-content\/uploads\/2020\/02\/let\u00f6lt\u00e9s.jpg","width":277,"height":182},{"@type":"BreadcrumbList","@id":"https:\/\/tajkertesz.com\/termek\/caragana-arborescens-pendulacsungo-borsofa\/#breadcrumb","itemListElement":[{"@type":"ListItem","position":1,"name":"Home","item":"https:\/\/tajkertesz.com\/"},{"@type":"ListItem","position":2,"name":"Kezd\u0151lap","item":"https:\/\/tajkertesz.com\/"},{"@type":"ListItem","position":3,"name":"Caragana arborescens &#8216;Pendula&#8217;,Cs\u00fcng\u0151 bors\u00f3fa"}]},{"@type":"WebSite","@id":"https:\/\/tajkertesz.com\/#website","url":"https:\/\/tajkertesz.com\/","name":"T\u00e1j-Kert\u00e9sz 84 Kft.","description":"Kert\u00e9szeti kis- \u00e9s nagykeresked\u00e9s, D\u00edszn\u00f6v\u00e9ny web\u00e1ruh\u00e1z orsz\u00e1gos h\u00e1zhozsz\u00e1ll\u00edt\u00e1ssal!","publisher":{"@id":"https:\/\/tajkertesz.com\/#organization"},"potentialAction":[{"@type":"SearchAction","target":{"@type":"EntryPoint","urlTemplate":"https:\/\/tajkertesz.com\/?s={search_term_string}"},"query-input":{"@type":"PropertyValueSpecification","valueRequired":true,"valueName":"search_term_string"}}],"inLanguage":"en-US"},{"@type":"Organization","@id":"https:\/\/tajkertesz.com\/#organization","name":"T\u00e1j-Kert\u00e9sz 84 Kft.","url":"https:\/\/tajkertesz.com\/","logo":{"@type":"ImageObject","inLanguage":"en-US","@id":"https:\/\/tajkertesz.com\/#\/schema\/logo\/image\/","url":"https:\/\/tajkertesz.com\/wp-content\/uploads\/2018\/02\/logo-2-e1518678052539.png","contentUrl":"https:\/\/tajkertesz.com\/wp-content\/uploads\/2018\/02\/logo-2-e1518678052539.png","width":81,"height":140,"caption":"T\u00e1j-Kert\u00e9sz 84 Kft."},"image":{"@id":"https:\/\/tajkertesz.com\/#\/schema\/logo\/image\/"},"sameAs":["https:\/\/www.facebook.com\/Tajkertesz\/"]}]}},"_links":{"self":[{"href":"https:\/\/tajkertesz.com\/en_US\/wp-json\/wp\/v2\/product\/787","targetHints":{"allow":["GET"]}}],"collection":[{"href":"https:\/\/tajkertesz.com\/en_US\/wp-json\/wp\/v2\/product"}],"about":[{"href":"https:\/\/tajkertesz.com\/en_US\/wp-json\/wp\/v2\/types\/product"}],"wp:featuredmedia":[{"embeddable":true,"href":"https:\/\/tajkertesz.com\/en_US\/wp-json\/wp\/v2\/media\/783"}],"wp:attachment":[{"href":"https:\/\/tajkertesz.com\/en_US\/wp-json\/wp\/v2\/media?parent=787"}],"wp:term":[{"taxonomy":"product_brand","embeddable":true,"href":"https:\/\/tajkertesz.com\/en_US\/wp-json\/wp\/v2\/product_brand?post=787"},{"taxonomy":"product_cat","embeddable":true,"href":"https:\/\/tajkertesz.com\/en_US\/wp-json\/wp\/v2\/product_cat?post=787"},{"taxonomy":"product_tag","embeddable":true,"href":"https:\/\/tajkertesz.com\/en_US\/wp-json\/wp\/v2\/product_tag?post=787"}],"curies":[{"name":"wp","href":"https:\/\/api.w.org\/{rel}","templated":true}]}}