{"id":788,"date":"2020-02-17T08:30:04","date_gmt":"2020-02-17T08:30:04","guid":{"rendered":"https:\/\/tajkertesz.com\/?post_type=product&#038;p=788"},"modified":"2026-02-11T14:30:09","modified_gmt":"2026-02-11T14:30:09","slug":"carpinus-betulus-pyramidaliskozonseges-gyertyan","status":"publish","type":"product","link":"https:\/\/tajkertesz.com\/en_US\/product\/carpinus-betulus-pyramidaliskozonseges-gyertyan\/","title":{"rendered":"Carpinus betulus &#8216;Pyramidalis&#8217;,K\u00f6z\u00f6ns\u00e9ges gyerty\u00e1n"},"content":{"rendered":"<p>Carpinus betulus &#8216;Pyramidalis&#8217;,K\u00f6z\u00f6ns\u00e9ges gyerty\u00e1n<\/p>\n<p>Carpinus betulus &#8216;Pyramidalis&#8217;,K\u00f6z\u00f6ns\u00e9ges gyerty\u00e1n 15-20 m magasra n\u00f6v\u0151 karcs\u00fa k\u00fapkoron\u00e1j\u00fa.<\/p>\n<p>Er\u0151teljes n\u00f6veked\u00e9s\u0171 t\u00f6v\u00e9t\u0151l s\u0171r\u0171n \u00e1gas.<\/p>\n<p>Levei \u0151sszel csod\u00e1s aranys\u00e1rg\u00e1ra sz\u00ednez\u0151dnek. T\u00e1pd\u00fas talajba \u00fcltess\u00fck .Napos fekv\u00e9st ig\u00e9nyel, de a f\u00e9l\u00e1rny\u00e9kot is elviseli.<\/p>\n<p style=\"line-height: 18.0pt; background: white; margin: 0cm 0cm 15.0pt 0cm;\"><span style=\"font-family: 'Ubuntu',serif; color: black;\">El\u00e9rhet\u0151 t\u00f6bbf\u00e9le m\u00e9retben \u00e9s \u00e1rban.<\/span><\/p>\n<p style=\"line-height: 18.0pt; background: white; margin: 0cm 0cm 15.0pt 0cm;\"><b><span style=\"font-family: 'Ubuntu',serif; color: black;\">K\u00e9szlet\u00fcnk napi szinten v\u00e1ltozik, ez\u00e9rt k\u00e9rj\u00fck, \u00e9rdekl\u0151dj\u00f6n szem\u00e9lyesen, telefonon vagy email-en.<br \/>\nA v\u00e1ltoztat\u00e1s jog\u00e1t fenntartjuk!\u00a0<\/span><\/b><\/p>\n<p><a href=\"https:\/\/tajkertesz.com\/https:\/\/hu.wikipedia.org\/wiki\/K%C3%B6z%C3%B6ns%C3%A9ges_gyerty%C3%A1n\">https:\/\/tajkertesz.com\/<\/a><\/p>\n<p><a href=\"https:\/\/hu.wikipedia.org\/wiki\/K%C3%B6z%C3%B6ns%C3%A9ges_gyerty%C3%A1n\">https:\/\/hu.wikipedia.org\/wiki\/K%C3%B6z%C3%B6ns%C3%A9ges_gyerty%C3%A1n<\/a><\/p>\n<p><span style=\"color: #ffffff;\">A k\u00f6z\u00f6ns\u00e9ges gyerty\u00e1n a\u00a0<a style=\"color: #ffffff;\" title=\"Pireneusok\" href=\"https:\/\/hu.wikipedia.org\/wiki\/Pireneusok\">Pireneusokt\u00f3l<\/a>\u00a0D\u00e9l-<a style=\"color: #ffffff;\" title=\"Skandin\u00e1via\" href=\"https:\/\/hu.wikipedia.org\/wiki\/Skandin%C3%A1via\">Skandin\u00e1vi\u00e1ig<\/a>, kelet fel\u00e9\u00a0<a style=\"color: #ffffff;\" title=\"T\u00f6r\u00f6korsz\u00e1g\" href=\"https:\/\/hu.wikipedia.org\/wiki\/T%C3%B6r%C3%B6korsz%C3%A1g\">T\u00f6r\u00f6korsz\u00e1gig<\/a>\u00a0minden\u00fctt gyakori. T\u00e1panyagban gazdag,\u00a0<a style=\"color: #ffffff;\" title=\"Humusz\" href=\"https:\/\/hu.wikipedia.org\/wiki\/Humusz\">humuszos<\/a>\u00a0<a style=\"color: #ffffff;\" title=\"Talaj\" href=\"https:\/\/hu.wikipedia.org\/wiki\/Talaj\">talajokon<\/a>, f\u0151leg h\u0171v\u00f6sebb hegyvid\u00e9ki\u00a0<a style=\"color: #ffffff;\" title=\"Erd\u0151\" href=\"https:\/\/hu.wikipedia.org\/wiki\/Erd%C5%91\">erd\u0151kben<\/a>\u00a0fordul el\u0151, a s\u00edks\u00e1gokt\u00f3l eg\u00e9szen 1300\u00a0m\u00e9teres\u00a0<a style=\"color: #ffffff;\" title=\"Tengerszint feletti magass\u00e1g\" href=\"https:\/\/hu.wikipedia.org\/wiki\/Tengerszint_feletti_magass%C3%A1g\">tengerszint feletti magass\u00e1gig<\/a>. T\u00f6lgyesekben vagy s\u00f6v\u00e9nyekben \u00e1llom\u00e1nyokat alkot. E n\u00f6v\u00e9nyfaj el\u0151fordul a\u00a0<a style=\"color: #ffffff;\" title=\"B\u00fckk-vid\u00e9k\" href=\"https:\/\/hu.wikipedia.org\/wiki\/B%C3%BCkk-vid%C3%A9k\">B\u00fckk-vid\u00e9ken<\/a>.<sup id=\"cite_ref-1\" class=\"reference\"><a style=\"color: #ffffff;\" href=\"https:\/\/hu.wikipedia.org\/wiki\/K%C3%B6z%C3%B6ns%C3%A9ges_gyerty%C3%A1n#cite_note-1\">[1]<\/a><\/sup><sup id=\"cite_ref-2\" class=\"reference\"><a style=\"color: #ffffff;\" href=\"https:\/\/hu.wikipedia.org\/wiki\/K%C3%B6z%C3%B6ns%C3%A9ges_gyerty%C3%A1n#cite_note-2\">[2]<\/a><\/sup><\/span><\/p>\n<p><span style=\"color: #ffffff;\">A k\u00f6z\u00f6ns\u00e9ges gyerty\u00e1n 15\u201320\u00a0<a style=\"color: #ffffff;\" title=\"M\u00e9ter\" href=\"https:\/\/hu.wikipedia.org\/wiki\/M%C3%A9ter\">m\u00e9ter<\/a>\u00a0magas, lomblevel\u0171 fa. Koron\u00e1ja sz\u00e9les \u00e9s magas, szabad \u00e1ll\u00e1sban sz\u00e9p, boltozatos, gyakran kiss\u00e9 szab\u00e1lytalan. Gyakran m\u00e1r kis magass\u00e1gban vagy ak\u00e1r t\u0151b\u0151l is er\u0151s \u00e1gakra oszlik.\u00a0<a style=\"color: #ffffff;\" title=\"K\u00e9reg\" href=\"https:\/\/hu.wikipedia.org\/wiki\/K%C3%A9reg\">K\u00e9rge<\/a>\u00a0vil\u00e1gosabb vagy s\u00f6t\u00e9tebb sz\u00fcrke, sima, k\u00e9s\u0151bb finom, lemezes h\u00e1l\u00f3zattal mint\u00e1s, hossz\u00fa ez\u00fcst\u00f6s cs\u00edkokkal vagy csavarodott, kiss\u00e9 bord\u00e1s fel\u00fclet\u0171. \u00c1gai kezdetben s\u0171r\u0171n, egyenesen felfel\u00e9 t\u00f6rekszenek, a k\u00e9s\u0151bbiekben lehajlanak, elter\u00fclnek.\u00a0<a style=\"color: #ffffff;\" title=\"Hajt\u00e1s\" href=\"https:\/\/hu.wikipedia.org\/wiki\/Hajt%C3%A1s\">Hajt\u00e1sai<\/a>\u00a0s\u00f6t\u00e9t-sz\u00fcrk\u00e9sbarn\u00e1k, ritk\u00e1san sz\u0151r\u00f6sek. A karcs\u00fa\u00a0<a style=\"color: #ffffff;\" title=\"R\u00fcgy\" href=\"https:\/\/hu.wikipedia.org\/wiki\/R%C3%BCgy\">r\u00fcgyek<\/a>\u00a0szorosan az \u00e1gt\u00f6v\u00f6n helyezkednek el.\u00a0<a style=\"color: #ffffff;\" title=\"Lev\u00e9l (botanika)\" href=\"https:\/\/hu.wikipedia.org\/wiki\/Lev%C3%A9l_(botanika)\">Levelei<\/a>\u00a0sz\u00f3rt \u00e1ll\u00e1s\u00faak, hossz\u00fak\u00e1san ov\u00e1lisak, 4\u201310\u00a0centim\u00e9ter hossz\u00faak, r\u00f6vid cs\u00facsban v\u00e9gz\u0151d\u0151k. K\u00e9tszeresen f\u0171r\u00e9szeltek, igen apr\u00f3 fogakkal. A lekerek\u00edtett lev\u00e9lv\u00e1ll gyakran enyhe aszimmetri\u00e1t mutat. A levelek mindk\u00e9t oldalon f\u00e9nyesek, sz\u00edn\u00fck\u00f6n \u00e9l\u00e9nk- vagy s\u00f6t\u00e9tz\u00f6ldek, fon\u00e1kjukon az erekn\u00e9l sz\u0151r\u00f6sek.\u00a0<a style=\"color: #ffffff;\" title=\"Lombhullat\u00f3 n\u00f6v\u00e9ny\" href=\"https:\/\/hu.wikipedia.org\/wiki\/Lombhullat%C3%B3_n%C3%B6v%C3%A9ny\">Lombhullat\u00f3<\/a>, \u0151sszel levelei \u00e9l\u00e9nk- vagy rozsda-s\u00e1rg\u00e1ra sz\u00ednez\u0151dnek.<\/span><\/p>\n<p><span style=\"color: #ffffff;\">A vir\u00e1gz\u00e1si id\u0151 \u00e1prilis &#8211; m\u00e1jus k\u00f6z\u00f6tt van.\u00a0<a style=\"color: #ffffff;\" title=\"A n\u00f6v\u00e9nyek nemis\u00e9ge\" href=\"https:\/\/hu.wikipedia.org\/wiki\/A_n%C3%B6v%C3%A9nyek_nemis%C3%A9ge\">Egylaki<\/a>,\u00a0<a style=\"color: #ffffff;\" title=\"Megporz\u00e1s\" href=\"https:\/\/hu.wikipedia.org\/wiki\/Megporz%C3%A1s\">sz\u00e9l porozta<\/a>\u00a0n\u00f6v\u00e9ny. A porz\u00f3s bark\u00e1k 3\u20135\u00a0centim\u00e9ter hossz\u00faak, a term\u0151s bark\u00e1kon h\u00e1romkar\u00e9josak a halv\u00e1nyz\u00f6ld kupacslevelek, melynek t\u00f6v\u00e9ben n\u0151 a makk(ocska)term\u00e9s. A kupacslevelek aszimmetri\u00e1ja miatt \u201e<a style=\"color: #ffffff;\" title=\"Sz\u00e1rny\" href=\"https:\/\/hu.wikipedia.org\/wiki\/Sz%C3%A1rny\">sz\u00e1rnyk\u00e9nt<\/a>\u201d m\u0171k\u00f6dnek, a sz\u00e9l messzebbre r\u00f6pteti \u00edgy a\u00a0<a style=\"color: #ffffff;\" title=\"Term\u00e9s\" href=\"https:\/\/hu.wikipedia.org\/wiki\/Term%C3%A9s\">term\u00e9st<\/a>, melyek t\u00e9li viharokkal 1\u00a0kilom\u00e9teres t\u00e1vols\u00e1gra is eljuthatnak.<\/span><\/p>\n<p><span style=\"color: #ffffff;\"><a style=\"color: #ffffff;\" title=\"Fa (anyag)\" href=\"https:\/\/hu.wikipedia.org\/wiki\/Fa_(anyag)\">F\u00e1ja<\/a>\u00a0szil\u00e1rd, kem\u00e9ny, szersz\u00e1mny\u00e9lnek,\u00a0<a style=\"color: #ffffff;\" title=\"Fogasker\u00e9k\" href=\"https:\/\/hu.wikipedia.org\/wiki\/Fogasker%C3%A9k\">fogasker\u00e9knek<\/a>,\u00a0<a style=\"color: #ffffff;\" title=\"Kocsi\" href=\"https:\/\/hu.wikipedia.org\/wiki\/Kocsi\">kocsiker\u00e9knek<\/a>,\u00a0<a style=\"color: #ffffff;\" title=\"Zongora\" href=\"https:\/\/hu.wikipedia.org\/wiki\/Zongora\">zongora<\/a>\u00a0mechanik\u00e1j\u00e1nak kiv\u00e1l\u00f3.\u00a0<a class=\"new\" style=\"color: #ffffff;\" title=\"Parketta (a lap nem l\u00e9tezik)\" href=\"https:\/\/hu.wikipedia.org\/w\/index.php?title=Parketta&amp;action=edit&amp;redlink=1\">Parkett\u00e1z\u00e1sra<\/a>\u00a0is haszn\u00e1lj\u00e1k.<\/span><\/p>\n","protected":false},"excerpt":{"rendered":"<p>15-20 m magasra n\u00f6v\u0151 karcs\u00fa k\u00fapkoron\u00e1j\u00fa. Er\u0151teljes n\u00f6veked\u00e9s\u0171 t\u00f6v\u00e9t\u0151l s\u0171r\u0171n \u00e1gas.<\/p>\n<p>Levei \u0151sszel csod\u00e1s aranys\u00e1rg\u00e1ra sz\u00ednez\u0151dnek. T\u00e1pd\u00fas talajba \u00fcltess\u00fck .Napos fekv\u00e9st ig\u00e9nyel, de a f\u00e9l\u00e1rny\u00e9kot is elviseli.<\/p>\n<p>Kont\u00e9ner m\u00e9rete: 35L<\/p>\n<p>N\u00f6v\u00e9ny t\u00f6rzsm\u00e9rete: 8\/10\/12cm<\/p>\n<h3><span style=\"color: #ff0000;\">M\u00e9rete miatt post\u00e1zni nem tudjuk!<\/span><\/h3>\n<p>&nbsp;<\/p>","protected":false},"featured_media":20521,"template":"","meta":{"_et_pb_use_builder":"","_et_pb_old_content":"","_et_gb_content_width":""},"product_brand":[],"product_cat":[28],"product_tag":[66,65,64,33,63],"class_list":{"0":"post-788","1":"product","2":"type-product","3":"status-publish","4":"has-post-thumbnail","6":"product_cat-diszfak","7":"product_tag-pyramidalis","8":"product_tag-betulus","9":"product_tag-carpinus","10":"product_tag-diszfa","11":"product_tag-kozonseges-gyertyan","13":"first","14":"outofstock","15":"shipping-taxable","16":"purchasable","17":"product-type-simple"},"yoast_head":"<!-- This site is optimized with the Yoast SEO plugin v27.3 - https:\/\/yoast.com\/product\/yoast-seo-wordpress\/ -->\n<title>Carpinus betulus &#039;Pyramidalis&#039;,K\u00f6z\u00f6ns\u00e9ges gyerty\u00e1n - T\u00e1jkert\u00e9sz<\/title>\n<meta name=\"description\" content=\"Carpinus betulus &#039;Pyramidalis&#039;,K\u00f6z\u00f6ns\u00e9ges gyerty\u00e1n15-20 m magasra n\u00f6v\u0151 karcs\u00fa k\u00fapkoron\u00e1j\u00fa. Er\u0151teljes n\u00f6veked\u00e9s\u0171 t\u00f6v\u00e9t\u0151l s\u0171r\u0171n \u00e1gas.\" \/>\n<meta name=\"robots\" content=\"index, follow, max-snippet:-1, max-image-preview:large, max-video-preview:-1\" \/>\n<link rel=\"canonical\" href=\"https:\/\/tajkertesz.com\/en_US\/product\/carpinus-betulus-pyramidaliskozonseges-gyertyan\/\" \/>\n<meta property=\"og:locale\" content=\"en_US\" \/>\n<meta property=\"og:type\" content=\"article\" \/>\n<meta property=\"og:title\" content=\"Carpinus betulus &#039;Pyramidalis&#039;,K\u00f6z\u00f6ns\u00e9ges gyerty\u00e1n - T\u00e1jkert\u00e9sz\" \/>\n<meta property=\"og:description\" content=\"Carpinus betulus &#039;Pyramidalis&#039;,K\u00f6z\u00f6ns\u00e9ges gyerty\u00e1n15-20 m magasra n\u00f6v\u0151 karcs\u00fa k\u00fapkoron\u00e1j\u00fa. Er\u0151teljes n\u00f6veked\u00e9s\u0171 t\u00f6v\u00e9t\u0151l s\u0171r\u0171n \u00e1gas.\" \/>\n<meta property=\"og:url\" content=\"https:\/\/tajkertesz.com\/en_US\/product\/carpinus-betulus-pyramidaliskozonseges-gyertyan\/\" \/>\n<meta property=\"og:site_name\" content=\"T\u00e1jkert\u00e9sz\" \/>\n<meta property=\"article:publisher\" content=\"https:\/\/www.facebook.com\/Tajkertesz\/\" \/>\n<meta property=\"article:modified_time\" content=\"2026-02-11T14:30:09+00:00\" \/>\n<meta property=\"og:image\" content=\"https:\/\/tajkertesz.com\/wp-content\/uploads\/2020\/02\/CAR_BEFA_AF_C_0040__36.jpg\" \/>\n\t<meta property=\"og:image:width\" content=\"450\" \/>\n\t<meta property=\"og:image:height\" content=\"600\" \/>\n\t<meta property=\"og:image:type\" content=\"image\/jpeg\" \/>\n<meta name=\"twitter:card\" content=\"summary_large_image\" \/>\n<meta name=\"twitter:label1\" content=\"Est. reading time\" \/>\n\t<meta name=\"twitter:data1\" content=\"2 minutes\" \/>\n<script type=\"application\/ld+json\" class=\"yoast-schema-graph\">{\"@context\":\"https:\\\/\\\/schema.org\",\"@graph\":[{\"@type\":\"WebPage\",\"@id\":\"https:\\\/\\\/tajkertesz.com\\\/termek\\\/carpinus-betulus-pyramidaliskozonseges-gyertyan\\\/\",\"url\":\"https:\\\/\\\/tajkertesz.com\\\/termek\\\/carpinus-betulus-pyramidaliskozonseges-gyertyan\\\/\",\"name\":\"Carpinus betulus 'Pyramidalis',K\u00f6z\u00f6ns\u00e9ges gyerty\u00e1n - T\u00e1jkert\u00e9sz\",\"isPartOf\":{\"@id\":\"https:\\\/\\\/tajkertesz.com\\\/#website\"},\"primaryImageOfPage\":{\"@id\":\"https:\\\/\\\/tajkertesz.com\\\/termek\\\/carpinus-betulus-pyramidaliskozonseges-gyertyan\\\/#primaryimage\"},\"image\":{\"@id\":\"https:\\\/\\\/tajkertesz.com\\\/termek\\\/carpinus-betulus-pyramidaliskozonseges-gyertyan\\\/#primaryimage\"},\"thumbnailUrl\":\"https:\\\/\\\/tajkertesz.com\\\/wp-content\\\/uploads\\\/2020\\\/02\\\/CAR_BEFA_AF_C_0040__36.jpg\",\"datePublished\":\"2020-02-17T08:30:04+00:00\",\"dateModified\":\"2026-02-11T14:30:09+00:00\",\"description\":\"Carpinus betulus 'Pyramidalis',K\u00f6z\u00f6ns\u00e9ges gyerty\u00e1n15-20 m magasra n\u00f6v\u0151 karcs\u00fa k\u00fapkoron\u00e1j\u00fa. Er\u0151teljes n\u00f6veked\u00e9s\u0171 t\u00f6v\u00e9t\u0151l s\u0171r\u0171n \u00e1gas.\",\"breadcrumb\":{\"@id\":\"https:\\\/\\\/tajkertesz.com\\\/termek\\\/carpinus-betulus-pyramidaliskozonseges-gyertyan\\\/#breadcrumb\"},\"inLanguage\":\"en-US\",\"potentialAction\":[{\"@type\":\"ReadAction\",\"target\":[\"https:\\\/\\\/tajkertesz.com\\\/termek\\\/carpinus-betulus-pyramidaliskozonseges-gyertyan\\\/\"]}]},{\"@type\":\"ImageObject\",\"inLanguage\":\"en-US\",\"@id\":\"https:\\\/\\\/tajkertesz.com\\\/termek\\\/carpinus-betulus-pyramidaliskozonseges-gyertyan\\\/#primaryimage\",\"url\":\"https:\\\/\\\/tajkertesz.com\\\/wp-content\\\/uploads\\\/2020\\\/02\\\/CAR_BEFA_AF_C_0040__36.jpg\",\"contentUrl\":\"https:\\\/\\\/tajkertesz.com\\\/wp-content\\\/uploads\\\/2020\\\/02\\\/CAR_BEFA_AF_C_0040__36.jpg\",\"width\":450,\"height\":600},{\"@type\":\"BreadcrumbList\",\"@id\":\"https:\\\/\\\/tajkertesz.com\\\/termek\\\/carpinus-betulus-pyramidaliskozonseges-gyertyan\\\/#breadcrumb\",\"itemListElement\":[{\"@type\":\"ListItem\",\"position\":1,\"name\":\"Home\",\"item\":\"https:\\\/\\\/tajkertesz.com\\\/\"},{\"@type\":\"ListItem\",\"position\":2,\"name\":\"Kezd\u0151lap\",\"item\":\"https:\\\/\\\/tajkertesz.com\\\/\"},{\"@type\":\"ListItem\",\"position\":3,\"name\":\"Carpinus betulus &#8216;Pyramidalis&#8217;,K\u00f6z\u00f6ns\u00e9ges gyerty\u00e1n\"}]},{\"@type\":\"WebSite\",\"@id\":\"https:\\\/\\\/tajkertesz.com\\\/#website\",\"url\":\"https:\\\/\\\/tajkertesz.com\\\/\",\"name\":\"T\u00e1j-Kert\u00e9sz 84 Kft.\",\"description\":\"Kert\u00e9szeti kis- \u00e9s nagykeresked\u00e9s, D\u00edszn\u00f6v\u00e9ny web\u00e1ruh\u00e1z orsz\u00e1gos h\u00e1zhozsz\u00e1ll\u00edt\u00e1ssal!\",\"publisher\":{\"@id\":\"https:\\\/\\\/tajkertesz.com\\\/#organization\"},\"potentialAction\":[{\"@type\":\"SearchAction\",\"target\":{\"@type\":\"EntryPoint\",\"urlTemplate\":\"https:\\\/\\\/tajkertesz.com\\\/?s={search_term_string}\"},\"query-input\":{\"@type\":\"PropertyValueSpecification\",\"valueRequired\":true,\"valueName\":\"search_term_string\"}}],\"inLanguage\":\"en-US\"},{\"@type\":\"Organization\",\"@id\":\"https:\\\/\\\/tajkertesz.com\\\/#organization\",\"name\":\"T\u00e1j-Kert\u00e9sz 84 Kft.\",\"url\":\"https:\\\/\\\/tajkertesz.com\\\/\",\"logo\":{\"@type\":\"ImageObject\",\"inLanguage\":\"en-US\",\"@id\":\"https:\\\/\\\/tajkertesz.com\\\/#\\\/schema\\\/logo\\\/image\\\/\",\"url\":\"https:\\\/\\\/tajkertesz.com\\\/wp-content\\\/uploads\\\/2018\\\/02\\\/logo-2-e1518678052539.png\",\"contentUrl\":\"https:\\\/\\\/tajkertesz.com\\\/wp-content\\\/uploads\\\/2018\\\/02\\\/logo-2-e1518678052539.png\",\"width\":81,\"height\":140,\"caption\":\"T\u00e1j-Kert\u00e9sz 84 Kft.\"},\"image\":{\"@id\":\"https:\\\/\\\/tajkertesz.com\\\/#\\\/schema\\\/logo\\\/image\\\/\"},\"sameAs\":[\"https:\\\/\\\/www.facebook.com\\\/Tajkertesz\\\/\"]}]}<\/script>\n<!-- \/ Yoast SEO plugin. -->","yoast_head_json":{"title":"Carpinus betulus 'Pyramidalis',K\u00f6z\u00f6ns\u00e9ges gyerty\u00e1n - T\u00e1jkert\u00e9sz","description":"Carpinus betulus 'Pyramidalis',K\u00f6z\u00f6ns\u00e9ges gyerty\u00e1n15-20 m magasra n\u00f6v\u0151 karcs\u00fa k\u00fapkoron\u00e1j\u00fa. Er\u0151teljes n\u00f6veked\u00e9s\u0171 t\u00f6v\u00e9t\u0151l s\u0171r\u0171n \u00e1gas.","robots":{"index":"index","follow":"follow","max-snippet":"max-snippet:-1","max-image-preview":"max-image-preview:large","max-video-preview":"max-video-preview:-1"},"canonical":"https:\/\/tajkertesz.com\/en_US\/product\/carpinus-betulus-pyramidaliskozonseges-gyertyan\/","og_locale":"en_US","og_type":"article","og_title":"Carpinus betulus 'Pyramidalis',K\u00f6z\u00f6ns\u00e9ges gyerty\u00e1n - T\u00e1jkert\u00e9sz","og_description":"Carpinus betulus 'Pyramidalis',K\u00f6z\u00f6ns\u00e9ges gyerty\u00e1n15-20 m magasra n\u00f6v\u0151 karcs\u00fa k\u00fapkoron\u00e1j\u00fa. Er\u0151teljes n\u00f6veked\u00e9s\u0171 t\u00f6v\u00e9t\u0151l s\u0171r\u0171n \u00e1gas.","og_url":"https:\/\/tajkertesz.com\/en_US\/product\/carpinus-betulus-pyramidaliskozonseges-gyertyan\/","og_site_name":"T\u00e1jkert\u00e9sz","article_publisher":"https:\/\/www.facebook.com\/Tajkertesz\/","article_modified_time":"2026-02-11T14:30:09+00:00","og_image":[{"width":450,"height":600,"url":"https:\/\/tajkertesz.com\/wp-content\/uploads\/2020\/02\/CAR_BEFA_AF_C_0040__36.jpg","type":"image\/jpeg"}],"twitter_card":"summary_large_image","twitter_misc":{"Est. reading time":"2 minutes"},"schema":{"@context":"https:\/\/schema.org","@graph":[{"@type":"WebPage","@id":"https:\/\/tajkertesz.com\/termek\/carpinus-betulus-pyramidaliskozonseges-gyertyan\/","url":"https:\/\/tajkertesz.com\/termek\/carpinus-betulus-pyramidaliskozonseges-gyertyan\/","name":"Carpinus betulus 'Pyramidalis',K\u00f6z\u00f6ns\u00e9ges gyerty\u00e1n - T\u00e1jkert\u00e9sz","isPartOf":{"@id":"https:\/\/tajkertesz.com\/#website"},"primaryImageOfPage":{"@id":"https:\/\/tajkertesz.com\/termek\/carpinus-betulus-pyramidaliskozonseges-gyertyan\/#primaryimage"},"image":{"@id":"https:\/\/tajkertesz.com\/termek\/carpinus-betulus-pyramidaliskozonseges-gyertyan\/#primaryimage"},"thumbnailUrl":"https:\/\/tajkertesz.com\/wp-content\/uploads\/2020\/02\/CAR_BEFA_AF_C_0040__36.jpg","datePublished":"2020-02-17T08:30:04+00:00","dateModified":"2026-02-11T14:30:09+00:00","description":"Carpinus betulus 'Pyramidalis',K\u00f6z\u00f6ns\u00e9ges gyerty\u00e1n15-20 m magasra n\u00f6v\u0151 karcs\u00fa k\u00fapkoron\u00e1j\u00fa. Er\u0151teljes n\u00f6veked\u00e9s\u0171 t\u00f6v\u00e9t\u0151l s\u0171r\u0171n \u00e1gas.","breadcrumb":{"@id":"https:\/\/tajkertesz.com\/termek\/carpinus-betulus-pyramidaliskozonseges-gyertyan\/#breadcrumb"},"inLanguage":"en-US","potentialAction":[{"@type":"ReadAction","target":["https:\/\/tajkertesz.com\/termek\/carpinus-betulus-pyramidaliskozonseges-gyertyan\/"]}]},{"@type":"ImageObject","inLanguage":"en-US","@id":"https:\/\/tajkertesz.com\/termek\/carpinus-betulus-pyramidaliskozonseges-gyertyan\/#primaryimage","url":"https:\/\/tajkertesz.com\/wp-content\/uploads\/2020\/02\/CAR_BEFA_AF_C_0040__36.jpg","contentUrl":"https:\/\/tajkertesz.com\/wp-content\/uploads\/2020\/02\/CAR_BEFA_AF_C_0040__36.jpg","width":450,"height":600},{"@type":"BreadcrumbList","@id":"https:\/\/tajkertesz.com\/termek\/carpinus-betulus-pyramidaliskozonseges-gyertyan\/#breadcrumb","itemListElement":[{"@type":"ListItem","position":1,"name":"Home","item":"https:\/\/tajkertesz.com\/"},{"@type":"ListItem","position":2,"name":"Kezd\u0151lap","item":"https:\/\/tajkertesz.com\/"},{"@type":"ListItem","position":3,"name":"Carpinus betulus &#8216;Pyramidalis&#8217;,K\u00f6z\u00f6ns\u00e9ges gyerty\u00e1n"}]},{"@type":"WebSite","@id":"https:\/\/tajkertesz.com\/#website","url":"https:\/\/tajkertesz.com\/","name":"T\u00e1j-Kert\u00e9sz 84 Kft.","description":"Kert\u00e9szeti kis- \u00e9s nagykeresked\u00e9s, D\u00edszn\u00f6v\u00e9ny web\u00e1ruh\u00e1z orsz\u00e1gos h\u00e1zhozsz\u00e1ll\u00edt\u00e1ssal!","publisher":{"@id":"https:\/\/tajkertesz.com\/#organization"},"potentialAction":[{"@type":"SearchAction","target":{"@type":"EntryPoint","urlTemplate":"https:\/\/tajkertesz.com\/?s={search_term_string}"},"query-input":{"@type":"PropertyValueSpecification","valueRequired":true,"valueName":"search_term_string"}}],"inLanguage":"en-US"},{"@type":"Organization","@id":"https:\/\/tajkertesz.com\/#organization","name":"T\u00e1j-Kert\u00e9sz 84 Kft.","url":"https:\/\/tajkertesz.com\/","logo":{"@type":"ImageObject","inLanguage":"en-US","@id":"https:\/\/tajkertesz.com\/#\/schema\/logo\/image\/","url":"https:\/\/tajkertesz.com\/wp-content\/uploads\/2018\/02\/logo-2-e1518678052539.png","contentUrl":"https:\/\/tajkertesz.com\/wp-content\/uploads\/2018\/02\/logo-2-e1518678052539.png","width":81,"height":140,"caption":"T\u00e1j-Kert\u00e9sz 84 Kft."},"image":{"@id":"https:\/\/tajkertesz.com\/#\/schema\/logo\/image\/"},"sameAs":["https:\/\/www.facebook.com\/Tajkertesz\/"]}]}},"_links":{"self":[{"href":"https:\/\/tajkertesz.com\/en_US\/wp-json\/wp\/v2\/product\/788","targetHints":{"allow":["GET"]}}],"collection":[{"href":"https:\/\/tajkertesz.com\/en_US\/wp-json\/wp\/v2\/product"}],"about":[{"href":"https:\/\/tajkertesz.com\/en_US\/wp-json\/wp\/v2\/types\/product"}],"wp:featuredmedia":[{"embeddable":true,"href":"https:\/\/tajkertesz.com\/en_US\/wp-json\/wp\/v2\/media\/20521"}],"wp:attachment":[{"href":"https:\/\/tajkertesz.com\/en_US\/wp-json\/wp\/v2\/media?parent=788"}],"wp:term":[{"taxonomy":"product_brand","embeddable":true,"href":"https:\/\/tajkertesz.com\/en_US\/wp-json\/wp\/v2\/product_brand?post=788"},{"taxonomy":"product_cat","embeddable":true,"href":"https:\/\/tajkertesz.com\/en_US\/wp-json\/wp\/v2\/product_cat?post=788"},{"taxonomy":"product_tag","embeddable":true,"href":"https:\/\/tajkertesz.com\/en_US\/wp-json\/wp\/v2\/product_tag?post=788"}],"curies":[{"name":"wp","href":"https:\/\/api.w.org\/{rel}","templated":true}]}}