{"id":7889,"date":"2021-08-02T10:47:23","date_gmt":"2021-08-02T10:47:23","guid":{"rendered":"https:\/\/tajkertesz.com\/?post_type=product&#038;p=7889"},"modified":"2023-08-01T13:14:07","modified_gmt":"2023-08-01T13:14:07","slug":"leaf-protec-ereszcsatorna-vedo-halo","status":"publish","type":"product","link":"https:\/\/tajkertesz.com\/en_US\/product\/leaf-protec-ereszcsatorna-vedo-halo\/","title":{"rendered":"NORTENE LEAF PROTEC ERESZCSATORNA V\u00c9D\u0150 H\u00c1L\u00d3 &#8211; 17 cm X 6 m\u00e9ter &#8211; FEKETE &#8211; 600201"},"content":{"rendered":"<div class=\"row\">\n<div class=\"col-xs-12\">\n<h1 class=\"section-title\">NORTENE LEAF PROTEC ERESZCSATORNA V\u00c9D\u0150 H\u00c1L\u00d3 &#8211; 17 cm\u00a0 X 6 m\u00e9ter &#8211; FEKETE &#8211; 600201<\/h1>\n<\/div>\n<\/div>\n<p class=\"section-title\">NORTENE LEAF PROTEC ERESZCSATORNA V\u00c9D\u0150 H\u00c1L\u00d3 &#8211; 17cm\u00a0 X 6 m\u00e9ter &#8211; FEKETE<\/p>\n<div class=\"mt-2 color-brown text-lg\">Ha otthon\u00e1ban a csatorn\u00e1k hajlamosak elt\u00f6m\u0151dni lev\u00e9llel \u00e9s m\u00e1s n\u00f6v\u00e9nyi hullad\u00e9kkal, ezzel megakad\u00e1lyozva a v\u00edz megfelel\u0151 \u00e1raml\u00e1s\u00e1t, akkor itt egy nagyon praktikus megold\u00e1s: a LEAF PROTEC ERESZCSATORNA V\u00c9D\u0150 H\u00c1L\u00d3<\/div>\n<div id=\"bodyContent\" class=\"mw-body-content\">\n<div id=\"mw-content-text\" class=\"mw-content-ltr\" dir=\"ltr\" lang=\"hu\">\n<div id=\"bodyContent\" class=\"mw-body-content\">\n<div id=\"mw-content-text\" class=\"mw-content-ltr\" dir=\"ltr\" lang=\"hu\">\n<p>Anyaga: PE (polietil\u00e9n), UV \u00e1ll\u00f3, \u00edgy a napsug\u00e1rz\u00e1snak \u00e9s az id\u0151j\u00e1r\u00e1s viszontags\u00e1gainak is ellen\u00e1ll.<\/p>\n<p>46 cm-enk\u00e9nt aj\u00e1nlott a r\u00f6gz\u00edt\u0151 kapocs haszn\u00e1lata. <strong>A tekercsben 13 darab r\u00f6gz\u00edt\u0151 tal\u00e1lhat\u00f3.<\/strong><\/p>\n<p>Kisz\u00e1ll\u00edt\u00e1s: 200 cm \u00e9s 40 kg is a sz\u00e1ll\u00edt\u00e1s fut\u00e1rszolg\u00e1lattal t\u00f6rt\u00e9nik.<\/p>\n<\/div>\n<\/div>\n<\/div>\n<\/div>\n<p style=\"line-height: 18.0pt; background: white; margin: 0cm 0cm 15.0pt 0cm;\"><b><span style=\"font-family: 'Ubuntu',serif; color: black;\">K\u00e9szlet\u00fcnk napi szinten v\u00e1ltozik, ez\u00e9rt k\u00e9rj\u00fck, \u00e9rdekl\u0151dj\u00f6n szem\u00e9lyesen, telefonon vagy email-en.<br \/>\nA v\u00e1ltoztat\u00e1s jog\u00e1t fenntartjuk!\u00a0<\/span><\/b><span style=\"color: #ffffff;\">A <\/span><\/p>\n<p><a href=\"https:\/\/tajkertesz.com\/\">https:\/\/tajkertesz.com\/<\/a><\/p>\n<p><a href=\"https:\/\/www.facebook.com\/tajkertesz\/\">https:\/\/www.facebook.com\/tajkertesz\/<\/a><\/p>\n<h6><span style=\"color: #ffffff;\">\u00a01961-es megalakul\u00e1sa \u00f3ta a kerttulajdonosok, vir\u00e1gos teraszokkal \u00e9s z\u00f6ld bels\u0151 terekkel rendelkez\u0151k m\u00e1rk\u00e1ja. Alapvet\u0151 c\u00e9lja \u00e9vr\u0151l-\u00e9vre, hogy a<strong>\u00a0kertberendez\u00e9s, a kerti dekor\u00e1ci\u00f3 \u00e9s a hobby kert\u00e9szet\u00a0<\/strong>term\u00e9keivel piacvezet\u0151 legyen. K\u00edn\u00e1lata k\u00f6z\u00f6tt megtal\u00e1lhat\u00f3k az\u00a0<strong>\u00e1rny\u00e9kol\u00f3h\u00e1l\u00f3k, kerti r\u00e1csok, m\u0171f\u00fcvek, sz\u00fanyogh\u00e1l\u00f3k, t\u00e9relv\u00e1laszt\u00f3k, kert\u00e9szeti f\u00f3li\u00e1k, kar\u00f3k \u00e9s kerti dekor\u00e1ci\u00f3k.\u00a0<\/strong>A Nortene 1961-es megalakul\u00e1sa \u00f3ta a kerttulajdonosok, vir\u00e1gos teraszokkal \u00e9s z\u00f6ld bels\u0151 terekkel rendelkez\u0151k m\u00e1rk\u00e1ja. Alapvet\u0151 c\u00e9lja \u00e9vr\u0151l-\u00e9vre, hogy a<strong>\u00a0kertberendez\u00e9s, a kerti dekor\u00e1ci\u00f3 \u00e9s a hobby kert\u00e9szet\u00a0<\/strong>term\u00e9keivel piacvezet\u0151 legyen. K\u00edn\u00e1lata k\u00f6z\u00f6tt megtal\u00e1lhat\u00f3k az\u00a0<strong>\u00e1rny\u00e9kol\u00f3h\u00e1l\u00f3k, kerti r\u00e1csok, m\u0171f\u00fcvek, sz\u00fanyogh\u00e1l\u00f3k, t\u00e9relv\u00e1laszt\u00f3k, kert\u00e9szeti f\u00f3li\u00e1k, kar\u00f3k \u00e9s kerti dekor\u00e1ci\u00f3k.\u00a0<\/strong>T\u00e1maszok, kar\u00f3k a n\u00f6v\u00e9nyek ig\u00e9nyeire szabva:A n\u00f6v\u00e9nygondoz\u00e1s sor\u00e1n sokszor sz\u00fcks\u00e9g van arra, hogy a n\u00f6v\u00e9nyeket kit\u00e1masszuk annak \u00e9r<\/span><\/h6>\n<div id=\"bodyContent\" class=\"mw-body-content\">\n<div id=\"mw-content-text\" class=\"mw-content-ltr\" dir=\"ltr\" lang=\"hu\">\n<div id=\"bodyContent\" class=\"mw-body-content\">\n<div id=\"mw-content-text\" class=\"mw-content-ltr\" dir=\"ltr\" lang=\"hu\"><\/div>\n<\/div>\n<\/div>\n<\/div>\n<p>&nbsp;<\/p>","protected":false},"excerpt":{"rendered":"<h3 class=\"section-title\"><\/h3>\n<p style=\"text-align: center;\">Ha otthon\u00e1ban a csatorn\u00e1k hajlamosak elt\u00f6m\u0151dni lev\u00e9llel \u00e9s m\u00e1s n\u00f6v\u00e9nyi hullad\u00e9kkal, ezzel megakad\u00e1lyozva a v\u00edz megfelel\u0151 \u00e1raml\u00e1s\u00e1t, akkor itt egy nagyon praktikus megold\u00e1s:<\/p>\n<p style=\"text-align: center;\">a LEAF PROTEC ERESZCSATORNA V\u00c9D\u0150 H\u00c1L\u00d3.<\/p>\n<p style=\"text-align: center;\">Anyaga: PE (polietil\u00e9n), UV \u00e1ll\u00f3, \u00edgy a napsug\u00e1rz\u00e1snak \u00e9s az id\u0151j\u00e1r\u00e1s viszontags\u00e1gainak is ellen\u00e1ll.<\/p>\n<h3 style=\"text-align: center;\">46 cm-enk\u00e9nt aj\u00e1nlott a r\u00f6gz\u00edt\u0151 kapocs haszn\u00e1lata.<\/h3>\n<h3 style=\"text-align: center;\"><strong>A tekercsben 13 darab r\u00f6gz\u00edt\u0151 tal\u00e1lhat\u00f3.<\/strong><\/h3>\n<p style=\"text-align: center;\">","protected":false},"featured_media":7890,"template":"","meta":{"_et_pb_use_builder":"","_et_pb_old_content":"","_et_gb_content_width":""},"product_brand":[],"product_cat":[1539],"product_tag":[3877,3876,1092,3881,3880,3878,3879,3882,3883],"class_list":{"0":"post-7889","1":"product","2":"type-product","3":"status-publish","4":"has-post-thumbnail","6":"product_cat-kellekek","7":"product_tag-csatornavedo","8":"product_tag-eresz","9":"product_tag-ereszhalo","10":"product_tag-ereszracs","11":"product_tag-ereszre-halo","12":"product_tag-falevel-eldulas","13":"product_tag-halo-rogzitovel","14":"product_tag-nortene-leaf-protec-ereszcsatorna-vedo-halo","15":"product_tag-vedo-halo","17":"first","18":"instock","19":"shipping-taxable","20":"purchasable","21":"product-type-simple"},"yoast_head":"<!-- This site is optimized with the Yoast SEO plugin v27.4 - https:\/\/yoast.com\/product\/yoast-seo-wordpress\/ -->\n<title>NORTENE LEAF PROTEC ERESZCSATORNA V\u00c9D\u0150 H\u00c1L\u00d3 - 17 cm X 6 m\u00e9ter - FEKETE - 600201 - T\u00e1jkert\u00e9sz<\/title>\n<meta name=\"description\" content=\"Ha otthon\u00e1ban a csatorn\u00e1k hajlamosak elt\u00f6m\u0151dni lev\u00e9llel \u00e9s m\u00e1s n\u00f6v\u00e9nyi hullad\u00e9kkal, akkor itt is a megold\u00e1s: NORTENE LEAF PROTEC ERESZCSATORNA V\u00c9D\u0150 H\u00c1L\u00d3!!!\" \/>\n<meta name=\"robots\" content=\"index, follow, max-snippet:-1, max-image-preview:large, max-video-preview:-1\" \/>\n<link rel=\"canonical\" href=\"https:\/\/tajkertesz.com\/en_US\/product\/leaf-protec-ereszcsatorna-vedo-halo\/\" \/>\n<meta property=\"og:locale\" content=\"en_US\" \/>\n<meta property=\"og:type\" content=\"article\" \/>\n<meta property=\"og:title\" content=\"NORTENE LEAF PROTEC ERESZCSATORNA V\u00c9D\u0150 H\u00c1L\u00d3 - 17 cm X 6 m\u00e9ter - FEKETE - 600201 - T\u00e1jkert\u00e9sz\" \/>\n<meta property=\"og:description\" content=\"Ha otthon\u00e1ban a csatorn\u00e1k hajlamosak elt\u00f6m\u0151dni lev\u00e9llel \u00e9s m\u00e1s n\u00f6v\u00e9nyi hullad\u00e9kkal, akkor itt is a megold\u00e1s: NORTENE LEAF PROTEC ERESZCSATORNA V\u00c9D\u0150 H\u00c1L\u00d3!!!\" \/>\n<meta property=\"og:url\" content=\"https:\/\/tajkertesz.com\/en_US\/product\/leaf-protec-ereszcsatorna-vedo-halo\/\" \/>\n<meta property=\"og:site_name\" content=\"T\u00e1jkert\u00e9sz\" \/>\n<meta property=\"article:publisher\" content=\"https:\/\/www.facebook.com\/Tajkertesz\/\" \/>\n<meta property=\"article:modified_time\" content=\"2023-08-01T13:14:07+00:00\" \/>\n<meta property=\"og:image\" content=\"https:\/\/tajkertesz.com\/wp-content\/uploads\/2021\/08\/140084A.jpg-478x430-1.jpg\" \/>\n\t<meta property=\"og:image:width\" content=\"478\" \/>\n\t<meta property=\"og:image:height\" content=\"430\" \/>\n\t<meta property=\"og:image:type\" content=\"image\/jpeg\" \/>\n<meta name=\"twitter:card\" content=\"summary_large_image\" \/>\n<meta name=\"twitter:label1\" content=\"Est. reading time\" \/>\n\t<meta name=\"twitter:data1\" content=\"2 minutes\" \/>\n<script type=\"application\/ld+json\" class=\"yoast-schema-graph\">{\"@context\":\"https:\\\/\\\/schema.org\",\"@graph\":[{\"@type\":\"WebPage\",\"@id\":\"https:\\\/\\\/tajkertesz.com\\\/termek\\\/leaf-protec-ereszcsatorna-vedo-halo\\\/\",\"url\":\"https:\\\/\\\/tajkertesz.com\\\/termek\\\/leaf-protec-ereszcsatorna-vedo-halo\\\/\",\"name\":\"NORTENE LEAF PROTEC ERESZCSATORNA V\u00c9D\u0150 H\u00c1L\u00d3 - 17 cm X 6 m\u00e9ter - FEKETE - 600201 - T\u00e1jkert\u00e9sz\",\"isPartOf\":{\"@id\":\"https:\\\/\\\/tajkertesz.com\\\/#website\"},\"primaryImageOfPage\":{\"@id\":\"https:\\\/\\\/tajkertesz.com\\\/termek\\\/leaf-protec-ereszcsatorna-vedo-halo\\\/#primaryimage\"},\"image\":{\"@id\":\"https:\\\/\\\/tajkertesz.com\\\/termek\\\/leaf-protec-ereszcsatorna-vedo-halo\\\/#primaryimage\"},\"thumbnailUrl\":\"https:\\\/\\\/tajkertesz.com\\\/wp-content\\\/uploads\\\/2021\\\/08\\\/140084A.jpg-478x430-1.jpg\",\"datePublished\":\"2021-08-02T10:47:23+00:00\",\"dateModified\":\"2023-08-01T13:14:07+00:00\",\"description\":\"Ha otthon\u00e1ban a csatorn\u00e1k hajlamosak elt\u00f6m\u0151dni lev\u00e9llel \u00e9s m\u00e1s n\u00f6v\u00e9nyi hullad\u00e9kkal, akkor itt is a megold\u00e1s: NORTENE LEAF PROTEC ERESZCSATORNA V\u00c9D\u0150 H\u00c1L\u00d3!!!\",\"breadcrumb\":{\"@id\":\"https:\\\/\\\/tajkertesz.com\\\/termek\\\/leaf-protec-ereszcsatorna-vedo-halo\\\/#breadcrumb\"},\"inLanguage\":\"en-US\",\"potentialAction\":[{\"@type\":\"ReadAction\",\"target\":[\"https:\\\/\\\/tajkertesz.com\\\/termek\\\/leaf-protec-ereszcsatorna-vedo-halo\\\/\"]}]},{\"@type\":\"ImageObject\",\"inLanguage\":\"en-US\",\"@id\":\"https:\\\/\\\/tajkertesz.com\\\/termek\\\/leaf-protec-ereszcsatorna-vedo-halo\\\/#primaryimage\",\"url\":\"https:\\\/\\\/tajkertesz.com\\\/wp-content\\\/uploads\\\/2021\\\/08\\\/140084A.jpg-478x430-1.jpg\",\"contentUrl\":\"https:\\\/\\\/tajkertesz.com\\\/wp-content\\\/uploads\\\/2021\\\/08\\\/140084A.jpg-478x430-1.jpg\",\"width\":478,\"height\":430},{\"@type\":\"BreadcrumbList\",\"@id\":\"https:\\\/\\\/tajkertesz.com\\\/termek\\\/leaf-protec-ereszcsatorna-vedo-halo\\\/#breadcrumb\",\"itemListElement\":[{\"@type\":\"ListItem\",\"position\":1,\"name\":\"Home\",\"item\":\"https:\\\/\\\/tajkertesz.com\\\/\"},{\"@type\":\"ListItem\",\"position\":2,\"name\":\"Kezd\u0151lap\",\"item\":\"https:\\\/\\\/tajkertesz.com\\\/\"},{\"@type\":\"ListItem\",\"position\":3,\"name\":\"NORTENE LEAF PROTEC ERESZCSATORNA V\u00c9D\u0150 H\u00c1L\u00d3 &#8211; 17 cm X 6 m\u00e9ter &#8211; FEKETE &#8211; 600201\"}]},{\"@type\":\"WebSite\",\"@id\":\"https:\\\/\\\/tajkertesz.com\\\/#website\",\"url\":\"https:\\\/\\\/tajkertesz.com\\\/\",\"name\":\"T\u00e1j-Kert\u00e9sz 84 Kft.\",\"description\":\"Kert\u00e9szeti kis- \u00e9s nagykeresked\u00e9s, D\u00edszn\u00f6v\u00e9ny web\u00e1ruh\u00e1z orsz\u00e1gos h\u00e1zhozsz\u00e1ll\u00edt\u00e1ssal!\",\"publisher\":{\"@id\":\"https:\\\/\\\/tajkertesz.com\\\/#organization\"},\"potentialAction\":[{\"@type\":\"SearchAction\",\"target\":{\"@type\":\"EntryPoint\",\"urlTemplate\":\"https:\\\/\\\/tajkertesz.com\\\/?s={search_term_string}\"},\"query-input\":{\"@type\":\"PropertyValueSpecification\",\"valueRequired\":true,\"valueName\":\"search_term_string\"}}],\"inLanguage\":\"en-US\"},{\"@type\":\"Organization\",\"@id\":\"https:\\\/\\\/tajkertesz.com\\\/#organization\",\"name\":\"T\u00e1j-Kert\u00e9sz 84 Kft.\",\"url\":\"https:\\\/\\\/tajkertesz.com\\\/\",\"logo\":{\"@type\":\"ImageObject\",\"inLanguage\":\"en-US\",\"@id\":\"https:\\\/\\\/tajkertesz.com\\\/#\\\/schema\\\/logo\\\/image\\\/\",\"url\":\"https:\\\/\\\/tajkertesz.com\\\/wp-content\\\/uploads\\\/2018\\\/02\\\/logo-2-e1518678052539.png\",\"contentUrl\":\"https:\\\/\\\/tajkertesz.com\\\/wp-content\\\/uploads\\\/2018\\\/02\\\/logo-2-e1518678052539.png\",\"width\":81,\"height\":140,\"caption\":\"T\u00e1j-Kert\u00e9sz 84 Kft.\"},\"image\":{\"@id\":\"https:\\\/\\\/tajkertesz.com\\\/#\\\/schema\\\/logo\\\/image\\\/\"},\"sameAs\":[\"https:\\\/\\\/www.facebook.com\\\/Tajkertesz\\\/\"]}]}<\/script>\n<!-- \/ Yoast SEO plugin. -->","yoast_head_json":{"title":"NORTENE LEAF PROTEC ERESZCSATORNA V\u00c9D\u0150 H\u00c1L\u00d3 - 17 cm X 6 m\u00e9ter - FEKETE - 600201 - T\u00e1jkert\u00e9sz","description":"Ha otthon\u00e1ban a csatorn\u00e1k hajlamosak elt\u00f6m\u0151dni lev\u00e9llel \u00e9s m\u00e1s n\u00f6v\u00e9nyi hullad\u00e9kkal, akkor itt is a megold\u00e1s: NORTENE LEAF PROTEC ERESZCSATORNA V\u00c9D\u0150 H\u00c1L\u00d3!!!","robots":{"index":"index","follow":"follow","max-snippet":"max-snippet:-1","max-image-preview":"max-image-preview:large","max-video-preview":"max-video-preview:-1"},"canonical":"https:\/\/tajkertesz.com\/en_US\/product\/leaf-protec-ereszcsatorna-vedo-halo\/","og_locale":"en_US","og_type":"article","og_title":"NORTENE LEAF PROTEC ERESZCSATORNA V\u00c9D\u0150 H\u00c1L\u00d3 - 17 cm X 6 m\u00e9ter - FEKETE - 600201 - T\u00e1jkert\u00e9sz","og_description":"Ha otthon\u00e1ban a csatorn\u00e1k hajlamosak elt\u00f6m\u0151dni lev\u00e9llel \u00e9s m\u00e1s n\u00f6v\u00e9nyi hullad\u00e9kkal, akkor itt is a megold\u00e1s: NORTENE LEAF PROTEC ERESZCSATORNA V\u00c9D\u0150 H\u00c1L\u00d3!!!","og_url":"https:\/\/tajkertesz.com\/en_US\/product\/leaf-protec-ereszcsatorna-vedo-halo\/","og_site_name":"T\u00e1jkert\u00e9sz","article_publisher":"https:\/\/www.facebook.com\/Tajkertesz\/","article_modified_time":"2023-08-01T13:14:07+00:00","og_image":[{"width":478,"height":430,"url":"https:\/\/tajkertesz.com\/wp-content\/uploads\/2021\/08\/140084A.jpg-478x430-1.jpg","type":"image\/jpeg"}],"twitter_card":"summary_large_image","twitter_misc":{"Est. reading time":"2 minutes"},"schema":{"@context":"https:\/\/schema.org","@graph":[{"@type":"WebPage","@id":"https:\/\/tajkertesz.com\/termek\/leaf-protec-ereszcsatorna-vedo-halo\/","url":"https:\/\/tajkertesz.com\/termek\/leaf-protec-ereszcsatorna-vedo-halo\/","name":"NORTENE LEAF PROTEC ERESZCSATORNA V\u00c9D\u0150 H\u00c1L\u00d3 - 17 cm X 6 m\u00e9ter - FEKETE - 600201 - T\u00e1jkert\u00e9sz","isPartOf":{"@id":"https:\/\/tajkertesz.com\/#website"},"primaryImageOfPage":{"@id":"https:\/\/tajkertesz.com\/termek\/leaf-protec-ereszcsatorna-vedo-halo\/#primaryimage"},"image":{"@id":"https:\/\/tajkertesz.com\/termek\/leaf-protec-ereszcsatorna-vedo-halo\/#primaryimage"},"thumbnailUrl":"https:\/\/tajkertesz.com\/wp-content\/uploads\/2021\/08\/140084A.jpg-478x430-1.jpg","datePublished":"2021-08-02T10:47:23+00:00","dateModified":"2023-08-01T13:14:07+00:00","description":"Ha otthon\u00e1ban a csatorn\u00e1k hajlamosak elt\u00f6m\u0151dni lev\u00e9llel \u00e9s m\u00e1s n\u00f6v\u00e9nyi hullad\u00e9kkal, akkor itt is a megold\u00e1s: NORTENE LEAF PROTEC ERESZCSATORNA V\u00c9D\u0150 H\u00c1L\u00d3!!!","breadcrumb":{"@id":"https:\/\/tajkertesz.com\/termek\/leaf-protec-ereszcsatorna-vedo-halo\/#breadcrumb"},"inLanguage":"en-US","potentialAction":[{"@type":"ReadAction","target":["https:\/\/tajkertesz.com\/termek\/leaf-protec-ereszcsatorna-vedo-halo\/"]}]},{"@type":"ImageObject","inLanguage":"en-US","@id":"https:\/\/tajkertesz.com\/termek\/leaf-protec-ereszcsatorna-vedo-halo\/#primaryimage","url":"https:\/\/tajkertesz.com\/wp-content\/uploads\/2021\/08\/140084A.jpg-478x430-1.jpg","contentUrl":"https:\/\/tajkertesz.com\/wp-content\/uploads\/2021\/08\/140084A.jpg-478x430-1.jpg","width":478,"height":430},{"@type":"BreadcrumbList","@id":"https:\/\/tajkertesz.com\/termek\/leaf-protec-ereszcsatorna-vedo-halo\/#breadcrumb","itemListElement":[{"@type":"ListItem","position":1,"name":"Home","item":"https:\/\/tajkertesz.com\/"},{"@type":"ListItem","position":2,"name":"Kezd\u0151lap","item":"https:\/\/tajkertesz.com\/"},{"@type":"ListItem","position":3,"name":"NORTENE LEAF PROTEC ERESZCSATORNA V\u00c9D\u0150 H\u00c1L\u00d3 &#8211; 17 cm X 6 m\u00e9ter &#8211; FEKETE &#8211; 600201"}]},{"@type":"WebSite","@id":"https:\/\/tajkertesz.com\/#website","url":"https:\/\/tajkertesz.com\/","name":"T\u00e1j-Kert\u00e9sz 84 Kft.","description":"Kert\u00e9szeti kis- \u00e9s nagykeresked\u00e9s, D\u00edszn\u00f6v\u00e9ny web\u00e1ruh\u00e1z orsz\u00e1gos h\u00e1zhozsz\u00e1ll\u00edt\u00e1ssal!","publisher":{"@id":"https:\/\/tajkertesz.com\/#organization"},"potentialAction":[{"@type":"SearchAction","target":{"@type":"EntryPoint","urlTemplate":"https:\/\/tajkertesz.com\/?s={search_term_string}"},"query-input":{"@type":"PropertyValueSpecification","valueRequired":true,"valueName":"search_term_string"}}],"inLanguage":"en-US"},{"@type":"Organization","@id":"https:\/\/tajkertesz.com\/#organization","name":"T\u00e1j-Kert\u00e9sz 84 Kft.","url":"https:\/\/tajkertesz.com\/","logo":{"@type":"ImageObject","inLanguage":"en-US","@id":"https:\/\/tajkertesz.com\/#\/schema\/logo\/image\/","url":"https:\/\/tajkertesz.com\/wp-content\/uploads\/2018\/02\/logo-2-e1518678052539.png","contentUrl":"https:\/\/tajkertesz.com\/wp-content\/uploads\/2018\/02\/logo-2-e1518678052539.png","width":81,"height":140,"caption":"T\u00e1j-Kert\u00e9sz 84 Kft."},"image":{"@id":"https:\/\/tajkertesz.com\/#\/schema\/logo\/image\/"},"sameAs":["https:\/\/www.facebook.com\/Tajkertesz\/"]}]}},"_links":{"self":[{"href":"https:\/\/tajkertesz.com\/en_US\/wp-json\/wp\/v2\/product\/7889","targetHints":{"allow":["GET"]}}],"collection":[{"href":"https:\/\/tajkertesz.com\/en_US\/wp-json\/wp\/v2\/product"}],"about":[{"href":"https:\/\/tajkertesz.com\/en_US\/wp-json\/wp\/v2\/types\/product"}],"wp:featuredmedia":[{"embeddable":true,"href":"https:\/\/tajkertesz.com\/en_US\/wp-json\/wp\/v2\/media\/7890"}],"wp:attachment":[{"href":"https:\/\/tajkertesz.com\/en_US\/wp-json\/wp\/v2\/media?parent=7889"}],"wp:term":[{"taxonomy":"product_brand","embeddable":true,"href":"https:\/\/tajkertesz.com\/en_US\/wp-json\/wp\/v2\/product_brand?post=7889"},{"taxonomy":"product_cat","embeddable":true,"href":"https:\/\/tajkertesz.com\/en_US\/wp-json\/wp\/v2\/product_cat?post=7889"},{"taxonomy":"product_tag","embeddable":true,"href":"https:\/\/tajkertesz.com\/en_US\/wp-json\/wp\/v2\/product_tag?post=7889"}],"curies":[{"name":"wp","href":"https:\/\/api.w.org\/{rel}","templated":true}]}}