{"id":7960,"date":"2021-08-16T09:51:03","date_gmt":"2021-08-16T09:51:03","guid":{"rendered":"https:\/\/tajkertesz.com\/?post_type=product&#038;p=7960"},"modified":"2026-02-21T10:01:59","modified_gmt":"2026-02-21T10:01:59","slug":"aronia-melanocarpa-hugin-fekete-berkenye","status":"publish","type":"product","link":"https:\/\/tajkertesz.com\/en_US\/product\/aronia-melanocarpa-hugin-fekete-berkenye\/","title":{"rendered":"Aronia melanocarpa &#8216;Hugin&#8217; &#8211; Fekete berkenye"},"content":{"rendered":"<h3 class=\"LC20lb DKV0Md\">Aronia melanocarpa &#8216;Hugin&#8217; &#8211; Fekete berkenye<\/h3>\n<div class=\"prod_options\">\n<div class=\"selectmenu sizeselect\">\n<p data-start=\"857\" data-end=\"1085\">Az <strong data-start=\"860\" data-end=\"890\">Aronia melanocarpa \u2018Hugin\u2019<\/strong> egy rendk\u00edv\u00fcl \u00e9rt\u00e9kes <strong data-start=\"913\" data-end=\"938\">fekete berkenye fajta<\/strong>, amely kiv\u00e1l\u00f3 term\u0151k\u00e9pess\u00e9g\u00e9vel \u00e9s eg\u00e9szs\u00e9gv\u00e9d\u0151 hat\u00e1s\u00fa gy\u00fcm\u00f6lcseivel v\u00e1lt n\u00e9pszer\u0171v\u00e9. Bokra k\u00f6z\u00e9per\u0151s n\u00f6veked\u00e9s\u0171, rendszeresen \u00e9s b\u0151s\u00e9gesen terem.<\/p>\n<p data-start=\"1087\" data-end=\"1326\">Term\u00e9sei kism\u00e9ret\u0171ek, f\u00e9nyes feket\u00e9k, enyh\u00e9n fanyar \u00edz\u0171ek, rendk\u00edv\u00fcl magas antioxid\u00e1ns-, vitamin- \u00e9s \u00e1sv\u00e1nyianyag-tartalommal rendelkeznek. Kiv\u00e1l\u00f3 alapanyag gy\u00fcm\u00f6lcsl\u00e9, sz\u00f6rp, lekv\u00e1r, dzsem, bor, valamint fagyasztott term\u00e9kek k\u00e9sz\u00edt\u00e9s\u00e9hez.<\/p>\n<p data-start=\"1328\" data-end=\"1499\">A \u2018Hugin\u2019 fajta j\u00f3l t\u0171ri a hideget, sz\u00e1razs\u00e1gt\u0171r\u0151 \u00e9s betegs\u00e9gekkel szemben kifejezetten ellen\u00e1ll\u00f3. Napos vagy f\u00e9l\u00e1rny\u00e9kos fekv\u00e9sben, szinte b\u00e1rmilyen talajon j\u00f3l fejl\u0151dik.<\/p>\n<h4><strong>\ud83d\udd04 K\u00e9szletinform\u00e1ci\u00f3<\/strong><\/h4>\n<p><strong>K\u00e9szlet\u00fcnk napi szinten v\u00e1ltozik, \u00edgy a webshopban szerepl<\/strong><strong>\u0151<\/strong><strong>\u00a0term\u00e9kek el\u00e9rhet<\/strong><strong>\u0151<\/strong><strong>s\u00e9ge nem garant\u00e1lt.<br \/>\n\ud83d\udcde A megrendel\u00e9s el<\/strong><strong>\u0151<\/strong><strong>tt k\u00e9rj\u00fck, \u00e9rdekl<\/strong><strong>\u0151<\/strong><strong>dj\u00f6n szem\u00e9lyesen, telefonon vagy e-mailben!<\/strong><\/p>\n<h4><strong>\u27a1\ufe0f Kapcsolat:<\/strong><\/h4>\n<ul>\n<li><strong>Weboldal:\u00a0<\/strong><a href=\"https:\/\/tajkertesz.com\/\"><strong>tajkertesz.com<\/strong><\/a><\/li>\n<li><strong>Facebook:\u00a0<\/strong><a href=\"https:\/\/www.facebook.com\/tajkertesz\/\"><strong>facebook.com\/tajkertesz<\/strong><\/a><\/li>\n<li><strong>Telefonsz\u00e1m, e-mail: +36\/20-319-3770\u00a0<\/strong><a href=\"mailto:tajkerteszaruda@gmail.com\"><strong>tajkerteszaruda@gmail.com<\/strong><\/a><\/li>\n<\/ul>\n<h4><strong>\ud83d\ude9a Sz\u00e1ll\u00edt\u00e1si inform\u00e1ci\u00f3k<\/strong><\/h4>\n<p><strong>A megrendelt n\u00f6v\u00e9nyek kisz\u00e1ll\u00edt\u00e1sa az al\u00e1bbi felt\u00e9telek mellett t\u00f6rt\u00e9nik:<\/strong><\/p>\n<h4><strong>\ud83d\udce6 Fut\u00e1rszolg\u00e1latos sz\u00e1ll\u00edt\u00e1s<\/strong><\/h4>\n<ul>\n<li><strong>Maxim\u00e1lis m\u00e9ret: 200 cm (hossz\u00fas\u00e1g)<\/strong><\/li>\n<li><strong>Maxim\u00e1lis s\u00faly: 40 kg<\/strong><\/li>\n<li><strong>Az enn\u00e9l kisebb \u00e9s k\u00f6nnyebb csomagokat fut\u00e1rszolg\u00e1lattal k\u00e9zbes\u00edtj\u00fck a lehet<\/strong><strong>\u0151<\/strong><strong>\u00a0legbiztons\u00e1gosabb csomagol\u00e1sban.<\/strong><\/li>\n<\/ul>\n<h4><strong>\ud83d\udefb Szem\u00e9lyes \u00e1tv\u00e9tel<\/strong><\/h4>\n<ul>\n<li><strong>1173 Budapest, Bakancsos utca 7. sz\u00e1m alatt nyitvatart\u00e1si id<\/strong><strong>\u0151<\/strong><strong>ben szem\u00e9lyesen \u00e1tvehet<\/strong><strong>\u0151<\/strong><strong>\u00a0kert\u00e9szeti \u00e1rud\u00e1nkban.<\/strong><\/li>\n<li><strong>K\u00f6lts\u00e9ghat\u00e9kony megold\u00e1s nagyobb, t\u00f6r\u00e9kenyebb vagy t\u00falm\u00e9retes n\u00f6v\u00e9nyek eset\u00e9n.<\/strong><\/li>\n<\/ul>\n<h4><strong>\ud83d\udcde Nagy m\u00e9ret<\/strong><strong>\u0171<\/strong><strong>\u00a0vagy s\u00faly\u00fa n\u00f6v\u00e9nyek eset\u00e9n<\/strong><\/h4>\n<p><strong>Ha a term\u00e9k:<\/strong><\/p>\n<ul>\n<li><strong>meghaladja a 200 cm hossz\u00fas\u00e1got vagy<\/strong><\/li>\n<li><strong>meghaladja a 40 kg s\u00falyt,<\/strong><\/li>\n<\/ul>\n<p><strong>akkor szem\u00e9lyes \u00e1tv\u00e9tellel vagy egyedi, el<\/strong><strong>\u0151<\/strong><strong>re egyeztetett sz\u00e1ll\u00edt\u00e1si felt\u00e9telek mellett t\u00f6rt\u00e9nik.<br \/>\nK\u00e9rj\u00fck, ilyen esetben rendel\u00e9s el<\/strong><strong>\u0151<\/strong><strong>tt vegye fel vel\u00fcnk a kapcsolatot, hogy a lehet<\/strong><strong>\u0151<\/strong><strong>\u00a0legmegfelel<\/strong><strong>\u0151<\/strong><strong>bb sz\u00e1ll\u00edt\u00e1si megold\u00e1st k\u00edn\u00e1lhassuk.<\/strong><\/p>\n<p><strong>\ud83d\udd14 Fontos: A n\u00f6v\u00e9nyeket minden esetben igyeksz\u00fcnk gondosan, egyes\u00e9vel csomagolni, azonban a sz\u00e1ll\u00edt\u00e1s sor\u00e1n kisebb eszt\u00e9tikai s\u00e9r\u00fcl\u00e9sek el<\/strong><strong>\u0151<\/strong><strong>fordulhatnak (pl. lev\u00e9lhull\u00e1s). Ez nem min<\/strong><strong>\u0151<\/strong><strong>s\u00fcl hib\u00e1s teljes\u00edt\u00e9snek.<\/strong><\/p>\n<h4><strong>\ud83d\udcf7 Fontos tudni a k\u00e9pekr<\/strong><strong>\u0151<\/strong><strong>l<\/strong><\/h4>\n<p><strong>A webshopban szerepl<\/strong><strong>\u0151<\/strong><strong>\u00a0k\u00e9pek illusztr\u00e1ci\u00f3k, a n\u00f6v\u00e9nyek term\u00e9szet\u00fckn\u00e9l fogva egyediek, \u00edgy m\u00e9retben, alakban \u00e9s sz\u00ednben minim\u00e1lis elt\u00e9r\u00e9sek el<\/strong><strong>\u0151<\/strong><strong>fordulhatnak a k\u00e9pen l\u00e1that\u00f3 \u00e9s a val\u00f3s p\u00e9ld\u00e1nyok k\u00f6z\u00f6tt.<\/strong><\/p>\n<h4><strong>\ud83e\uddfe \u00c1rak \u00e9s el\u00e1ll\u00e1si jog<\/strong><\/h4>\n<ul>\n<li><strong>Az \u00e1rak egy darab\u00a0n\u00f6v\u00e9nyre vonatkoznak.<\/strong><\/li>\n<li><strong>\u00c9l<\/strong><strong>\u0151<\/strong><strong>\u00a0n\u00f6v\u00e9nyek rendel\u00e9se eset\u00e9n a 14 napos el\u00e1ll\u00e1s joga nem \u00e9rv\u00e9nyes\u00edthet<\/strong><strong>\u0151<\/strong><strong>, mivel azok romland\u00f3, biol\u00f3giailag \u00e9l<\/strong><strong>\u0151<\/strong><strong>\u00a0term\u00e9keknek min<\/strong><strong>\u0151<\/strong><strong>s\u00fclnek.<br \/>\n\ud83d\udd12 (17\/1999. (II. 5.) Korm. rendelet 5. \u00a7 c) pontja alapj\u00e1n)<\/strong><\/li>\n<\/ul>\n<h4><strong>\ud83d\udce6 K\u00e9zbes\u00edt\u00e9s ut\u00e1ni teend<\/strong><strong>\u0151<\/strong><strong>k<\/strong><\/h4>\n<p><strong>A k\u00e9zbes\u00edt\u00e9st k\u00f6vet<\/strong><strong>\u0151<\/strong><strong>en a csomagot azonnal bontsuk ki, \u00e9s a n\u00f6v\u00e9nyt helyezz\u00fck el megfelel<\/strong><strong>\u0151<\/strong><strong>\u00a0k\u00f6rnyezetben.<br \/>\nFontos: ha a n\u00f6v\u00e9ny nem r\u00e9szes\u00fcl megfelel<\/strong><strong>\u0151<\/strong><strong>\u00a0gondoz\u00e1sban \u00e9s ennek k\u00f6vetkezt\u00e9ben k\u00e1rosodik vagy elpusztul, felel<\/strong><strong>\u0151<\/strong><strong>ss\u00e9get nem tudunk v\u00e1llalni.<\/strong><\/p>\n<p><strong>\u00a0<\/strong><\/p>\n<\/div>\n<\/div>","protected":false},"excerpt":{"rendered":"<p data-start=\"675\" data-end=\"809\">A <strong data-start=\"677\" data-end=\"688\">\u2018Hugin\u2019<\/strong> fekete berkenye egy megb\u00edzhat\u00f3, b\u0151term\u0151 \u00e9s ellen\u00e1ll\u00f3 fajta. Apr\u00f3, fekete bogy\u00f3i magas antioxid\u00e1ns-tartalmukr\u00f3l ismertek.<\/p>\n<p data-start=\"675\" data-end=\"809\">M\u00e9rete: 40\/60 cm magas, 9&#215;9 cm-es kont\u00e9nerben.<\/p>","protected":false},"featured_media":7962,"template":"","meta":{"_et_pb_use_builder":"","_et_pb_old_content":"","_et_gb_content_width":""},"product_brand":[],"product_cat":[29],"product_tag":[7069,3994,7767,7768,7770,3993,7100,7769],"class_list":{"0":"post-7960","1":"product","2":"type-product","3":"status-publish","4":"has-post-thumbnail","6":"product_cat-gyumolcsfak-gyumolcstermo-novenyek","7":"product_tag-antioxidans-gyumolcs","8":"product_tag-aronia","9":"product_tag-aronia-bokor","10":"product_tag-aronia-melanocarpa","11":"product_tag-botermo-aronia","12":"product_tag-fekete-berkenye","13":"product_tag-gyumolcstermo-bokor","14":"product_tag-hugin-aronia","16":"first","17":"instock","18":"shipping-taxable","19":"purchasable","20":"product-type-simple"},"yoast_head":"<!-- This site is optimized with the Yoast SEO plugin v27.3 - https:\/\/yoast.com\/product\/yoast-seo-wordpress\/ -->\n<title>Aronia melanocarpa &#039;Hugin&#039; - Fekete berkenye - T\u00e1jkert\u00e9sz<\/title>\n<meta name=\"description\" content=\"Aronia melanocarpa &#039;Hugin&#039; - Fekete berkenye- ehet\u0151, igen magas c-vitamin tartalm\u00fa fekete bogy\u00f3csoportokat terem. Kiv\u00e1l\u00f3 iv\u00f3l\u00e9nek \u00e9s dzsemnek.\u00a0 \u00d6nterm\u00e9keny.\" \/>\n<meta name=\"robots\" content=\"index, follow, max-snippet:-1, max-image-preview:large, max-video-preview:-1\" \/>\n<link rel=\"canonical\" href=\"https:\/\/tajkertesz.com\/en_US\/product\/aronia-melanocarpa-hugin-fekete-berkenye\/\" \/>\n<meta property=\"og:locale\" content=\"en_US\" \/>\n<meta property=\"og:type\" content=\"article\" \/>\n<meta property=\"og:title\" content=\"Aronia melanocarpa &#039;Hugin&#039; - Fekete berkenye - T\u00e1jkert\u00e9sz\" \/>\n<meta property=\"og:description\" content=\"Aronia melanocarpa &#039;Hugin&#039; - Fekete berkenye- ehet\u0151, igen magas c-vitamin tartalm\u00fa fekete bogy\u00f3csoportokat terem. Kiv\u00e1l\u00f3 iv\u00f3l\u00e9nek \u00e9s dzsemnek.\u00a0 \u00d6nterm\u00e9keny.\" \/>\n<meta property=\"og:url\" content=\"https:\/\/tajkertesz.com\/en_US\/product\/aronia-melanocarpa-hugin-fekete-berkenye\/\" \/>\n<meta property=\"og:site_name\" content=\"T\u00e1jkert\u00e9sz\" \/>\n<meta property=\"article:publisher\" content=\"https:\/\/www.facebook.com\/Tajkertesz\/\" \/>\n<meta property=\"article:modified_time\" content=\"2026-02-21T10:01:59+00:00\" \/>\n<meta property=\"og:image\" content=\"https:\/\/tajkertesz.com\/wp-content\/uploads\/2021\/08\/Aronia-melanocarpa-Hugin-.jpg\" \/>\n\t<meta property=\"og:image:width\" content=\"1024\" \/>\n\t<meta property=\"og:image:height\" content=\"768\" \/>\n\t<meta property=\"og:image:type\" content=\"image\/jpeg\" \/>\n<meta name=\"twitter:card\" content=\"summary_large_image\" \/>\n<meta name=\"twitter:label1\" content=\"Est. reading time\" \/>\n\t<meta name=\"twitter:data1\" content=\"3 minutes\" \/>\n<script type=\"application\/ld+json\" class=\"yoast-schema-graph\">{\"@context\":\"https:\\\/\\\/schema.org\",\"@graph\":[{\"@type\":\"WebPage\",\"@id\":\"https:\\\/\\\/tajkertesz.com\\\/termek\\\/aronia-melanocarpa-hugin-fekete-berkenye\\\/\",\"url\":\"https:\\\/\\\/tajkertesz.com\\\/termek\\\/aronia-melanocarpa-hugin-fekete-berkenye\\\/\",\"name\":\"Aronia melanocarpa 'Hugin' - Fekete berkenye - T\u00e1jkert\u00e9sz\",\"isPartOf\":{\"@id\":\"https:\\\/\\\/tajkertesz.com\\\/#website\"},\"primaryImageOfPage\":{\"@id\":\"https:\\\/\\\/tajkertesz.com\\\/termek\\\/aronia-melanocarpa-hugin-fekete-berkenye\\\/#primaryimage\"},\"image\":{\"@id\":\"https:\\\/\\\/tajkertesz.com\\\/termek\\\/aronia-melanocarpa-hugin-fekete-berkenye\\\/#primaryimage\"},\"thumbnailUrl\":\"https:\\\/\\\/tajkertesz.com\\\/wp-content\\\/uploads\\\/2021\\\/08\\\/Aronia-melanocarpa-Hugin-.jpg\",\"datePublished\":\"2021-08-16T09:51:03+00:00\",\"dateModified\":\"2026-02-21T10:01:59+00:00\",\"description\":\"Aronia melanocarpa 'Hugin' - Fekete berkenye- ehet\u0151, igen magas c-vitamin tartalm\u00fa fekete bogy\u00f3csoportokat terem. Kiv\u00e1l\u00f3 iv\u00f3l\u00e9nek \u00e9s dzsemnek.\u00a0 \u00d6nterm\u00e9keny.\",\"breadcrumb\":{\"@id\":\"https:\\\/\\\/tajkertesz.com\\\/termek\\\/aronia-melanocarpa-hugin-fekete-berkenye\\\/#breadcrumb\"},\"inLanguage\":\"en-US\",\"potentialAction\":[{\"@type\":\"ReadAction\",\"target\":[\"https:\\\/\\\/tajkertesz.com\\\/termek\\\/aronia-melanocarpa-hugin-fekete-berkenye\\\/\"]}]},{\"@type\":\"ImageObject\",\"inLanguage\":\"en-US\",\"@id\":\"https:\\\/\\\/tajkertesz.com\\\/termek\\\/aronia-melanocarpa-hugin-fekete-berkenye\\\/#primaryimage\",\"url\":\"https:\\\/\\\/tajkertesz.com\\\/wp-content\\\/uploads\\\/2021\\\/08\\\/Aronia-melanocarpa-Hugin-.jpg\",\"contentUrl\":\"https:\\\/\\\/tajkertesz.com\\\/wp-content\\\/uploads\\\/2021\\\/08\\\/Aronia-melanocarpa-Hugin-.jpg\",\"width\":1024,\"height\":768,\"caption\":\"Aronia melanocarpa 'Hugin' - Fekete berkenye\"},{\"@type\":\"BreadcrumbList\",\"@id\":\"https:\\\/\\\/tajkertesz.com\\\/termek\\\/aronia-melanocarpa-hugin-fekete-berkenye\\\/#breadcrumb\",\"itemListElement\":[{\"@type\":\"ListItem\",\"position\":1,\"name\":\"Home\",\"item\":\"https:\\\/\\\/tajkertesz.com\\\/\"},{\"@type\":\"ListItem\",\"position\":2,\"name\":\"Kezd\u0151lap\",\"item\":\"https:\\\/\\\/tajkertesz.com\\\/\"},{\"@type\":\"ListItem\",\"position\":3,\"name\":\"Aronia melanocarpa &#8216;Hugin&#8217; &#8211; Fekete berkenye\"}]},{\"@type\":\"WebSite\",\"@id\":\"https:\\\/\\\/tajkertesz.com\\\/#website\",\"url\":\"https:\\\/\\\/tajkertesz.com\\\/\",\"name\":\"T\u00e1j-Kert\u00e9sz 84 Kft.\",\"description\":\"Kert\u00e9szeti kis- \u00e9s nagykeresked\u00e9s, D\u00edszn\u00f6v\u00e9ny web\u00e1ruh\u00e1z orsz\u00e1gos h\u00e1zhozsz\u00e1ll\u00edt\u00e1ssal!\",\"publisher\":{\"@id\":\"https:\\\/\\\/tajkertesz.com\\\/#organization\"},\"potentialAction\":[{\"@type\":\"SearchAction\",\"target\":{\"@type\":\"EntryPoint\",\"urlTemplate\":\"https:\\\/\\\/tajkertesz.com\\\/?s={search_term_string}\"},\"query-input\":{\"@type\":\"PropertyValueSpecification\",\"valueRequired\":true,\"valueName\":\"search_term_string\"}}],\"inLanguage\":\"en-US\"},{\"@type\":\"Organization\",\"@id\":\"https:\\\/\\\/tajkertesz.com\\\/#organization\",\"name\":\"T\u00e1j-Kert\u00e9sz 84 Kft.\",\"url\":\"https:\\\/\\\/tajkertesz.com\\\/\",\"logo\":{\"@type\":\"ImageObject\",\"inLanguage\":\"en-US\",\"@id\":\"https:\\\/\\\/tajkertesz.com\\\/#\\\/schema\\\/logo\\\/image\\\/\",\"url\":\"https:\\\/\\\/tajkertesz.com\\\/wp-content\\\/uploads\\\/2018\\\/02\\\/logo-2-e1518678052539.png\",\"contentUrl\":\"https:\\\/\\\/tajkertesz.com\\\/wp-content\\\/uploads\\\/2018\\\/02\\\/logo-2-e1518678052539.png\",\"width\":81,\"height\":140,\"caption\":\"T\u00e1j-Kert\u00e9sz 84 Kft.\"},\"image\":{\"@id\":\"https:\\\/\\\/tajkertesz.com\\\/#\\\/schema\\\/logo\\\/image\\\/\"},\"sameAs\":[\"https:\\\/\\\/www.facebook.com\\\/Tajkertesz\\\/\"]}]}<\/script>\n<!-- \/ Yoast SEO plugin. -->","yoast_head_json":{"title":"Aronia melanocarpa 'Hugin' - Fekete berkenye - T\u00e1jkert\u00e9sz","description":"Aronia melanocarpa 'Hugin' - Fekete berkenye- ehet\u0151, igen magas c-vitamin tartalm\u00fa fekete bogy\u00f3csoportokat terem. Kiv\u00e1l\u00f3 iv\u00f3l\u00e9nek \u00e9s dzsemnek.\u00a0 \u00d6nterm\u00e9keny.","robots":{"index":"index","follow":"follow","max-snippet":"max-snippet:-1","max-image-preview":"max-image-preview:large","max-video-preview":"max-video-preview:-1"},"canonical":"https:\/\/tajkertesz.com\/en_US\/product\/aronia-melanocarpa-hugin-fekete-berkenye\/","og_locale":"en_US","og_type":"article","og_title":"Aronia melanocarpa 'Hugin' - Fekete berkenye - T\u00e1jkert\u00e9sz","og_description":"Aronia melanocarpa 'Hugin' - Fekete berkenye- ehet\u0151, igen magas c-vitamin tartalm\u00fa fekete bogy\u00f3csoportokat terem. Kiv\u00e1l\u00f3 iv\u00f3l\u00e9nek \u00e9s dzsemnek.\u00a0 \u00d6nterm\u00e9keny.","og_url":"https:\/\/tajkertesz.com\/en_US\/product\/aronia-melanocarpa-hugin-fekete-berkenye\/","og_site_name":"T\u00e1jkert\u00e9sz","article_publisher":"https:\/\/www.facebook.com\/Tajkertesz\/","article_modified_time":"2026-02-21T10:01:59+00:00","og_image":[{"width":1024,"height":768,"url":"https:\/\/tajkertesz.com\/wp-content\/uploads\/2021\/08\/Aronia-melanocarpa-Hugin-.jpg","type":"image\/jpeg"}],"twitter_card":"summary_large_image","twitter_misc":{"Est. reading time":"3 minutes"},"schema":{"@context":"https:\/\/schema.org","@graph":[{"@type":"WebPage","@id":"https:\/\/tajkertesz.com\/termek\/aronia-melanocarpa-hugin-fekete-berkenye\/","url":"https:\/\/tajkertesz.com\/termek\/aronia-melanocarpa-hugin-fekete-berkenye\/","name":"Aronia melanocarpa 'Hugin' - Fekete berkenye - T\u00e1jkert\u00e9sz","isPartOf":{"@id":"https:\/\/tajkertesz.com\/#website"},"primaryImageOfPage":{"@id":"https:\/\/tajkertesz.com\/termek\/aronia-melanocarpa-hugin-fekete-berkenye\/#primaryimage"},"image":{"@id":"https:\/\/tajkertesz.com\/termek\/aronia-melanocarpa-hugin-fekete-berkenye\/#primaryimage"},"thumbnailUrl":"https:\/\/tajkertesz.com\/wp-content\/uploads\/2021\/08\/Aronia-melanocarpa-Hugin-.jpg","datePublished":"2021-08-16T09:51:03+00:00","dateModified":"2026-02-21T10:01:59+00:00","description":"Aronia melanocarpa 'Hugin' - Fekete berkenye- ehet\u0151, igen magas c-vitamin tartalm\u00fa fekete bogy\u00f3csoportokat terem. Kiv\u00e1l\u00f3 iv\u00f3l\u00e9nek \u00e9s dzsemnek.\u00a0 \u00d6nterm\u00e9keny.","breadcrumb":{"@id":"https:\/\/tajkertesz.com\/termek\/aronia-melanocarpa-hugin-fekete-berkenye\/#breadcrumb"},"inLanguage":"en-US","potentialAction":[{"@type":"ReadAction","target":["https:\/\/tajkertesz.com\/termek\/aronia-melanocarpa-hugin-fekete-berkenye\/"]}]},{"@type":"ImageObject","inLanguage":"en-US","@id":"https:\/\/tajkertesz.com\/termek\/aronia-melanocarpa-hugin-fekete-berkenye\/#primaryimage","url":"https:\/\/tajkertesz.com\/wp-content\/uploads\/2021\/08\/Aronia-melanocarpa-Hugin-.jpg","contentUrl":"https:\/\/tajkertesz.com\/wp-content\/uploads\/2021\/08\/Aronia-melanocarpa-Hugin-.jpg","width":1024,"height":768,"caption":"Aronia melanocarpa 'Hugin' - Fekete berkenye"},{"@type":"BreadcrumbList","@id":"https:\/\/tajkertesz.com\/termek\/aronia-melanocarpa-hugin-fekete-berkenye\/#breadcrumb","itemListElement":[{"@type":"ListItem","position":1,"name":"Home","item":"https:\/\/tajkertesz.com\/"},{"@type":"ListItem","position":2,"name":"Kezd\u0151lap","item":"https:\/\/tajkertesz.com\/"},{"@type":"ListItem","position":3,"name":"Aronia melanocarpa &#8216;Hugin&#8217; &#8211; Fekete berkenye"}]},{"@type":"WebSite","@id":"https:\/\/tajkertesz.com\/#website","url":"https:\/\/tajkertesz.com\/","name":"T\u00e1j-Kert\u00e9sz 84 Kft.","description":"Kert\u00e9szeti kis- \u00e9s nagykeresked\u00e9s, D\u00edszn\u00f6v\u00e9ny web\u00e1ruh\u00e1z orsz\u00e1gos h\u00e1zhozsz\u00e1ll\u00edt\u00e1ssal!","publisher":{"@id":"https:\/\/tajkertesz.com\/#organization"},"potentialAction":[{"@type":"SearchAction","target":{"@type":"EntryPoint","urlTemplate":"https:\/\/tajkertesz.com\/?s={search_term_string}"},"query-input":{"@type":"PropertyValueSpecification","valueRequired":true,"valueName":"search_term_string"}}],"inLanguage":"en-US"},{"@type":"Organization","@id":"https:\/\/tajkertesz.com\/#organization","name":"T\u00e1j-Kert\u00e9sz 84 Kft.","url":"https:\/\/tajkertesz.com\/","logo":{"@type":"ImageObject","inLanguage":"en-US","@id":"https:\/\/tajkertesz.com\/#\/schema\/logo\/image\/","url":"https:\/\/tajkertesz.com\/wp-content\/uploads\/2018\/02\/logo-2-e1518678052539.png","contentUrl":"https:\/\/tajkertesz.com\/wp-content\/uploads\/2018\/02\/logo-2-e1518678052539.png","width":81,"height":140,"caption":"T\u00e1j-Kert\u00e9sz 84 Kft."},"image":{"@id":"https:\/\/tajkertesz.com\/#\/schema\/logo\/image\/"},"sameAs":["https:\/\/www.facebook.com\/Tajkertesz\/"]}]}},"_links":{"self":[{"href":"https:\/\/tajkertesz.com\/en_US\/wp-json\/wp\/v2\/product\/7960","targetHints":{"allow":["GET"]}}],"collection":[{"href":"https:\/\/tajkertesz.com\/en_US\/wp-json\/wp\/v2\/product"}],"about":[{"href":"https:\/\/tajkertesz.com\/en_US\/wp-json\/wp\/v2\/types\/product"}],"wp:featuredmedia":[{"embeddable":true,"href":"https:\/\/tajkertesz.com\/en_US\/wp-json\/wp\/v2\/media\/7962"}],"wp:attachment":[{"href":"https:\/\/tajkertesz.com\/en_US\/wp-json\/wp\/v2\/media?parent=7960"}],"wp:term":[{"taxonomy":"product_brand","embeddable":true,"href":"https:\/\/tajkertesz.com\/en_US\/wp-json\/wp\/v2\/product_brand?post=7960"},{"taxonomy":"product_cat","embeddable":true,"href":"https:\/\/tajkertesz.com\/en_US\/wp-json\/wp\/v2\/product_cat?post=7960"},{"taxonomy":"product_tag","embeddable":true,"href":"https:\/\/tajkertesz.com\/en_US\/wp-json\/wp\/v2\/product_tag?post=7960"}],"curies":[{"name":"wp","href":"https:\/\/api.w.org\/{rel}","templated":true}]}}