{"id":7963,"date":"2021-08-16T09:57:55","date_gmt":"2021-08-16T09:57:55","guid":{"rendered":"https:\/\/tajkertesz.com\/?post_type=product&#038;p=7963"},"modified":"2023-12-18T15:26:59","modified_gmt":"2023-12-18T15:26:59","slug":"aronia-melanocarpa-rubina-fekete-berkenye","status":"publish","type":"product","link":"https:\/\/tajkertesz.com\/en_US\/product\/aronia-melanocarpa-rubina-fekete-berkenye\/","title":{"rendered":"Aronia melanocarpa &#8216;Rubina&#8217;  Fekete berkenye"},"content":{"rendered":"<h3><strong>Aronia melanocarpa &#8216;Rubina&#8217;- <\/strong>Fekete berkenye<\/h3>\n<p>&nbsp;<\/p>\n<p><strong>Aronia melanocarpa &#8216;Rubina&#8217; <\/strong>Fekete berkenye, 1,5 m\u00e9ter magas cserje, s\u00f6t\u00e9tz\u00f6ld lombja \u0151sszel s\u00e1rg\u00e1ra, majd pirosra sz\u00ednez\u0151dik. J\u00f3l t\u0171ri a sz\u00e1razs\u00e1got \u00e9s a fagyokat.<\/p>\n<p>Vir\u00e1gai apr\u00f3k, illatosak, feh\u00e9r sz\u00edn\u0171ek. Gy\u00fcm\u00f6lcse nagy, fekete, f\u00e9nyes, sok vitamint \u00e9s \u00e1sv\u00e1nyi anyagokat tartalmaz. A gy\u00fcm\u00f6lcsh\u00fas alig sz\u00ednez\u0151dik. \u00d6nterm\u00e9keny.<\/p>\n<p>Term\u00e9se augusztus k\u00f6zep\u00e9re \u00e9rik be, nagyon b\u0151term\u0151. Semleges vagy enyh\u00e9n savas talajt kedvel.<\/p>\n<p>&nbsp;<\/p>\n<p>magass\u00e1g: kb. 30-40 cm 2 l cser\u00e9pben<\/p>\n<p style=\"line-height: 18.0pt; background: white; margin: 0cm 0cm 15.0pt 0cm;\"><b><span style=\"font-family: 'Ubuntu',serif; color: black;\">K\u00e9szlet\u00fcnk napi szinten v\u00e1ltozik, ez\u00e9rt k\u00e9rj\u00fck, \u00e9rdekl\u0151dj\u00f6n szem\u00e9lyesen, telefonon vagy email-en.<br \/>\nA v\u00e1ltoztat\u00e1s jog\u00e1t fenntartjuk!\u00a0<\/span><\/b><\/p>\n<p><a href=\"https:\/\/tajkertesz.com\/,\">https:\/\/tajkertesz.com\/<\/a><\/p>\n<p><a href=\"https:\/\/www.facebook.com\/tajkertesz\">https:\/\/www.facebook.com\/tajkertesz<\/a><\/p>\n<p><span style=\"color: #ffffff;\">A T\u00f6rzsre oltott korallberkenye (Photinia &#8216;Little Red Robin&#8217;) \u00f6r\u00f6kz\u00f6ld, \u00e9vel\u0151 cserje. A D\u00e9lkelet-\u00c1zsi\u00e1ban \u0151shonos korallberkenye fajok keresztez\u00e9s\u00e9vel hozt\u00e1k l\u00e9tre. Lombozata eg\u00e9sz \u00e9vben d\u00edsz\u00edti a kertet, tavasszal feh\u00e9r vir\u00e1gokat, id\u0151nk\u00e9nt piros term\u00e9st is hoz.<\/span><\/p>\n<p><span style=\"color: #ffffff;\">K\u00fcl\u00f6nlegess\u00e9g\u00e9t a n\u00e9h\u00e1ny h\u00e9tig v\u00f6r\u00f6ses vagy bronzos sz\u00edn\u0171 levelek jelentik. \u00c1lland\u00f3 lev\u00e9lzete kerekded, f\u00e9nyes fel\u00fclet\u0171 levelekb\u0151l \u00e1ll.<\/span><\/p>\n<p><span style=\"color: #ffffff;\">\u00dcltethetj\u00fck napos \u00e9s \u00e1rny\u00e9kos helyre is, mivel minden f\u00e9nyviszonyt j\u00f3l b\u00edr, viszont fontos megeml\u00edteni, hogy \u00e1rny\u00e9kos helyen kevesebb vir\u00e1got hoz. A talaj t\u00edpus\u00e1ra nem k\u00e9nyes, de fontos, hogy a talaj ne legyen t\u00fal k\u00f6t\u00f6tt.<\/span><\/p>\n<p><span style=\"color: #ffffff;\">Az id\u0151sebb n\u00f6v\u00e9nyek jobban t\u0171rik a sz\u00e1razs\u00e1got, de az\u00e9rt tart\u00f3san sz\u00e1raz id\u0151szakokban megh\u00e1l\u00e1lj\u00e1k, ha id\u0151nk\u00e9nt \u00f6nt\u00f6zz\u00fck \u0151ket.<\/span><\/p>\n<p><span style=\"color: #ffffff;\">Tavasszal, mikor a n\u00f6v\u00e9ny \u00faj hajt\u00e1sai kezdik elveszteni piros sz\u00edn\u00e9t, ezeket v\u00e1gjuk vissza, hogy \u00fajabb piros leveleket hozzon a n\u00f6v\u00e9ny. Ny\u00e1ron \u00e9s \u0151sszel szapor\u00edthatjuk dugv\u00e1nyoz\u00e1ssal.<\/span><\/p>\n<div class=\"quickreview\">\n<p><span style=\"color: #ffffff;\"><strong>Mintegy 2 m\u00e9ter magasra \u00e9s kb. 1 m\u00e9ter sz\u00e9lesre n\u00f6v\u0151, \u00f6r\u00f6kz\u00f6ld cserje. Hossz\u00fak\u00e1s levelei kihajt\u00e1skor bronzos-pirosak, sz\u00e9l\u00fck \u00e9rdekes, hull\u00e1mosan fodrozott, fogazott. Sz\u00e9pen fejl\u0151d\u0151, edzett, teljesen t\u00e9l\u00e1ll\u00f3 n\u00f6v\u00e9ny, mely szoliternek \u00e9s s\u00f6v\u00e9nynek egyar\u00e1nt t\u00f6k\u00e9letes!<\/strong><\/span><\/p>\n<p>&nbsp;<\/p>\n<\/div>\n<div class=\"prod_options\">\n<div class=\"selectmenu sizeselect\"><\/div>\n<\/div>","protected":false},"excerpt":{"rendered":"<p><strong>Aronia melanocarpa &#8216;Rubina&#8217; <\/strong>Fekete berkenye, 1,5 m\u00e9ter magas cserje, s\u00f6t\u00e9tz\u00f6ld lombja \u0151sszel s\u00e1rg\u00e1ra, majd pirosra sz\u00ednez\u0151dik. J\u00f3l t\u0171ri a sz\u00e1razs\u00e1got \u00e9s a fagyokat.<\/p>\n<p>Vir\u00e1gai apr\u00f3k, illatosak, feh\u00e9r sz\u00edn\u0171ek. Gy\u00fcm\u00f6lcse nagy, fekete, f\u00e9nyes, sok vitamint \u00e9s \u00e1sv\u00e1nyi anyagokat tartalmaz. A gy\u00fcm\u00f6lcsh\u00fas alig sz\u00ednez\u0151dik. \u00d6nterm\u00e9keny.<\/p>\n<p>Term\u00e9se augusztus k\u00f6zep\u00e9re \u00e9rik be, nagyon b\u0151term\u0151. Semleges vagy enyh\u00e9n savas talajt kedvel.<\/p>","protected":false},"featured_media":7964,"template":"","meta":{"_et_pb_use_builder":"","_et_pb_old_content":"","_et_gb_content_width":""},"product_brand":[],"product_cat":[29],"product_tag":[3994,2319,3993],"class_list":{"0":"post-7963","1":"product","2":"type-product","3":"status-publish","4":"has-post-thumbnail","6":"product_cat-gyumolcsfak-gyumolcstermo-novenyek","7":"product_tag-aronia","8":"product_tag-aronia-melanocarpa-rubina-fekete-berkenye","9":"product_tag-fekete-berkenye","11":"first","12":"outofstock","13":"shipping-taxable","14":"purchasable","15":"product-type-simple"},"yoast_head":"<!-- This site is optimized with the Yoast SEO plugin v27.4 - https:\/\/yoast.com\/product\/yoast-seo-wordpress\/ -->\n<title>Aronia melanocarpa &#039;Rubina&#039; Fekete berkenye - T\u00e1jkert\u00e9sz<\/title>\n<meta name=\"description\" content=\"Aronia melanocarpa &#039;Rubina&#039; Fekete berkenye, 1,5 m\u00e9ter magas cserje, s\u00f6t\u00e9tz\u00f6ld lombja \u0151sszel s\u00e1rg\u00e1ra, majd pirosra sz\u00ednez\u0151dik. J\u00f3l t\u0171ri a sz\u00e1razs\u00e1got\" \/>\n<meta name=\"robots\" content=\"index, follow, max-snippet:-1, max-image-preview:large, max-video-preview:-1\" \/>\n<link rel=\"canonical\" href=\"https:\/\/tajkertesz.com\/en_US\/product\/aronia-melanocarpa-rubina-fekete-berkenye\/\" \/>\n<meta property=\"og:locale\" content=\"en_US\" \/>\n<meta property=\"og:type\" content=\"article\" \/>\n<meta property=\"og:title\" content=\"Aronia melanocarpa &#039;Rubina&#039; Fekete berkenye - T\u00e1jkert\u00e9sz\" \/>\n<meta property=\"og:description\" content=\"Aronia melanocarpa &#039;Rubina&#039; Fekete berkenye, 1,5 m\u00e9ter magas cserje, s\u00f6t\u00e9tz\u00f6ld lombja \u0151sszel s\u00e1rg\u00e1ra, majd pirosra sz\u00ednez\u0151dik. J\u00f3l t\u0171ri a sz\u00e1razs\u00e1got\" \/>\n<meta property=\"og:url\" content=\"https:\/\/tajkertesz.com\/en_US\/product\/aronia-melanocarpa-rubina-fekete-berkenye\/\" \/>\n<meta property=\"og:site_name\" content=\"T\u00e1jkert\u00e9sz\" \/>\n<meta property=\"article:publisher\" content=\"https:\/\/www.facebook.com\/Tajkertesz\/\" \/>\n<meta property=\"article:modified_time\" content=\"2023-12-18T15:26:59+00:00\" \/>\n<meta property=\"og:image\" content=\"https:\/\/tajkertesz.com\/wp-content\/uploads\/2021\/08\/aronia.jpg\" \/>\n\t<meta property=\"og:image:width\" content=\"1200\" \/>\n\t<meta property=\"og:image:height\" content=\"630\" \/>\n\t<meta property=\"og:image:type\" content=\"image\/jpeg\" \/>\n<meta name=\"twitter:card\" content=\"summary_large_image\" \/>\n<meta name=\"twitter:label1\" content=\"Est. reading time\" \/>\n\t<meta name=\"twitter:data1\" content=\"2 minutes\" \/>\n<script type=\"application\/ld+json\" class=\"yoast-schema-graph\">{\"@context\":\"https:\\\/\\\/schema.org\",\"@graph\":[{\"@type\":\"WebPage\",\"@id\":\"https:\\\/\\\/tajkertesz.com\\\/termek\\\/aronia-melanocarpa-rubina-fekete-berkenye\\\/\",\"url\":\"https:\\\/\\\/tajkertesz.com\\\/termek\\\/aronia-melanocarpa-rubina-fekete-berkenye\\\/\",\"name\":\"Aronia melanocarpa 'Rubina' Fekete berkenye - T\u00e1jkert\u00e9sz\",\"isPartOf\":{\"@id\":\"https:\\\/\\\/tajkertesz.com\\\/#website\"},\"primaryImageOfPage\":{\"@id\":\"https:\\\/\\\/tajkertesz.com\\\/termek\\\/aronia-melanocarpa-rubina-fekete-berkenye\\\/#primaryimage\"},\"image\":{\"@id\":\"https:\\\/\\\/tajkertesz.com\\\/termek\\\/aronia-melanocarpa-rubina-fekete-berkenye\\\/#primaryimage\"},\"thumbnailUrl\":\"https:\\\/\\\/tajkertesz.com\\\/wp-content\\\/uploads\\\/2021\\\/08\\\/aronia.jpg\",\"datePublished\":\"2021-08-16T09:57:55+00:00\",\"dateModified\":\"2023-12-18T15:26:59+00:00\",\"description\":\"Aronia melanocarpa 'Rubina' Fekete berkenye, 1,5 m\u00e9ter magas cserje, s\u00f6t\u00e9tz\u00f6ld lombja \u0151sszel s\u00e1rg\u00e1ra, majd pirosra sz\u00ednez\u0151dik. J\u00f3l t\u0171ri a sz\u00e1razs\u00e1got\",\"breadcrumb\":{\"@id\":\"https:\\\/\\\/tajkertesz.com\\\/termek\\\/aronia-melanocarpa-rubina-fekete-berkenye\\\/#breadcrumb\"},\"inLanguage\":\"en-US\",\"potentialAction\":[{\"@type\":\"ReadAction\",\"target\":[\"https:\\\/\\\/tajkertesz.com\\\/termek\\\/aronia-melanocarpa-rubina-fekete-berkenye\\\/\"]}]},{\"@type\":\"ImageObject\",\"inLanguage\":\"en-US\",\"@id\":\"https:\\\/\\\/tajkertesz.com\\\/termek\\\/aronia-melanocarpa-rubina-fekete-berkenye\\\/#primaryimage\",\"url\":\"https:\\\/\\\/tajkertesz.com\\\/wp-content\\\/uploads\\\/2021\\\/08\\\/aronia.jpg\",\"contentUrl\":\"https:\\\/\\\/tajkertesz.com\\\/wp-content\\\/uploads\\\/2021\\\/08\\\/aronia.jpg\",\"width\":1200,\"height\":630},{\"@type\":\"BreadcrumbList\",\"@id\":\"https:\\\/\\\/tajkertesz.com\\\/termek\\\/aronia-melanocarpa-rubina-fekete-berkenye\\\/#breadcrumb\",\"itemListElement\":[{\"@type\":\"ListItem\",\"position\":1,\"name\":\"Home\",\"item\":\"https:\\\/\\\/tajkertesz.com\\\/\"},{\"@type\":\"ListItem\",\"position\":2,\"name\":\"Kezd\u0151lap\",\"item\":\"https:\\\/\\\/tajkertesz.com\\\/\"},{\"@type\":\"ListItem\",\"position\":3,\"name\":\"Aronia melanocarpa &#8216;Rubina&#8217; Fekete berkenye\"}]},{\"@type\":\"WebSite\",\"@id\":\"https:\\\/\\\/tajkertesz.com\\\/#website\",\"url\":\"https:\\\/\\\/tajkertesz.com\\\/\",\"name\":\"T\u00e1j-Kert\u00e9sz 84 Kft.\",\"description\":\"Kert\u00e9szeti kis- \u00e9s nagykeresked\u00e9s, D\u00edszn\u00f6v\u00e9ny web\u00e1ruh\u00e1z orsz\u00e1gos h\u00e1zhozsz\u00e1ll\u00edt\u00e1ssal!\",\"publisher\":{\"@id\":\"https:\\\/\\\/tajkertesz.com\\\/#organization\"},\"potentialAction\":[{\"@type\":\"SearchAction\",\"target\":{\"@type\":\"EntryPoint\",\"urlTemplate\":\"https:\\\/\\\/tajkertesz.com\\\/?s={search_term_string}\"},\"query-input\":{\"@type\":\"PropertyValueSpecification\",\"valueRequired\":true,\"valueName\":\"search_term_string\"}}],\"inLanguage\":\"en-US\"},{\"@type\":\"Organization\",\"@id\":\"https:\\\/\\\/tajkertesz.com\\\/#organization\",\"name\":\"T\u00e1j-Kert\u00e9sz 84 Kft.\",\"url\":\"https:\\\/\\\/tajkertesz.com\\\/\",\"logo\":{\"@type\":\"ImageObject\",\"inLanguage\":\"en-US\",\"@id\":\"https:\\\/\\\/tajkertesz.com\\\/#\\\/schema\\\/logo\\\/image\\\/\",\"url\":\"https:\\\/\\\/tajkertesz.com\\\/wp-content\\\/uploads\\\/2018\\\/02\\\/logo-2-e1518678052539.png\",\"contentUrl\":\"https:\\\/\\\/tajkertesz.com\\\/wp-content\\\/uploads\\\/2018\\\/02\\\/logo-2-e1518678052539.png\",\"width\":81,\"height\":140,\"caption\":\"T\u00e1j-Kert\u00e9sz 84 Kft.\"},\"image\":{\"@id\":\"https:\\\/\\\/tajkertesz.com\\\/#\\\/schema\\\/logo\\\/image\\\/\"},\"sameAs\":[\"https:\\\/\\\/www.facebook.com\\\/Tajkertesz\\\/\"]}]}<\/script>\n<!-- \/ Yoast SEO plugin. -->","yoast_head_json":{"title":"Aronia melanocarpa 'Rubina' Fekete berkenye - T\u00e1jkert\u00e9sz","description":"Aronia melanocarpa 'Rubina' Fekete berkenye, 1,5 m\u00e9ter magas cserje, s\u00f6t\u00e9tz\u00f6ld lombja \u0151sszel s\u00e1rg\u00e1ra, majd pirosra sz\u00ednez\u0151dik. J\u00f3l t\u0171ri a sz\u00e1razs\u00e1got","robots":{"index":"index","follow":"follow","max-snippet":"max-snippet:-1","max-image-preview":"max-image-preview:large","max-video-preview":"max-video-preview:-1"},"canonical":"https:\/\/tajkertesz.com\/en_US\/product\/aronia-melanocarpa-rubina-fekete-berkenye\/","og_locale":"en_US","og_type":"article","og_title":"Aronia melanocarpa 'Rubina' Fekete berkenye - T\u00e1jkert\u00e9sz","og_description":"Aronia melanocarpa 'Rubina' Fekete berkenye, 1,5 m\u00e9ter magas cserje, s\u00f6t\u00e9tz\u00f6ld lombja \u0151sszel s\u00e1rg\u00e1ra, majd pirosra sz\u00ednez\u0151dik. J\u00f3l t\u0171ri a sz\u00e1razs\u00e1got","og_url":"https:\/\/tajkertesz.com\/en_US\/product\/aronia-melanocarpa-rubina-fekete-berkenye\/","og_site_name":"T\u00e1jkert\u00e9sz","article_publisher":"https:\/\/www.facebook.com\/Tajkertesz\/","article_modified_time":"2023-12-18T15:26:59+00:00","og_image":[{"width":1200,"height":630,"url":"https:\/\/tajkertesz.com\/wp-content\/uploads\/2021\/08\/aronia.jpg","type":"image\/jpeg"}],"twitter_card":"summary_large_image","twitter_misc":{"Est. reading time":"2 minutes"},"schema":{"@context":"https:\/\/schema.org","@graph":[{"@type":"WebPage","@id":"https:\/\/tajkertesz.com\/termek\/aronia-melanocarpa-rubina-fekete-berkenye\/","url":"https:\/\/tajkertesz.com\/termek\/aronia-melanocarpa-rubina-fekete-berkenye\/","name":"Aronia melanocarpa 'Rubina' Fekete berkenye - T\u00e1jkert\u00e9sz","isPartOf":{"@id":"https:\/\/tajkertesz.com\/#website"},"primaryImageOfPage":{"@id":"https:\/\/tajkertesz.com\/termek\/aronia-melanocarpa-rubina-fekete-berkenye\/#primaryimage"},"image":{"@id":"https:\/\/tajkertesz.com\/termek\/aronia-melanocarpa-rubina-fekete-berkenye\/#primaryimage"},"thumbnailUrl":"https:\/\/tajkertesz.com\/wp-content\/uploads\/2021\/08\/aronia.jpg","datePublished":"2021-08-16T09:57:55+00:00","dateModified":"2023-12-18T15:26:59+00:00","description":"Aronia melanocarpa 'Rubina' Fekete berkenye, 1,5 m\u00e9ter magas cserje, s\u00f6t\u00e9tz\u00f6ld lombja \u0151sszel s\u00e1rg\u00e1ra, majd pirosra sz\u00ednez\u0151dik. J\u00f3l t\u0171ri a sz\u00e1razs\u00e1got","breadcrumb":{"@id":"https:\/\/tajkertesz.com\/termek\/aronia-melanocarpa-rubina-fekete-berkenye\/#breadcrumb"},"inLanguage":"en-US","potentialAction":[{"@type":"ReadAction","target":["https:\/\/tajkertesz.com\/termek\/aronia-melanocarpa-rubina-fekete-berkenye\/"]}]},{"@type":"ImageObject","inLanguage":"en-US","@id":"https:\/\/tajkertesz.com\/termek\/aronia-melanocarpa-rubina-fekete-berkenye\/#primaryimage","url":"https:\/\/tajkertesz.com\/wp-content\/uploads\/2021\/08\/aronia.jpg","contentUrl":"https:\/\/tajkertesz.com\/wp-content\/uploads\/2021\/08\/aronia.jpg","width":1200,"height":630},{"@type":"BreadcrumbList","@id":"https:\/\/tajkertesz.com\/termek\/aronia-melanocarpa-rubina-fekete-berkenye\/#breadcrumb","itemListElement":[{"@type":"ListItem","position":1,"name":"Home","item":"https:\/\/tajkertesz.com\/"},{"@type":"ListItem","position":2,"name":"Kezd\u0151lap","item":"https:\/\/tajkertesz.com\/"},{"@type":"ListItem","position":3,"name":"Aronia melanocarpa &#8216;Rubina&#8217; Fekete berkenye"}]},{"@type":"WebSite","@id":"https:\/\/tajkertesz.com\/#website","url":"https:\/\/tajkertesz.com\/","name":"T\u00e1j-Kert\u00e9sz 84 Kft.","description":"Kert\u00e9szeti kis- \u00e9s nagykeresked\u00e9s, D\u00edszn\u00f6v\u00e9ny web\u00e1ruh\u00e1z orsz\u00e1gos h\u00e1zhozsz\u00e1ll\u00edt\u00e1ssal!","publisher":{"@id":"https:\/\/tajkertesz.com\/#organization"},"potentialAction":[{"@type":"SearchAction","target":{"@type":"EntryPoint","urlTemplate":"https:\/\/tajkertesz.com\/?s={search_term_string}"},"query-input":{"@type":"PropertyValueSpecification","valueRequired":true,"valueName":"search_term_string"}}],"inLanguage":"en-US"},{"@type":"Organization","@id":"https:\/\/tajkertesz.com\/#organization","name":"T\u00e1j-Kert\u00e9sz 84 Kft.","url":"https:\/\/tajkertesz.com\/","logo":{"@type":"ImageObject","inLanguage":"en-US","@id":"https:\/\/tajkertesz.com\/#\/schema\/logo\/image\/","url":"https:\/\/tajkertesz.com\/wp-content\/uploads\/2018\/02\/logo-2-e1518678052539.png","contentUrl":"https:\/\/tajkertesz.com\/wp-content\/uploads\/2018\/02\/logo-2-e1518678052539.png","width":81,"height":140,"caption":"T\u00e1j-Kert\u00e9sz 84 Kft."},"image":{"@id":"https:\/\/tajkertesz.com\/#\/schema\/logo\/image\/"},"sameAs":["https:\/\/www.facebook.com\/Tajkertesz\/"]}]}},"_links":{"self":[{"href":"https:\/\/tajkertesz.com\/en_US\/wp-json\/wp\/v2\/product\/7963","targetHints":{"allow":["GET"]}}],"collection":[{"href":"https:\/\/tajkertesz.com\/en_US\/wp-json\/wp\/v2\/product"}],"about":[{"href":"https:\/\/tajkertesz.com\/en_US\/wp-json\/wp\/v2\/types\/product"}],"wp:featuredmedia":[{"embeddable":true,"href":"https:\/\/tajkertesz.com\/en_US\/wp-json\/wp\/v2\/media\/7964"}],"wp:attachment":[{"href":"https:\/\/tajkertesz.com\/en_US\/wp-json\/wp\/v2\/media?parent=7963"}],"wp:term":[{"taxonomy":"product_brand","embeddable":true,"href":"https:\/\/tajkertesz.com\/en_US\/wp-json\/wp\/v2\/product_brand?post=7963"},{"taxonomy":"product_cat","embeddable":true,"href":"https:\/\/tajkertesz.com\/en_US\/wp-json\/wp\/v2\/product_cat?post=7963"},{"taxonomy":"product_tag","embeddable":true,"href":"https:\/\/tajkertesz.com\/en_US\/wp-json\/wp\/v2\/product_tag?post=7963"}],"curies":[{"name":"wp","href":"https:\/\/api.w.org\/{rel}","templated":true}]}}