{"id":798,"date":"2020-02-17T09:20:56","date_gmt":"2020-02-17T09:20:56","guid":{"rendered":"https:\/\/tajkertesz.com\/?post_type=product&#038;p=798"},"modified":"2024-04-18T13:37:46","modified_gmt":"2024-04-18T13:37:46","slug":"cercis-siliquastrum-kozonseges-judasfa","status":"publish","type":"product","link":"https:\/\/tajkertesz.com\/en_US\/product\/cercis-siliquastrum-kozonseges-judasfa\/","title":{"rendered":"Cercis Siliquastrum, K\u00f6z\u00f6ns\u00e9ges j\u00fad\u00e1sfa"},"content":{"rendered":"<p><b>Cercis Siliquastrum ,K\u00f6z\u00f6ns\u00e9ges j\u00fad\u00e1sfa<\/b><\/p>\n<p>A Cercis Siliquastrum\u00a0 a k\u00f6z\u00f6ns\u00e9ges j\u00fad\u00e1sfa\u00a0 csod\u00e1latos pillang\u00f3s vir\u00e1gai a t\u00f6bb\u00e9ves f\u00e1s r\u00e9szeken \u00e9s a t\u00f6rzs\u00f6n lombfakad\u00e1s el\u0151tt ny\u00edlnak. R\u00f6vid f\u00fcrt\u00f6kben,\u00a0 melyek lil\u00e1s-r\u00f3zsasz\u00edn\u0171ek.<\/p>\n<p><b>N\u00f6veked\u00e9s, alak:<\/b>\u00a0szab\u00e1lytalan, laza kerekded koronaform\u00e1j\u00fa kis fa vagy nagym\u00e9ret\u0171 bokor: 4-8 m magas, 4-6 m sz\u00e9les.<br \/>\n<b>Lev\u00e9l:<\/b> sz\u00edv alak\u00fa, k\u00e9kesz\u00f6ld, 5-10 cm, fon\u00e1ka sz\u00fcrk\u00e9sz\u00f6ld.<br \/>\n<b>Vir\u00e1g:<\/b> Pillang\u00f3s vir\u00e1gai a t\u00f6bb\u00e9ves f\u00e1s r\u00e9szeken \u00e9s a t\u00f6rzs\u00f6n lombfakad\u00e1s el\u0151tt ny\u00edlnak, r\u00f6vid f\u00fcrt\u00f6kben, lil\u00e1s-r\u00f3zsasz\u00edn\u0171ek.<br \/>\n<b>Term\u00e9s:<\/b> 10-12 cm h\u00fcvelyterm\u00e9s, ami\u00a0 eg\u00e9sz t\u00e9len \u00e1t a f\u00e1n marad.<br \/>\n<b>Term\u0151hely, ig\u00e9ny:<\/b> Enyh\u00e9n sz\u00e1raz, homokos,\u00a0 m\u00e9szkedvel\u0151, de enyh\u00e9n savany\u00fa term\u0151helyeket t\u0171r\u0151. T\u0171z\u0151 napra \u00fcltethet\u0151 , v\u00e9dett fekv\u00e9st ig\u00e9nyel.<\/p>\n<p>K\u00e1nikula \u00e9s sz\u00e1razs\u00e1gt\u0171r\u0151.<\/p>\n<p>Fiatalon fagy\u00e9rz\u00e9keny, kifejletten t\u00e9l\u00e1ll\u00f3, betegs\u00e9gmentes.<br \/>\n<b>Felhaszn\u00e1l\u00e1s:<\/b>\u00a0D\u00e9li, v\u00e9dett fekv\u00e9sbe, szoliterk\u00e9nt vagy csoportosan, nagy ed\u00e9nybe, felt\u0171n\u0151 vir\u00e1gd\u00edsze miatt hangs\u00falyos helyekre \u00fcltess\u00fck .<\/p>\n<p style=\"line-height: 18.0pt; background: white; margin: 0cm 0cm 15.0pt 0cm;\"><span style=\"font-family: 'Ubuntu',serif; color: black;\">Jelen term\u00e9k\u00fcnk 40 literes kont\u00e9nerben kaphat\u00f3 \u00e9s kb 4m magass\u00e1g\u00fa.<\/span><\/p>\n<p>T\u00f6rzsk\u00f6rm\u00e9rete 12\/14<\/p>\n<p style=\"line-height: 18.0pt; background: white; margin: 0cm 0cm 15.0pt 0cm;\"><span style=\"font-family: 'Ubuntu',serif; color: black;\">\u00a0<\/span><b><span style=\"font-family: 'Ubuntu',serif; color: black;\">K\u00e9szlet\u00fcnk napi szinten v\u00e1ltozik, ez\u00e9rt k\u00e9rj\u00fck, \u00e9rdekl\u0151dj\u00f6n szem\u00e9lyesen, telefonon vagy email-en.<br \/>\nA v\u00e1ltoztat\u00e1s jog\u00e1t fenntartjuk!\u00a0<\/span><\/b><\/p>\n<p><a href=\"https:\/\/tajkertesz.com\">https:\/\/tajkertesz.com<\/a><br \/>\n<a href=\"https:\/\/hu.wikipedia.org\/wiki\/K%C3%B6z%C3%B6ns%C3%A9ges_j%C3%BAd%C3%A1sfa\">https:\/\/hu.wikipedia.org\/wiki\/K%C3%B6z%C3%B6ns%C3%A9ges_j%C3%BAd%C3%A1sfa<\/a><\/p>\n<p><span style=\"color: #ffffff;\">A\u00a0<b>k\u00f6z\u00f6ns\u00e9ges j\u00fad\u00e1sfa<\/b>\u00a0<i>(Cercis siliquastrum)<\/i>\u00a0a\u00a0<a style=\"color: #ffffff;\" title=\"Pillang\u00f3svir\u00e1g\u00faak\" href=\"https:\/\/hu.wikipedia.org\/wiki\/Pillang%C3%B3svir%C3%A1g%C3%BAak\">pillang\u00f3svir\u00e1g\u00faak<\/a>\u00a0<i>(Fabaceae)<\/i>\u00a0<a style=\"color: #ffffff;\" title=\"Csal\u00e1d (rendszertan)\" href=\"https:\/\/hu.wikipedia.org\/wiki\/Csal%C3%A1d_(rendszertan)\">csal\u00e1dj\u00e1ba<\/a>, a\u00a0<a style=\"color: #ffffff;\" title=\"Lep\u00e9nyfaform\u00e1k\" href=\"https:\/\/hu.wikipedia.org\/wiki\/Lep%C3%A9nyfaform%C3%A1k\">lep\u00e9nyfaform\u00e1k<\/a>\u00a0<i>(Caesalpinioideae)<\/i>\u00a0alcsal\u00e1dj\u00e1nak\u00a0<a style=\"color: #ffffff;\" title=\"J\u00fad\u00e1sfa\" href=\"https:\/\/hu.wikipedia.org\/wiki\/J%C3%BAd%C3%A1sfa\">j\u00fad\u00e1sfa<\/a>\u00a0<i>(Cercis)<\/i>\u00a0<a style=\"color: #ffffff;\" title=\"Nemzets\u00e9g (rendszertan)\" href=\"https:\/\/hu.wikipedia.org\/wiki\/Nemzets%C3%A9g_(rendszertan)\">nemzets\u00e9g\u00e9be<\/a>\u00a0tartoz\u00f3\u00a0<a style=\"color: #ffffff;\" title=\"T\u00edpusfaj\" href=\"https:\/\/hu.wikipedia.org\/wiki\/T%C3%ADpusfaj\">t\u00edpusfaja<\/a>. D\u00e9l-Franciaorsz\u00e1gban eredet\u00e9re utalva\u00a0<a style=\"color: #ffffff;\" title=\"J\u00fadea\" href=\"https:\/\/hu.wikipedia.org\/wiki\/J%C3%BAdea\">j\u00fadeai<\/a>\u00a0f\u00e1nak nevezt\u00e9k, \u00edgy ragadhatott r\u00e1 a j\u00fad\u00e1sfa elnevez\u00e9s \u2013 a n\u00e9phiedelem szerint\u00a0<a style=\"color: #ffffff;\" title=\"Iskari\u00f3ti J\u00fad\u00e1s\" href=\"https:\/\/hu.wikipedia.org\/wiki\/Iskari%C3%B3ti_J%C3%BAd%C3%A1s\">Iskari\u00f3ti J\u00fad\u00e1s<\/a>\u00a0egy ilyen f\u00e1ra akasztotta fel mag\u00e1t. E szerint az elk\u00e9pzel\u00e9s szerint vir\u00e1gai\u00a0<a class=\"mw-redirect\" style=\"color: #ffffff;\" title=\"Krisztus\" href=\"https:\/\/hu.wikipedia.org\/wiki\/Krisztus\">Krisztus<\/a>\u00a0v\u00e9r\u00e9t szimboliz\u00e1lj\u00e1k, a lapos magvak pedig a J\u00e9zus be\u00e1rul\u00e1s\u00e1\u00e9rt kapott ez\u00fcstp\u00e9nzeket. Val\u00f3j\u00e1ban a fa az\u00a0<i>Arbor Judae<\/i>\u00a0(j\u00fadeai fa) n\u00e9v eltorzul\u00e1s\u00e1b\u00f3l v\u00e1lhatott j\u00fad\u00e1sf\u00e1v\u00e1, ez a fa elterjedt volt Jeruzs\u00e1lem k\u00f6rny\u00e9k\u00e9n<\/span><\/p>","protected":false},"excerpt":{"rendered":"<p><b>Cercis Siliquastrum ,K\u00f6z\u00f6ns\u00e9ges jud\u00e1sfa<\/b><\/p>\n<p><b>N\u00f6veked\u00e9s, alak:<\/b>\u00a0szab\u00e1lytalan, laza kerekded koronaform\u00e1j\u00fa kis fa vagy nagym\u00e9ret\u0171 bokor: 4-8 m magas, 4-6 m sz\u00e9les.<br \/>\n<b>Lev\u00e9l:<\/b> sz\u00edv alak\u00fa, k\u00e9kesz\u00f6ld, 5-10 cm-, fon\u00e1ka sz\u00fcrk\u00e9sz\u00f6ld.<br \/>\n<b>Vir\u00e1g:<\/b>\u00a0Pillang\u00f3s vir\u00e1gai a t\u00f6bb\u00e9ves f\u00e1s r\u00e9szeken\/t\u00f6rzs\u00f6n lombfakad\u00e1s el\u0151tt ny\u00edlnak, r\u00f6vid f\u00fcrt\u00f6kben, lil\u00e1s-r\u00f3zsasz\u00edn\u0171ek.<br \/>\n<b>Term\u00e9s:<\/b> 10-12 cm h\u00fcvelyterm\u00e9s, t\u00e9len \u00e1t a f\u00e1n marad\u00f3.<br \/>\n<b>Term\u0151hely, ig\u00e9ny:<\/b>\u00a0Enyh\u00e9n sz\u00e1raz, homokos, vagy laza v\u00e1lyogtalaj, m\u00e9szkedvel\u0151, de enyh\u00e9n savany\u00fa term\u0151helyeket t\u0171r\u0151. Teljes napf\u00e9ny, meleg, v\u00e9dett fekv\u00e9s.<\/p>\n<p>K\u00e1nikula \u00e9s sz\u00e1razs\u00e1gt\u0171r\u0151.<\/p>\n<p>Fiatalon fagy\u00e9rz\u00e9keny, kifejletten t\u00e9l\u00e1ll\u00f3, betegs\u00e9gmentes.<br \/>\n<b>Felhaszn\u00e1l\u00e1s:<\/b>\u00a0D\u00e9li, v\u00e9dett fekv\u00e9sbe, szoliterk\u00e9nt vagy csoportosan, nagy ed\u00e9nybe, felt\u0171n\u0151 vir\u00e1gd\u00edsze miatt hangs\u00falyos helyekre \u00fcltess\u00fck .<\/p>","protected":false},"featured_media":801,"template":"","meta":{"_et_pb_use_builder":"","_et_pb_old_content":"","_et_gb_content_width":""},"product_brand":[],"product_cat":[28],"product_tag":[70,71],"class_list":{"0":"post-798","1":"product","2":"type-product","3":"status-publish","4":"has-post-thumbnail","6":"product_cat-diszfak","7":"product_tag-cercis-siliquastrum","8":"product_tag-kozonseges-judasfa","10":"first","11":"outofstock","12":"shipping-taxable","13":"product-type-simple"},"yoast_head":"<!-- This site is optimized with the Yoast SEO plugin v27.3 - https:\/\/yoast.com\/product\/yoast-seo-wordpress\/ -->\n<title>Cercis Siliquastrum, K\u00f6z\u00f6ns\u00e9ges j\u00fad\u00e1sfa - T\u00e1jkert\u00e9sz<\/title>\n<meta name=\"description\" content=\"A Cercis Siliquastrum K\u00f6z\u00f6ns\u00e9ges j\u00fad\u00e1sfa cserje vagy kis m\u00e9ret\u0171 fa. Tavasszal r\u00f3zsasz\u00edn vir\u00e1gai a az \u00e1gak ak\u00e1r teljes hossz\u00e1ban ny\u00edlnak.\" \/>\n<meta name=\"robots\" content=\"index, follow, max-snippet:-1, max-image-preview:large, max-video-preview:-1\" \/>\n<link rel=\"canonical\" href=\"https:\/\/tajkertesz.com\/en_US\/product\/cercis-siliquastrum-kozonseges-judasfa\/\" \/>\n<meta property=\"og:locale\" content=\"en_US\" \/>\n<meta property=\"og:type\" content=\"article\" \/>\n<meta property=\"og:title\" content=\"Cercis Siliquastrum, K\u00f6z\u00f6ns\u00e9ges j\u00fad\u00e1sfa - T\u00e1jkert\u00e9sz\" \/>\n<meta property=\"og:description\" content=\"A Cercis Siliquastrum K\u00f6z\u00f6ns\u00e9ges j\u00fad\u00e1sfa cserje vagy kis m\u00e9ret\u0171 fa. Tavasszal r\u00f3zsasz\u00edn vir\u00e1gai a az \u00e1gak ak\u00e1r teljes hossz\u00e1ban ny\u00edlnak.\" \/>\n<meta property=\"og:url\" content=\"https:\/\/tajkertesz.com\/en_US\/product\/cercis-siliquastrum-kozonseges-judasfa\/\" \/>\n<meta property=\"og:site_name\" content=\"T\u00e1jkert\u00e9sz\" \/>\n<meta property=\"article:publisher\" content=\"https:\/\/www.facebook.com\/Tajkertesz\/\" \/>\n<meta property=\"article:modified_time\" content=\"2024-04-18T13:37:46+00:00\" \/>\n<meta property=\"og:image\" content=\"https:\/\/tajkertesz.com\/wp-content\/uploads\/2020\/02\/Jud\u00e1sfa.jpg\" \/>\n\t<meta property=\"og:image:width\" content=\"948\" \/>\n\t<meta property=\"og:image:height\" content=\"1400\" \/>\n\t<meta property=\"og:image:type\" content=\"image\/jpeg\" \/>\n<meta name=\"twitter:card\" content=\"summary_large_image\" \/>\n<meta name=\"twitter:label1\" content=\"Est. reading time\" \/>\n\t<meta name=\"twitter:data1\" content=\"2 minutes\" \/>\n<script type=\"application\/ld+json\" class=\"yoast-schema-graph\">{\"@context\":\"https:\\\/\\\/schema.org\",\"@graph\":[{\"@type\":\"WebPage\",\"@id\":\"https:\\\/\\\/tajkertesz.com\\\/termek\\\/cercis-siliquastrum-kozonseges-judasfa\\\/\",\"url\":\"https:\\\/\\\/tajkertesz.com\\\/termek\\\/cercis-siliquastrum-kozonseges-judasfa\\\/\",\"name\":\"Cercis Siliquastrum, K\u00f6z\u00f6ns\u00e9ges j\u00fad\u00e1sfa - T\u00e1jkert\u00e9sz\",\"isPartOf\":{\"@id\":\"https:\\\/\\\/tajkertesz.com\\\/#website\"},\"primaryImageOfPage\":{\"@id\":\"https:\\\/\\\/tajkertesz.com\\\/termek\\\/cercis-siliquastrum-kozonseges-judasfa\\\/#primaryimage\"},\"image\":{\"@id\":\"https:\\\/\\\/tajkertesz.com\\\/termek\\\/cercis-siliquastrum-kozonseges-judasfa\\\/#primaryimage\"},\"thumbnailUrl\":\"https:\\\/\\\/tajkertesz.com\\\/wp-content\\\/uploads\\\/2020\\\/02\\\/Jud\u00e1sfa.jpg\",\"datePublished\":\"2020-02-17T09:20:56+00:00\",\"dateModified\":\"2024-04-18T13:37:46+00:00\",\"description\":\"A Cercis Siliquastrum K\u00f6z\u00f6ns\u00e9ges j\u00fad\u00e1sfa cserje vagy kis m\u00e9ret\u0171 fa. Tavasszal r\u00f3zsasz\u00edn vir\u00e1gai a az \u00e1gak ak\u00e1r teljes hossz\u00e1ban ny\u00edlnak.\",\"breadcrumb\":{\"@id\":\"https:\\\/\\\/tajkertesz.com\\\/termek\\\/cercis-siliquastrum-kozonseges-judasfa\\\/#breadcrumb\"},\"inLanguage\":\"en-US\",\"potentialAction\":[{\"@type\":\"ReadAction\",\"target\":[\"https:\\\/\\\/tajkertesz.com\\\/termek\\\/cercis-siliquastrum-kozonseges-judasfa\\\/\"]}]},{\"@type\":\"ImageObject\",\"inLanguage\":\"en-US\",\"@id\":\"https:\\\/\\\/tajkertesz.com\\\/termek\\\/cercis-siliquastrum-kozonseges-judasfa\\\/#primaryimage\",\"url\":\"https:\\\/\\\/tajkertesz.com\\\/wp-content\\\/uploads\\\/2020\\\/02\\\/Jud\u00e1sfa.jpg\",\"contentUrl\":\"https:\\\/\\\/tajkertesz.com\\\/wp-content\\\/uploads\\\/2020\\\/02\\\/Jud\u00e1sfa.jpg\",\"width\":948,\"height\":1400},{\"@type\":\"BreadcrumbList\",\"@id\":\"https:\\\/\\\/tajkertesz.com\\\/termek\\\/cercis-siliquastrum-kozonseges-judasfa\\\/#breadcrumb\",\"itemListElement\":[{\"@type\":\"ListItem\",\"position\":1,\"name\":\"Home\",\"item\":\"https:\\\/\\\/tajkertesz.com\\\/\"},{\"@type\":\"ListItem\",\"position\":2,\"name\":\"Kezd\u0151lap\",\"item\":\"https:\\\/\\\/tajkertesz.com\\\/\"},{\"@type\":\"ListItem\",\"position\":3,\"name\":\"Cercis Siliquastrum, K\u00f6z\u00f6ns\u00e9ges j\u00fad\u00e1sfa\"}]},{\"@type\":\"WebSite\",\"@id\":\"https:\\\/\\\/tajkertesz.com\\\/#website\",\"url\":\"https:\\\/\\\/tajkertesz.com\\\/\",\"name\":\"T\u00e1j-Kert\u00e9sz 84 Kft.\",\"description\":\"Kert\u00e9szeti kis- \u00e9s nagykeresked\u00e9s, D\u00edszn\u00f6v\u00e9ny web\u00e1ruh\u00e1z orsz\u00e1gos h\u00e1zhozsz\u00e1ll\u00edt\u00e1ssal!\",\"publisher\":{\"@id\":\"https:\\\/\\\/tajkertesz.com\\\/#organization\"},\"potentialAction\":[{\"@type\":\"SearchAction\",\"target\":{\"@type\":\"EntryPoint\",\"urlTemplate\":\"https:\\\/\\\/tajkertesz.com\\\/?s={search_term_string}\"},\"query-input\":{\"@type\":\"PropertyValueSpecification\",\"valueRequired\":true,\"valueName\":\"search_term_string\"}}],\"inLanguage\":\"en-US\"},{\"@type\":\"Organization\",\"@id\":\"https:\\\/\\\/tajkertesz.com\\\/#organization\",\"name\":\"T\u00e1j-Kert\u00e9sz 84 Kft.\",\"url\":\"https:\\\/\\\/tajkertesz.com\\\/\",\"logo\":{\"@type\":\"ImageObject\",\"inLanguage\":\"en-US\",\"@id\":\"https:\\\/\\\/tajkertesz.com\\\/#\\\/schema\\\/logo\\\/image\\\/\",\"url\":\"https:\\\/\\\/tajkertesz.com\\\/wp-content\\\/uploads\\\/2018\\\/02\\\/logo-2-e1518678052539.png\",\"contentUrl\":\"https:\\\/\\\/tajkertesz.com\\\/wp-content\\\/uploads\\\/2018\\\/02\\\/logo-2-e1518678052539.png\",\"width\":81,\"height\":140,\"caption\":\"T\u00e1j-Kert\u00e9sz 84 Kft.\"},\"image\":{\"@id\":\"https:\\\/\\\/tajkertesz.com\\\/#\\\/schema\\\/logo\\\/image\\\/\"},\"sameAs\":[\"https:\\\/\\\/www.facebook.com\\\/Tajkertesz\\\/\"]}]}<\/script>\n<!-- \/ Yoast SEO plugin. -->","yoast_head_json":{"title":"Cercis Siliquastrum, K\u00f6z\u00f6ns\u00e9ges j\u00fad\u00e1sfa - T\u00e1jkert\u00e9sz","description":"A Cercis Siliquastrum K\u00f6z\u00f6ns\u00e9ges j\u00fad\u00e1sfa cserje vagy kis m\u00e9ret\u0171 fa. Tavasszal r\u00f3zsasz\u00edn vir\u00e1gai a az \u00e1gak ak\u00e1r teljes hossz\u00e1ban ny\u00edlnak.","robots":{"index":"index","follow":"follow","max-snippet":"max-snippet:-1","max-image-preview":"max-image-preview:large","max-video-preview":"max-video-preview:-1"},"canonical":"https:\/\/tajkertesz.com\/en_US\/product\/cercis-siliquastrum-kozonseges-judasfa\/","og_locale":"en_US","og_type":"article","og_title":"Cercis Siliquastrum, K\u00f6z\u00f6ns\u00e9ges j\u00fad\u00e1sfa - T\u00e1jkert\u00e9sz","og_description":"A Cercis Siliquastrum K\u00f6z\u00f6ns\u00e9ges j\u00fad\u00e1sfa cserje vagy kis m\u00e9ret\u0171 fa. Tavasszal r\u00f3zsasz\u00edn vir\u00e1gai a az \u00e1gak ak\u00e1r teljes hossz\u00e1ban ny\u00edlnak.","og_url":"https:\/\/tajkertesz.com\/en_US\/product\/cercis-siliquastrum-kozonseges-judasfa\/","og_site_name":"T\u00e1jkert\u00e9sz","article_publisher":"https:\/\/www.facebook.com\/Tajkertesz\/","article_modified_time":"2024-04-18T13:37:46+00:00","og_image":[{"width":948,"height":1400,"url":"https:\/\/tajkertesz.com\/wp-content\/uploads\/2020\/02\/Jud\u00e1sfa.jpg","type":"image\/jpeg"}],"twitter_card":"summary_large_image","twitter_misc":{"Est. reading time":"2 minutes"},"schema":{"@context":"https:\/\/schema.org","@graph":[{"@type":"WebPage","@id":"https:\/\/tajkertesz.com\/termek\/cercis-siliquastrum-kozonseges-judasfa\/","url":"https:\/\/tajkertesz.com\/termek\/cercis-siliquastrum-kozonseges-judasfa\/","name":"Cercis Siliquastrum, K\u00f6z\u00f6ns\u00e9ges j\u00fad\u00e1sfa - T\u00e1jkert\u00e9sz","isPartOf":{"@id":"https:\/\/tajkertesz.com\/#website"},"primaryImageOfPage":{"@id":"https:\/\/tajkertesz.com\/termek\/cercis-siliquastrum-kozonseges-judasfa\/#primaryimage"},"image":{"@id":"https:\/\/tajkertesz.com\/termek\/cercis-siliquastrum-kozonseges-judasfa\/#primaryimage"},"thumbnailUrl":"https:\/\/tajkertesz.com\/wp-content\/uploads\/2020\/02\/Jud\u00e1sfa.jpg","datePublished":"2020-02-17T09:20:56+00:00","dateModified":"2024-04-18T13:37:46+00:00","description":"A Cercis Siliquastrum K\u00f6z\u00f6ns\u00e9ges j\u00fad\u00e1sfa cserje vagy kis m\u00e9ret\u0171 fa. Tavasszal r\u00f3zsasz\u00edn vir\u00e1gai a az \u00e1gak ak\u00e1r teljes hossz\u00e1ban ny\u00edlnak.","breadcrumb":{"@id":"https:\/\/tajkertesz.com\/termek\/cercis-siliquastrum-kozonseges-judasfa\/#breadcrumb"},"inLanguage":"en-US","potentialAction":[{"@type":"ReadAction","target":["https:\/\/tajkertesz.com\/termek\/cercis-siliquastrum-kozonseges-judasfa\/"]}]},{"@type":"ImageObject","inLanguage":"en-US","@id":"https:\/\/tajkertesz.com\/termek\/cercis-siliquastrum-kozonseges-judasfa\/#primaryimage","url":"https:\/\/tajkertesz.com\/wp-content\/uploads\/2020\/02\/Jud\u00e1sfa.jpg","contentUrl":"https:\/\/tajkertesz.com\/wp-content\/uploads\/2020\/02\/Jud\u00e1sfa.jpg","width":948,"height":1400},{"@type":"BreadcrumbList","@id":"https:\/\/tajkertesz.com\/termek\/cercis-siliquastrum-kozonseges-judasfa\/#breadcrumb","itemListElement":[{"@type":"ListItem","position":1,"name":"Home","item":"https:\/\/tajkertesz.com\/"},{"@type":"ListItem","position":2,"name":"Kezd\u0151lap","item":"https:\/\/tajkertesz.com\/"},{"@type":"ListItem","position":3,"name":"Cercis Siliquastrum, K\u00f6z\u00f6ns\u00e9ges j\u00fad\u00e1sfa"}]},{"@type":"WebSite","@id":"https:\/\/tajkertesz.com\/#website","url":"https:\/\/tajkertesz.com\/","name":"T\u00e1j-Kert\u00e9sz 84 Kft.","description":"Kert\u00e9szeti kis- \u00e9s nagykeresked\u00e9s, D\u00edszn\u00f6v\u00e9ny web\u00e1ruh\u00e1z orsz\u00e1gos h\u00e1zhozsz\u00e1ll\u00edt\u00e1ssal!","publisher":{"@id":"https:\/\/tajkertesz.com\/#organization"},"potentialAction":[{"@type":"SearchAction","target":{"@type":"EntryPoint","urlTemplate":"https:\/\/tajkertesz.com\/?s={search_term_string}"},"query-input":{"@type":"PropertyValueSpecification","valueRequired":true,"valueName":"search_term_string"}}],"inLanguage":"en-US"},{"@type":"Organization","@id":"https:\/\/tajkertesz.com\/#organization","name":"T\u00e1j-Kert\u00e9sz 84 Kft.","url":"https:\/\/tajkertesz.com\/","logo":{"@type":"ImageObject","inLanguage":"en-US","@id":"https:\/\/tajkertesz.com\/#\/schema\/logo\/image\/","url":"https:\/\/tajkertesz.com\/wp-content\/uploads\/2018\/02\/logo-2-e1518678052539.png","contentUrl":"https:\/\/tajkertesz.com\/wp-content\/uploads\/2018\/02\/logo-2-e1518678052539.png","width":81,"height":140,"caption":"T\u00e1j-Kert\u00e9sz 84 Kft."},"image":{"@id":"https:\/\/tajkertesz.com\/#\/schema\/logo\/image\/"},"sameAs":["https:\/\/www.facebook.com\/Tajkertesz\/"]}]}},"_links":{"self":[{"href":"https:\/\/tajkertesz.com\/en_US\/wp-json\/wp\/v2\/product\/798","targetHints":{"allow":["GET"]}}],"collection":[{"href":"https:\/\/tajkertesz.com\/en_US\/wp-json\/wp\/v2\/product"}],"about":[{"href":"https:\/\/tajkertesz.com\/en_US\/wp-json\/wp\/v2\/types\/product"}],"wp:featuredmedia":[{"embeddable":true,"href":"https:\/\/tajkertesz.com\/en_US\/wp-json\/wp\/v2\/media\/801"}],"wp:attachment":[{"href":"https:\/\/tajkertesz.com\/en_US\/wp-json\/wp\/v2\/media?parent=798"}],"wp:term":[{"taxonomy":"product_brand","embeddable":true,"href":"https:\/\/tajkertesz.com\/en_US\/wp-json\/wp\/v2\/product_brand?post=798"},{"taxonomy":"product_cat","embeddable":true,"href":"https:\/\/tajkertesz.com\/en_US\/wp-json\/wp\/v2\/product_cat?post=798"},{"taxonomy":"product_tag","embeddable":true,"href":"https:\/\/tajkertesz.com\/en_US\/wp-json\/wp\/v2\/product_tag?post=798"}],"curies":[{"name":"wp","href":"https:\/\/api.w.org\/{rel}","templated":true}]}}