{"id":7994,"date":"2021-08-16T11:37:21","date_gmt":"2021-08-16T11:37:21","guid":{"rendered":"https:\/\/tajkertesz.com\/?post_type=product&#038;p=7994"},"modified":"2026-03-18T14:33:53","modified_gmt":"2026-03-18T14:33:53","slug":"konteneres-szolo-oltvanyok-nero-csemegeszolo","status":"publish","type":"product","link":"https:\/\/tajkertesz.com\/en_US\/product\/konteneres-szolo-oltvanyok-nero-csemegeszolo\/","title":{"rendered":"Kont\u00e9neres sz\u0151l\u0151 oltv\u00e1nyok N\u00e9r\u00f3 csemegesz\u0151l\u0151"},"content":{"rendered":"<h3>Kont\u00e9neres sz\u0151l\u0151 oltv\u00e1nyok N\u00e9r\u00f3 csemegesz\u0151l\u0151<\/h3>\n<p>A Kont\u00e9neres sz\u0151l\u0151 oltv\u00e1nyok N\u00e9r\u00f3 csemegesz\u0151l\u0151 nagy f\u00fcrt\u0171, bogy\u00f3ja s\u00f6t\u00e9tk\u00e9k sz\u00edn\u0171, b\u0151lev\u0171, f\u0171szeres zamat\u00fa csemegesz\u0151l\u0151.<\/p>\n<p>Bogy\u00f3ja nagy szem\u0171, l\u00e9d\u00fas, v\u00e9kony h\u00e9j\u00fa, puha h\u00fas\u00fa, zamatos.<\/p>\n<p>F\u00fcrtj\u00e9nek \u00e1tlagt\u00f6mege 200 g, bogy\u00f3 \u00e1tlagt\u00f6meg 3,2 g.<\/p>\n<p>Gombabetegs\u00e9gekkel szemben j\u00f3l ellen\u00e1ll\u00f3. \u00c9r\u00e9si id\u0151: augusztus v\u00e9ge &#8211; szeptember eleje .<\/p>\n<p>Bora igazoltan gy\u00f3gyhat\u00e1s\u00fa, gyullad\u00e1scs\u00f6kkent\u0151 hat\u00e1s\u00fa.<\/p>\n<p>&nbsp;<\/p>\n<p><strong>Jelen term\u00e9k\u00fcnk 3 l-es cser\u00e9pben 40\/80 cm\u00a0<\/strong><\/p>\n<p style=\"line-height: 18.0pt; background: white; margin: 0cm 0cm 15.0pt 0cm;\"><b><span style=\"font-family: 'Ubuntu',serif; color: black;\">K\u00e9szlet\u00fcnk napi szinten v\u00e1ltozik, ez\u00e9rt k\u00e9rj\u00fck, \u00e9rdekl\u0151dj\u00f6n szem\u00e9lyesen, telefonon vagy email-en.<br \/>\nA v\u00e1ltoztat\u00e1s jog\u00e1t fenntartjuk!\u00a0<\/span><\/b><\/p>\n<p><a href=\"https:\/\/tajkertesz.com\/\">https:\/\/tajkertesz.com\/<\/a><\/p>\n<p><a href=\"https:\/\/www.facebook.com\/tajkertesz\">https:\/\/www.facebook.com\/tajkertesz<\/a><\/p>\n<p>&nbsp;<\/p>\n<h6><span style=\"color: #ffffff;\">A\u00a0<b>N\u00e9r\u00f3<\/b>\u00a0egy s\u00f6t\u00e9tk\u00e9k sz\u00edn\u0171, b\u0151lev\u0171, f\u0171szeres zamat\u00fa csemege<a style=\"color: #ffffff;\" title=\"Sz\u0151l\u0151\" href=\"https:\/\/hu.wikipedia.org\/wiki\/Sz%C5%91l%C5%91\">sz\u0151l\u0151<\/a>-fajta. Az egyed\u00fcli csemegesz\u0151Szagl\u00e1sa k\u00e9pess\u00e9 teszi az \u00e1llatot a t\u00e1pl\u00e1l\u00e9k felfedez\u00e9s\u00e9re an\u00e9lk\u00fcl, hogy azt l\u00e1tn\u00e1 vagy \u00e9rinten\u00e9, \u00e9s eredm\u00e9nyesen vezeti sz\u00f6vev\u00e9nyes folyos\u00f3in kereszt\u00fcl. A hegyes, rendk\u00edv\u00fcl mozg\u00e9kony orr egy\u00fattal tapogat\u00f3 eszk\u00f6z\u00fcl is szolg\u00e1l a vakondnak. Hall\u00e1sa is kit\u0171n\u0151. F\u00fcle nincs, de keskeny j\u00e1rataiban ez csak \u00fatj\u00e1ban volna. A f\u00f6ldben k\u00fcl\u00f6nben az eg\u00e9sz test, mint k\u00fcls\u0151 f\u00fcl m\u0171k\u00f6dik, miut\u00e1n tudvalev\u0151leg a f\u00f6ld jobban vezeti a hangot, mint a leveg\u0151.l\u0151, amib\u0151l v\u00f6r\u00f6sbor k\u00e9sz\u00edthet\u0151.<sup id=\"cite_ref-1\" class=\"reference\"><a style=\"color: #ffffff;\" href=\"https:\/\/hu.wikipedia.org\/wiki\/N%C3%A9r%C3%B3_(sz%C5%91l%C5%91fajta)#cite_note-1\">[1]<\/a><\/sup>\u00a0Csizmazia J\u00f3zsef \u00e9s Bereznai L\u00e1szl\u00f3 nemes\u00edtett\u00e9k\u00a0<a style=\"color: #ffffff;\" title=\"1965\" href=\"https:\/\/hu.wikipedia.org\/wiki\/1965\">1965<\/a>-ben az\u00a0<a class=\"new\" style=\"color: #ffffff;\" title=\"Eger 2 (a lap nem l\u00e9tezik)\" href=\"https:\/\/hu.wikipedia.org\/w\/index.php?title=Eger_2&amp;action=edit&amp;redlink=1\">Eger 2<\/a>\u00a0(Seyve-Villard 12375 sel.) \u00e9s a G\u00e1rdonyi G\u00e9za (<a style=\"color: #ffffff;\" title=\"Medoc noir\" href=\"https:\/\/hu.wikipedia.org\/wiki\/Medoc_noir\">medoc noir<\/a>\u00a0x\u00a0<a class=\"mw-redirect\" style=\"color: #ffffff;\" title=\"Csaba gy\u00f6ngye\" href=\"https:\/\/hu.wikipedia.org\/wiki\/Csaba_gy%C3%B6ngye\">Csaba gy\u00f6ngye<\/a>) keresztez\u00e9s\u00e9vel. Magyarorsz\u00e1gon\u00a0<a style=\"color: #ffffff;\" title=\"1993\" href=\"https:\/\/hu.wikipedia.org\/wiki\/1993\">1993<\/a>. \u00f3ta \u00e1llamilag elismert fajta; de\u00a0<a style=\"color: #ffffff;\" title=\"Sv\u00e1jc\" href=\"https:\/\/hu.wikipedia.org\/wiki\/Sv%C3%A1jc\">Sv\u00e1jcban<\/a>\u00a0\u00e9s\u00a0<a style=\"color: #ffffff;\" title=\"Br\u00fcsszel\" href=\"https:\/\/hu.wikipedia.org\/wiki\/Br%C3%BCsszel\">Br\u00fcsszelben<\/a>\u00a0is fajtaoltalmat kapott.<\/span><\/h6>\n<h6><span style=\"color: #ffffff;\"><span id=\"Le.C3.ADr.C3.A1sa\"><\/span><span id=\"Le\u00edr\u00e1sa\" class=\"mw-headline\">Le\u00edr\u00e1sa<\/span><\/span><\/h6>\n<h6><span style=\"color: #ffffff;\">T\u0151k\u00e9je er\u0151s n\u00f6veked\u00e9s\u0171, nem t\u00fal s\u0171r\u0171 vessz\u0151zet\u0171. F\u00fcrtje v\u00e1llas vagy sz\u00e1rnyas, nagy, t\u00f6m\u00f6tt, \u00e1tlagt\u00f6mege 200 gramm. \u00c9r\u00e9sideje augusztus v\u00e9ge, szeptember eleje, a csemegesz\u0151l\u0151k eset\u00e9ben szokatlanul magas be\u00e9r\u00e9si cukorfokkal (19-20 mustfok) \u00e9s viszonylag magas savtartalommal a mustban (kb. 9,0 g\/l sok\u00e9ves \u00e1tlagban). Sz\u00e1razs\u00e1gra m\u00e9rs\u00e9kelten \u00e9rz\u00e9keny, fagy- \u00e9s t\u00e9lt\u0171r\u00e9se j\u00f3. Kedvez\u0151tlen csapad\u00e9kos id\u0151j\u00e1r\u00e1s eset\u00e9n rothad\u00e1sra hajlamos. Gomb\u00e1s betegs\u00e9gekkel (<a style=\"color: #ffffff;\" title=\"Lisztharmat\" href=\"https:\/\/hu.wikipedia.org\/wiki\/Lisztharmat\">lisztharmat<\/a>,\u00a0<a class=\"mw-redirect\" style=\"color: #ffffff;\" title=\"Peronoszp\u00f3ra\" href=\"https:\/\/hu.wikipedia.org\/wiki\/Peronoszp%C3%B3ra\">peronoszp\u00f3ra<\/a>) szemben rezisztens.<\/span><\/h6>\n","protected":false},"excerpt":{"rendered":"<p>A Kont\u00e9neres sz\u0151l\u0151 oltv\u00e1nyok N\u00e9r\u00f3 csemegesz\u0151l\u0151 nagy f\u00fcrt\u0171, bogy\u00f3ja s\u00f6t\u00e9tk\u00e9k sz\u00edn\u0171, b\u0151lev\u0171, f\u0171szeres zamat\u00fa csemegesz\u0151l\u0151.<\/p>\n<p>Bogy\u00f3ja nagy szem\u0171, l\u00e9d\u00fas, v\u00e9kony h\u00e9j\u00fa, puha h\u00fas\u00fa, zamatos.<\/p>\n<p>F\u00fcrtj\u00e9nek \u00e1tlagt\u00f6mege 200 g, bogy\u00f3 \u00e1tlagt\u00f6meg 3,2 g.<\/p>","protected":false},"featured_media":2444,"template":"","meta":{"_et_pb_use_builder":"","_et_pb_old_content":"","_et_gb_content_width":""},"product_brand":[],"product_cat":[823,3785],"product_tag":[820,835,831,825],"class_list":{"0":"post-7994","1":"product","2":"type-product","3":"status-publish","4":"has-post-thumbnail","6":"product_cat-szolok","7":"product_cat-uj-termekek","8":"product_tag-csemegeszolo","9":"product_tag-nero","10":"product_tag-szabadgyokeru-szolo-oltvanyok","11":"product_tag-szolo","13":"first","14":"outofstock","15":"shipping-taxable","16":"product-type-simple"},"yoast_head":"<!-- This site is optimized with the Yoast SEO plugin v27.5 - https:\/\/yoast.com\/product\/yoast-seo-wordpress\/ -->\n<title>Kont\u00e9neres sz\u0151l\u0151 oltv\u00e1nyok N\u00e9r\u00f3 csemegesz\u0151l\u0151 - T\u00e1jkert\u00e9sz<\/title>\n<meta name=\"description\" content=\"Kont\u00e9neres sz\u0151l\u0151 oltv\u00e1nyok N\u00e9r\u00f3 csemegesz\u0151l\u0151\" \/>\n<meta name=\"robots\" content=\"index, follow, max-snippet:-1, max-image-preview:large, max-video-preview:-1\" \/>\n<link rel=\"canonical\" href=\"https:\/\/tajkertesz.com\/en_US\/product\/konteneres-szolo-oltvanyok-nero-csemegeszolo\/\" \/>\n<meta property=\"og:locale\" content=\"en_US\" \/>\n<meta property=\"og:type\" content=\"article\" \/>\n<meta property=\"og:title\" content=\"Kont\u00e9neres sz\u0151l\u0151 oltv\u00e1nyok N\u00e9r\u00f3 csemegesz\u0151l\u0151 - T\u00e1jkert\u00e9sz\" \/>\n<meta property=\"og:description\" content=\"Kont\u00e9neres sz\u0151l\u0151 oltv\u00e1nyok N\u00e9r\u00f3 csemegesz\u0151l\u0151\" \/>\n<meta property=\"og:url\" content=\"https:\/\/tajkertesz.com\/en_US\/product\/konteneres-szolo-oltvanyok-nero-csemegeszolo\/\" \/>\n<meta property=\"og:site_name\" content=\"T\u00e1jkert\u00e9sz\" \/>\n<meta property=\"article:publisher\" content=\"https:\/\/www.facebook.com\/Tajkertesz\/\" \/>\n<meta property=\"article:modified_time\" content=\"2026-03-18T14:33:53+00:00\" \/>\n<meta property=\"og:image\" content=\"https:\/\/tajkertesz.com\/wp-content\/uploads\/2020\/10\/Nero-csemegeszolo.jpg\" \/>\n\t<meta property=\"og:image:width\" content=\"250\" \/>\n\t<meta property=\"og:image:height\" content=\"377\" \/>\n\t<meta property=\"og:image:type\" content=\"image\/jpeg\" \/>\n<meta name=\"twitter:card\" content=\"summary_large_image\" \/>\n<meta name=\"twitter:label1\" content=\"Est. reading time\" \/>\n\t<meta name=\"twitter:data1\" content=\"2 minutes\" \/>\n<script type=\"application\/ld+json\" class=\"yoast-schema-graph\">{\"@context\":\"https:\\\/\\\/schema.org\",\"@graph\":[{\"@type\":\"WebPage\",\"@id\":\"https:\\\/\\\/tajkertesz.com\\\/termek\\\/konteneres-szolo-oltvanyok-nero-csemegeszolo\\\/\",\"url\":\"https:\\\/\\\/tajkertesz.com\\\/termek\\\/konteneres-szolo-oltvanyok-nero-csemegeszolo\\\/\",\"name\":\"Kont\u00e9neres sz\u0151l\u0151 oltv\u00e1nyok N\u00e9r\u00f3 csemegesz\u0151l\u0151 - T\u00e1jkert\u00e9sz\",\"isPartOf\":{\"@id\":\"https:\\\/\\\/tajkertesz.com\\\/#website\"},\"primaryImageOfPage\":{\"@id\":\"https:\\\/\\\/tajkertesz.com\\\/termek\\\/konteneres-szolo-oltvanyok-nero-csemegeszolo\\\/#primaryimage\"},\"image\":{\"@id\":\"https:\\\/\\\/tajkertesz.com\\\/termek\\\/konteneres-szolo-oltvanyok-nero-csemegeszolo\\\/#primaryimage\"},\"thumbnailUrl\":\"https:\\\/\\\/tajkertesz.com\\\/wp-content\\\/uploads\\\/2020\\\/10\\\/Nero-csemegeszolo.jpg\",\"datePublished\":\"2021-08-16T11:37:21+00:00\",\"dateModified\":\"2026-03-18T14:33:53+00:00\",\"description\":\"Kont\u00e9neres sz\u0151l\u0151 oltv\u00e1nyok N\u00e9r\u00f3 csemegesz\u0151l\u0151\",\"breadcrumb\":{\"@id\":\"https:\\\/\\\/tajkertesz.com\\\/termek\\\/konteneres-szolo-oltvanyok-nero-csemegeszolo\\\/#breadcrumb\"},\"inLanguage\":\"en-US\",\"potentialAction\":[{\"@type\":\"ReadAction\",\"target\":[\"https:\\\/\\\/tajkertesz.com\\\/termek\\\/konteneres-szolo-oltvanyok-nero-csemegeszolo\\\/\"]}]},{\"@type\":\"ImageObject\",\"inLanguage\":\"en-US\",\"@id\":\"https:\\\/\\\/tajkertesz.com\\\/termek\\\/konteneres-szolo-oltvanyok-nero-csemegeszolo\\\/#primaryimage\",\"url\":\"https:\\\/\\\/tajkertesz.com\\\/wp-content\\\/uploads\\\/2020\\\/10\\\/Nero-csemegeszolo.jpg\",\"contentUrl\":\"https:\\\/\\\/tajkertesz.com\\\/wp-content\\\/uploads\\\/2020\\\/10\\\/Nero-csemegeszolo.jpg\",\"width\":250,\"height\":377,\"caption\":\"Szabadgy\u00f6ker\u0171 sz\u0151l\u0151 oltv\u00e1nyok N\u00e9r\u00f3 csemegesz\u0151l\u0151\"},{\"@type\":\"BreadcrumbList\",\"@id\":\"https:\\\/\\\/tajkertesz.com\\\/termek\\\/konteneres-szolo-oltvanyok-nero-csemegeszolo\\\/#breadcrumb\",\"itemListElement\":[{\"@type\":\"ListItem\",\"position\":1,\"name\":\"Home\",\"item\":\"https:\\\/\\\/tajkertesz.com\\\/\"},{\"@type\":\"ListItem\",\"position\":2,\"name\":\"Kezd\u0151lap\",\"item\":\"https:\\\/\\\/tajkertesz.com\\\/\"},{\"@type\":\"ListItem\",\"position\":3,\"name\":\"Kont\u00e9neres sz\u0151l\u0151 oltv\u00e1nyok N\u00e9r\u00f3 csemegesz\u0151l\u0151\"}]},{\"@type\":\"WebSite\",\"@id\":\"https:\\\/\\\/tajkertesz.com\\\/#website\",\"url\":\"https:\\\/\\\/tajkertesz.com\\\/\",\"name\":\"T\u00e1j-Kert\u00e9sz 84 Kft.\",\"description\":\"Kert\u00e9szeti kis- \u00e9s nagykeresked\u00e9s, D\u00edszn\u00f6v\u00e9ny web\u00e1ruh\u00e1z orsz\u00e1gos h\u00e1zhozsz\u00e1ll\u00edt\u00e1ssal!\",\"publisher\":{\"@id\":\"https:\\\/\\\/tajkertesz.com\\\/#organization\"},\"potentialAction\":[{\"@type\":\"SearchAction\",\"target\":{\"@type\":\"EntryPoint\",\"urlTemplate\":\"https:\\\/\\\/tajkertesz.com\\\/?s={search_term_string}\"},\"query-input\":{\"@type\":\"PropertyValueSpecification\",\"valueRequired\":true,\"valueName\":\"search_term_string\"}}],\"inLanguage\":\"en-US\"},{\"@type\":\"Organization\",\"@id\":\"https:\\\/\\\/tajkertesz.com\\\/#organization\",\"name\":\"T\u00e1j-Kert\u00e9sz 84 Kft.\",\"url\":\"https:\\\/\\\/tajkertesz.com\\\/\",\"logo\":{\"@type\":\"ImageObject\",\"inLanguage\":\"en-US\",\"@id\":\"https:\\\/\\\/tajkertesz.com\\\/#\\\/schema\\\/logo\\\/image\\\/\",\"url\":\"https:\\\/\\\/tajkertesz.com\\\/wp-content\\\/uploads\\\/2018\\\/02\\\/logo-2-e1518678052539.png\",\"contentUrl\":\"https:\\\/\\\/tajkertesz.com\\\/wp-content\\\/uploads\\\/2018\\\/02\\\/logo-2-e1518678052539.png\",\"width\":81,\"height\":140,\"caption\":\"T\u00e1j-Kert\u00e9sz 84 Kft.\"},\"image\":{\"@id\":\"https:\\\/\\\/tajkertesz.com\\\/#\\\/schema\\\/logo\\\/image\\\/\"},\"sameAs\":[\"https:\\\/\\\/www.facebook.com\\\/Tajkertesz\\\/\"]}]}<\/script>\n<!-- \/ Yoast SEO plugin. -->","yoast_head_json":{"title":"Kont\u00e9neres sz\u0151l\u0151 oltv\u00e1nyok N\u00e9r\u00f3 csemegesz\u0151l\u0151 - T\u00e1jkert\u00e9sz","description":"Kont\u00e9neres sz\u0151l\u0151 oltv\u00e1nyok N\u00e9r\u00f3 csemegesz\u0151l\u0151","robots":{"index":"index","follow":"follow","max-snippet":"max-snippet:-1","max-image-preview":"max-image-preview:large","max-video-preview":"max-video-preview:-1"},"canonical":"https:\/\/tajkertesz.com\/en_US\/product\/konteneres-szolo-oltvanyok-nero-csemegeszolo\/","og_locale":"en_US","og_type":"article","og_title":"Kont\u00e9neres sz\u0151l\u0151 oltv\u00e1nyok N\u00e9r\u00f3 csemegesz\u0151l\u0151 - T\u00e1jkert\u00e9sz","og_description":"Kont\u00e9neres sz\u0151l\u0151 oltv\u00e1nyok N\u00e9r\u00f3 csemegesz\u0151l\u0151","og_url":"https:\/\/tajkertesz.com\/en_US\/product\/konteneres-szolo-oltvanyok-nero-csemegeszolo\/","og_site_name":"T\u00e1jkert\u00e9sz","article_publisher":"https:\/\/www.facebook.com\/Tajkertesz\/","article_modified_time":"2026-03-18T14:33:53+00:00","og_image":[{"width":250,"height":377,"url":"https:\/\/tajkertesz.com\/wp-content\/uploads\/2020\/10\/Nero-csemegeszolo.jpg","type":"image\/jpeg"}],"twitter_card":"summary_large_image","twitter_misc":{"Est. reading time":"2 minutes"},"schema":{"@context":"https:\/\/schema.org","@graph":[{"@type":"WebPage","@id":"https:\/\/tajkertesz.com\/termek\/konteneres-szolo-oltvanyok-nero-csemegeszolo\/","url":"https:\/\/tajkertesz.com\/termek\/konteneres-szolo-oltvanyok-nero-csemegeszolo\/","name":"Kont\u00e9neres sz\u0151l\u0151 oltv\u00e1nyok N\u00e9r\u00f3 csemegesz\u0151l\u0151 - T\u00e1jkert\u00e9sz","isPartOf":{"@id":"https:\/\/tajkertesz.com\/#website"},"primaryImageOfPage":{"@id":"https:\/\/tajkertesz.com\/termek\/konteneres-szolo-oltvanyok-nero-csemegeszolo\/#primaryimage"},"image":{"@id":"https:\/\/tajkertesz.com\/termek\/konteneres-szolo-oltvanyok-nero-csemegeszolo\/#primaryimage"},"thumbnailUrl":"https:\/\/tajkertesz.com\/wp-content\/uploads\/2020\/10\/Nero-csemegeszolo.jpg","datePublished":"2021-08-16T11:37:21+00:00","dateModified":"2026-03-18T14:33:53+00:00","description":"Kont\u00e9neres sz\u0151l\u0151 oltv\u00e1nyok N\u00e9r\u00f3 csemegesz\u0151l\u0151","breadcrumb":{"@id":"https:\/\/tajkertesz.com\/termek\/konteneres-szolo-oltvanyok-nero-csemegeszolo\/#breadcrumb"},"inLanguage":"en-US","potentialAction":[{"@type":"ReadAction","target":["https:\/\/tajkertesz.com\/termek\/konteneres-szolo-oltvanyok-nero-csemegeszolo\/"]}]},{"@type":"ImageObject","inLanguage":"en-US","@id":"https:\/\/tajkertesz.com\/termek\/konteneres-szolo-oltvanyok-nero-csemegeszolo\/#primaryimage","url":"https:\/\/tajkertesz.com\/wp-content\/uploads\/2020\/10\/Nero-csemegeszolo.jpg","contentUrl":"https:\/\/tajkertesz.com\/wp-content\/uploads\/2020\/10\/Nero-csemegeszolo.jpg","width":250,"height":377,"caption":"Szabadgy\u00f6ker\u0171 sz\u0151l\u0151 oltv\u00e1nyok N\u00e9r\u00f3 csemegesz\u0151l\u0151"},{"@type":"BreadcrumbList","@id":"https:\/\/tajkertesz.com\/termek\/konteneres-szolo-oltvanyok-nero-csemegeszolo\/#breadcrumb","itemListElement":[{"@type":"ListItem","position":1,"name":"Home","item":"https:\/\/tajkertesz.com\/"},{"@type":"ListItem","position":2,"name":"Kezd\u0151lap","item":"https:\/\/tajkertesz.com\/"},{"@type":"ListItem","position":3,"name":"Kont\u00e9neres sz\u0151l\u0151 oltv\u00e1nyok N\u00e9r\u00f3 csemegesz\u0151l\u0151"}]},{"@type":"WebSite","@id":"https:\/\/tajkertesz.com\/#website","url":"https:\/\/tajkertesz.com\/","name":"T\u00e1j-Kert\u00e9sz 84 Kft.","description":"Kert\u00e9szeti kis- \u00e9s nagykeresked\u00e9s, D\u00edszn\u00f6v\u00e9ny web\u00e1ruh\u00e1z orsz\u00e1gos h\u00e1zhozsz\u00e1ll\u00edt\u00e1ssal!","publisher":{"@id":"https:\/\/tajkertesz.com\/#organization"},"potentialAction":[{"@type":"SearchAction","target":{"@type":"EntryPoint","urlTemplate":"https:\/\/tajkertesz.com\/?s={search_term_string}"},"query-input":{"@type":"PropertyValueSpecification","valueRequired":true,"valueName":"search_term_string"}}],"inLanguage":"en-US"},{"@type":"Organization","@id":"https:\/\/tajkertesz.com\/#organization","name":"T\u00e1j-Kert\u00e9sz 84 Kft.","url":"https:\/\/tajkertesz.com\/","logo":{"@type":"ImageObject","inLanguage":"en-US","@id":"https:\/\/tajkertesz.com\/#\/schema\/logo\/image\/","url":"https:\/\/tajkertesz.com\/wp-content\/uploads\/2018\/02\/logo-2-e1518678052539.png","contentUrl":"https:\/\/tajkertesz.com\/wp-content\/uploads\/2018\/02\/logo-2-e1518678052539.png","width":81,"height":140,"caption":"T\u00e1j-Kert\u00e9sz 84 Kft."},"image":{"@id":"https:\/\/tajkertesz.com\/#\/schema\/logo\/image\/"},"sameAs":["https:\/\/www.facebook.com\/Tajkertesz\/"]}]}},"_links":{"self":[{"href":"https:\/\/tajkertesz.com\/en_US\/wp-json\/wp\/v2\/product\/7994","targetHints":{"allow":["GET"]}}],"collection":[{"href":"https:\/\/tajkertesz.com\/en_US\/wp-json\/wp\/v2\/product"}],"about":[{"href":"https:\/\/tajkertesz.com\/en_US\/wp-json\/wp\/v2\/types\/product"}],"wp:featuredmedia":[{"embeddable":true,"href":"https:\/\/tajkertesz.com\/en_US\/wp-json\/wp\/v2\/media\/2444"}],"wp:attachment":[{"href":"https:\/\/tajkertesz.com\/en_US\/wp-json\/wp\/v2\/media?parent=7994"}],"wp:term":[{"taxonomy":"product_brand","embeddable":true,"href":"https:\/\/tajkertesz.com\/en_US\/wp-json\/wp\/v2\/product_brand?post=7994"},{"taxonomy":"product_cat","embeddable":true,"href":"https:\/\/tajkertesz.com\/en_US\/wp-json\/wp\/v2\/product_cat?post=7994"},{"taxonomy":"product_tag","embeddable":true,"href":"https:\/\/tajkertesz.com\/en_US\/wp-json\/wp\/v2\/product_tag?post=7994"}],"curies":[{"name":"wp","href":"https:\/\/api.w.org\/{rel}","templated":true}]}}