{"id":8005,"date":"2021-08-16T12:23:50","date_gmt":"2021-08-16T12:23:50","guid":{"rendered":"https:\/\/tajkertesz.com\/?post_type=product&#038;p=8005"},"modified":"2023-05-08T09:55:23","modified_gmt":"2023-05-08T09:55:23","slug":"konteneres-szolo-oltvanyok-eva-csemegeszolo","status":"publish","type":"product","link":"https:\/\/tajkertesz.com\/en_US\/product\/konteneres-szolo-oltvanyok-eva-csemegeszolo\/","title":{"rendered":"Kont\u00e9neres sz\u0151l\u0151 oltv\u00e1nyok \u00c9va csemegesz\u0151l\u0151"},"content":{"rendered":"<h3>Kont\u00e9neres sz\u0151l\u0151 oltv\u00e1nyok \u00c9va csemegesz\u0151l\u0151<\/h3>\n<p>Kont\u00e9neres sz\u0151l\u0151 oltv\u00e1nyok \u00c9va csemegesz\u0151l\u0151 Augusztus k\u00f6zep\u00e9t\u0151l \u00e9r\u0151, b\u0151term\u0151 csemegesz\u0151l\u0151. Nagy, v\u00e1llas f\u00fcrtje igen tetszet\u0151s. Bogy\u00f3i nagy m\u00e9ret\u0171ek, ov\u00e1lisak, v\u00e9kony h\u00e9j\u00faak. H\u00fasa ropog\u00f3s, j\u00f3 \u00edz\u0171, magja alig \u00e9rezhet\u0151. Rothad\u00e1sra nem hajlamos.<\/p>\n<p>&nbsp;<\/p>\n<p><strong>Jelen term\u00e9k\u00fcnk 3l-es cser\u00e9pben 40\/80 cm\u00a0<\/strong><\/p>\n<p style=\"line-height: 18.0pt; background: white; margin: 0cm 0cm 15.0pt 0cm;\"><b><span style=\"font-family: 'Ubuntu',serif; color: black;\">K\u00e9szlet\u00fcnk napi szinten v\u00e1ltozik, ez\u00e9rt k\u00e9rj\u00fck, \u00e9rdekl\u0151dj\u00f6n szem\u00e9lyesen, telefonon vagy email-en.<br \/>\nA v\u00e1ltoztat\u00e1s jog\u00e1t fenntartjuk!\u00a0<\/span><\/b><\/p>\n<p><a href=\"https:\/\/tajkertesz.com\/\">https:\/\/tajkertesz.com\/<\/a><\/p>\n<p><a href=\"https:\/\/www.facebook.com\/tajkertesz\">https:\/\/www.facebook.com\/tajkertesz<\/a><\/p>\n<h6><span id=\"A_sz\u0151l\u0151n\u00f6v\u00e9ny_r\u00e9szei_(gy\u00f6k\u00e9rzet,_t\u0151ke,_vessz\u0151)\" class=\"mw-headline\" style=\"color: #ffffff;\">A sz\u0151l\u0151n\u00f6v\u00e9ny r\u00e9szei (gy\u00f6k\u00e9rzet, t\u0151ke, vessz\u0151)<\/span><\/h6>\n<h6><span style=\"color: #ffffff;\">A sz\u0151l\u0151\u00a0<a style=\"color: #ffffff;\" title=\"Gy\u00f6k\u00e9r\" href=\"https:\/\/hu.wikipedia.org\/wiki\/Gy%C3%B6k%C3%A9r\">gy\u00f6k\u00e9rzete<\/a>\u00a0m\u00e9lyen hatol a\u00a0<a style=\"color: #ffffff;\" title=\"Talaj\" href=\"https:\/\/hu.wikipedia.org\/wiki\/Talaj\">talajba<\/a>, ez\u00e9rt a tart\u00f3s sz\u00e1razs\u00e1got is j\u00f3l t\u0171ri. A gy\u00f6k\u00e9rzet nagy r\u00e9sze \u00e1ltal\u00e1ban a forgat\u00e1s m\u00e9lys\u00e9g\u00e9ben helyezkedik el, de egyes gy\u00f6k\u00e9rr\u00e9szek sokkal m\u00e9lyebbre jutnak a talajszerkezet f\u00fcggv\u00e9ny\u00e9ben. Magas talajv\u00edzszint\u0171 (alf\u00f6ldi) sz\u0151l\u0151kben, gyakran csak 1-2 m\u00e9terre l\u00e9v\u0151 talajv\u00edzszintig, k\u00f6t\u00f6tt talajon, vagy m\u00e9lyr\u00e9teg\u0171 homoktalajon \u2013 ha k\u0151pad nem akad\u00e1lyozza \u2013 12-13 m\u00e9terig is lehatol. Oldalir\u00e1ny\u00fa gy\u00f6kerek 6-8 m\u00e9ter t\u00e1vols\u00e1gig is terjedhetnek.<sup id=\"cite_ref-5\" class=\"reference\"><a style=\"color: #ffffff;\" href=\"https:\/\/hu.wikipedia.org\/wiki\/Sz%C5%91l%C5%91#cite_note-5\">[5]<\/a><\/sup><\/span><\/h6>\n<div class=\"thumbinner\">\n<div class=\"thumbcaption\">\n<div class=\"magnify\"><\/div>\n<p><span style=\"color: #ffffff;\">Sz\u0151l\u0151levelek<\/span><\/p>\n<\/div>\n<\/div>\n<h6><span style=\"color: #ffffff;\">A talajb\u00f3l kiemelked\u0151 vaskos, f\u00e1s sz\u00e1rr\u00e9sz a\u00a0<a class=\"new\" style=\"color: #ffffff;\" title=\"Sz\u0151l\u0151t\u0151ke (a lap nem l\u00e9tezik)\" href=\"https:\/\/hu.wikipedia.org\/w\/index.php?title=Sz%C5%91l%C5%91t%C5%91ke&amp;action=edit&amp;redlink=1\">sz\u0151l\u0151t\u0151ke<\/a>. A t\u0151k\u00e9b\u0151l hajtanak ki a\u00a0<a style=\"color: #ffffff;\" title=\"Vessz\u0151 (botanika)\" href=\"https:\/\/hu.wikipedia.org\/wiki\/Vessz%C5%91_(botanika)\">vessz\u0151k<\/a>, melyeken\u00a0<a style=\"color: #ffffff;\" title=\"Lev\u00e9l (botanika)\" href=\"https:\/\/hu.wikipedia.org\/wiki\/Lev%C3%A9l_(botanika)\">lev\u00e9l<\/a>,\u00a0<a style=\"color: #ffffff;\" title=\"Kacs\" href=\"https:\/\/hu.wikipedia.org\/wiki\/Kacs\">kacs<\/a>,\u00a0<a style=\"color: #ffffff;\" title=\"Vir\u00e1gzat\" href=\"https:\/\/hu.wikipedia.org\/wiki\/Vir%C3%A1gzat\">vir\u00e1gzat<\/a>, majd\u00a0<a style=\"color: #ffffff;\" title=\"Term\u00e9s\" href=\"https:\/\/hu.wikipedia.org\/wiki\/Term%C3%A9s\">term\u00e9s<\/a>\u00a0fejl\u0151dik.<\/span><\/h6>\n<h6><span style=\"color: #ffffff;\">Minden\u00a0<a class=\"new\" style=\"color: #ffffff;\" title=\"Sz\u0151l\u0151f\u00fcrt (a lap nem l\u00e9tezik)\" href=\"https:\/\/hu.wikipedia.org\/w\/index.php?title=Sz%C5%91l%C5%91f%C3%BCrt&amp;action=edit&amp;redlink=1\">sz\u0151l\u0151f\u00fcrt\u00f6n<\/a>\u00a0t\u00f6bb\u00a0<a class=\"new\" style=\"color: #ffffff;\" title=\"Sz\u0151l\u0151szem (a lap nem l\u00e9tezik)\" href=\"https:\/\/hu.wikipedia.org\/w\/index.php?title=Sz%C5%91l%C5%91szem&amp;action=edit&amp;redlink=1\">sz\u0151l\u0151szem<\/a>\u00a0tal\u00e1lhat\u00f3. Mindegyik szem egy-egy apr\u00f3, z\u00f6ld sz\u00edn\u0171, illatos\u00a0<a style=\"color: #ffffff;\" title=\"Vir\u00e1g (botanika)\" href=\"https:\/\/hu.wikipedia.org\/wiki\/Vir%C3%A1g_(botanika)\">vir\u00e1g<\/a>\u00a0term\u0151j\u00e9b\u0151l fejl\u0151dik ki. A sz\u0151l\u0151szem v\u00e9kony, b\u0151rszer\u0171 h\u00e9j\u00e1n bel\u00fcl l\u00e9d\u00fas\u00a0<a class=\"new\" style=\"color: #ffffff;\" title=\"Gy\u00fcm\u00f6lcsh\u00fas (a lap nem l\u00e9tezik)\" href=\"https:\/\/hu.wikipedia.org\/w\/index.php?title=Gy%C3%BCm%C3%B6lcsh%C3%BAs&amp;action=edit&amp;redlink=1\">gy\u00fcm\u00f6lcsh\u00fas<\/a>\u00a0van. Ebben \u00fclnek a\u00a0<a style=\"color: #ffffff;\" title=\"Mag\" href=\"https:\/\/hu.wikipedia.org\/wiki\/Mag\">magvak<\/a>. Az ilyen term\u00e9s a\u00a0<a class=\"new\" style=\"color: #ffffff;\" title=\"Bogy\u00f3term\u00e9s (a lap nem l\u00e9tezik)\" href=\"https:\/\/hu.wikipedia.org\/w\/index.php?title=Bogy%C3%B3term%C3%A9s&amp;action=edit&amp;redlink=1\">bogy\u00f3term\u00e9s<\/a>.<\/span><\/h6>\n<h6><span style=\"color: #ffffff;\">A friss sz\u0151l\u0151t\u00a0<a style=\"color: #ffffff;\" title=\"Gy\u00fcm\u00f6lcs\" href=\"https:\/\/hu.wikipedia.org\/wiki\/Gy%C3%BCm%C3%B6lcs\">gy\u00fcm\u00f6lcsk\u00e9nt<\/a>\u00a0fogyasztjuk. Erre a legalkalmasabbak a sz\u00e9p, nagy szem\u0171, ropog\u00f3s h\u00fas\u00fa\u00a0<a class=\"new\" style=\"color: #ffffff;\" title=\"Csemegesz\u0151l\u0151 (a lap nem l\u00e9tezik)\" href=\"https:\/\/hu.wikipedia.org\/w\/index.php?title=Csemegesz%C5%91l%C5%91&amp;action=edit&amp;redlink=1\">csemegesz\u0151l\u0151k<\/a>. F\u00fcrtjei j\u00f3l b\u00edrj\u00e1k a sz\u00e1ll\u00edt\u00e1st \u00e9s a t\u00e1rol\u00e1st. Ezzel szemben a\u00a0<a style=\"color: #ffffff;\" title=\"Borterm\u0151 sz\u0151l\u0151\" href=\"https:\/\/hu.wikipedia.org\/wiki\/Borterm%C5%91_sz%C5%91l%C5%91\">borsz\u0151l\u0151k<\/a>\u00a0v\u00e9kony h\u00e9j\u00faak, l\u00e9d\u00fasak \u00e9s sok cukrot tartalmaznak.<\/span><\/h6>\n<h6><span style=\"color: #ffffff;\">Hazai bor- \u00e9s csemegesz\u0151l\u0151 fajt\u00e1inknak egyik \u0151se a\u00a0<a class=\"new\" style=\"color: #ffffff;\" title=\"Ligeti sz\u0151l\u0151 (a lap nem l\u00e9tezik)\" href=\"https:\/\/hu.wikipedia.org\/w\/index.php?title=Ligeti_sz%C5%91l%C5%91&amp;action=edit&amp;redlink=1\">ligeti sz\u0151l\u0151<\/a>, mely f\u0151k\u00e9nt\u00a0<a style=\"color: #ffffff;\" title=\"D\u00e9lkelet-Eur\u00f3pa\" href=\"https:\/\/hu.wikipedia.org\/wiki\/D%C3%A9lkelet-Eur%C3%B3pa\">D\u00e9lkelet-Eur\u00f3p\u00e1b\u00f3l<\/a>\u00a0sz\u00e1rmazik.<\/span><\/h6>\n","protected":false},"excerpt":{"rendered":"<h3>Kont\u00e9neres sz\u0151l\u0151 oltv\u00e1nyok \u00c9va csemegesz\u0151l\u0151<\/h3>","protected":false},"featured_media":8006,"template":"","meta":{"_et_pb_use_builder":"","_et_pb_old_content":"","_et_gb_content_width":""},"product_brand":[],"product_cat":[823],"product_tag":[2332,825],"class_list":{"0":"post-8005","1":"product","2":"type-product","3":"status-publish","4":"has-post-thumbnail","6":"product_cat-szolok","7":"product_tag-konteneres-szolo-oltvanyok-eva-csemegeszolo","8":"product_tag-szolo","10":"first","11":"outofstock","12":"shipping-taxable","13":"product-type-simple"},"yoast_head":"<!-- This site is optimized with the Yoast SEO plugin v27.5 - https:\/\/yoast.com\/product\/yoast-seo-wordpress\/ -->\n<title>Kont\u00e9neres sz\u0151l\u0151 oltv\u00e1nyok \u00c9va csemegesz\u0151l\u0151 - T\u00e1jkert\u00e9sz<\/title>\n<meta name=\"description\" content=\"Kont\u00e9neres sz\u0151l\u0151 oltv\u00e1nyok \u00c9va csemegesz\u0151l\u0151\" \/>\n<meta name=\"robots\" content=\"index, follow, max-snippet:-1, max-image-preview:large, max-video-preview:-1\" \/>\n<link rel=\"canonical\" href=\"https:\/\/tajkertesz.com\/en_US\/product\/konteneres-szolo-oltvanyok-eva-csemegeszolo\/\" \/>\n<meta property=\"og:locale\" content=\"en_US\" \/>\n<meta property=\"og:type\" content=\"article\" \/>\n<meta property=\"og:title\" content=\"Kont\u00e9neres sz\u0151l\u0151 oltv\u00e1nyok \u00c9va csemegesz\u0151l\u0151 - T\u00e1jkert\u00e9sz\" \/>\n<meta property=\"og:description\" content=\"Kont\u00e9neres sz\u0151l\u0151 oltv\u00e1nyok \u00c9va csemegesz\u0151l\u0151\" \/>\n<meta property=\"og:url\" content=\"https:\/\/tajkertesz.com\/en_US\/product\/konteneres-szolo-oltvanyok-eva-csemegeszolo\/\" \/>\n<meta property=\"og:site_name\" content=\"T\u00e1jkert\u00e9sz\" \/>\n<meta property=\"article:publisher\" content=\"https:\/\/www.facebook.com\/Tajkertesz\/\" \/>\n<meta property=\"article:modified_time\" content=\"2023-05-08T09:55:23+00:00\" \/>\n<meta property=\"og:image\" content=\"https:\/\/tajkertesz.com\/wp-content\/uploads\/2021\/08\/Eva3Sanci.jpg\" \/>\n\t<meta property=\"og:image:width\" content=\"341\" \/>\n\t<meta property=\"og:image:height\" content=\"440\" \/>\n\t<meta property=\"og:image:type\" content=\"image\/jpeg\" \/>\n<meta name=\"twitter:card\" content=\"summary_large_image\" \/>\n<meta name=\"twitter:label1\" content=\"Est. reading time\" \/>\n\t<meta name=\"twitter:data1\" content=\"2 minutes\" \/>\n<script type=\"application\/ld+json\" class=\"yoast-schema-graph\">{\"@context\":\"https:\\\/\\\/schema.org\",\"@graph\":[{\"@type\":\"WebPage\",\"@id\":\"https:\\\/\\\/tajkertesz.com\\\/termek\\\/konteneres-szolo-oltvanyok-eva-csemegeszolo\\\/\",\"url\":\"https:\\\/\\\/tajkertesz.com\\\/termek\\\/konteneres-szolo-oltvanyok-eva-csemegeszolo\\\/\",\"name\":\"Kont\u00e9neres sz\u0151l\u0151 oltv\u00e1nyok \u00c9va csemegesz\u0151l\u0151 - T\u00e1jkert\u00e9sz\",\"isPartOf\":{\"@id\":\"https:\\\/\\\/tajkertesz.com\\\/#website\"},\"primaryImageOfPage\":{\"@id\":\"https:\\\/\\\/tajkertesz.com\\\/termek\\\/konteneres-szolo-oltvanyok-eva-csemegeszolo\\\/#primaryimage\"},\"image\":{\"@id\":\"https:\\\/\\\/tajkertesz.com\\\/termek\\\/konteneres-szolo-oltvanyok-eva-csemegeszolo\\\/#primaryimage\"},\"thumbnailUrl\":\"https:\\\/\\\/tajkertesz.com\\\/wp-content\\\/uploads\\\/2021\\\/08\\\/Eva3Sanci.jpg\",\"datePublished\":\"2021-08-16T12:23:50+00:00\",\"dateModified\":\"2023-05-08T09:55:23+00:00\",\"description\":\"Kont\u00e9neres sz\u0151l\u0151 oltv\u00e1nyok \u00c9va csemegesz\u0151l\u0151\",\"breadcrumb\":{\"@id\":\"https:\\\/\\\/tajkertesz.com\\\/termek\\\/konteneres-szolo-oltvanyok-eva-csemegeszolo\\\/#breadcrumb\"},\"inLanguage\":\"en-US\",\"potentialAction\":[{\"@type\":\"ReadAction\",\"target\":[\"https:\\\/\\\/tajkertesz.com\\\/termek\\\/konteneres-szolo-oltvanyok-eva-csemegeszolo\\\/\"]}]},{\"@type\":\"ImageObject\",\"inLanguage\":\"en-US\",\"@id\":\"https:\\\/\\\/tajkertesz.com\\\/termek\\\/konteneres-szolo-oltvanyok-eva-csemegeszolo\\\/#primaryimage\",\"url\":\"https:\\\/\\\/tajkertesz.com\\\/wp-content\\\/uploads\\\/2021\\\/08\\\/Eva3Sanci.jpg\",\"contentUrl\":\"https:\\\/\\\/tajkertesz.com\\\/wp-content\\\/uploads\\\/2021\\\/08\\\/Eva3Sanci.jpg\",\"width\":341,\"height\":440},{\"@type\":\"BreadcrumbList\",\"@id\":\"https:\\\/\\\/tajkertesz.com\\\/termek\\\/konteneres-szolo-oltvanyok-eva-csemegeszolo\\\/#breadcrumb\",\"itemListElement\":[{\"@type\":\"ListItem\",\"position\":1,\"name\":\"Home\",\"item\":\"https:\\\/\\\/tajkertesz.com\\\/\"},{\"@type\":\"ListItem\",\"position\":2,\"name\":\"Kezd\u0151lap\",\"item\":\"https:\\\/\\\/tajkertesz.com\\\/\"},{\"@type\":\"ListItem\",\"position\":3,\"name\":\"Kont\u00e9neres sz\u0151l\u0151 oltv\u00e1nyok \u00c9va csemegesz\u0151l\u0151\"}]},{\"@type\":\"WebSite\",\"@id\":\"https:\\\/\\\/tajkertesz.com\\\/#website\",\"url\":\"https:\\\/\\\/tajkertesz.com\\\/\",\"name\":\"T\u00e1j-Kert\u00e9sz 84 Kft.\",\"description\":\"Kert\u00e9szeti kis- \u00e9s nagykeresked\u00e9s, D\u00edszn\u00f6v\u00e9ny web\u00e1ruh\u00e1z orsz\u00e1gos h\u00e1zhozsz\u00e1ll\u00edt\u00e1ssal!\",\"publisher\":{\"@id\":\"https:\\\/\\\/tajkertesz.com\\\/#organization\"},\"potentialAction\":[{\"@type\":\"SearchAction\",\"target\":{\"@type\":\"EntryPoint\",\"urlTemplate\":\"https:\\\/\\\/tajkertesz.com\\\/?s={search_term_string}\"},\"query-input\":{\"@type\":\"PropertyValueSpecification\",\"valueRequired\":true,\"valueName\":\"search_term_string\"}}],\"inLanguage\":\"en-US\"},{\"@type\":\"Organization\",\"@id\":\"https:\\\/\\\/tajkertesz.com\\\/#organization\",\"name\":\"T\u00e1j-Kert\u00e9sz 84 Kft.\",\"url\":\"https:\\\/\\\/tajkertesz.com\\\/\",\"logo\":{\"@type\":\"ImageObject\",\"inLanguage\":\"en-US\",\"@id\":\"https:\\\/\\\/tajkertesz.com\\\/#\\\/schema\\\/logo\\\/image\\\/\",\"url\":\"https:\\\/\\\/tajkertesz.com\\\/wp-content\\\/uploads\\\/2018\\\/02\\\/logo-2-e1518678052539.png\",\"contentUrl\":\"https:\\\/\\\/tajkertesz.com\\\/wp-content\\\/uploads\\\/2018\\\/02\\\/logo-2-e1518678052539.png\",\"width\":81,\"height\":140,\"caption\":\"T\u00e1j-Kert\u00e9sz 84 Kft.\"},\"image\":{\"@id\":\"https:\\\/\\\/tajkertesz.com\\\/#\\\/schema\\\/logo\\\/image\\\/\"},\"sameAs\":[\"https:\\\/\\\/www.facebook.com\\\/Tajkertesz\\\/\"]}]}<\/script>\n<!-- \/ Yoast SEO plugin. -->","yoast_head_json":{"title":"Kont\u00e9neres sz\u0151l\u0151 oltv\u00e1nyok \u00c9va csemegesz\u0151l\u0151 - T\u00e1jkert\u00e9sz","description":"Kont\u00e9neres sz\u0151l\u0151 oltv\u00e1nyok \u00c9va csemegesz\u0151l\u0151","robots":{"index":"index","follow":"follow","max-snippet":"max-snippet:-1","max-image-preview":"max-image-preview:large","max-video-preview":"max-video-preview:-1"},"canonical":"https:\/\/tajkertesz.com\/en_US\/product\/konteneres-szolo-oltvanyok-eva-csemegeszolo\/","og_locale":"en_US","og_type":"article","og_title":"Kont\u00e9neres sz\u0151l\u0151 oltv\u00e1nyok \u00c9va csemegesz\u0151l\u0151 - T\u00e1jkert\u00e9sz","og_description":"Kont\u00e9neres sz\u0151l\u0151 oltv\u00e1nyok \u00c9va csemegesz\u0151l\u0151","og_url":"https:\/\/tajkertesz.com\/en_US\/product\/konteneres-szolo-oltvanyok-eva-csemegeszolo\/","og_site_name":"T\u00e1jkert\u00e9sz","article_publisher":"https:\/\/www.facebook.com\/Tajkertesz\/","article_modified_time":"2023-05-08T09:55:23+00:00","og_image":[{"width":341,"height":440,"url":"https:\/\/tajkertesz.com\/wp-content\/uploads\/2021\/08\/Eva3Sanci.jpg","type":"image\/jpeg"}],"twitter_card":"summary_large_image","twitter_misc":{"Est. reading time":"2 minutes"},"schema":{"@context":"https:\/\/schema.org","@graph":[{"@type":"WebPage","@id":"https:\/\/tajkertesz.com\/termek\/konteneres-szolo-oltvanyok-eva-csemegeszolo\/","url":"https:\/\/tajkertesz.com\/termek\/konteneres-szolo-oltvanyok-eva-csemegeszolo\/","name":"Kont\u00e9neres sz\u0151l\u0151 oltv\u00e1nyok \u00c9va csemegesz\u0151l\u0151 - T\u00e1jkert\u00e9sz","isPartOf":{"@id":"https:\/\/tajkertesz.com\/#website"},"primaryImageOfPage":{"@id":"https:\/\/tajkertesz.com\/termek\/konteneres-szolo-oltvanyok-eva-csemegeszolo\/#primaryimage"},"image":{"@id":"https:\/\/tajkertesz.com\/termek\/konteneres-szolo-oltvanyok-eva-csemegeszolo\/#primaryimage"},"thumbnailUrl":"https:\/\/tajkertesz.com\/wp-content\/uploads\/2021\/08\/Eva3Sanci.jpg","datePublished":"2021-08-16T12:23:50+00:00","dateModified":"2023-05-08T09:55:23+00:00","description":"Kont\u00e9neres sz\u0151l\u0151 oltv\u00e1nyok \u00c9va csemegesz\u0151l\u0151","breadcrumb":{"@id":"https:\/\/tajkertesz.com\/termek\/konteneres-szolo-oltvanyok-eva-csemegeszolo\/#breadcrumb"},"inLanguage":"en-US","potentialAction":[{"@type":"ReadAction","target":["https:\/\/tajkertesz.com\/termek\/konteneres-szolo-oltvanyok-eva-csemegeszolo\/"]}]},{"@type":"ImageObject","inLanguage":"en-US","@id":"https:\/\/tajkertesz.com\/termek\/konteneres-szolo-oltvanyok-eva-csemegeszolo\/#primaryimage","url":"https:\/\/tajkertesz.com\/wp-content\/uploads\/2021\/08\/Eva3Sanci.jpg","contentUrl":"https:\/\/tajkertesz.com\/wp-content\/uploads\/2021\/08\/Eva3Sanci.jpg","width":341,"height":440},{"@type":"BreadcrumbList","@id":"https:\/\/tajkertesz.com\/termek\/konteneres-szolo-oltvanyok-eva-csemegeszolo\/#breadcrumb","itemListElement":[{"@type":"ListItem","position":1,"name":"Home","item":"https:\/\/tajkertesz.com\/"},{"@type":"ListItem","position":2,"name":"Kezd\u0151lap","item":"https:\/\/tajkertesz.com\/"},{"@type":"ListItem","position":3,"name":"Kont\u00e9neres sz\u0151l\u0151 oltv\u00e1nyok \u00c9va csemegesz\u0151l\u0151"}]},{"@type":"WebSite","@id":"https:\/\/tajkertesz.com\/#website","url":"https:\/\/tajkertesz.com\/","name":"T\u00e1j-Kert\u00e9sz 84 Kft.","description":"Kert\u00e9szeti kis- \u00e9s nagykeresked\u00e9s, D\u00edszn\u00f6v\u00e9ny web\u00e1ruh\u00e1z orsz\u00e1gos h\u00e1zhozsz\u00e1ll\u00edt\u00e1ssal!","publisher":{"@id":"https:\/\/tajkertesz.com\/#organization"},"potentialAction":[{"@type":"SearchAction","target":{"@type":"EntryPoint","urlTemplate":"https:\/\/tajkertesz.com\/?s={search_term_string}"},"query-input":{"@type":"PropertyValueSpecification","valueRequired":true,"valueName":"search_term_string"}}],"inLanguage":"en-US"},{"@type":"Organization","@id":"https:\/\/tajkertesz.com\/#organization","name":"T\u00e1j-Kert\u00e9sz 84 Kft.","url":"https:\/\/tajkertesz.com\/","logo":{"@type":"ImageObject","inLanguage":"en-US","@id":"https:\/\/tajkertesz.com\/#\/schema\/logo\/image\/","url":"https:\/\/tajkertesz.com\/wp-content\/uploads\/2018\/02\/logo-2-e1518678052539.png","contentUrl":"https:\/\/tajkertesz.com\/wp-content\/uploads\/2018\/02\/logo-2-e1518678052539.png","width":81,"height":140,"caption":"T\u00e1j-Kert\u00e9sz 84 Kft."},"image":{"@id":"https:\/\/tajkertesz.com\/#\/schema\/logo\/image\/"},"sameAs":["https:\/\/www.facebook.com\/Tajkertesz\/"]}]}},"_links":{"self":[{"href":"https:\/\/tajkertesz.com\/en_US\/wp-json\/wp\/v2\/product\/8005","targetHints":{"allow":["GET"]}}],"collection":[{"href":"https:\/\/tajkertesz.com\/en_US\/wp-json\/wp\/v2\/product"}],"about":[{"href":"https:\/\/tajkertesz.com\/en_US\/wp-json\/wp\/v2\/types\/product"}],"wp:featuredmedia":[{"embeddable":true,"href":"https:\/\/tajkertesz.com\/en_US\/wp-json\/wp\/v2\/media\/8006"}],"wp:attachment":[{"href":"https:\/\/tajkertesz.com\/en_US\/wp-json\/wp\/v2\/media?parent=8005"}],"wp:term":[{"taxonomy":"product_brand","embeddable":true,"href":"https:\/\/tajkertesz.com\/en_US\/wp-json\/wp\/v2\/product_brand?post=8005"},{"taxonomy":"product_cat","embeddable":true,"href":"https:\/\/tajkertesz.com\/en_US\/wp-json\/wp\/v2\/product_cat?post=8005"},{"taxonomy":"product_tag","embeddable":true,"href":"https:\/\/tajkertesz.com\/en_US\/wp-json\/wp\/v2\/product_tag?post=8005"}],"curies":[{"name":"wp","href":"https:\/\/api.w.org\/{rel}","templated":true}]}}