{"id":8011,"date":"2021-08-16T12:35:01","date_gmt":"2021-08-16T12:35:01","guid":{"rendered":"https:\/\/tajkertesz.com\/?post_type=product&#038;p=8011"},"modified":"2026-02-21T14:39:59","modified_gmt":"2026-02-21T14:39:59","slug":"konteneres-szolo-oltvanyok-hamburgi-muskotaly-csemegeszolo","status":"publish","type":"product","link":"https:\/\/tajkertesz.com\/en_US\/product\/konteneres-szolo-oltvanyok-hamburgi-muskotaly-csemegeszolo\/","title":{"rendered":"Kont\u00e9neres sz\u0151l\u0151 oltv\u00e1nyok Hamburgi muskot\u00e1ly csemegesz\u0151l\u0151"},"content":{"rendered":"<h3>Kont\u00e9neres sz\u0151l\u0151 oltv\u00e1nyok Hamburgi muskot\u00e1ly csemegesz\u0151l\u0151<\/h3>\n<p>Kont\u00e9neres sz\u0151l\u0151 oltv\u00e1nyok Hamburgi muskot\u00e1ly csemegesz\u0151l\u0151 \u00c9r\u00e9si id\u0151: szept. v\u00e9ge, okt. eleje. K\u00f6zepes n\u00f6veked\u00e9s\u0171. F\u00fcrt: laza, \u00e1tlag 220 gr. Bogy\u00f3: 2,2-2,5 gr.s\u00f6t\u00e9tk\u00e9k, \u00edze muskot\u00e1lyos. Betegs\u00e9g ellen\u00e1ll\u00e1s: \u00e1tlagos. Botrytisre kiss\u00e9 \u00e9rz\u00e9keny. Fagy: -20 C\u00b0.<\/p>\n<p>&nbsp;<\/p>\n<p><strong>Jelen term\u00e9k\u00fcnk 3,6 l-es cser\u00e9pben 40\/80 cm\u00a0<\/strong><\/p>\n<p style=\"line-height: 18.0pt; background: white; margin: 0cm 0cm 15.0pt 0cm;\"><b><span style=\"font-family: 'Ubuntu',serif; color: black;\">K\u00e9szlet\u00fcnk napi szinten v\u00e1ltozik, ez\u00e9rt k\u00e9rj\u00fck, \u00e9rdekl\u0151dj\u00f6n szem\u00e9lyesen, telefonon vagy email-en.<br \/>\nA v\u00e1ltoztat\u00e1s jog\u00e1t fenntartjuk!\u00a0<\/span><\/b><\/p>\n<p><a href=\"https:\/\/tajkertesz.com\/\">https:\/\/tajkertesz.com\/<\/a><\/p>\n<p><a href=\"https:\/\/www.facebook.com\/tajkertesz\">https:\/\/www.facebook.com\/tajkertesz<\/a><\/p>\n<p><span style=\"color: #ffffff;\">Kont\u00e9neres sz\u0151l\u0151 oltv\u00e1nyok Hamburgi muskot\u00e1ly csemegesz\u0151l\u0151 \u00c9r\u00e9si id\u0151: szept. v\u00e9ge, okt. eleje. K\u00f6zepes n\u00f6veked\u00e9s\u0171. F\u00fcrt: laza, \u00e1tlag 220 gr. Bogy\u00f3: 2,2-2,5 gr.s\u00f6t\u00e9tk\u00e9k, \u00edze muskot\u00e1lyos. <\/span><\/p>\n<p><span style=\"color: #ffffff;\">Betegs\u00e9g ellen\u00e1ll\u00e1s: \u00e1tlagos. Botrytisre kiss\u00e9 \u00e9rz\u00e9keny. Fagy: -20 C\u00b0.A sz\u0151l\u0151 (Vitis) a sz\u0151l\u0151f\u00e9l\u00e9k (Vitaceae) csal\u00e1dj\u00e1nak egyik sok fajt \u00e9s azon bel\u00fcl sok alfajt mag\u00e1ba foglal\u00f3 nemzets\u00e9ge. <\/span><\/p>\n<p><span style=\"color: #ffffff;\">A hamburgi muskot\u00e1ly vil\u00e1gszerte ismert; a legfinomabb \u00edz\u0171 csemegesz\u0151l\u0151-fajta. Sz\u00e1rmaz\u00e1sa bizonytalan. Egyes nemes\u00edt\u0151k szerint az alexandriai muskot\u00e1ly \u00e9s a frankenthali trollinger fajt\u00e1k keresztez\u00e9s\u00e9vel \u00e1ll\u00edtott\u00e1k el\u0151. Magyarorsz\u00e1gra a 18. sz\u00e1zad k\u00f6zep\u00e9n ker\u00fclt \u00e9s 1956-ban v\u00e1lt \u00e1llamilag, A hamburgi muskot\u00e1ly vil\u00e1gszerte ismert; a legfinomabb \u00edz\u0171 csemegesz\u0151l\u0151-fajta. Sz\u00e1rmaz\u00e1sa bizonytalan. Egyes nemes\u00edt\u0151k szerint az alexandriai muskot\u00e1ly \u00e9s a frankenthali trollinger fajt\u00e1k keresztez\u00e9s\u00e9vel \u00e1ll\u00edtott\u00e1k el\u0151. Magyarorsz\u00e1gra a 18. sz\u00e1zad k\u00f6zep\u00e9n ker\u00fclt \u00e9s 1956-ban v\u00e1lt \u00e1llamilag, A hamburgi muskot\u00e1ly vil\u00e1gszerte ismert; a legfinomabb \u00edz\u0171 csemegesz\u0151l\u0151-fajta. Sz\u00e1rmaz\u00e1sa bizonytalan. Egyes nemes\u00edt\u0151k szerint az alexandriai muskot\u00e1ly \u00e9s a frankenthali trollinger fajt\u00e1k keresztez\u00e9s\u00e9vel \u00e1ll\u00edtott\u00e1k el\u0151. Magyarorsz\u00e1gra a 18. sz\u00e1zad k\u00f6zep\u00e9n ker\u00fclt \u00e9s 1956-ban v\u00e1lt \u00e1llamilagA hamburgi muskot\u00e1ly vil\u00e1gszerte ismert; a legfinomabb \u00edz\u0171 csemegesz\u0151l\u0151-fajta. Sz\u00e1rmaz\u00e1sa bizonytalan. Egyes nemes\u00edt\u0151k szerint az alexandriai muskot\u00e1ly \u00e9s a frankenthali trollinger fajt\u00e1k keresztez\u00e9s\u00e9vel \u00e1ll\u00edtott\u00e1k el\u0151. Magyarorsz\u00e1gra a 18. sz\u00e1zad k\u00f6zep\u00e9n ker\u00fclt \u00e9s 1956-ban v\u00e1lt \u00e1llamilag<\/span><\/p>","protected":false},"excerpt":{"rendered":"<h3>Kont\u00e9neres sz\u0151l\u0151 oltv\u00e1nyok Hamburgi muskot\u00e1ly csemegesz\u0151l\u0151<\/h3>","protected":false},"featured_media":8013,"template":"","meta":{"_et_pb_use_builder":"","_et_pb_old_content":"","_et_gb_content_width":""},"product_brand":[],"product_cat":[823,3785],"product_tag":[3803,2335,825],"class_list":{"0":"post-8011","1":"product","2":"type-product","3":"status-publish","4":"has-post-thumbnail","6":"product_cat-szolok","7":"product_cat-uj-termekek","8":"product_tag-hamburgi","9":"product_tag-konteneres-szolo-oltvanyok-hamburgi-muskotaly-csemegeszolo","10":"product_tag-szolo","12":"first","13":"instock","14":"shipping-taxable","15":"purchasable","16":"product-type-simple"},"yoast_head":"<!-- This site is optimized with the Yoast SEO plugin v27.5 - https:\/\/yoast.com\/product\/yoast-seo-wordpress\/ -->\n<title>Kont\u00e9neres sz\u0151l\u0151 oltv\u00e1nyok Hamburgi muskot\u00e1ly csemegesz\u0151l\u0151 - T\u00e1jkert\u00e9sz<\/title>\n<meta name=\"description\" content=\"Kont\u00e9neres sz\u0151l\u0151 oltv\u00e1nyok Hamburgi muskot\u00e1ly csemegesz\u0151l\u0151\" \/>\n<meta name=\"robots\" content=\"index, follow, max-snippet:-1, max-image-preview:large, max-video-preview:-1\" \/>\n<link rel=\"canonical\" href=\"https:\/\/tajkertesz.com\/en_US\/product\/konteneres-szolo-oltvanyok-hamburgi-muskotaly-csemegeszolo\/\" \/>\n<meta property=\"og:locale\" content=\"en_US\" \/>\n<meta property=\"og:type\" content=\"article\" \/>\n<meta property=\"og:title\" content=\"Kont\u00e9neres sz\u0151l\u0151 oltv\u00e1nyok Hamburgi muskot\u00e1ly csemegesz\u0151l\u0151 - T\u00e1jkert\u00e9sz\" \/>\n<meta property=\"og:description\" content=\"Kont\u00e9neres sz\u0151l\u0151 oltv\u00e1nyok Hamburgi muskot\u00e1ly csemegesz\u0151l\u0151\" \/>\n<meta property=\"og:url\" content=\"https:\/\/tajkertesz.com\/en_US\/product\/konteneres-szolo-oltvanyok-hamburgi-muskotaly-csemegeszolo\/\" \/>\n<meta property=\"og:site_name\" content=\"T\u00e1jkert\u00e9sz\" \/>\n<meta property=\"article:publisher\" content=\"https:\/\/www.facebook.com\/Tajkertesz\/\" \/>\n<meta property=\"article:modified_time\" content=\"2026-02-21T14:39:59+00:00\" \/>\n<meta property=\"og:image\" content=\"https:\/\/tajkertesz.com\/wp-content\/uploads\/2021\/08\/Hamburgi-muskotaly.jpg\" \/>\n\t<meta property=\"og:image:width\" content=\"430\" \/>\n\t<meta property=\"og:image:height\" content=\"670\" \/>\n\t<meta property=\"og:image:type\" content=\"image\/jpeg\" \/>\n<meta name=\"twitter:card\" content=\"summary_large_image\" \/>\n<meta name=\"twitter:label1\" content=\"Est. reading time\" \/>\n\t<meta name=\"twitter:data1\" content=\"2 minutes\" \/>\n<script type=\"application\/ld+json\" class=\"yoast-schema-graph\">{\"@context\":\"https:\\\/\\\/schema.org\",\"@graph\":[{\"@type\":\"WebPage\",\"@id\":\"https:\\\/\\\/tajkertesz.com\\\/termek\\\/konteneres-szolo-oltvanyok-hamburgi-muskotaly-csemegeszolo\\\/\",\"url\":\"https:\\\/\\\/tajkertesz.com\\\/termek\\\/konteneres-szolo-oltvanyok-hamburgi-muskotaly-csemegeszolo\\\/\",\"name\":\"Kont\u00e9neres sz\u0151l\u0151 oltv\u00e1nyok Hamburgi muskot\u00e1ly csemegesz\u0151l\u0151 - T\u00e1jkert\u00e9sz\",\"isPartOf\":{\"@id\":\"https:\\\/\\\/tajkertesz.com\\\/#website\"},\"primaryImageOfPage\":{\"@id\":\"https:\\\/\\\/tajkertesz.com\\\/termek\\\/konteneres-szolo-oltvanyok-hamburgi-muskotaly-csemegeszolo\\\/#primaryimage\"},\"image\":{\"@id\":\"https:\\\/\\\/tajkertesz.com\\\/termek\\\/konteneres-szolo-oltvanyok-hamburgi-muskotaly-csemegeszolo\\\/#primaryimage\"},\"thumbnailUrl\":\"https:\\\/\\\/tajkertesz.com\\\/wp-content\\\/uploads\\\/2021\\\/08\\\/Hamburgi-muskotaly.jpg\",\"datePublished\":\"2021-08-16T12:35:01+00:00\",\"dateModified\":\"2026-02-21T14:39:59+00:00\",\"description\":\"Kont\u00e9neres sz\u0151l\u0151 oltv\u00e1nyok Hamburgi muskot\u00e1ly csemegesz\u0151l\u0151\",\"breadcrumb\":{\"@id\":\"https:\\\/\\\/tajkertesz.com\\\/termek\\\/konteneres-szolo-oltvanyok-hamburgi-muskotaly-csemegeszolo\\\/#breadcrumb\"},\"inLanguage\":\"en-US\",\"potentialAction\":[{\"@type\":\"ReadAction\",\"target\":[\"https:\\\/\\\/tajkertesz.com\\\/termek\\\/konteneres-szolo-oltvanyok-hamburgi-muskotaly-csemegeszolo\\\/\"]}]},{\"@type\":\"ImageObject\",\"inLanguage\":\"en-US\",\"@id\":\"https:\\\/\\\/tajkertesz.com\\\/termek\\\/konteneres-szolo-oltvanyok-hamburgi-muskotaly-csemegeszolo\\\/#primaryimage\",\"url\":\"https:\\\/\\\/tajkertesz.com\\\/wp-content\\\/uploads\\\/2021\\\/08\\\/Hamburgi-muskotaly.jpg\",\"contentUrl\":\"https:\\\/\\\/tajkertesz.com\\\/wp-content\\\/uploads\\\/2021\\\/08\\\/Hamburgi-muskotaly.jpg\",\"width\":430,\"height\":670,\"caption\":\"Szabadgy\u00f6ker\u0171 sz\u0151l\u0151 oltv\u00e1nyok Hamburgi muskot\u00e1ly csemegesz\u0151l\u0151\"},{\"@type\":\"BreadcrumbList\",\"@id\":\"https:\\\/\\\/tajkertesz.com\\\/termek\\\/konteneres-szolo-oltvanyok-hamburgi-muskotaly-csemegeszolo\\\/#breadcrumb\",\"itemListElement\":[{\"@type\":\"ListItem\",\"position\":1,\"name\":\"Home\",\"item\":\"https:\\\/\\\/tajkertesz.com\\\/\"},{\"@type\":\"ListItem\",\"position\":2,\"name\":\"Kezd\u0151lap\",\"item\":\"https:\\\/\\\/tajkertesz.com\\\/\"},{\"@type\":\"ListItem\",\"position\":3,\"name\":\"Kont\u00e9neres sz\u0151l\u0151 oltv\u00e1nyok Hamburgi muskot\u00e1ly csemegesz\u0151l\u0151\"}]},{\"@type\":\"WebSite\",\"@id\":\"https:\\\/\\\/tajkertesz.com\\\/#website\",\"url\":\"https:\\\/\\\/tajkertesz.com\\\/\",\"name\":\"T\u00e1j-Kert\u00e9sz 84 Kft.\",\"description\":\"Kert\u00e9szeti kis- \u00e9s nagykeresked\u00e9s, D\u00edszn\u00f6v\u00e9ny web\u00e1ruh\u00e1z orsz\u00e1gos h\u00e1zhozsz\u00e1ll\u00edt\u00e1ssal!\",\"publisher\":{\"@id\":\"https:\\\/\\\/tajkertesz.com\\\/#organization\"},\"potentialAction\":[{\"@type\":\"SearchAction\",\"target\":{\"@type\":\"EntryPoint\",\"urlTemplate\":\"https:\\\/\\\/tajkertesz.com\\\/?s={search_term_string}\"},\"query-input\":{\"@type\":\"PropertyValueSpecification\",\"valueRequired\":true,\"valueName\":\"search_term_string\"}}],\"inLanguage\":\"en-US\"},{\"@type\":\"Organization\",\"@id\":\"https:\\\/\\\/tajkertesz.com\\\/#organization\",\"name\":\"T\u00e1j-Kert\u00e9sz 84 Kft.\",\"url\":\"https:\\\/\\\/tajkertesz.com\\\/\",\"logo\":{\"@type\":\"ImageObject\",\"inLanguage\":\"en-US\",\"@id\":\"https:\\\/\\\/tajkertesz.com\\\/#\\\/schema\\\/logo\\\/image\\\/\",\"url\":\"https:\\\/\\\/tajkertesz.com\\\/wp-content\\\/uploads\\\/2018\\\/02\\\/logo-2-e1518678052539.png\",\"contentUrl\":\"https:\\\/\\\/tajkertesz.com\\\/wp-content\\\/uploads\\\/2018\\\/02\\\/logo-2-e1518678052539.png\",\"width\":81,\"height\":140,\"caption\":\"T\u00e1j-Kert\u00e9sz 84 Kft.\"},\"image\":{\"@id\":\"https:\\\/\\\/tajkertesz.com\\\/#\\\/schema\\\/logo\\\/image\\\/\"},\"sameAs\":[\"https:\\\/\\\/www.facebook.com\\\/Tajkertesz\\\/\"]}]}<\/script>\n<!-- \/ Yoast SEO plugin. -->","yoast_head_json":{"title":"Kont\u00e9neres sz\u0151l\u0151 oltv\u00e1nyok Hamburgi muskot\u00e1ly csemegesz\u0151l\u0151 - T\u00e1jkert\u00e9sz","description":"Kont\u00e9neres sz\u0151l\u0151 oltv\u00e1nyok Hamburgi muskot\u00e1ly csemegesz\u0151l\u0151","robots":{"index":"index","follow":"follow","max-snippet":"max-snippet:-1","max-image-preview":"max-image-preview:large","max-video-preview":"max-video-preview:-1"},"canonical":"https:\/\/tajkertesz.com\/en_US\/product\/konteneres-szolo-oltvanyok-hamburgi-muskotaly-csemegeszolo\/","og_locale":"en_US","og_type":"article","og_title":"Kont\u00e9neres sz\u0151l\u0151 oltv\u00e1nyok Hamburgi muskot\u00e1ly csemegesz\u0151l\u0151 - T\u00e1jkert\u00e9sz","og_description":"Kont\u00e9neres sz\u0151l\u0151 oltv\u00e1nyok Hamburgi muskot\u00e1ly csemegesz\u0151l\u0151","og_url":"https:\/\/tajkertesz.com\/en_US\/product\/konteneres-szolo-oltvanyok-hamburgi-muskotaly-csemegeszolo\/","og_site_name":"T\u00e1jkert\u00e9sz","article_publisher":"https:\/\/www.facebook.com\/Tajkertesz\/","article_modified_time":"2026-02-21T14:39:59+00:00","og_image":[{"width":430,"height":670,"url":"https:\/\/tajkertesz.com\/wp-content\/uploads\/2021\/08\/Hamburgi-muskotaly.jpg","type":"image\/jpeg"}],"twitter_card":"summary_large_image","twitter_misc":{"Est. reading time":"2 minutes"},"schema":{"@context":"https:\/\/schema.org","@graph":[{"@type":"WebPage","@id":"https:\/\/tajkertesz.com\/termek\/konteneres-szolo-oltvanyok-hamburgi-muskotaly-csemegeszolo\/","url":"https:\/\/tajkertesz.com\/termek\/konteneres-szolo-oltvanyok-hamburgi-muskotaly-csemegeszolo\/","name":"Kont\u00e9neres sz\u0151l\u0151 oltv\u00e1nyok Hamburgi muskot\u00e1ly csemegesz\u0151l\u0151 - T\u00e1jkert\u00e9sz","isPartOf":{"@id":"https:\/\/tajkertesz.com\/#website"},"primaryImageOfPage":{"@id":"https:\/\/tajkertesz.com\/termek\/konteneres-szolo-oltvanyok-hamburgi-muskotaly-csemegeszolo\/#primaryimage"},"image":{"@id":"https:\/\/tajkertesz.com\/termek\/konteneres-szolo-oltvanyok-hamburgi-muskotaly-csemegeszolo\/#primaryimage"},"thumbnailUrl":"https:\/\/tajkertesz.com\/wp-content\/uploads\/2021\/08\/Hamburgi-muskotaly.jpg","datePublished":"2021-08-16T12:35:01+00:00","dateModified":"2026-02-21T14:39:59+00:00","description":"Kont\u00e9neres sz\u0151l\u0151 oltv\u00e1nyok Hamburgi muskot\u00e1ly csemegesz\u0151l\u0151","breadcrumb":{"@id":"https:\/\/tajkertesz.com\/termek\/konteneres-szolo-oltvanyok-hamburgi-muskotaly-csemegeszolo\/#breadcrumb"},"inLanguage":"en-US","potentialAction":[{"@type":"ReadAction","target":["https:\/\/tajkertesz.com\/termek\/konteneres-szolo-oltvanyok-hamburgi-muskotaly-csemegeszolo\/"]}]},{"@type":"ImageObject","inLanguage":"en-US","@id":"https:\/\/tajkertesz.com\/termek\/konteneres-szolo-oltvanyok-hamburgi-muskotaly-csemegeszolo\/#primaryimage","url":"https:\/\/tajkertesz.com\/wp-content\/uploads\/2021\/08\/Hamburgi-muskotaly.jpg","contentUrl":"https:\/\/tajkertesz.com\/wp-content\/uploads\/2021\/08\/Hamburgi-muskotaly.jpg","width":430,"height":670,"caption":"Szabadgy\u00f6ker\u0171 sz\u0151l\u0151 oltv\u00e1nyok Hamburgi muskot\u00e1ly csemegesz\u0151l\u0151"},{"@type":"BreadcrumbList","@id":"https:\/\/tajkertesz.com\/termek\/konteneres-szolo-oltvanyok-hamburgi-muskotaly-csemegeszolo\/#breadcrumb","itemListElement":[{"@type":"ListItem","position":1,"name":"Home","item":"https:\/\/tajkertesz.com\/"},{"@type":"ListItem","position":2,"name":"Kezd\u0151lap","item":"https:\/\/tajkertesz.com\/"},{"@type":"ListItem","position":3,"name":"Kont\u00e9neres sz\u0151l\u0151 oltv\u00e1nyok Hamburgi muskot\u00e1ly csemegesz\u0151l\u0151"}]},{"@type":"WebSite","@id":"https:\/\/tajkertesz.com\/#website","url":"https:\/\/tajkertesz.com\/","name":"T\u00e1j-Kert\u00e9sz 84 Kft.","description":"Kert\u00e9szeti kis- \u00e9s nagykeresked\u00e9s, D\u00edszn\u00f6v\u00e9ny web\u00e1ruh\u00e1z orsz\u00e1gos h\u00e1zhozsz\u00e1ll\u00edt\u00e1ssal!","publisher":{"@id":"https:\/\/tajkertesz.com\/#organization"},"potentialAction":[{"@type":"SearchAction","target":{"@type":"EntryPoint","urlTemplate":"https:\/\/tajkertesz.com\/?s={search_term_string}"},"query-input":{"@type":"PropertyValueSpecification","valueRequired":true,"valueName":"search_term_string"}}],"inLanguage":"en-US"},{"@type":"Organization","@id":"https:\/\/tajkertesz.com\/#organization","name":"T\u00e1j-Kert\u00e9sz 84 Kft.","url":"https:\/\/tajkertesz.com\/","logo":{"@type":"ImageObject","inLanguage":"en-US","@id":"https:\/\/tajkertesz.com\/#\/schema\/logo\/image\/","url":"https:\/\/tajkertesz.com\/wp-content\/uploads\/2018\/02\/logo-2-e1518678052539.png","contentUrl":"https:\/\/tajkertesz.com\/wp-content\/uploads\/2018\/02\/logo-2-e1518678052539.png","width":81,"height":140,"caption":"T\u00e1j-Kert\u00e9sz 84 Kft."},"image":{"@id":"https:\/\/tajkertesz.com\/#\/schema\/logo\/image\/"},"sameAs":["https:\/\/www.facebook.com\/Tajkertesz\/"]}]}},"_links":{"self":[{"href":"https:\/\/tajkertesz.com\/en_US\/wp-json\/wp\/v2\/product\/8011","targetHints":{"allow":["GET"]}}],"collection":[{"href":"https:\/\/tajkertesz.com\/en_US\/wp-json\/wp\/v2\/product"}],"about":[{"href":"https:\/\/tajkertesz.com\/en_US\/wp-json\/wp\/v2\/types\/product"}],"wp:featuredmedia":[{"embeddable":true,"href":"https:\/\/tajkertesz.com\/en_US\/wp-json\/wp\/v2\/media\/8013"}],"wp:attachment":[{"href":"https:\/\/tajkertesz.com\/en_US\/wp-json\/wp\/v2\/media?parent=8011"}],"wp:term":[{"taxonomy":"product_brand","embeddable":true,"href":"https:\/\/tajkertesz.com\/en_US\/wp-json\/wp\/v2\/product_brand?post=8011"},{"taxonomy":"product_cat","embeddable":true,"href":"https:\/\/tajkertesz.com\/en_US\/wp-json\/wp\/v2\/product_cat?post=8011"},{"taxonomy":"product_tag","embeddable":true,"href":"https:\/\/tajkertesz.com\/en_US\/wp-json\/wp\/v2\/product_tag?post=8011"}],"curies":[{"name":"wp","href":"https:\/\/api.w.org\/{rel}","templated":true}]}}