{"id":8019,"date":"2021-08-16T12:51:09","date_gmt":"2021-08-16T12:51:09","guid":{"rendered":"https:\/\/tajkertesz.com\/?post_type=product&#038;p=8019"},"modified":"2026-04-24T12:51:38","modified_gmt":"2026-04-24T12:51:38","slug":"szabadgyokeru-szolo-oltvanyok-moldova-r-csemegeszolo","status":"publish","type":"product","link":"https:\/\/tajkertesz.com\/en_US\/product\/szabadgyokeru-szolo-oltvanyok-moldova-r-csemegeszolo\/","title":{"rendered":"Szabadgy\u00f6ker\u0171 sz\u0151l\u0151 oltv\u00e1nyok &#8216;Moldova R&#8217;"},"content":{"rendered":"<h1>Szabadgy\u00f6ker\u0171 sz\u0151l\u0151 oltv\u00e1nyok &#8216;Moldova R&#8217;<\/h1>\n<p>A szabadgy\u00f6ker\u0171 sz\u0151l\u0151 oltv\u00e1nyok &#8216;Moldova R&#8217;\u00a0 \u00a0egy mold\u00e1v sz\u00e1rmaz\u00e1s\u00fa csemegesz\u0151l\u0151fajta, amelyet a Guzal Kara \u00e9s az SV 12375 sz\u0151l\u0151k keresztez\u00e9s\u00e9vel hoztak l\u00e9tre. Ez a fajta k\u00fcl\u00f6n\u00f6sen n\u00e9pszer\u0171 a kiskertekben, mivel er\u0151s n\u00f6veked\u00e9s\u0171 \u00e9s b\u0151term\u0151. A Moldova sz\u0151l\u0151fajta jellemz\u0151en s\u00f6t\u00e9tk\u00e9k sz\u00edn\u0171 bogy\u00f3kat hoz, amelyek semleges \u00edz\u0171ek \u00e9s ropog\u00f3sak.<\/p>\n<h2>A Moldova R csemegesz\u0151l\u0151 jellemz\u0151i<\/h2>\n<p><strong>Rezisztens csemegesz\u0151l\u0151<\/strong><\/p>\n<p>\u00c9r\u00e9si ideje szeptember k\u00f6zep\u00e9t\u0151l okt\u00f3ber elej\u00e9ig tart. A f\u00fcrtjei k\u00f6z\u00e9pnagyok, laza szerkezet\u0171ek, \u00e9s \u00e1tlagosan 350-450 gramm s\u00faly\u00faak. A bogy\u00f3k s\u00falya 5-7 gramm, er\u0151sen k\u00f6t\u0151dnek a kocs\u00e1nyhoz, ami megk\u00f6nny\u00edti a sz\u00fcretel\u00e9st.<\/p>\n<p>Ez a sz\u0151l\u0151fajta k\u00fcl\u00f6n\u00f6sen ellen\u00e1ll\u00f3 a gomb\u00e1s betegs\u00e9gekkel szemben, \u00e9s nem hajlamos a rothad\u00e1sra. A bogy\u00f3k nem repednek meg az es\u0151t\u0151l, \u00e9s a darazsak, valamint m\u00e1s rovarok is kev\u00e9sb\u00e9 k\u00e1ros\u00edtj\u00e1k \u0151ket. A Moldova sz\u0151l\u0151fajta fagyt\u0171r\u00e9se is kiv\u00e1l\u00f3, -23 \u00e9s -26 \u00b0C k\u00f6z\u00f6tti h\u0151m\u00e9rs\u00e9kletet is elvisel, \u00edgy a t\u00e9li \u00e9s tavaszi fagyok nem k\u00e1ros\u00edtj\u00e1k jelent\u0151sen.<\/p>\n<p>A Moldova sz\u0151l\u0151 termeszt\u00e9se sor\u00e1n fontos a megfelel\u0151 talaj \u00e9s kl\u00edma biztos\u00edt\u00e1sa. A sz\u0151l\u0151 a napos, meleg helyeket kedveli, ahol a talaj j\u00f3 v\u00edzelvezet\u00e9s\u0171 \u00e9s t\u00e1panyagban gazdag. A megfelel\u0151 metsz\u00e9s \u00e9s n\u00f6v\u00e9nyv\u00e9delem szint\u00e9n elengedhetetlen a j\u00f3 term\u00e9s el\u00e9r\u00e9s\u00e9hez. A sz\u0151l\u0151t lugasm\u0171vel\u00e9sre is alkalmas, ami azt jelenti, hogy a sz\u0151l\u0151t lugasokban termesztik, \u00edgy a f\u00fcrt\u00f6k k\u00f6nnyen hozz\u00e1f\u00e9rhet\u0151k \u00e9s szell\u0151sek maradnak.<\/p>\n<p>A Moldova sz\u0151l\u0151fajta nemcsak \u00edzletes gy\u00fcm\u00f6lcs\u00f6t ad, hanem eszt\u00e9tikai \u00e9rt\u00e9ke is jelent\u0151s. A nagy, v\u00e1llas f\u00fcrt\u00f6k \u00e9s a sz\u00e9p sz\u00edn\u0171 bogy\u00f3k d\u00edsz\u00edtik a sz\u0151l\u0151lugasokat \u00e9s a kerteket. Az egyszer\u0171, harmonikus \u00edz pedig k\u00fcl\u00f6nleges \u00e9lm\u00e9nyt ny\u00fajt a fogyaszt\u00f3knak, legyen sz\u00f3 friss fogyaszt\u00e1sr\u00f3l vagy bork\u00e9sz\u00edt\u00e9sr\u0151l<\/p>\n<h3>Szabadgy\u00f6ker\u0171 sz\u0151l\u0151 oltv\u00e1nyok gondoz\u00e1sa<\/h3>\n<ul>\n<li><strong>Talaj<\/strong>: A\u00a0j\u00f3 v\u00edzelvezet\u00e9s\u0171, t\u00e1panyagban gazdag talajt kedveli. \u00dcltet\u00e9s el\u0151tt \u00e9rdemes a talajt komposzttal vagy szerves tr\u00e1gy\u00e1val jav\u00edtani.<\/li>\n<li><strong>Hely<\/strong>: Napf\u00e9nyes, meleg helyre \u00fcltess\u00fck, ahol a n\u00f6v\u00e9ny elegend\u0151 f\u00e9nyt kap a fotoszint\u00e9zishez \u00e9s a bogy\u00f3k \u00e9r\u00e9s\u00e9hez.<\/li>\n<li><strong>\u00d6nt\u00f6z\u00e9s<\/strong>: A sz\u0151l\u0151nek k\u00fcl\u00f6n\u00f6sen a n\u00f6veked\u00e9si id\u0151szakban van sz\u00fcks\u00e9ge rendszeres \u00f6nt\u00f6z\u00e9sre. a talajlegyen\u00a0 mindig enyh\u00e9n nedves, de ne \u00e1lljon meg a v\u00edz.<\/li>\n<li><strong>T\u00e9li metsz\u00e9s<\/strong>: A sz\u0151l\u0151t t\u00e9len, nyugalmi \u00e1llapotban kell metszeni.<\/li>\n<li><strong>Z\u00f6ldmunk\u00e1k<\/strong>: Ny\u00e1ron v\u00e9gezz\u00fck el a z\u00f6ldmunk\u00e1kat, mint a hajt\u00e1sv\u00e1logat\u00e1s, csonk\u00e1z\u00e1s \u00e9s a f\u00fcrtritk\u00edt\u00e1s, hogy a n\u00f6v\u00e9ny energi\u00e1j\u00e1t a legjobb min\u0151s\u00e9g\u0171 f\u00fcrt\u00f6k \u00e9rlel\u00e9s\u00e9re ford\u00edthassa.<\/li>\n<li><strong>Tr\u00e1gy\u00e1z\u00e1s<\/strong>: Tavasszal \u00e9s \u0151sszel \u00e9rdemes szerves tr\u00e1gy\u00e1t vagy komposztot kijuttatni a n\u00f6v\u00e9ny k\u00f6r\u00e9. A veget\u00e1ci\u00f3s id\u0151szakban nitrog\u00e9nben gazdag m\u0171tr\u00e1gy\u00e1t is haszn\u00e1lhatunk a n\u00f6veked\u00e9s serkent\u00e9s\u00e9re.<\/li>\n<li><strong>Betegs\u00e9gek \u00e9s k\u00e1rtev\u0151k<\/strong>: Ellen\u00e1ll\u00f3 a gomb\u00e1s betegs\u00e9gekkel szemben, de \u00e9rdemes figyelni a lisztharmat \u00e9s a peronoszp\u00f3ra jeleire. Rendszeres permetez\u00e9ssel \u00e9s megfelel\u0151 n\u00f6v\u00e9nyv\u00e9delemmel megel\u0151zhetj\u00fck a fert\u0151z\u00e9seket.<\/li>\n<li><strong>Fagyv\u00e9delem<\/strong>: B\u00e1r a Moldova sz\u0151l\u0151 fagyt\u0171r\u0151, a fiatal n\u00f6v\u00e9nyeket \u00e9rdemes t\u00e9len takar\u00e1ssal v\u00e9deni a hideg ellen.<\/li>\n<\/ul>\n<p>&nbsp;<\/p>\n<p><strong>K\u00e9szlet\u00fcnk napi szinten v\u00e1ltozik, ez\u00e9rt k\u00e9rj\u00fck, \u00e9rdekl\u0151dj\u00f6n szem\u00e9lyesen, telefonon vagy email-en.<br \/>\nA v\u00e1ltoztat\u00e1s jog\u00e1t fenntartjuk!\u00a0<\/strong><\/p>\n<p><a href=\"https:\/\/tajkertesz.com\/\">https:\/\/tajkertesz.com\/<\/a><\/p>\n<p><a href=\"https:\/\/www.facebook.com\/tajkertesz\/\">https:\/\/www.facebook.com\/tajkertesz\/<\/a><\/p>\n<p>Kisz\u00e1ll\u00edt\u00e1s: 200cm-ig \u00a0\u00e9s 40 kg-ig a sz\u00e1ll\u00edt\u00e1s fut\u00e1rszolg\u00e1lattal \u00a0t\u00f6rt\u00e9nik.<\/p>\n<p>Szem\u00e9lyes \u00e1tv\u00e9tel nyitvatart\u00e1si id\u0151ben a 17. ker\u00fclet Bakancsos utca 7. sz\u00e1m alatti Kert\u00e9szeti \u00e1rud\u00e1nkban.<\/p>\n<p>&nbsp;<\/p>","protected":false},"excerpt":{"rendered":"<p>Szabadgy\u00f6ker\u0171 Moldova sz\u0151l\u0151oltv\u00e1ny \u2013 nagyszem\u0171, fekete bogy\u00f3j\u00fa, k\u00e9s\u0151i \u00e9r\u00e9s\u0171 csemegesz\u0151l\u0151 fajta kiv\u00e1l\u00f3 t\u00e1rolhat\u00f3s\u00e1ggal \u00e9s betegs\u00e9gt\u0171r\u00e9ssel.<\/p>","protected":false},"featured_media":8020,"template":"","meta":{"_et_pb_use_builder":"","_et_pb_old_content":"","_et_gb_content_width":""},"product_brand":[],"product_cat":[7412,3785],"product_tag":[7394,7379,5392,7392,7391,7393,7395,834,7372],"class_list":{"0":"post-8019","1":"product","2":"type-product","3":"status-publish","4":"has-post-thumbnail","6":"product_cat-szabadgyokeru-szolok","7":"product_cat-uj-termekek","8":"product_tag-fekete-szolo-fajta","9":"product_tag-kesoi-eresu-szolo","10":"product_tag-moldova","11":"product_tag-moldova-csemegeszolo","12":"product_tag-moldova-szolo-oltvany","13":"product_tag-nagyszemu-szolo","14":"product_tag-rezisztens-szolo","15":"product_tag-szabadgyokeru-szolo","16":"product_tag-szolooltvany-rendeles","18":"first","19":"outofstock","20":"shipping-taxable","21":"product-type-simple"},"yoast_head":"<!-- This site is optimized with the Yoast SEO plugin v27.5 - https:\/\/yoast.com\/product\/yoast-seo-wordpress\/ -->\n<title>Szabadgy\u00f6ker\u0171 sz\u0151l\u0151 oltv\u00e1nyok &#039;Moldova R&#039; - T\u00e1jkert\u00e9sz<\/title>\n<meta name=\"description\" content=\"Szabadgy\u00f6ker\u0171 sz\u0151l\u0151 oltv\u00e1nyok &#039;Moldova R&#039; csemegesz\u0151l\u0151 \u00c9r\u00e9si ideje szeptember k\u00f6zep\u00e9t\u0151l okt\u00f3ber elej\u00e9ig tart. A f\u00fcrtjei k\u00f6z\u00e9pnagyok, laza szerkezet\u0171ek.\" \/>\n<meta name=\"robots\" content=\"index, follow, max-snippet:-1, max-image-preview:large, max-video-preview:-1\" \/>\n<link rel=\"canonical\" href=\"https:\/\/tajkertesz.com\/en_US\/product\/szabadgyokeru-szolo-oltvanyok-moldova-r-csemegeszolo\/\" \/>\n<meta property=\"og:locale\" content=\"en_US\" \/>\n<meta property=\"og:type\" content=\"article\" \/>\n<meta property=\"og:title\" content=\"Szabadgy\u00f6ker\u0171 sz\u0151l\u0151 oltv\u00e1nyok &#039;Moldova R&#039; - T\u00e1jkert\u00e9sz\" \/>\n<meta property=\"og:description\" content=\"Szabadgy\u00f6ker\u0171 sz\u0151l\u0151 oltv\u00e1nyok &#039;Moldova R&#039; csemegesz\u0151l\u0151 \u00c9r\u00e9si ideje szeptember k\u00f6zep\u00e9t\u0151l okt\u00f3ber elej\u00e9ig tart. A f\u00fcrtjei k\u00f6z\u00e9pnagyok, laza szerkezet\u0171ek.\" \/>\n<meta property=\"og:url\" content=\"https:\/\/tajkertesz.com\/en_US\/product\/szabadgyokeru-szolo-oltvanyok-moldova-r-csemegeszolo\/\" \/>\n<meta property=\"og:site_name\" content=\"T\u00e1jkert\u00e9sz\" \/>\n<meta property=\"article:publisher\" content=\"https:\/\/www.facebook.com\/Tajkertesz\/\" \/>\n<meta property=\"article:modified_time\" content=\"2026-04-24T12:51:38+00:00\" \/>\n<meta property=\"og:image\" content=\"https:\/\/tajkertesz.com\/wp-content\/uploads\/2021\/08\/moldova.jpg\" \/>\n\t<meta property=\"og:image:width\" content=\"303\" \/>\n\t<meta property=\"og:image:height\" content=\"410\" \/>\n\t<meta property=\"og:image:type\" content=\"image\/jpeg\" \/>\n<meta name=\"twitter:card\" content=\"summary_large_image\" \/>\n<meta name=\"twitter:label1\" content=\"Est. reading time\" \/>\n\t<meta name=\"twitter:data1\" content=\"3 minutes\" \/>\n<script type=\"application\/ld+json\" class=\"yoast-schema-graph\">{\"@context\":\"https:\\\/\\\/schema.org\",\"@graph\":[{\"@type\":\"WebPage\",\"@id\":\"https:\\\/\\\/tajkertesz.com\\\/termek\\\/szabadgyokeru-szolo-oltvanyok-moldova-r-csemegeszolo\\\/\",\"url\":\"https:\\\/\\\/tajkertesz.com\\\/termek\\\/szabadgyokeru-szolo-oltvanyok-moldova-r-csemegeszolo\\\/\",\"name\":\"Szabadgy\u00f6ker\u0171 sz\u0151l\u0151 oltv\u00e1nyok 'Moldova R' - T\u00e1jkert\u00e9sz\",\"isPartOf\":{\"@id\":\"https:\\\/\\\/tajkertesz.com\\\/#website\"},\"primaryImageOfPage\":{\"@id\":\"https:\\\/\\\/tajkertesz.com\\\/termek\\\/szabadgyokeru-szolo-oltvanyok-moldova-r-csemegeszolo\\\/#primaryimage\"},\"image\":{\"@id\":\"https:\\\/\\\/tajkertesz.com\\\/termek\\\/szabadgyokeru-szolo-oltvanyok-moldova-r-csemegeszolo\\\/#primaryimage\"},\"thumbnailUrl\":\"https:\\\/\\\/tajkertesz.com\\\/wp-content\\\/uploads\\\/2021\\\/08\\\/moldova.jpg\",\"datePublished\":\"2021-08-16T12:51:09+00:00\",\"dateModified\":\"2026-04-24T12:51:38+00:00\",\"description\":\"Szabadgy\u00f6ker\u0171 sz\u0151l\u0151 oltv\u00e1nyok 'Moldova R' csemegesz\u0151l\u0151 \u00c9r\u00e9si ideje szeptember k\u00f6zep\u00e9t\u0151l okt\u00f3ber elej\u00e9ig tart. A f\u00fcrtjei k\u00f6z\u00e9pnagyok, laza szerkezet\u0171ek.\",\"breadcrumb\":{\"@id\":\"https:\\\/\\\/tajkertesz.com\\\/termek\\\/szabadgyokeru-szolo-oltvanyok-moldova-r-csemegeszolo\\\/#breadcrumb\"},\"inLanguage\":\"en-US\",\"potentialAction\":[{\"@type\":\"ReadAction\",\"target\":[\"https:\\\/\\\/tajkertesz.com\\\/termek\\\/szabadgyokeru-szolo-oltvanyok-moldova-r-csemegeszolo\\\/\"]}]},{\"@type\":\"ImageObject\",\"inLanguage\":\"en-US\",\"@id\":\"https:\\\/\\\/tajkertesz.com\\\/termek\\\/szabadgyokeru-szolo-oltvanyok-moldova-r-csemegeszolo\\\/#primaryimage\",\"url\":\"https:\\\/\\\/tajkertesz.com\\\/wp-content\\\/uploads\\\/2021\\\/08\\\/moldova.jpg\",\"contentUrl\":\"https:\\\/\\\/tajkertesz.com\\\/wp-content\\\/uploads\\\/2021\\\/08\\\/moldova.jpg\",\"width\":303,\"height\":410,\"caption\":\"Szabadgy\u00f6ker\u0171 sz\u0151l\u0151 oltv\u00e1nyok 'Moldova R'\u00a0\"},{\"@type\":\"BreadcrumbList\",\"@id\":\"https:\\\/\\\/tajkertesz.com\\\/termek\\\/szabadgyokeru-szolo-oltvanyok-moldova-r-csemegeszolo\\\/#breadcrumb\",\"itemListElement\":[{\"@type\":\"ListItem\",\"position\":1,\"name\":\"Home\",\"item\":\"https:\\\/\\\/tajkertesz.com\\\/\"},{\"@type\":\"ListItem\",\"position\":2,\"name\":\"Kezd\u0151lap\",\"item\":\"https:\\\/\\\/tajkertesz.com\\\/\"},{\"@type\":\"ListItem\",\"position\":3,\"name\":\"Szabadgy\u00f6ker\u0171 sz\u0151l\u0151 oltv\u00e1nyok &#8216;Moldova R&#8217;\"}]},{\"@type\":\"WebSite\",\"@id\":\"https:\\\/\\\/tajkertesz.com\\\/#website\",\"url\":\"https:\\\/\\\/tajkertesz.com\\\/\",\"name\":\"T\u00e1j-Kert\u00e9sz 84 Kft.\",\"description\":\"Kert\u00e9szeti kis- \u00e9s nagykeresked\u00e9s, D\u00edszn\u00f6v\u00e9ny web\u00e1ruh\u00e1z orsz\u00e1gos h\u00e1zhozsz\u00e1ll\u00edt\u00e1ssal!\",\"publisher\":{\"@id\":\"https:\\\/\\\/tajkertesz.com\\\/#organization\"},\"potentialAction\":[{\"@type\":\"SearchAction\",\"target\":{\"@type\":\"EntryPoint\",\"urlTemplate\":\"https:\\\/\\\/tajkertesz.com\\\/?s={search_term_string}\"},\"query-input\":{\"@type\":\"PropertyValueSpecification\",\"valueRequired\":true,\"valueName\":\"search_term_string\"}}],\"inLanguage\":\"en-US\"},{\"@type\":\"Organization\",\"@id\":\"https:\\\/\\\/tajkertesz.com\\\/#organization\",\"name\":\"T\u00e1j-Kert\u00e9sz 84 Kft.\",\"url\":\"https:\\\/\\\/tajkertesz.com\\\/\",\"logo\":{\"@type\":\"ImageObject\",\"inLanguage\":\"en-US\",\"@id\":\"https:\\\/\\\/tajkertesz.com\\\/#\\\/schema\\\/logo\\\/image\\\/\",\"url\":\"https:\\\/\\\/tajkertesz.com\\\/wp-content\\\/uploads\\\/2018\\\/02\\\/logo-2-e1518678052539.png\",\"contentUrl\":\"https:\\\/\\\/tajkertesz.com\\\/wp-content\\\/uploads\\\/2018\\\/02\\\/logo-2-e1518678052539.png\",\"width\":81,\"height\":140,\"caption\":\"T\u00e1j-Kert\u00e9sz 84 Kft.\"},\"image\":{\"@id\":\"https:\\\/\\\/tajkertesz.com\\\/#\\\/schema\\\/logo\\\/image\\\/\"},\"sameAs\":[\"https:\\\/\\\/www.facebook.com\\\/Tajkertesz\\\/\"]}]}<\/script>\n<!-- \/ Yoast SEO plugin. -->","yoast_head_json":{"title":"Szabadgy\u00f6ker\u0171 sz\u0151l\u0151 oltv\u00e1nyok 'Moldova R' - T\u00e1jkert\u00e9sz","description":"Szabadgy\u00f6ker\u0171 sz\u0151l\u0151 oltv\u00e1nyok 'Moldova R' csemegesz\u0151l\u0151 \u00c9r\u00e9si ideje szeptember k\u00f6zep\u00e9t\u0151l okt\u00f3ber elej\u00e9ig tart. A f\u00fcrtjei k\u00f6z\u00e9pnagyok, laza szerkezet\u0171ek.","robots":{"index":"index","follow":"follow","max-snippet":"max-snippet:-1","max-image-preview":"max-image-preview:large","max-video-preview":"max-video-preview:-1"},"canonical":"https:\/\/tajkertesz.com\/en_US\/product\/szabadgyokeru-szolo-oltvanyok-moldova-r-csemegeszolo\/","og_locale":"en_US","og_type":"article","og_title":"Szabadgy\u00f6ker\u0171 sz\u0151l\u0151 oltv\u00e1nyok 'Moldova R' - T\u00e1jkert\u00e9sz","og_description":"Szabadgy\u00f6ker\u0171 sz\u0151l\u0151 oltv\u00e1nyok 'Moldova R' csemegesz\u0151l\u0151 \u00c9r\u00e9si ideje szeptember k\u00f6zep\u00e9t\u0151l okt\u00f3ber elej\u00e9ig tart. A f\u00fcrtjei k\u00f6z\u00e9pnagyok, laza szerkezet\u0171ek.","og_url":"https:\/\/tajkertesz.com\/en_US\/product\/szabadgyokeru-szolo-oltvanyok-moldova-r-csemegeszolo\/","og_site_name":"T\u00e1jkert\u00e9sz","article_publisher":"https:\/\/www.facebook.com\/Tajkertesz\/","article_modified_time":"2026-04-24T12:51:38+00:00","og_image":[{"width":303,"height":410,"url":"https:\/\/tajkertesz.com\/wp-content\/uploads\/2021\/08\/moldova.jpg","type":"image\/jpeg"}],"twitter_card":"summary_large_image","twitter_misc":{"Est. reading time":"3 minutes"},"schema":{"@context":"https:\/\/schema.org","@graph":[{"@type":"WebPage","@id":"https:\/\/tajkertesz.com\/termek\/szabadgyokeru-szolo-oltvanyok-moldova-r-csemegeszolo\/","url":"https:\/\/tajkertesz.com\/termek\/szabadgyokeru-szolo-oltvanyok-moldova-r-csemegeszolo\/","name":"Szabadgy\u00f6ker\u0171 sz\u0151l\u0151 oltv\u00e1nyok 'Moldova R' - T\u00e1jkert\u00e9sz","isPartOf":{"@id":"https:\/\/tajkertesz.com\/#website"},"primaryImageOfPage":{"@id":"https:\/\/tajkertesz.com\/termek\/szabadgyokeru-szolo-oltvanyok-moldova-r-csemegeszolo\/#primaryimage"},"image":{"@id":"https:\/\/tajkertesz.com\/termek\/szabadgyokeru-szolo-oltvanyok-moldova-r-csemegeszolo\/#primaryimage"},"thumbnailUrl":"https:\/\/tajkertesz.com\/wp-content\/uploads\/2021\/08\/moldova.jpg","datePublished":"2021-08-16T12:51:09+00:00","dateModified":"2026-04-24T12:51:38+00:00","description":"Szabadgy\u00f6ker\u0171 sz\u0151l\u0151 oltv\u00e1nyok 'Moldova R' csemegesz\u0151l\u0151 \u00c9r\u00e9si ideje szeptember k\u00f6zep\u00e9t\u0151l okt\u00f3ber elej\u00e9ig tart. A f\u00fcrtjei k\u00f6z\u00e9pnagyok, laza szerkezet\u0171ek.","breadcrumb":{"@id":"https:\/\/tajkertesz.com\/termek\/szabadgyokeru-szolo-oltvanyok-moldova-r-csemegeszolo\/#breadcrumb"},"inLanguage":"en-US","potentialAction":[{"@type":"ReadAction","target":["https:\/\/tajkertesz.com\/termek\/szabadgyokeru-szolo-oltvanyok-moldova-r-csemegeszolo\/"]}]},{"@type":"ImageObject","inLanguage":"en-US","@id":"https:\/\/tajkertesz.com\/termek\/szabadgyokeru-szolo-oltvanyok-moldova-r-csemegeszolo\/#primaryimage","url":"https:\/\/tajkertesz.com\/wp-content\/uploads\/2021\/08\/moldova.jpg","contentUrl":"https:\/\/tajkertesz.com\/wp-content\/uploads\/2021\/08\/moldova.jpg","width":303,"height":410,"caption":"Szabadgy\u00f6ker\u0171 sz\u0151l\u0151 oltv\u00e1nyok 'Moldova R'\u00a0"},{"@type":"BreadcrumbList","@id":"https:\/\/tajkertesz.com\/termek\/szabadgyokeru-szolo-oltvanyok-moldova-r-csemegeszolo\/#breadcrumb","itemListElement":[{"@type":"ListItem","position":1,"name":"Home","item":"https:\/\/tajkertesz.com\/"},{"@type":"ListItem","position":2,"name":"Kezd\u0151lap","item":"https:\/\/tajkertesz.com\/"},{"@type":"ListItem","position":3,"name":"Szabadgy\u00f6ker\u0171 sz\u0151l\u0151 oltv\u00e1nyok &#8216;Moldova R&#8217;"}]},{"@type":"WebSite","@id":"https:\/\/tajkertesz.com\/#website","url":"https:\/\/tajkertesz.com\/","name":"T\u00e1j-Kert\u00e9sz 84 Kft.","description":"Kert\u00e9szeti kis- \u00e9s nagykeresked\u00e9s, D\u00edszn\u00f6v\u00e9ny web\u00e1ruh\u00e1z orsz\u00e1gos h\u00e1zhozsz\u00e1ll\u00edt\u00e1ssal!","publisher":{"@id":"https:\/\/tajkertesz.com\/#organization"},"potentialAction":[{"@type":"SearchAction","target":{"@type":"EntryPoint","urlTemplate":"https:\/\/tajkertesz.com\/?s={search_term_string}"},"query-input":{"@type":"PropertyValueSpecification","valueRequired":true,"valueName":"search_term_string"}}],"inLanguage":"en-US"},{"@type":"Organization","@id":"https:\/\/tajkertesz.com\/#organization","name":"T\u00e1j-Kert\u00e9sz 84 Kft.","url":"https:\/\/tajkertesz.com\/","logo":{"@type":"ImageObject","inLanguage":"en-US","@id":"https:\/\/tajkertesz.com\/#\/schema\/logo\/image\/","url":"https:\/\/tajkertesz.com\/wp-content\/uploads\/2018\/02\/logo-2-e1518678052539.png","contentUrl":"https:\/\/tajkertesz.com\/wp-content\/uploads\/2018\/02\/logo-2-e1518678052539.png","width":81,"height":140,"caption":"T\u00e1j-Kert\u00e9sz 84 Kft."},"image":{"@id":"https:\/\/tajkertesz.com\/#\/schema\/logo\/image\/"},"sameAs":["https:\/\/www.facebook.com\/Tajkertesz\/"]}]}},"_links":{"self":[{"href":"https:\/\/tajkertesz.com\/en_US\/wp-json\/wp\/v2\/product\/8019","targetHints":{"allow":["GET"]}}],"collection":[{"href":"https:\/\/tajkertesz.com\/en_US\/wp-json\/wp\/v2\/product"}],"about":[{"href":"https:\/\/tajkertesz.com\/en_US\/wp-json\/wp\/v2\/types\/product"}],"wp:featuredmedia":[{"embeddable":true,"href":"https:\/\/tajkertesz.com\/en_US\/wp-json\/wp\/v2\/media\/8020"}],"wp:attachment":[{"href":"https:\/\/tajkertesz.com\/en_US\/wp-json\/wp\/v2\/media?parent=8019"}],"wp:term":[{"taxonomy":"product_brand","embeddable":true,"href":"https:\/\/tajkertesz.com\/en_US\/wp-json\/wp\/v2\/product_brand?post=8019"},{"taxonomy":"product_cat","embeddable":true,"href":"https:\/\/tajkertesz.com\/en_US\/wp-json\/wp\/v2\/product_cat?post=8019"},{"taxonomy":"product_tag","embeddable":true,"href":"https:\/\/tajkertesz.com\/en_US\/wp-json\/wp\/v2\/product_tag?post=8019"}],"curies":[{"name":"wp","href":"https:\/\/api.w.org\/{rel}","templated":true}]}}