{"id":8032,"date":"2025-03-28T16:00:02","date_gmt":"2025-03-28T16:00:02","guid":{"rendered":"https:\/\/tajkertesz.com\/?post_type=product&#038;p=8032"},"modified":"2026-03-01T16:34:41","modified_gmt":"2026-03-01T16:34:41","slug":"acer-palmatum-atropurpureum-voroslevelu-japan-juhar-3","status":"publish","type":"product","link":"https:\/\/tajkertesz.com\/en_US\/product\/acer-palmatum-atropurpureum-voroslevelu-japan-juhar-3\/","title":{"rendered":"Acer palmatum &#8216;Atropurpureum&#8217; &#8211; V\u00f6r\u00f6slevel\u0171 jap\u00e1n juhar"},"content":{"rendered":"<h1>Acer palmatum &#8216;Atropurpureum&#8217; &#8211; V\u00f6r\u00f6slevel\u0171 jap\u00e1n juhar<\/h1>\n<p>Az Acer palmatum &#8216;Atropurpureum&#8217; v\u00f6r\u00f6slevel\u0171 jap\u00e1n juhar, egy k\u00f6zepes m\u00e9ret\u0171 d\u00edszfa vagy d\u00edszcserje, amely k\u00fcl\u00f6nleges sz\u00e9ps\u00e9g\u00e9vel h\u00f3d\u00edtja meg a kerteket.<\/p>\n<h2>Acer palmatum &#8216;Atropurpureum&#8217; jellemz\u0151i<\/h2>\n<ul>\n<li class=\"\" data-start=\"178\" data-end=\"480\">\n<p class=\"\" data-start=\"181\" data-end=\"480\">Viszonylag kis m\u00e9ret\u0171 fa, amely 4-6 m\u00e9ter magasra n\u0151het, \u00e9s hasonl\u00f3 sz\u00e9less\u00e9g\u0171. Az \u00e1gak finoman \u00edveltek, \u00e9s a levelek er\u0151teljes, bord\u00f3-lil\u00e1s sz\u00ednben pomp\u00e1znak, k\u00fcl\u00f6n\u00f6sen tavasszal \u00e9s ny\u00e1ron. \u0150sszel ezek a sz\u00ednek \u00e9l\u00e9nkebb\u00e9 v\u00e1lnak.<\/p>\n<\/li>\n<li class=\"\" data-start=\"482\" data-end=\"694\">\n<p class=\"\" data-start=\"485\" data-end=\"694\">A &#8216;Atropurpureum&#8217; fajta levelei ujjszer\u0171ek, finom sz\u00e9l\u0171ek, \u00e9s m\u00e9ly v\u00f6r\u00f6s sz\u00ednben ragyognak. A fiatal levelek \u00e9l\u00e9nkebbek, majd ahogy a fa n\u00f6vekszik, s\u00f6t\u00e9tebb, m\u00e9lyebb lil\u00e1sv\u00f6r\u00f6s \u00e1rnyalatot \u00f6ltenek.<\/p>\n<\/li>\n<\/ul>\n<p>&nbsp;<\/p>\n<h3>V\u00f6r\u00f6slevel\u0171 jap\u00e1n juhar gondoz\u00e1sa<\/h3>\n<ul>\n<li class=\"\" data-start=\"696\" data-end=\"1006\">\n<p class=\"\" data-start=\"699\" data-end=\"1006\">Kedveli a r\u00e9szleges \u00e1rny\u00e9kot \u00e9s a humuszos, j\u00f3 v\u00edzelvezet\u0151 talajt. A fa \u00e9rz\u00e9keny lehet a hirtelen hideg id\u0151j\u00e1r\u00e1sra, \u00edgy a fagyosabb ter\u00fcleteken gondoskodni kell r\u00f3la, hogy megfelel\u0151 v\u00e9delemben r\u00e9szes\u00fclj\u00f6n t\u00e9len.<\/p>\n<\/li>\n<li class=\"\" data-start=\"1008\" data-end=\"1299\">\n<p class=\"\" data-start=\"1011\" data-end=\"1299\">\u00a0Rendszeres \u00f6nt\u00f6z\u00e9st ig\u00e9nyel, de a t\u00falzott \u00f6nt\u00f6z\u00e9s elker\u00fclend\u0151. A metsz\u00e9s\u00e9re akkor van sz\u00fcks\u00e9g, ha a fa t\u00fal nagyra n\u0151, vagy ha el akarjuk t\u00e1vol\u00edtani az elhalt \u00e1gakat. A &#8216;Atropurpureum&#8217; nem ig\u00e9nyel k\u00fcl\u00f6n\u00f6sebb gondoz\u00e1st, de a szakszer\u0171 metsz\u00e9s seg\u00edthet meg\u0151rizni form\u00e1j\u00e1t.<\/p>\n<\/li>\n<\/ul>\n<p>&nbsp;<\/p>\n<p><b>K\u00e9szlet\u00fcnk napi szinten v\u00e1ltozik, ez\u00e9rt k\u00e9rj\u00fck, \u00e9rdekl\u0151dj\u00f6n szem\u00e9lyesen, telefonon vagy email-en.<br \/>\nA v\u00e1ltoztat\u00e1s jog\u00e1t fenntartjuk!<\/b><b>\u00a0 <\/b><\/p>\n<p><a href=\"https:\/\/tajkertesz.com\/\">https:\/\/tajkertesz.com\/<\/a><\/p>\n<p><a href=\"https:\/\/www.facebook.com\/tajkertesz\/\">https:\/\/www.facebook.com\/tajkertesz\/ <\/a><\/p>\n<p>Kisz\u00e1ll\u00edt\u00e1s: 200cm-ig \u00e9s 40 kg-ig a sz\u00e1ll\u00edt\u00e1s fut\u00e1rszolg\u00e1lattal t\u00f6rt\u00e9nik.<\/p>\n<p>Szem\u00e9lyes \u00e1tv\u00e9tel nyitvatart\u00e1si id\u0151ben a 17. ker\u00fclet Bakancsos utca 7. sz\u00e1m alatti Kert\u00e9szeti \u00e1rud\u00e1nkban.<\/p>\n<p>Kert\u00e9p\u00edt\u0151k \u00e9s viszontelad\u00f3k regisztr\u00e1l\u00e1s ut\u00e1n egyedi kedvezm\u00e9nnyel v\u00e1s\u00e1rolhatnak kert\u00e9szeti kis-\u00e9s nagykeresked\u00e9s\u00fcnkben.<\/p>\n<p><strong>Az \u00e1rak egy darab term\u00e9kre vonatkoznak.<\/strong><\/p>\n<p><strong>J\u00f3 tudni!<\/strong><\/p>\n<p>K\u00e9pek-elt\u00e9r\u00e9sek:<\/p>\n<p>A n\u00f6v\u00e9nyekr\u0151l felt\u00f6lt\u00f6tt k\u00e9pek illusztr\u00e1ci\u00f3k. N\u00f6v\u00e9nyekn\u00e9l el\u0151fordulhatnak minim\u00e1lis elt\u00e9r\u00e9sek a k\u00e9peken szerepl\u0151 n\u00f6v\u00e9nyek \u00e9s az \u00e1tvett n\u00f6v\u00e9nyek k\u00f6z\u00f6tt, mivel minden n\u00f6v\u00e9ny egyedi.<\/p>\n<h4>N\u00f6v\u00e9nyek sz\u00e1ll\u00edt\u00e1sa:<\/h4>\n<p>A megrendelt n\u00f6v\u00e9nyeket igyeksz\u00fcnk a lehet\u0151 legbiztons\u00e1gosabban egyes\u00e9vel csomagolni, azonban a sz\u00e1ll\u00edt\u00e1s sor\u00e1n m\u00e9g ennek ellen\u00e9re is\u00a0bek\u00f6vetkezhetnek apr\u00f3bb s\u00e9r\u00fcl\u00e9sek (lev\u00e9l- vagy vir\u00e1ghull\u00e1s).<br \/>\nN\u00f6v\u00e9ny rendel\u00e9s eset\u00e9n k\u00e9rj\u00fck a k\u00e9zbes\u00edt\u00e9st k\u00f6vet\u0151en a lehet\u0151 leghamarabb bonts\u00e1k ki a csomagot.<\/p>\n<p>Abban az esetben, ha a megrendelt n\u00f6v\u00e9ny\u00a0a sz\u00e1ll\u00edt\u00e1st k\u00f6vet\u0151en\u00a0nem megfelel\u0151 gondoz\u00e1sban r\u00e9szes\u00fcl \u00e9s ebb\u0151l kifoly\u00f3lag\u00a0k\u00e1rosodik,\u00a0elpusztul, felel\u0151ss\u00e9get sajnos nem tudunk v\u00e1llalni.<\/p>\n<p>V\u00e1s\u00e1rl\u00e1st\u00f3l val\u00f3 el\u00e1ll\u00e1s \u00e9l\u0151 n\u00f6v\u00e9ny v\u00e1s\u00e1rl\u00e1sa eset\u00e9n:<\/p>\n<p>Az \u00e1ltal\u00e1nos 14 napos el\u00e1ll\u00e1s lehet\u0151s\u00e9ge \u00e9l\u0151 n\u00f6v\u00e9nyekre nem vonatkozik. V\u00e1s\u00e1rl\u00e1st\u00f3l val\u00f3 el\u00e1ll\u00e1sra, visszak\u00fcld\u00e9sre nincs lehet\u0151s\u00e9g.\u00a0(17\/1999. (II. 5.) Korm. rendelet 5c pontja)<\/p>\n<p><strong>K\u00e9rj\u00fck fentiek figyelembev\u00e9tel\u00e9t n\u00f6v\u00e9ny rendel\u00e9se sor\u00e1n!<\/strong><\/p>","protected":false},"excerpt":{"rendered":"<h1>Acer palmatum &#8216;Atropurpureum&#8217; &#8211; V\u00f6r\u00f6slevel\u0171 jap\u00e1n juhar<\/h1>\n<p>N\u00f6v\u00e9ny jelenlegi m\u00e9rete:60\/80 cm magas,2 literes kont\u00e9nerben.<\/p>","protected":false},"featured_media":22928,"template":"","meta":{"_et_pb_use_builder":"","_et_pb_old_content":"","_et_gb_content_width":""},"product_brand":[],"product_cat":[28],"product_tag":[42,44,21,45,47,43],"class_list":{"0":"post-8032","1":"product","2":"type-product","3":"status-publish","4":"has-post-thumbnail","6":"product_cat-diszfak","7":"product_tag-acer","8":"product_tag-atropurpureum","9":"product_tag-fa","10":"product_tag-japan-juhar","11":"product_tag-juhar","12":"product_tag-palmatum","14":"first","15":"instock","16":"shipping-taxable","17":"purchasable","18":"product-type-simple"},"yoast_head":"<!-- This site is optimized with the Yoast SEO plugin v27.3 - https:\/\/yoast.com\/product\/yoast-seo-wordpress\/ -->\n<title>Acer palmatum &#039;Atropurpureum&#039; - V\u00f6r\u00f6slevel\u0171 jap\u00e1n juhar - T\u00e1jkert\u00e9sz<\/title>\n<meta name=\"description\" content=\"Acer palmatum &#039;Atropurpureum&#039; - V\u00f6r\u00f6slevel\u0171 jap\u00e1n juhar levelei lombfakad\u00e1skor v\u00f6r\u00f6sek, k\u00e9s\u0151bb z\u00f6ld sz\u00edn\u0171ek. \u0150szi lombsz\u00edne \u00e9l\u00e9nkv\u00f6r\u00f6s.\" \/>\n<meta name=\"robots\" content=\"index, follow, max-snippet:-1, max-image-preview:large, max-video-preview:-1\" \/>\n<link rel=\"canonical\" href=\"https:\/\/tajkertesz.com\/en_US\/product\/acer-palmatum-atropurpureum-voroslevelu-japan-juhar-3\/\" \/>\n<meta property=\"og:locale\" content=\"en_US\" \/>\n<meta property=\"og:type\" content=\"article\" \/>\n<meta property=\"og:title\" content=\"Acer palmatum &#039;Atropurpureum&#039; - V\u00f6r\u00f6slevel\u0171 jap\u00e1n juhar - T\u00e1jkert\u00e9sz\" \/>\n<meta property=\"og:description\" content=\"Acer palmatum &#039;Atropurpureum&#039; - V\u00f6r\u00f6slevel\u0171 jap\u00e1n juhar levelei lombfakad\u00e1skor v\u00f6r\u00f6sek, k\u00e9s\u0151bb z\u00f6ld sz\u00edn\u0171ek. \u0150szi lombsz\u00edne \u00e9l\u00e9nkv\u00f6r\u00f6s.\" \/>\n<meta property=\"og:url\" content=\"https:\/\/tajkertesz.com\/en_US\/product\/acer-palmatum-atropurpureum-voroslevelu-japan-juhar-3\/\" \/>\n<meta property=\"og:site_name\" content=\"T\u00e1jkert\u00e9sz\" \/>\n<meta property=\"article:publisher\" content=\"https:\/\/www.facebook.com\/Tajkertesz\/\" \/>\n<meta property=\"article:modified_time\" content=\"2026-03-01T16:34:41+00:00\" \/>\n<meta property=\"og:image\" content=\"https:\/\/tajkertesz.com\/wp-content\/uploads\/2021\/08\/Acer-palmatum-Atropurpureum.jpg\" \/>\n\t<meta property=\"og:image:width\" content=\"1080\" \/>\n\t<meta property=\"og:image:height\" content=\"720\" \/>\n\t<meta property=\"og:image:type\" content=\"image\/jpeg\" \/>\n<meta name=\"twitter:card\" content=\"summary_large_image\" \/>\n<meta name=\"twitter:label1\" content=\"Est. reading time\" \/>\n\t<meta name=\"twitter:data1\" content=\"3 minutes\" \/>\n<script type=\"application\/ld+json\" class=\"yoast-schema-graph\">{\"@context\":\"https:\\\/\\\/schema.org\",\"@graph\":[{\"@type\":\"WebPage\",\"@id\":\"https:\\\/\\\/tajkertesz.com\\\/termek\\\/acer-palmatum-atropurpureum-voroslevelu-japan-juhar-3\\\/\",\"url\":\"https:\\\/\\\/tajkertesz.com\\\/termek\\\/acer-palmatum-atropurpureum-voroslevelu-japan-juhar-3\\\/\",\"name\":\"Acer palmatum 'Atropurpureum' - V\u00f6r\u00f6slevel\u0171 jap\u00e1n juhar - T\u00e1jkert\u00e9sz\",\"isPartOf\":{\"@id\":\"https:\\\/\\\/tajkertesz.com\\\/#website\"},\"primaryImageOfPage\":{\"@id\":\"https:\\\/\\\/tajkertesz.com\\\/termek\\\/acer-palmatum-atropurpureum-voroslevelu-japan-juhar-3\\\/#primaryimage\"},\"image\":{\"@id\":\"https:\\\/\\\/tajkertesz.com\\\/termek\\\/acer-palmatum-atropurpureum-voroslevelu-japan-juhar-3\\\/#primaryimage\"},\"thumbnailUrl\":\"https:\\\/\\\/tajkertesz.com\\\/wp-content\\\/uploads\\\/2021\\\/08\\\/Acer-palmatum-Atropurpureum.jpg\",\"datePublished\":\"2025-03-28T16:00:02+00:00\",\"dateModified\":\"2026-03-01T16:34:41+00:00\",\"description\":\"Acer palmatum 'Atropurpureum' - V\u00f6r\u00f6slevel\u0171 jap\u00e1n juhar levelei lombfakad\u00e1skor v\u00f6r\u00f6sek, k\u00e9s\u0151bb z\u00f6ld sz\u00edn\u0171ek. \u0150szi lombsz\u00edne \u00e9l\u00e9nkv\u00f6r\u00f6s.\",\"breadcrumb\":{\"@id\":\"https:\\\/\\\/tajkertesz.com\\\/termek\\\/acer-palmatum-atropurpureum-voroslevelu-japan-juhar-3\\\/#breadcrumb\"},\"inLanguage\":\"en-US\",\"potentialAction\":[{\"@type\":\"ReadAction\",\"target\":[\"https:\\\/\\\/tajkertesz.com\\\/termek\\\/acer-palmatum-atropurpureum-voroslevelu-japan-juhar-3\\\/\"]}]},{\"@type\":\"ImageObject\",\"inLanguage\":\"en-US\",\"@id\":\"https:\\\/\\\/tajkertesz.com\\\/termek\\\/acer-palmatum-atropurpureum-voroslevelu-japan-juhar-3\\\/#primaryimage\",\"url\":\"https:\\\/\\\/tajkertesz.com\\\/wp-content\\\/uploads\\\/2021\\\/08\\\/Acer-palmatum-Atropurpureum.jpg\",\"contentUrl\":\"https:\\\/\\\/tajkertesz.com\\\/wp-content\\\/uploads\\\/2021\\\/08\\\/Acer-palmatum-Atropurpureum.jpg\",\"width\":1080,\"height\":720,\"caption\":\"Acer palmatum 'Atropurpureum' - V\u00f6r\u00f6slevel\u0171 jap\u00e1n juhar\"},{\"@type\":\"BreadcrumbList\",\"@id\":\"https:\\\/\\\/tajkertesz.com\\\/termek\\\/acer-palmatum-atropurpureum-voroslevelu-japan-juhar-3\\\/#breadcrumb\",\"itemListElement\":[{\"@type\":\"ListItem\",\"position\":1,\"name\":\"Home\",\"item\":\"https:\\\/\\\/tajkertesz.com\\\/\"},{\"@type\":\"ListItem\",\"position\":2,\"name\":\"Kezd\u0151lap\",\"item\":\"https:\\\/\\\/tajkertesz.com\\\/\"},{\"@type\":\"ListItem\",\"position\":3,\"name\":\"Acer palmatum &#8216;Atropurpureum&#8217; &#8211; V\u00f6r\u00f6slevel\u0171 jap\u00e1n juhar\"}]},{\"@type\":\"WebSite\",\"@id\":\"https:\\\/\\\/tajkertesz.com\\\/#website\",\"url\":\"https:\\\/\\\/tajkertesz.com\\\/\",\"name\":\"T\u00e1j-Kert\u00e9sz 84 Kft.\",\"description\":\"Kert\u00e9szeti kis- \u00e9s nagykeresked\u00e9s, D\u00edszn\u00f6v\u00e9ny web\u00e1ruh\u00e1z orsz\u00e1gos h\u00e1zhozsz\u00e1ll\u00edt\u00e1ssal!\",\"publisher\":{\"@id\":\"https:\\\/\\\/tajkertesz.com\\\/#organization\"},\"potentialAction\":[{\"@type\":\"SearchAction\",\"target\":{\"@type\":\"EntryPoint\",\"urlTemplate\":\"https:\\\/\\\/tajkertesz.com\\\/?s={search_term_string}\"},\"query-input\":{\"@type\":\"PropertyValueSpecification\",\"valueRequired\":true,\"valueName\":\"search_term_string\"}}],\"inLanguage\":\"en-US\"},{\"@type\":\"Organization\",\"@id\":\"https:\\\/\\\/tajkertesz.com\\\/#organization\",\"name\":\"T\u00e1j-Kert\u00e9sz 84 Kft.\",\"url\":\"https:\\\/\\\/tajkertesz.com\\\/\",\"logo\":{\"@type\":\"ImageObject\",\"inLanguage\":\"en-US\",\"@id\":\"https:\\\/\\\/tajkertesz.com\\\/#\\\/schema\\\/logo\\\/image\\\/\",\"url\":\"https:\\\/\\\/tajkertesz.com\\\/wp-content\\\/uploads\\\/2018\\\/02\\\/logo-2-e1518678052539.png\",\"contentUrl\":\"https:\\\/\\\/tajkertesz.com\\\/wp-content\\\/uploads\\\/2018\\\/02\\\/logo-2-e1518678052539.png\",\"width\":81,\"height\":140,\"caption\":\"T\u00e1j-Kert\u00e9sz 84 Kft.\"},\"image\":{\"@id\":\"https:\\\/\\\/tajkertesz.com\\\/#\\\/schema\\\/logo\\\/image\\\/\"},\"sameAs\":[\"https:\\\/\\\/www.facebook.com\\\/Tajkertesz\\\/\"]}]}<\/script>\n<!-- \/ Yoast SEO plugin. -->","yoast_head_json":{"title":"Acer palmatum 'Atropurpureum' - V\u00f6r\u00f6slevel\u0171 jap\u00e1n juhar - T\u00e1jkert\u00e9sz","description":"Acer palmatum 'Atropurpureum' - V\u00f6r\u00f6slevel\u0171 jap\u00e1n juhar levelei lombfakad\u00e1skor v\u00f6r\u00f6sek, k\u00e9s\u0151bb z\u00f6ld sz\u00edn\u0171ek. \u0150szi lombsz\u00edne \u00e9l\u00e9nkv\u00f6r\u00f6s.","robots":{"index":"index","follow":"follow","max-snippet":"max-snippet:-1","max-image-preview":"max-image-preview:large","max-video-preview":"max-video-preview:-1"},"canonical":"https:\/\/tajkertesz.com\/en_US\/product\/acer-palmatum-atropurpureum-voroslevelu-japan-juhar-3\/","og_locale":"en_US","og_type":"article","og_title":"Acer palmatum 'Atropurpureum' - V\u00f6r\u00f6slevel\u0171 jap\u00e1n juhar - T\u00e1jkert\u00e9sz","og_description":"Acer palmatum 'Atropurpureum' - V\u00f6r\u00f6slevel\u0171 jap\u00e1n juhar levelei lombfakad\u00e1skor v\u00f6r\u00f6sek, k\u00e9s\u0151bb z\u00f6ld sz\u00edn\u0171ek. \u0150szi lombsz\u00edne \u00e9l\u00e9nkv\u00f6r\u00f6s.","og_url":"https:\/\/tajkertesz.com\/en_US\/product\/acer-palmatum-atropurpureum-voroslevelu-japan-juhar-3\/","og_site_name":"T\u00e1jkert\u00e9sz","article_publisher":"https:\/\/www.facebook.com\/Tajkertesz\/","article_modified_time":"2026-03-01T16:34:41+00:00","og_image":[{"width":1080,"height":720,"url":"https:\/\/tajkertesz.com\/wp-content\/uploads\/2021\/08\/Acer-palmatum-Atropurpureum.jpg","type":"image\/jpeg"}],"twitter_card":"summary_large_image","twitter_misc":{"Est. reading time":"3 minutes"},"schema":{"@context":"https:\/\/schema.org","@graph":[{"@type":"WebPage","@id":"https:\/\/tajkertesz.com\/termek\/acer-palmatum-atropurpureum-voroslevelu-japan-juhar-3\/","url":"https:\/\/tajkertesz.com\/termek\/acer-palmatum-atropurpureum-voroslevelu-japan-juhar-3\/","name":"Acer palmatum 'Atropurpureum' - V\u00f6r\u00f6slevel\u0171 jap\u00e1n juhar - T\u00e1jkert\u00e9sz","isPartOf":{"@id":"https:\/\/tajkertesz.com\/#website"},"primaryImageOfPage":{"@id":"https:\/\/tajkertesz.com\/termek\/acer-palmatum-atropurpureum-voroslevelu-japan-juhar-3\/#primaryimage"},"image":{"@id":"https:\/\/tajkertesz.com\/termek\/acer-palmatum-atropurpureum-voroslevelu-japan-juhar-3\/#primaryimage"},"thumbnailUrl":"https:\/\/tajkertesz.com\/wp-content\/uploads\/2021\/08\/Acer-palmatum-Atropurpureum.jpg","datePublished":"2025-03-28T16:00:02+00:00","dateModified":"2026-03-01T16:34:41+00:00","description":"Acer palmatum 'Atropurpureum' - V\u00f6r\u00f6slevel\u0171 jap\u00e1n juhar levelei lombfakad\u00e1skor v\u00f6r\u00f6sek, k\u00e9s\u0151bb z\u00f6ld sz\u00edn\u0171ek. \u0150szi lombsz\u00edne \u00e9l\u00e9nkv\u00f6r\u00f6s.","breadcrumb":{"@id":"https:\/\/tajkertesz.com\/termek\/acer-palmatum-atropurpureum-voroslevelu-japan-juhar-3\/#breadcrumb"},"inLanguage":"en-US","potentialAction":[{"@type":"ReadAction","target":["https:\/\/tajkertesz.com\/termek\/acer-palmatum-atropurpureum-voroslevelu-japan-juhar-3\/"]}]},{"@type":"ImageObject","inLanguage":"en-US","@id":"https:\/\/tajkertesz.com\/termek\/acer-palmatum-atropurpureum-voroslevelu-japan-juhar-3\/#primaryimage","url":"https:\/\/tajkertesz.com\/wp-content\/uploads\/2021\/08\/Acer-palmatum-Atropurpureum.jpg","contentUrl":"https:\/\/tajkertesz.com\/wp-content\/uploads\/2021\/08\/Acer-palmatum-Atropurpureum.jpg","width":1080,"height":720,"caption":"Acer palmatum 'Atropurpureum' - V\u00f6r\u00f6slevel\u0171 jap\u00e1n juhar"},{"@type":"BreadcrumbList","@id":"https:\/\/tajkertesz.com\/termek\/acer-palmatum-atropurpureum-voroslevelu-japan-juhar-3\/#breadcrumb","itemListElement":[{"@type":"ListItem","position":1,"name":"Home","item":"https:\/\/tajkertesz.com\/"},{"@type":"ListItem","position":2,"name":"Kezd\u0151lap","item":"https:\/\/tajkertesz.com\/"},{"@type":"ListItem","position":3,"name":"Acer palmatum &#8216;Atropurpureum&#8217; &#8211; V\u00f6r\u00f6slevel\u0171 jap\u00e1n juhar"}]},{"@type":"WebSite","@id":"https:\/\/tajkertesz.com\/#website","url":"https:\/\/tajkertesz.com\/","name":"T\u00e1j-Kert\u00e9sz 84 Kft.","description":"Kert\u00e9szeti kis- \u00e9s nagykeresked\u00e9s, D\u00edszn\u00f6v\u00e9ny web\u00e1ruh\u00e1z orsz\u00e1gos h\u00e1zhozsz\u00e1ll\u00edt\u00e1ssal!","publisher":{"@id":"https:\/\/tajkertesz.com\/#organization"},"potentialAction":[{"@type":"SearchAction","target":{"@type":"EntryPoint","urlTemplate":"https:\/\/tajkertesz.com\/?s={search_term_string}"},"query-input":{"@type":"PropertyValueSpecification","valueRequired":true,"valueName":"search_term_string"}}],"inLanguage":"en-US"},{"@type":"Organization","@id":"https:\/\/tajkertesz.com\/#organization","name":"T\u00e1j-Kert\u00e9sz 84 Kft.","url":"https:\/\/tajkertesz.com\/","logo":{"@type":"ImageObject","inLanguage":"en-US","@id":"https:\/\/tajkertesz.com\/#\/schema\/logo\/image\/","url":"https:\/\/tajkertesz.com\/wp-content\/uploads\/2018\/02\/logo-2-e1518678052539.png","contentUrl":"https:\/\/tajkertesz.com\/wp-content\/uploads\/2018\/02\/logo-2-e1518678052539.png","width":81,"height":140,"caption":"T\u00e1j-Kert\u00e9sz 84 Kft."},"image":{"@id":"https:\/\/tajkertesz.com\/#\/schema\/logo\/image\/"},"sameAs":["https:\/\/www.facebook.com\/Tajkertesz\/"]}]}},"_links":{"self":[{"href":"https:\/\/tajkertesz.com\/en_US\/wp-json\/wp\/v2\/product\/8032","targetHints":{"allow":["GET"]}}],"collection":[{"href":"https:\/\/tajkertesz.com\/en_US\/wp-json\/wp\/v2\/product"}],"about":[{"href":"https:\/\/tajkertesz.com\/en_US\/wp-json\/wp\/v2\/types\/product"}],"wp:featuredmedia":[{"embeddable":true,"href":"https:\/\/tajkertesz.com\/en_US\/wp-json\/wp\/v2\/media\/22928"}],"wp:attachment":[{"href":"https:\/\/tajkertesz.com\/en_US\/wp-json\/wp\/v2\/media?parent=8032"}],"wp:term":[{"taxonomy":"product_brand","embeddable":true,"href":"https:\/\/tajkertesz.com\/en_US\/wp-json\/wp\/v2\/product_brand?post=8032"},{"taxonomy":"product_cat","embeddable":true,"href":"https:\/\/tajkertesz.com\/en_US\/wp-json\/wp\/v2\/product_cat?post=8032"},{"taxonomy":"product_tag","embeddable":true,"href":"https:\/\/tajkertesz.com\/en_US\/wp-json\/wp\/v2\/product_tag?post=8032"}],"curies":[{"name":"wp","href":"https:\/\/api.w.org\/{rel}","templated":true}]}}