{"id":8040,"date":"2021-08-17T07:10:19","date_gmt":"2021-08-17T07:10:19","guid":{"rendered":"https:\/\/tajkertesz.com\/?post_type=product&#038;p=8040"},"modified":"2022-09-22T11:18:34","modified_gmt":"2022-09-22T11:18:34","slug":"kek-lombu-eukaliptusz-eucalyptus-pulverulenta-baby-blue","status":"publish","type":"product","link":"https:\/\/tajkertesz.com\/en_US\/product\/kek-lombu-eukaliptusz-eucalyptus-pulverulenta-baby-blue\/","title":{"rendered":"K\u00e9k lomb\u00fa eukaliptusz, Eucalyptus pulverulenta &#8216;Baby Blue&#8217;"},"content":{"rendered":"<h3 class=\"LC20lb DKV0Md\">K\u00e9k lomb\u00fa eukaliptusz, Eucalyptus pulverulenta &#8216;Baby Blue&#8217;<\/h3>\n<p>&nbsp;<\/p>\n<p class=\"LC20lb DKV0Md\">K\u00e9k lomb\u00fa eukaliptusz, Eucalyptus pulverulenta &#8216;Baby Blue&#8217;, Napos helyen nevelj\u00fck, b\u0151rnem\u0171 levelei deresk\u00e9kek, kerekdedek, vir\u00e1gai kr\u00e9msz\u00edn\u0171ek, metsz\u00e9st j\u00f3l t\u0171ri, h\u00fcv\u00f6s vil\u00e1gos helyen teleltess\u00fck. 4 m magasra n\u0151v\u0151, k\u00fcl\u00f6nleges \u00e1grendszer\u0171 Eukaliptusz fajta. D\u00e9zs\u00e1ban j\u00f3l \u00e9rzi mag\u00e1t.<\/p>\n<p><a href=\"https:\/\/www.facebook.com\/tajkertesz\">https:\/\/www.facebook.com\/tajkertesz<\/a><\/p>\n<p><a href=\"https:\/\/tajkertesz.com\/\">https:\/\/tajkertesz.com\/<\/a><\/p>\n<p>&nbsp;<\/p>\n<div id=\"SITE_PAGES\">\n<div class=\"_3tDhR\">\n<div id=\"n7dbt\" class=\"_3akMP\">\n<div class=\"_2egft\">\n<div id=\"Containern7dbt\" class=\"_1Cfot\">\n<div class=\"\" data-mesh-id=\"Containern7dbtinlineContent\" data-testid=\"inline-content\">\n<div data-mesh-id=\"Containern7dbtinlineContent-gridContainer\" data-testid=\"mesh-container-content\">\n<div id=\"TPAMultiSection_jcabyz1v\">\n<div class=\"TPAMultiSection_jcabyz1v\" data-reactroot=\"\">\n<div class=\"_1TImB layout__spotlight isDesktop\" data-hook=\"product-page\" data-layout-name=\"spotlight\">\n<article>\n<div class=\"_2rlww\">\n<div class=\"_1NKPl\">\n<div class=\"VaEYE fggS- cell\">\n<div dir=\"ltr\">\n<div data-hook=\"tabs-info-section\">\n<div class=\"_9DWZC\">\n<div class=\"_2qtYo fggS- cell\" dir=\"ltr\">\n<p>Jelen term\u00e9k\u00fcnk 2 L-es cser\u00e9pben 20-30 cm magasak.<\/p>\n<\/div>\n<\/div>\n<\/div>\n<\/div>\n<\/div>\n<\/div>\n<\/div>\n<\/article>\n<\/div>\n<\/div>\n<\/div>\n<\/div>\n<\/div>\n<\/div>\n<\/div>\n<\/div>\n<\/div>\n<\/div>\n<footer id=\"SITE_FOOTER_WRAPPER\" tabindex=\"-1\">\n<div id=\"SITE_FOOTER\" class=\"_26XlU\">\n<div class=\"_2_pp6\">\n<div class=\"_1MBwI\">\n<div class=\"\" data-mesh-id=\"SITE_FOOTERinlineContent\" data-testid=\"inline-content\">\n<div data-mesh-id=\"SITE_FOOTERinlineContent-gridContainer\" data-testid=\"mesh-container-content\">\n<section id=\"comp-jceh5ouh\">\n<div class=\"_2EoGw\" data-testid=\"columns\">\n<div id=\"comp-jceh60rq\" class=\"_31Ne5\">\n<div id=\"bgLayers_comp-jceh60rq\" class=\"X-jRX\"><span style=\"color: #ffffff;\">manaps\u00e1g m\u00e1r elterjedt a m\u0171anyagb\u00f3l k\u00e9sz\u00fclt v\u00e1ltozat is. Kert\u00e9szetekben \u00e9s nagyobb \u00e1ruh\u00e1zakban kaphat\u00f3, ak\u00e1rcsak az \u00e1s\u00f3, a lap\u00e1t, a kapa vagy ritk\u00e1bban a kaszahanem a h\u00e1z k\u00f6r\u00fcl is fontos eszk\u00f6z, a lehullott faleveleket (avart) vagy egy\u00e9b lombokat is \u00f6ssze lehet vmanaps\u00e1g m\u00e1r elterjedt a m\u0171anyagb\u00f3l k\u00e9sz\u00fclt v\u00e1ltozat is. Kert\u00e9szetekben \u00e9s nagyobb \u00e1ruh\u00e1zakban kaphat\u00f3, ak\u00e1rcsak az \u00e1s\u00f3, a lap\u00e1t, a kapa vagy ritk\u00e1bban a kaszahanem a h\u00e1z k\u00f6r\u00fcl is fontos eszk\u00f6z, a lehullott faleveleket (avart) vagy egy\u00e9b lombokat is \u00f6ssze lehet vele szedni (a speci\u00e1lisan lombgy\u0171jt\u00e9sre szakosodott verzi\u00f3ja a lombsepr\u0171). Nyele \u00e1ltal\u00e1ban f\u00e1b\u00f3l, feje pedig vasb\u00f3l k\u00e9sz\u00fcl, de manaps\u00e1g m\u00e1r elterjedt a m\u0171anyagb\u00f3l k\u00e9sz\u00fclt v\u00e1ltozat is. Kert\u00e9szetekben \u00e9s nagyobb \u00e1ruh\u00e1zakban kaphat\u00f3, ak\u00e1rcsak az \u00e1s\u00f3, a lap\u00e1t, a kapa vagy ritk\u00e1bban a kasza..\u00c1tm\u00e9r\u0151: 6 mmele szedni (a speci\u00e1lisan lombgy\u0171jt\u00e9sre szakosodott verzi\u00f3ja a lombsepr\u0171). Nyele \u00e1ltal\u00e1ban f\u00e1b\u00f3l, feje pedig vasb\u00f3l k\u00e9sz\u00fcl, de manaps\u00e1g m\u00e1r elterjedt a m\u0171anyagb\u00f3l k\u00e9sz\u00fclt v\u00e1ltozat is. Kert\u00e9szetekben \u00e9s nagyobb \u00e1ruh\u00e1zakban kaphat\u00f3, ak\u00e1rcsak az \u00e1s\u00f3, a lap\u00e1t, a kapa vagy ritk\u00e1bban a kasza..\u00c1tm\u00e9r\u0151: 6 mm<\/span><\/div>\n<\/div>\n<\/div>\n<\/section>\n<\/div>\n<\/div>\n<\/div>\n<\/div>\n<\/div>\n<\/footer>","protected":false},"excerpt":{"rendered":"<h3 class=\"LC20lb DKV0Md\">K\u00e9k lomb\u00fa eukaliptusz, Eucalyptus pulverulenta &#8216;Baby Blue&#8217;<\/h3>","protected":false},"featured_media":8042,"template":"","meta":{"_et_pb_use_builder":"","_et_pb_old_content":"","_et_gb_content_width":""},"product_brand":[],"product_cat":[28],"product_tag":[2347,1381,2346],"class_list":{"0":"post-8040","1":"product","2":"type-product","3":"status-publish","4":"has-post-thumbnail","6":"product_cat-diszfak","7":"product_tag-eucalyptus-pulverulenta-baby-blue","8":"product_tag-eukaliptusz","9":"product_tag-kek-lombu-eukaliptusz","11":"first","12":"outofstock","13":"shipping-taxable","14":"product-type-simple"},"yoast_head":"<!-- This site is optimized with the Yoast SEO plugin v27.5 - https:\/\/yoast.com\/product\/yoast-seo-wordpress\/ -->\n<title>K\u00e9k lomb\u00fa eukaliptusz, Eucalyptus pulverulenta &#039;Baby Blue&#039; - T\u00e1jkert\u00e9sz<\/title>\n<meta name=\"description\" content=\"K\u00e9k lomb\u00fa eukaliptusz, Eucalyptus pulverulenta &#039;Baby Blue&#039;\" \/>\n<meta name=\"robots\" content=\"index, follow, max-snippet:-1, max-image-preview:large, max-video-preview:-1\" \/>\n<link rel=\"canonical\" href=\"https:\/\/tajkertesz.com\/en_US\/product\/kek-lombu-eukaliptusz-eucalyptus-pulverulenta-baby-blue\/\" \/>\n<meta property=\"og:locale\" content=\"en_US\" \/>\n<meta property=\"og:type\" content=\"article\" \/>\n<meta property=\"og:title\" content=\"K\u00e9k lomb\u00fa eukaliptusz, Eucalyptus pulverulenta &#039;Baby Blue&#039; - T\u00e1jkert\u00e9sz\" \/>\n<meta property=\"og:description\" content=\"K\u00e9k lomb\u00fa eukaliptusz, Eucalyptus pulverulenta &#039;Baby Blue&#039;\" \/>\n<meta property=\"og:url\" content=\"https:\/\/tajkertesz.com\/en_US\/product\/kek-lombu-eukaliptusz-eucalyptus-pulverulenta-baby-blue\/\" \/>\n<meta property=\"og:site_name\" content=\"T\u00e1jkert\u00e9sz\" \/>\n<meta property=\"article:publisher\" content=\"https:\/\/www.facebook.com\/Tajkertesz\/\" \/>\n<meta property=\"article:modified_time\" content=\"2022-09-22T11:18:34+00:00\" \/>\n<meta property=\"og:image\" content=\"https:\/\/tajkertesz.com\/wp-content\/uploads\/2021\/08\/Eucalyptus-Baby-Blue.jpg\" \/>\n\t<meta property=\"og:image:width\" content=\"460\" \/>\n\t<meta property=\"og:image:height\" content=\"460\" \/>\n\t<meta property=\"og:image:type\" content=\"image\/jpeg\" \/>\n<meta name=\"twitter:card\" content=\"summary_large_image\" \/>\n<meta name=\"twitter:label1\" content=\"Est. reading time\" \/>\n\t<meta name=\"twitter:data1\" content=\"1 minute\" \/>\n<script type=\"application\/ld+json\" class=\"yoast-schema-graph\">{\"@context\":\"https:\\\/\\\/schema.org\",\"@graph\":[{\"@type\":\"WebPage\",\"@id\":\"https:\\\/\\\/tajkertesz.com\\\/termek\\\/kek-lombu-eukaliptusz-eucalyptus-pulverulenta-baby-blue\\\/\",\"url\":\"https:\\\/\\\/tajkertesz.com\\\/termek\\\/kek-lombu-eukaliptusz-eucalyptus-pulverulenta-baby-blue\\\/\",\"name\":\"K\u00e9k lomb\u00fa eukaliptusz, Eucalyptus pulverulenta 'Baby Blue' - T\u00e1jkert\u00e9sz\",\"isPartOf\":{\"@id\":\"https:\\\/\\\/tajkertesz.com\\\/#website\"},\"primaryImageOfPage\":{\"@id\":\"https:\\\/\\\/tajkertesz.com\\\/termek\\\/kek-lombu-eukaliptusz-eucalyptus-pulverulenta-baby-blue\\\/#primaryimage\"},\"image\":{\"@id\":\"https:\\\/\\\/tajkertesz.com\\\/termek\\\/kek-lombu-eukaliptusz-eucalyptus-pulverulenta-baby-blue\\\/#primaryimage\"},\"thumbnailUrl\":\"https:\\\/\\\/tajkertesz.com\\\/wp-content\\\/uploads\\\/2021\\\/08\\\/Eucalyptus-Baby-Blue.jpg\",\"datePublished\":\"2021-08-17T07:10:19+00:00\",\"dateModified\":\"2022-09-22T11:18:34+00:00\",\"description\":\"K\u00e9k lomb\u00fa eukaliptusz, Eucalyptus pulverulenta 'Baby Blue'\",\"breadcrumb\":{\"@id\":\"https:\\\/\\\/tajkertesz.com\\\/termek\\\/kek-lombu-eukaliptusz-eucalyptus-pulverulenta-baby-blue\\\/#breadcrumb\"},\"inLanguage\":\"en-US\",\"potentialAction\":[{\"@type\":\"ReadAction\",\"target\":[\"https:\\\/\\\/tajkertesz.com\\\/termek\\\/kek-lombu-eukaliptusz-eucalyptus-pulverulenta-baby-blue\\\/\"]}]},{\"@type\":\"ImageObject\",\"inLanguage\":\"en-US\",\"@id\":\"https:\\\/\\\/tajkertesz.com\\\/termek\\\/kek-lombu-eukaliptusz-eucalyptus-pulverulenta-baby-blue\\\/#primaryimage\",\"url\":\"https:\\\/\\\/tajkertesz.com\\\/wp-content\\\/uploads\\\/2021\\\/08\\\/Eucalyptus-Baby-Blue.jpg\",\"contentUrl\":\"https:\\\/\\\/tajkertesz.com\\\/wp-content\\\/uploads\\\/2021\\\/08\\\/Eucalyptus-Baby-Blue.jpg\",\"width\":460,\"height\":460},{\"@type\":\"BreadcrumbList\",\"@id\":\"https:\\\/\\\/tajkertesz.com\\\/termek\\\/kek-lombu-eukaliptusz-eucalyptus-pulverulenta-baby-blue\\\/#breadcrumb\",\"itemListElement\":[{\"@type\":\"ListItem\",\"position\":1,\"name\":\"Home\",\"item\":\"https:\\\/\\\/tajkertesz.com\\\/\"},{\"@type\":\"ListItem\",\"position\":2,\"name\":\"Kezd\u0151lap\",\"item\":\"https:\\\/\\\/tajkertesz.com\\\/\"},{\"@type\":\"ListItem\",\"position\":3,\"name\":\"K\u00e9k lomb\u00fa eukaliptusz, Eucalyptus pulverulenta &#8216;Baby Blue&#8217;\"}]},{\"@type\":\"WebSite\",\"@id\":\"https:\\\/\\\/tajkertesz.com\\\/#website\",\"url\":\"https:\\\/\\\/tajkertesz.com\\\/\",\"name\":\"T\u00e1j-Kert\u00e9sz 84 Kft.\",\"description\":\"Kert\u00e9szeti kis- \u00e9s nagykeresked\u00e9s, D\u00edszn\u00f6v\u00e9ny web\u00e1ruh\u00e1z orsz\u00e1gos h\u00e1zhozsz\u00e1ll\u00edt\u00e1ssal!\",\"publisher\":{\"@id\":\"https:\\\/\\\/tajkertesz.com\\\/#organization\"},\"potentialAction\":[{\"@type\":\"SearchAction\",\"target\":{\"@type\":\"EntryPoint\",\"urlTemplate\":\"https:\\\/\\\/tajkertesz.com\\\/?s={search_term_string}\"},\"query-input\":{\"@type\":\"PropertyValueSpecification\",\"valueRequired\":true,\"valueName\":\"search_term_string\"}}],\"inLanguage\":\"en-US\"},{\"@type\":\"Organization\",\"@id\":\"https:\\\/\\\/tajkertesz.com\\\/#organization\",\"name\":\"T\u00e1j-Kert\u00e9sz 84 Kft.\",\"url\":\"https:\\\/\\\/tajkertesz.com\\\/\",\"logo\":{\"@type\":\"ImageObject\",\"inLanguage\":\"en-US\",\"@id\":\"https:\\\/\\\/tajkertesz.com\\\/#\\\/schema\\\/logo\\\/image\\\/\",\"url\":\"https:\\\/\\\/tajkertesz.com\\\/wp-content\\\/uploads\\\/2018\\\/02\\\/logo-2-e1518678052539.png\",\"contentUrl\":\"https:\\\/\\\/tajkertesz.com\\\/wp-content\\\/uploads\\\/2018\\\/02\\\/logo-2-e1518678052539.png\",\"width\":81,\"height\":140,\"caption\":\"T\u00e1j-Kert\u00e9sz 84 Kft.\"},\"image\":{\"@id\":\"https:\\\/\\\/tajkertesz.com\\\/#\\\/schema\\\/logo\\\/image\\\/\"},\"sameAs\":[\"https:\\\/\\\/www.facebook.com\\\/Tajkertesz\\\/\"]}]}<\/script>\n<!-- \/ Yoast SEO plugin. -->","yoast_head_json":{"title":"K\u00e9k lomb\u00fa eukaliptusz, Eucalyptus pulverulenta 'Baby Blue' - T\u00e1jkert\u00e9sz","description":"K\u00e9k lomb\u00fa eukaliptusz, Eucalyptus pulverulenta 'Baby Blue'","robots":{"index":"index","follow":"follow","max-snippet":"max-snippet:-1","max-image-preview":"max-image-preview:large","max-video-preview":"max-video-preview:-1"},"canonical":"https:\/\/tajkertesz.com\/en_US\/product\/kek-lombu-eukaliptusz-eucalyptus-pulverulenta-baby-blue\/","og_locale":"en_US","og_type":"article","og_title":"K\u00e9k lomb\u00fa eukaliptusz, Eucalyptus pulverulenta 'Baby Blue' - T\u00e1jkert\u00e9sz","og_description":"K\u00e9k lomb\u00fa eukaliptusz, Eucalyptus pulverulenta 'Baby Blue'","og_url":"https:\/\/tajkertesz.com\/en_US\/product\/kek-lombu-eukaliptusz-eucalyptus-pulverulenta-baby-blue\/","og_site_name":"T\u00e1jkert\u00e9sz","article_publisher":"https:\/\/www.facebook.com\/Tajkertesz\/","article_modified_time":"2022-09-22T11:18:34+00:00","og_image":[{"width":460,"height":460,"url":"https:\/\/tajkertesz.com\/wp-content\/uploads\/2021\/08\/Eucalyptus-Baby-Blue.jpg","type":"image\/jpeg"}],"twitter_card":"summary_large_image","twitter_misc":{"Est. reading time":"1 minute"},"schema":{"@context":"https:\/\/schema.org","@graph":[{"@type":"WebPage","@id":"https:\/\/tajkertesz.com\/termek\/kek-lombu-eukaliptusz-eucalyptus-pulverulenta-baby-blue\/","url":"https:\/\/tajkertesz.com\/termek\/kek-lombu-eukaliptusz-eucalyptus-pulverulenta-baby-blue\/","name":"K\u00e9k lomb\u00fa eukaliptusz, Eucalyptus pulverulenta 'Baby Blue' - T\u00e1jkert\u00e9sz","isPartOf":{"@id":"https:\/\/tajkertesz.com\/#website"},"primaryImageOfPage":{"@id":"https:\/\/tajkertesz.com\/termek\/kek-lombu-eukaliptusz-eucalyptus-pulverulenta-baby-blue\/#primaryimage"},"image":{"@id":"https:\/\/tajkertesz.com\/termek\/kek-lombu-eukaliptusz-eucalyptus-pulverulenta-baby-blue\/#primaryimage"},"thumbnailUrl":"https:\/\/tajkertesz.com\/wp-content\/uploads\/2021\/08\/Eucalyptus-Baby-Blue.jpg","datePublished":"2021-08-17T07:10:19+00:00","dateModified":"2022-09-22T11:18:34+00:00","description":"K\u00e9k lomb\u00fa eukaliptusz, Eucalyptus pulverulenta 'Baby Blue'","breadcrumb":{"@id":"https:\/\/tajkertesz.com\/termek\/kek-lombu-eukaliptusz-eucalyptus-pulverulenta-baby-blue\/#breadcrumb"},"inLanguage":"en-US","potentialAction":[{"@type":"ReadAction","target":["https:\/\/tajkertesz.com\/termek\/kek-lombu-eukaliptusz-eucalyptus-pulverulenta-baby-blue\/"]}]},{"@type":"ImageObject","inLanguage":"en-US","@id":"https:\/\/tajkertesz.com\/termek\/kek-lombu-eukaliptusz-eucalyptus-pulverulenta-baby-blue\/#primaryimage","url":"https:\/\/tajkertesz.com\/wp-content\/uploads\/2021\/08\/Eucalyptus-Baby-Blue.jpg","contentUrl":"https:\/\/tajkertesz.com\/wp-content\/uploads\/2021\/08\/Eucalyptus-Baby-Blue.jpg","width":460,"height":460},{"@type":"BreadcrumbList","@id":"https:\/\/tajkertesz.com\/termek\/kek-lombu-eukaliptusz-eucalyptus-pulverulenta-baby-blue\/#breadcrumb","itemListElement":[{"@type":"ListItem","position":1,"name":"Home","item":"https:\/\/tajkertesz.com\/"},{"@type":"ListItem","position":2,"name":"Kezd\u0151lap","item":"https:\/\/tajkertesz.com\/"},{"@type":"ListItem","position":3,"name":"K\u00e9k lomb\u00fa eukaliptusz, Eucalyptus pulverulenta &#8216;Baby Blue&#8217;"}]},{"@type":"WebSite","@id":"https:\/\/tajkertesz.com\/#website","url":"https:\/\/tajkertesz.com\/","name":"T\u00e1j-Kert\u00e9sz 84 Kft.","description":"Kert\u00e9szeti kis- \u00e9s nagykeresked\u00e9s, D\u00edszn\u00f6v\u00e9ny web\u00e1ruh\u00e1z orsz\u00e1gos h\u00e1zhozsz\u00e1ll\u00edt\u00e1ssal!","publisher":{"@id":"https:\/\/tajkertesz.com\/#organization"},"potentialAction":[{"@type":"SearchAction","target":{"@type":"EntryPoint","urlTemplate":"https:\/\/tajkertesz.com\/?s={search_term_string}"},"query-input":{"@type":"PropertyValueSpecification","valueRequired":true,"valueName":"search_term_string"}}],"inLanguage":"en-US"},{"@type":"Organization","@id":"https:\/\/tajkertesz.com\/#organization","name":"T\u00e1j-Kert\u00e9sz 84 Kft.","url":"https:\/\/tajkertesz.com\/","logo":{"@type":"ImageObject","inLanguage":"en-US","@id":"https:\/\/tajkertesz.com\/#\/schema\/logo\/image\/","url":"https:\/\/tajkertesz.com\/wp-content\/uploads\/2018\/02\/logo-2-e1518678052539.png","contentUrl":"https:\/\/tajkertesz.com\/wp-content\/uploads\/2018\/02\/logo-2-e1518678052539.png","width":81,"height":140,"caption":"T\u00e1j-Kert\u00e9sz 84 Kft."},"image":{"@id":"https:\/\/tajkertesz.com\/#\/schema\/logo\/image\/"},"sameAs":["https:\/\/www.facebook.com\/Tajkertesz\/"]}]}},"_links":{"self":[{"href":"https:\/\/tajkertesz.com\/en_US\/wp-json\/wp\/v2\/product\/8040","targetHints":{"allow":["GET"]}}],"collection":[{"href":"https:\/\/tajkertesz.com\/en_US\/wp-json\/wp\/v2\/product"}],"about":[{"href":"https:\/\/tajkertesz.com\/en_US\/wp-json\/wp\/v2\/types\/product"}],"wp:featuredmedia":[{"embeddable":true,"href":"https:\/\/tajkertesz.com\/en_US\/wp-json\/wp\/v2\/media\/8042"}],"wp:attachment":[{"href":"https:\/\/tajkertesz.com\/en_US\/wp-json\/wp\/v2\/media?parent=8040"}],"wp:term":[{"taxonomy":"product_brand","embeddable":true,"href":"https:\/\/tajkertesz.com\/en_US\/wp-json\/wp\/v2\/product_brand?post=8040"},{"taxonomy":"product_cat","embeddable":true,"href":"https:\/\/tajkertesz.com\/en_US\/wp-json\/wp\/v2\/product_cat?post=8040"},{"taxonomy":"product_tag","embeddable":true,"href":"https:\/\/tajkertesz.com\/en_US\/wp-json\/wp\/v2\/product_tag?post=8040"}],"curies":[{"name":"wp","href":"https:\/\/api.w.org\/{rel}","templated":true}]}}