{"id":8043,"date":"2021-08-17T07:16:57","date_gmt":"2021-08-17T07:16:57","guid":{"rendered":"https:\/\/tajkertesz.com\/?post_type=product&#038;p=8043"},"modified":"2026-03-15T08:58:48","modified_gmt":"2026-03-15T08:58:48","slug":"eucalyptus-gunnii-havasi-eukaliptusz","status":"publish","type":"product","link":"https:\/\/tajkertesz.com\/en_US\/product\/eucalyptus-gunnii-havasi-eukaliptusz\/","title":{"rendered":"Eucalyptus gunnii &#8211; Havasi eukaliptusz"},"content":{"rendered":"<h3 class=\"cfxYMc JfZTW c4Djg MUxGbd v0nnCb\" role=\"heading\" aria-level=\"3\">Eucalyptus gunnii &#8211; Havasi eukaliptusz<\/h3>\n<p>&nbsp;<\/p>\n<div class=\"cfxYMc JfZTW c4Djg MUxGbd v0nnCb\" role=\"heading\" aria-level=\"3\">Eucalyptus gunnii &#8211; Havasi eukaliptusz egyike a legink\u00e1bb fagyt\u0171r\u0151 eukaliptusz fajoknak, ez\u00e9rt v\u00e9dett fekv\u00e9sben, t\u00e9li takar\u00e1ssal haz\u00e1nkban is k\u00e9pes \u00e1ttelelni a szabadban az orsz\u00e1g enyh\u00e9bb tel\u0171 vid\u00e9kein.Kerekded levelei sz\u00fcrk\u00e9sk\u00e9kek. A ny\u00e1r folyam\u00e1n feh\u00e9res, hossz\u00faporz\u00f3s vir\u00e1gzatokat hoz. F\u00e9nyig\u00e9nyes n\u00f6v\u00e9ny, ez\u00e9rt ki\u00fcltetve napos vagy f\u00e9l\u00e1rny\u00e9kos fekv\u00e9s javasolt sz\u00e1m\u00e1ra. A sz\u00e9ls\u0151s\u00e9ges talajk\u00f6r\u00fclm\u00e9nyeket nem toler\u00e1lja, ha a talaj t\u00falzottan k\u00f6t\u00f6tt, esetleg t\u00falzottan meszes. \u00dcde, t\u00e1panyagban gazdag, j\u00f3 v\u00edz\u00e1tereszt\u0151 k\u00e9pess\u00e9g\u0171, savas k\u00e9mhat\u00e1s\u00fa talajt kedvel. V\u00edzig\u00e9nye k\u00f6zepes, rendszeres \u00f6nt\u00f6z\u00e9st ig\u00e9nyel.<\/div>\n<p>Jelen term\u00e9k\u00fcnk 18 literes cser\u00e9pben kaphat\u00f3 kb: 250 cm magas.<\/p>\n<p>&nbsp;<\/p>\n<p>El\u00e9rhet\u0151 t\u00f6bbf\u00e9le m\u00e9retben \u00e9s \u00e1rban.<\/p>\n<p><strong>K\u00e9szlet\u00fcnk napi szinten v\u00e1ltozik, ez\u00e9rt k\u00e9rj\u00fck, \u00e9rdekl\u0151dj\u00f6n szem\u00e9lyesen, telefonon vagy email-en.<br \/>\nA v\u00e1ltoztat\u00e1s jog\u00e1t fenntartjuk!\u00a0<\/strong><\/p>\n<p><a href=\"https:\/\/tajkertesz.com\/\">https:\/\/tajkertesz.com\/<\/a><\/p>\n<p><a href=\"https:\/\/www.facebook.com\/tajkertesz\/\">https:\/\/www.facebook.com\/tajkertesz\/<\/a><\/p>\n<p>Kisz\u00e1ll\u00edt\u00e1s: 200cm-ig \u00a0\u00e9s 40 kg-ig a sz\u00e1ll\u00edt\u00e1s fut\u00e1rszolg\u00e1lattal \u00a0t\u00f6rt\u00e9nik.<\/p>\n<p>Szem\u00e9lyes \u00e1tv\u00e9tel nyitvatart\u00e1si id\u0151ben a 17. ker\u00fclet Bakancsos utca 7. sz\u00e1m alatti Kert\u00e9szeti \u00e1rud\u00e1ban.<\/p>\n<p>Eucalyptus gunnii \u2013 Havasi eukaliptusz egyike a legink\u00e1bb fagyt\u0171r\u0151 eukaliptusz fajoknak, ez\u00e9rt v\u00e9dett fekv\u00e9sben, t\u00e9li takar\u00e1ssal haz\u00e1nkban is k\u00e9pes \u00e1ttelelni a szabadban az orsz\u00e1g enyh\u00e9bb tel\u0171 vid\u00e9kein. Kerekded levelei sz\u00fcrk\u00e9sk\u00e9kek. A ny\u00e1r folyam\u00e1n feh\u00e9res, hossz\u00faporz\u00f3s vir\u00e1gzatokat hoz. F\u00e9nyig\u00e9nyes n\u00f6v\u00e9ny, ez\u00e9rt ki\u00fcltetve napos vagy f\u00e9l\u00e1rny\u00e9kos fekv\u00e9s javasolt sz\u00e1m\u00e1ra. A sz\u00e9ls\u0151s\u00e9ges talajk\u00f6r\u00fclm\u00e9nyeket nem toler\u00e1lja, ha a talaj t\u00falzottan k\u00f6t\u00f6tt, esetleg t\u00falzottan meszes. \u00dcde, t\u00e1panyagban gazdag, j\u00f3 v\u00edz\u00e1tereszt\u0151 k\u00e9pess\u00e9g\u0171, savas k\u00e9mhat\u00e1s\u00fa talajt kedvel. V\u00edzig\u00e9nye k\u00f6zepes, rendszeres \u00f6nt\u00f6z\u00e9st ig\u00e9nyel.<\/p>\n<p>&nbsp;<\/p>\n<p>&nbsp;<\/p>\n<div id=\"SITE_PAGES\">\n<div class=\"_3tDhR\">\n<div id=\"n7dbt\" class=\"_3akMP\">\n<div class=\"_2egft\">\n<div id=\"Containern7dbt\" class=\"_1Cfot\">\n<div class=\"\" data-mesh-id=\"Containern7dbtinlineContent\" data-testid=\"inline-content\">\n<div data-mesh-id=\"Containern7dbtinlineContent-gridContainer\" data-testid=\"mesh-container-content\">\n<div id=\"TPAMultiSection_jcabyz1v\">\n<div class=\"TPAMultiSection_jcabyz1v\" data-reactroot=\"\">\n<div class=\"_1TImB layout__spotlight isDesktop\" data-hook=\"product-page\" data-layout-name=\"spotlight\">\n<article>\n<div class=\"_2rlww\">\n<div class=\"_1NKPl\">\n<div class=\"VaEYE fggS- cell\">\n<div dir=\"ltr\">\n<div data-hook=\"tabs-info-section\">\n<div class=\"_9DWZC\">\n<div class=\"_2qtYo fggS- cell\" dir=\"ltr\">\n<p>&nbsp;<\/p>\n<h6><\/h6>\n<\/div>\n<\/div>\n<\/div>\n<\/div>\n<\/div>\n<\/div>\n<\/div>\n<\/article>\n<\/div>\n<\/div>\n<\/div>\n<\/div>\n<\/div>\n<\/div>\n<\/div>\n<\/div>\n<\/div>\n<\/div>","protected":false},"excerpt":{"rendered":"<div role=\"heading\" aria-level=\"3\"><\/div>\n<div class=\"cfxYMc JfZTW c4Djg MUxGbd v0nnCb\" role=\"heading\" aria-level=\"3\">Eucalyptus gunnii &#8211; Havasi eukaliptusz egyike a legink\u00e1bb fagyt\u0171r\u0151 eukaliptusz fajoknak, ez\u00e9rt v\u00e9dett fekv\u00e9sben, t\u00e9li takar\u00e1ssal haz\u00e1nkban is k\u00e9pes \u00e1ttelelni a szabadban az orsz\u00e1g enyh\u00e9bb tel\u0171 vid\u00e9kein.<\/div>\n<div role=\"heading\" aria-level=\"3\">Jelen term\u00e9k\u00fcnk 18 literes cser\u00e9pben kaphat\u00f3 kb: 250 cm magas.<\/div>","protected":false},"featured_media":8044,"template":"","meta":{"_et_pb_use_builder":"","_et_pb_old_content":"","_et_gb_content_width":""},"product_brand":[],"product_cat":[28],"product_tag":[2348,1381,4188],"class_list":{"0":"post-8043","1":"product","2":"type-product","3":"status-publish","4":"has-post-thumbnail","6":"product_cat-diszfak","7":"product_tag-eucalyptus-gunnii-havasi-eukaliptusz","8":"product_tag-eukaliptusz","9":"product_tag-guni","11":"first","12":"outofstock","13":"shipping-taxable","14":"product-type-simple"},"yoast_head":"<!-- This site is optimized with the Yoast SEO plugin v27.4 - https:\/\/yoast.com\/product\/yoast-seo-wordpress\/ -->\n<title>Eucalyptus gunnii - Havasi eukaliptusz - T\u00e1jkert\u00e9sz<\/title>\n<meta name=\"description\" content=\"Eucalyptus gunnii - Havasi eukaliptusz egyike a legink\u00e1bb fagyt\u0171r\u0151 eukaliptusz fajoknak, t\u00e9li takar\u00e1ssal haz\u00e1nkban is k\u00e9pes \u00e1ttelelni.\" \/>\n<meta name=\"robots\" content=\"index, follow, max-snippet:-1, max-image-preview:large, max-video-preview:-1\" \/>\n<link rel=\"canonical\" href=\"https:\/\/tajkertesz.com\/en_US\/product\/eucalyptus-gunnii-havasi-eukaliptusz\/\" \/>\n<meta property=\"og:locale\" content=\"en_US\" \/>\n<meta property=\"og:type\" content=\"article\" \/>\n<meta property=\"og:title\" content=\"Eucalyptus gunnii - Havasi eukaliptusz - T\u00e1jkert\u00e9sz\" \/>\n<meta property=\"og:description\" content=\"Eucalyptus gunnii - Havasi eukaliptusz egyike a legink\u00e1bb fagyt\u0171r\u0151 eukaliptusz fajoknak, t\u00e9li takar\u00e1ssal haz\u00e1nkban is k\u00e9pes \u00e1ttelelni.\" \/>\n<meta property=\"og:url\" content=\"https:\/\/tajkertesz.com\/en_US\/product\/eucalyptus-gunnii-havasi-eukaliptusz\/\" \/>\n<meta property=\"og:site_name\" content=\"T\u00e1jkert\u00e9sz\" \/>\n<meta property=\"article:publisher\" content=\"https:\/\/www.facebook.com\/Tajkertesz\/\" \/>\n<meta property=\"article:modified_time\" content=\"2026-03-15T08:58:48+00:00\" \/>\n<meta property=\"og:image\" content=\"https:\/\/tajkertesz.com\/wp-content\/uploads\/2021\/08\/Eucalyptus-gunnii.jpg\" \/>\n\t<meta property=\"og:image:width\" content=\"667\" \/>\n\t<meta property=\"og:image:height\" content=\"788\" \/>\n\t<meta property=\"og:image:type\" content=\"image\/jpeg\" \/>\n<meta name=\"twitter:card\" content=\"summary_large_image\" \/>\n<meta name=\"twitter:label1\" content=\"Est. reading time\" \/>\n\t<meta name=\"twitter:data1\" content=\"2 minutes\" \/>\n<script type=\"application\/ld+json\" class=\"yoast-schema-graph\">{\"@context\":\"https:\\\/\\\/schema.org\",\"@graph\":[{\"@type\":\"WebPage\",\"@id\":\"https:\\\/\\\/tajkertesz.com\\\/termek\\\/eucalyptus-gunnii-havasi-eukaliptusz\\\/\",\"url\":\"https:\\\/\\\/tajkertesz.com\\\/termek\\\/eucalyptus-gunnii-havasi-eukaliptusz\\\/\",\"name\":\"Eucalyptus gunnii - Havasi eukaliptusz - T\u00e1jkert\u00e9sz\",\"isPartOf\":{\"@id\":\"https:\\\/\\\/tajkertesz.com\\\/#website\"},\"primaryImageOfPage\":{\"@id\":\"https:\\\/\\\/tajkertesz.com\\\/termek\\\/eucalyptus-gunnii-havasi-eukaliptusz\\\/#primaryimage\"},\"image\":{\"@id\":\"https:\\\/\\\/tajkertesz.com\\\/termek\\\/eucalyptus-gunnii-havasi-eukaliptusz\\\/#primaryimage\"},\"thumbnailUrl\":\"https:\\\/\\\/tajkertesz.com\\\/wp-content\\\/uploads\\\/2021\\\/08\\\/Eucalyptus-gunnii.jpg\",\"datePublished\":\"2021-08-17T07:16:57+00:00\",\"dateModified\":\"2026-03-15T08:58:48+00:00\",\"description\":\"Eucalyptus gunnii - Havasi eukaliptusz egyike a legink\u00e1bb fagyt\u0171r\u0151 eukaliptusz fajoknak, t\u00e9li takar\u00e1ssal haz\u00e1nkban is k\u00e9pes \u00e1ttelelni.\",\"breadcrumb\":{\"@id\":\"https:\\\/\\\/tajkertesz.com\\\/termek\\\/eucalyptus-gunnii-havasi-eukaliptusz\\\/#breadcrumb\"},\"inLanguage\":\"en-US\",\"potentialAction\":[{\"@type\":\"ReadAction\",\"target\":[\"https:\\\/\\\/tajkertesz.com\\\/termek\\\/eucalyptus-gunnii-havasi-eukaliptusz\\\/\"]}]},{\"@type\":\"ImageObject\",\"inLanguage\":\"en-US\",\"@id\":\"https:\\\/\\\/tajkertesz.com\\\/termek\\\/eucalyptus-gunnii-havasi-eukaliptusz\\\/#primaryimage\",\"url\":\"https:\\\/\\\/tajkertesz.com\\\/wp-content\\\/uploads\\\/2021\\\/08\\\/Eucalyptus-gunnii.jpg\",\"contentUrl\":\"https:\\\/\\\/tajkertesz.com\\\/wp-content\\\/uploads\\\/2021\\\/08\\\/Eucalyptus-gunnii.jpg\",\"width\":667,\"height\":788,\"caption\":\"Eucalyptus 'Baby Blue' - K\u00e9k lomb\u00fa eukaliptusz\"},{\"@type\":\"BreadcrumbList\",\"@id\":\"https:\\\/\\\/tajkertesz.com\\\/termek\\\/eucalyptus-gunnii-havasi-eukaliptusz\\\/#breadcrumb\",\"itemListElement\":[{\"@type\":\"ListItem\",\"position\":1,\"name\":\"Home\",\"item\":\"https:\\\/\\\/tajkertesz.com\\\/\"},{\"@type\":\"ListItem\",\"position\":2,\"name\":\"Kezd\u0151lap\",\"item\":\"https:\\\/\\\/tajkertesz.com\\\/\"},{\"@type\":\"ListItem\",\"position\":3,\"name\":\"Eucalyptus gunnii &#8211; Havasi eukaliptusz\"}]},{\"@type\":\"WebSite\",\"@id\":\"https:\\\/\\\/tajkertesz.com\\\/#website\",\"url\":\"https:\\\/\\\/tajkertesz.com\\\/\",\"name\":\"T\u00e1j-Kert\u00e9sz 84 Kft.\",\"description\":\"Kert\u00e9szeti kis- \u00e9s nagykeresked\u00e9s, D\u00edszn\u00f6v\u00e9ny web\u00e1ruh\u00e1z orsz\u00e1gos h\u00e1zhozsz\u00e1ll\u00edt\u00e1ssal!\",\"publisher\":{\"@id\":\"https:\\\/\\\/tajkertesz.com\\\/#organization\"},\"potentialAction\":[{\"@type\":\"SearchAction\",\"target\":{\"@type\":\"EntryPoint\",\"urlTemplate\":\"https:\\\/\\\/tajkertesz.com\\\/?s={search_term_string}\"},\"query-input\":{\"@type\":\"PropertyValueSpecification\",\"valueRequired\":true,\"valueName\":\"search_term_string\"}}],\"inLanguage\":\"en-US\"},{\"@type\":\"Organization\",\"@id\":\"https:\\\/\\\/tajkertesz.com\\\/#organization\",\"name\":\"T\u00e1j-Kert\u00e9sz 84 Kft.\",\"url\":\"https:\\\/\\\/tajkertesz.com\\\/\",\"logo\":{\"@type\":\"ImageObject\",\"inLanguage\":\"en-US\",\"@id\":\"https:\\\/\\\/tajkertesz.com\\\/#\\\/schema\\\/logo\\\/image\\\/\",\"url\":\"https:\\\/\\\/tajkertesz.com\\\/wp-content\\\/uploads\\\/2018\\\/02\\\/logo-2-e1518678052539.png\",\"contentUrl\":\"https:\\\/\\\/tajkertesz.com\\\/wp-content\\\/uploads\\\/2018\\\/02\\\/logo-2-e1518678052539.png\",\"width\":81,\"height\":140,\"caption\":\"T\u00e1j-Kert\u00e9sz 84 Kft.\"},\"image\":{\"@id\":\"https:\\\/\\\/tajkertesz.com\\\/#\\\/schema\\\/logo\\\/image\\\/\"},\"sameAs\":[\"https:\\\/\\\/www.facebook.com\\\/Tajkertesz\\\/\"]}]}<\/script>\n<!-- \/ Yoast SEO plugin. -->","yoast_head_json":{"title":"Eucalyptus gunnii - Havasi eukaliptusz - T\u00e1jkert\u00e9sz","description":"Eucalyptus gunnii - Havasi eukaliptusz egyike a legink\u00e1bb fagyt\u0171r\u0151 eukaliptusz fajoknak, t\u00e9li takar\u00e1ssal haz\u00e1nkban is k\u00e9pes \u00e1ttelelni.","robots":{"index":"index","follow":"follow","max-snippet":"max-snippet:-1","max-image-preview":"max-image-preview:large","max-video-preview":"max-video-preview:-1"},"canonical":"https:\/\/tajkertesz.com\/en_US\/product\/eucalyptus-gunnii-havasi-eukaliptusz\/","og_locale":"en_US","og_type":"article","og_title":"Eucalyptus gunnii - Havasi eukaliptusz - T\u00e1jkert\u00e9sz","og_description":"Eucalyptus gunnii - Havasi eukaliptusz egyike a legink\u00e1bb fagyt\u0171r\u0151 eukaliptusz fajoknak, t\u00e9li takar\u00e1ssal haz\u00e1nkban is k\u00e9pes \u00e1ttelelni.","og_url":"https:\/\/tajkertesz.com\/en_US\/product\/eucalyptus-gunnii-havasi-eukaliptusz\/","og_site_name":"T\u00e1jkert\u00e9sz","article_publisher":"https:\/\/www.facebook.com\/Tajkertesz\/","article_modified_time":"2026-03-15T08:58:48+00:00","og_image":[{"width":667,"height":788,"url":"https:\/\/tajkertesz.com\/wp-content\/uploads\/2021\/08\/Eucalyptus-gunnii.jpg","type":"image\/jpeg"}],"twitter_card":"summary_large_image","twitter_misc":{"Est. reading time":"2 minutes"},"schema":{"@context":"https:\/\/schema.org","@graph":[{"@type":"WebPage","@id":"https:\/\/tajkertesz.com\/termek\/eucalyptus-gunnii-havasi-eukaliptusz\/","url":"https:\/\/tajkertesz.com\/termek\/eucalyptus-gunnii-havasi-eukaliptusz\/","name":"Eucalyptus gunnii - Havasi eukaliptusz - T\u00e1jkert\u00e9sz","isPartOf":{"@id":"https:\/\/tajkertesz.com\/#website"},"primaryImageOfPage":{"@id":"https:\/\/tajkertesz.com\/termek\/eucalyptus-gunnii-havasi-eukaliptusz\/#primaryimage"},"image":{"@id":"https:\/\/tajkertesz.com\/termek\/eucalyptus-gunnii-havasi-eukaliptusz\/#primaryimage"},"thumbnailUrl":"https:\/\/tajkertesz.com\/wp-content\/uploads\/2021\/08\/Eucalyptus-gunnii.jpg","datePublished":"2021-08-17T07:16:57+00:00","dateModified":"2026-03-15T08:58:48+00:00","description":"Eucalyptus gunnii - Havasi eukaliptusz egyike a legink\u00e1bb fagyt\u0171r\u0151 eukaliptusz fajoknak, t\u00e9li takar\u00e1ssal haz\u00e1nkban is k\u00e9pes \u00e1ttelelni.","breadcrumb":{"@id":"https:\/\/tajkertesz.com\/termek\/eucalyptus-gunnii-havasi-eukaliptusz\/#breadcrumb"},"inLanguage":"en-US","potentialAction":[{"@type":"ReadAction","target":["https:\/\/tajkertesz.com\/termek\/eucalyptus-gunnii-havasi-eukaliptusz\/"]}]},{"@type":"ImageObject","inLanguage":"en-US","@id":"https:\/\/tajkertesz.com\/termek\/eucalyptus-gunnii-havasi-eukaliptusz\/#primaryimage","url":"https:\/\/tajkertesz.com\/wp-content\/uploads\/2021\/08\/Eucalyptus-gunnii.jpg","contentUrl":"https:\/\/tajkertesz.com\/wp-content\/uploads\/2021\/08\/Eucalyptus-gunnii.jpg","width":667,"height":788,"caption":"Eucalyptus 'Baby Blue' - K\u00e9k lomb\u00fa eukaliptusz"},{"@type":"BreadcrumbList","@id":"https:\/\/tajkertesz.com\/termek\/eucalyptus-gunnii-havasi-eukaliptusz\/#breadcrumb","itemListElement":[{"@type":"ListItem","position":1,"name":"Home","item":"https:\/\/tajkertesz.com\/"},{"@type":"ListItem","position":2,"name":"Kezd\u0151lap","item":"https:\/\/tajkertesz.com\/"},{"@type":"ListItem","position":3,"name":"Eucalyptus gunnii &#8211; Havasi eukaliptusz"}]},{"@type":"WebSite","@id":"https:\/\/tajkertesz.com\/#website","url":"https:\/\/tajkertesz.com\/","name":"T\u00e1j-Kert\u00e9sz 84 Kft.","description":"Kert\u00e9szeti kis- \u00e9s nagykeresked\u00e9s, D\u00edszn\u00f6v\u00e9ny web\u00e1ruh\u00e1z orsz\u00e1gos h\u00e1zhozsz\u00e1ll\u00edt\u00e1ssal!","publisher":{"@id":"https:\/\/tajkertesz.com\/#organization"},"potentialAction":[{"@type":"SearchAction","target":{"@type":"EntryPoint","urlTemplate":"https:\/\/tajkertesz.com\/?s={search_term_string}"},"query-input":{"@type":"PropertyValueSpecification","valueRequired":true,"valueName":"search_term_string"}}],"inLanguage":"en-US"},{"@type":"Organization","@id":"https:\/\/tajkertesz.com\/#organization","name":"T\u00e1j-Kert\u00e9sz 84 Kft.","url":"https:\/\/tajkertesz.com\/","logo":{"@type":"ImageObject","inLanguage":"en-US","@id":"https:\/\/tajkertesz.com\/#\/schema\/logo\/image\/","url":"https:\/\/tajkertesz.com\/wp-content\/uploads\/2018\/02\/logo-2-e1518678052539.png","contentUrl":"https:\/\/tajkertesz.com\/wp-content\/uploads\/2018\/02\/logo-2-e1518678052539.png","width":81,"height":140,"caption":"T\u00e1j-Kert\u00e9sz 84 Kft."},"image":{"@id":"https:\/\/tajkertesz.com\/#\/schema\/logo\/image\/"},"sameAs":["https:\/\/www.facebook.com\/Tajkertesz\/"]}]}},"_links":{"self":[{"href":"https:\/\/tajkertesz.com\/en_US\/wp-json\/wp\/v2\/product\/8043","targetHints":{"allow":["GET"]}}],"collection":[{"href":"https:\/\/tajkertesz.com\/en_US\/wp-json\/wp\/v2\/product"}],"about":[{"href":"https:\/\/tajkertesz.com\/en_US\/wp-json\/wp\/v2\/types\/product"}],"wp:featuredmedia":[{"embeddable":true,"href":"https:\/\/tajkertesz.com\/en_US\/wp-json\/wp\/v2\/media\/8044"}],"wp:attachment":[{"href":"https:\/\/tajkertesz.com\/en_US\/wp-json\/wp\/v2\/media?parent=8043"}],"wp:term":[{"taxonomy":"product_brand","embeddable":true,"href":"https:\/\/tajkertesz.com\/en_US\/wp-json\/wp\/v2\/product_brand?post=8043"},{"taxonomy":"product_cat","embeddable":true,"href":"https:\/\/tajkertesz.com\/en_US\/wp-json\/wp\/v2\/product_cat?post=8043"},{"taxonomy":"product_tag","embeddable":true,"href":"https:\/\/tajkertesz.com\/en_US\/wp-json\/wp\/v2\/product_tag?post=8043"}],"curies":[{"name":"wp","href":"https:\/\/api.w.org\/{rel}","templated":true}]}}