{"id":8055,"date":"2021-08-17T07:41:28","date_gmt":"2021-08-17T07:41:28","guid":{"rendered":"https:\/\/tajkertesz.com\/?post_type=product&#038;p=8055"},"modified":"2025-04-20T19:46:05","modified_gmt":"2025-04-20T19:46:05","slug":"liquidambar-styraciflua-lane-roberts-ambrafa","status":"publish","type":"product","link":"https:\/\/tajkertesz.com\/en_US\/product\/liquidambar-styraciflua-lane-roberts-ambrafa\/","title":{"rendered":"Liquidambar styraciflua &#8216;Lane Roberts&#8217; &#8211; \u00c1mbrafa"},"content":{"rendered":"<h3 class=\"LC20lb DKV0Md\">Liquidambar styraciflua &#8216;Lane Roberts&#8217; &#8211; \u00c1mbrafa<\/h3>\n<p class=\"LC20lb DKV0Md\">Liquidambar styraciflua &#8216;Lane Roberts&#8217; &#8211; \u00c1mbrafa, K\u00fapos koron\u00e1j\u00fa nagy m\u00e9ret\u0171 fa. Levelei eg\u00e9sz \u00e9vben bronzos-s\u00f6t\u00e9tz\u00f6ld, \u0151sszel narancs piros. Kifejlett magass\u00e1g 10-15 m.<\/p>\n<p>Jelen term\u00e9k\u00fcnk 7,5 literes kont\u00e9nerben kaphat\u00f3 \u00e9s 110\/120cm magass\u00e1g\u00fa.<\/p>\n<h3 style=\"line-height: 18.0pt; background: white; margin: 0cm 0cm 15.0pt 0cm;\"><b><span style=\"font-family: 'Ubuntu',serif; color: black;\">K\u00e9szlet\u00fcnk napi szinten v\u00e1ltozik, ez\u00e9rt k\u00e9rj\u00fck, \u00e9rdekl\u0151dj\u00f6n szem\u00e9lyesen, telefonon vagy email-en.<br \/>\nA v\u00e1ltoztat\u00e1s jog\u00e1t fenntartjuk!\u00a0<\/span><\/b><\/h3>\n<p><a href=\"https:\/\/en.wikipedia.org\/wiki\/Liquidambar_styraciflua\">https:\/\/tajkertesz.com\/<\/a><\/p>\n<p><a href=\"https:\/\/hu.wikipedia.org\/wiki\/Amerikai_%C3%A1mbrafa\">https:\/\/hu.wikipedia.org\/wiki\/Amerikai_%C3%A1mbrafa<\/a><\/p>\n<p>Sz\u00e1ll\u00edt\u00e1s 200 cm \u00e9s 40 kg-ig lehets\u00e9ges fut\u00e1rszolg\u00e1lattal, ezen m\u00e9retek felett k\u00fcl\u00f6n sz\u00e1ll\u00edt\u00e1si felt\u00e9tel egyeztet\u00e9se sz\u00fcks\u00e9ges.<\/p>\n<h6><span style=\"color: #ffffff;\">Az amerikai \u00e1mbrafa:\u00a0k\u0151t\u00f6r\u0151f\u0171-vir\u00e1g\u00faak (Saxifragales) rendj\u00e9be \u00e9s a csodamogyor\u00f3f\u00e9l\u00e9k (Hamamelidacea) csal\u00e1dj\u00e1ba tartoz\u00f3, ak\u00e1r 20 m magasra n\u00f6v\u0151 d\u00edszfa. Felsz\u00edne repedezett, sz\u00edne sz\u00fcrke.\u00c1gai gyakran paral\u00e9cesek, levelei 5-7 (sz\u00e1rnyasan) kar\u00e9josak, sz\u00f3rt \u00e1ll\u00e1s\u00faak, sz\u00e9l\u00fck \u00e9p, sz\u00edn\u00fck z\u00f6ld. A levelek erezete \u00e9lre fut\u00f3 sz\u00e1rnyas.. \u0150sszel s\u00e1rg\u00e1ra vagy lil\u00e1sv\u00f6r\u00f6sre sz\u00ednez\u0151dnek. Term\u00e9se tokterm\u00e9s (ikert\u00fcsz\u0151tok-term\u00e9s\u00e1gazat), 3 cm-es cs\u00fcng\u0151, tavaszig a f\u00e1n marad. Eredeti elterjed\u00e9si ter\u00fclete az USA d\u00e9lkeleti r\u00e9sze. Egy\u00e9b elnevez\u00e9sei: v\u00f6r\u00f6s m\u00e9zga, sz\u00edj\u00e1csos m\u00e9zga, \u00e9des m\u00e9zga.<span id=\"Kert\u00e9szet\" class=\"mw-headline\">Kert\u00e9szet:Csillag alak\u00fa levelei miatt juharra eml\u00e9keztet\u0151, \u00a0k\u00f6z\u00e9pnagy n\u00f6v\u00e9s\u0171, csod\u00e1latos \u0151szi lombsz\u00ednneir\u0151l ismert \u00a0fa. A Wolplesdon fajta \u00a0k\u00fcl\u00f6n\u00f6sen sz\u00e9p \u0151szi sz\u00ednez\u0151d\u00e9se mellet \u00a0m\u00e9lyen kar\u00e9lyos , az alapfajn\u00e1l \u00a0szeldeltebb level\u00e9r\u0151l ismerszikmeg. \u00a0Meszes , sz\u00e1raz helyre nem val\u00f3.<\/span>Sz\u00e9p alakja \u00e9s intenz\u00edv \u0151szi lombsz\u00edne miatt \u00e9rt\u00e9kes. Napos vagy f\u00e9l\u00e1rny\u00e9kos helyre val\u00f3. A savany\u00fa talajt kedveli, m\u00e9sz\u00e9rz\u00e9keny, meszes talajon levelei bes\u00e1rgulhatnak; savany\u00fa k\u00e9mhat\u00e1s\u00fa t\u0151zeget kell keverni az \u00fcltet\u0151g\u00f6dr\u00e9be, illetve a k\u00e9s\u0151bbiekben is figyelni kell, hogy a talaja ne meszez\u0151dj\u00f6n vissza.Az\u00a0<b>amerikai \u00e1mbrafa<\/b>\u00a0<i>(Liquidambar styraciflua)<\/i>\u00a0a\u00a0<a style=\"color: #ffffff;\" title=\"\" href=\"https:\/\/hu.wikipedia.org\/wiki\/K%C5%91t%C3%B6r%C5%91f%C5%B1-vir%C3%A1g%C3%BAak\">k\u0151t\u00f6r\u0151f\u0171-vir\u00e1g\u00faak<\/a>\u00a0<i>(Saxifragales)<\/i>\u00a0rendj\u00e9be \u00e9s a\u00a0<a class=\"new\" style=\"color: #ffffff;\" title=\"Csodamogyor\u00f3f\u00e9l\u00e9k (a lap nem l\u00e9tezik)\" href=\"https:\/\/hu.wikipedia.org\/w\/index.php?title=Csodamogyor%C3%B3f%C3%A9l%C3%A9k&amp;action=edit&amp;redlink=1\">csodamogyor\u00f3f\u00e9l\u00e9k<\/a>\u00a0<i>(Hamamelidacea)<\/i> csal\u00e1dj\u00e1ba tartoz\u00f3, ak\u00e1r 20 m magasra n\u00f6v\u0151 d\u00edszfa.Felsz\u00edne repedezett, sz\u00edne sz\u00fcrke. \u00c1gai gyakran paral\u00e9cesek, levelei 5-7 (sz\u00e1rnyasan) kar\u00e9josak, sz\u00f3rt \u00e1ll\u00e1s\u00faak, sz\u00e9l\u00fck \u00e9p, sz\u00edn\u00fck z\u00f6ld. A levelek erezete \u00e9lre fut\u00f3 sz\u00e1rnyas.. \u0150sszel s\u00e1rg\u00e1ra vagy lil\u00e1sv\u00f6r\u00f6sre sz\u00ednez\u0151dnek. Term\u00e9se tokterm\u00e9s (ikert\u00fcsz\u0151tok-term\u00e9s\u00e1gazat), 3\u00a0cm-es cs\u00fcng\u0151, tavaszig a f\u00e1n marad. Eredeti elterjed\u00e9si ter\u00fclete az USA d\u00e9lkeleti r\u00e9sze. Egy\u00e9b elnevez\u00e9sei:\u00a0<i style=\"font-size: 16px;\">v\u00f6r\u00f6s m\u00e9zga<\/i><span style=\"font-size: 16px;\">,\u00a0<\/span><i style=\"font-size: 16px;\">sz\u00edj\u00e1csos m\u00e9zga<\/i><span style=\"font-size: 16px;\">,\u00a0<\/span><i style=\"font-size: 16px;\">\u00e9des m\u00e9zga<\/i><span style=\"font-size: 16px;\">.Igazi ritkas\u00e1gnak sz\u00e1m\u00edt az oszlopos n\u00f6veked\u00e9se miatt. Magass\u00e1ga el\u00e9rheti az 5 m\u00e9tert, ugyanakkor sz\u00e9less\u00e9ge kb. 1,5 m\u00e9ter. Ny\u00e1ri z\u00f6ld lombja<\/span><\/span><\/h6>","protected":false},"excerpt":{"rendered":"<h3 class=\"LC20lb DKV0Md\">Liquidambar styraciflua &#8216;Lane Roberts&#8217; &#8211; \u00c1mbrafa<\/h3>\n<p>K\u00fapos koron\u00e1j\u00fa nagy m\u00e9ret\u0171 fa. Levelei eg\u00e9sz \u00e9vben bronzos-s\u00f6t\u00e9tz\u00f6ld, \u0151sszel narancs piros. Kifejlett magass\u00e1g 10-15 m.<\/p>","protected":false},"featured_media":8056,"template":"","meta":{"_et_pb_use_builder":"","_et_pb_old_content":"","_et_gb_content_width":""},"product_brand":[],"product_cat":[28],"product_tag":[3913,2351],"class_list":{"0":"post-8055","1":"product","2":"type-product","3":"status-publish","4":"has-post-thumbnail","6":"product_cat-diszfak","7":"product_tag-amrafa","8":"product_tag-liquidambar-styraciflua-lane-roberts-ambrafa","10":"first","11":"outofstock","12":"shipping-taxable","13":"purchasable","14":"product-type-simple"},"yoast_head":"<!-- This site is optimized with the Yoast SEO plugin v27.4 - https:\/\/yoast.com\/product\/yoast-seo-wordpress\/ -->\n<title>Liquidambar styraciflua &#039;Lane Roberts&#039; - \u00c1mbrafa - T\u00e1jkert\u00e9sz<\/title>\n<meta name=\"description\" content=\"Liquidambar styraciflua &#039;Lane Roberts&#039; - \u00c1mbrafa k\u00fapos koron\u00e1j\u00fa nagy m\u00e9ret\u0171 fa. Levelei eg\u00e9sz \u00e9vben bronzos-s\u00f6t\u00e9tz\u00f6ld, \u0151sszel narancs piros.\" \/>\n<meta name=\"robots\" content=\"index, follow, max-snippet:-1, max-image-preview:large, max-video-preview:-1\" \/>\n<link rel=\"canonical\" href=\"https:\/\/tajkertesz.com\/en_US\/product\/liquidambar-styraciflua-lane-roberts-ambrafa\/\" \/>\n<meta property=\"og:locale\" content=\"en_US\" \/>\n<meta property=\"og:type\" content=\"article\" \/>\n<meta property=\"og:title\" content=\"Liquidambar styraciflua &#039;Lane Roberts&#039; - \u00c1mbrafa - T\u00e1jkert\u00e9sz\" \/>\n<meta property=\"og:description\" content=\"Liquidambar styraciflua &#039;Lane Roberts&#039; - \u00c1mbrafa k\u00fapos koron\u00e1j\u00fa nagy m\u00e9ret\u0171 fa. Levelei eg\u00e9sz \u00e9vben bronzos-s\u00f6t\u00e9tz\u00f6ld, \u0151sszel narancs piros.\" \/>\n<meta property=\"og:url\" content=\"https:\/\/tajkertesz.com\/en_US\/product\/liquidambar-styraciflua-lane-roberts-ambrafa\/\" \/>\n<meta property=\"og:site_name\" content=\"T\u00e1jkert\u00e9sz\" \/>\n<meta property=\"article:publisher\" content=\"https:\/\/www.facebook.com\/Tajkertesz\/\" \/>\n<meta property=\"article:modified_time\" content=\"2025-04-20T19:46:05+00:00\" \/>\n<meta property=\"og:image\" content=\"https:\/\/tajkertesz.com\/wp-content\/uploads\/2021\/08\/lane1.jpg\" \/>\n\t<meta property=\"og:image:width\" content=\"1067\" \/>\n\t<meta property=\"og:image:height\" content=\"1600\" \/>\n\t<meta property=\"og:image:type\" content=\"image\/jpeg\" \/>\n<meta name=\"twitter:card\" content=\"summary_large_image\" \/>\n<meta name=\"twitter:label1\" content=\"Est. reading time\" \/>\n\t<meta name=\"twitter:data1\" content=\"2 minutes\" \/>\n<script type=\"application\/ld+json\" class=\"yoast-schema-graph\">{\"@context\":\"https:\\\/\\\/schema.org\",\"@graph\":[{\"@type\":\"WebPage\",\"@id\":\"https:\\\/\\\/tajkertesz.com\\\/termek\\\/liquidambar-styraciflua-lane-roberts-ambrafa\\\/\",\"url\":\"https:\\\/\\\/tajkertesz.com\\\/termek\\\/liquidambar-styraciflua-lane-roberts-ambrafa\\\/\",\"name\":\"Liquidambar styraciflua 'Lane Roberts' - \u00c1mbrafa - T\u00e1jkert\u00e9sz\",\"isPartOf\":{\"@id\":\"https:\\\/\\\/tajkertesz.com\\\/#website\"},\"primaryImageOfPage\":{\"@id\":\"https:\\\/\\\/tajkertesz.com\\\/termek\\\/liquidambar-styraciflua-lane-roberts-ambrafa\\\/#primaryimage\"},\"image\":{\"@id\":\"https:\\\/\\\/tajkertesz.com\\\/termek\\\/liquidambar-styraciflua-lane-roberts-ambrafa\\\/#primaryimage\"},\"thumbnailUrl\":\"https:\\\/\\\/tajkertesz.com\\\/wp-content\\\/uploads\\\/2021\\\/08\\\/lane1.jpg\",\"datePublished\":\"2021-08-17T07:41:28+00:00\",\"dateModified\":\"2025-04-20T19:46:05+00:00\",\"description\":\"Liquidambar styraciflua 'Lane Roberts' - \u00c1mbrafa k\u00fapos koron\u00e1j\u00fa nagy m\u00e9ret\u0171 fa. Levelei eg\u00e9sz \u00e9vben bronzos-s\u00f6t\u00e9tz\u00f6ld, \u0151sszel narancs piros.\",\"breadcrumb\":{\"@id\":\"https:\\\/\\\/tajkertesz.com\\\/termek\\\/liquidambar-styraciflua-lane-roberts-ambrafa\\\/#breadcrumb\"},\"inLanguage\":\"en-US\",\"potentialAction\":[{\"@type\":\"ReadAction\",\"target\":[\"https:\\\/\\\/tajkertesz.com\\\/termek\\\/liquidambar-styraciflua-lane-roberts-ambrafa\\\/\"]}]},{\"@type\":\"ImageObject\",\"inLanguage\":\"en-US\",\"@id\":\"https:\\\/\\\/tajkertesz.com\\\/termek\\\/liquidambar-styraciflua-lane-roberts-ambrafa\\\/#primaryimage\",\"url\":\"https:\\\/\\\/tajkertesz.com\\\/wp-content\\\/uploads\\\/2021\\\/08\\\/lane1.jpg\",\"contentUrl\":\"https:\\\/\\\/tajkertesz.com\\\/wp-content\\\/uploads\\\/2021\\\/08\\\/lane1.jpg\",\"width\":1067,\"height\":1600},{\"@type\":\"BreadcrumbList\",\"@id\":\"https:\\\/\\\/tajkertesz.com\\\/termek\\\/liquidambar-styraciflua-lane-roberts-ambrafa\\\/#breadcrumb\",\"itemListElement\":[{\"@type\":\"ListItem\",\"position\":1,\"name\":\"Home\",\"item\":\"https:\\\/\\\/tajkertesz.com\\\/\"},{\"@type\":\"ListItem\",\"position\":2,\"name\":\"Kezd\u0151lap\",\"item\":\"https:\\\/\\\/tajkertesz.com\\\/\"},{\"@type\":\"ListItem\",\"position\":3,\"name\":\"Liquidambar styraciflua &#8216;Lane Roberts&#8217; &#8211; \u00c1mbrafa\"}]},{\"@type\":\"WebSite\",\"@id\":\"https:\\\/\\\/tajkertesz.com\\\/#website\",\"url\":\"https:\\\/\\\/tajkertesz.com\\\/\",\"name\":\"T\u00e1j-Kert\u00e9sz 84 Kft.\",\"description\":\"Kert\u00e9szeti kis- \u00e9s nagykeresked\u00e9s, D\u00edszn\u00f6v\u00e9ny web\u00e1ruh\u00e1z orsz\u00e1gos h\u00e1zhozsz\u00e1ll\u00edt\u00e1ssal!\",\"publisher\":{\"@id\":\"https:\\\/\\\/tajkertesz.com\\\/#organization\"},\"potentialAction\":[{\"@type\":\"SearchAction\",\"target\":{\"@type\":\"EntryPoint\",\"urlTemplate\":\"https:\\\/\\\/tajkertesz.com\\\/?s={search_term_string}\"},\"query-input\":{\"@type\":\"PropertyValueSpecification\",\"valueRequired\":true,\"valueName\":\"search_term_string\"}}],\"inLanguage\":\"en-US\"},{\"@type\":\"Organization\",\"@id\":\"https:\\\/\\\/tajkertesz.com\\\/#organization\",\"name\":\"T\u00e1j-Kert\u00e9sz 84 Kft.\",\"url\":\"https:\\\/\\\/tajkertesz.com\\\/\",\"logo\":{\"@type\":\"ImageObject\",\"inLanguage\":\"en-US\",\"@id\":\"https:\\\/\\\/tajkertesz.com\\\/#\\\/schema\\\/logo\\\/image\\\/\",\"url\":\"https:\\\/\\\/tajkertesz.com\\\/wp-content\\\/uploads\\\/2018\\\/02\\\/logo-2-e1518678052539.png\",\"contentUrl\":\"https:\\\/\\\/tajkertesz.com\\\/wp-content\\\/uploads\\\/2018\\\/02\\\/logo-2-e1518678052539.png\",\"width\":81,\"height\":140,\"caption\":\"T\u00e1j-Kert\u00e9sz 84 Kft.\"},\"image\":{\"@id\":\"https:\\\/\\\/tajkertesz.com\\\/#\\\/schema\\\/logo\\\/image\\\/\"},\"sameAs\":[\"https:\\\/\\\/www.facebook.com\\\/Tajkertesz\\\/\"]}]}<\/script>\n<!-- \/ Yoast SEO plugin. -->","yoast_head_json":{"title":"Liquidambar styraciflua 'Lane Roberts' - \u00c1mbrafa - T\u00e1jkert\u00e9sz","description":"Liquidambar styraciflua 'Lane Roberts' - \u00c1mbrafa k\u00fapos koron\u00e1j\u00fa nagy m\u00e9ret\u0171 fa. Levelei eg\u00e9sz \u00e9vben bronzos-s\u00f6t\u00e9tz\u00f6ld, \u0151sszel narancs piros.","robots":{"index":"index","follow":"follow","max-snippet":"max-snippet:-1","max-image-preview":"max-image-preview:large","max-video-preview":"max-video-preview:-1"},"canonical":"https:\/\/tajkertesz.com\/en_US\/product\/liquidambar-styraciflua-lane-roberts-ambrafa\/","og_locale":"en_US","og_type":"article","og_title":"Liquidambar styraciflua 'Lane Roberts' - \u00c1mbrafa - T\u00e1jkert\u00e9sz","og_description":"Liquidambar styraciflua 'Lane Roberts' - \u00c1mbrafa k\u00fapos koron\u00e1j\u00fa nagy m\u00e9ret\u0171 fa. Levelei eg\u00e9sz \u00e9vben bronzos-s\u00f6t\u00e9tz\u00f6ld, \u0151sszel narancs piros.","og_url":"https:\/\/tajkertesz.com\/en_US\/product\/liquidambar-styraciflua-lane-roberts-ambrafa\/","og_site_name":"T\u00e1jkert\u00e9sz","article_publisher":"https:\/\/www.facebook.com\/Tajkertesz\/","article_modified_time":"2025-04-20T19:46:05+00:00","og_image":[{"width":1067,"height":1600,"url":"https:\/\/tajkertesz.com\/wp-content\/uploads\/2021\/08\/lane1.jpg","type":"image\/jpeg"}],"twitter_card":"summary_large_image","twitter_misc":{"Est. reading time":"2 minutes"},"schema":{"@context":"https:\/\/schema.org","@graph":[{"@type":"WebPage","@id":"https:\/\/tajkertesz.com\/termek\/liquidambar-styraciflua-lane-roberts-ambrafa\/","url":"https:\/\/tajkertesz.com\/termek\/liquidambar-styraciflua-lane-roberts-ambrafa\/","name":"Liquidambar styraciflua 'Lane Roberts' - \u00c1mbrafa - T\u00e1jkert\u00e9sz","isPartOf":{"@id":"https:\/\/tajkertesz.com\/#website"},"primaryImageOfPage":{"@id":"https:\/\/tajkertesz.com\/termek\/liquidambar-styraciflua-lane-roberts-ambrafa\/#primaryimage"},"image":{"@id":"https:\/\/tajkertesz.com\/termek\/liquidambar-styraciflua-lane-roberts-ambrafa\/#primaryimage"},"thumbnailUrl":"https:\/\/tajkertesz.com\/wp-content\/uploads\/2021\/08\/lane1.jpg","datePublished":"2021-08-17T07:41:28+00:00","dateModified":"2025-04-20T19:46:05+00:00","description":"Liquidambar styraciflua 'Lane Roberts' - \u00c1mbrafa k\u00fapos koron\u00e1j\u00fa nagy m\u00e9ret\u0171 fa. Levelei eg\u00e9sz \u00e9vben bronzos-s\u00f6t\u00e9tz\u00f6ld, \u0151sszel narancs piros.","breadcrumb":{"@id":"https:\/\/tajkertesz.com\/termek\/liquidambar-styraciflua-lane-roberts-ambrafa\/#breadcrumb"},"inLanguage":"en-US","potentialAction":[{"@type":"ReadAction","target":["https:\/\/tajkertesz.com\/termek\/liquidambar-styraciflua-lane-roberts-ambrafa\/"]}]},{"@type":"ImageObject","inLanguage":"en-US","@id":"https:\/\/tajkertesz.com\/termek\/liquidambar-styraciflua-lane-roberts-ambrafa\/#primaryimage","url":"https:\/\/tajkertesz.com\/wp-content\/uploads\/2021\/08\/lane1.jpg","contentUrl":"https:\/\/tajkertesz.com\/wp-content\/uploads\/2021\/08\/lane1.jpg","width":1067,"height":1600},{"@type":"BreadcrumbList","@id":"https:\/\/tajkertesz.com\/termek\/liquidambar-styraciflua-lane-roberts-ambrafa\/#breadcrumb","itemListElement":[{"@type":"ListItem","position":1,"name":"Home","item":"https:\/\/tajkertesz.com\/"},{"@type":"ListItem","position":2,"name":"Kezd\u0151lap","item":"https:\/\/tajkertesz.com\/"},{"@type":"ListItem","position":3,"name":"Liquidambar styraciflua &#8216;Lane Roberts&#8217; &#8211; \u00c1mbrafa"}]},{"@type":"WebSite","@id":"https:\/\/tajkertesz.com\/#website","url":"https:\/\/tajkertesz.com\/","name":"T\u00e1j-Kert\u00e9sz 84 Kft.","description":"Kert\u00e9szeti kis- \u00e9s nagykeresked\u00e9s, D\u00edszn\u00f6v\u00e9ny web\u00e1ruh\u00e1z orsz\u00e1gos h\u00e1zhozsz\u00e1ll\u00edt\u00e1ssal!","publisher":{"@id":"https:\/\/tajkertesz.com\/#organization"},"potentialAction":[{"@type":"SearchAction","target":{"@type":"EntryPoint","urlTemplate":"https:\/\/tajkertesz.com\/?s={search_term_string}"},"query-input":{"@type":"PropertyValueSpecification","valueRequired":true,"valueName":"search_term_string"}}],"inLanguage":"en-US"},{"@type":"Organization","@id":"https:\/\/tajkertesz.com\/#organization","name":"T\u00e1j-Kert\u00e9sz 84 Kft.","url":"https:\/\/tajkertesz.com\/","logo":{"@type":"ImageObject","inLanguage":"en-US","@id":"https:\/\/tajkertesz.com\/#\/schema\/logo\/image\/","url":"https:\/\/tajkertesz.com\/wp-content\/uploads\/2018\/02\/logo-2-e1518678052539.png","contentUrl":"https:\/\/tajkertesz.com\/wp-content\/uploads\/2018\/02\/logo-2-e1518678052539.png","width":81,"height":140,"caption":"T\u00e1j-Kert\u00e9sz 84 Kft."},"image":{"@id":"https:\/\/tajkertesz.com\/#\/schema\/logo\/image\/"},"sameAs":["https:\/\/www.facebook.com\/Tajkertesz\/"]}]}},"_links":{"self":[{"href":"https:\/\/tajkertesz.com\/en_US\/wp-json\/wp\/v2\/product\/8055","targetHints":{"allow":["GET"]}}],"collection":[{"href":"https:\/\/tajkertesz.com\/en_US\/wp-json\/wp\/v2\/product"}],"about":[{"href":"https:\/\/tajkertesz.com\/en_US\/wp-json\/wp\/v2\/types\/product"}],"wp:featuredmedia":[{"embeddable":true,"href":"https:\/\/tajkertesz.com\/en_US\/wp-json\/wp\/v2\/media\/8056"}],"wp:attachment":[{"href":"https:\/\/tajkertesz.com\/en_US\/wp-json\/wp\/v2\/media?parent=8055"}],"wp:term":[{"taxonomy":"product_brand","embeddable":true,"href":"https:\/\/tajkertesz.com\/en_US\/wp-json\/wp\/v2\/product_brand?post=8055"},{"taxonomy":"product_cat","embeddable":true,"href":"https:\/\/tajkertesz.com\/en_US\/wp-json\/wp\/v2\/product_cat?post=8055"},{"taxonomy":"product_tag","embeddable":true,"href":"https:\/\/tajkertesz.com\/en_US\/wp-json\/wp\/v2\/product_tag?post=8055"}],"curies":[{"name":"wp","href":"https:\/\/api.w.org\/{rel}","templated":true}]}}