{"id":8064,"date":"2021-08-17T07:57:42","date_gmt":"2021-08-17T07:57:42","guid":{"rendered":"https:\/\/tajkertesz.com\/?post_type=product&#038;p=8064"},"modified":"2024-09-30T13:04:48","modified_gmt":"2024-09-30T13:04:48","slug":"liriodendron-tulipifera-tulipanfa-2","status":"publish","type":"product","link":"https:\/\/tajkertesz.com\/en_US\/product\/liriodendron-tulipifera-tulipanfa-2\/","title":{"rendered":"Liriodendron tulipifera &#8211; Tulip\u00e1nfa"},"content":{"rendered":"<h1>Liriodendron tulipifera &#8211; Tulip\u00e1nfa<\/h1>\n<p>A\u00a0<strong>Liriodendron tulipifera<\/strong>, k\u00f6zismert nev\u00e9n\u00a0<strong>amerikai tulip\u00e1nfa<\/strong>, egy \u00c9szak-Amerik\u00e1b\u00f3l sz\u00e1rmaz\u00f3, nagy d\u00edsz\u00edt\u0151 \u00e9rt\u00e9kkel rendelkez\u0151 lombhullat\u00f3 fa.<\/p>\n<p>Az amerikai tulip\u00e1nfa gyors n\u00f6veked\u00e9s\u0171, ak\u00e1r 20-30 cm magasra is megn\u0151het. Az amerikai tulip\u00e1nfa (Liriodendron tulipifera) az egyik leggyorsabban n\u00f6v\u0151 lombos fa. Fiatal kor\u00e1ban \u00e9vente t\u00f6bb mint 60 cm-t is n\u0151het. Ahogy a fa \u00f6regszik a n\u00f6veked\u00e9si \u00fcteme is lassul, de m\u00e9g mindig \u00e9vente ak\u00e1r 30-60 cm k\u00f6z\u00f6tti n\u00f6veked\u00e9st produk\u00e1l.<\/p>\n<p><b>N\u00f6veked\u00e9s, alak:<\/b> 20-30 m magas \u00e9s ak\u00e1r 15-20 m sz\u00e9less\u00e9get is el\u00e9rheti, piramis alak\u00fa koron\u00e1val. \u00c9vi n\u00f6veked\u00e9se 35-40 cm.<br \/>\n<b>Lev\u00e9l:<\/b>\u00a08-15 cm-es, 4 kar\u00e9j\u00fa, jellegzetes, kics\u00edpett cs\u00facs\u00fa, \u00e9l\u00e9nkz\u00f6ld, aranys\u00e1rga \u0151szi lombsz\u00edn\u0171.<br \/>\n<b>Vir\u00e1g:<\/b>\u00a0A tulip\u00e1n vir\u00e1gj\u00e1hoz hasonl\u00f3, k\u00e9ns\u00e1rga\/s\u00e1rg\u00e1sz\u00f6ld sz\u00edn\u0171. M\u00e1jus v\u00e9g\u00e9t\u0151l j\u00fanius v\u00e9g\u00e9ig vir\u00e1gzik.<br \/>\n<b>Term\u00e9s:<\/b>\u00a06-7 cm-es, fel\u00e1ll\u00f3, hegyes k\u00fap alak\u00fa, tobozszer\u0171 aszmagcsokor.<br \/>\n<b>Term\u0151hely, ig\u00e9ny:<\/b>\u00a0Az amerikai \u00e1mbraf\u00e1hoz hasonl\u00f3: fagy\u00e1ll\u00f3, de a melegebb, nedvesebb, m\u00e9lyr\u00e9teg\u0171 talajokat kedveli, a sz\u00e1razabbakat is elviseli. Er\u0151sen meszes talajra ne \u00fcltess\u00fck. F\u00e9nyig\u00e9nyes!<br \/>\n<b>Felhaszn\u00e1l\u00e1s:<\/b>Nagy m\u00e9rete, impoz\u00e1ns vir\u00e1gz\u00e1sa, sz\u00e9p \u0151szi lombsz\u00edne miatt nagy, ny\u00edlt fel\u00fcletekre, szabad \u00e1ll\u00e1sba, parkokba \u00fcltess\u00fck.<br \/>\n<b>Sz\u00e1rmaz\u00e1s:<\/b>\u00a0\u00c9szak-Amerika keleti r\u00e9sze.<br \/>\n<b>Kl\u00edmabesorol\u00e1s:<\/b>\u00a05<\/p>\n<p>Jelen term\u00e9k\u00fcnk: 18 literes kont\u00e9nerben 200-250 cm magas<\/p>\n<p>&nbsp;<\/p>\n<h3>Talaj<\/h3>\n<ul>\n<li><strong>T\u00e1panyagban gazdag<\/strong>: Szereti a m\u00e9ly, j\u00f3l v\u00edzelvezet\u0151, t\u00e1panyagban gazdag talajt.<\/li>\n<li><strong>pH<\/strong>: Ink\u00e1bb a semleges vagy enyh\u00e9n savas talajt kedveli.<\/li>\n<\/ul>\n<h3>F\u00e9ny<\/h3>\n<ul>\n<li><strong>Napos helyek<\/strong>: A napos, vil\u00e1gos helyeket r\u00e9szes\u00edti el\u0151nyben, ahol elegend\u0151 f\u00e9nyt kap a n\u00f6veked\u00e9shez.<\/li>\n<\/ul>\n<h3>V\u00edz<\/h3>\n<ul>\n<li><strong>Rendszeres \u00f6nt\u00f6z\u00e9s<\/strong>: Fiatal kor\u00e1ban rendszeres \u00f6nt\u00f6z\u00e9st ig\u00e9nyel, hogy megfelel\u0151en fejl\u0151dj\u00f6n. K\u00e9s\u0151bb m\u00e1r jobban t\u0171ri a sz\u00e1razs\u00e1got, de a hosszabb sz\u00e1raz id\u0151szakokban is \u00e9rdemes \u00f6nt\u00f6zni.<\/li>\n<\/ul>\n<h3>H\u0151m\u00e9rs\u00e9klet<\/h3>\n<ul>\n<li><strong>M\u00e9rs\u00e9kelt \u00e9ghajlat<\/strong>: A m\u00e9rs\u00e9kelt \u00e9ghajlatot kedveli, de j\u00f3l t\u0171ri a hidegebb teleket is.<\/li>\n<\/ul>\n<h3>Sz\u00e9lv\u00e9delem<\/h3>\n<ul>\n<li><strong>V\u00e9dett hely<\/strong>: B\u00e1r a fa er\u0151s \u00e9s ellen\u00e1ll\u00f3, a fiatal p\u00e9ld\u00e1nyokat \u00e9rdemes sz\u00e9lv\u00e9dett helyre \u00fcltetni, hogy megv\u00e9dj\u00fck \u0151ket a k\u00e1rosod\u00e1st\u00f3l.<\/li>\n<\/ul>\n<h3>Gondoz\u00e1s<\/h3>\n<ul>\n<li><strong>Metsz\u00e9s<\/strong>: Nem ig\u00e9nyel gyakori metsz\u00e9st, de a form\u00e1z\u00f3 metsz\u00e9s seg\u00edthet a koron\u00e1j\u00e1nak alak\u00edt\u00e1s\u00e1ban \u00e9s az eg\u00e9szs\u00e9ges n\u00f6veked\u00e9sben.<\/li>\n<\/ul>\n<p><strong>Ez a term\u00e9k m\u00e9rete miatt postai \u00faton nem sz\u00e1ll\u00edthat\u00f3!<\/strong><\/p>\n<p><strong>K\u00e9szlet\u00fcnk napi szinten v\u00e1ltozik, ez\u00e9rt k\u00e9rj\u00fck, \u00e9rdekl\u0151dj\u00f6n szem\u00e9lyesen, telefonon vagy email-en.<br \/>\nA v\u00e1ltoztat\u00e1s jog\u00e1t fenntartjuk!\u00a0<\/strong><\/p>\n<p><em>\u00a0<\/em><\/p>\n<p><a href=\"https:\/\/tajkertesz.com\/\">https:\/\/tajkertesz.com\/<\/a><\/p>\n<p><a href=\"https:\/\/hu.wikipedia.org\/wiki\/Amerikai_tulip%C3%A1nfa\">https:\/\/hu.wikipedia.org\/wiki\/Amerikai_tulip%C3%A1nfa<\/a><\/p>\n<h6><\/h6>","protected":false},"excerpt":{"rendered":"<p>&nbsp;<\/p>\n<p>Jelen term\u00e9k\u00fcnk: 18 literes kont\u00e9nerben 200-250 cm magas<\/p>\n<p>Ez a term\u00e9k a m\u00e9rete miatt fut\u00e1rszolg\u00e1lattal\/ postai \u00faton nem sz\u00e1ll\u00edthat\u00f3.<\/p>\n<p><b>N\u00f6veked\u00e9s, alak:<\/b>\u00a020-30 m magas, 15-20 m sz\u00e9les, piramis alak\u00fa koron\u00e1val. \u00c9vi n\u00f6veked\u00e9se 35-40 cm.<br \/>\n<b>Lev\u00e9l:<\/b>\u00a08-15 cm-es, 4 kar\u00e9j\u00fa, jellegzetes, kics\u00edpett cs\u00facs\u00fa, \u00e9l\u00e9nkz\u00f6ld, aranys\u00e1rga \u0151szi lombsz\u00edn\u0171.<br \/>\n<b>Vir\u00e1g:<\/b>\u00a0A tulip\u00e1n vir\u00e1gj\u00e1hoz hasonl\u00f3, k\u00e9ns\u00e1rga\/s\u00e1rg\u00e1sz\u00f6ld sz\u00edn\u0171. M\u00e1jus v\u00e9g\u00e9t\u0151l j\u00fanius v\u00e9g\u00e9ig vir\u00e1gzik.<br \/>\n<b>Term\u00e9s:<\/b>\u00a06-7 cm-es, fel\u00e1ll\u00f3, hegyes k\u00fap alak\u00fa, tobozszer\u0171 aszmagcsokor.<br \/>\n<b>Term\u0151hely, ig\u00e9ny:<\/b>\u00a0Az amerikai \u00e1mbraf\u00e1hoz hasonl\u00f3: fagy\u00e1ll\u00f3, de a melegebb, nedvesebb, m\u00e9lyr\u00e9teg\u0171 talajokat kedveli, a sz\u00e1razabbakat is elviseli. Er\u0151sen meszes talajra ne \u00fcltess\u00fck. F\u00e9nyig\u00e9nyes!<br \/>\n<b>Felhaszn\u00e1l\u00e1s:<\/b>Nagy m\u00e9rete, impoz\u00e1ns vir\u00e1gz\u00e1sa, sz\u00e9p \u0151szi lombsz\u00edne miatt nagy, ny\u00edlt fel\u00fcletekre, szabad \u00e1ll\u00e1sba, parkokba \u00fcltess\u00fck.<br \/>\n<b>Sz\u00e1rmaz\u00e1s:<\/b>\u00a0\u00c9szak-Amerika keleti r\u00e9sze.<br \/>\n<b>Kl\u00edmabesorol\u00e1s:<\/b>\u00a05<\/p>\n<p>Jelen term\u00e9k\u00fcnk 5 literes kont\u00e9nerben kaphat\u00f3 \u00e9s 140\/160 cm magas.<\/p>\n<p>&nbsp;<\/p>","protected":false},"featured_media":2107,"template":"","meta":{"_et_pb_use_builder":"","_et_pb_old_content":"","_et_gb_content_width":""},"product_brand":[],"product_cat":[28],"product_tag":[83,668,87],"class_list":{"0":"post-8064","1":"product","2":"type-product","3":"status-publish","4":"has-post-thumbnail","6":"product_cat-diszfak","7":"product_tag-liriodendron-tulipifera","8":"product_tag-tulipan-levelu-fa","9":"product_tag-tulipanfa","11":"first","12":"outofstock","13":"shipping-taxable","14":"purchasable","15":"product-type-simple"},"yoast_head":"<!-- This site is optimized with the Yoast SEO plugin v27.3 - https:\/\/yoast.com\/product\/yoast-seo-wordpress\/ -->\n<title>Liriodendron tulipifera - Tulip\u00e1nfa - T\u00e1jkert\u00e9sz<\/title>\n<meta name=\"description\" content=\"A Liriodendron tulipifera , Tulip\u00e1nfa nagy m\u00e9rete , impoz\u00e1ns vir\u00e1gz\u00e1sa, sz\u00e9p \u0151szi lombsz\u00edne miatt\u00a0 csod\u00e1s \u00e9ke lehet kert\u00fcnknek.\u00a0\" \/>\n<meta name=\"robots\" content=\"index, follow, max-snippet:-1, max-image-preview:large, max-video-preview:-1\" \/>\n<link rel=\"canonical\" href=\"https:\/\/tajkertesz.com\/en_US\/product\/liriodendron-tulipifera-tulipanfa-2\/\" \/>\n<meta property=\"og:locale\" content=\"en_US\" \/>\n<meta property=\"og:type\" content=\"article\" \/>\n<meta property=\"og:title\" content=\"Liriodendron tulipifera - Tulip\u00e1nfa - T\u00e1jkert\u00e9sz\" \/>\n<meta property=\"og:description\" content=\"A Liriodendron tulipifera , Tulip\u00e1nfa nagy m\u00e9rete , impoz\u00e1ns vir\u00e1gz\u00e1sa, sz\u00e9p \u0151szi lombsz\u00edne miatt\u00a0 csod\u00e1s \u00e9ke lehet kert\u00fcnknek.\u00a0\" \/>\n<meta property=\"og:url\" content=\"https:\/\/tajkertesz.com\/en_US\/product\/liriodendron-tulipifera-tulipanfa-2\/\" \/>\n<meta property=\"og:site_name\" content=\"T\u00e1jkert\u00e9sz\" \/>\n<meta property=\"article:publisher\" content=\"https:\/\/www.facebook.com\/Tajkertesz\/\" \/>\n<meta property=\"article:modified_time\" content=\"2024-09-30T13:04:48+00:00\" \/>\n<meta property=\"og:image\" content=\"https:\/\/tajkertesz.com\/wp-content\/uploads\/2020\/08\/Liriodendron-tulipifera.jpg2_.jpg\" \/>\n\t<meta property=\"og:image:width\" content=\"400\" \/>\n\t<meta property=\"og:image:height\" content=\"400\" \/>\n\t<meta property=\"og:image:type\" content=\"image\/jpeg\" \/>\n<meta name=\"twitter:card\" content=\"summary_large_image\" \/>\n<meta name=\"twitter:label1\" content=\"Est. reading time\" \/>\n\t<meta name=\"twitter:data1\" content=\"2 minutes\" \/>\n<script type=\"application\/ld+json\" class=\"yoast-schema-graph\">{\"@context\":\"https:\\\/\\\/schema.org\",\"@graph\":[{\"@type\":\"WebPage\",\"@id\":\"https:\\\/\\\/tajkertesz.com\\\/termek\\\/liriodendron-tulipifera-tulipanfa-2\\\/\",\"url\":\"https:\\\/\\\/tajkertesz.com\\\/termek\\\/liriodendron-tulipifera-tulipanfa-2\\\/\",\"name\":\"Liriodendron tulipifera - Tulip\u00e1nfa - T\u00e1jkert\u00e9sz\",\"isPartOf\":{\"@id\":\"https:\\\/\\\/tajkertesz.com\\\/#website\"},\"primaryImageOfPage\":{\"@id\":\"https:\\\/\\\/tajkertesz.com\\\/termek\\\/liriodendron-tulipifera-tulipanfa-2\\\/#primaryimage\"},\"image\":{\"@id\":\"https:\\\/\\\/tajkertesz.com\\\/termek\\\/liriodendron-tulipifera-tulipanfa-2\\\/#primaryimage\"},\"thumbnailUrl\":\"https:\\\/\\\/tajkertesz.com\\\/wp-content\\\/uploads\\\/2020\\\/08\\\/Liriodendron-tulipifera.jpg2_.jpg\",\"datePublished\":\"2021-08-17T07:57:42+00:00\",\"dateModified\":\"2024-09-30T13:04:48+00:00\",\"description\":\"A Liriodendron tulipifera , Tulip\u00e1nfa nagy m\u00e9rete , impoz\u00e1ns vir\u00e1gz\u00e1sa, sz\u00e9p \u0151szi lombsz\u00edne miatt\u00a0 csod\u00e1s \u00e9ke lehet kert\u00fcnknek.\u00a0\",\"breadcrumb\":{\"@id\":\"https:\\\/\\\/tajkertesz.com\\\/termek\\\/liriodendron-tulipifera-tulipanfa-2\\\/#breadcrumb\"},\"inLanguage\":\"en-US\",\"potentialAction\":[{\"@type\":\"ReadAction\",\"target\":[\"https:\\\/\\\/tajkertesz.com\\\/termek\\\/liriodendron-tulipifera-tulipanfa-2\\\/\"]}]},{\"@type\":\"ImageObject\",\"inLanguage\":\"en-US\",\"@id\":\"https:\\\/\\\/tajkertesz.com\\\/termek\\\/liriodendron-tulipifera-tulipanfa-2\\\/#primaryimage\",\"url\":\"https:\\\/\\\/tajkertesz.com\\\/wp-content\\\/uploads\\\/2020\\\/08\\\/Liriodendron-tulipifera.jpg2_.jpg\",\"contentUrl\":\"https:\\\/\\\/tajkertesz.com\\\/wp-content\\\/uploads\\\/2020\\\/08\\\/Liriodendron-tulipifera.jpg2_.jpg\",\"width\":400,\"height\":400,\"caption\":\"Liriodendron tulipifera - Tulip\u00e1nfa\"},{\"@type\":\"BreadcrumbList\",\"@id\":\"https:\\\/\\\/tajkertesz.com\\\/termek\\\/liriodendron-tulipifera-tulipanfa-2\\\/#breadcrumb\",\"itemListElement\":[{\"@type\":\"ListItem\",\"position\":1,\"name\":\"Home\",\"item\":\"https:\\\/\\\/tajkertesz.com\\\/\"},{\"@type\":\"ListItem\",\"position\":2,\"name\":\"Kezd\u0151lap\",\"item\":\"https:\\\/\\\/tajkertesz.com\\\/\"},{\"@type\":\"ListItem\",\"position\":3,\"name\":\"Liriodendron tulipifera &#8211; Tulip\u00e1nfa\"}]},{\"@type\":\"WebSite\",\"@id\":\"https:\\\/\\\/tajkertesz.com\\\/#website\",\"url\":\"https:\\\/\\\/tajkertesz.com\\\/\",\"name\":\"T\u00e1j-Kert\u00e9sz 84 Kft.\",\"description\":\"Kert\u00e9szeti kis- \u00e9s nagykeresked\u00e9s, D\u00edszn\u00f6v\u00e9ny web\u00e1ruh\u00e1z orsz\u00e1gos h\u00e1zhozsz\u00e1ll\u00edt\u00e1ssal!\",\"publisher\":{\"@id\":\"https:\\\/\\\/tajkertesz.com\\\/#organization\"},\"potentialAction\":[{\"@type\":\"SearchAction\",\"target\":{\"@type\":\"EntryPoint\",\"urlTemplate\":\"https:\\\/\\\/tajkertesz.com\\\/?s={search_term_string}\"},\"query-input\":{\"@type\":\"PropertyValueSpecification\",\"valueRequired\":true,\"valueName\":\"search_term_string\"}}],\"inLanguage\":\"en-US\"},{\"@type\":\"Organization\",\"@id\":\"https:\\\/\\\/tajkertesz.com\\\/#organization\",\"name\":\"T\u00e1j-Kert\u00e9sz 84 Kft.\",\"url\":\"https:\\\/\\\/tajkertesz.com\\\/\",\"logo\":{\"@type\":\"ImageObject\",\"inLanguage\":\"en-US\",\"@id\":\"https:\\\/\\\/tajkertesz.com\\\/#\\\/schema\\\/logo\\\/image\\\/\",\"url\":\"https:\\\/\\\/tajkertesz.com\\\/wp-content\\\/uploads\\\/2018\\\/02\\\/logo-2-e1518678052539.png\",\"contentUrl\":\"https:\\\/\\\/tajkertesz.com\\\/wp-content\\\/uploads\\\/2018\\\/02\\\/logo-2-e1518678052539.png\",\"width\":81,\"height\":140,\"caption\":\"T\u00e1j-Kert\u00e9sz 84 Kft.\"},\"image\":{\"@id\":\"https:\\\/\\\/tajkertesz.com\\\/#\\\/schema\\\/logo\\\/image\\\/\"},\"sameAs\":[\"https:\\\/\\\/www.facebook.com\\\/Tajkertesz\\\/\"]}]}<\/script>\n<!-- \/ Yoast SEO plugin. -->","yoast_head_json":{"title":"Liriodendron tulipifera - Tulip\u00e1nfa - T\u00e1jkert\u00e9sz","description":"A Liriodendron tulipifera , Tulip\u00e1nfa nagy m\u00e9rete , impoz\u00e1ns vir\u00e1gz\u00e1sa, sz\u00e9p \u0151szi lombsz\u00edne miatt\u00a0 csod\u00e1s \u00e9ke lehet kert\u00fcnknek.\u00a0","robots":{"index":"index","follow":"follow","max-snippet":"max-snippet:-1","max-image-preview":"max-image-preview:large","max-video-preview":"max-video-preview:-1"},"canonical":"https:\/\/tajkertesz.com\/en_US\/product\/liriodendron-tulipifera-tulipanfa-2\/","og_locale":"en_US","og_type":"article","og_title":"Liriodendron tulipifera - Tulip\u00e1nfa - T\u00e1jkert\u00e9sz","og_description":"A Liriodendron tulipifera , Tulip\u00e1nfa nagy m\u00e9rete , impoz\u00e1ns vir\u00e1gz\u00e1sa, sz\u00e9p \u0151szi lombsz\u00edne miatt\u00a0 csod\u00e1s \u00e9ke lehet kert\u00fcnknek.\u00a0","og_url":"https:\/\/tajkertesz.com\/en_US\/product\/liriodendron-tulipifera-tulipanfa-2\/","og_site_name":"T\u00e1jkert\u00e9sz","article_publisher":"https:\/\/www.facebook.com\/Tajkertesz\/","article_modified_time":"2024-09-30T13:04:48+00:00","og_image":[{"width":400,"height":400,"url":"https:\/\/tajkertesz.com\/wp-content\/uploads\/2020\/08\/Liriodendron-tulipifera.jpg2_.jpg","type":"image\/jpeg"}],"twitter_card":"summary_large_image","twitter_misc":{"Est. reading time":"2 minutes"},"schema":{"@context":"https:\/\/schema.org","@graph":[{"@type":"WebPage","@id":"https:\/\/tajkertesz.com\/termek\/liriodendron-tulipifera-tulipanfa-2\/","url":"https:\/\/tajkertesz.com\/termek\/liriodendron-tulipifera-tulipanfa-2\/","name":"Liriodendron tulipifera - Tulip\u00e1nfa - T\u00e1jkert\u00e9sz","isPartOf":{"@id":"https:\/\/tajkertesz.com\/#website"},"primaryImageOfPage":{"@id":"https:\/\/tajkertesz.com\/termek\/liriodendron-tulipifera-tulipanfa-2\/#primaryimage"},"image":{"@id":"https:\/\/tajkertesz.com\/termek\/liriodendron-tulipifera-tulipanfa-2\/#primaryimage"},"thumbnailUrl":"https:\/\/tajkertesz.com\/wp-content\/uploads\/2020\/08\/Liriodendron-tulipifera.jpg2_.jpg","datePublished":"2021-08-17T07:57:42+00:00","dateModified":"2024-09-30T13:04:48+00:00","description":"A Liriodendron tulipifera , Tulip\u00e1nfa nagy m\u00e9rete , impoz\u00e1ns vir\u00e1gz\u00e1sa, sz\u00e9p \u0151szi lombsz\u00edne miatt\u00a0 csod\u00e1s \u00e9ke lehet kert\u00fcnknek.\u00a0","breadcrumb":{"@id":"https:\/\/tajkertesz.com\/termek\/liriodendron-tulipifera-tulipanfa-2\/#breadcrumb"},"inLanguage":"en-US","potentialAction":[{"@type":"ReadAction","target":["https:\/\/tajkertesz.com\/termek\/liriodendron-tulipifera-tulipanfa-2\/"]}]},{"@type":"ImageObject","inLanguage":"en-US","@id":"https:\/\/tajkertesz.com\/termek\/liriodendron-tulipifera-tulipanfa-2\/#primaryimage","url":"https:\/\/tajkertesz.com\/wp-content\/uploads\/2020\/08\/Liriodendron-tulipifera.jpg2_.jpg","contentUrl":"https:\/\/tajkertesz.com\/wp-content\/uploads\/2020\/08\/Liriodendron-tulipifera.jpg2_.jpg","width":400,"height":400,"caption":"Liriodendron tulipifera - Tulip\u00e1nfa"},{"@type":"BreadcrumbList","@id":"https:\/\/tajkertesz.com\/termek\/liriodendron-tulipifera-tulipanfa-2\/#breadcrumb","itemListElement":[{"@type":"ListItem","position":1,"name":"Home","item":"https:\/\/tajkertesz.com\/"},{"@type":"ListItem","position":2,"name":"Kezd\u0151lap","item":"https:\/\/tajkertesz.com\/"},{"@type":"ListItem","position":3,"name":"Liriodendron tulipifera &#8211; Tulip\u00e1nfa"}]},{"@type":"WebSite","@id":"https:\/\/tajkertesz.com\/#website","url":"https:\/\/tajkertesz.com\/","name":"T\u00e1j-Kert\u00e9sz 84 Kft.","description":"Kert\u00e9szeti kis- \u00e9s nagykeresked\u00e9s, D\u00edszn\u00f6v\u00e9ny web\u00e1ruh\u00e1z orsz\u00e1gos h\u00e1zhozsz\u00e1ll\u00edt\u00e1ssal!","publisher":{"@id":"https:\/\/tajkertesz.com\/#organization"},"potentialAction":[{"@type":"SearchAction","target":{"@type":"EntryPoint","urlTemplate":"https:\/\/tajkertesz.com\/?s={search_term_string}"},"query-input":{"@type":"PropertyValueSpecification","valueRequired":true,"valueName":"search_term_string"}}],"inLanguage":"en-US"},{"@type":"Organization","@id":"https:\/\/tajkertesz.com\/#organization","name":"T\u00e1j-Kert\u00e9sz 84 Kft.","url":"https:\/\/tajkertesz.com\/","logo":{"@type":"ImageObject","inLanguage":"en-US","@id":"https:\/\/tajkertesz.com\/#\/schema\/logo\/image\/","url":"https:\/\/tajkertesz.com\/wp-content\/uploads\/2018\/02\/logo-2-e1518678052539.png","contentUrl":"https:\/\/tajkertesz.com\/wp-content\/uploads\/2018\/02\/logo-2-e1518678052539.png","width":81,"height":140,"caption":"T\u00e1j-Kert\u00e9sz 84 Kft."},"image":{"@id":"https:\/\/tajkertesz.com\/#\/schema\/logo\/image\/"},"sameAs":["https:\/\/www.facebook.com\/Tajkertesz\/"]}]}},"_links":{"self":[{"href":"https:\/\/tajkertesz.com\/en_US\/wp-json\/wp\/v2\/product\/8064","targetHints":{"allow":["GET"]}}],"collection":[{"href":"https:\/\/tajkertesz.com\/en_US\/wp-json\/wp\/v2\/product"}],"about":[{"href":"https:\/\/tajkertesz.com\/en_US\/wp-json\/wp\/v2\/types\/product"}],"wp:featuredmedia":[{"embeddable":true,"href":"https:\/\/tajkertesz.com\/en_US\/wp-json\/wp\/v2\/media\/2107"}],"wp:attachment":[{"href":"https:\/\/tajkertesz.com\/en_US\/wp-json\/wp\/v2\/media?parent=8064"}],"wp:term":[{"taxonomy":"product_brand","embeddable":true,"href":"https:\/\/tajkertesz.com\/en_US\/wp-json\/wp\/v2\/product_brand?post=8064"},{"taxonomy":"product_cat","embeddable":true,"href":"https:\/\/tajkertesz.com\/en_US\/wp-json\/wp\/v2\/product_cat?post=8064"},{"taxonomy":"product_tag","embeddable":true,"href":"https:\/\/tajkertesz.com\/en_US\/wp-json\/wp\/v2\/product_tag?post=8064"}],"curies":[{"name":"wp","href":"https:\/\/api.w.org\/{rel}","templated":true}]}}