{"id":8066,"date":"2021-08-17T08:07:36","date_gmt":"2021-08-17T08:07:36","guid":{"rendered":"https:\/\/tajkertesz.com\/?post_type=product&#038;p=8066"},"modified":"2025-01-28T07:23:28","modified_gmt":"2025-01-28T07:23:28","slug":"loropetalum-chinense-fire-dance-kinai-rojtosvirag","status":"publish","type":"product","link":"https:\/\/tajkertesz.com\/en_US\/product\/loropetalum-chinense-fire-dance-kinai-rojtosvirag\/","title":{"rendered":"Loropetalum chinense &#8216;Fire Dance&#8217; \u2013 K\u00ednai rojtosvir\u00e1g"},"content":{"rendered":"<h3 class=\"LC20lb DKV0Md\">Loropetalum chinense &#8216;Fire Dance&#8217; \u2013 K\u00ednai rojtosvir\u00e1g<\/h3>\n<p class=\"LC20lb DKV0Md\">Loropetalum chinense &#8216;Fire Dance&#8217; \u2013 K\u00ednai rojtosvir\u00e1g,1-2 m\u00e9ter magas, kerekded\u00a0<strong>\u00f6r\u00f6kz\u00f6ld cserje.F<\/strong>\u0151k\u00e9nt kont\u00e9nerben \u00e9rdemes nevelni, a k\u00f6nnyebb teleltet\u00e9s miatt. A szabadf\u00f6ldbe \u00fcltetett p\u00e9ld\u00e1nyok, m\u00e9g takar\u00e1s mellett sem biztos, hogy sikerrel \u00e1tv\u00e9szelik az er\u0151s fagyokat.Lev\u00e9lzet\u00e9t z\u00f6ld \u00e9s b\u00edbor sz\u00edn\u0171, ov\u00e1lis form\u00e1j\u00fa, aszimmetrikus levelek alkotj\u00e1k.<strong>K\u00fcl\u00f6nlegesen b\u00edborsz\u00edn\u0171, p\u00f3kszer\u0171 vir\u00e1gai<\/strong>\u00a0kora tavasszal d\u00edsz\u00edtenek.Napos, vil\u00e1gos vagy f\u00e9l\u00e1rny\u00e9kos helyen, j\u00f3 v\u00edz\u00e1tereszt\u0151, savas k\u00e9mhat\u00e1s\u00fa, t\u00e1panyagban gazdag talajba \u00fcltetve fejl\u0151dik legszebben.Rendszeres, b\u0151s\u00e9ges \u00f6nt\u00f6z\u00e9st ig\u00e9nyel.T\u00e9len fagy\u00e9rz\u00e9kenys\u00e9ge miatt teleltetni kell, h\u0171v\u00f6s, vil\u00e1gos helyen<\/p>\n<p>Jelen term\u00e9k\u00fcnk 9,5 literes cser\u00e9pben kaphat\u00f3 .<\/p>\n<p>T\u00f6rzses mely kb:60 cm magas.<\/p>\n<p style=\"line-height: 18.0pt; background: white; margin: 0cm 0cm 15.0pt 0cm;\"><span style=\"font-family: 'Ubuntu',serif; color: black;\">El\u00e9rhet\u0151 t\u00f6bbf\u00e9le m\u00e9retben \u00e9s \u00e1rban.<\/span><\/p>\n<p style=\"line-height: 18.0pt; background: white; margin: 0cm 0cm 15.0pt 0cm;\"><b><span style=\"font-family: 'Ubuntu',serif; color: black;\">K\u00e9szlet\u00fcnk napi szinten v\u00e1ltozik, ez\u00e9rt k\u00e9rj\u00fck, \u00e9rdekl\u0151dj\u00f6n szem\u00e9lyesen, telefonon vagy email-en.<br \/>\nA v\u00e1ltoztat\u00e1s jog\u00e1t fenntartjuk!\u00a0<\/span><\/b><\/p>\n<p><a href=\"https:\/\/tajkertesz.com\/\">https:\/\/tajkertesz.com\/<\/a><\/p>\n<p><a href=\"https:\/\/www.facebook.com\/tajkertesz\/\">https:\/\/www.facebook.com\/tajkertesz\/<\/a><\/p>\n<h6><span id=\"Sz\u00e1rmaz\u00e1sa,_elterjed\u00e9se\" class=\"mw-headline\" style=\"color: #ffffff;\">Sz\u00e1rmaz\u00e1sa, elterjed\u00e9se<\/span><\/h6>\n<h6><span style=\"color: #ffffff;\">Amerik\u00e1b\u00f3l, illetve \u00c1zsia keleti r\u00e9sz\u00e9r\u0151l sz\u00e1rmazik. A nemzets\u00e9g legismertebb faj\u00e1t, a\u00a0<a style=\"color: #ffffff;\" title=\"Kerti hortenzia\" href=\"https:\/\/hu.wikipedia.org\/wiki\/Kerti_hortenzia\">kerti hortenzi\u00e1t<\/a>\u00a0(nagylevel\u0171 hortenzia,\u00a0<i>Hydrangea macrophylla)<\/i>\u00a0az 1800-as \u00e9vekben\u00a0<a style=\"color: #ffffff;\" title=\"Jap\u00e1n\" href=\"https:\/\/hu.wikipedia.org\/wiki\/Jap%C3%A1n\">Jap\u00e1nb\u00f3l<\/a>\u00a0hozt\u00e1k \u00e1t Eur\u00f3p\u00e1ba.\u00a0<a style=\"color: #ffffff;\" title=\"Nyugat-Eur\u00f3pa\" href=\"https:\/\/hu.wikipedia.org\/wiki\/Nyugat-Eur%C3%B3pa\">Nyugat-Eur\u00f3p\u00e1ban<\/a>\u00a0t\u00f6bb faja is elterjedt, de Magyarorsz\u00e1gon csak kett\u0151: a\u00a0<a style=\"color: #ffffff;\" title=\"Kerti hortenzia\" href=\"https:\/\/hu.wikipedia.org\/wiki\/Kerti_hortenzia\">kerti hortenzia<\/a>\u00a0\u00e9s a\u00a0<a style=\"color: #ffffff;\" title=\"Cserj\u00e9s hortenzia\" href=\"https:\/\/hu.wikipedia.org\/wiki\/Cserj%C3%A9s_hortenzia\">cserj\u00e9s hortenzia<\/a>.<\/span><\/h6>\n<h6><span style=\"color: #ffffff;\"><span id=\"Megjelen.C3.A9se.2C_fel.C3.A9p.C3.ADt.C3.A9se\"><\/span><span id=\"Megjelen\u00e9se,_fel\u00e9p\u00edt\u00e9se\" class=\"mw-headline\">Megjelen\u00e9se, fel\u00e9p\u00edt\u00e9se<\/span><\/span><\/h6>\n<h6><span style=\"color: #ffffff;\">Levelei toj\u00e1sdadok, f\u0171r\u00e9szes sz\u00e9l\u0171ek.<\/span><\/h6>\n<h6><span style=\"color: #ffffff;\">Sok kis vir\u00e1ga k\u00fapos, g\u00f6mb\u00f6s, lapos vagy gyakrabban f\u00e9lg\u00f6mb alak\u00fa bugavir\u00e1gzatt\u00e1 \u00e1ll \u00f6ssze; ebben gyakran vannak medd\u0151 vir\u00e1gok is, megnagyobbodott, sziromszer\u0171 cs\u00e9szelevelekkel. A kert\u00e9szeti, bujtatva vagy dugv\u00e1nyr\u00f3l szapor\u00edtott v\u00e1ltozatok gyakran csak medd\u0151 vir\u00e1gokat hoznak. A vir\u00e1gok sz\u00edne a feh\u00e9rt\u0151l a v\u00f6r\u00f6sig, a lil\u00e1t\u00f3l a k\u00e9kig v\u00e1ltoz\u00f3.<\/span><\/h6>\n<h6><span style=\"color: #ffffff;\"><span id=\".C3.89letm.C3.B3dja.2C_.C3.A9l.C5.91helye\"><\/span><span id=\"\u00c9letm\u00f3dja,_\u00e9l\u0151helye\" class=\"mw-headline\">\u00c9letm\u00f3dja, \u00e9l\u0151helye<\/span><\/span><\/h6>\n<h6><span style=\"color: #ffffff;\">Egyes fajai\u00a0<a class=\"mw-redirect\" style=\"color: #ffffff;\" title=\"\u00d6r\u00f6kz\u00f6ld\" href=\"https:\/\/hu.wikipedia.org\/wiki\/%C3%96r%C3%B6kz%C3%B6ld\">\u00f6r\u00f6kz\u00f6ldek<\/a>, m\u00e1sok\u00a0<a class=\"mw-redirect\" style=\"color: #ffffff;\" title=\"Lombhullat\u00f3\" href=\"https:\/\/hu.wikipedia.org\/wiki\/Lombhullat%C3%B3\">lombhullat\u00f3k<\/a>.<\/span><\/h6>\n<h6><span style=\"color: #ffffff;\">Eredeti term\u0151hely\u00e9n az \u00fcde talaj\u00fa erd\u0151k cserjeszintj\u00e9ben \u00e9l sok szerves anyagot tartalmaz\u00f3, semleges vagy enyh\u00e9n savany\u00fa talajokon (egyes fajt\u00e1k kimondottan a savany\u00fa talajokat kedvelik). V\u00edzig\u00e9nyes; a talaj kisz\u00e1rad\u00e1s\u00e1t rosszul viseli.<\/span><\/h6>\n<h6><span style=\"color: #ffffff;\">N\u00e9h\u00e1ny \u00e9v alatt cserj\u00e9v\u00e9 fejl\u0151dik. \u00c9rdekess\u00e9ge, hogy term\u00e9szetes\u00a0<a style=\"color: #ffffff;\" title=\"Sav-b\u00e1zis indik\u00e1tor\" href=\"https:\/\/hu.wikipedia.org\/wiki\/Sav-b%C3%A1zis_indik%C3%A1tor\">indik\u00e1tork\u00e9nt<\/a>\u00a0savany\u00fa talajon k\u00e9k, l\u00fagos talajon r\u00f3zsasz\u00edn vir\u00e1got hoz.<sup id=\"cite_ref-1\" class=\"reference\"><a style=\"color: #ffffff;\" href=\"https:\/\/hu.wikipedia.org\/wiki\/Hortenzia_(n%C3%B6v%C3%A9nynemzets%C3%A9g)#cite_note-1\">[1]<\/a><\/sup><\/span><\/h6>\n<h2><\/h2>\n<p>&nbsp;<\/p>\n<p>&nbsp;<\/p>\n","protected":false},"excerpt":{"rendered":"<h3 class=\"LC20lb DKV0Md\">Loropetalum chinense &#8216;Fire Dance&#8217; \u2013 K\u00ednai rojtosvir\u00e1g<\/h3>\n<p>Kont\u00e9ner m\u00e9rete: 9L<\/p>\n<p>N\u00f6v\u00e9ny m\u00e9rete: 60\/80cm<\/p>","protected":false},"featured_media":20530,"template":"","meta":{"_et_pb_use_builder":"","_et_pb_old_content":"","_et_gb_content_width":""},"product_brand":[],"product_cat":[27,32],"product_tag":[73,2353],"class_list":{"0":"post-8066","1":"product","2":"type-product","3":"status-publish","4":"has-post-thumbnail","6":"product_cat-cserjek","7":"product_cat-formanovenyek-alakfak","8":"product_tag-cserje","9":"product_tag-loropetalum-chinense-fire-dance-kinai-rojtosvirag","11":"first","12":"outofstock","13":"shipping-taxable","14":"product-type-simple"},"yoast_head":"<!-- This site is optimized with the Yoast SEO plugin v27.6 - https:\/\/yoast.com\/product\/yoast-seo-wordpress\/ -->\n<title>Loropetalum chinense &#039;Fire Dance&#039; \u2013 K\u00ednai rojtosvir\u00e1g - T\u00e1jkert\u00e9sz<\/title>\n<meta name=\"description\" content=\"Loropetalum chinense &#039;Fire Dance&#039; \u2013 K\u00ednai rojtosvir\u00e1g\" \/>\n<meta name=\"robots\" content=\"index, follow, max-snippet:-1, max-image-preview:large, max-video-preview:-1\" \/>\n<link rel=\"canonical\" href=\"https:\/\/tajkertesz.com\/en_US\/product\/loropetalum-chinense-fire-dance-kinai-rojtosvirag\/\" \/>\n<meta property=\"og:locale\" content=\"en_US\" \/>\n<meta property=\"og:type\" content=\"article\" \/>\n<meta property=\"og:title\" content=\"Loropetalum chinense &#039;Fire Dance&#039; \u2013 K\u00ednai rojtosvir\u00e1g - T\u00e1jkert\u00e9sz\" \/>\n<meta property=\"og:description\" content=\"Loropetalum chinense &#039;Fire Dance&#039; \u2013 K\u00ednai rojtosvir\u00e1g\" \/>\n<meta property=\"og:url\" content=\"https:\/\/tajkertesz.com\/en_US\/product\/loropetalum-chinense-fire-dance-kinai-rojtosvirag\/\" \/>\n<meta property=\"og:site_name\" content=\"T\u00e1jkert\u00e9sz\" \/>\n<meta property=\"article:publisher\" content=\"https:\/\/www.facebook.com\/Tajkertesz\/\" \/>\n<meta property=\"article:modified_time\" content=\"2025-01-28T07:23:28+00:00\" \/>\n<meta property=\"og:image\" content=\"https:\/\/tajkertesz.com\/wp-content\/uploads\/2021\/08\/LORCHFE.jpg\" \/>\n\t<meta property=\"og:image:width\" content=\"450\" \/>\n\t<meta property=\"og:image:height\" content=\"600\" \/>\n\t<meta property=\"og:image:type\" content=\"image\/jpeg\" \/>\n<meta name=\"twitter:card\" content=\"summary_large_image\" \/>\n<meta name=\"twitter:label1\" content=\"Est. reading time\" \/>\n\t<meta name=\"twitter:data1\" content=\"2 minutes\" \/>\n<script type=\"application\/ld+json\" class=\"yoast-schema-graph\">{\"@context\":\"https:\\\/\\\/schema.org\",\"@graph\":[{\"@type\":\"WebPage\",\"@id\":\"https:\\\/\\\/tajkertesz.com\\\/termek\\\/loropetalum-chinense-fire-dance-kinai-rojtosvirag\\\/\",\"url\":\"https:\\\/\\\/tajkertesz.com\\\/termek\\\/loropetalum-chinense-fire-dance-kinai-rojtosvirag\\\/\",\"name\":\"Loropetalum chinense 'Fire Dance' \u2013 K\u00ednai rojtosvir\u00e1g - T\u00e1jkert\u00e9sz\",\"isPartOf\":{\"@id\":\"https:\\\/\\\/tajkertesz.com\\\/#website\"},\"primaryImageOfPage\":{\"@id\":\"https:\\\/\\\/tajkertesz.com\\\/termek\\\/loropetalum-chinense-fire-dance-kinai-rojtosvirag\\\/#primaryimage\"},\"image\":{\"@id\":\"https:\\\/\\\/tajkertesz.com\\\/termek\\\/loropetalum-chinense-fire-dance-kinai-rojtosvirag\\\/#primaryimage\"},\"thumbnailUrl\":\"https:\\\/\\\/tajkertesz.com\\\/wp-content\\\/uploads\\\/2021\\\/08\\\/LORCHFE.jpg\",\"datePublished\":\"2021-08-17T08:07:36+00:00\",\"dateModified\":\"2025-01-28T07:23:28+00:00\",\"description\":\"Loropetalum chinense 'Fire Dance' \u2013 K\u00ednai rojtosvir\u00e1g\",\"breadcrumb\":{\"@id\":\"https:\\\/\\\/tajkertesz.com\\\/termek\\\/loropetalum-chinense-fire-dance-kinai-rojtosvirag\\\/#breadcrumb\"},\"inLanguage\":\"en-US\",\"potentialAction\":[{\"@type\":\"ReadAction\",\"target\":[\"https:\\\/\\\/tajkertesz.com\\\/termek\\\/loropetalum-chinense-fire-dance-kinai-rojtosvirag\\\/\"]}]},{\"@type\":\"ImageObject\",\"inLanguage\":\"en-US\",\"@id\":\"https:\\\/\\\/tajkertesz.com\\\/termek\\\/loropetalum-chinense-fire-dance-kinai-rojtosvirag\\\/#primaryimage\",\"url\":\"https:\\\/\\\/tajkertesz.com\\\/wp-content\\\/uploads\\\/2021\\\/08\\\/LORCHFE.jpg\",\"contentUrl\":\"https:\\\/\\\/tajkertesz.com\\\/wp-content\\\/uploads\\\/2021\\\/08\\\/LORCHFE.jpg\",\"width\":450,\"height\":600},{\"@type\":\"BreadcrumbList\",\"@id\":\"https:\\\/\\\/tajkertesz.com\\\/termek\\\/loropetalum-chinense-fire-dance-kinai-rojtosvirag\\\/#breadcrumb\",\"itemListElement\":[{\"@type\":\"ListItem\",\"position\":1,\"name\":\"Home\",\"item\":\"https:\\\/\\\/tajkertesz.com\\\/\"},{\"@type\":\"ListItem\",\"position\":2,\"name\":\"Kezd\u0151lap\",\"item\":\"https:\\\/\\\/tajkertesz.com\\\/\"},{\"@type\":\"ListItem\",\"position\":3,\"name\":\"Loropetalum chinense &#8216;Fire Dance&#8217; \u2013 K\u00ednai rojtosvir\u00e1g\"}]},{\"@type\":\"WebSite\",\"@id\":\"https:\\\/\\\/tajkertesz.com\\\/#website\",\"url\":\"https:\\\/\\\/tajkertesz.com\\\/\",\"name\":\"T\u00e1j-Kert\u00e9sz 84 Kft.\",\"description\":\"Kert\u00e9szeti kis- \u00e9s nagykeresked\u00e9s, D\u00edszn\u00f6v\u00e9ny web\u00e1ruh\u00e1z orsz\u00e1gos h\u00e1zhozsz\u00e1ll\u00edt\u00e1ssal!\",\"publisher\":{\"@id\":\"https:\\\/\\\/tajkertesz.com\\\/#organization\"},\"potentialAction\":[{\"@type\":\"SearchAction\",\"target\":{\"@type\":\"EntryPoint\",\"urlTemplate\":\"https:\\\/\\\/tajkertesz.com\\\/?s={search_term_string}\"},\"query-input\":{\"@type\":\"PropertyValueSpecification\",\"valueRequired\":true,\"valueName\":\"search_term_string\"}}],\"inLanguage\":\"en-US\"},{\"@type\":\"Organization\",\"@id\":\"https:\\\/\\\/tajkertesz.com\\\/#organization\",\"name\":\"T\u00e1j-Kert\u00e9sz 84 Kft.\",\"url\":\"https:\\\/\\\/tajkertesz.com\\\/\",\"logo\":{\"@type\":\"ImageObject\",\"inLanguage\":\"en-US\",\"@id\":\"https:\\\/\\\/tajkertesz.com\\\/#\\\/schema\\\/logo\\\/image\\\/\",\"url\":\"https:\\\/\\\/tajkertesz.com\\\/wp-content\\\/uploads\\\/2018\\\/02\\\/logo-2-e1518678052539.png\",\"contentUrl\":\"https:\\\/\\\/tajkertesz.com\\\/wp-content\\\/uploads\\\/2018\\\/02\\\/logo-2-e1518678052539.png\",\"width\":81,\"height\":140,\"caption\":\"T\u00e1j-Kert\u00e9sz 84 Kft.\"},\"image\":{\"@id\":\"https:\\\/\\\/tajkertesz.com\\\/#\\\/schema\\\/logo\\\/image\\\/\"},\"sameAs\":[\"https:\\\/\\\/www.facebook.com\\\/Tajkertesz\\\/\"]}]}<\/script>\n<!-- \/ Yoast SEO plugin. -->","yoast_head_json":{"title":"Loropetalum chinense 'Fire Dance' \u2013 K\u00ednai rojtosvir\u00e1g - T\u00e1jkert\u00e9sz","description":"Loropetalum chinense 'Fire Dance' \u2013 K\u00ednai rojtosvir\u00e1g","robots":{"index":"index","follow":"follow","max-snippet":"max-snippet:-1","max-image-preview":"max-image-preview:large","max-video-preview":"max-video-preview:-1"},"canonical":"https:\/\/tajkertesz.com\/en_US\/product\/loropetalum-chinense-fire-dance-kinai-rojtosvirag\/","og_locale":"en_US","og_type":"article","og_title":"Loropetalum chinense 'Fire Dance' \u2013 K\u00ednai rojtosvir\u00e1g - T\u00e1jkert\u00e9sz","og_description":"Loropetalum chinense 'Fire Dance' \u2013 K\u00ednai rojtosvir\u00e1g","og_url":"https:\/\/tajkertesz.com\/en_US\/product\/loropetalum-chinense-fire-dance-kinai-rojtosvirag\/","og_site_name":"T\u00e1jkert\u00e9sz","article_publisher":"https:\/\/www.facebook.com\/Tajkertesz\/","article_modified_time":"2025-01-28T07:23:28+00:00","og_image":[{"width":450,"height":600,"url":"https:\/\/tajkertesz.com\/wp-content\/uploads\/2021\/08\/LORCHFE.jpg","type":"image\/jpeg"}],"twitter_card":"summary_large_image","twitter_misc":{"Est. reading time":"2 minutes"},"schema":{"@context":"https:\/\/schema.org","@graph":[{"@type":"WebPage","@id":"https:\/\/tajkertesz.com\/termek\/loropetalum-chinense-fire-dance-kinai-rojtosvirag\/","url":"https:\/\/tajkertesz.com\/termek\/loropetalum-chinense-fire-dance-kinai-rojtosvirag\/","name":"Loropetalum chinense 'Fire Dance' \u2013 K\u00ednai rojtosvir\u00e1g - T\u00e1jkert\u00e9sz","isPartOf":{"@id":"https:\/\/tajkertesz.com\/#website"},"primaryImageOfPage":{"@id":"https:\/\/tajkertesz.com\/termek\/loropetalum-chinense-fire-dance-kinai-rojtosvirag\/#primaryimage"},"image":{"@id":"https:\/\/tajkertesz.com\/termek\/loropetalum-chinense-fire-dance-kinai-rojtosvirag\/#primaryimage"},"thumbnailUrl":"https:\/\/tajkertesz.com\/wp-content\/uploads\/2021\/08\/LORCHFE.jpg","datePublished":"2021-08-17T08:07:36+00:00","dateModified":"2025-01-28T07:23:28+00:00","description":"Loropetalum chinense 'Fire Dance' \u2013 K\u00ednai rojtosvir\u00e1g","breadcrumb":{"@id":"https:\/\/tajkertesz.com\/termek\/loropetalum-chinense-fire-dance-kinai-rojtosvirag\/#breadcrumb"},"inLanguage":"en-US","potentialAction":[{"@type":"ReadAction","target":["https:\/\/tajkertesz.com\/termek\/loropetalum-chinense-fire-dance-kinai-rojtosvirag\/"]}]},{"@type":"ImageObject","inLanguage":"en-US","@id":"https:\/\/tajkertesz.com\/termek\/loropetalum-chinense-fire-dance-kinai-rojtosvirag\/#primaryimage","url":"https:\/\/tajkertesz.com\/wp-content\/uploads\/2021\/08\/LORCHFE.jpg","contentUrl":"https:\/\/tajkertesz.com\/wp-content\/uploads\/2021\/08\/LORCHFE.jpg","width":450,"height":600},{"@type":"BreadcrumbList","@id":"https:\/\/tajkertesz.com\/termek\/loropetalum-chinense-fire-dance-kinai-rojtosvirag\/#breadcrumb","itemListElement":[{"@type":"ListItem","position":1,"name":"Home","item":"https:\/\/tajkertesz.com\/"},{"@type":"ListItem","position":2,"name":"Kezd\u0151lap","item":"https:\/\/tajkertesz.com\/"},{"@type":"ListItem","position":3,"name":"Loropetalum chinense &#8216;Fire Dance&#8217; \u2013 K\u00ednai rojtosvir\u00e1g"}]},{"@type":"WebSite","@id":"https:\/\/tajkertesz.com\/#website","url":"https:\/\/tajkertesz.com\/","name":"T\u00e1j-Kert\u00e9sz 84 Kft.","description":"Kert\u00e9szeti kis- \u00e9s nagykeresked\u00e9s, D\u00edszn\u00f6v\u00e9ny web\u00e1ruh\u00e1z orsz\u00e1gos h\u00e1zhozsz\u00e1ll\u00edt\u00e1ssal!","publisher":{"@id":"https:\/\/tajkertesz.com\/#organization"},"potentialAction":[{"@type":"SearchAction","target":{"@type":"EntryPoint","urlTemplate":"https:\/\/tajkertesz.com\/?s={search_term_string}"},"query-input":{"@type":"PropertyValueSpecification","valueRequired":true,"valueName":"search_term_string"}}],"inLanguage":"en-US"},{"@type":"Organization","@id":"https:\/\/tajkertesz.com\/#organization","name":"T\u00e1j-Kert\u00e9sz 84 Kft.","url":"https:\/\/tajkertesz.com\/","logo":{"@type":"ImageObject","inLanguage":"en-US","@id":"https:\/\/tajkertesz.com\/#\/schema\/logo\/image\/","url":"https:\/\/tajkertesz.com\/wp-content\/uploads\/2018\/02\/logo-2-e1518678052539.png","contentUrl":"https:\/\/tajkertesz.com\/wp-content\/uploads\/2018\/02\/logo-2-e1518678052539.png","width":81,"height":140,"caption":"T\u00e1j-Kert\u00e9sz 84 Kft."},"image":{"@id":"https:\/\/tajkertesz.com\/#\/schema\/logo\/image\/"},"sameAs":["https:\/\/www.facebook.com\/Tajkertesz\/"]}]}},"_links":{"self":[{"href":"https:\/\/tajkertesz.com\/en_US\/wp-json\/wp\/v2\/product\/8066","targetHints":{"allow":["GET"]}}],"collection":[{"href":"https:\/\/tajkertesz.com\/en_US\/wp-json\/wp\/v2\/product"}],"about":[{"href":"https:\/\/tajkertesz.com\/en_US\/wp-json\/wp\/v2\/types\/product"}],"wp:featuredmedia":[{"embeddable":true,"href":"https:\/\/tajkertesz.com\/en_US\/wp-json\/wp\/v2\/media\/20530"}],"wp:attachment":[{"href":"https:\/\/tajkertesz.com\/en_US\/wp-json\/wp\/v2\/media?parent=8066"}],"wp:term":[{"taxonomy":"product_brand","embeddable":true,"href":"https:\/\/tajkertesz.com\/en_US\/wp-json\/wp\/v2\/product_brand?post=8066"},{"taxonomy":"product_cat","embeddable":true,"href":"https:\/\/tajkertesz.com\/en_US\/wp-json\/wp\/v2\/product_cat?post=8066"},{"taxonomy":"product_tag","embeddable":true,"href":"https:\/\/tajkertesz.com\/en_US\/wp-json\/wp\/v2\/product_tag?post=8066"}],"curies":[{"name":"wp","href":"https:\/\/api.w.org\/{rel}","templated":true}]}}