{"id":8069,"date":"2021-08-17T08:15:48","date_gmt":"2021-08-17T08:15:48","guid":{"rendered":"https:\/\/tajkertesz.com\/?post_type=product&#038;p=8069"},"modified":"2026-02-23T15:41:53","modified_gmt":"2026-02-23T15:41:53","slug":"kinai-csaszarfa-paulownia-tomentosa","status":"publish","type":"product","link":"https:\/\/tajkertesz.com\/en_US\/product\/kinai-csaszarfa-paulownia-tomentosa\/","title":{"rendered":"Paulownia tomentosa &#8211; K\u00ednai cs\u00e1sz\u00e1rfa"},"content":{"rendered":"<h3 style=\"line-height: 18.0pt; background: white; margin: 0cm 0cm 15.0pt 0cm;\">Paulownia tomentosa &#8211; K\u00ednai cs\u00e1sz\u00e1rfa<\/h3>\n<p>Paulownia tomentosa &#8211; K\u00ednai cs\u00e1sz\u00e1rfa nagy termet\u0171 kifejlett magass\u00e1ga 10-15 m\u00e9tert is el\u00e9rheti, sz\u00e9les laza koron\u00e1j\u00fa, gyors n\u00f6veked\u00e9s\u0171 lombhullat\u00f3 d\u00edszfa.\u00a0 Levelei nagy m\u00e9ret\u0171ek, sz\u00edv alak\u00faak. Vir\u00e1gai m\u00e1jus-j\u00faniusban ny\u00edlik, f\u00fcrt\u00f6s, illatos, vil\u00e1gosk\u00e9k sz\u00edn\u0171ek.<\/p>\n<p>Napos, meleg helyet \u00e9s semleges, j\u00f3 v\u00edzelvezet\u00e9s\u0171 talajt kedvel. \u00a0Haz\u00e1nk kl\u00edm\u00e1j\u00e1t j\u00f3l b\u00edrja, teljesen t\u00e9l\u00e1ll\u00f3.<\/p>\n<p>Jelen term\u00e9k\u00fcnk 20 l-es cser\u00e9pben 250\/300 cm<\/p>\n<p style=\"line-height: 18.0pt; background: white; margin: 0cm 0cm 15.0pt 0cm;\"><b><span style=\"font-family: 'Ubuntu',serif; color: black;\">K\u00e9szlet\u00fcnk napi szinten v\u00e1ltozik, ez\u00e9rt k\u00e9rj\u00fck, \u00e9rdekl\u0151dj\u00f6n szem\u00e9lyesen, telefonon vagy email-en.<br \/>\nA v\u00e1ltoztat\u00e1s jog\u00e1t fenntartjuk!\u00a0<\/span><\/b><\/p>\n<p><a href=\"https:\/\/tajkertesz.com\/\">https:\/\/tajkertesz.com\/<\/a><\/p>\n<p><a href=\"https:\/\/www.facebook.com\/tajkertesz\/\">https:\/\/www.facebook.com\/tajkertesz\/<\/a><\/p>\n<p>&nbsp;<\/p>\n<p><span style=\"color: #ffffff;\">A\u00a0Levelei s\u00e1rga tarka sz\u00edn\u0171ek \u00e9s 3 kar\u00e9j\u00faak. Vir\u00e1gai z\u00f6ldes s\u00e1rg\u00e1k, a szirmok t\u00f6ve narancss\u00e1rga \u00e9s j\u00faniusban ny\u00edlnak. T\u00e1pd\u00fas, m\u00e9lyr\u00e9teg\u0171 talajt kedvel. Megfelel\u0151 helyre szoliternek \u00fcltethetj\u00fck. K\u00f6nnyen rothad\u00f3 gy\u00f6kere miatt tavaszi \u00fcltet\u00e9se aj\u00e1nlatos.<\/span><\/p>\n<p><span style=\"color: #ffffff;\">A val\u00f3di ( val\u00f3ban ) tulip\u00e1nfa ( Liriodendron) k\u00f6z\u00e9pnagy termet\u0171, laza , felfel\u00e9 t\u00f6r\u0151 koron\u00e1t fejleszt\u0151 n\u00f6v\u00e9ny. K\u00fcl\u00f6nleges, m\u00e1ssal \u00f6ssze nem t\u00e9veszthet\u0151 alak\u00fa a levele ,ami az Aureomargin\u00e1ta fajta eset\u00e9ben r\u00e1ad\u00e1sul m\u00e9g\u00a0 s\u00e1rg\u00e1n tarka is.\u00a0 Eg\u00e9sz \u00e9vben sz\u00ednes, kedvelt h\u00e1zi kerti \u00e1rny\u00e9kad\u00f3 fa. Ismert komolyabb k\u00e1ros\u00edt\u00f3ja, k\u00f3rokoz\u00f3ja nincs.<\/span><\/p>\n<p><span style=\"color: #ffffff;\">A\u00a0<strong>tulip\u00e1nfa<\/strong><\/span><\/p>\n<p><span style=\"color: #ffffff;\">, az egyik\u00a0 un. <strong>sz\u0171rt \u00e1rny\u00e9k<\/strong>ot<\/span><\/p>\n<p><span style=\"color: #ffffff;\"> ad\u00f3 fa, mert lombozata laza\u00a0 a sz\u00f3rt f\u00e9nyt \u00e1t ereszti, alatta\u00a0 meg\u00e9l a f\u0171 \u00e9s m\u00e1s diszn\u00f6v\u00e9nyek is. A m\u00e1sik\u00a0 szempont ami h\u00e1zikertekben el\u0151ny\u00f6s, hogy\u00a0<strong>alig szemetel<\/strong>, n\u00f6v\u00e9nyv\u00e9delmi gondok nincsenek vele. Az fajta vir\u00e1gai\u00a0 ugyan olyanok mint a z\u00f6ld level\u0171 v\u00e1ltozat\u00e9, de\u00a0 a\u00a0 s\u00e1rga tarka levelek k\u00f6z\u00f6tt m\u00e9g nehezebb \u00e9szrevenni \u0151ket.<\/span><\/p>\n<p><span style=\"color: #ffffff;\">\u00a0legal\u00e1bb 100\/150 cm-es, k\u00e9t\u00e9ves oltv\u00e1nyokat\u00a0 k\u00fcld\u00fcnk, melyek eg\u00e9sz \u00e9vben ki\u00fcltethet\u0151ek!<\/span><\/p>\n<p><span style=\"color: #ffffff;\"><b>N\u00f6veked\u00e9s, alak<\/b><\/span><\/p>\n<p><span style=\"color: #ffffff;\"><b>:<\/b>\u00a020-25 m magas, 15-20 m sz\u00e9les, piramis alak\u00fa koron\u00e1val.<\/span><br \/>\n<span style=\"color: #ffffff;\"><b>Lev\u00e9l:<\/b>\u00a0Aranys\u00e1rga sz\u00e9l\u0171, 8-15 cm-es, 4 kar\u00e9j\u00fa, jellegzetes, kics\u00edpett cs\u00facs\u00fa.<\/span><br \/>\n<span style=\"color: #ffffff;\"><b>Vir\u00e1g:<\/b>\u00a0A tulip\u00e1n vir\u00e1gj\u00e1hoz hasonl\u00f3, k\u00e9ns\u00e1rga\/s\u00e1rg\u00e1sz\u00f6ld sz\u00edn\u0171. M\u00e1jus v\u00e9g\u00e9t\u0151l j\u00fanius v\u00e9g\u00e9ig vir\u00e1gzik.<\/span><br \/>\n<span style=\"color: #ffffff;\"><b>Term\u00e9s:<\/b>\u00a06-7 cm-es, fel\u00e1ll\u00f3, hegyes k\u00fap alak\u00fa, tobozszer\u0171 aszmagcsokor.<\/span><br \/>\n<span style=\"color: #ffffff;\">\u00a0<\/span><\/p>","protected":false},"excerpt":{"rendered":"<h3 style=\"line-height: 18.0pt; background: white; margin: 0cm 0cm 15.0pt 0cm;\">Paulownia tomentosa &#8211; K\u00ednai cs\u00e1sz\u00e1rfa<\/h3>\n<h2><span style=\"color: #ff0000;\"><strong>M\u00e9rete miatt postai csomagk\u00e9nt nem tudjuk elk\u00fcldeni!<\/strong><\/span><\/h2>\n<p>Paulownia tomentosa &#8211; K\u00ednai cs\u00e1sz\u00e1rfa nagy termet\u0171 kifejlett magass\u00e1ga 10-15 m\u00e9tert is el\u00e9rheti, sz\u00e9les laza koron\u00e1j\u00fa, gyors n\u00f6veked\u00e9s\u0171 lombhullat\u00f3 d\u00edszfa.\u00a0 Levelei nagy m\u00e9ret\u0171ek, sz\u00edv alak\u00faak. Vir\u00e1gai m\u00e1jus-j\u00faniusban ny\u00edlik, f\u00fcrt\u00f6s, illatos, vil\u00e1gosk\u00e9k sz\u00edn\u0171ek.<\/p>\n<p>Napos, meleg helyet \u00e9s semleges, j\u00f3 v\u00edzelvezet\u00e9s\u0171 talajt kedvel. \u00a0Haz\u00e1nk kl\u00edm\u00e1j\u00e1t j\u00f3l b\u00edrja, teljesen t\u00e9l\u00e1ll\u00f3.<\/p>\n<p>Jelen term\u00e9k\u00fcnk 20 l-es cser\u00e9pben 250\/300 cm<\/p>\n<p style=\"line-height: 18.0pt; background: white; margin: 0cm 0cm 15.0pt 0cm;\"><b><span style=\"font-family: 'Ubuntu',serif; color: black;\">K\u00e9szlet\u00fcnk napi szinten v\u00e1ltozik, ez\u00e9rt k\u00e9rj\u00fck, \u00e9rdekl\u0151dj\u00f6n szem\u00e9lyesen, telefonon vagy email-en.<br \/>\nA v\u00e1ltoztat\u00e1s jog\u00e1t fenntartjuk!\u00a0<\/span><\/b><\/p>\n<p><a href=\"https:\/\/tajkertesz.com\/\">https:\/\/tajkertesz.com\/<\/a><\/p>\n<p><a href=\"https:\/\/www.facebook.com\/tajkertesz\/\">https:\/\/www.facebook.com\/tajkertesz\/<\/a><\/p>\n<div id=\"bodyContent\" class=\"mw-body-content\">\n<div id=\"mw-content-text\" class=\"mw-content-ltr\" dir=\"ltr\" lang=\"hu\">\n<div id=\"bodyContent\" class=\"mw-body-content\">\n<div id=\"mw-content-text\" class=\"mw-content-ltr\" dir=\"ltr\" lang=\"hu\">\n<p><b>K\u00e9szlet\u00fcnk napi szinten v\u00e1ltozik, ez\u00e9rt k\u00e9rj\u00fck, \u00e9rdekl\u0151dj\u00f6n szem\u00e9lyesen, telefonon vagy email-en.<\/b><\/p>\n<p>Term\u00e9keinket szem\u00e9lyesen is \u00e1tveheti a h\u00e9t minden napj\u00e1n nyitvatart\u00e1si id\u0151ben!<\/p>\n<p>Kisz\u00e1ll\u00edt\u00e1s: 200 cm \u00e9s 40 kg-ig a sz\u00e1ll\u00edt\u00e1s fut\u00e1rszolg\u00e1lattal t\u00f6rt\u00e9nik.<\/p>\n<\/div>\n<\/div>\n<\/div>\n<\/div>\n<p><b>A v\u00e1ltoztat\u00e1s jog\u00e1t fenntartjuk!\u00a0<\/b><\/p>\n<p>&nbsp;<\/p>","protected":false},"featured_media":8071,"template":"","meta":{"_et_pb_use_builder":"","_et_pb_old_content":"","_et_gb_content_width":""},"product_brand":[],"product_cat":[28],"product_tag":[2354],"class_list":{"0":"post-8069","1":"product","2":"type-product","3":"status-publish","4":"has-post-thumbnail","6":"product_cat-diszfak","7":"product_tag-kinai-csaszarfa-paulownia-tomentosa","9":"first","10":"instock","11":"shipping-taxable","12":"purchasable","13":"product-type-simple"},"yoast_head":"<!-- This site is optimized with the Yoast SEO plugin v27.4 - https:\/\/yoast.com\/product\/yoast-seo-wordpress\/ -->\n<title>Paulownia tomentosa - K\u00ednai cs\u00e1sz\u00e1rfa - T\u00e1jkert\u00e9sz<\/title>\n<meta name=\"description\" content=\"Paulownia tomentosa - K\u00ednai cs\u00e1sz\u00e1rfa nagy termet\u0171 kifejlett magass\u00e1ga 10-15 m\u00e9tert is el\u00e9rheti, sz\u00e9les laza koron\u00e1j\u00fa, gyors n\u00f6veked\u00e9s\u0171 lombhullat\u00f3 d\u00edszfa.\" \/>\n<meta name=\"robots\" content=\"index, follow, max-snippet:-1, max-image-preview:large, max-video-preview:-1\" \/>\n<link rel=\"canonical\" href=\"https:\/\/tajkertesz.com\/en_US\/product\/kinai-csaszarfa-paulownia-tomentosa\/\" \/>\n<meta property=\"og:locale\" content=\"en_US\" \/>\n<meta property=\"og:type\" content=\"article\" \/>\n<meta property=\"og:title\" content=\"Paulownia tomentosa - K\u00ednai cs\u00e1sz\u00e1rfa - T\u00e1jkert\u00e9sz\" \/>\n<meta property=\"og:description\" content=\"Paulownia tomentosa - K\u00ednai cs\u00e1sz\u00e1rfa nagy termet\u0171 kifejlett magass\u00e1ga 10-15 m\u00e9tert is el\u00e9rheti, sz\u00e9les laza koron\u00e1j\u00fa, gyors n\u00f6veked\u00e9s\u0171 lombhullat\u00f3 d\u00edszfa.\" \/>\n<meta property=\"og:url\" content=\"https:\/\/tajkertesz.com\/en_US\/product\/kinai-csaszarfa-paulownia-tomentosa\/\" \/>\n<meta property=\"og:site_name\" content=\"T\u00e1jkert\u00e9sz\" \/>\n<meta property=\"article:publisher\" content=\"https:\/\/www.facebook.com\/Tajkertesz\/\" \/>\n<meta property=\"article:modified_time\" content=\"2026-02-23T15:41:53+00:00\" \/>\n<meta property=\"og:image\" content=\"https:\/\/tajkertesz.com\/wp-content\/uploads\/2021\/08\/paulownia-tomentosa-1_1.jpg\" \/>\n\t<meta property=\"og:image:width\" content=\"1200\" \/>\n\t<meta property=\"og:image:height\" content=\"1200\" \/>\n\t<meta property=\"og:image:type\" content=\"image\/jpeg\" \/>\n<meta name=\"twitter:card\" content=\"summary_large_image\" \/>\n<meta name=\"twitter:label1\" content=\"Est. reading time\" \/>\n\t<meta name=\"twitter:data1\" content=\"2 minutes\" \/>\n<script type=\"application\/ld+json\" class=\"yoast-schema-graph\">{\"@context\":\"https:\\\/\\\/schema.org\",\"@graph\":[{\"@type\":\"WebPage\",\"@id\":\"https:\\\/\\\/tajkertesz.com\\\/termek\\\/kinai-csaszarfa-paulownia-tomentosa\\\/\",\"url\":\"https:\\\/\\\/tajkertesz.com\\\/termek\\\/kinai-csaszarfa-paulownia-tomentosa\\\/\",\"name\":\"Paulownia tomentosa - K\u00ednai cs\u00e1sz\u00e1rfa - T\u00e1jkert\u00e9sz\",\"isPartOf\":{\"@id\":\"https:\\\/\\\/tajkertesz.com\\\/#website\"},\"primaryImageOfPage\":{\"@id\":\"https:\\\/\\\/tajkertesz.com\\\/termek\\\/kinai-csaszarfa-paulownia-tomentosa\\\/#primaryimage\"},\"image\":{\"@id\":\"https:\\\/\\\/tajkertesz.com\\\/termek\\\/kinai-csaszarfa-paulownia-tomentosa\\\/#primaryimage\"},\"thumbnailUrl\":\"https:\\\/\\\/tajkertesz.com\\\/wp-content\\\/uploads\\\/2021\\\/08\\\/paulownia-tomentosa-1_1.jpg\",\"datePublished\":\"2021-08-17T08:15:48+00:00\",\"dateModified\":\"2026-02-23T15:41:53+00:00\",\"description\":\"Paulownia tomentosa - K\u00ednai cs\u00e1sz\u00e1rfa nagy termet\u0171 kifejlett magass\u00e1ga 10-15 m\u00e9tert is el\u00e9rheti, sz\u00e9les laza koron\u00e1j\u00fa, gyors n\u00f6veked\u00e9s\u0171 lombhullat\u00f3 d\u00edszfa.\",\"breadcrumb\":{\"@id\":\"https:\\\/\\\/tajkertesz.com\\\/termek\\\/kinai-csaszarfa-paulownia-tomentosa\\\/#breadcrumb\"},\"inLanguage\":\"en-US\",\"potentialAction\":[{\"@type\":\"ReadAction\",\"target\":[\"https:\\\/\\\/tajkertesz.com\\\/termek\\\/kinai-csaszarfa-paulownia-tomentosa\\\/\"]}]},{\"@type\":\"ImageObject\",\"inLanguage\":\"en-US\",\"@id\":\"https:\\\/\\\/tajkertesz.com\\\/termek\\\/kinai-csaszarfa-paulownia-tomentosa\\\/#primaryimage\",\"url\":\"https:\\\/\\\/tajkertesz.com\\\/wp-content\\\/uploads\\\/2021\\\/08\\\/paulownia-tomentosa-1_1.jpg\",\"contentUrl\":\"https:\\\/\\\/tajkertesz.com\\\/wp-content\\\/uploads\\\/2021\\\/08\\\/paulownia-tomentosa-1_1.jpg\",\"width\":1200,\"height\":1200},{\"@type\":\"BreadcrumbList\",\"@id\":\"https:\\\/\\\/tajkertesz.com\\\/termek\\\/kinai-csaszarfa-paulownia-tomentosa\\\/#breadcrumb\",\"itemListElement\":[{\"@type\":\"ListItem\",\"position\":1,\"name\":\"Home\",\"item\":\"https:\\\/\\\/tajkertesz.com\\\/\"},{\"@type\":\"ListItem\",\"position\":2,\"name\":\"Kezd\u0151lap\",\"item\":\"https:\\\/\\\/tajkertesz.com\\\/\"},{\"@type\":\"ListItem\",\"position\":3,\"name\":\"Paulownia tomentosa &#8211; K\u00ednai cs\u00e1sz\u00e1rfa\"}]},{\"@type\":\"WebSite\",\"@id\":\"https:\\\/\\\/tajkertesz.com\\\/#website\",\"url\":\"https:\\\/\\\/tajkertesz.com\\\/\",\"name\":\"T\u00e1j-Kert\u00e9sz 84 Kft.\",\"description\":\"Kert\u00e9szeti kis- \u00e9s nagykeresked\u00e9s, D\u00edszn\u00f6v\u00e9ny web\u00e1ruh\u00e1z orsz\u00e1gos h\u00e1zhozsz\u00e1ll\u00edt\u00e1ssal!\",\"publisher\":{\"@id\":\"https:\\\/\\\/tajkertesz.com\\\/#organization\"},\"potentialAction\":[{\"@type\":\"SearchAction\",\"target\":{\"@type\":\"EntryPoint\",\"urlTemplate\":\"https:\\\/\\\/tajkertesz.com\\\/?s={search_term_string}\"},\"query-input\":{\"@type\":\"PropertyValueSpecification\",\"valueRequired\":true,\"valueName\":\"search_term_string\"}}],\"inLanguage\":\"en-US\"},{\"@type\":\"Organization\",\"@id\":\"https:\\\/\\\/tajkertesz.com\\\/#organization\",\"name\":\"T\u00e1j-Kert\u00e9sz 84 Kft.\",\"url\":\"https:\\\/\\\/tajkertesz.com\\\/\",\"logo\":{\"@type\":\"ImageObject\",\"inLanguage\":\"en-US\",\"@id\":\"https:\\\/\\\/tajkertesz.com\\\/#\\\/schema\\\/logo\\\/image\\\/\",\"url\":\"https:\\\/\\\/tajkertesz.com\\\/wp-content\\\/uploads\\\/2018\\\/02\\\/logo-2-e1518678052539.png\",\"contentUrl\":\"https:\\\/\\\/tajkertesz.com\\\/wp-content\\\/uploads\\\/2018\\\/02\\\/logo-2-e1518678052539.png\",\"width\":81,\"height\":140,\"caption\":\"T\u00e1j-Kert\u00e9sz 84 Kft.\"},\"image\":{\"@id\":\"https:\\\/\\\/tajkertesz.com\\\/#\\\/schema\\\/logo\\\/image\\\/\"},\"sameAs\":[\"https:\\\/\\\/www.facebook.com\\\/Tajkertesz\\\/\"]}]}<\/script>\n<!-- \/ Yoast SEO plugin. -->","yoast_head_json":{"title":"Paulownia tomentosa - K\u00ednai cs\u00e1sz\u00e1rfa - T\u00e1jkert\u00e9sz","description":"Paulownia tomentosa - K\u00ednai cs\u00e1sz\u00e1rfa nagy termet\u0171 kifejlett magass\u00e1ga 10-15 m\u00e9tert is el\u00e9rheti, sz\u00e9les laza koron\u00e1j\u00fa, gyors n\u00f6veked\u00e9s\u0171 lombhullat\u00f3 d\u00edszfa.","robots":{"index":"index","follow":"follow","max-snippet":"max-snippet:-1","max-image-preview":"max-image-preview:large","max-video-preview":"max-video-preview:-1"},"canonical":"https:\/\/tajkertesz.com\/en_US\/product\/kinai-csaszarfa-paulownia-tomentosa\/","og_locale":"en_US","og_type":"article","og_title":"Paulownia tomentosa - K\u00ednai cs\u00e1sz\u00e1rfa - T\u00e1jkert\u00e9sz","og_description":"Paulownia tomentosa - K\u00ednai cs\u00e1sz\u00e1rfa nagy termet\u0171 kifejlett magass\u00e1ga 10-15 m\u00e9tert is el\u00e9rheti, sz\u00e9les laza koron\u00e1j\u00fa, gyors n\u00f6veked\u00e9s\u0171 lombhullat\u00f3 d\u00edszfa.","og_url":"https:\/\/tajkertesz.com\/en_US\/product\/kinai-csaszarfa-paulownia-tomentosa\/","og_site_name":"T\u00e1jkert\u00e9sz","article_publisher":"https:\/\/www.facebook.com\/Tajkertesz\/","article_modified_time":"2026-02-23T15:41:53+00:00","og_image":[{"width":1200,"height":1200,"url":"https:\/\/tajkertesz.com\/wp-content\/uploads\/2021\/08\/paulownia-tomentosa-1_1.jpg","type":"image\/jpeg"}],"twitter_card":"summary_large_image","twitter_misc":{"Est. reading time":"2 minutes"},"schema":{"@context":"https:\/\/schema.org","@graph":[{"@type":"WebPage","@id":"https:\/\/tajkertesz.com\/termek\/kinai-csaszarfa-paulownia-tomentosa\/","url":"https:\/\/tajkertesz.com\/termek\/kinai-csaszarfa-paulownia-tomentosa\/","name":"Paulownia tomentosa - K\u00ednai cs\u00e1sz\u00e1rfa - T\u00e1jkert\u00e9sz","isPartOf":{"@id":"https:\/\/tajkertesz.com\/#website"},"primaryImageOfPage":{"@id":"https:\/\/tajkertesz.com\/termek\/kinai-csaszarfa-paulownia-tomentosa\/#primaryimage"},"image":{"@id":"https:\/\/tajkertesz.com\/termek\/kinai-csaszarfa-paulownia-tomentosa\/#primaryimage"},"thumbnailUrl":"https:\/\/tajkertesz.com\/wp-content\/uploads\/2021\/08\/paulownia-tomentosa-1_1.jpg","datePublished":"2021-08-17T08:15:48+00:00","dateModified":"2026-02-23T15:41:53+00:00","description":"Paulownia tomentosa - K\u00ednai cs\u00e1sz\u00e1rfa nagy termet\u0171 kifejlett magass\u00e1ga 10-15 m\u00e9tert is el\u00e9rheti, sz\u00e9les laza koron\u00e1j\u00fa, gyors n\u00f6veked\u00e9s\u0171 lombhullat\u00f3 d\u00edszfa.","breadcrumb":{"@id":"https:\/\/tajkertesz.com\/termek\/kinai-csaszarfa-paulownia-tomentosa\/#breadcrumb"},"inLanguage":"en-US","potentialAction":[{"@type":"ReadAction","target":["https:\/\/tajkertesz.com\/termek\/kinai-csaszarfa-paulownia-tomentosa\/"]}]},{"@type":"ImageObject","inLanguage":"en-US","@id":"https:\/\/tajkertesz.com\/termek\/kinai-csaszarfa-paulownia-tomentosa\/#primaryimage","url":"https:\/\/tajkertesz.com\/wp-content\/uploads\/2021\/08\/paulownia-tomentosa-1_1.jpg","contentUrl":"https:\/\/tajkertesz.com\/wp-content\/uploads\/2021\/08\/paulownia-tomentosa-1_1.jpg","width":1200,"height":1200},{"@type":"BreadcrumbList","@id":"https:\/\/tajkertesz.com\/termek\/kinai-csaszarfa-paulownia-tomentosa\/#breadcrumb","itemListElement":[{"@type":"ListItem","position":1,"name":"Home","item":"https:\/\/tajkertesz.com\/"},{"@type":"ListItem","position":2,"name":"Kezd\u0151lap","item":"https:\/\/tajkertesz.com\/"},{"@type":"ListItem","position":3,"name":"Paulownia tomentosa &#8211; K\u00ednai cs\u00e1sz\u00e1rfa"}]},{"@type":"WebSite","@id":"https:\/\/tajkertesz.com\/#website","url":"https:\/\/tajkertesz.com\/","name":"T\u00e1j-Kert\u00e9sz 84 Kft.","description":"Kert\u00e9szeti kis- \u00e9s nagykeresked\u00e9s, D\u00edszn\u00f6v\u00e9ny web\u00e1ruh\u00e1z orsz\u00e1gos h\u00e1zhozsz\u00e1ll\u00edt\u00e1ssal!","publisher":{"@id":"https:\/\/tajkertesz.com\/#organization"},"potentialAction":[{"@type":"SearchAction","target":{"@type":"EntryPoint","urlTemplate":"https:\/\/tajkertesz.com\/?s={search_term_string}"},"query-input":{"@type":"PropertyValueSpecification","valueRequired":true,"valueName":"search_term_string"}}],"inLanguage":"en-US"},{"@type":"Organization","@id":"https:\/\/tajkertesz.com\/#organization","name":"T\u00e1j-Kert\u00e9sz 84 Kft.","url":"https:\/\/tajkertesz.com\/","logo":{"@type":"ImageObject","inLanguage":"en-US","@id":"https:\/\/tajkertesz.com\/#\/schema\/logo\/image\/","url":"https:\/\/tajkertesz.com\/wp-content\/uploads\/2018\/02\/logo-2-e1518678052539.png","contentUrl":"https:\/\/tajkertesz.com\/wp-content\/uploads\/2018\/02\/logo-2-e1518678052539.png","width":81,"height":140,"caption":"T\u00e1j-Kert\u00e9sz 84 Kft."},"image":{"@id":"https:\/\/tajkertesz.com\/#\/schema\/logo\/image\/"},"sameAs":["https:\/\/www.facebook.com\/Tajkertesz\/"]}]}},"_links":{"self":[{"href":"https:\/\/tajkertesz.com\/en_US\/wp-json\/wp\/v2\/product\/8069","targetHints":{"allow":["GET"]}}],"collection":[{"href":"https:\/\/tajkertesz.com\/en_US\/wp-json\/wp\/v2\/product"}],"about":[{"href":"https:\/\/tajkertesz.com\/en_US\/wp-json\/wp\/v2\/types\/product"}],"wp:featuredmedia":[{"embeddable":true,"href":"https:\/\/tajkertesz.com\/en_US\/wp-json\/wp\/v2\/media\/8071"}],"wp:attachment":[{"href":"https:\/\/tajkertesz.com\/en_US\/wp-json\/wp\/v2\/media?parent=8069"}],"wp:term":[{"taxonomy":"product_brand","embeddable":true,"href":"https:\/\/tajkertesz.com\/en_US\/wp-json\/wp\/v2\/product_brand?post=8069"},{"taxonomy":"product_cat","embeddable":true,"href":"https:\/\/tajkertesz.com\/en_US\/wp-json\/wp\/v2\/product_cat?post=8069"},{"taxonomy":"product_tag","embeddable":true,"href":"https:\/\/tajkertesz.com\/en_US\/wp-json\/wp\/v2\/product_tag?post=8069"}],"curies":[{"name":"wp","href":"https:\/\/api.w.org\/{rel}","templated":true}]}}