{"id":8072,"date":"2025-05-10T08:20:27","date_gmt":"2025-05-10T08:20:27","guid":{"rendered":"https:\/\/tajkertesz.com\/?post_type=product&#038;p=8072"},"modified":"2026-04-07T06:21:31","modified_gmt":"2026-04-07T06:21:31","slug":"prunus-cerasifera-woodii-verszilva","status":"publish","type":"product","link":"https:\/\/tajkertesz.com\/en_US\/product\/prunus-cerasifera-woodii-verszilva\/","title":{"rendered":"Prunus cerasifera &#8216;Woodii&#8217; &#8211; V\u00e9rszilva"},"content":{"rendered":"<h1>Prunus cerasifera &#8216;Woodii&#8217; &#8211; V\u00e9rszilva<\/h1>\n<p>A Prunus cerasifera &#8216;Woodii&#8217; &#8211; V\u00e9rszilva egy terb\u00e9lyes, s\u0171r\u0171 \u00e1grendszer\u0171, kis m\u00e9ret\u0171 <strong data-start=\"208\" data-end=\"249\">lombhullat\u00f3 fa<\/strong>, amelyet els\u0151sorban a <strong data-start=\"272\" data-end=\"309\">l\u00e1tv\u00e1nyos, s\u00f6t\u00e9tv\u00f6r\u00f6s-lila lombja<\/strong> \u00e9s tavaszi vir\u00e1gz\u00e1sa miatt kedvelnek.<\/p>\n<h2>A Prunus cerasifera &#8216;Woodii&#8217; jellemz\u0151i:<\/h2>\n<ul>\n<li class=\"\" data-start=\"369\" data-end=\"414\">\n<p class=\"\" data-start=\"371\" data-end=\"414\"><strong data-start=\"371\" data-end=\"384\">Magass\u00e1g:<\/strong> \u00c1ltal\u00e1ban 4\u20136 m\u00e9terre n\u0151 meg.<\/p>\n<\/li>\n<li class=\"\" data-start=\"415\" data-end=\"470\">\n<p class=\"\" data-start=\"417\" data-end=\"470\"><strong data-start=\"417\" data-end=\"428\">Korona:<\/strong> Sz\u00e9les, lekerek\u00edtett, kiss\u00e9 szab\u00e1lytalan.<\/p>\n<\/li>\n<li class=\"\" data-start=\"471\" data-end=\"613\">\n<p class=\"\" data-start=\"473\" data-end=\"613\"><strong data-start=\"473\" data-end=\"482\">Lomb:<\/strong> A levelek s\u00f6t\u00e9t v\u00f6r\u00f6seslil\u00e1k, tavaszt\u00f3l \u0151szig d\u00edsz\u00edtik a n\u00f6v\u00e9nyt. Ez a s\u00f6t\u00e9t lombsz\u00edn stabilabb, mint sok m\u00e1s d\u00edszszilva fajt\u00e1n\u00e1l.<\/p>\n<\/li>\n<li class=\"\" data-start=\"614\" data-end=\"715\">\n<p class=\"\" data-start=\"616\" data-end=\"715\"><strong data-start=\"616\" data-end=\"626\">Vir\u00e1g:<\/strong> Kora tavasszal, m\u00e9g a lombfakad\u00e1s el\u0151tt hozza r\u00f3zsasz\u00edn vagy halv\u00e1ny r\u00f3zsasz\u00edn vir\u00e1gait.<\/p>\n<\/li>\n<li class=\"\" data-start=\"716\" data-end=\"854\">\n<p class=\"\" data-start=\"718\" data-end=\"854\"><strong data-start=\"718\" data-end=\"729\">Term\u00e9s:<\/strong> Apr\u00f3, cseresznye m\u00e9ret\u0171 gy\u00fcm\u00f6lcs\u00f6ket is hozhat (pirosas-lil\u00e1s), de ezek \u00e1ltal\u00e1ban nem jelent\u0151sek, \u00e9s d\u00edsz\u00e9rt\u00e9k\u00fck is csek\u00e9ly, ehet\u0151 szilva.<\/p>\n<\/li>\n<\/ul>\n<h3>A v\u00e9rszilva gondoz\u00e1sa:<\/h3>\n<ul>\n<li class=\"\" data-start=\"855\" data-end=\"925\">\n<p class=\"\" data-start=\"857\" data-end=\"925\"><strong data-start=\"857\" data-end=\"871\">F\u00e9nyig\u00e9ny:<\/strong> Napos helyet kedvel, ahol lombsz\u00edne a legintenz\u00edvebb. A f\u00e9l\u00e1rny\u00e9kot t\u0171ri, de csak teljes napf\u00e9nyen marad meg s\u00f6t\u00e9tv\u00f6r\u00f6s lombsz\u00edne.<\/p>\n<\/li>\n<li class=\"\" data-start=\"926\" data-end=\"1010\">\n<p class=\"\" data-start=\"928\" data-end=\"1010\"><strong data-start=\"928\" data-end=\"938\">Talaj:<\/strong> Sz\u00e9les t\u0171r\u0151k\u00e9pess\u00e9g\u0171, de kedveli a term\u00e9keny, nedvesebb talajokat. A savast\u00f3l a l\u00fagos talajig mindent elvisel. J\u00f3 v\u00edz\u00e1tereszt\u0151 talajban fejl\u0151dik a legjobban,<\/p>\n<\/li>\n<li class=\"\" data-start=\"1011\" data-end=\"1061\">\n<p class=\"\" data-start=\"1013\" data-end=\"1061\"><strong data-start=\"1013\" data-end=\"1028\">T\u00e9l\u00e1ll\u00f3s\u00e1g:<\/strong> Magyarorsz\u00e1g \u00e9ghajlat\u00e1n t\u00e9l\u00e1ll\u00f3.<\/p>\n<\/li>\n<\/ul>\n<p>&nbsp;<\/p>\n<h4 style=\"line-height: 18.0pt; background: white; margin: 0cm 0cm 15.0pt 0cm;\"><strong><span style=\"font-family: 'Ubuntu',serif; color: black;\">A n\u00f6v\u00e9ny jelenlegi m\u00e9rete: 200\/250 cm magas, 11 literes kont\u00e9nerben.<\/span><\/strong><\/h4>\n<p>&nbsp;<\/p>\n<div><strong>A n\u00f6v\u00e9ny jelenlegi m\u00e9rete: 200\/250 cm magas kont\u00e9nerrel egy\u00fctt!<\/strong><\/div>\n<div><strong>K\u00e9rj\u00fck fentiek figyelembev\u00e9tel\u00e9t n\u00f6v\u00e9ny rendel\u00e9se sor\u00e1n!&#8221;<\/strong><\/div>\n<p>&nbsp;<\/p>\n<p><b>K\u00e9szlet\u00fcnk napi szinten v\u00e1ltozik, ez\u00e9rt k\u00e9rj\u00fck, \u00e9rdekl\u0151dj\u00f6n szem\u00e9lyesen, telefonon vagy email-en.<br \/>\nA v\u00e1ltoztat\u00e1s jog\u00e1t fenntartjuk!<\/b><b>\u00a0<\/b><\/p>\n<p><a href=\"https:\/\/tajkertesz.com\/\">https:\/\/tajkertesz.com\/<\/a><\/p>\n<p><a href=\"https:\/\/www.facebook.com\/tajkertesz\/\">https:\/\/www.facebook.com\/tajkertesz\/<\/a><\/p>\n<p>Kisz\u00e1ll\u00edt\u00e1s: 200cm-ig \u00e9s 40 kg-ig a sz\u00e1ll\u00edt\u00e1s fut\u00e1rszolg\u00e1lattal t\u00f6rt\u00e9nik.<\/p>\n<p>Szem\u00e9lyes \u00e1tv\u00e9tel nyitvatart\u00e1si id\u0151ben a 17. ker\u00fclet Bakancsos utca 7. sz\u00e1m alatti Kert\u00e9szeti \u00e1rud\u00e1nkban.<\/p>\n<p>Kert\u00e9p\u00edt\u0151k \u00e9s viszontelad\u00f3k regisztr\u00e1l\u00e1s ut\u00e1n egyedi kedvezm\u00e9nnyel v\u00e1s\u00e1rolhatnak kert\u00e9szeti kis-\u00e9s nagykeresked\u00e9s\u00fcnkben.<\/p>\n<p><strong>Az \u00e1rak egy darab term\u00e9kre vonatkoznak.<\/strong><\/p>\n<p><strong>J\u00f3 tudni!<\/strong><\/p>\n<p>K\u00e9pek-elt\u00e9r\u00e9sek:<\/p>\n<p>A n\u00f6v\u00e9nyekr\u0151l felt\u00f6lt\u00f6tt k\u00e9pek illusztr\u00e1ci\u00f3k. N\u00f6v\u00e9nyekn\u00e9l el\u0151fordulhatnak minim\u00e1lis elt\u00e9r\u00e9sek a k\u00e9peken szerepl\u0151 n\u00f6v\u00e9nyek \u00e9s az \u00e1tvett n\u00f6v\u00e9nyek k\u00f6z\u00f6tt, mivel minden n\u00f6v\u00e9ny egyedi.<\/p>\n<h4>N\u00f6v\u00e9nyek sz\u00e1ll\u00edt\u00e1sa:<\/h4>\n<p>A megrendelt n\u00f6v\u00e9nyeket igyeksz\u00fcnk a lehet\u0151 legbiztons\u00e1gosabban egyes\u00e9vel csomagolni, azonban a sz\u00e1ll\u00edt\u00e1s sor\u00e1n m\u00e9g ennek ellen\u00e9re is\u00a0bek\u00f6vetkezhetnek apr\u00f3bb s\u00e9r\u00fcl\u00e9sek (lev\u00e9l- vagy vir\u00e1ghull\u00e1s).<br \/>\nN\u00f6v\u00e9ny rendel\u00e9s eset\u00e9n k\u00e9rj\u00fck a k\u00e9zbes\u00edt\u00e9st k\u00f6vet\u0151en a lehet\u0151 leghamarabb bonts\u00e1k ki a csomagot.<\/p>\n<p>Abban az esetben, ha a megrendelt n\u00f6v\u00e9ny\u00a0a sz\u00e1ll\u00edt\u00e1st k\u00f6vet\u0151en\u00a0nem megfelel\u0151 gondoz\u00e1sban r\u00e9szes\u00fcl \u00e9s ebb\u0151l kifoly\u00f3lag\u00a0k\u00e1rosodik,\u00a0elpusztul, felel\u0151ss\u00e9get sajnos nem tudunk v\u00e1llalni.<\/p>\n<p>V\u00e1s\u00e1rl\u00e1st\u00f3l val\u00f3 el\u00e1ll\u00e1s \u00e9l\u0151 n\u00f6v\u00e9ny v\u00e1s\u00e1rl\u00e1sa eset\u00e9n:<\/p>\n<p>Az \u00e1ltal\u00e1nos 14 napos el\u00e1ll\u00e1s lehet\u0151s\u00e9ge \u00e9l\u0151 n\u00f6v\u00e9nyekre nem vonatkozik. V\u00e1s\u00e1rl\u00e1st\u00f3l val\u00f3 el\u00e1ll\u00e1sra, visszak\u00fcld\u00e9sre nincs lehet\u0151s\u00e9g.\u00a0(17\/1999. (II. 5.) Korm. rendelet 5c pontja)<\/p>\n<p><strong>K\u00e9rj\u00fck fentiek figyelembev\u00e9tel\u00e9t n\u00f6v\u00e9ny rendel\u00e9se sor\u00e1n!<\/strong><\/p>\n<p>&nbsp;<\/p>","protected":false},"excerpt":{"rendered":"<h2><\/h2>\n<div><strong>A n\u00f6v\u00e9ny jelenlegi m\u00e9rete: 200\/250 cm magas kont\u00e9nerrel egy\u00fctt!<\/strong><\/div>\n<div><strong>K\u00e9rj\u00fck fentiek figyelembev\u00e9tel\u00e9t n\u00f6v\u00e9ny rendel\u00e9se sor\u00e1n!&#8221;<\/strong><\/div>\n<p>&nbsp;<\/p>\n<p style=\"line-height: 18.0pt; background: white; margin: 0cm 0cm 15.0pt 0cm;\">","protected":false},"featured_media":8073,"template":"","meta":{"_et_pb_use_builder":"","_et_pb_old_content":"","_et_gb_content_width":""},"product_brand":[],"product_cat":[28],"product_tag":[2355],"class_list":{"0":"post-8072","1":"product","2":"type-product","3":"status-publish","4":"has-post-thumbnail","6":"product_cat-diszfak","7":"product_tag-prunus-cerasifera-woodii-verszilva","9":"first","10":"instock","11":"shipping-taxable","12":"purchasable","13":"product-type-simple"},"yoast_head":"<!-- This site is optimized with the Yoast SEO plugin v27.3 - https:\/\/yoast.com\/product\/yoast-seo-wordpress\/ -->\n<title>Prunus cerasifera &#039;Woodii&#039; - V\u00e9rszilva - T\u00e1jkert\u00e9sz<\/title>\n<meta name=\"description\" content=\"Prunus cerasifera &#039;Woodii&#039; - V\u00e9rszilva egy terb\u00e9lyes, s\u0171r\u0171 \u00e1grendszer\u0171, kis m\u00e9ret\u0171 lombhullat\u00f3 fa els\u0151sorban , s\u00f6t\u00e9tv\u00f6r\u00f6s-lila lombja miatt kedvelnek.\" \/>\n<meta name=\"robots\" content=\"index, follow, max-snippet:-1, max-image-preview:large, max-video-preview:-1\" \/>\n<link rel=\"canonical\" href=\"https:\/\/tajkertesz.com\/en_US\/product\/prunus-cerasifera-woodii-verszilva\/\" \/>\n<meta property=\"og:locale\" content=\"en_US\" \/>\n<meta property=\"og:type\" content=\"article\" \/>\n<meta property=\"og:title\" content=\"Prunus cerasifera &#039;Woodii&#039; - V\u00e9rszilva - T\u00e1jkert\u00e9sz\" \/>\n<meta property=\"og:description\" content=\"Prunus cerasifera &#039;Woodii&#039; - V\u00e9rszilva egy terb\u00e9lyes, s\u0171r\u0171 \u00e1grendszer\u0171, kis m\u00e9ret\u0171 lombhullat\u00f3 fa els\u0151sorban , s\u00f6t\u00e9tv\u00f6r\u00f6s-lila lombja miatt kedvelnek.\" \/>\n<meta property=\"og:url\" content=\"https:\/\/tajkertesz.com\/en_US\/product\/prunus-cerasifera-woodii-verszilva\/\" \/>\n<meta property=\"og:site_name\" content=\"T\u00e1jkert\u00e9sz\" \/>\n<meta property=\"article:publisher\" content=\"https:\/\/www.facebook.com\/Tajkertesz\/\" \/>\n<meta property=\"article:modified_time\" content=\"2026-04-07T06:21:31+00:00\" \/>\n<meta property=\"og:image\" content=\"https:\/\/tajkertesz.com\/wp-content\/uploads\/2021\/08\/kirschpflaume_prunus_cerasifera_woodii_-scaled.jpg\" \/>\n\t<meta property=\"og:image:width\" content=\"2560\" \/>\n\t<meta property=\"og:image:height\" content=\"2560\" \/>\n\t<meta property=\"og:image:type\" content=\"image\/jpeg\" \/>\n<meta name=\"twitter:card\" content=\"summary_large_image\" \/>\n<meta name=\"twitter:label1\" content=\"Est. reading time\" \/>\n\t<meta name=\"twitter:data1\" content=\"3 minutes\" \/>\n<script type=\"application\/ld+json\" class=\"yoast-schema-graph\">{\"@context\":\"https:\\\/\\\/schema.org\",\"@graph\":[{\"@type\":\"WebPage\",\"@id\":\"https:\\\/\\\/tajkertesz.com\\\/termek\\\/prunus-cerasifera-woodii-verszilva\\\/\",\"url\":\"https:\\\/\\\/tajkertesz.com\\\/termek\\\/prunus-cerasifera-woodii-verszilva\\\/\",\"name\":\"Prunus cerasifera 'Woodii' - V\u00e9rszilva - T\u00e1jkert\u00e9sz\",\"isPartOf\":{\"@id\":\"https:\\\/\\\/tajkertesz.com\\\/#website\"},\"primaryImageOfPage\":{\"@id\":\"https:\\\/\\\/tajkertesz.com\\\/termek\\\/prunus-cerasifera-woodii-verszilva\\\/#primaryimage\"},\"image\":{\"@id\":\"https:\\\/\\\/tajkertesz.com\\\/termek\\\/prunus-cerasifera-woodii-verszilva\\\/#primaryimage\"},\"thumbnailUrl\":\"https:\\\/\\\/tajkertesz.com\\\/wp-content\\\/uploads\\\/2021\\\/08\\\/kirschpflaume_prunus_cerasifera_woodii_-scaled.jpg\",\"datePublished\":\"2025-05-10T08:20:27+00:00\",\"dateModified\":\"2026-04-07T06:21:31+00:00\",\"description\":\"Prunus cerasifera 'Woodii' - V\u00e9rszilva egy terb\u00e9lyes, s\u0171r\u0171 \u00e1grendszer\u0171, kis m\u00e9ret\u0171 lombhullat\u00f3 fa els\u0151sorban , s\u00f6t\u00e9tv\u00f6r\u00f6s-lila lombja miatt kedvelnek.\",\"breadcrumb\":{\"@id\":\"https:\\\/\\\/tajkertesz.com\\\/termek\\\/prunus-cerasifera-woodii-verszilva\\\/#breadcrumb\"},\"inLanguage\":\"en-US\",\"potentialAction\":[{\"@type\":\"ReadAction\",\"target\":[\"https:\\\/\\\/tajkertesz.com\\\/termek\\\/prunus-cerasifera-woodii-verszilva\\\/\"]}]},{\"@type\":\"ImageObject\",\"inLanguage\":\"en-US\",\"@id\":\"https:\\\/\\\/tajkertesz.com\\\/termek\\\/prunus-cerasifera-woodii-verszilva\\\/#primaryimage\",\"url\":\"https:\\\/\\\/tajkertesz.com\\\/wp-content\\\/uploads\\\/2021\\\/08\\\/kirschpflaume_prunus_cerasifera_woodii_-scaled.jpg\",\"contentUrl\":\"https:\\\/\\\/tajkertesz.com\\\/wp-content\\\/uploads\\\/2021\\\/08\\\/kirschpflaume_prunus_cerasifera_woodii_-scaled.jpg\",\"width\":2560,\"height\":2560,\"caption\":\"Prunus cerasifera 'Woodii' - V\u00e9rszilva\"},{\"@type\":\"BreadcrumbList\",\"@id\":\"https:\\\/\\\/tajkertesz.com\\\/termek\\\/prunus-cerasifera-woodii-verszilva\\\/#breadcrumb\",\"itemListElement\":[{\"@type\":\"ListItem\",\"position\":1,\"name\":\"Home\",\"item\":\"https:\\\/\\\/tajkertesz.com\\\/\"},{\"@type\":\"ListItem\",\"position\":2,\"name\":\"Kezd\u0151lap\",\"item\":\"https:\\\/\\\/tajkertesz.com\\\/\"},{\"@type\":\"ListItem\",\"position\":3,\"name\":\"Prunus cerasifera &#8216;Woodii&#8217; &#8211; V\u00e9rszilva\"}]},{\"@type\":\"WebSite\",\"@id\":\"https:\\\/\\\/tajkertesz.com\\\/#website\",\"url\":\"https:\\\/\\\/tajkertesz.com\\\/\",\"name\":\"T\u00e1j-Kert\u00e9sz 84 Kft.\",\"description\":\"Kert\u00e9szeti kis- \u00e9s nagykeresked\u00e9s, D\u00edszn\u00f6v\u00e9ny web\u00e1ruh\u00e1z orsz\u00e1gos h\u00e1zhozsz\u00e1ll\u00edt\u00e1ssal!\",\"publisher\":{\"@id\":\"https:\\\/\\\/tajkertesz.com\\\/#organization\"},\"potentialAction\":[{\"@type\":\"SearchAction\",\"target\":{\"@type\":\"EntryPoint\",\"urlTemplate\":\"https:\\\/\\\/tajkertesz.com\\\/?s={search_term_string}\"},\"query-input\":{\"@type\":\"PropertyValueSpecification\",\"valueRequired\":true,\"valueName\":\"search_term_string\"}}],\"inLanguage\":\"en-US\"},{\"@type\":\"Organization\",\"@id\":\"https:\\\/\\\/tajkertesz.com\\\/#organization\",\"name\":\"T\u00e1j-Kert\u00e9sz 84 Kft.\",\"url\":\"https:\\\/\\\/tajkertesz.com\\\/\",\"logo\":{\"@type\":\"ImageObject\",\"inLanguage\":\"en-US\",\"@id\":\"https:\\\/\\\/tajkertesz.com\\\/#\\\/schema\\\/logo\\\/image\\\/\",\"url\":\"https:\\\/\\\/tajkertesz.com\\\/wp-content\\\/uploads\\\/2018\\\/02\\\/logo-2-e1518678052539.png\",\"contentUrl\":\"https:\\\/\\\/tajkertesz.com\\\/wp-content\\\/uploads\\\/2018\\\/02\\\/logo-2-e1518678052539.png\",\"width\":81,\"height\":140,\"caption\":\"T\u00e1j-Kert\u00e9sz 84 Kft.\"},\"image\":{\"@id\":\"https:\\\/\\\/tajkertesz.com\\\/#\\\/schema\\\/logo\\\/image\\\/\"},\"sameAs\":[\"https:\\\/\\\/www.facebook.com\\\/Tajkertesz\\\/\"]}]}<\/script>\n<!-- \/ Yoast SEO plugin. -->","yoast_head_json":{"title":"Prunus cerasifera 'Woodii' - V\u00e9rszilva - T\u00e1jkert\u00e9sz","description":"Prunus cerasifera 'Woodii' - V\u00e9rszilva egy terb\u00e9lyes, s\u0171r\u0171 \u00e1grendszer\u0171, kis m\u00e9ret\u0171 lombhullat\u00f3 fa els\u0151sorban , s\u00f6t\u00e9tv\u00f6r\u00f6s-lila lombja miatt kedvelnek.","robots":{"index":"index","follow":"follow","max-snippet":"max-snippet:-1","max-image-preview":"max-image-preview:large","max-video-preview":"max-video-preview:-1"},"canonical":"https:\/\/tajkertesz.com\/en_US\/product\/prunus-cerasifera-woodii-verszilva\/","og_locale":"en_US","og_type":"article","og_title":"Prunus cerasifera 'Woodii' - V\u00e9rszilva - T\u00e1jkert\u00e9sz","og_description":"Prunus cerasifera 'Woodii' - V\u00e9rszilva egy terb\u00e9lyes, s\u0171r\u0171 \u00e1grendszer\u0171, kis m\u00e9ret\u0171 lombhullat\u00f3 fa els\u0151sorban , s\u00f6t\u00e9tv\u00f6r\u00f6s-lila lombja miatt kedvelnek.","og_url":"https:\/\/tajkertesz.com\/en_US\/product\/prunus-cerasifera-woodii-verszilva\/","og_site_name":"T\u00e1jkert\u00e9sz","article_publisher":"https:\/\/www.facebook.com\/Tajkertesz\/","article_modified_time":"2026-04-07T06:21:31+00:00","og_image":[{"width":2560,"height":2560,"url":"https:\/\/tajkertesz.com\/wp-content\/uploads\/2021\/08\/kirschpflaume_prunus_cerasifera_woodii_-scaled.jpg","type":"image\/jpeg"}],"twitter_card":"summary_large_image","twitter_misc":{"Est. reading time":"3 minutes"},"schema":{"@context":"https:\/\/schema.org","@graph":[{"@type":"WebPage","@id":"https:\/\/tajkertesz.com\/termek\/prunus-cerasifera-woodii-verszilva\/","url":"https:\/\/tajkertesz.com\/termek\/prunus-cerasifera-woodii-verszilva\/","name":"Prunus cerasifera 'Woodii' - V\u00e9rszilva - T\u00e1jkert\u00e9sz","isPartOf":{"@id":"https:\/\/tajkertesz.com\/#website"},"primaryImageOfPage":{"@id":"https:\/\/tajkertesz.com\/termek\/prunus-cerasifera-woodii-verszilva\/#primaryimage"},"image":{"@id":"https:\/\/tajkertesz.com\/termek\/prunus-cerasifera-woodii-verszilva\/#primaryimage"},"thumbnailUrl":"https:\/\/tajkertesz.com\/wp-content\/uploads\/2021\/08\/kirschpflaume_prunus_cerasifera_woodii_-scaled.jpg","datePublished":"2025-05-10T08:20:27+00:00","dateModified":"2026-04-07T06:21:31+00:00","description":"Prunus cerasifera 'Woodii' - V\u00e9rszilva egy terb\u00e9lyes, s\u0171r\u0171 \u00e1grendszer\u0171, kis m\u00e9ret\u0171 lombhullat\u00f3 fa els\u0151sorban , s\u00f6t\u00e9tv\u00f6r\u00f6s-lila lombja miatt kedvelnek.","breadcrumb":{"@id":"https:\/\/tajkertesz.com\/termek\/prunus-cerasifera-woodii-verszilva\/#breadcrumb"},"inLanguage":"en-US","potentialAction":[{"@type":"ReadAction","target":["https:\/\/tajkertesz.com\/termek\/prunus-cerasifera-woodii-verszilva\/"]}]},{"@type":"ImageObject","inLanguage":"en-US","@id":"https:\/\/tajkertesz.com\/termek\/prunus-cerasifera-woodii-verszilva\/#primaryimage","url":"https:\/\/tajkertesz.com\/wp-content\/uploads\/2021\/08\/kirschpflaume_prunus_cerasifera_woodii_-scaled.jpg","contentUrl":"https:\/\/tajkertesz.com\/wp-content\/uploads\/2021\/08\/kirschpflaume_prunus_cerasifera_woodii_-scaled.jpg","width":2560,"height":2560,"caption":"Prunus cerasifera 'Woodii' - V\u00e9rszilva"},{"@type":"BreadcrumbList","@id":"https:\/\/tajkertesz.com\/termek\/prunus-cerasifera-woodii-verszilva\/#breadcrumb","itemListElement":[{"@type":"ListItem","position":1,"name":"Home","item":"https:\/\/tajkertesz.com\/"},{"@type":"ListItem","position":2,"name":"Kezd\u0151lap","item":"https:\/\/tajkertesz.com\/"},{"@type":"ListItem","position":3,"name":"Prunus cerasifera &#8216;Woodii&#8217; &#8211; V\u00e9rszilva"}]},{"@type":"WebSite","@id":"https:\/\/tajkertesz.com\/#website","url":"https:\/\/tajkertesz.com\/","name":"T\u00e1j-Kert\u00e9sz 84 Kft.","description":"Kert\u00e9szeti kis- \u00e9s nagykeresked\u00e9s, D\u00edszn\u00f6v\u00e9ny web\u00e1ruh\u00e1z orsz\u00e1gos h\u00e1zhozsz\u00e1ll\u00edt\u00e1ssal!","publisher":{"@id":"https:\/\/tajkertesz.com\/#organization"},"potentialAction":[{"@type":"SearchAction","target":{"@type":"EntryPoint","urlTemplate":"https:\/\/tajkertesz.com\/?s={search_term_string}"},"query-input":{"@type":"PropertyValueSpecification","valueRequired":true,"valueName":"search_term_string"}}],"inLanguage":"en-US"},{"@type":"Organization","@id":"https:\/\/tajkertesz.com\/#organization","name":"T\u00e1j-Kert\u00e9sz 84 Kft.","url":"https:\/\/tajkertesz.com\/","logo":{"@type":"ImageObject","inLanguage":"en-US","@id":"https:\/\/tajkertesz.com\/#\/schema\/logo\/image\/","url":"https:\/\/tajkertesz.com\/wp-content\/uploads\/2018\/02\/logo-2-e1518678052539.png","contentUrl":"https:\/\/tajkertesz.com\/wp-content\/uploads\/2018\/02\/logo-2-e1518678052539.png","width":81,"height":140,"caption":"T\u00e1j-Kert\u00e9sz 84 Kft."},"image":{"@id":"https:\/\/tajkertesz.com\/#\/schema\/logo\/image\/"},"sameAs":["https:\/\/www.facebook.com\/Tajkertesz\/"]}]}},"_links":{"self":[{"href":"https:\/\/tajkertesz.com\/en_US\/wp-json\/wp\/v2\/product\/8072","targetHints":{"allow":["GET"]}}],"collection":[{"href":"https:\/\/tajkertesz.com\/en_US\/wp-json\/wp\/v2\/product"}],"about":[{"href":"https:\/\/tajkertesz.com\/en_US\/wp-json\/wp\/v2\/types\/product"}],"wp:featuredmedia":[{"embeddable":true,"href":"https:\/\/tajkertesz.com\/en_US\/wp-json\/wp\/v2\/media\/8073"}],"wp:attachment":[{"href":"https:\/\/tajkertesz.com\/en_US\/wp-json\/wp\/v2\/media?parent=8072"}],"wp:term":[{"taxonomy":"product_brand","embeddable":true,"href":"https:\/\/tajkertesz.com\/en_US\/wp-json\/wp\/v2\/product_brand?post=8072"},{"taxonomy":"product_cat","embeddable":true,"href":"https:\/\/tajkertesz.com\/en_US\/wp-json\/wp\/v2\/product_cat?post=8072"},{"taxonomy":"product_tag","embeddable":true,"href":"https:\/\/tajkertesz.com\/en_US\/wp-json\/wp\/v2\/product_tag?post=8072"}],"curies":[{"name":"wp","href":"https:\/\/api.w.org\/{rel}","templated":true}]}}