{"id":8087,"date":"2021-08-17T11:28:50","date_gmt":"2021-08-17T11:28:50","guid":{"rendered":"https:\/\/tajkertesz.com\/?post_type=product&#038;p=8087"},"modified":"2025-03-31T10:11:06","modified_gmt":"2025-03-31T10:11:06","slug":"kinai-selyemmirtusz-lagerstroemia-best-red","status":"publish","type":"product","link":"https:\/\/tajkertesz.com\/en_US\/product\/kinai-selyemmirtusz-lagerstroemia-best-red\/","title":{"rendered":"K\u00ednai selyemmirtusz (Lagerstroemia  Best Red )"},"content":{"rendered":"<h3>K\u00ednai selyemmirtusz (Lagerstroemia Best Red)<\/h3>\n<p>&nbsp;<\/p>\n<p>K\u00ednai selyemmirtusz (Lagerstroemia Best Red),mediterr\u00e1n hangulatot \u00e1raszt\u00f3 lombhullat\u00f3 cserje. Kifejlett magass\u00e1ga 2-3m<\/p>\n<p>S\u00f6t\u00e9t bord\u00f3 levele van. Vir\u00e1gai s\u00f6t\u00e9tpiros sz\u00edn\u0171ek, rojtos szirm\u00fa vir\u00e1gokkal, VI-VIII h\u00f3napban vir\u00e1gzik.<\/p>\n<p>Napos, meleg fekv\u00e9s, savany\u00fa talaj, t\u00e9len t\u00f6v\u00e9t lombbal javasolt takarni.<\/p>\n<p>&nbsp;<\/p>\n<p>3 literes cser\u00e9pben 60\/80 cm<\/p>\n<p><a href=\"https:\/\/tajkertesz.com\/\">https:\/\/tajkertesz.com\/<\/a><\/p>\n<p><a href=\"https:\/\/www.facebook.com\/tajkertesz\">https:\/\/www.facebook.com\/tajkertesz<\/a><\/p>\n<p>K\u00e9szlet\u00fcnk napi szinten v\u00e1ltozik , \u00edgy a v\u00e1ltoz\u00e1s jog\u00e1t fenntartjuk.<\/p>\n<p>200 cm \u00e9s 40 kg-ig a sz\u00e1ll\u00edt\u00e1s lehets\u00e9ges fut\u00e1rszolg\u00e1lattal, ezen m\u00e9retek felett egyedi sz\u00e1ll\u00edt\u00e1s egyeztet\u00e9se sz\u00fcks\u00e9ges.<\/p>\n<h6><\/h6>","protected":false},"excerpt":{"rendered":"<p>K\u00ednai selyemmirtusz (Lagerstroemia Best Red) &nbsp; K\u00ednai selyemmirtusz (Lagerstroemia Best Red),mediterr\u00e1n hangulatot \u00e1raszt\u00f3 lombhullat\u00f3 cserje. Kifejlett magass\u00e1ga 2-3m S\u00f6t\u00e9t bord\u00f3 levele van. Vir\u00e1gai s\u00f6t\u00e9tpiros sz\u00edn\u0171ek, rojtos szirm\u00fa vir\u00e1gokkal, VI-VIII h\u00f3napban vir\u00e1gzik. Napos, meleg fekv\u00e9s, savany\u00fa talaj, t\u00e9len t\u00f6v\u00e9t lombbal javasolt takarni. &nbsp; 3 literes cser\u00e9pben 60\/80 cm https:\/\/tajkertesz.com\/ https:\/\/www.facebook.com\/tajkertesz K\u00e9szlet\u00fcnk napi szinten v\u00e1ltozik , \u00edgy [&hellip;]<\/p>\n","protected":false},"featured_media":20875,"template":"","meta":{"_et_pb_use_builder":"","_et_pb_old_content":"","_et_gb_content_width":""},"product_brand":[],"product_cat":[27],"product_tag":[5263],"class_list":{"0":"post-8087","1":"product","2":"type-product","3":"status-publish","4":"has-post-thumbnail","6":"product_cat-cserjek","7":"product_tag-best-red","9":"first","10":"outofstock","11":"shipping-taxable","12":"product-type-simple"},"yoast_head":"<!-- This site is optimized with the Yoast SEO plugin v27.4 - https:\/\/yoast.com\/product\/yoast-seo-wordpress\/ -->\n<title>K\u00ednai selyemmirtusz (Lagerstroemia Best Red ) - T\u00e1jkert\u00e9sz<\/title>\n<meta name=\"description\" content=\"K\u00ednai selyemmirtusz (Lagerstroemia Best Red),mediterr\u00e1n hangulatot \u00e1raszt\u00f3 lombhullat\u00f3 cserje. Kifejlett magass\u00e1ga 2-3m S\u00f6t\u00e9t bord\u00f3 levele van.\" \/>\n<meta name=\"robots\" content=\"index, follow, max-snippet:-1, max-image-preview:large, max-video-preview:-1\" \/>\n<link rel=\"canonical\" href=\"https:\/\/tajkertesz.com\/en_US\/product\/kinai-selyemmirtusz-lagerstroemia-best-red\/\" \/>\n<meta property=\"og:locale\" content=\"en_US\" \/>\n<meta property=\"og:type\" content=\"article\" \/>\n<meta property=\"og:title\" content=\"K\u00ednai selyemmirtusz (Lagerstroemia Best Red ) - T\u00e1jkert\u00e9sz\" \/>\n<meta property=\"og:description\" content=\"K\u00ednai selyemmirtusz (Lagerstroemia Best Red),mediterr\u00e1n hangulatot \u00e1raszt\u00f3 lombhullat\u00f3 cserje. Kifejlett magass\u00e1ga 2-3m S\u00f6t\u00e9t bord\u00f3 levele van.\" \/>\n<meta property=\"og:url\" content=\"https:\/\/tajkertesz.com\/en_US\/product\/kinai-selyemmirtusz-lagerstroemia-best-red\/\" \/>\n<meta property=\"og:site_name\" content=\"T\u00e1jkert\u00e9sz\" \/>\n<meta property=\"article:publisher\" content=\"https:\/\/www.facebook.com\/Tajkertesz\/\" \/>\n<meta property=\"article:modified_time\" content=\"2025-03-31T10:11:06+00:00\" \/>\n<meta property=\"og:image\" content=\"https:\/\/tajkertesz.com\/wp-content\/uploads\/2021\/08\/IMG_20240824_111139-scaled.jpg\" \/>\n\t<meta property=\"og:image:width\" content=\"1920\" \/>\n\t<meta property=\"og:image:height\" content=\"2560\" \/>\n\t<meta property=\"og:image:type\" content=\"image\/jpeg\" \/>\n<meta name=\"twitter:card\" content=\"summary_large_image\" \/>\n<meta name=\"twitter:label1\" content=\"Est. reading time\" \/>\n\t<meta name=\"twitter:data1\" content=\"1 minute\" \/>\n<script type=\"application\/ld+json\" class=\"yoast-schema-graph\">{\"@context\":\"https:\\\/\\\/schema.org\",\"@graph\":[{\"@type\":\"WebPage\",\"@id\":\"https:\\\/\\\/tajkertesz.com\\\/termek\\\/kinai-selyemmirtusz-lagerstroemia-best-red\\\/\",\"url\":\"https:\\\/\\\/tajkertesz.com\\\/termek\\\/kinai-selyemmirtusz-lagerstroemia-best-red\\\/\",\"name\":\"K\u00ednai selyemmirtusz (Lagerstroemia Best Red ) - T\u00e1jkert\u00e9sz\",\"isPartOf\":{\"@id\":\"https:\\\/\\\/tajkertesz.com\\\/#website\"},\"primaryImageOfPage\":{\"@id\":\"https:\\\/\\\/tajkertesz.com\\\/termek\\\/kinai-selyemmirtusz-lagerstroemia-best-red\\\/#primaryimage\"},\"image\":{\"@id\":\"https:\\\/\\\/tajkertesz.com\\\/termek\\\/kinai-selyemmirtusz-lagerstroemia-best-red\\\/#primaryimage\"},\"thumbnailUrl\":\"https:\\\/\\\/tajkertesz.com\\\/wp-content\\\/uploads\\\/2021\\\/08\\\/IMG_20240824_111139-scaled.jpg\",\"datePublished\":\"2021-08-17T11:28:50+00:00\",\"dateModified\":\"2025-03-31T10:11:06+00:00\",\"description\":\"K\u00ednai selyemmirtusz (Lagerstroemia Best Red),mediterr\u00e1n hangulatot \u00e1raszt\u00f3 lombhullat\u00f3 cserje. Kifejlett magass\u00e1ga 2-3m S\u00f6t\u00e9t bord\u00f3 levele van.\",\"breadcrumb\":{\"@id\":\"https:\\\/\\\/tajkertesz.com\\\/termek\\\/kinai-selyemmirtusz-lagerstroemia-best-red\\\/#breadcrumb\"},\"inLanguage\":\"en-US\",\"potentialAction\":[{\"@type\":\"ReadAction\",\"target\":[\"https:\\\/\\\/tajkertesz.com\\\/termek\\\/kinai-selyemmirtusz-lagerstroemia-best-red\\\/\"]}]},{\"@type\":\"ImageObject\",\"inLanguage\":\"en-US\",\"@id\":\"https:\\\/\\\/tajkertesz.com\\\/termek\\\/kinai-selyemmirtusz-lagerstroemia-best-red\\\/#primaryimage\",\"url\":\"https:\\\/\\\/tajkertesz.com\\\/wp-content\\\/uploads\\\/2021\\\/08\\\/IMG_20240824_111139-scaled.jpg\",\"contentUrl\":\"https:\\\/\\\/tajkertesz.com\\\/wp-content\\\/uploads\\\/2021\\\/08\\\/IMG_20240824_111139-scaled.jpg\",\"width\":1920,\"height\":2560},{\"@type\":\"BreadcrumbList\",\"@id\":\"https:\\\/\\\/tajkertesz.com\\\/termek\\\/kinai-selyemmirtusz-lagerstroemia-best-red\\\/#breadcrumb\",\"itemListElement\":[{\"@type\":\"ListItem\",\"position\":1,\"name\":\"Home\",\"item\":\"https:\\\/\\\/tajkertesz.com\\\/\"},{\"@type\":\"ListItem\",\"position\":2,\"name\":\"Kezd\u0151lap\",\"item\":\"https:\\\/\\\/tajkertesz.com\\\/\"},{\"@type\":\"ListItem\",\"position\":3,\"name\":\"K\u00ednai selyemmirtusz (Lagerstroemia Best Red )\"}]},{\"@type\":\"WebSite\",\"@id\":\"https:\\\/\\\/tajkertesz.com\\\/#website\",\"url\":\"https:\\\/\\\/tajkertesz.com\\\/\",\"name\":\"T\u00e1j-Kert\u00e9sz 84 Kft.\",\"description\":\"Kert\u00e9szeti kis- \u00e9s nagykeresked\u00e9s, D\u00edszn\u00f6v\u00e9ny web\u00e1ruh\u00e1z orsz\u00e1gos h\u00e1zhozsz\u00e1ll\u00edt\u00e1ssal!\",\"publisher\":{\"@id\":\"https:\\\/\\\/tajkertesz.com\\\/#organization\"},\"potentialAction\":[{\"@type\":\"SearchAction\",\"target\":{\"@type\":\"EntryPoint\",\"urlTemplate\":\"https:\\\/\\\/tajkertesz.com\\\/?s={search_term_string}\"},\"query-input\":{\"@type\":\"PropertyValueSpecification\",\"valueRequired\":true,\"valueName\":\"search_term_string\"}}],\"inLanguage\":\"en-US\"},{\"@type\":\"Organization\",\"@id\":\"https:\\\/\\\/tajkertesz.com\\\/#organization\",\"name\":\"T\u00e1j-Kert\u00e9sz 84 Kft.\",\"url\":\"https:\\\/\\\/tajkertesz.com\\\/\",\"logo\":{\"@type\":\"ImageObject\",\"inLanguage\":\"en-US\",\"@id\":\"https:\\\/\\\/tajkertesz.com\\\/#\\\/schema\\\/logo\\\/image\\\/\",\"url\":\"https:\\\/\\\/tajkertesz.com\\\/wp-content\\\/uploads\\\/2018\\\/02\\\/logo-2-e1518678052539.png\",\"contentUrl\":\"https:\\\/\\\/tajkertesz.com\\\/wp-content\\\/uploads\\\/2018\\\/02\\\/logo-2-e1518678052539.png\",\"width\":81,\"height\":140,\"caption\":\"T\u00e1j-Kert\u00e9sz 84 Kft.\"},\"image\":{\"@id\":\"https:\\\/\\\/tajkertesz.com\\\/#\\\/schema\\\/logo\\\/image\\\/\"},\"sameAs\":[\"https:\\\/\\\/www.facebook.com\\\/Tajkertesz\\\/\"]}]}<\/script>\n<!-- \/ Yoast SEO plugin. -->","yoast_head_json":{"title":"K\u00ednai selyemmirtusz (Lagerstroemia Best Red ) - T\u00e1jkert\u00e9sz","description":"K\u00ednai selyemmirtusz (Lagerstroemia Best Red),mediterr\u00e1n hangulatot \u00e1raszt\u00f3 lombhullat\u00f3 cserje. Kifejlett magass\u00e1ga 2-3m S\u00f6t\u00e9t bord\u00f3 levele van.","robots":{"index":"index","follow":"follow","max-snippet":"max-snippet:-1","max-image-preview":"max-image-preview:large","max-video-preview":"max-video-preview:-1"},"canonical":"https:\/\/tajkertesz.com\/en_US\/product\/kinai-selyemmirtusz-lagerstroemia-best-red\/","og_locale":"en_US","og_type":"article","og_title":"K\u00ednai selyemmirtusz (Lagerstroemia Best Red ) - T\u00e1jkert\u00e9sz","og_description":"K\u00ednai selyemmirtusz (Lagerstroemia Best Red),mediterr\u00e1n hangulatot \u00e1raszt\u00f3 lombhullat\u00f3 cserje. Kifejlett magass\u00e1ga 2-3m S\u00f6t\u00e9t bord\u00f3 levele van.","og_url":"https:\/\/tajkertesz.com\/en_US\/product\/kinai-selyemmirtusz-lagerstroemia-best-red\/","og_site_name":"T\u00e1jkert\u00e9sz","article_publisher":"https:\/\/www.facebook.com\/Tajkertesz\/","article_modified_time":"2025-03-31T10:11:06+00:00","og_image":[{"width":1920,"height":2560,"url":"https:\/\/tajkertesz.com\/wp-content\/uploads\/2021\/08\/IMG_20240824_111139-scaled.jpg","type":"image\/jpeg"}],"twitter_card":"summary_large_image","twitter_misc":{"Est. reading time":"1 minute"},"schema":{"@context":"https:\/\/schema.org","@graph":[{"@type":"WebPage","@id":"https:\/\/tajkertesz.com\/termek\/kinai-selyemmirtusz-lagerstroemia-best-red\/","url":"https:\/\/tajkertesz.com\/termek\/kinai-selyemmirtusz-lagerstroemia-best-red\/","name":"K\u00ednai selyemmirtusz (Lagerstroemia Best Red ) - T\u00e1jkert\u00e9sz","isPartOf":{"@id":"https:\/\/tajkertesz.com\/#website"},"primaryImageOfPage":{"@id":"https:\/\/tajkertesz.com\/termek\/kinai-selyemmirtusz-lagerstroemia-best-red\/#primaryimage"},"image":{"@id":"https:\/\/tajkertesz.com\/termek\/kinai-selyemmirtusz-lagerstroemia-best-red\/#primaryimage"},"thumbnailUrl":"https:\/\/tajkertesz.com\/wp-content\/uploads\/2021\/08\/IMG_20240824_111139-scaled.jpg","datePublished":"2021-08-17T11:28:50+00:00","dateModified":"2025-03-31T10:11:06+00:00","description":"K\u00ednai selyemmirtusz (Lagerstroemia Best Red),mediterr\u00e1n hangulatot \u00e1raszt\u00f3 lombhullat\u00f3 cserje. Kifejlett magass\u00e1ga 2-3m S\u00f6t\u00e9t bord\u00f3 levele van.","breadcrumb":{"@id":"https:\/\/tajkertesz.com\/termek\/kinai-selyemmirtusz-lagerstroemia-best-red\/#breadcrumb"},"inLanguage":"en-US","potentialAction":[{"@type":"ReadAction","target":["https:\/\/tajkertesz.com\/termek\/kinai-selyemmirtusz-lagerstroemia-best-red\/"]}]},{"@type":"ImageObject","inLanguage":"en-US","@id":"https:\/\/tajkertesz.com\/termek\/kinai-selyemmirtusz-lagerstroemia-best-red\/#primaryimage","url":"https:\/\/tajkertesz.com\/wp-content\/uploads\/2021\/08\/IMG_20240824_111139-scaled.jpg","contentUrl":"https:\/\/tajkertesz.com\/wp-content\/uploads\/2021\/08\/IMG_20240824_111139-scaled.jpg","width":1920,"height":2560},{"@type":"BreadcrumbList","@id":"https:\/\/tajkertesz.com\/termek\/kinai-selyemmirtusz-lagerstroemia-best-red\/#breadcrumb","itemListElement":[{"@type":"ListItem","position":1,"name":"Home","item":"https:\/\/tajkertesz.com\/"},{"@type":"ListItem","position":2,"name":"Kezd\u0151lap","item":"https:\/\/tajkertesz.com\/"},{"@type":"ListItem","position":3,"name":"K\u00ednai selyemmirtusz (Lagerstroemia Best Red )"}]},{"@type":"WebSite","@id":"https:\/\/tajkertesz.com\/#website","url":"https:\/\/tajkertesz.com\/","name":"T\u00e1j-Kert\u00e9sz 84 Kft.","description":"Kert\u00e9szeti kis- \u00e9s nagykeresked\u00e9s, D\u00edszn\u00f6v\u00e9ny web\u00e1ruh\u00e1z orsz\u00e1gos h\u00e1zhozsz\u00e1ll\u00edt\u00e1ssal!","publisher":{"@id":"https:\/\/tajkertesz.com\/#organization"},"potentialAction":[{"@type":"SearchAction","target":{"@type":"EntryPoint","urlTemplate":"https:\/\/tajkertesz.com\/?s={search_term_string}"},"query-input":{"@type":"PropertyValueSpecification","valueRequired":true,"valueName":"search_term_string"}}],"inLanguage":"en-US"},{"@type":"Organization","@id":"https:\/\/tajkertesz.com\/#organization","name":"T\u00e1j-Kert\u00e9sz 84 Kft.","url":"https:\/\/tajkertesz.com\/","logo":{"@type":"ImageObject","inLanguage":"en-US","@id":"https:\/\/tajkertesz.com\/#\/schema\/logo\/image\/","url":"https:\/\/tajkertesz.com\/wp-content\/uploads\/2018\/02\/logo-2-e1518678052539.png","contentUrl":"https:\/\/tajkertesz.com\/wp-content\/uploads\/2018\/02\/logo-2-e1518678052539.png","width":81,"height":140,"caption":"T\u00e1j-Kert\u00e9sz 84 Kft."},"image":{"@id":"https:\/\/tajkertesz.com\/#\/schema\/logo\/image\/"},"sameAs":["https:\/\/www.facebook.com\/Tajkertesz\/"]}]}},"_links":{"self":[{"href":"https:\/\/tajkertesz.com\/en_US\/wp-json\/wp\/v2\/product\/8087","targetHints":{"allow":["GET"]}}],"collection":[{"href":"https:\/\/tajkertesz.com\/en_US\/wp-json\/wp\/v2\/product"}],"about":[{"href":"https:\/\/tajkertesz.com\/en_US\/wp-json\/wp\/v2\/types\/product"}],"wp:featuredmedia":[{"embeddable":true,"href":"https:\/\/tajkertesz.com\/en_US\/wp-json\/wp\/v2\/media\/20875"}],"wp:attachment":[{"href":"https:\/\/tajkertesz.com\/en_US\/wp-json\/wp\/v2\/media?parent=8087"}],"wp:term":[{"taxonomy":"product_brand","embeddable":true,"href":"https:\/\/tajkertesz.com\/en_US\/wp-json\/wp\/v2\/product_brand?post=8087"},{"taxonomy":"product_cat","embeddable":true,"href":"https:\/\/tajkertesz.com\/en_US\/wp-json\/wp\/v2\/product_cat?post=8087"},{"taxonomy":"product_tag","embeddable":true,"href":"https:\/\/tajkertesz.com\/en_US\/wp-json\/wp\/v2\/product_tag?post=8087"}],"curies":[{"name":"wp","href":"https:\/\/api.w.org\/{rel}","templated":true}]}}