{"id":8089,"date":"2021-08-17T11:30:15","date_gmt":"2021-08-17T11:30:15","guid":{"rendered":"https:\/\/tajkertesz.com\/?post_type=product&#038;p=8089"},"modified":"2025-10-14T14:18:02","modified_gmt":"2025-10-14T14:18:02","slug":"kinai-selyemmirtusz-lagerstroemia-berlingot-menthe","status":"publish","type":"product","link":"https:\/\/tajkertesz.com\/en_US\/product\/kinai-selyemmirtusz-lagerstroemia-berlingot-menthe\/","title":{"rendered":"K\u00ednai selyemmirtusz (Lagerstroemia Berlingot Menthe )"},"content":{"rendered":"<h3>K\u00ednai selyemmirtusz (Lagerstroemia Berlingot Menthe)<\/h3>\n<p>&nbsp;<\/p>\n<p>K\u00ednai selyemmirtusz (Lagerstroemia indica Berlingot Menthe) ,2-3 m\u00e9ter magass\u00e1got is el\u00e9rhet\u0151, figyelemrem\u00e9lt\u00f3 mediterr\u00e1n hangulatot \u00e1raszt\u00f3 lombhullat\u00f3 cserje, amelyet \u00e9rdekes, n\u00e9mileg az orgon\u00e1hoz hasonl\u00edt\u00f3 bug\u00e1s vir\u00e1g\u00e1\u00e9rt \u00fcltetnek. Rojtos szirm\u00fa vir\u00e1gai j\u00fanius k\u00f6zep\u00e9t\u0151l ny\u00edlnak. \u0150sszel a levelei v\u00f6r\u00f6ses sz\u00edn\u00e1rnyalat\u00fara sz\u00ednez\u0151dnek. Tavasszal viszonylag k\u00e9s\u0151n hajt ki.<\/p>\n<p>Napf\u00e9ny \u00e9s melegkedvel\u0151 n\u00f6v\u00e9ny, amely a vir\u00e1gz\u00e1si id\u0151szak sor\u00e1n b\u0151s\u00e9ges v\u00edzell\u00e1t\u00e1st ig\u00e9nyel. A t\u00f6ve t\u00e9lire takar\u00e1st ig\u00e9nyel, ha net\u00e1n az er\u0151s fagyok k\u00f6vetkezt\u00e9ben a f\u00f6ld feletti r\u00e9szek elfagynak, t\u0151r\u0151l mindenk\u00e9ppen kihajt, \u00e9s m\u00e9g vir\u00e1gzik is abban az \u00e9vben.<\/p>\n<p>&nbsp;<\/p>\n<p>3,5 literes cser\u00e9pben 35\/40 cm<\/p>\n<p><a href=\"https:\/\/tajkertesz.com\/\">https:\/\/tajkertesz.com\/<\/a><\/p>\n<p><a href=\"https:\/\/hu.wikipedia.org\/wiki\/K%C3%ADnai_selyemvir%C3%A1gfa\">https:\/\/hu.wikipedia.org\/wiki\/K%C3%ADnai_selyemvir%C3%A1gfa<\/a><\/p>\n<p>K\u00e9szlet\u00fcnk napi szinten v\u00e1ltozik , \u00edgy a v\u00e1ltoz\u00e1s jog\u00e1t fenntartjuk.<\/p>\n<p>200 cm \u00e9s 40 kg-ig a sz\u00e1ll\u00edt\u00e1s lehets\u00e9ges fut\u00e1rszolg\u00e1lattal, ezen m\u00e9retek felett egyedi sz\u00e1ll\u00edt\u00e1s egyeztet\u00e9se sz\u00fcks\u00e9ges.<\/p>\n<p>K\u00ednai selyemmirtusz (Lagerstroemia indica Berlingot Menthe) ,2-3 m\u00e9ter magass\u00e1got is el\u00e9rhet\u0151, figyelemrem\u00e9lt\u00f3 mediterr\u00e1n hangulatot \u00e1raszt\u00f3 lombhullat\u00f3 cserje, amelyet \u00e9rdekes, n\u00e9mileg az orgon\u00e1hoz hasonl\u00edt\u00f3 bug\u00e1s vir\u00e1g\u00e1\u00e9rt \u00fcltetnek. Rojtos szirm\u00fa vir\u00e1gai j\u00fanius k\u00f6zep\u00e9t\u0151l ny\u00edlnak. \u0150sszel a levelei v\u00f6r\u00f6ses sz\u00edn\u00e1rnyalat\u00fara sz\u00ednez\u0151dnek. Tavasszal viszonylag k\u00e9s\u0151n hajt ki.<\/p>\n<p>Napf\u00e9ny \u00e9s melegkedvel\u0151 n\u00f6v\u00e9ny, amely a vir\u00e1gz\u00e1si id\u0151szak sor\u00e1n b\u0151s\u00e9ges v\u00edzell\u00e1t\u00e1st ig\u00e9nyel. A t\u00f6ve t\u00e9lire takar\u00e1st ig\u00e9nyel, ha net\u00e1n az er\u0151s fagyok k\u00f6vetkezt\u00e9ben a f\u00f6ld feletti r\u00e9szek elfagynak, t\u0151r\u0151l mindenk\u00e9ppen kihajt, \u00e9s m\u00e9g vir\u00e1gzik is abban az \u00e9vben.<\/p>\n<p>K\u00ednai selyemmirtusz (Lagerstroemia indica Berlingot Menthe) ,2-3 m\u00e9ter magass\u00e1got is el\u00e9rhet\u0151, figyelemrem\u00e9lt\u00f3 mediterr\u00e1n hangulatot \u00e1raszt\u00f3 lombhullat\u00f3 cserje, amelyet \u00e9rdekes, n\u00e9mileg az orgon\u00e1hoz hasonl\u00edt\u00f3 bug\u00e1s vir\u00e1g\u00e1\u00e9rt \u00fcltetnek. Rojtos szirm\u00fa vir\u00e1gai j\u00fanius k\u00f6zep\u00e9t\u0151l ny\u00edlnak. \u0150sszel a levelei v\u00f6r\u00f6ses sz\u00edn\u00e1rnyalat\u00fara sz\u00ednez\u0151dnek. Tavasszal viszonylag k\u00e9s\u0151n hajt ki.<\/p>\n<p>Napf\u00e9ny \u00e9s melegkedvel\u0151 n\u00f6v\u00e9ny, amely a vir\u00e1gz\u00e1si id\u0151szak sor\u00e1n b\u0151s\u00e9ges v\u00edzell\u00e1t\u00e1st ig\u00e9nyel. A t\u00f6ve t\u00e9lire takar\u00e1st ig\u00e9nyel, ha net\u00e1n az er\u0151s fagyok k\u00f6vetkezt\u00e9ben a f\u00f6ld feletti r\u00e9szek elfagynak, t\u0151r\u0151l mindenk\u00e9ppen kihajt, \u00e9s m\u00e9g vir\u00e1gzik is abban az \u00e9vben.<\/p>\n<p>&nbsp;<\/p>\n<p>&nbsp;<\/p>\n<p>&nbsp;<\/p>","protected":false},"excerpt":{"rendered":"<p>K\u00ednai selyemmirtusz (Lagerstroemia indica Berlingot Menthe) ,2-3 m\u00e9ter magass\u00e1got is el\u00e9rhet\u0151, figyelemrem\u00e9lt\u00f3 mediterr\u00e1n hangulatot \u00e1raszt\u00f3 lombhullat\u00f3 cserje, amelyet \u00e9rdekes, n\u00e9mileg az orgon\u00e1hoz hasonl\u00edt\u00f3 bug\u00e1s vir\u00e1g\u00e1\u00e9rt \u00fcltetnek. Rojtos szirm\u00fa vir\u00e1gai j\u00fanius k\u00f6zep\u00e9t\u0151l ny\u00edlnak. \u0150sszel a levelei v\u00f6r\u00f6ses sz\u00edn\u00e1rnyalat\u00fara sz\u00ednez\u0151dnek. Tavasszal viszonylag k\u00e9s\u0151n hajt ki.<\/p>\n<p>Napf\u00e9ny \u00e9s melegkedvel\u0151 n\u00f6v\u00e9ny, amely a vir\u00e1gz\u00e1si id\u0151szak sor\u00e1n b\u0151s\u00e9ges v\u00edzell\u00e1t\u00e1st ig\u00e9nyel. A t\u00f6ve t\u00e9lire takar\u00e1st ig\u00e9nyel, ha net\u00e1n az er\u0151s fagyok k\u00f6vetkezt\u00e9ben a f\u00f6ld feletti r\u00e9szek elfagynak, t\u0151r\u0151l mindenk\u00e9ppen kihajt, \u00e9s m\u00e9g vir\u00e1gzik is abban az \u00e9vben.<\/p>\n<p>&nbsp;<\/p>","protected":false},"featured_media":20873,"template":"","meta":{"_et_pb_use_builder":"","_et_pb_old_content":"","_et_gb_content_width":""},"product_brand":[],"product_cat":[27],"product_tag":[5262],"class_list":{"0":"post-8089","1":"product","2":"type-product","3":"status-publish","4":"has-post-thumbnail","6":"product_cat-cserjek","7":"product_tag-berlingot-menthe","9":"first","10":"outofstock","11":"shipping-taxable","12":"product-type-simple"},"yoast_head":"<!-- This site is optimized with the Yoast SEO plugin v27.3 - https:\/\/yoast.com\/product\/yoast-seo-wordpress\/ -->\n<title>K\u00ednai selyemmirtusz (Lagerstroemia Berlingot Menthe ) - T\u00e1jkert\u00e9sz<\/title>\n<meta name=\"description\" content=\"K\u00ednai selyemmirtusz (Lagerstroemia Berlingot Menthe) 2-3 m\u00e9ter magass\u00e1got is el\u00e9rhet\u0151, figyelemrem\u00e9lt\u00f3 mediterr\u00e1n hangulatot \u00e1raszt\u00f3 lombhullat\u00f3 cserje.\" \/>\n<meta name=\"robots\" content=\"index, follow, max-snippet:-1, max-image-preview:large, max-video-preview:-1\" \/>\n<link rel=\"canonical\" href=\"https:\/\/tajkertesz.com\/en_US\/product\/kinai-selyemmirtusz-lagerstroemia-berlingot-menthe\/\" \/>\n<meta property=\"og:locale\" content=\"en_US\" \/>\n<meta property=\"og:type\" content=\"article\" \/>\n<meta property=\"og:title\" content=\"K\u00ednai selyemmirtusz (Lagerstroemia Berlingot Menthe ) - T\u00e1jkert\u00e9sz\" \/>\n<meta property=\"og:description\" content=\"K\u00ednai selyemmirtusz (Lagerstroemia Berlingot Menthe) 2-3 m\u00e9ter magass\u00e1got is el\u00e9rhet\u0151, figyelemrem\u00e9lt\u00f3 mediterr\u00e1n hangulatot \u00e1raszt\u00f3 lombhullat\u00f3 cserje.\" \/>\n<meta property=\"og:url\" content=\"https:\/\/tajkertesz.com\/en_US\/product\/kinai-selyemmirtusz-lagerstroemia-berlingot-menthe\/\" \/>\n<meta property=\"og:site_name\" content=\"T\u00e1jkert\u00e9sz\" \/>\n<meta property=\"article:publisher\" content=\"https:\/\/www.facebook.com\/Tajkertesz\/\" \/>\n<meta property=\"article:modified_time\" content=\"2025-10-14T14:18:02+00:00\" \/>\n<meta property=\"og:image\" content=\"https:\/\/tajkertesz.com\/wp-content\/uploads\/2021\/08\/IMG_20240824_111045-scaled.jpg\" \/>\n\t<meta property=\"og:image:width\" content=\"1920\" \/>\n\t<meta property=\"og:image:height\" content=\"2560\" \/>\n\t<meta property=\"og:image:type\" content=\"image\/jpeg\" \/>\n<meta name=\"twitter:card\" content=\"summary_large_image\" \/>\n<meta name=\"twitter:label1\" content=\"Est. reading time\" \/>\n\t<meta name=\"twitter:data1\" content=\"2 minutes\" \/>\n<script type=\"application\/ld+json\" class=\"yoast-schema-graph\">{\"@context\":\"https:\\\/\\\/schema.org\",\"@graph\":[{\"@type\":\"WebPage\",\"@id\":\"https:\\\/\\\/tajkertesz.com\\\/termek\\\/kinai-selyemmirtusz-lagerstroemia-berlingot-menthe\\\/\",\"url\":\"https:\\\/\\\/tajkertesz.com\\\/termek\\\/kinai-selyemmirtusz-lagerstroemia-berlingot-menthe\\\/\",\"name\":\"K\u00ednai selyemmirtusz (Lagerstroemia Berlingot Menthe ) - T\u00e1jkert\u00e9sz\",\"isPartOf\":{\"@id\":\"https:\\\/\\\/tajkertesz.com\\\/#website\"},\"primaryImageOfPage\":{\"@id\":\"https:\\\/\\\/tajkertesz.com\\\/termek\\\/kinai-selyemmirtusz-lagerstroemia-berlingot-menthe\\\/#primaryimage\"},\"image\":{\"@id\":\"https:\\\/\\\/tajkertesz.com\\\/termek\\\/kinai-selyemmirtusz-lagerstroemia-berlingot-menthe\\\/#primaryimage\"},\"thumbnailUrl\":\"https:\\\/\\\/tajkertesz.com\\\/wp-content\\\/uploads\\\/2021\\\/08\\\/IMG_20240824_111045-scaled.jpg\",\"datePublished\":\"2021-08-17T11:30:15+00:00\",\"dateModified\":\"2025-10-14T14:18:02+00:00\",\"description\":\"K\u00ednai selyemmirtusz (Lagerstroemia Berlingot Menthe) 2-3 m\u00e9ter magass\u00e1got is el\u00e9rhet\u0151, figyelemrem\u00e9lt\u00f3 mediterr\u00e1n hangulatot \u00e1raszt\u00f3 lombhullat\u00f3 cserje.\",\"breadcrumb\":{\"@id\":\"https:\\\/\\\/tajkertesz.com\\\/termek\\\/kinai-selyemmirtusz-lagerstroemia-berlingot-menthe\\\/#breadcrumb\"},\"inLanguage\":\"en-US\",\"potentialAction\":[{\"@type\":\"ReadAction\",\"target\":[\"https:\\\/\\\/tajkertesz.com\\\/termek\\\/kinai-selyemmirtusz-lagerstroemia-berlingot-menthe\\\/\"]}]},{\"@type\":\"ImageObject\",\"inLanguage\":\"en-US\",\"@id\":\"https:\\\/\\\/tajkertesz.com\\\/termek\\\/kinai-selyemmirtusz-lagerstroemia-berlingot-menthe\\\/#primaryimage\",\"url\":\"https:\\\/\\\/tajkertesz.com\\\/wp-content\\\/uploads\\\/2021\\\/08\\\/IMG_20240824_111045-scaled.jpg\",\"contentUrl\":\"https:\\\/\\\/tajkertesz.com\\\/wp-content\\\/uploads\\\/2021\\\/08\\\/IMG_20240824_111045-scaled.jpg\",\"width\":1920,\"height\":2560},{\"@type\":\"BreadcrumbList\",\"@id\":\"https:\\\/\\\/tajkertesz.com\\\/termek\\\/kinai-selyemmirtusz-lagerstroemia-berlingot-menthe\\\/#breadcrumb\",\"itemListElement\":[{\"@type\":\"ListItem\",\"position\":1,\"name\":\"Home\",\"item\":\"https:\\\/\\\/tajkertesz.com\\\/\"},{\"@type\":\"ListItem\",\"position\":2,\"name\":\"Kezd\u0151lap\",\"item\":\"https:\\\/\\\/tajkertesz.com\\\/\"},{\"@type\":\"ListItem\",\"position\":3,\"name\":\"K\u00ednai selyemmirtusz (Lagerstroemia Berlingot Menthe )\"}]},{\"@type\":\"WebSite\",\"@id\":\"https:\\\/\\\/tajkertesz.com\\\/#website\",\"url\":\"https:\\\/\\\/tajkertesz.com\\\/\",\"name\":\"T\u00e1j-Kert\u00e9sz 84 Kft.\",\"description\":\"Kert\u00e9szeti kis- \u00e9s nagykeresked\u00e9s, D\u00edszn\u00f6v\u00e9ny web\u00e1ruh\u00e1z orsz\u00e1gos h\u00e1zhozsz\u00e1ll\u00edt\u00e1ssal!\",\"publisher\":{\"@id\":\"https:\\\/\\\/tajkertesz.com\\\/#organization\"},\"potentialAction\":[{\"@type\":\"SearchAction\",\"target\":{\"@type\":\"EntryPoint\",\"urlTemplate\":\"https:\\\/\\\/tajkertesz.com\\\/?s={search_term_string}\"},\"query-input\":{\"@type\":\"PropertyValueSpecification\",\"valueRequired\":true,\"valueName\":\"search_term_string\"}}],\"inLanguage\":\"en-US\"},{\"@type\":\"Organization\",\"@id\":\"https:\\\/\\\/tajkertesz.com\\\/#organization\",\"name\":\"T\u00e1j-Kert\u00e9sz 84 Kft.\",\"url\":\"https:\\\/\\\/tajkertesz.com\\\/\",\"logo\":{\"@type\":\"ImageObject\",\"inLanguage\":\"en-US\",\"@id\":\"https:\\\/\\\/tajkertesz.com\\\/#\\\/schema\\\/logo\\\/image\\\/\",\"url\":\"https:\\\/\\\/tajkertesz.com\\\/wp-content\\\/uploads\\\/2018\\\/02\\\/logo-2-e1518678052539.png\",\"contentUrl\":\"https:\\\/\\\/tajkertesz.com\\\/wp-content\\\/uploads\\\/2018\\\/02\\\/logo-2-e1518678052539.png\",\"width\":81,\"height\":140,\"caption\":\"T\u00e1j-Kert\u00e9sz 84 Kft.\"},\"image\":{\"@id\":\"https:\\\/\\\/tajkertesz.com\\\/#\\\/schema\\\/logo\\\/image\\\/\"},\"sameAs\":[\"https:\\\/\\\/www.facebook.com\\\/Tajkertesz\\\/\"]}]}<\/script>\n<!-- \/ Yoast SEO plugin. -->","yoast_head_json":{"title":"K\u00ednai selyemmirtusz (Lagerstroemia Berlingot Menthe ) - T\u00e1jkert\u00e9sz","description":"K\u00ednai selyemmirtusz (Lagerstroemia Berlingot Menthe) 2-3 m\u00e9ter magass\u00e1got is el\u00e9rhet\u0151, figyelemrem\u00e9lt\u00f3 mediterr\u00e1n hangulatot \u00e1raszt\u00f3 lombhullat\u00f3 cserje.","robots":{"index":"index","follow":"follow","max-snippet":"max-snippet:-1","max-image-preview":"max-image-preview:large","max-video-preview":"max-video-preview:-1"},"canonical":"https:\/\/tajkertesz.com\/en_US\/product\/kinai-selyemmirtusz-lagerstroemia-berlingot-menthe\/","og_locale":"en_US","og_type":"article","og_title":"K\u00ednai selyemmirtusz (Lagerstroemia Berlingot Menthe ) - T\u00e1jkert\u00e9sz","og_description":"K\u00ednai selyemmirtusz (Lagerstroemia Berlingot Menthe) 2-3 m\u00e9ter magass\u00e1got is el\u00e9rhet\u0151, figyelemrem\u00e9lt\u00f3 mediterr\u00e1n hangulatot \u00e1raszt\u00f3 lombhullat\u00f3 cserje.","og_url":"https:\/\/tajkertesz.com\/en_US\/product\/kinai-selyemmirtusz-lagerstroemia-berlingot-menthe\/","og_site_name":"T\u00e1jkert\u00e9sz","article_publisher":"https:\/\/www.facebook.com\/Tajkertesz\/","article_modified_time":"2025-10-14T14:18:02+00:00","og_image":[{"width":1920,"height":2560,"url":"https:\/\/tajkertesz.com\/wp-content\/uploads\/2021\/08\/IMG_20240824_111045-scaled.jpg","type":"image\/jpeg"}],"twitter_card":"summary_large_image","twitter_misc":{"Est. reading time":"2 minutes"},"schema":{"@context":"https:\/\/schema.org","@graph":[{"@type":"WebPage","@id":"https:\/\/tajkertesz.com\/termek\/kinai-selyemmirtusz-lagerstroemia-berlingot-menthe\/","url":"https:\/\/tajkertesz.com\/termek\/kinai-selyemmirtusz-lagerstroemia-berlingot-menthe\/","name":"K\u00ednai selyemmirtusz (Lagerstroemia Berlingot Menthe ) - T\u00e1jkert\u00e9sz","isPartOf":{"@id":"https:\/\/tajkertesz.com\/#website"},"primaryImageOfPage":{"@id":"https:\/\/tajkertesz.com\/termek\/kinai-selyemmirtusz-lagerstroemia-berlingot-menthe\/#primaryimage"},"image":{"@id":"https:\/\/tajkertesz.com\/termek\/kinai-selyemmirtusz-lagerstroemia-berlingot-menthe\/#primaryimage"},"thumbnailUrl":"https:\/\/tajkertesz.com\/wp-content\/uploads\/2021\/08\/IMG_20240824_111045-scaled.jpg","datePublished":"2021-08-17T11:30:15+00:00","dateModified":"2025-10-14T14:18:02+00:00","description":"K\u00ednai selyemmirtusz (Lagerstroemia Berlingot Menthe) 2-3 m\u00e9ter magass\u00e1got is el\u00e9rhet\u0151, figyelemrem\u00e9lt\u00f3 mediterr\u00e1n hangulatot \u00e1raszt\u00f3 lombhullat\u00f3 cserje.","breadcrumb":{"@id":"https:\/\/tajkertesz.com\/termek\/kinai-selyemmirtusz-lagerstroemia-berlingot-menthe\/#breadcrumb"},"inLanguage":"en-US","potentialAction":[{"@type":"ReadAction","target":["https:\/\/tajkertesz.com\/termek\/kinai-selyemmirtusz-lagerstroemia-berlingot-menthe\/"]}]},{"@type":"ImageObject","inLanguage":"en-US","@id":"https:\/\/tajkertesz.com\/termek\/kinai-selyemmirtusz-lagerstroemia-berlingot-menthe\/#primaryimage","url":"https:\/\/tajkertesz.com\/wp-content\/uploads\/2021\/08\/IMG_20240824_111045-scaled.jpg","contentUrl":"https:\/\/tajkertesz.com\/wp-content\/uploads\/2021\/08\/IMG_20240824_111045-scaled.jpg","width":1920,"height":2560},{"@type":"BreadcrumbList","@id":"https:\/\/tajkertesz.com\/termek\/kinai-selyemmirtusz-lagerstroemia-berlingot-menthe\/#breadcrumb","itemListElement":[{"@type":"ListItem","position":1,"name":"Home","item":"https:\/\/tajkertesz.com\/"},{"@type":"ListItem","position":2,"name":"Kezd\u0151lap","item":"https:\/\/tajkertesz.com\/"},{"@type":"ListItem","position":3,"name":"K\u00ednai selyemmirtusz (Lagerstroemia Berlingot Menthe )"}]},{"@type":"WebSite","@id":"https:\/\/tajkertesz.com\/#website","url":"https:\/\/tajkertesz.com\/","name":"T\u00e1j-Kert\u00e9sz 84 Kft.","description":"Kert\u00e9szeti kis- \u00e9s nagykeresked\u00e9s, D\u00edszn\u00f6v\u00e9ny web\u00e1ruh\u00e1z orsz\u00e1gos h\u00e1zhozsz\u00e1ll\u00edt\u00e1ssal!","publisher":{"@id":"https:\/\/tajkertesz.com\/#organization"},"potentialAction":[{"@type":"SearchAction","target":{"@type":"EntryPoint","urlTemplate":"https:\/\/tajkertesz.com\/?s={search_term_string}"},"query-input":{"@type":"PropertyValueSpecification","valueRequired":true,"valueName":"search_term_string"}}],"inLanguage":"en-US"},{"@type":"Organization","@id":"https:\/\/tajkertesz.com\/#organization","name":"T\u00e1j-Kert\u00e9sz 84 Kft.","url":"https:\/\/tajkertesz.com\/","logo":{"@type":"ImageObject","inLanguage":"en-US","@id":"https:\/\/tajkertesz.com\/#\/schema\/logo\/image\/","url":"https:\/\/tajkertesz.com\/wp-content\/uploads\/2018\/02\/logo-2-e1518678052539.png","contentUrl":"https:\/\/tajkertesz.com\/wp-content\/uploads\/2018\/02\/logo-2-e1518678052539.png","width":81,"height":140,"caption":"T\u00e1j-Kert\u00e9sz 84 Kft."},"image":{"@id":"https:\/\/tajkertesz.com\/#\/schema\/logo\/image\/"},"sameAs":["https:\/\/www.facebook.com\/Tajkertesz\/"]}]}},"_links":{"self":[{"href":"https:\/\/tajkertesz.com\/en_US\/wp-json\/wp\/v2\/product\/8089","targetHints":{"allow":["GET"]}}],"collection":[{"href":"https:\/\/tajkertesz.com\/en_US\/wp-json\/wp\/v2\/product"}],"about":[{"href":"https:\/\/tajkertesz.com\/en_US\/wp-json\/wp\/v2\/types\/product"}],"wp:featuredmedia":[{"embeddable":true,"href":"https:\/\/tajkertesz.com\/en_US\/wp-json\/wp\/v2\/media\/20873"}],"wp:attachment":[{"href":"https:\/\/tajkertesz.com\/en_US\/wp-json\/wp\/v2\/media?parent=8089"}],"wp:term":[{"taxonomy":"product_brand","embeddable":true,"href":"https:\/\/tajkertesz.com\/en_US\/wp-json\/wp\/v2\/product_brand?post=8089"},{"taxonomy":"product_cat","embeddable":true,"href":"https:\/\/tajkertesz.com\/en_US\/wp-json\/wp\/v2\/product_cat?post=8089"},{"taxonomy":"product_tag","embeddable":true,"href":"https:\/\/tajkertesz.com\/en_US\/wp-json\/wp\/v2\/product_tag?post=8089"}],"curies":[{"name":"wp","href":"https:\/\/api.w.org\/{rel}","templated":true}]}}