{"id":8123,"date":"2021-08-18T06:49:49","date_gmt":"2021-08-18T06:49:49","guid":{"rendered":"https:\/\/tajkertesz.com\/?post_type=product&#038;p=8123"},"modified":"2026-02-16T15:27:22","modified_gmt":"2026-02-16T15:27:22","slug":"anemone-st-brigid-mixed-szellorozsa-teltviragu-szinkeverek","status":"publish","type":"product","link":"https:\/\/tajkertesz.com\/en_US\/product\/anemone-st-brigid-mixed-szellorozsa-teltviragu-szinkeverek\/","title":{"rendered":"Anemone St. Brigid mixed &#8211; Szell\u0151r\u00f3zsa teltvir\u00e1g\u00fa sz\u00ednkever\u00e9k"},"content":{"rendered":"<h1 class=\"product_title entry-title\">Anemone St. Brigid mixed &#8211; Szell\u0151r\u00f3zsa teltvir\u00e1g\u00fa sz\u00ednkever\u00e9k<\/h1>\n<p class=\"product_title entry-title\">Anemone St. Brigid mixed &#8211; Szell\u0151r\u00f3zsa teltvir\u00e1g\u00fa sz\u00ednkever\u00e9k egy k\u00fcl\u00f6nleges\u00a0fajta, amely pomp\u00e1s d\u00edsze lehet b\u00e1rmilyen kertnek, vir\u00e1g\u00e1gy\u00e1snak vagy erk\u00e9lyl\u00e1d\u00e1nak. A fajt\u00e1ra jellemz\u0151 a <strong data-start=\"505\" data-end=\"547\">t\u00f6bb sorban elhelyezked\u0151, s\u0171r\u0171 szirmok<\/strong> alkotta telt vir\u00e1gfej, amely m\u00e9g dekorat\u00edvabb\u00e1 teszi ezt az egy\u00e9bk\u00e9nt is l\u00e1tv\u00e1nyos n\u00f6v\u00e9nyt.<\/p>\n<h2 class=\"product_title entry-title\">Anemone St. Brigid mixed felhaszn\u00e1l\u00e1sa<\/h2>\n<p data-start=\"641\" data-end=\"811\">A kever\u00e9k t\u00f6bbf\u00e9le \u00e9l\u00e9nk sz\u00ednt tartalmaz \u2013 piros, lila, r\u00f3zsasz\u00edn, k\u00e9k \u00e9s feh\u00e9r \u00e1rnyalatokat \u2013, \u00edgy <strong data-start=\"741\" data-end=\"788\">folyamatosan v\u00e1ltoz\u00f3, sz\u00ednes vir\u00e1g\u00e1gy\u00e1sokat<\/strong> hozhatsz l\u00e9tre bel\u0151le.<\/p>\n<h3 class=\"product_title entry-title\">Szell\u0151r\u00f3zsa teltvir\u00e1g\u00fa sz\u00ednkever\u00e9k jellemz\u0151i<\/h3>\n<p data-start=\"813\" data-end=\"1179\">\ud83d\udd39 <strong data-start=\"816\" data-end=\"833\">\u00dcltet\u00e9si id\u0151:<\/strong> tavasz elej\u00e9n vagy \u0151sszel<br data-start=\"859\" data-end=\"862\" \/>\ud83d\udd39 <strong data-start=\"865\" data-end=\"883\">Vir\u00e1gz\u00e1si id\u0151:<\/strong> \u00e1prilis \u2013 j\u00fanius<br data-start=\"900\" data-end=\"903\" \/>\ud83d\udd39 <strong data-start=\"906\" data-end=\"919\">Magass\u00e1g:<\/strong> kb. 25-30 cm<br data-start=\"932\" data-end=\"935\" \/>\ud83d\udd39 <strong data-start=\"938\" data-end=\"952\">F\u00e9nyig\u00e9ny:<\/strong> napos vagy f\u00e9l\u00e1rny\u00e9kos hely<br data-start=\"980\" data-end=\"983\" \/>\ud83d\udd39 <strong data-start=\"986\" data-end=\"996\">Talaj:<\/strong> j\u00f3 v\u00edz\u00e1tereszt\u0151, humuszos<br data-start=\"1022\" data-end=\"1025\" \/>\ud83d\udd39 <strong data-start=\"1028\" data-end=\"1045\">Felhaszn\u00e1l\u00e1s:<\/strong> v\u00e1gott vir\u00e1g, szeg\u00e9lyn\u00f6v\u00e9ny, balkon, sziklakert<br data-start=\"1093\" data-end=\"1096\" \/>\ud83d\udd39 <strong data-start=\"1099\" data-end=\"1114\">T\u00e9l\u00e1ll\u00f3s\u00e1g:<\/strong> m\u00e9rs\u00e9kelten fagy\u00e1ll\u00f3 \u2013 hagym\u00e1k felszed\u00e9se aj\u00e1nlott hideg teleken<\/p>\n<p data-start=\"813\" data-end=\"1179\"><span class=\"fekete2\">Kiszerel\u00e9s: 10db\/csomag<\/span><\/p>\n<p>&nbsp;<\/p>\n<p><strong>Amennyiben nagyobb mennyis\u00e9gre lenne sz\u00fcks\u00e9g, vegye fel vel\u00fcnk a kapcsolatot!<\/strong><\/p>\n<h4><strong>\ud83d\udd04 K\u00e9szletinform\u00e1ci\u00f3<\/strong><\/h4>\n<p><strong>K\u00e9szlet\u00fcnk napi szinten v\u00e1ltozik, \u00edgy a webshopban szerepl<\/strong><strong>\u0151<\/strong><strong>\u00a0term\u00e9kek el\u00e9rhet<\/strong><strong>\u0151<\/strong><strong>s\u00e9ge nem garant\u00e1lt.<br \/>\n\ud83d\udcde A megrendel\u00e9s el<\/strong><strong>\u0151<\/strong><strong>tt k\u00e9rj\u00fck, \u00e9rdekl<\/strong><strong>\u0151<\/strong><strong>dj\u00f6n szem\u00e9lyesen, telefonon vagy e-mailben!<\/strong><\/p>\n<h4><strong>\u27a1\ufe0f Kapcsolat:<\/strong><\/h4>\n<ul>\n<li><strong>Weboldal:\u00a0<\/strong><a href=\"https:\/\/tajkertesz.com\/\"><strong>tajkertesz.com<\/strong><\/a><\/li>\n<li><strong>Facebook:\u00a0<\/strong><a href=\"https:\/\/www.facebook.com\/tajkertesz\/\"><strong>facebook.com\/tajkertesz<\/strong><\/a><\/li>\n<li><strong>Telefonsz\u00e1m, e-mail: +36\/20-319-3770\u00a0<\/strong><a href=\"mailto:tajkerteszaruda@gmail.com\"><strong>tajkerteszaruda@gmail.com<\/strong><\/a><\/li>\n<\/ul>\n<h4><strong>\ud83d\ude9a Sz\u00e1ll\u00edt\u00e1si inform\u00e1ci\u00f3k<\/strong><\/h4>\n<p><strong>A megrendelt n\u00f6v\u00e9nyek kisz\u00e1ll\u00edt\u00e1sa az al\u00e1bbi felt\u00e9telek mellett t\u00f6rt\u00e9nik:<\/strong><\/p>\n<h4><strong>\ud83d\udce6 Fut\u00e1rszolg\u00e1latos sz\u00e1ll\u00edt\u00e1s<\/strong><\/h4>\n<ul>\n<li><strong>Maxim\u00e1lis m\u00e9ret: 200 cm (hossz\u00fas\u00e1g)<\/strong><\/li>\n<li><strong>Maxim\u00e1lis s\u00faly: 40 kg<\/strong><\/li>\n<li><strong>Az enn\u00e9l kisebb \u00e9s k\u00f6nnyebb csomagokat fut\u00e1rszolg\u00e1lattal k\u00e9zbes\u00edtj\u00fck a lehet<\/strong><strong>\u0151<\/strong><strong>\u00a0legbiztons\u00e1gosabb csomagol\u00e1sban.<\/strong><\/li>\n<\/ul>\n<h4><strong>\ud83d\udefb Szem\u00e9lyes \u00e1tv\u00e9tel<\/strong><\/h4>\n<ul>\n<li><strong>1173 Budapest, Bakancsos utca 7. sz\u00e1m alatt nyitvatart\u00e1si id<\/strong><strong>\u0151<\/strong><strong>ben szem\u00e9lyesen \u00e1tvehet<\/strong><strong>\u0151<\/strong><strong>\u00a0kert\u00e9szeti \u00e1rud\u00e1nkban.<\/strong><\/li>\n<li><strong>K\u00f6lts\u00e9ghat\u00e9kony megold\u00e1s nagyobb, t\u00f6r\u00e9kenyebb vagy t\u00falm\u00e9retes n\u00f6v\u00e9nyek eset\u00e9n.<\/strong><\/li>\n<\/ul>\n<h4><strong>\ud83d\udcde Nagy m\u00e9ret<\/strong><strong>\u0171<\/strong><strong>\u00a0vagy s\u00faly\u00fa n\u00f6v\u00e9nyek eset\u00e9n<\/strong><\/h4>\n<p><strong>Ha a term\u00e9k:<\/strong><\/p>\n<ul>\n<li><strong>meghaladja a 200 cm hossz\u00fas\u00e1got vagy<\/strong><\/li>\n<li><strong>meghaladja a 40 kg s\u00falyt,<\/strong><\/li>\n<\/ul>\n<p><strong>akkor szem\u00e9lyes \u00e1tv\u00e9tellel vagy egyedi, el<\/strong><strong>\u0151<\/strong><strong>re egyeztetett sz\u00e1ll\u00edt\u00e1si felt\u00e9telek mellett t\u00f6rt\u00e9nik.<br \/>\nK\u00e9rj\u00fck, ilyen esetben rendel\u00e9s el<\/strong><strong>\u0151<\/strong><strong>tt vegye fel vel\u00fcnk a kapcsolatot, hogy a lehet<\/strong><strong>\u0151<\/strong><strong>\u00a0legmegfelel<\/strong><strong>\u0151<\/strong><strong>bb sz\u00e1ll\u00edt\u00e1si megold\u00e1st k\u00edn\u00e1lhassuk.<\/strong><\/p>\n<p><strong>\ud83d\udd14 Fontos: A n\u00f6v\u00e9nyeket minden esetben igyeksz\u00fcnk gondosan, egyes\u00e9vel csomagolni, azonban a sz\u00e1ll\u00edt\u00e1s sor\u00e1n kisebb eszt\u00e9tikai s\u00e9r\u00fcl\u00e9sek el<\/strong><strong>\u0151<\/strong><strong>fordulhatnak (pl. lev\u00e9lhull\u00e1s). Ez nem min<\/strong><strong>\u0151<\/strong><strong>s\u00fcl hib\u00e1s teljes\u00edt\u00e9snek.<\/strong><\/p>\n<h4><strong>\ud83d\udcf7 Fontos tudni a k\u00e9pekr<\/strong><strong>\u0151<\/strong><strong>l<\/strong><\/h4>\n<p><strong>A webshopban szerepl<\/strong><strong>\u0151<\/strong><strong>\u00a0k\u00e9pek illusztr\u00e1ci\u00f3k, a n\u00f6v\u00e9nyek term\u00e9szet\u00fckn\u00e9l fogva egyediek, \u00edgy m\u00e9retben, alakban \u00e9s sz\u00ednben minim\u00e1lis elt\u00e9r\u00e9sek el<\/strong><strong>\u0151<\/strong><strong>fordulhatnak a k\u00e9pen l\u00e1that\u00f3 \u00e9s a val\u00f3s p\u00e9ld\u00e1nyok k\u00f6z\u00f6tt.<\/strong><\/p>\n<h4><strong>\ud83e\uddfe \u00c1rak \u00e9s el\u00e1ll\u00e1si jog<\/strong><\/h4>\n<ul>\n<li><strong>Az \u00e1rak egy darab\u00a0n\u00f6v\u00e9nyre vonatkoznak.<\/strong><\/li>\n<li><strong>\u00c9l<\/strong><strong>\u0151<\/strong><strong>\u00a0n\u00f6v\u00e9nyek rendel\u00e9se eset\u00e9n a 14 napos el\u00e1ll\u00e1s joga nem \u00e9rv\u00e9nyes\u00edthet<\/strong><strong>\u0151<\/strong><strong>, mivel azok romland\u00f3, biol\u00f3giailag \u00e9l<\/strong><strong>\u0151<\/strong><strong>\u00a0term\u00e9keknek min<\/strong><strong>\u0151<\/strong><strong>s\u00fclnek.<br \/>\n\ud83d\udd12 (17\/1999. (II. 5.) Korm. rendelet 5. \u00a7 c) pontja alapj\u00e1n)<\/strong><\/li>\n<\/ul>\n<h4><strong>\ud83d\udce6 K\u00e9zbes\u00edt\u00e9s ut\u00e1ni teend<\/strong><strong>\u0151<\/strong><strong>k<\/strong><\/h4>\n<p><strong>A k\u00e9zbes\u00edt\u00e9st k\u00f6vet<\/strong><strong>\u0151<\/strong><strong>en a csomagot azonnal bontsuk ki, \u00e9s a n\u00f6v\u00e9nyt helyezz\u00fck el megfelel<\/strong><strong>\u0151<\/strong><strong>\u00a0k\u00f6rnyezetben.<br \/>\nFontos: ha a n\u00f6v\u00e9ny nem r\u00e9szes\u00fcl megfelel<\/strong><strong>\u0151<\/strong><strong>\u00a0gondoz\u00e1sban \u00e9s ennek k\u00f6vetkezt\u00e9ben k\u00e1rosodik vagy elpusztul, felel<\/strong><strong>\u0151<\/strong><strong>ss\u00e9get nem tudunk v\u00e1llalni.<\/strong><\/p>\n<p><strong>\u00a0<\/strong><\/p>","protected":false},"excerpt":{"rendered":"<p>&nbsp;<\/p>\n<p>Sz\u00ednes, teltvir\u00e1g\u00fa szell\u0151r\u00f3zsa hagymakever\u00e9k \u2013 az Anemone St. Brigid &#8216;Mixed&#8217; gazdag vir\u00e1gz\u00e1ssal \u00e9s \u00e9l\u00e9nk \u00e1rnyalatokkal d\u00edsz\u00edti kerted vagy balkonodat.<\/p>\n<p><span class=\"fekete2\">Kiszerel\u00e9s: 10db\/csomag<\/span><\/p>\n<p>&nbsp;<\/p>","protected":false},"featured_media":8124,"template":"","meta":{"_et_pb_use_builder":"","_et_pb_old_content":"","_et_gb_content_width":""},"product_brand":[],"product_cat":[3857],"product_tag":[3848,4141,6283,5922,5990,6292,3849,6215,2825,6285,6272,6293,6256,6294,6284,4688],"class_list":{"0":"post-8123","1":"product","2":"type-product","3":"status-publish","4":"has-post-thumbnail","6":"product_cat-viraghagyma-dughagyma","7":"product_tag-anemone","8":"product_tag-anemone-st-brigid","9":"product_tag-balkon-noveny","10":"product_tag-evelo-noveny","11":"product_tag-nyari-viragzas","12":"product_tag-st-brigid","13":"product_tag-szellorozsa","14":"product_tag-sziklakerti-noveny","15":"product_tag-szinkeverek","16":"product_tag-tavaszi-ultetes","17":"product_tag-tavaszi-viraghagyma","18":"product_tag-teltviragu-szellorozsa","19":"product_tag-vagott-virag","20":"product_tag-vegyes-szinek","21":"product_tag-viraghagyma","22":"product_tag-viragkeverek","24":"first","25":"outofstock","26":"shipping-taxable","27":"product-type-simple"},"yoast_head":"<!-- This site is optimized with the Yoast SEO plugin v27.3 - https:\/\/yoast.com\/product\/yoast-seo-wordpress\/ -->\n<title>Anemone St. Brigid mixed - Szell\u0151r\u00f3zsa teltvir\u00e1g\u00fa sz\u00ednkever\u00e9k - T\u00e1jkert\u00e9sz<\/title>\n<meta name=\"description\" content=\"Anemone St. Brigid mixed - Szell\u0151r\u00f3zsa teltvir\u00e1g\u00fa sz\u00ednkever\u00e9k \u00c9l\u00e9nk sz\u00ednek, d\u00fas vir\u00e1gz\u00e1s, t\u00f6k\u00e9letes v\u00e1gott vir\u00e1gk\u00e9nt \u00e9s \u00e1gy\u00e1sokba is.\" \/>\n<meta name=\"robots\" content=\"index, follow, max-snippet:-1, max-image-preview:large, max-video-preview:-1\" \/>\n<link rel=\"canonical\" href=\"https:\/\/tajkertesz.com\/en_US\/product\/anemone-st-brigid-mixed-szellorozsa-teltviragu-szinkeverek\/\" \/>\n<meta property=\"og:locale\" content=\"en_US\" \/>\n<meta property=\"og:type\" content=\"article\" \/>\n<meta property=\"og:title\" content=\"Anemone St. Brigid mixed - Szell\u0151r\u00f3zsa teltvir\u00e1g\u00fa sz\u00ednkever\u00e9k - T\u00e1jkert\u00e9sz\" \/>\n<meta property=\"og:description\" content=\"Anemone St. Brigid mixed - Szell\u0151r\u00f3zsa teltvir\u00e1g\u00fa sz\u00ednkever\u00e9k \u00c9l\u00e9nk sz\u00ednek, d\u00fas vir\u00e1gz\u00e1s, t\u00f6k\u00e9letes v\u00e1gott vir\u00e1gk\u00e9nt \u00e9s \u00e1gy\u00e1sokba is.\" \/>\n<meta property=\"og:url\" content=\"https:\/\/tajkertesz.com\/en_US\/product\/anemone-st-brigid-mixed-szellorozsa-teltviragu-szinkeverek\/\" \/>\n<meta property=\"og:site_name\" content=\"T\u00e1jkert\u00e9sz\" \/>\n<meta property=\"article:publisher\" content=\"https:\/\/www.facebook.com\/Tajkertesz\/\" \/>\n<meta property=\"article:modified_time\" content=\"2026-02-16T15:27:22+00:00\" \/>\n<meta property=\"og:image\" content=\"https:\/\/tajkertesz.com\/wp-content\/uploads\/2021\/08\/Anemone-St.-B.jpg\" \/>\n\t<meta property=\"og:image:width\" content=\"381\" \/>\n\t<meta property=\"og:image:height\" content=\"600\" \/>\n\t<meta property=\"og:image:type\" content=\"image\/jpeg\" \/>\n<meta name=\"twitter:card\" content=\"summary_large_image\" \/>\n<meta name=\"twitter:label1\" content=\"Est. reading time\" \/>\n\t<meta name=\"twitter:data1\" content=\"3 minutes\" \/>\n<script type=\"application\/ld+json\" class=\"yoast-schema-graph\">{\"@context\":\"https:\\\/\\\/schema.org\",\"@graph\":[{\"@type\":\"WebPage\",\"@id\":\"https:\\\/\\\/tajkertesz.com\\\/termek\\\/anemone-st-brigid-mixed-szellorozsa-teltviragu-szinkeverek\\\/\",\"url\":\"https:\\\/\\\/tajkertesz.com\\\/termek\\\/anemone-st-brigid-mixed-szellorozsa-teltviragu-szinkeverek\\\/\",\"name\":\"Anemone St. Brigid mixed - Szell\u0151r\u00f3zsa teltvir\u00e1g\u00fa sz\u00ednkever\u00e9k - T\u00e1jkert\u00e9sz\",\"isPartOf\":{\"@id\":\"https:\\\/\\\/tajkertesz.com\\\/#website\"},\"primaryImageOfPage\":{\"@id\":\"https:\\\/\\\/tajkertesz.com\\\/termek\\\/anemone-st-brigid-mixed-szellorozsa-teltviragu-szinkeverek\\\/#primaryimage\"},\"image\":{\"@id\":\"https:\\\/\\\/tajkertesz.com\\\/termek\\\/anemone-st-brigid-mixed-szellorozsa-teltviragu-szinkeverek\\\/#primaryimage\"},\"thumbnailUrl\":\"https:\\\/\\\/tajkertesz.com\\\/wp-content\\\/uploads\\\/2021\\\/08\\\/Anemone-St.-B.jpg\",\"datePublished\":\"2021-08-18T06:49:49+00:00\",\"dateModified\":\"2026-02-16T15:27:22+00:00\",\"description\":\"Anemone St. Brigid mixed - Szell\u0151r\u00f3zsa teltvir\u00e1g\u00fa sz\u00ednkever\u00e9k \u00c9l\u00e9nk sz\u00ednek, d\u00fas vir\u00e1gz\u00e1s, t\u00f6k\u00e9letes v\u00e1gott vir\u00e1gk\u00e9nt \u00e9s \u00e1gy\u00e1sokba is.\",\"breadcrumb\":{\"@id\":\"https:\\\/\\\/tajkertesz.com\\\/termek\\\/anemone-st-brigid-mixed-szellorozsa-teltviragu-szinkeverek\\\/#breadcrumb\"},\"inLanguage\":\"en-US\",\"potentialAction\":[{\"@type\":\"ReadAction\",\"target\":[\"https:\\\/\\\/tajkertesz.com\\\/termek\\\/anemone-st-brigid-mixed-szellorozsa-teltviragu-szinkeverek\\\/\"]}]},{\"@type\":\"ImageObject\",\"inLanguage\":\"en-US\",\"@id\":\"https:\\\/\\\/tajkertesz.com\\\/termek\\\/anemone-st-brigid-mixed-szellorozsa-teltviragu-szinkeverek\\\/#primaryimage\",\"url\":\"https:\\\/\\\/tajkertesz.com\\\/wp-content\\\/uploads\\\/2021\\\/08\\\/Anemone-St.-B.jpg\",\"contentUrl\":\"https:\\\/\\\/tajkertesz.com\\\/wp-content\\\/uploads\\\/2021\\\/08\\\/Anemone-St.-B.jpg\",\"width\":381,\"height\":600,\"caption\":\"Anemone St. Brigid mixed - Szell\u0151r\u00f3zsa teltvir\u00e1g\u00fa sz\u00ednkever\u00e9k\"},{\"@type\":\"BreadcrumbList\",\"@id\":\"https:\\\/\\\/tajkertesz.com\\\/termek\\\/anemone-st-brigid-mixed-szellorozsa-teltviragu-szinkeverek\\\/#breadcrumb\",\"itemListElement\":[{\"@type\":\"ListItem\",\"position\":1,\"name\":\"Home\",\"item\":\"https:\\\/\\\/tajkertesz.com\\\/\"},{\"@type\":\"ListItem\",\"position\":2,\"name\":\"Kezd\u0151lap\",\"item\":\"https:\\\/\\\/tajkertesz.com\\\/\"},{\"@type\":\"ListItem\",\"position\":3,\"name\":\"Anemone St. Brigid mixed &#8211; Szell\u0151r\u00f3zsa teltvir\u00e1g\u00fa sz\u00ednkever\u00e9k\"}]},{\"@type\":\"WebSite\",\"@id\":\"https:\\\/\\\/tajkertesz.com\\\/#website\",\"url\":\"https:\\\/\\\/tajkertesz.com\\\/\",\"name\":\"T\u00e1j-Kert\u00e9sz 84 Kft.\",\"description\":\"Kert\u00e9szeti kis- \u00e9s nagykeresked\u00e9s, D\u00edszn\u00f6v\u00e9ny web\u00e1ruh\u00e1z orsz\u00e1gos h\u00e1zhozsz\u00e1ll\u00edt\u00e1ssal!\",\"publisher\":{\"@id\":\"https:\\\/\\\/tajkertesz.com\\\/#organization\"},\"potentialAction\":[{\"@type\":\"SearchAction\",\"target\":{\"@type\":\"EntryPoint\",\"urlTemplate\":\"https:\\\/\\\/tajkertesz.com\\\/?s={search_term_string}\"},\"query-input\":{\"@type\":\"PropertyValueSpecification\",\"valueRequired\":true,\"valueName\":\"search_term_string\"}}],\"inLanguage\":\"en-US\"},{\"@type\":\"Organization\",\"@id\":\"https:\\\/\\\/tajkertesz.com\\\/#organization\",\"name\":\"T\u00e1j-Kert\u00e9sz 84 Kft.\",\"url\":\"https:\\\/\\\/tajkertesz.com\\\/\",\"logo\":{\"@type\":\"ImageObject\",\"inLanguage\":\"en-US\",\"@id\":\"https:\\\/\\\/tajkertesz.com\\\/#\\\/schema\\\/logo\\\/image\\\/\",\"url\":\"https:\\\/\\\/tajkertesz.com\\\/wp-content\\\/uploads\\\/2018\\\/02\\\/logo-2-e1518678052539.png\",\"contentUrl\":\"https:\\\/\\\/tajkertesz.com\\\/wp-content\\\/uploads\\\/2018\\\/02\\\/logo-2-e1518678052539.png\",\"width\":81,\"height\":140,\"caption\":\"T\u00e1j-Kert\u00e9sz 84 Kft.\"},\"image\":{\"@id\":\"https:\\\/\\\/tajkertesz.com\\\/#\\\/schema\\\/logo\\\/image\\\/\"},\"sameAs\":[\"https:\\\/\\\/www.facebook.com\\\/Tajkertesz\\\/\"]}]}<\/script>\n<!-- \/ Yoast SEO plugin. -->","yoast_head_json":{"title":"Anemone St. Brigid mixed - Szell\u0151r\u00f3zsa teltvir\u00e1g\u00fa sz\u00ednkever\u00e9k - T\u00e1jkert\u00e9sz","description":"Anemone St. Brigid mixed - Szell\u0151r\u00f3zsa teltvir\u00e1g\u00fa sz\u00ednkever\u00e9k \u00c9l\u00e9nk sz\u00ednek, d\u00fas vir\u00e1gz\u00e1s, t\u00f6k\u00e9letes v\u00e1gott vir\u00e1gk\u00e9nt \u00e9s \u00e1gy\u00e1sokba is.","robots":{"index":"index","follow":"follow","max-snippet":"max-snippet:-1","max-image-preview":"max-image-preview:large","max-video-preview":"max-video-preview:-1"},"canonical":"https:\/\/tajkertesz.com\/en_US\/product\/anemone-st-brigid-mixed-szellorozsa-teltviragu-szinkeverek\/","og_locale":"en_US","og_type":"article","og_title":"Anemone St. Brigid mixed - Szell\u0151r\u00f3zsa teltvir\u00e1g\u00fa sz\u00ednkever\u00e9k - T\u00e1jkert\u00e9sz","og_description":"Anemone St. Brigid mixed - Szell\u0151r\u00f3zsa teltvir\u00e1g\u00fa sz\u00ednkever\u00e9k \u00c9l\u00e9nk sz\u00ednek, d\u00fas vir\u00e1gz\u00e1s, t\u00f6k\u00e9letes v\u00e1gott vir\u00e1gk\u00e9nt \u00e9s \u00e1gy\u00e1sokba is.","og_url":"https:\/\/tajkertesz.com\/en_US\/product\/anemone-st-brigid-mixed-szellorozsa-teltviragu-szinkeverek\/","og_site_name":"T\u00e1jkert\u00e9sz","article_publisher":"https:\/\/www.facebook.com\/Tajkertesz\/","article_modified_time":"2026-02-16T15:27:22+00:00","og_image":[{"width":381,"height":600,"url":"https:\/\/tajkertesz.com\/wp-content\/uploads\/2021\/08\/Anemone-St.-B.jpg","type":"image\/jpeg"}],"twitter_card":"summary_large_image","twitter_misc":{"Est. reading time":"3 minutes"},"schema":{"@context":"https:\/\/schema.org","@graph":[{"@type":"WebPage","@id":"https:\/\/tajkertesz.com\/termek\/anemone-st-brigid-mixed-szellorozsa-teltviragu-szinkeverek\/","url":"https:\/\/tajkertesz.com\/termek\/anemone-st-brigid-mixed-szellorozsa-teltviragu-szinkeverek\/","name":"Anemone St. Brigid mixed - Szell\u0151r\u00f3zsa teltvir\u00e1g\u00fa sz\u00ednkever\u00e9k - T\u00e1jkert\u00e9sz","isPartOf":{"@id":"https:\/\/tajkertesz.com\/#website"},"primaryImageOfPage":{"@id":"https:\/\/tajkertesz.com\/termek\/anemone-st-brigid-mixed-szellorozsa-teltviragu-szinkeverek\/#primaryimage"},"image":{"@id":"https:\/\/tajkertesz.com\/termek\/anemone-st-brigid-mixed-szellorozsa-teltviragu-szinkeverek\/#primaryimage"},"thumbnailUrl":"https:\/\/tajkertesz.com\/wp-content\/uploads\/2021\/08\/Anemone-St.-B.jpg","datePublished":"2021-08-18T06:49:49+00:00","dateModified":"2026-02-16T15:27:22+00:00","description":"Anemone St. Brigid mixed - Szell\u0151r\u00f3zsa teltvir\u00e1g\u00fa sz\u00ednkever\u00e9k \u00c9l\u00e9nk sz\u00ednek, d\u00fas vir\u00e1gz\u00e1s, t\u00f6k\u00e9letes v\u00e1gott vir\u00e1gk\u00e9nt \u00e9s \u00e1gy\u00e1sokba is.","breadcrumb":{"@id":"https:\/\/tajkertesz.com\/termek\/anemone-st-brigid-mixed-szellorozsa-teltviragu-szinkeverek\/#breadcrumb"},"inLanguage":"en-US","potentialAction":[{"@type":"ReadAction","target":["https:\/\/tajkertesz.com\/termek\/anemone-st-brigid-mixed-szellorozsa-teltviragu-szinkeverek\/"]}]},{"@type":"ImageObject","inLanguage":"en-US","@id":"https:\/\/tajkertesz.com\/termek\/anemone-st-brigid-mixed-szellorozsa-teltviragu-szinkeverek\/#primaryimage","url":"https:\/\/tajkertesz.com\/wp-content\/uploads\/2021\/08\/Anemone-St.-B.jpg","contentUrl":"https:\/\/tajkertesz.com\/wp-content\/uploads\/2021\/08\/Anemone-St.-B.jpg","width":381,"height":600,"caption":"Anemone St. Brigid mixed - Szell\u0151r\u00f3zsa teltvir\u00e1g\u00fa sz\u00ednkever\u00e9k"},{"@type":"BreadcrumbList","@id":"https:\/\/tajkertesz.com\/termek\/anemone-st-brigid-mixed-szellorozsa-teltviragu-szinkeverek\/#breadcrumb","itemListElement":[{"@type":"ListItem","position":1,"name":"Home","item":"https:\/\/tajkertesz.com\/"},{"@type":"ListItem","position":2,"name":"Kezd\u0151lap","item":"https:\/\/tajkertesz.com\/"},{"@type":"ListItem","position":3,"name":"Anemone St. Brigid mixed &#8211; Szell\u0151r\u00f3zsa teltvir\u00e1g\u00fa sz\u00ednkever\u00e9k"}]},{"@type":"WebSite","@id":"https:\/\/tajkertesz.com\/#website","url":"https:\/\/tajkertesz.com\/","name":"T\u00e1j-Kert\u00e9sz 84 Kft.","description":"Kert\u00e9szeti kis- \u00e9s nagykeresked\u00e9s, D\u00edszn\u00f6v\u00e9ny web\u00e1ruh\u00e1z orsz\u00e1gos h\u00e1zhozsz\u00e1ll\u00edt\u00e1ssal!","publisher":{"@id":"https:\/\/tajkertesz.com\/#organization"},"potentialAction":[{"@type":"SearchAction","target":{"@type":"EntryPoint","urlTemplate":"https:\/\/tajkertesz.com\/?s={search_term_string}"},"query-input":{"@type":"PropertyValueSpecification","valueRequired":true,"valueName":"search_term_string"}}],"inLanguage":"en-US"},{"@type":"Organization","@id":"https:\/\/tajkertesz.com\/#organization","name":"T\u00e1j-Kert\u00e9sz 84 Kft.","url":"https:\/\/tajkertesz.com\/","logo":{"@type":"ImageObject","inLanguage":"en-US","@id":"https:\/\/tajkertesz.com\/#\/schema\/logo\/image\/","url":"https:\/\/tajkertesz.com\/wp-content\/uploads\/2018\/02\/logo-2-e1518678052539.png","contentUrl":"https:\/\/tajkertesz.com\/wp-content\/uploads\/2018\/02\/logo-2-e1518678052539.png","width":81,"height":140,"caption":"T\u00e1j-Kert\u00e9sz 84 Kft."},"image":{"@id":"https:\/\/tajkertesz.com\/#\/schema\/logo\/image\/"},"sameAs":["https:\/\/www.facebook.com\/Tajkertesz\/"]}]}},"_links":{"self":[{"href":"https:\/\/tajkertesz.com\/en_US\/wp-json\/wp\/v2\/product\/8123","targetHints":{"allow":["GET"]}}],"collection":[{"href":"https:\/\/tajkertesz.com\/en_US\/wp-json\/wp\/v2\/product"}],"about":[{"href":"https:\/\/tajkertesz.com\/en_US\/wp-json\/wp\/v2\/types\/product"}],"wp:featuredmedia":[{"embeddable":true,"href":"https:\/\/tajkertesz.com\/en_US\/wp-json\/wp\/v2\/media\/8124"}],"wp:attachment":[{"href":"https:\/\/tajkertesz.com\/en_US\/wp-json\/wp\/v2\/media?parent=8123"}],"wp:term":[{"taxonomy":"product_brand","embeddable":true,"href":"https:\/\/tajkertesz.com\/en_US\/wp-json\/wp\/v2\/product_brand?post=8123"},{"taxonomy":"product_cat","embeddable":true,"href":"https:\/\/tajkertesz.com\/en_US\/wp-json\/wp\/v2\/product_cat?post=8123"},{"taxonomy":"product_tag","embeddable":true,"href":"https:\/\/tajkertesz.com\/en_US\/wp-json\/wp\/v2\/product_tag?post=8123"}],"curies":[{"name":"wp","href":"https:\/\/api.w.org\/{rel}","templated":true}]}}