{"id":8125,"date":"2021-08-18T06:54:54","date_gmt":"2021-08-18T06:54:54","guid":{"rendered":"https:\/\/tajkertesz.com\/?post_type=product&#038;p=8125"},"modified":"2025-10-27T15:31:03","modified_gmt":"2025-10-27T15:31:03","slug":"gladiolus-communis-ssp-byzantinus-bizanci-kardvirag","status":"publish","type":"product","link":"https:\/\/tajkertesz.com\/en_US\/product\/gladiolus-communis-ssp-byzantinus-bizanci-kardvirag\/","title":{"rendered":"Gladiolus communis ssp. byzantinus &#8211; Biz\u00e1nci kardvir\u00e1g"},"content":{"rendered":"<h1 class=\"product_title entry-title\">Gladiolus communis ssp. byzantinus &#8211; Biz\u00e1nci kardvir\u00e1g<\/h1>\n<p class=\"product_title entry-title\">A Gladiolus communis ssp. byzantinus &#8211; Biz\u00e1nci kardvir\u00e1g\u00a0egy mediterr\u00e1n eredet\u0171, term\u00e9szetes hat\u00e1s\u00fa d\u00edszn\u00f6v\u00e9ny, amely a hagyom\u00e1nyos kert\u00e9p\u00edt\u00e9szet egyik elfeledett kincse. \u00c9l\u00e9nk r\u00f3zsasz\u00edn, felfel\u00e9 rendez\u0151d\u0151 vir\u00e1gai k\u00fcl\u00f6nleges eleganci\u00e1t adnak a ny\u00e1ri kertnek.<\/p>\n<p data-start=\"960\" data-end=\"1193\">A hagyom\u00e1nyos, nagy vir\u00e1g\u00fa kardvir\u00e1gokkal ellent\u00e9tben ez a fajta sokkal karcs\u00fabb, l\u00e9giesebb megjelen\u00e9s\u0171, \u00e9s term\u00e9szetes kertekbe is remek\u00fcl illik. J\u00f3l mutat m\u00e1s vadvir\u00e1gok, p\u00e9ld\u00e1ul d\u00edszhagym\u00e1k, d\u00edszf\u00fcvek vagy levendul\u00e1k t\u00e1rsas\u00e1g\u00e1ban.<\/p>\n<h3 data-start=\"1195\" data-end=\"1222\">Gladiolus communis ssp. byzantinus \u00fcltet\u00e9si ideje \u00e9s ig\u00e9nyei<\/h3>\n<ul data-start=\"1224\" data-end=\"1573\">\n<li data-start=\"1224\" data-end=\"1310\">\n<p data-start=\"1226\" data-end=\"1310\"><strong data-start=\"1226\" data-end=\"1243\">\u00dcltet\u00e9si id\u0151:<\/strong> \u0151sz (szeptember\u2013november), de melegebb kl\u00edm\u00e1n tavasszal is lehet<\/p>\n<\/li>\n<li data-start=\"1311\" data-end=\"1355\">\n<p data-start=\"1313\" data-end=\"1355\"><strong data-start=\"1313\" data-end=\"1326\">Vir\u00e1gz\u00e1s:<\/strong> m\u00e1jus v\u00e9ge \u2013 j\u00fanius k\u00f6zepe<\/p>\n<\/li>\n<li data-start=\"1356\" data-end=\"1402\">\n<p data-start=\"1358\" data-end=\"1402\"><strong data-start=\"1358\" data-end=\"1372\">F\u00e9nyig\u00e9ny:<\/strong> napos vagy f\u00e9l\u00e1rny\u00e9kos hely<\/p>\n<\/li>\n<li data-start=\"1403\" data-end=\"1478\">\n<p data-start=\"1405\" data-end=\"1478\"><strong data-start=\"1405\" data-end=\"1415\">Talaj:<\/strong> j\u00f3 v\u00edz\u00e1tereszt\u0151, lehet\u0151leg laza, homokos vagy kavicsos talaj<\/p>\n<\/li>\n<li data-start=\"1479\" data-end=\"1573\">\n<p data-start=\"1481\" data-end=\"1573\"><strong data-start=\"1481\" data-end=\"1496\">T\u00e9l\u00e1ll\u00f3s\u00e1g:<\/strong> enyh\u00e9bb teleken ki\u00fcltetve \u00e1ttelel, de aj\u00e1nlott t\u00e9lire felszedni vagy takarni<\/p>\n<\/li>\n<\/ul>\n<h3 data-start=\"1575\" data-end=\"1597\">Biz\u00e1nci kardvir\u00e1g gondoz\u00e1sa<\/h3>\n<p data-start=\"1599\" data-end=\"1872\">A hagym\u00e1kat kb. 8\u201310 cm m\u00e9lyre \u00fcltesd el, egym\u00e1st\u00f3l 10\u201315 cm t\u00e1vols\u00e1gra. Nem kedveli a pang\u00f3 vizet, ez\u00e9rt j\u00f3 v\u00edzelvezet\u00e9s\u0171 talajba \u00fcltetve fejl\u0151dik a legjobban. Az elny\u00edlt vir\u00e1gokat \u00e9rdemes visszav\u00e1gni, de a leveleket hagyjuk elsz\u00e1radni a hagyma t\u00e1panyag-ut\u00e1np\u00f3tl\u00e1sa miatt.<\/p>\n<ul>\n<li><span class=\"fekete2\">Kiszerel\u00e9s: 10db\/csomag<\/span><\/li>\n<\/ul>\n<p>&nbsp;<\/p>\n<p><strong>K\u00e9szlet\u00fcnk napi szinten v\u00e1ltozik, ez\u00e9rt a v\u00e1ltoz\u00e1s jog\u00e1t fenntartjuk!<\/strong><\/p>\n<p><strong>Amennyiben nagyobb mennyis\u00e9gre lenne sz\u00fcks\u00e9g, vegye fel vel\u00fcnk a kapcsolatot \u00e9s beszerezz\u00fck!<\/strong><\/p>\n<p>&nbsp;<\/p>\n<h4><strong>\ud83d\udd04 K\u00e9szletinform\u00e1ci\u00f3<\/strong><\/h4>\n<p><strong>K\u00e9szlet\u00fcnk napi szinten v\u00e1ltozik, \u00edgy a webshopban szerepl<\/strong><strong>\u0151<\/strong><strong>\u00a0term\u00e9kek el\u00e9rhet<\/strong><strong>\u0151<\/strong><strong>s\u00e9ge nem garant\u00e1lt.<br \/>\n\ud83d\udcde A megrendel\u00e9s el<\/strong><strong>\u0151<\/strong><strong>tt k\u00e9rj\u00fck, \u00e9rdekl<\/strong><strong>\u0151<\/strong><strong>dj\u00f6n szem\u00e9lyesen, telefonon vagy e-mailben!<\/strong><\/p>\n<h4><strong>\u27a1\ufe0f Kapcsolat:<\/strong><\/h4>\n<ul>\n<li><strong>Weboldal:\u00a0<\/strong><a href=\"https:\/\/tajkertesz.com\/\"><strong>tajkertesz.com<\/strong><\/a><\/li>\n<li><strong>Facebook:\u00a0<\/strong><a href=\"https:\/\/www.facebook.com\/tajkertesz\/\"><strong>facebook.com\/tajkertesz<\/strong><\/a><\/li>\n<li><strong>Telefonsz\u00e1m, e-mail: +36\/20-319-3770\u00a0<\/strong><a href=\"mailto:tajkerteszaruda@gmail.com\"><strong>tajkerteszaruda@gmail.com<\/strong><\/a><\/li>\n<\/ul>\n<h4><strong>\ud83d\ude9a Sz\u00e1ll\u00edt\u00e1si inform\u00e1ci\u00f3k<\/strong><\/h4>\n<p><strong>A megrendelt n\u00f6v\u00e9nyek kisz\u00e1ll\u00edt\u00e1sa az al\u00e1bbi felt\u00e9telek mellett t\u00f6rt\u00e9nik:<\/strong><\/p>\n<h4><strong>\ud83d\udce6 Fut\u00e1rszolg\u00e1latos sz\u00e1ll\u00edt\u00e1s<\/strong><\/h4>\n<ul>\n<li><strong>Maxim\u00e1lis m\u00e9ret: 200 cm (hossz\u00fas\u00e1g)<\/strong><\/li>\n<li><strong>Maxim\u00e1lis s\u00faly: 40 kg<\/strong><\/li>\n<li><strong>Az enn\u00e9l kisebb \u00e9s k\u00f6nnyebb csomagokat fut\u00e1rszolg\u00e1lattal k\u00e9zbes\u00edtj\u00fck a lehet<\/strong><strong>\u0151<\/strong><strong>\u00a0legbiztons\u00e1gosabb csomagol\u00e1sban.<\/strong><\/li>\n<\/ul>\n<h4><strong>\ud83d\udefb Szem\u00e9lyes \u00e1tv\u00e9tel<\/strong><\/h4>\n<ul>\n<li><strong>1173 Budapest, Bakancsos utca 7. sz\u00e1m alatt nyitvatart\u00e1si id<\/strong><strong>\u0151<\/strong><strong>ben szem\u00e9lyesen \u00e1tvehet<\/strong><strong>\u0151<\/strong><strong>\u00a0kert\u00e9szeti \u00e1rud\u00e1nkban.<\/strong><\/li>\n<li><strong>K\u00f6lts\u00e9ghat\u00e9kony megold\u00e1s nagyobb, t\u00f6r\u00e9kenyebb vagy t\u00falm\u00e9retes n\u00f6v\u00e9nyek eset\u00e9n.<\/strong><\/li>\n<\/ul>\n<h4><strong>\ud83d\udcde Nagy m\u00e9ret<\/strong><strong>\u0171<\/strong><strong>\u00a0vagy s\u00faly\u00fa n\u00f6v\u00e9nyek eset\u00e9n<\/strong><\/h4>\n<p><strong>Ha a term\u00e9k:<\/strong><\/p>\n<ul>\n<li><strong>meghaladja a 200 cm hossz\u00fas\u00e1got vagy<\/strong><\/li>\n<li><strong>meghaladja a 40 kg s\u00falyt,<\/strong><\/li>\n<\/ul>\n<p><strong>akkor szem\u00e9lyes \u00e1tv\u00e9tellel vagy egyedi, el<\/strong><strong>\u0151<\/strong><strong>re egyeztetett sz\u00e1ll\u00edt\u00e1si felt\u00e9telek mellett t\u00f6rt\u00e9nik.<br \/>\nK\u00e9rj\u00fck, ilyen esetben rendel\u00e9s el<\/strong><strong>\u0151<\/strong><strong>tt vegye fel vel\u00fcnk a kapcsolatot, hogy a lehet<\/strong><strong>\u0151<\/strong><strong>\u00a0legmegfelel<\/strong><strong>\u0151<\/strong><strong>bb sz\u00e1ll\u00edt\u00e1si megold\u00e1st k\u00edn\u00e1lhassuk.<\/strong><\/p>\n<p><strong>\ud83d\udd14 Fontos: A n\u00f6v\u00e9nyeket minden esetben igyeksz\u00fcnk gondosan, egyes\u00e9vel csomagolni, azonban a sz\u00e1ll\u00edt\u00e1s sor\u00e1n kisebb eszt\u00e9tikai s\u00e9r\u00fcl\u00e9sek el<\/strong><strong>\u0151<\/strong><strong>fordulhatnak (pl. lev\u00e9lhull\u00e1s). Ez nem min<\/strong><strong>\u0151<\/strong><strong>s\u00fcl hib\u00e1s teljes\u00edt\u00e9snek.<\/strong><\/p>\n<h4><strong>\ud83d\udcf7 Fontos tudni a k\u00e9pekr<\/strong><strong>\u0151<\/strong><strong>l<\/strong><\/h4>\n<p><strong>A webshopban szerepl<\/strong><strong>\u0151<\/strong><strong>\u00a0k\u00e9pek illusztr\u00e1ci\u00f3k, a n\u00f6v\u00e9nyek term\u00e9szet\u00fckn\u00e9l fogva egyediek, \u00edgy m\u00e9retben, alakban \u00e9s sz\u00ednben minim\u00e1lis elt\u00e9r\u00e9sek el<\/strong><strong>\u0151<\/strong><strong>fordulhatnak a k\u00e9pen l\u00e1that\u00f3 \u00e9s a val\u00f3s p\u00e9ld\u00e1nyok k\u00f6z\u00f6tt.<\/strong><\/p>\n<h4><strong>\ud83e\uddfe \u00c1rak \u00e9s el\u00e1ll\u00e1si jog<\/strong><\/h4>\n<ul>\n<li><strong>Az \u00e1rak egy darab\u00a0n\u00f6v\u00e9nyre vonatkoznak.<\/strong><\/li>\n<li><strong>\u00c9l<\/strong><strong>\u0151<\/strong><strong>\u00a0n\u00f6v\u00e9nyek rendel\u00e9se eset\u00e9n a 14 napos el\u00e1ll\u00e1s joga nem \u00e9rv\u00e9nyes\u00edthet<\/strong><strong>\u0151<\/strong><strong>, mivel azok romland\u00f3, biol\u00f3giailag \u00e9l<\/strong><strong>\u0151<\/strong><strong>\u00a0term\u00e9keknek min<\/strong><strong>\u0151<\/strong><strong>s\u00fclnek.<br \/>\n\ud83d\udd12 (17\/1999. (II. 5.) Korm. rendelet 5. \u00a7 c) pontja alapj\u00e1n)<\/strong><\/li>\n<\/ul>\n<h4><strong>\ud83d\udce6 K\u00e9zbes\u00edt\u00e9s ut\u00e1ni teend<\/strong><strong>\u0151<\/strong><strong>k<\/strong><\/h4>\n<p><strong>A k\u00e9zbes\u00edt\u00e9st k\u00f6vet<\/strong><strong>\u0151<\/strong><strong>en a csomagot azonnal bontsuk ki, \u00e9s a n\u00f6v\u00e9nyt helyezz\u00fck el megfelel<\/strong><strong>\u0151<\/strong><strong>\u00a0k\u00f6rnyezetben.<br \/>\nFontos: ha a n\u00f6v\u00e9ny nem r\u00e9szes\u00fcl megfelel<\/strong><strong>\u0151<\/strong><strong>\u00a0gondoz\u00e1sban \u00e9s ennek k\u00f6vetkezt\u00e9ben k\u00e1rosodik vagy elpusztul, felel<\/strong><strong>\u0151<\/strong><strong>ss\u00e9get nem tudunk v\u00e1llalni.<\/strong><\/p>\n<p><strong>\u00a0<\/strong><\/p>","protected":false},"excerpt":{"rendered":"<p data-start=\"466\" data-end=\"659\">Rendk\u00edv\u00fcl mutat\u00f3s, term\u00e9szetes hat\u00e1s\u00fa kardvir\u00e1g fajta, amely ny\u00e1r elej\u00e9n hoz felfel\u00e9 \u00edvel\u0151, \u00e9l\u00e9nk r\u00f3zsasz\u00edn vir\u00e1gokat. K\u00fcl\u00f6n\u00f6sen alkalmas term\u00e9szetes kertekbe, vadvir\u00e1gos \u00e1gy\u00e1sokba \u00e9s r\u00e9zs\u0171kre.<\/p>","protected":false},"featured_media":8126,"template":"","meta":{"_et_pb_use_builder":"","_et_pb_old_content":"","_et_gb_content_width":""},"product_brand":[],"product_cat":[3857],"product_tag":[6309,4179,6313,3718,6310,5934,6312,6301,6311],"class_list":{"0":"post-8125","1":"product","2":"type-product","3":"status-publish","4":"has-post-thumbnail","6":"product_cat-viraghagyma-dughagyma","7":"product_tag-bizanci-kardvirag","8":"product_tag-gladiolus","9":"product_tag-gladiolus-byzantinus","10":"product_tag-kardvirag","11":"product_tag-nyari-viraghagyma","12":"product_tag-rozsaszin-virag","13":"product_tag-telallo-hagyma","14":"product_tag-termeszetes-kert","15":"product_tag-vadviragos-kert","17":"first","18":"outofstock","19":"shipping-taxable","20":"product-type-simple"},"yoast_head":"<!-- This site is optimized with the Yoast SEO plugin v27.3 - https:\/\/yoast.com\/product\/yoast-seo-wordpress\/ -->\n<title>Gladiolus communis ssp. byzantinus - Biz\u00e1nci kardvir\u00e1g - T\u00e1jkert\u00e9sz<\/title>\n<meta name=\"description\" content=\"Gladiolus communis ssp. byzantinus - Biz\u00e1nci kardvir\u00e1g eleg\u00e1ns, r\u00f3zsasz\u00edn ny\u00e1ri vir\u00e1g term\u00e9szetes kertekbe. \u00dcltethet\u0151 \u0151sszel vagy tavasszal.\" \/>\n<meta name=\"robots\" content=\"index, follow, max-snippet:-1, max-image-preview:large, max-video-preview:-1\" \/>\n<link rel=\"canonical\" href=\"https:\/\/tajkertesz.com\/en_US\/product\/gladiolus-communis-ssp-byzantinus-bizanci-kardvirag\/\" \/>\n<meta property=\"og:locale\" content=\"en_US\" \/>\n<meta property=\"og:type\" content=\"article\" \/>\n<meta property=\"og:title\" content=\"Gladiolus communis ssp. byzantinus - Biz\u00e1nci kardvir\u00e1g - T\u00e1jkert\u00e9sz\" \/>\n<meta property=\"og:description\" content=\"Gladiolus communis ssp. byzantinus - Biz\u00e1nci kardvir\u00e1g eleg\u00e1ns, r\u00f3zsasz\u00edn ny\u00e1ri vir\u00e1g term\u00e9szetes kertekbe. \u00dcltethet\u0151 \u0151sszel vagy tavasszal.\" \/>\n<meta property=\"og:url\" content=\"https:\/\/tajkertesz.com\/en_US\/product\/gladiolus-communis-ssp-byzantinus-bizanci-kardvirag\/\" \/>\n<meta property=\"og:site_name\" content=\"T\u00e1jkert\u00e9sz\" \/>\n<meta property=\"article:publisher\" content=\"https:\/\/www.facebook.com\/Tajkertesz\/\" \/>\n<meta property=\"article:modified_time\" content=\"2025-10-27T15:31:03+00:00\" \/>\n<meta property=\"og:image\" content=\"https:\/\/tajkertesz.com\/wp-content\/uploads\/2021\/08\/Gladiolus_comm._.jpg\" \/>\n\t<meta property=\"og:image:width\" content=\"397\" \/>\n\t<meta property=\"og:image:height\" content=\"600\" \/>\n\t<meta property=\"og:image:type\" content=\"image\/jpeg\" \/>\n<meta name=\"twitter:card\" content=\"summary_large_image\" \/>\n<meta name=\"twitter:label1\" content=\"Est. reading time\" \/>\n\t<meta name=\"twitter:data1\" content=\"3 minutes\" \/>\n<script type=\"application\/ld+json\" class=\"yoast-schema-graph\">{\"@context\":\"https:\\\/\\\/schema.org\",\"@graph\":[{\"@type\":\"WebPage\",\"@id\":\"https:\\\/\\\/tajkertesz.com\\\/termek\\\/gladiolus-communis-ssp-byzantinus-bizanci-kardvirag\\\/\",\"url\":\"https:\\\/\\\/tajkertesz.com\\\/termek\\\/gladiolus-communis-ssp-byzantinus-bizanci-kardvirag\\\/\",\"name\":\"Gladiolus communis ssp. byzantinus - Biz\u00e1nci kardvir\u00e1g - T\u00e1jkert\u00e9sz\",\"isPartOf\":{\"@id\":\"https:\\\/\\\/tajkertesz.com\\\/#website\"},\"primaryImageOfPage\":{\"@id\":\"https:\\\/\\\/tajkertesz.com\\\/termek\\\/gladiolus-communis-ssp-byzantinus-bizanci-kardvirag\\\/#primaryimage\"},\"image\":{\"@id\":\"https:\\\/\\\/tajkertesz.com\\\/termek\\\/gladiolus-communis-ssp-byzantinus-bizanci-kardvirag\\\/#primaryimage\"},\"thumbnailUrl\":\"https:\\\/\\\/tajkertesz.com\\\/wp-content\\\/uploads\\\/2021\\\/08\\\/Gladiolus_comm._.jpg\",\"datePublished\":\"2021-08-18T06:54:54+00:00\",\"dateModified\":\"2025-10-27T15:31:03+00:00\",\"description\":\"Gladiolus communis ssp. byzantinus - Biz\u00e1nci kardvir\u00e1g eleg\u00e1ns, r\u00f3zsasz\u00edn ny\u00e1ri vir\u00e1g term\u00e9szetes kertekbe. \u00dcltethet\u0151 \u0151sszel vagy tavasszal.\",\"breadcrumb\":{\"@id\":\"https:\\\/\\\/tajkertesz.com\\\/termek\\\/gladiolus-communis-ssp-byzantinus-bizanci-kardvirag\\\/#breadcrumb\"},\"inLanguage\":\"en-US\",\"potentialAction\":[{\"@type\":\"ReadAction\",\"target\":[\"https:\\\/\\\/tajkertesz.com\\\/termek\\\/gladiolus-communis-ssp-byzantinus-bizanci-kardvirag\\\/\"]}]},{\"@type\":\"ImageObject\",\"inLanguage\":\"en-US\",\"@id\":\"https:\\\/\\\/tajkertesz.com\\\/termek\\\/gladiolus-communis-ssp-byzantinus-bizanci-kardvirag\\\/#primaryimage\",\"url\":\"https:\\\/\\\/tajkertesz.com\\\/wp-content\\\/uploads\\\/2021\\\/08\\\/Gladiolus_comm._.jpg\",\"contentUrl\":\"https:\\\/\\\/tajkertesz.com\\\/wp-content\\\/uploads\\\/2021\\\/08\\\/Gladiolus_comm._.jpg\",\"width\":397,\"height\":600,\"caption\":\"Gladiolus communis ssp. byzantinus - Biz\u00e1nci kardvir\u00e1g\"},{\"@type\":\"BreadcrumbList\",\"@id\":\"https:\\\/\\\/tajkertesz.com\\\/termek\\\/gladiolus-communis-ssp-byzantinus-bizanci-kardvirag\\\/#breadcrumb\",\"itemListElement\":[{\"@type\":\"ListItem\",\"position\":1,\"name\":\"Home\",\"item\":\"https:\\\/\\\/tajkertesz.com\\\/\"},{\"@type\":\"ListItem\",\"position\":2,\"name\":\"Kezd\u0151lap\",\"item\":\"https:\\\/\\\/tajkertesz.com\\\/\"},{\"@type\":\"ListItem\",\"position\":3,\"name\":\"Gladiolus communis ssp. byzantinus &#8211; Biz\u00e1nci kardvir\u00e1g\"}]},{\"@type\":\"WebSite\",\"@id\":\"https:\\\/\\\/tajkertesz.com\\\/#website\",\"url\":\"https:\\\/\\\/tajkertesz.com\\\/\",\"name\":\"T\u00e1j-Kert\u00e9sz 84 Kft.\",\"description\":\"Kert\u00e9szeti kis- \u00e9s nagykeresked\u00e9s, D\u00edszn\u00f6v\u00e9ny web\u00e1ruh\u00e1z orsz\u00e1gos h\u00e1zhozsz\u00e1ll\u00edt\u00e1ssal!\",\"publisher\":{\"@id\":\"https:\\\/\\\/tajkertesz.com\\\/#organization\"},\"potentialAction\":[{\"@type\":\"SearchAction\",\"target\":{\"@type\":\"EntryPoint\",\"urlTemplate\":\"https:\\\/\\\/tajkertesz.com\\\/?s={search_term_string}\"},\"query-input\":{\"@type\":\"PropertyValueSpecification\",\"valueRequired\":true,\"valueName\":\"search_term_string\"}}],\"inLanguage\":\"en-US\"},{\"@type\":\"Organization\",\"@id\":\"https:\\\/\\\/tajkertesz.com\\\/#organization\",\"name\":\"T\u00e1j-Kert\u00e9sz 84 Kft.\",\"url\":\"https:\\\/\\\/tajkertesz.com\\\/\",\"logo\":{\"@type\":\"ImageObject\",\"inLanguage\":\"en-US\",\"@id\":\"https:\\\/\\\/tajkertesz.com\\\/#\\\/schema\\\/logo\\\/image\\\/\",\"url\":\"https:\\\/\\\/tajkertesz.com\\\/wp-content\\\/uploads\\\/2018\\\/02\\\/logo-2-e1518678052539.png\",\"contentUrl\":\"https:\\\/\\\/tajkertesz.com\\\/wp-content\\\/uploads\\\/2018\\\/02\\\/logo-2-e1518678052539.png\",\"width\":81,\"height\":140,\"caption\":\"T\u00e1j-Kert\u00e9sz 84 Kft.\"},\"image\":{\"@id\":\"https:\\\/\\\/tajkertesz.com\\\/#\\\/schema\\\/logo\\\/image\\\/\"},\"sameAs\":[\"https:\\\/\\\/www.facebook.com\\\/Tajkertesz\\\/\"]}]}<\/script>\n<!-- \/ Yoast SEO plugin. -->","yoast_head_json":{"title":"Gladiolus communis ssp. byzantinus - Biz\u00e1nci kardvir\u00e1g - T\u00e1jkert\u00e9sz","description":"Gladiolus communis ssp. byzantinus - Biz\u00e1nci kardvir\u00e1g eleg\u00e1ns, r\u00f3zsasz\u00edn ny\u00e1ri vir\u00e1g term\u00e9szetes kertekbe. \u00dcltethet\u0151 \u0151sszel vagy tavasszal.","robots":{"index":"index","follow":"follow","max-snippet":"max-snippet:-1","max-image-preview":"max-image-preview:large","max-video-preview":"max-video-preview:-1"},"canonical":"https:\/\/tajkertesz.com\/en_US\/product\/gladiolus-communis-ssp-byzantinus-bizanci-kardvirag\/","og_locale":"en_US","og_type":"article","og_title":"Gladiolus communis ssp. byzantinus - Biz\u00e1nci kardvir\u00e1g - T\u00e1jkert\u00e9sz","og_description":"Gladiolus communis ssp. byzantinus - Biz\u00e1nci kardvir\u00e1g eleg\u00e1ns, r\u00f3zsasz\u00edn ny\u00e1ri vir\u00e1g term\u00e9szetes kertekbe. \u00dcltethet\u0151 \u0151sszel vagy tavasszal.","og_url":"https:\/\/tajkertesz.com\/en_US\/product\/gladiolus-communis-ssp-byzantinus-bizanci-kardvirag\/","og_site_name":"T\u00e1jkert\u00e9sz","article_publisher":"https:\/\/www.facebook.com\/Tajkertesz\/","article_modified_time":"2025-10-27T15:31:03+00:00","og_image":[{"width":397,"height":600,"url":"https:\/\/tajkertesz.com\/wp-content\/uploads\/2021\/08\/Gladiolus_comm._.jpg","type":"image\/jpeg"}],"twitter_card":"summary_large_image","twitter_misc":{"Est. reading time":"3 minutes"},"schema":{"@context":"https:\/\/schema.org","@graph":[{"@type":"WebPage","@id":"https:\/\/tajkertesz.com\/termek\/gladiolus-communis-ssp-byzantinus-bizanci-kardvirag\/","url":"https:\/\/tajkertesz.com\/termek\/gladiolus-communis-ssp-byzantinus-bizanci-kardvirag\/","name":"Gladiolus communis ssp. byzantinus - Biz\u00e1nci kardvir\u00e1g - T\u00e1jkert\u00e9sz","isPartOf":{"@id":"https:\/\/tajkertesz.com\/#website"},"primaryImageOfPage":{"@id":"https:\/\/tajkertesz.com\/termek\/gladiolus-communis-ssp-byzantinus-bizanci-kardvirag\/#primaryimage"},"image":{"@id":"https:\/\/tajkertesz.com\/termek\/gladiolus-communis-ssp-byzantinus-bizanci-kardvirag\/#primaryimage"},"thumbnailUrl":"https:\/\/tajkertesz.com\/wp-content\/uploads\/2021\/08\/Gladiolus_comm._.jpg","datePublished":"2021-08-18T06:54:54+00:00","dateModified":"2025-10-27T15:31:03+00:00","description":"Gladiolus communis ssp. byzantinus - Biz\u00e1nci kardvir\u00e1g eleg\u00e1ns, r\u00f3zsasz\u00edn ny\u00e1ri vir\u00e1g term\u00e9szetes kertekbe. \u00dcltethet\u0151 \u0151sszel vagy tavasszal.","breadcrumb":{"@id":"https:\/\/tajkertesz.com\/termek\/gladiolus-communis-ssp-byzantinus-bizanci-kardvirag\/#breadcrumb"},"inLanguage":"en-US","potentialAction":[{"@type":"ReadAction","target":["https:\/\/tajkertesz.com\/termek\/gladiolus-communis-ssp-byzantinus-bizanci-kardvirag\/"]}]},{"@type":"ImageObject","inLanguage":"en-US","@id":"https:\/\/tajkertesz.com\/termek\/gladiolus-communis-ssp-byzantinus-bizanci-kardvirag\/#primaryimage","url":"https:\/\/tajkertesz.com\/wp-content\/uploads\/2021\/08\/Gladiolus_comm._.jpg","contentUrl":"https:\/\/tajkertesz.com\/wp-content\/uploads\/2021\/08\/Gladiolus_comm._.jpg","width":397,"height":600,"caption":"Gladiolus communis ssp. byzantinus - Biz\u00e1nci kardvir\u00e1g"},{"@type":"BreadcrumbList","@id":"https:\/\/tajkertesz.com\/termek\/gladiolus-communis-ssp-byzantinus-bizanci-kardvirag\/#breadcrumb","itemListElement":[{"@type":"ListItem","position":1,"name":"Home","item":"https:\/\/tajkertesz.com\/"},{"@type":"ListItem","position":2,"name":"Kezd\u0151lap","item":"https:\/\/tajkertesz.com\/"},{"@type":"ListItem","position":3,"name":"Gladiolus communis ssp. byzantinus &#8211; Biz\u00e1nci kardvir\u00e1g"}]},{"@type":"WebSite","@id":"https:\/\/tajkertesz.com\/#website","url":"https:\/\/tajkertesz.com\/","name":"T\u00e1j-Kert\u00e9sz 84 Kft.","description":"Kert\u00e9szeti kis- \u00e9s nagykeresked\u00e9s, D\u00edszn\u00f6v\u00e9ny web\u00e1ruh\u00e1z orsz\u00e1gos h\u00e1zhozsz\u00e1ll\u00edt\u00e1ssal!","publisher":{"@id":"https:\/\/tajkertesz.com\/#organization"},"potentialAction":[{"@type":"SearchAction","target":{"@type":"EntryPoint","urlTemplate":"https:\/\/tajkertesz.com\/?s={search_term_string}"},"query-input":{"@type":"PropertyValueSpecification","valueRequired":true,"valueName":"search_term_string"}}],"inLanguage":"en-US"},{"@type":"Organization","@id":"https:\/\/tajkertesz.com\/#organization","name":"T\u00e1j-Kert\u00e9sz 84 Kft.","url":"https:\/\/tajkertesz.com\/","logo":{"@type":"ImageObject","inLanguage":"en-US","@id":"https:\/\/tajkertesz.com\/#\/schema\/logo\/image\/","url":"https:\/\/tajkertesz.com\/wp-content\/uploads\/2018\/02\/logo-2-e1518678052539.png","contentUrl":"https:\/\/tajkertesz.com\/wp-content\/uploads\/2018\/02\/logo-2-e1518678052539.png","width":81,"height":140,"caption":"T\u00e1j-Kert\u00e9sz 84 Kft."},"image":{"@id":"https:\/\/tajkertesz.com\/#\/schema\/logo\/image\/"},"sameAs":["https:\/\/www.facebook.com\/Tajkertesz\/"]}]}},"_links":{"self":[{"href":"https:\/\/tajkertesz.com\/en_US\/wp-json\/wp\/v2\/product\/8125","targetHints":{"allow":["GET"]}}],"collection":[{"href":"https:\/\/tajkertesz.com\/en_US\/wp-json\/wp\/v2\/product"}],"about":[{"href":"https:\/\/tajkertesz.com\/en_US\/wp-json\/wp\/v2\/types\/product"}],"wp:featuredmedia":[{"embeddable":true,"href":"https:\/\/tajkertesz.com\/en_US\/wp-json\/wp\/v2\/media\/8126"}],"wp:attachment":[{"href":"https:\/\/tajkertesz.com\/en_US\/wp-json\/wp\/v2\/media?parent=8125"}],"wp:term":[{"taxonomy":"product_brand","embeddable":true,"href":"https:\/\/tajkertesz.com\/en_US\/wp-json\/wp\/v2\/product_brand?post=8125"},{"taxonomy":"product_cat","embeddable":true,"href":"https:\/\/tajkertesz.com\/en_US\/wp-json\/wp\/v2\/product_cat?post=8125"},{"taxonomy":"product_tag","embeddable":true,"href":"https:\/\/tajkertesz.com\/en_US\/wp-json\/wp\/v2\/product_tag?post=8125"}],"curies":[{"name":"wp","href":"https:\/\/api.w.org\/{rel}","templated":true}]}}