{"id":813,"date":"2020-02-17T11:14:44","date_gmt":"2020-02-17T11:14:44","guid":{"rendered":"https:\/\/tajkertesz.com\/?post_type=product&#038;p=813"},"modified":"2026-03-14T11:28:36","modified_gmt":"2026-03-14T11:28:36","slug":"catalpa-bungei-gomb-szivarfa-3","status":"publish","type":"product","link":"https:\/\/tajkertesz.com\/en_US\/product\/catalpa-bungei-gomb-szivarfa-3\/","title":{"rendered":"Catalpa bungei &#8211; G\u00f6mb szivarfa"},"content":{"rendered":"<h1>Catalpa bungei &#8211; G\u00f6mb szivarfa<\/h1>\n<p>A Catalpa bungei &#8211; G\u00f6mb szivarfa 3-5 m\u00e9ter magas, lapos g\u00f6mbkoron\u00e1t nevel\u0151, s\u0171r\u0171 \u00e1gas fa, melyet magas t\u00f6rzsre oltanak.<\/p>\n<h2>Catalpa bungei &#8211; G\u00f6mb szivarfa jellemz\u0151i:<\/h2>\n<p data-start=\"571\" data-end=\"779\">A <strong data-start=\"573\" data-end=\"591\">Catalpa bungei<\/strong> egy rendk\u00edv\u00fcl dekorat\u00edv, t\u00f6rzsre oltott d\u00edszfa, amely s\u0171r\u0171, szab\u00e1lyos g\u00f6mb koron\u00e1t nevel. Nagy, sz\u00edv alak\u00fa levelei friss z\u00f6ld sz\u00edn\u00fckkel eg\u00e9sz szezonban l\u00e1tv\u00e1nyos megjelen\u00e9st biztos\u00edtanak.<\/p>\n<h3>G\u00f6mb szivarfa gondoz\u00e1sa<\/h3>\n<p data-start=\"781\" data-end=\"980\">A g\u00f6mb szivarfa ide\u00e1lis v\u00e1laszt\u00e1s kisebb kertekbe, parkokba, el\u0151kertekbe vagy ak\u00e1r sorfa \u00fcltet\u00e9shez is. Kompakt n\u00f6veked\u00e9se miatt kev\u00e9s metsz\u00e9st ig\u00e9nyel, \u00e9s j\u00f3l alkalmazkodik a v\u00e1rosi k\u00f6rnyezethez is.<\/p>\n<p data-start=\"982\" data-end=\"1128\">A n\u00f6v\u00e9ny napos vagy f\u00e9l\u00e1rny\u00e9kos helyen fejl\u0151dik a legszebben, j\u00f3 v\u00edz\u00e1tereszt\u0151 talajban. L\u00e1tv\u00e1nyos koron\u00e1ja miatt sok kert\u00e9p\u00edt\u00e9sz kedvelt d\u00edszf\u00e1ja.<\/p>\n<h4><span style=\"color: #ff0000;\">M\u00e9ret\u00e9n\u00e9l fogva fut\u00e1rszolg\u00e1lattal nem sz\u00e1ll\u00edthat\u00f3!!!<\/span><\/h4>\n<h4><strong>\ud83d\udd04 K\u00e9szletinform\u00e1ci\u00f3<\/strong><\/h4>\n<p><strong>K\u00e9szlet\u00fcnk napi szinten v\u00e1ltozik, \u00edgy a webshopban szerepl<\/strong><strong>\u0151<\/strong><strong>\u00a0term\u00e9kek el\u00e9rhet<\/strong><strong>\u0151<\/strong><strong>s\u00e9ge nem garant\u00e1lt.<br \/>\n\ud83d\udcde A megrendel\u00e9s el<\/strong><strong>\u0151<\/strong><strong>tt k\u00e9rj\u00fck, \u00e9rdekl<\/strong><strong>\u0151<\/strong><strong>dj\u00f6n szem\u00e9lyesen, telefonon vagy e-mailben!<\/strong><\/p>\n<h4><strong>\u27a1\ufe0f Kapcsolat:<\/strong><\/h4>\n<ul>\n<li><strong>Weboldal:\u00a0<\/strong><a href=\"https:\/\/tajkertesz.com\/\"><strong>tajkertesz.com<\/strong><\/a><\/li>\n<li><strong>Facebook:\u00a0<\/strong><a href=\"https:\/\/www.facebook.com\/tajkertesz\/\"><strong>facebook.com\/tajkertesz<\/strong><\/a><\/li>\n<li><strong>Telefonsz\u00e1m, e-mail: +36\/20-319-3770\u00a0<\/strong><a href=\"mailto:tajkerteszaruda@gmail.com\"><strong>tajkerteszaruda@gmail.com<\/strong><\/a><\/li>\n<\/ul>\n<h4><strong>\ud83d\ude9a Sz\u00e1ll\u00edt\u00e1si inform\u00e1ci\u00f3k<\/strong><\/h4>\n<p><strong>A megrendelt n\u00f6v\u00e9nyek kisz\u00e1ll\u00edt\u00e1sa az al\u00e1bbi felt\u00e9telek mellett t\u00f6rt\u00e9nik:<\/strong><\/p>\n<h4><strong>\ud83d\udce6 Fut\u00e1rszolg\u00e1latos sz\u00e1ll\u00edt\u00e1s<\/strong><\/h4>\n<ul>\n<li><strong>Maxim\u00e1lis m\u00e9ret: 200 cm (hossz\u00fas\u00e1g)<\/strong><\/li>\n<li><strong>Maxim\u00e1lis s\u00faly: 40 kg<\/strong><\/li>\n<li><strong>Az enn\u00e9l kisebb \u00e9s k\u00f6nnyebb csomagokat fut\u00e1rszolg\u00e1lattal k\u00e9zbes\u00edtj\u00fck a lehet<\/strong><strong>\u0151<\/strong><strong>\u00a0legbiztons\u00e1gosabb csomagol\u00e1sban.<\/strong><\/li>\n<\/ul>\n<h4><strong>\ud83d\udefb Szem\u00e9lyes \u00e1tv\u00e9tel<\/strong><\/h4>\n<ul>\n<li><strong>1173 Budapest, Bakancsos utca 7. sz\u00e1m alatt nyitvatart\u00e1si id<\/strong><strong>\u0151<\/strong><strong>ben szem\u00e9lyesen \u00e1tvehet<\/strong><strong>\u0151<\/strong><strong>\u00a0kert\u00e9szeti \u00e1rud\u00e1nkban.<\/strong><\/li>\n<li><strong>K\u00f6lts\u00e9ghat\u00e9kony megold\u00e1s nagyobb, t\u00f6r\u00e9kenyebb vagy t\u00falm\u00e9retes n\u00f6v\u00e9nyek eset\u00e9n.<\/strong><\/li>\n<\/ul>\n<h4><strong>\ud83d\udcde Nagy m\u00e9ret<\/strong><strong>\u0171<\/strong><strong>\u00a0vagy s\u00faly\u00fa n\u00f6v\u00e9nyek eset\u00e9n<\/strong><\/h4>\n<p><strong>Ha a term\u00e9k:<\/strong><\/p>\n<ul>\n<li><strong>meghaladja a 200 cm hossz\u00fas\u00e1got vagy<\/strong><\/li>\n<li><strong>meghaladja a 40 kg s\u00falyt,<\/strong><\/li>\n<\/ul>\n<p><strong>akkor szem\u00e9lyes \u00e1tv\u00e9tellel vagy egyedi, el<\/strong><strong>\u0151<\/strong><strong>re egyeztetett sz\u00e1ll\u00edt\u00e1si felt\u00e9telek mellett t\u00f6rt\u00e9nik.<br \/>\nK\u00e9rj\u00fck, ilyen esetben rendel\u00e9s el<\/strong><strong>\u0151<\/strong><strong>tt vegye fel vel\u00fcnk a kapcsolatot, hogy a lehet<\/strong><strong>\u0151<\/strong><strong>\u00a0legmegfelel<\/strong><strong>\u0151<\/strong><strong>bb sz\u00e1ll\u00edt\u00e1si megold\u00e1st k\u00edn\u00e1lhassuk.<\/strong><\/p>\n<p><strong>\ud83d\udd14 Fontos: A n\u00f6v\u00e9nyeket minden esetben igyeksz\u00fcnk gondosan, egyes\u00e9vel csomagolni, azonban a sz\u00e1ll\u00edt\u00e1s sor\u00e1n kisebb eszt\u00e9tikai s\u00e9r\u00fcl\u00e9sek el<\/strong><strong>\u0151<\/strong><strong>fordulhatnak (pl. lev\u00e9lhull\u00e1s). Ez nem min<\/strong><strong>\u0151<\/strong><strong>s\u00fcl hib\u00e1s teljes\u00edt\u00e9snek.<\/strong><\/p>\n<h4><strong>\ud83d\udcf7 Fontos tudni a k\u00e9pekr<\/strong><strong>\u0151<\/strong><strong>l<\/strong><\/h4>\n<p><strong>A webshopban szerepl<\/strong><strong>\u0151<\/strong><strong>\u00a0k\u00e9pek illusztr\u00e1ci\u00f3k, a n\u00f6v\u00e9nyek term\u00e9szet\u00fckn\u00e9l fogva egyediek, \u00edgy m\u00e9retben, alakban \u00e9s sz\u00ednben minim\u00e1lis elt\u00e9r\u00e9sek el<\/strong><strong>\u0151<\/strong><strong>fordulhatnak a k\u00e9pen l\u00e1that\u00f3 \u00e9s a val\u00f3s p\u00e9ld\u00e1nyok k\u00f6z\u00f6tt.<\/strong><\/p>\n<h4><strong>\ud83e\uddfe \u00c1rak \u00e9s el\u00e1ll\u00e1si jog<\/strong><\/h4>\n<ul>\n<li><strong>Az \u00e1rak egy darab\u00a0n\u00f6v\u00e9nyre vonatkoznak.<\/strong><\/li>\n<li><strong>\u00c9l<\/strong><strong>\u0151<\/strong><strong>\u00a0n\u00f6v\u00e9nyek rendel\u00e9se eset\u00e9n a 14 napos el\u00e1ll\u00e1s joga nem \u00e9rv\u00e9nyes\u00edthet<\/strong><strong>\u0151<\/strong><strong>, mivel azok romland\u00f3, biol\u00f3giailag \u00e9l<\/strong><strong>\u0151<\/strong><strong>\u00a0term\u00e9keknek min<\/strong><strong>\u0151<\/strong><strong>s\u00fclnek.<br \/>\n\ud83d\udd12 (17\/1999. (II. 5.) Korm. rendelet 5. \u00a7 c) pontja alapj\u00e1n)<\/strong><\/li>\n<\/ul>\n<h4><strong>\ud83d\udce6 K\u00e9zbes\u00edt\u00e9s ut\u00e1ni teend<\/strong><strong>\u0151<\/strong><strong>k<\/strong><\/h4>\n<p><strong>A k\u00e9zbes\u00edt\u00e9st k\u00f6vet<\/strong><strong>\u0151<\/strong><strong>en a csomagot azonnal bontsuk ki, \u00e9s a n\u00f6v\u00e9nyt helyezz\u00fck el megfelel<\/strong><strong>\u0151<\/strong><strong>\u00a0k\u00f6rnyezetben.<br \/>\nFontos: ha a n\u00f6v\u00e9ny nem r\u00e9szes\u00fcl megfelel<\/strong><strong>\u0151<\/strong><strong>\u00a0gondoz\u00e1sban \u00e9s ennek k\u00f6vetkezt\u00e9ben k\u00e1rosodik vagy elpusztul, felel<\/strong><strong>\u0151<\/strong><strong>ss\u00e9get nem tudunk v\u00e1llalni.<\/strong><\/p>\n<p>&nbsp;<\/p>","protected":false},"excerpt":{"rendered":"<p>A <strong data-start=\"261\" data-end=\"279\">Catalpa bungei<\/strong>, m\u00e1s n\u00e9ven g\u00f6mb szivarfa, egy k\u00fcl\u00f6nleges d\u00edszfa, amely kompakt, g\u00f6mb alak\u00fa koron\u00e1j\u00e1val \u00e9s nagy, sz\u00edv alak\u00fa leveleivel d\u00edsz\u00edti a kerteket. T\u00f6rzsre oltott form\u00e1ban k\u00fcl\u00f6n\u00f6sen dekorat\u00edv, ez\u00e9rt kiv\u00e1l\u00f3 v\u00e1laszt\u00e1s kisebb kertekbe, el\u0151kertekbe vagy utcafronti \u00fcltet\u00e9shez.<\/p>\n<p>T\u00f6rzs ker\u00fclete:10\/12 cm<\/p>\n<p>Kont\u00e9ner m\u00e9rete: 25L.<\/p>\n<p>kb: 200\/220cm magas t\u00f6rzsre oltva.<\/p>\n<h1><span style=\"color: #ff0000;\">M\u00e9ret\u00e9n\u00e9l fogva fut\u00e1rszolg\u00e1lattal nem sz\u00e1ll\u00edthat\u00f3!!!<\/span><\/h1>\n<p>&nbsp;<\/p>","protected":false},"featured_media":791,"template":"","meta":{"_et_pb_use_builder":"","_et_pb_old_content":"","_et_gb_content_width":""},"product_brand":[],"product_cat":[28],"product_tag":[69,8093,8096,8098,68,8095,8097,3910,8094],"class_list":{"0":"post-813","1":"product","2":"type-product","3":"status-publish","4":"has-post-thumbnail","6":"product_cat-diszfak","7":"product_tag-catalpa","8":"product_tag-catalpa-bungei","9":"product_tag-diszfa-kertbe","10":"product_tag-elokert-diszfa","11":"product_tag-gomb-szivarfa","12":"product_tag-gombfa-kertbe","13":"product_tag-kis-termetu-diszfa","14":"product_tag-szivarfa","15":"product_tag-torzses-katalpa","17":"first","18":"instock","19":"shipping-taxable","20":"purchasable","21":"product-type-simple"},"yoast_head":"<!-- This site is optimized with the Yoast SEO plugin v27.5 - https:\/\/yoast.com\/product\/yoast-seo-wordpress\/ -->\n<title>Catalpa bungei - G\u00f6mb szivarfa - T\u00e1jkert\u00e9sz<\/title>\n<meta name=\"description\" content=\"Catalpa bungei - G\u00f6mb szivarfa t\u00f6rzsre oltott dekorat\u00edv d\u00edszfa g\u00f6mb koron\u00e1val \u00e9s nagy levelekkel. Ide\u00e1lis kisebb kertekbe \u00e9s el\u0151kertekbe.\" \/>\n<meta name=\"robots\" content=\"index, follow, max-snippet:-1, max-image-preview:large, max-video-preview:-1\" \/>\n<link rel=\"canonical\" href=\"https:\/\/tajkertesz.com\/en_US\/product\/catalpa-bungei-gomb-szivarfa-3\/\" \/>\n<meta property=\"og:locale\" content=\"en_US\" \/>\n<meta property=\"og:type\" content=\"article\" \/>\n<meta property=\"og:title\" content=\"Catalpa bungei - G\u00f6mb szivarfa - T\u00e1jkert\u00e9sz\" \/>\n<meta property=\"og:description\" content=\"Catalpa bungei - G\u00f6mb szivarfa t\u00f6rzsre oltott dekorat\u00edv d\u00edszfa g\u00f6mb koron\u00e1val \u00e9s nagy levelekkel. Ide\u00e1lis kisebb kertekbe \u00e9s el\u0151kertekbe.\" \/>\n<meta property=\"og:url\" content=\"https:\/\/tajkertesz.com\/en_US\/product\/catalpa-bungei-gomb-szivarfa-3\/\" \/>\n<meta property=\"og:site_name\" content=\"T\u00e1jkert\u00e9sz\" \/>\n<meta property=\"article:publisher\" content=\"https:\/\/www.facebook.com\/Tajkertesz\/\" \/>\n<meta property=\"article:modified_time\" content=\"2026-03-14T11:28:36+00:00\" \/>\n<meta property=\"og:image\" content=\"https:\/\/tajkertesz.com\/wp-content\/uploads\/2020\/02\/G\u00f6mb-szivarfa.jpg\" \/>\n\t<meta property=\"og:image:width\" content=\"203\" \/>\n\t<meta property=\"og:image:height\" content=\"248\" \/>\n\t<meta property=\"og:image:type\" content=\"image\/jpeg\" \/>\n<meta name=\"twitter:card\" content=\"summary_large_image\" \/>\n<meta name=\"twitter:label1\" content=\"Est. reading time\" \/>\n\t<meta name=\"twitter:data1\" content=\"3 minutes\" \/>\n<script type=\"application\/ld+json\" class=\"yoast-schema-graph\">{\"@context\":\"https:\\\/\\\/schema.org\",\"@graph\":[{\"@type\":\"WebPage\",\"@id\":\"https:\\\/\\\/tajkertesz.com\\\/termek\\\/catalpa-bungei-gomb-szivarfa-3\\\/\",\"url\":\"https:\\\/\\\/tajkertesz.com\\\/termek\\\/catalpa-bungei-gomb-szivarfa-3\\\/\",\"name\":\"Catalpa bungei - G\u00f6mb szivarfa - T\u00e1jkert\u00e9sz\",\"isPartOf\":{\"@id\":\"https:\\\/\\\/tajkertesz.com\\\/#website\"},\"primaryImageOfPage\":{\"@id\":\"https:\\\/\\\/tajkertesz.com\\\/termek\\\/catalpa-bungei-gomb-szivarfa-3\\\/#primaryimage\"},\"image\":{\"@id\":\"https:\\\/\\\/tajkertesz.com\\\/termek\\\/catalpa-bungei-gomb-szivarfa-3\\\/#primaryimage\"},\"thumbnailUrl\":\"https:\\\/\\\/tajkertesz.com\\\/wp-content\\\/uploads\\\/2020\\\/02\\\/G\u00f6mb-szivarfa.jpg\",\"datePublished\":\"2020-02-17T11:14:44+00:00\",\"dateModified\":\"2026-03-14T11:28:36+00:00\",\"description\":\"Catalpa bungei - G\u00f6mb szivarfa t\u00f6rzsre oltott dekorat\u00edv d\u00edszfa g\u00f6mb koron\u00e1val \u00e9s nagy levelekkel. Ide\u00e1lis kisebb kertekbe \u00e9s el\u0151kertekbe.\",\"breadcrumb\":{\"@id\":\"https:\\\/\\\/tajkertesz.com\\\/termek\\\/catalpa-bungei-gomb-szivarfa-3\\\/#breadcrumb\"},\"inLanguage\":\"en-US\",\"potentialAction\":[{\"@type\":\"ReadAction\",\"target\":[\"https:\\\/\\\/tajkertesz.com\\\/termek\\\/catalpa-bungei-gomb-szivarfa-3\\\/\"]}]},{\"@type\":\"ImageObject\",\"inLanguage\":\"en-US\",\"@id\":\"https:\\\/\\\/tajkertesz.com\\\/termek\\\/catalpa-bungei-gomb-szivarfa-3\\\/#primaryimage\",\"url\":\"https:\\\/\\\/tajkertesz.com\\\/wp-content\\\/uploads\\\/2020\\\/02\\\/G\u00f6mb-szivarfa.jpg\",\"contentUrl\":\"https:\\\/\\\/tajkertesz.com\\\/wp-content\\\/uploads\\\/2020\\\/02\\\/G\u00f6mb-szivarfa.jpg\",\"width\":203,\"height\":248,\"caption\":\"Catalpa bungei - G\u00f6mb szivarfa\"},{\"@type\":\"BreadcrumbList\",\"@id\":\"https:\\\/\\\/tajkertesz.com\\\/termek\\\/catalpa-bungei-gomb-szivarfa-3\\\/#breadcrumb\",\"itemListElement\":[{\"@type\":\"ListItem\",\"position\":1,\"name\":\"Home\",\"item\":\"https:\\\/\\\/tajkertesz.com\\\/\"},{\"@type\":\"ListItem\",\"position\":2,\"name\":\"Kezd\u0151lap\",\"item\":\"https:\\\/\\\/tajkertesz.com\\\/\"},{\"@type\":\"ListItem\",\"position\":3,\"name\":\"Catalpa bungei &#8211; G\u00f6mb szivarfa\"}]},{\"@type\":\"WebSite\",\"@id\":\"https:\\\/\\\/tajkertesz.com\\\/#website\",\"url\":\"https:\\\/\\\/tajkertesz.com\\\/\",\"name\":\"T\u00e1j-Kert\u00e9sz 84 Kft.\",\"description\":\"Kert\u00e9szeti kis- \u00e9s nagykeresked\u00e9s, D\u00edszn\u00f6v\u00e9ny web\u00e1ruh\u00e1z orsz\u00e1gos h\u00e1zhozsz\u00e1ll\u00edt\u00e1ssal!\",\"publisher\":{\"@id\":\"https:\\\/\\\/tajkertesz.com\\\/#organization\"},\"potentialAction\":[{\"@type\":\"SearchAction\",\"target\":{\"@type\":\"EntryPoint\",\"urlTemplate\":\"https:\\\/\\\/tajkertesz.com\\\/?s={search_term_string}\"},\"query-input\":{\"@type\":\"PropertyValueSpecification\",\"valueRequired\":true,\"valueName\":\"search_term_string\"}}],\"inLanguage\":\"en-US\"},{\"@type\":\"Organization\",\"@id\":\"https:\\\/\\\/tajkertesz.com\\\/#organization\",\"name\":\"T\u00e1j-Kert\u00e9sz 84 Kft.\",\"url\":\"https:\\\/\\\/tajkertesz.com\\\/\",\"logo\":{\"@type\":\"ImageObject\",\"inLanguage\":\"en-US\",\"@id\":\"https:\\\/\\\/tajkertesz.com\\\/#\\\/schema\\\/logo\\\/image\\\/\",\"url\":\"https:\\\/\\\/tajkertesz.com\\\/wp-content\\\/uploads\\\/2018\\\/02\\\/logo-2-e1518678052539.png\",\"contentUrl\":\"https:\\\/\\\/tajkertesz.com\\\/wp-content\\\/uploads\\\/2018\\\/02\\\/logo-2-e1518678052539.png\",\"width\":81,\"height\":140,\"caption\":\"T\u00e1j-Kert\u00e9sz 84 Kft.\"},\"image\":{\"@id\":\"https:\\\/\\\/tajkertesz.com\\\/#\\\/schema\\\/logo\\\/image\\\/\"},\"sameAs\":[\"https:\\\/\\\/www.facebook.com\\\/Tajkertesz\\\/\"]}]}<\/script>\n<!-- \/ Yoast SEO plugin. -->","yoast_head_json":{"title":"Catalpa bungei - G\u00f6mb szivarfa - T\u00e1jkert\u00e9sz","description":"Catalpa bungei - G\u00f6mb szivarfa t\u00f6rzsre oltott dekorat\u00edv d\u00edszfa g\u00f6mb koron\u00e1val \u00e9s nagy levelekkel. Ide\u00e1lis kisebb kertekbe \u00e9s el\u0151kertekbe.","robots":{"index":"index","follow":"follow","max-snippet":"max-snippet:-1","max-image-preview":"max-image-preview:large","max-video-preview":"max-video-preview:-1"},"canonical":"https:\/\/tajkertesz.com\/en_US\/product\/catalpa-bungei-gomb-szivarfa-3\/","og_locale":"en_US","og_type":"article","og_title":"Catalpa bungei - G\u00f6mb szivarfa - T\u00e1jkert\u00e9sz","og_description":"Catalpa bungei - G\u00f6mb szivarfa t\u00f6rzsre oltott dekorat\u00edv d\u00edszfa g\u00f6mb koron\u00e1val \u00e9s nagy levelekkel. Ide\u00e1lis kisebb kertekbe \u00e9s el\u0151kertekbe.","og_url":"https:\/\/tajkertesz.com\/en_US\/product\/catalpa-bungei-gomb-szivarfa-3\/","og_site_name":"T\u00e1jkert\u00e9sz","article_publisher":"https:\/\/www.facebook.com\/Tajkertesz\/","article_modified_time":"2026-03-14T11:28:36+00:00","og_image":[{"width":203,"height":248,"url":"https:\/\/tajkertesz.com\/wp-content\/uploads\/2020\/02\/G\u00f6mb-szivarfa.jpg","type":"image\/jpeg"}],"twitter_card":"summary_large_image","twitter_misc":{"Est. reading time":"3 minutes"},"schema":{"@context":"https:\/\/schema.org","@graph":[{"@type":"WebPage","@id":"https:\/\/tajkertesz.com\/termek\/catalpa-bungei-gomb-szivarfa-3\/","url":"https:\/\/tajkertesz.com\/termek\/catalpa-bungei-gomb-szivarfa-3\/","name":"Catalpa bungei - G\u00f6mb szivarfa - T\u00e1jkert\u00e9sz","isPartOf":{"@id":"https:\/\/tajkertesz.com\/#website"},"primaryImageOfPage":{"@id":"https:\/\/tajkertesz.com\/termek\/catalpa-bungei-gomb-szivarfa-3\/#primaryimage"},"image":{"@id":"https:\/\/tajkertesz.com\/termek\/catalpa-bungei-gomb-szivarfa-3\/#primaryimage"},"thumbnailUrl":"https:\/\/tajkertesz.com\/wp-content\/uploads\/2020\/02\/G\u00f6mb-szivarfa.jpg","datePublished":"2020-02-17T11:14:44+00:00","dateModified":"2026-03-14T11:28:36+00:00","description":"Catalpa bungei - G\u00f6mb szivarfa t\u00f6rzsre oltott dekorat\u00edv d\u00edszfa g\u00f6mb koron\u00e1val \u00e9s nagy levelekkel. Ide\u00e1lis kisebb kertekbe \u00e9s el\u0151kertekbe.","breadcrumb":{"@id":"https:\/\/tajkertesz.com\/termek\/catalpa-bungei-gomb-szivarfa-3\/#breadcrumb"},"inLanguage":"en-US","potentialAction":[{"@type":"ReadAction","target":["https:\/\/tajkertesz.com\/termek\/catalpa-bungei-gomb-szivarfa-3\/"]}]},{"@type":"ImageObject","inLanguage":"en-US","@id":"https:\/\/tajkertesz.com\/termek\/catalpa-bungei-gomb-szivarfa-3\/#primaryimage","url":"https:\/\/tajkertesz.com\/wp-content\/uploads\/2020\/02\/G\u00f6mb-szivarfa.jpg","contentUrl":"https:\/\/tajkertesz.com\/wp-content\/uploads\/2020\/02\/G\u00f6mb-szivarfa.jpg","width":203,"height":248,"caption":"Catalpa bungei - G\u00f6mb szivarfa"},{"@type":"BreadcrumbList","@id":"https:\/\/tajkertesz.com\/termek\/catalpa-bungei-gomb-szivarfa-3\/#breadcrumb","itemListElement":[{"@type":"ListItem","position":1,"name":"Home","item":"https:\/\/tajkertesz.com\/"},{"@type":"ListItem","position":2,"name":"Kezd\u0151lap","item":"https:\/\/tajkertesz.com\/"},{"@type":"ListItem","position":3,"name":"Catalpa bungei &#8211; G\u00f6mb szivarfa"}]},{"@type":"WebSite","@id":"https:\/\/tajkertesz.com\/#website","url":"https:\/\/tajkertesz.com\/","name":"T\u00e1j-Kert\u00e9sz 84 Kft.","description":"Kert\u00e9szeti kis- \u00e9s nagykeresked\u00e9s, D\u00edszn\u00f6v\u00e9ny web\u00e1ruh\u00e1z orsz\u00e1gos h\u00e1zhozsz\u00e1ll\u00edt\u00e1ssal!","publisher":{"@id":"https:\/\/tajkertesz.com\/#organization"},"potentialAction":[{"@type":"SearchAction","target":{"@type":"EntryPoint","urlTemplate":"https:\/\/tajkertesz.com\/?s={search_term_string}"},"query-input":{"@type":"PropertyValueSpecification","valueRequired":true,"valueName":"search_term_string"}}],"inLanguage":"en-US"},{"@type":"Organization","@id":"https:\/\/tajkertesz.com\/#organization","name":"T\u00e1j-Kert\u00e9sz 84 Kft.","url":"https:\/\/tajkertesz.com\/","logo":{"@type":"ImageObject","inLanguage":"en-US","@id":"https:\/\/tajkertesz.com\/#\/schema\/logo\/image\/","url":"https:\/\/tajkertesz.com\/wp-content\/uploads\/2018\/02\/logo-2-e1518678052539.png","contentUrl":"https:\/\/tajkertesz.com\/wp-content\/uploads\/2018\/02\/logo-2-e1518678052539.png","width":81,"height":140,"caption":"T\u00e1j-Kert\u00e9sz 84 Kft."},"image":{"@id":"https:\/\/tajkertesz.com\/#\/schema\/logo\/image\/"},"sameAs":["https:\/\/www.facebook.com\/Tajkertesz\/"]}]}},"_links":{"self":[{"href":"https:\/\/tajkertesz.com\/en_US\/wp-json\/wp\/v2\/product\/813","targetHints":{"allow":["GET"]}}],"collection":[{"href":"https:\/\/tajkertesz.com\/en_US\/wp-json\/wp\/v2\/product"}],"about":[{"href":"https:\/\/tajkertesz.com\/en_US\/wp-json\/wp\/v2\/types\/product"}],"wp:featuredmedia":[{"embeddable":true,"href":"https:\/\/tajkertesz.com\/en_US\/wp-json\/wp\/v2\/media\/791"}],"wp:attachment":[{"href":"https:\/\/tajkertesz.com\/en_US\/wp-json\/wp\/v2\/media?parent=813"}],"wp:term":[{"taxonomy":"product_brand","embeddable":true,"href":"https:\/\/tajkertesz.com\/en_US\/wp-json\/wp\/v2\/product_brand?post=813"},{"taxonomy":"product_cat","embeddable":true,"href":"https:\/\/tajkertesz.com\/en_US\/wp-json\/wp\/v2\/product_cat?post=813"},{"taxonomy":"product_tag","embeddable":true,"href":"https:\/\/tajkertesz.com\/en_US\/wp-json\/wp\/v2\/product_tag?post=813"}],"curies":[{"name":"wp","href":"https:\/\/api.w.org\/{rel}","templated":true}]}}