{"id":8131,"date":"2021-08-18T07:04:50","date_gmt":"2021-08-18T07:04:50","guid":{"rendered":"https:\/\/tajkertesz.com\/?post_type=product&#038;p=8131"},"modified":"2025-11-04T11:57:09","modified_gmt":"2025-11-04T11:57:09","slug":"iris-reticulata-harmony-receshagymaju-irisz-kek","status":"publish","type":"product","link":"https:\/\/tajkertesz.com\/en_US\/product\/iris-reticulata-harmony-receshagymaju-irisz-kek\/","title":{"rendered":"Iris reticulata Harmony &#8211; Rec\u00e9shagym\u00e1j\u00fa \u00edrisz k\u00e9k"},"content":{"rendered":"<h1 class=\"product_title entry-title\">Iris reticulata Harmony &#8211; Rec\u00e9shagym\u00e1j\u00fa \u00edrisz k\u00e9k<\/h1>\n<p data-start=\"662\" data-end=\"959\">Az Iris reticulata Harmony &#8211; Rec\u00e9shagym\u00e1j\u00fa \u00edrisz k\u00e9k\u00a0egy t\u00f6rpe termet\u0171, rendk\u00edv\u00fcl kor\u00e1n \u2013 ak\u00e1r febru\u00e1r v\u00e9g\u00e9n vagy m\u00e1rcius elej\u00e9n \u2013 vir\u00e1gz\u00f3 hagym\u00e1s n\u00f6v\u00e9ny. K\u00fcl\u00f6nlegesen \u00e9l\u00e9nk k\u00e9k szirmait s\u00e1rga mint\u00e1zat d\u00edsz\u00edti, amely m\u00e9g ink\u00e1bb kiemeli a vir\u00e1g sz\u00e9ps\u00e9g\u00e9t a m\u00e9g kop\u00e1r kora tavaszi kertben.<\/p>\n<p data-start=\"961\" data-end=\"1116\">Ez a fajta k\u00fcl\u00f6n\u00f6sen j\u00f3l mutat sziklakertekben, \u00e9vel\u0151\u00e1gy\u00e1sok szeg\u00e9ly\u00e9n vagy ak\u00e1r balkonl\u00e1d\u00e1ban. T\u00e9l\u00e1ll\u00f3, \u00e9s \u00e9vr\u0151l \u00e9vre visszat\u00e9r, ha megfelel\u0151en gondozzuk.<\/p>\n<h2 data-start=\"1118\" data-end=\"1145\">Iris reticulata Harmony \u00fcltet\u00e9si ideje \u00e9s ig\u00e9nyei<\/h2>\n<ul data-start=\"1147\" data-end=\"1392\">\n<li data-start=\"1147\" data-end=\"1188\">\n<p data-start=\"1149\" data-end=\"1188\"><strong data-start=\"1149\" data-end=\"1166\">\u00dcltet\u00e9si id\u0151:<\/strong> szeptember\u2013november<\/p>\n<\/li>\n<li data-start=\"1189\" data-end=\"1234\">\n<p data-start=\"1191\" data-end=\"1234\"><strong data-start=\"1191\" data-end=\"1204\">Vir\u00e1gz\u00e1s:<\/strong> febru\u00e1r v\u00e9ge \u2013 m\u00e1rcius v\u00e9ge<\/p>\n<\/li>\n<li data-start=\"1235\" data-end=\"1281\">\n<p data-start=\"1237\" data-end=\"1281\"><strong data-start=\"1237\" data-end=\"1251\">F\u00e9nyig\u00e9ny:<\/strong> napos vagy f\u00e9l\u00e1rny\u00e9kos hely<\/p>\n<\/li>\n<li data-start=\"1282\" data-end=\"1335\">\n<p data-start=\"1284\" data-end=\"1335\"><strong data-start=\"1284\" data-end=\"1294\">Talaj:<\/strong> j\u00f3 v\u00edz\u00e1tereszt\u0151, laza szerkezet\u0171 talaj<\/p>\n<\/li>\n<li data-start=\"1336\" data-end=\"1392\">\n<p data-start=\"1338\" data-end=\"1392\"><strong data-start=\"1338\" data-end=\"1353\">T\u00e9l\u00e1ll\u00f3s\u00e1g:<\/strong> teljesen t\u00e9l\u00e1ll\u00f3, takar\u00e1st nem ig\u00e9nyel<\/p>\n<\/li>\n<\/ul>\n<h3 data-start=\"1394\" data-end=\"1416\">Rec\u00e9shagym\u00e1j\u00fa \u00edrisz k\u00e9k gondoz\u00e1sa<\/h3>\n<p data-start=\"1418\" data-end=\"1655\">A hagym\u00e1kat 8\u201310 cm m\u00e9lyre \u00fcltesd el, k\u00f6r\u00fclbel\u00fcl 5\u20138 cm-es t\u0151t\u00e1vols\u00e1gra. Kedveli a naps\u00fct\u00e9st \u00e9s a j\u00f3 v\u00edzelvezet\u00e9s\u0171 talajt. Vir\u00e1gz\u00e1s ut\u00e1n hagyd, hogy a lombja term\u00e9szetesen elsz\u00e1radjon, \u00edgy a hagyma \u00fajra meger\u0151s\u00f6dhet a k\u00f6vetkez\u0151 szezonra.<\/p>\n<p><strong>Amennyiben nagyobb mennyis\u00e9gre lenne sz\u00fcks\u00e9g, vegye fel vel\u00fcnk a kapcsolatot \u00e9s beszerezz\u00fck!<\/strong><\/p>\n<h4><strong>\ud83d\udd04 K\u00e9szletinform\u00e1ci\u00f3<\/strong><\/h4>\n<p><strong>K\u00e9szlet\u00fcnk napi szinten v\u00e1ltozik, \u00edgy a webshopban szerepl<\/strong><strong>\u0151<\/strong><strong>\u00a0term\u00e9kek el\u00e9rhet<\/strong><strong>\u0151<\/strong><strong>s\u00e9ge nem garant\u00e1lt.<br \/>\n\ud83d\udcde A megrendel\u00e9s el<\/strong><strong>\u0151<\/strong><strong>tt k\u00e9rj\u00fck, \u00e9rdekl<\/strong><strong>\u0151<\/strong><strong>dj\u00f6n szem\u00e9lyesen, telefonon vagy e-mailben!<\/strong><\/p>\n<h4><strong>\u27a1\ufe0f Kapcsolat:<\/strong><\/h4>\n<ul>\n<li><strong>Weboldal:\u00a0<\/strong><a href=\"https:\/\/tajkertesz.com\/\"><strong>tajkertesz.com<\/strong><\/a><\/li>\n<li><strong>Facebook:\u00a0<\/strong><a href=\"https:\/\/www.facebook.com\/tajkertesz\/\"><strong>facebook.com\/tajkertesz<\/strong><\/a><\/li>\n<li><strong>Telefonsz\u00e1m, e-mail: +36\/20-319-3770\u00a0<\/strong><a href=\"mailto:tajkerteszaruda@gmail.com\"><strong>tajkerteszaruda@gmail.com<\/strong><\/a><\/li>\n<\/ul>\n<h4><strong>\ud83d\ude9a Sz\u00e1ll\u00edt\u00e1si inform\u00e1ci\u00f3k<\/strong><\/h4>\n<p><strong>A megrendelt n\u00f6v\u00e9nyek kisz\u00e1ll\u00edt\u00e1sa az al\u00e1bbi felt\u00e9telek mellett t\u00f6rt\u00e9nik:<\/strong><\/p>\n<h4><strong>\ud83d\udce6 Fut\u00e1rszolg\u00e1latos sz\u00e1ll\u00edt\u00e1s<\/strong><\/h4>\n<ul>\n<li><strong>Maxim\u00e1lis m\u00e9ret: 200 cm (hossz\u00fas\u00e1g)<\/strong><\/li>\n<li><strong>Maxim\u00e1lis s\u00faly: 40 kg<\/strong><\/li>\n<li><strong>Az enn\u00e9l kisebb \u00e9s k\u00f6nnyebb csomagokat fut\u00e1rszolg\u00e1lattal k\u00e9zbes\u00edtj\u00fck a lehet<\/strong><strong>\u0151<\/strong><strong>\u00a0legbiztons\u00e1gosabb csomagol\u00e1sban.<\/strong><\/li>\n<\/ul>\n<h4><strong>\ud83d\udefb Szem\u00e9lyes \u00e1tv\u00e9tel<\/strong><\/h4>\n<ul>\n<li><strong>1173 Budapest, Bakancsos utca 7. sz\u00e1m alatt nyitvatart\u00e1si id<\/strong><strong>\u0151<\/strong><strong>ben szem\u00e9lyesen \u00e1tvehet<\/strong><strong>\u0151<\/strong><strong>\u00a0kert\u00e9szeti \u00e1rud\u00e1nkban.<\/strong><\/li>\n<li><strong>K\u00f6lts\u00e9ghat\u00e9kony megold\u00e1s nagyobb, t\u00f6r\u00e9kenyebb vagy t\u00falm\u00e9retes n\u00f6v\u00e9nyek eset\u00e9n.<\/strong><\/li>\n<\/ul>\n<h4><strong>\ud83d\udcde Nagy m\u00e9ret<\/strong><strong>\u0171<\/strong><strong>\u00a0vagy s\u00faly\u00fa n\u00f6v\u00e9nyek eset\u00e9n<\/strong><\/h4>\n<p><strong>Ha a term\u00e9k:<\/strong><\/p>\n<ul>\n<li><strong>meghaladja a 200 cm hossz\u00fas\u00e1got vagy<\/strong><\/li>\n<li><strong>meghaladja a 40 kg s\u00falyt,<\/strong><\/li>\n<\/ul>\n<p><strong>akkor szem\u00e9lyes \u00e1tv\u00e9tellel vagy egyedi, el<\/strong><strong>\u0151<\/strong><strong>re egyeztetett sz\u00e1ll\u00edt\u00e1si felt\u00e9telek mellett t\u00f6rt\u00e9nik.<br \/>\nK\u00e9rj\u00fck, ilyen esetben rendel\u00e9s el<\/strong><strong>\u0151<\/strong><strong>tt vegye fel vel\u00fcnk a kapcsolatot, hogy a lehet<\/strong><strong>\u0151<\/strong><strong>\u00a0legmegfelel<\/strong><strong>\u0151<\/strong><strong>bb sz\u00e1ll\u00edt\u00e1si megold\u00e1st k\u00edn\u00e1lhassuk.<\/strong><\/p>\n<p><strong>\ud83d\udd14 Fontos: A n\u00f6v\u00e9nyeket minden esetben igyeksz\u00fcnk gondosan, egyes\u00e9vel csomagolni, azonban a sz\u00e1ll\u00edt\u00e1s sor\u00e1n kisebb eszt\u00e9tikai s\u00e9r\u00fcl\u00e9sek el<\/strong><strong>\u0151<\/strong><strong>fordulhatnak (pl. lev\u00e9lhull\u00e1s). Ez nem min<\/strong><strong>\u0151<\/strong><strong>s\u00fcl hib\u00e1s teljes\u00edt\u00e9snek.<\/strong><\/p>\n<h4><strong>\ud83d\udcf7 Fontos tudni a k\u00e9pekr<\/strong><strong>\u0151<\/strong><strong>l<\/strong><\/h4>\n<p><strong>A webshopban szerepl<\/strong><strong>\u0151<\/strong><strong>\u00a0k\u00e9pek illusztr\u00e1ci\u00f3k, a n\u00f6v\u00e9nyek term\u00e9szet\u00fckn\u00e9l fogva egyediek, \u00edgy m\u00e9retben, alakban \u00e9s sz\u00ednben minim\u00e1lis elt\u00e9r\u00e9sek el<\/strong><strong>\u0151<\/strong><strong>fordulhatnak a k\u00e9pen l\u00e1that\u00f3 \u00e9s a val\u00f3s p\u00e9ld\u00e1nyok k\u00f6z\u00f6tt.<\/strong><\/p>\n<h4><strong>\ud83e\uddfe \u00c1rak \u00e9s el\u00e1ll\u00e1si jog<\/strong><\/h4>\n<ul>\n<li><strong>Az \u00e1rak egy darab\u00a0n\u00f6v\u00e9nyre vonatkoznak.<\/strong><\/li>\n<li><strong>\u00c9l<\/strong><strong>\u0151<\/strong><strong>\u00a0n\u00f6v\u00e9nyek rendel\u00e9se eset\u00e9n a 14 napos el\u00e1ll\u00e1s joga nem \u00e9rv\u00e9nyes\u00edthet<\/strong><strong>\u0151<\/strong><strong>, mivel azok romland\u00f3, biol\u00f3giailag \u00e9l<\/strong><strong>\u0151<\/strong><strong>\u00a0term\u00e9keknek min<\/strong><strong>\u0151<\/strong><strong>s\u00fclnek.<br \/>\n\ud83d\udd12 (17\/1999. (II. 5.) Korm. rendelet 5. \u00a7 c) pontja alapj\u00e1n)<\/strong><\/li>\n<\/ul>\n<h4><strong>\ud83d\udce6 K\u00e9zbes\u00edt\u00e9s ut\u00e1ni teend<\/strong><strong>\u0151<\/strong><strong>k<\/strong><\/h4>\n<p><strong>A k\u00e9zbes\u00edt\u00e9st k\u00f6vet<\/strong><strong>\u0151<\/strong><strong>en a csomagot azonnal bontsuk ki, \u00e9s a n\u00f6v\u00e9nyt helyezz\u00fck el megfelel<\/strong><strong>\u0151<\/strong><strong>\u00a0k\u00f6rnyezetben.<br \/>\nFontos: ha a n\u00f6v\u00e9ny nem r\u00e9szes\u00fcl megfelel<\/strong><strong>\u0151<\/strong><strong>\u00a0gondoz\u00e1sban \u00e9s ennek k\u00f6vetkezt\u00e9ben k\u00e1rosodik vagy elpusztul, felel<\/strong><strong>\u0151<\/strong><strong>ss\u00e9get nem tudunk v\u00e1llalni.<\/strong><\/p>\n<p><strong>\u00a0<\/strong><\/p>","protected":false},"excerpt":{"rendered":"<p>Kor\u00e1n vir\u00e1gz\u00f3, t\u00f6rpe n\u00f6veked\u00e9s\u0171 \u00edriszfajta \u00e9l\u00e9nk k\u00e9k szirmokkal. T\u00f6k\u00e9letes v\u00e1laszt\u00e1s sziklakertekbe, \u00e1gy\u00e1sszeg\u00e9lyekbe \u00e9s cser\u00e9pbe is. Teljesen t\u00e9l\u00e1ll\u00f3.<\/p>","protected":false},"featured_media":8132,"template":"","meta":{"_et_pb_use_builder":"","_et_pb_old_content":"","_et_gb_content_width":""},"product_brand":[],"product_cat":[3857],"product_tag":[6318,4275,2380,6315,6317,6316,6314,6215,6272,6081],"class_list":{"0":"post-8131","1":"product","2":"type-product","3":"status-publish","4":"has-post-thumbnail","6":"product_cat-viraghagyma-dughagyma","7":"product_tag-harmony-irisz","8":"product_tag-iris","9":"product_tag-iris-reticulata-harmony-receshagymaju-irisz-torpe-kek","10":"product_tag-kek-irisz","11":"product_tag-kis-termetu-hagyma","12":"product_tag-koran-nyilo-virag","13":"product_tag-receshagymaju-irisz","14":"product_tag-sziklakerti-noveny","15":"product_tag-tavaszi-viraghagyma","16":"product_tag-telallo","18":"first","19":"outofstock","20":"shipping-taxable","21":"product-type-simple"},"yoast_head":"<!-- This site is optimized with the Yoast SEO plugin v27.3 - https:\/\/yoast.com\/product\/yoast-seo-wordpress\/ -->\n<title>Iris reticulata Harmony - Rec\u00e9shagym\u00e1j\u00fa \u00edrisz k\u00e9k - T\u00e1jkert\u00e9sz<\/title>\n<meta name=\"description\" content=\"Iris reticulata Harmony - Rec\u00e9shagym\u00e1j\u00fa \u00edrisz k\u00e9k t\u00f6rpe n\u00f6veked\u00e9s\u0171, kor\u00e1n ny\u00edl\u00f3 k\u00e9k \u00edrisz vir\u00e1ghagyma sziklakertekbe \u00e9s balkonra. \u00dcltethet\u0151 \u0151sszel, t\u00e9l\u00e1ll\u00f3.\" \/>\n<meta name=\"robots\" content=\"index, follow, max-snippet:-1, max-image-preview:large, max-video-preview:-1\" \/>\n<link rel=\"canonical\" href=\"https:\/\/tajkertesz.com\/en_US\/product\/iris-reticulata-harmony-receshagymaju-irisz-kek\/\" \/>\n<meta property=\"og:locale\" content=\"en_US\" \/>\n<meta property=\"og:type\" content=\"article\" \/>\n<meta property=\"og:title\" content=\"Iris reticulata Harmony - Rec\u00e9shagym\u00e1j\u00fa \u00edrisz k\u00e9k - T\u00e1jkert\u00e9sz\" \/>\n<meta property=\"og:description\" content=\"Iris reticulata Harmony - Rec\u00e9shagym\u00e1j\u00fa \u00edrisz k\u00e9k t\u00f6rpe n\u00f6veked\u00e9s\u0171, kor\u00e1n ny\u00edl\u00f3 k\u00e9k \u00edrisz vir\u00e1ghagyma sziklakertekbe \u00e9s balkonra. \u00dcltethet\u0151 \u0151sszel, t\u00e9l\u00e1ll\u00f3.\" \/>\n<meta property=\"og:url\" content=\"https:\/\/tajkertesz.com\/en_US\/product\/iris-reticulata-harmony-receshagymaju-irisz-kek\/\" \/>\n<meta property=\"og:site_name\" content=\"T\u00e1jkert\u00e9sz\" \/>\n<meta property=\"article:publisher\" content=\"https:\/\/www.facebook.com\/Tajkertesz\/\" \/>\n<meta property=\"article:modified_time\" content=\"2025-11-04T11:57:09+00:00\" \/>\n<meta property=\"og:image\" content=\"https:\/\/tajkertesz.com\/wp-content\/uploads\/2021\/08\/Iris_reticulata.jpg\" \/>\n\t<meta property=\"og:image:width\" content=\"381\" \/>\n\t<meta property=\"og:image:height\" content=\"600\" \/>\n\t<meta property=\"og:image:type\" content=\"image\/jpeg\" \/>\n<meta name=\"twitter:card\" content=\"summary_large_image\" \/>\n<meta name=\"twitter:label1\" content=\"Est. reading time\" \/>\n\t<meta name=\"twitter:data1\" content=\"3 minutes\" \/>\n<script type=\"application\/ld+json\" class=\"yoast-schema-graph\">{\"@context\":\"https:\\\/\\\/schema.org\",\"@graph\":[{\"@type\":\"WebPage\",\"@id\":\"https:\\\/\\\/tajkertesz.com\\\/termek\\\/iris-reticulata-harmony-receshagymaju-irisz-kek\\\/\",\"url\":\"https:\\\/\\\/tajkertesz.com\\\/termek\\\/iris-reticulata-harmony-receshagymaju-irisz-kek\\\/\",\"name\":\"Iris reticulata Harmony - Rec\u00e9shagym\u00e1j\u00fa \u00edrisz k\u00e9k - T\u00e1jkert\u00e9sz\",\"isPartOf\":{\"@id\":\"https:\\\/\\\/tajkertesz.com\\\/#website\"},\"primaryImageOfPage\":{\"@id\":\"https:\\\/\\\/tajkertesz.com\\\/termek\\\/iris-reticulata-harmony-receshagymaju-irisz-kek\\\/#primaryimage\"},\"image\":{\"@id\":\"https:\\\/\\\/tajkertesz.com\\\/termek\\\/iris-reticulata-harmony-receshagymaju-irisz-kek\\\/#primaryimage\"},\"thumbnailUrl\":\"https:\\\/\\\/tajkertesz.com\\\/wp-content\\\/uploads\\\/2021\\\/08\\\/Iris_reticulata.jpg\",\"datePublished\":\"2021-08-18T07:04:50+00:00\",\"dateModified\":\"2025-11-04T11:57:09+00:00\",\"description\":\"Iris reticulata Harmony - Rec\u00e9shagym\u00e1j\u00fa \u00edrisz k\u00e9k t\u00f6rpe n\u00f6veked\u00e9s\u0171, kor\u00e1n ny\u00edl\u00f3 k\u00e9k \u00edrisz vir\u00e1ghagyma sziklakertekbe \u00e9s balkonra. \u00dcltethet\u0151 \u0151sszel, t\u00e9l\u00e1ll\u00f3.\",\"breadcrumb\":{\"@id\":\"https:\\\/\\\/tajkertesz.com\\\/termek\\\/iris-reticulata-harmony-receshagymaju-irisz-kek\\\/#breadcrumb\"},\"inLanguage\":\"en-US\",\"potentialAction\":[{\"@type\":\"ReadAction\",\"target\":[\"https:\\\/\\\/tajkertesz.com\\\/termek\\\/iris-reticulata-harmony-receshagymaju-irisz-kek\\\/\"]}]},{\"@type\":\"ImageObject\",\"inLanguage\":\"en-US\",\"@id\":\"https:\\\/\\\/tajkertesz.com\\\/termek\\\/iris-reticulata-harmony-receshagymaju-irisz-kek\\\/#primaryimage\",\"url\":\"https:\\\/\\\/tajkertesz.com\\\/wp-content\\\/uploads\\\/2021\\\/08\\\/Iris_reticulata.jpg\",\"contentUrl\":\"https:\\\/\\\/tajkertesz.com\\\/wp-content\\\/uploads\\\/2021\\\/08\\\/Iris_reticulata.jpg\",\"width\":381,\"height\":600,\"caption\":\"iris, rec\u00e9shagym\u00e1j\u00fa \u00edrisz, k\u00e9k \u00edrisz, tavaszi vir\u00e1ghagyma, kor\u00e1n ny\u00edl\u00f3 vir\u00e1g, sziklakerti n\u00f6v\u00e9ny, t\u00e9l\u00e1ll\u00f3, kis termet\u0171 hagyma, Harmony \u00edrisz\"},{\"@type\":\"BreadcrumbList\",\"@id\":\"https:\\\/\\\/tajkertesz.com\\\/termek\\\/iris-reticulata-harmony-receshagymaju-irisz-kek\\\/#breadcrumb\",\"itemListElement\":[{\"@type\":\"ListItem\",\"position\":1,\"name\":\"Home\",\"item\":\"https:\\\/\\\/tajkertesz.com\\\/\"},{\"@type\":\"ListItem\",\"position\":2,\"name\":\"Kezd\u0151lap\",\"item\":\"https:\\\/\\\/tajkertesz.com\\\/\"},{\"@type\":\"ListItem\",\"position\":3,\"name\":\"Iris reticulata Harmony &#8211; Rec\u00e9shagym\u00e1j\u00fa \u00edrisz k\u00e9k\"}]},{\"@type\":\"WebSite\",\"@id\":\"https:\\\/\\\/tajkertesz.com\\\/#website\",\"url\":\"https:\\\/\\\/tajkertesz.com\\\/\",\"name\":\"T\u00e1j-Kert\u00e9sz 84 Kft.\",\"description\":\"Kert\u00e9szeti kis- \u00e9s nagykeresked\u00e9s, D\u00edszn\u00f6v\u00e9ny web\u00e1ruh\u00e1z orsz\u00e1gos h\u00e1zhozsz\u00e1ll\u00edt\u00e1ssal!\",\"publisher\":{\"@id\":\"https:\\\/\\\/tajkertesz.com\\\/#organization\"},\"potentialAction\":[{\"@type\":\"SearchAction\",\"target\":{\"@type\":\"EntryPoint\",\"urlTemplate\":\"https:\\\/\\\/tajkertesz.com\\\/?s={search_term_string}\"},\"query-input\":{\"@type\":\"PropertyValueSpecification\",\"valueRequired\":true,\"valueName\":\"search_term_string\"}}],\"inLanguage\":\"en-US\"},{\"@type\":\"Organization\",\"@id\":\"https:\\\/\\\/tajkertesz.com\\\/#organization\",\"name\":\"T\u00e1j-Kert\u00e9sz 84 Kft.\",\"url\":\"https:\\\/\\\/tajkertesz.com\\\/\",\"logo\":{\"@type\":\"ImageObject\",\"inLanguage\":\"en-US\",\"@id\":\"https:\\\/\\\/tajkertesz.com\\\/#\\\/schema\\\/logo\\\/image\\\/\",\"url\":\"https:\\\/\\\/tajkertesz.com\\\/wp-content\\\/uploads\\\/2018\\\/02\\\/logo-2-e1518678052539.png\",\"contentUrl\":\"https:\\\/\\\/tajkertesz.com\\\/wp-content\\\/uploads\\\/2018\\\/02\\\/logo-2-e1518678052539.png\",\"width\":81,\"height\":140,\"caption\":\"T\u00e1j-Kert\u00e9sz 84 Kft.\"},\"image\":{\"@id\":\"https:\\\/\\\/tajkertesz.com\\\/#\\\/schema\\\/logo\\\/image\\\/\"},\"sameAs\":[\"https:\\\/\\\/www.facebook.com\\\/Tajkertesz\\\/\"]}]}<\/script>\n<!-- \/ Yoast SEO plugin. -->","yoast_head_json":{"title":"Iris reticulata Harmony - Rec\u00e9shagym\u00e1j\u00fa \u00edrisz k\u00e9k - T\u00e1jkert\u00e9sz","description":"Iris reticulata Harmony - Rec\u00e9shagym\u00e1j\u00fa \u00edrisz k\u00e9k t\u00f6rpe n\u00f6veked\u00e9s\u0171, kor\u00e1n ny\u00edl\u00f3 k\u00e9k \u00edrisz vir\u00e1ghagyma sziklakertekbe \u00e9s balkonra. \u00dcltethet\u0151 \u0151sszel, t\u00e9l\u00e1ll\u00f3.","robots":{"index":"index","follow":"follow","max-snippet":"max-snippet:-1","max-image-preview":"max-image-preview:large","max-video-preview":"max-video-preview:-1"},"canonical":"https:\/\/tajkertesz.com\/en_US\/product\/iris-reticulata-harmony-receshagymaju-irisz-kek\/","og_locale":"en_US","og_type":"article","og_title":"Iris reticulata Harmony - Rec\u00e9shagym\u00e1j\u00fa \u00edrisz k\u00e9k - T\u00e1jkert\u00e9sz","og_description":"Iris reticulata Harmony - Rec\u00e9shagym\u00e1j\u00fa \u00edrisz k\u00e9k t\u00f6rpe n\u00f6veked\u00e9s\u0171, kor\u00e1n ny\u00edl\u00f3 k\u00e9k \u00edrisz vir\u00e1ghagyma sziklakertekbe \u00e9s balkonra. \u00dcltethet\u0151 \u0151sszel, t\u00e9l\u00e1ll\u00f3.","og_url":"https:\/\/tajkertesz.com\/en_US\/product\/iris-reticulata-harmony-receshagymaju-irisz-kek\/","og_site_name":"T\u00e1jkert\u00e9sz","article_publisher":"https:\/\/www.facebook.com\/Tajkertesz\/","article_modified_time":"2025-11-04T11:57:09+00:00","og_image":[{"width":381,"height":600,"url":"https:\/\/tajkertesz.com\/wp-content\/uploads\/2021\/08\/Iris_reticulata.jpg","type":"image\/jpeg"}],"twitter_card":"summary_large_image","twitter_misc":{"Est. reading time":"3 minutes"},"schema":{"@context":"https:\/\/schema.org","@graph":[{"@type":"WebPage","@id":"https:\/\/tajkertesz.com\/termek\/iris-reticulata-harmony-receshagymaju-irisz-kek\/","url":"https:\/\/tajkertesz.com\/termek\/iris-reticulata-harmony-receshagymaju-irisz-kek\/","name":"Iris reticulata Harmony - Rec\u00e9shagym\u00e1j\u00fa \u00edrisz k\u00e9k - T\u00e1jkert\u00e9sz","isPartOf":{"@id":"https:\/\/tajkertesz.com\/#website"},"primaryImageOfPage":{"@id":"https:\/\/tajkertesz.com\/termek\/iris-reticulata-harmony-receshagymaju-irisz-kek\/#primaryimage"},"image":{"@id":"https:\/\/tajkertesz.com\/termek\/iris-reticulata-harmony-receshagymaju-irisz-kek\/#primaryimage"},"thumbnailUrl":"https:\/\/tajkertesz.com\/wp-content\/uploads\/2021\/08\/Iris_reticulata.jpg","datePublished":"2021-08-18T07:04:50+00:00","dateModified":"2025-11-04T11:57:09+00:00","description":"Iris reticulata Harmony - Rec\u00e9shagym\u00e1j\u00fa \u00edrisz k\u00e9k t\u00f6rpe n\u00f6veked\u00e9s\u0171, kor\u00e1n ny\u00edl\u00f3 k\u00e9k \u00edrisz vir\u00e1ghagyma sziklakertekbe \u00e9s balkonra. \u00dcltethet\u0151 \u0151sszel, t\u00e9l\u00e1ll\u00f3.","breadcrumb":{"@id":"https:\/\/tajkertesz.com\/termek\/iris-reticulata-harmony-receshagymaju-irisz-kek\/#breadcrumb"},"inLanguage":"en-US","potentialAction":[{"@type":"ReadAction","target":["https:\/\/tajkertesz.com\/termek\/iris-reticulata-harmony-receshagymaju-irisz-kek\/"]}]},{"@type":"ImageObject","inLanguage":"en-US","@id":"https:\/\/tajkertesz.com\/termek\/iris-reticulata-harmony-receshagymaju-irisz-kek\/#primaryimage","url":"https:\/\/tajkertesz.com\/wp-content\/uploads\/2021\/08\/Iris_reticulata.jpg","contentUrl":"https:\/\/tajkertesz.com\/wp-content\/uploads\/2021\/08\/Iris_reticulata.jpg","width":381,"height":600,"caption":"iris, rec\u00e9shagym\u00e1j\u00fa \u00edrisz, k\u00e9k \u00edrisz, tavaszi vir\u00e1ghagyma, kor\u00e1n ny\u00edl\u00f3 vir\u00e1g, sziklakerti n\u00f6v\u00e9ny, t\u00e9l\u00e1ll\u00f3, kis termet\u0171 hagyma, Harmony \u00edrisz"},{"@type":"BreadcrumbList","@id":"https:\/\/tajkertesz.com\/termek\/iris-reticulata-harmony-receshagymaju-irisz-kek\/#breadcrumb","itemListElement":[{"@type":"ListItem","position":1,"name":"Home","item":"https:\/\/tajkertesz.com\/"},{"@type":"ListItem","position":2,"name":"Kezd\u0151lap","item":"https:\/\/tajkertesz.com\/"},{"@type":"ListItem","position":3,"name":"Iris reticulata Harmony &#8211; Rec\u00e9shagym\u00e1j\u00fa \u00edrisz k\u00e9k"}]},{"@type":"WebSite","@id":"https:\/\/tajkertesz.com\/#website","url":"https:\/\/tajkertesz.com\/","name":"T\u00e1j-Kert\u00e9sz 84 Kft.","description":"Kert\u00e9szeti kis- \u00e9s nagykeresked\u00e9s, D\u00edszn\u00f6v\u00e9ny web\u00e1ruh\u00e1z orsz\u00e1gos h\u00e1zhozsz\u00e1ll\u00edt\u00e1ssal!","publisher":{"@id":"https:\/\/tajkertesz.com\/#organization"},"potentialAction":[{"@type":"SearchAction","target":{"@type":"EntryPoint","urlTemplate":"https:\/\/tajkertesz.com\/?s={search_term_string}"},"query-input":{"@type":"PropertyValueSpecification","valueRequired":true,"valueName":"search_term_string"}}],"inLanguage":"en-US"},{"@type":"Organization","@id":"https:\/\/tajkertesz.com\/#organization","name":"T\u00e1j-Kert\u00e9sz 84 Kft.","url":"https:\/\/tajkertesz.com\/","logo":{"@type":"ImageObject","inLanguage":"en-US","@id":"https:\/\/tajkertesz.com\/#\/schema\/logo\/image\/","url":"https:\/\/tajkertesz.com\/wp-content\/uploads\/2018\/02\/logo-2-e1518678052539.png","contentUrl":"https:\/\/tajkertesz.com\/wp-content\/uploads\/2018\/02\/logo-2-e1518678052539.png","width":81,"height":140,"caption":"T\u00e1j-Kert\u00e9sz 84 Kft."},"image":{"@id":"https:\/\/tajkertesz.com\/#\/schema\/logo\/image\/"},"sameAs":["https:\/\/www.facebook.com\/Tajkertesz\/"]}]}},"_links":{"self":[{"href":"https:\/\/tajkertesz.com\/en_US\/wp-json\/wp\/v2\/product\/8131","targetHints":{"allow":["GET"]}}],"collection":[{"href":"https:\/\/tajkertesz.com\/en_US\/wp-json\/wp\/v2\/product"}],"about":[{"href":"https:\/\/tajkertesz.com\/en_US\/wp-json\/wp\/v2\/types\/product"}],"wp:featuredmedia":[{"embeddable":true,"href":"https:\/\/tajkertesz.com\/en_US\/wp-json\/wp\/v2\/media\/8132"}],"wp:attachment":[{"href":"https:\/\/tajkertesz.com\/en_US\/wp-json\/wp\/v2\/media?parent=8131"}],"wp:term":[{"taxonomy":"product_brand","embeddable":true,"href":"https:\/\/tajkertesz.com\/en_US\/wp-json\/wp\/v2\/product_brand?post=8131"},{"taxonomy":"product_cat","embeddable":true,"href":"https:\/\/tajkertesz.com\/en_US\/wp-json\/wp\/v2\/product_cat?post=8131"},{"taxonomy":"product_tag","embeddable":true,"href":"https:\/\/tajkertesz.com\/en_US\/wp-json\/wp\/v2\/product_tag?post=8131"}],"curies":[{"name":"wp","href":"https:\/\/api.w.org\/{rel}","templated":true}]}}